{"id":10112,"date":"2026-03-30T14:13:47","date_gmt":"2026-03-30T14:13:47","guid":{"rendered":"https:\/\/www.funfetti.shop\/?post_type=product&#038;p=10112"},"modified":"2026-04-01T15:29:35","modified_gmt":"2026-04-01T15:29:35","slug":"boschroom-wandplank-hoek-roze","status":"publish","type":"product","link":"https:\/\/www.funfetti.shop\/de\/product\/boschroom-wandplank-corner-roze\/","title":{"rendered":"Boschroom Wandregal Ecke Rosa"},"content":{"rendered":"<h3 data-section-id=\"3fjp07\" data-start=\"1695\" data-end=\"1748\">Boschroom Wandregal Ecke Rosa<\/h3>\n<p data-start=\"1750\" data-end=\"1809\"><strong data-start=\"1750\" data-end=\"1809\">Als ob ein kleines Kunstwerk pl\u00f6tzlich aus deiner Wand wachsen w\u00fcrde.<\/strong><\/p>\n<p data-start=\"1811\" data-end=\"2109\">Das Boschroom Wandregal Ecke Rosa verleiht etwas Allt\u00e4glichem wie einem Wandregal eine verspielte und skulpturale Note. Keine gerade, vorhersehbare Form, sondern ein Objekt, das sich wie eine kleine Entdeckung in Ihrem Zuhause anf\u00fchlt. Als ob Design und Fantasie sich in der Ecke Ihrer Wand getroffen h\u00e4tten.<\/p>\n<p data-start=\"2111\" data-end=\"2420\">Die zartrosa Farbe verleiht diesem Regal einen w\u00e4rmeren und vertr\u00e4umteren Look. Die organische Form ist von Pilzen aus der Natur inspiriert, mit einer subtilen Anspielung auf die wunderbare Welt von Hieronymus Bosch. Dadurch wirkt dieses Regal weich, besonders und \u00fcberraschend zugleich. Man benutzt es als Regal, aber in Wirklichkeit ist es ebenso ein eigenst\u00e4ndiges Designobjekt.<\/p>\n<p data-start=\"2422\" data-end=\"2648\">Perfekt f\u00fcr eine kleine Vase, ein besonderes Objekt oder etwas Sch\u00f6nes, das gesehen werden darf.<\/p>\n<p data-section-id=\"1dhqvak\" data-start=\"2650\" data-end=\"2667\"><strong><em>Spezifikationen:<\/em><\/strong><\/p>\n<ul data-start=\"2669\" data-end=\"3252\">\n<li data-section-id=\"jgdmgw\" data-start=\"2669\" data-end=\"2704\"><strong><em>Produkt: Boschroom Regal Ecke<\/em><\/strong><\/li>\n<li data-section-id=\"10se7r9\" data-start=\"2705\" data-end=\"2776\"><strong><em>Material: Keramik \/ Steingut<\/em><\/strong><\/li>\n<li data-section-id=\"e2eb4d\" data-start=\"2777\" data-end=\"2844\"><strong><em>Farbe: Rosa<\/em><\/strong><\/li>\n<li data-section-id=\"15cm4ra\" data-start=\"2845\" data-end=\"2914\"><strong><em>Abmessungen: 34 x 15 x 15 cm<\/em><\/strong><\/li>\n<li data-section-id=\"19ak8f3\" data-start=\"2915\" data-end=\"3027\"><strong><em>Handgefertigt: kann kleine Unregelm\u00e4\u00dfigkeiten enthalten<\/em><\/strong><\/li>\n<li><strong><em>Hergestellt in \u2018s-Hertogenbosch<\/em><\/strong><\/li>\n<li data-section-id=\"8z31y9\" data-start=\"3028\" data-end=\"3130\"><strong><em>Einfach aufzuh\u00e4ngen durch die \u00d6ffnungen auf der R\u00fcckseite<\/em><\/strong><\/li>\n<li data-section-id=\"xn0huc\" data-start=\"3131\" data-end=\"3195\"><strong><em>Entwurf: David Derksen<\/em><\/strong><\/li>\n<li data-section-id=\"q9cf37\" data-start=\"3196\" data-end=\"3252\"><strong><em>Marke: <a href=\"https:\/\/www.funfetti.shop\/de\/produkt-kategorie\/marken-2\/cor-unum\/\">Cor Unum<\/a><\/em><\/strong><\/li>\n<\/ul>\n<hr \/>\n<p data-start=\"3254\" data-end=\"3383\"><strong data-start=\"3254\" data-end=\"3271\">FunFetti-Tipp:<\/strong> Lass nicht zu viel darauf stehen. Gerade mit einem sch\u00f6nen Objekt darauf kommt die skulpturale Form am besten zur Geltung.<\/p>\n<hr \/>\n<p>&nbsp;<\/p>","protected":false},"excerpt":{"rendered":"<p data-start=\"1449\" data-end=\"1471\"><strong data-start=\"1449\" data-end=\"1471\">Warum du das willst<\/strong><\/p>\n<ul data-start=\"1473\" data-end=\"1688\">\n<li data-section-id=\"1qm7we8\" data-start=\"1473\" data-end=\"1513\">Weil dies viel mehr ist als ein Regal<\/li>\n<li data-section-id=\"15pb93z\" data-start=\"1514\" data-end=\"1573\">Weil Kunst und Funktionalit\u00e4t hier wunderbar zusammenkommen<\/li>\n<li data-section-id=\"wu6gvf\" data-start=\"1574\" data-end=\"1628\">Weil eine vergessene Ecke pl\u00f6tzlich ein Statement wird<\/li>\n<li data-section-id=\"fmnsb\" data-start=\"1629\" data-end=\"1688\">Weil Ihr Zuhause manchmal einfach ein besonderes Objekt verdient<\/li>\n<\/ul>","protected":false},"featured_media":10136,"template":"","meta":{"neve_meta_sidebar":"","neve_meta_container":"","neve_meta_enable_content_width":"off","neve_meta_content_width":100,"neve_meta_title_alignment":"","neve_meta_author_avatar":"","neve_post_elements_order":"","neve_meta_disable_header":"","neve_meta_disable_footer":"","neve_meta_disable_title":"","neve_meta_reading_time":"","jetpack_publicize_message":"","jetpack_publicize_feature_enabled":true,"jetpack_social_post_already_shared":true,"jetpack_social_options":{"image_generator_settings":{"template":"highway","default_image_id":0,"font":"","enabled":false},"version":2}},"product_brand":[],"product_cat":[15,779,466,678,677,22,30,37,31,710,23],"product_tag":[441,661,134,662,103],"class_list":{"0":"post-10112","1":"product","2":"type-product","3":"status-publish","4":"has-post-thumbnail","6":"product_cat-allefun","7":"product_cat-art-wall","8":"product_cat-cor-unum","9":"product_cat-dutch-design","10":"product_cat-fundesign","11":"product_cat-funliving","12":"product_cat-keramiek","13":"product_cat-kids","14":"product_cat-opbergen","15":"product_cat-verantwoord-design","16":"product_cat-woondecoratie","17":"product_tag-cor-unum","18":"product_tag-david-derksen","19":"product_tag-keramiek","20":"product_tag-wandplank","21":"product_tag-wit","22":"product_shipping_class-pakket-met-track-en-trace","24":"first","25":"instock","26":"taxable","27":"shipping-taxable","28":"purchasable","29":"product-type-simple"},"yoast_head":"<!-- This site is optimized with the Yoast SEO plugin v27.4 - https:\/\/yoast.com\/product\/yoast-seo-wordpress\/ -->\n<title>Boschroom wandplank corner roze van David Derksen<\/title>\n<meta name=\"description\" content=\"De Boschroom wandplank corner wit geeft een speelse en sculpturale draai aan iets alledaags als een wandplank. Perfect voor een kleine vaas, een bijzonder object of iets moois dat gezien mag worden.\" \/>\n<meta name=\"robots\" content=\"index, follow, max-snippet:-1, max-image-preview:large, max-video-preview:-1\" \/>\n<link rel=\"canonical\" href=\"https:\/\/www.funfetti.shop\/de\/produkt\/boschroom-wandplank-hoek-roze\/\" \/>\n<meta property=\"og:locale\" content=\"de_DE\" \/>\n<meta property=\"og:type\" content=\"article\" \/>\n<meta property=\"og:title\" content=\"Boschroom wandplank corner roze van David Derksen\" \/>\n<meta property=\"og:description\" content=\"De Boschroom wandplank corner wit geeft een speelse en sculpturale draai aan iets alledaags als een wandplank. Perfect voor een kleine vaas, een bijzonder object of iets moois dat gezien mag worden.\" \/>\n<meta property=\"og:url\" content=\"https:\/\/www.funfetti.shop\/de\/produkt\/boschroom-wandplank-hoek-roze\/\" \/>\n<meta property=\"og:site_name\" content=\"FunFetti\" \/>\n<meta property=\"article:publisher\" content=\"https:\/\/www.facebook.com\/funfetti.shop\" \/>\n<meta property=\"article:modified_time\" content=\"2026-04-01T15:29:35+00:00\" \/>\n<meta property=\"og:image\" content=\"https:\/\/www.funfetti.shop\/wp-content\/uploads\/2026\/03\/Boschroom-corner-roze-3.jpg\" \/>\n\t<meta property=\"og:image:width\" content=\"600\" \/>\n\t<meta property=\"og:image:height\" content=\"1067\" \/>\n\t<meta property=\"og:image:type\" content=\"image\/jpeg\" \/>\n<meta name=\"twitter:card\" content=\"summary_large_image\" \/>\n<meta name=\"twitter:label1\" content=\"Gesch\u00e4tzte Lesezeit\" \/>\n\t<meta name=\"twitter:data1\" content=\"2\u00a0Minuten\" \/>\n<script type=\"application\/ld+json\" class=\"yoast-schema-graph\">{\"@context\":\"https:\\\/\\\/schema.org\",\"@graph\":[{\"@type\":\"WebPage\",\"@id\":\"https:\\\/\\\/www.funfetti.shop\\\/product\\\/boschroom-wandplank-corner-roze\\\/\",\"url\":\"https:\\\/\\\/www.funfetti.shop\\\/product\\\/boschroom-wandplank-corner-roze\\\/\",\"name\":\"Boschroom wandplank corner roze van David Derksen\",\"isPartOf\":{\"@id\":\"https:\\\/\\\/www.funfetti.shop\\\/#website\"},\"primaryImageOfPage\":{\"@id\":\"https:\\\/\\\/www.funfetti.shop\\\/product\\\/boschroom-wandplank-corner-roze\\\/#primaryimage\"},\"image\":{\"@id\":\"https:\\\/\\\/www.funfetti.shop\\\/product\\\/boschroom-wandplank-corner-roze\\\/#primaryimage\"},\"thumbnailUrl\":\"https:\\\/\\\/www.funfetti.shop\\\/wp-content\\\/uploads\\\/2026\\\/03\\\/Boschroom-corner-roze-3.jpg\",\"datePublished\":\"2026-03-30T14:13:47+00:00\",\"dateModified\":\"2026-04-01T15:29:35+00:00\",\"description\":\"De Boschroom wandplank corner wit geeft een speelse en sculpturale draai aan iets alledaags als een wandplank. Perfect voor een kleine vaas, een bijzonder object of iets moois dat gezien mag worden.\",\"breadcrumb\":{\"@id\":\"https:\\\/\\\/www.funfetti.shop\\\/product\\\/boschroom-wandplank-corner-roze\\\/#breadcrumb\"},\"inLanguage\":\"de\",\"potentialAction\":[{\"@type\":\"ReadAction\",\"target\":[\"https:\\\/\\\/www.funfetti.shop\\\/product\\\/boschroom-wandplank-corner-roze\\\/\"]}]},{\"@type\":\"ImageObject\",\"inLanguage\":\"de\",\"@id\":\"https:\\\/\\\/www.funfetti.shop\\\/product\\\/boschroom-wandplank-corner-roze\\\/#primaryimage\",\"url\":\"https:\\\/\\\/www.funfetti.shop\\\/wp-content\\\/uploads\\\/2026\\\/03\\\/Boschroom-corner-roze-3.jpg\",\"contentUrl\":\"https:\\\/\\\/www.funfetti.shop\\\/wp-content\\\/uploads\\\/2026\\\/03\\\/Boschroom-corner-roze-3.jpg\",\"width\":600,\"height\":1067,\"caption\":\"Boschroom - David Derksen - Cor Unum\"},{\"@type\":\"BreadcrumbList\",\"@id\":\"https:\\\/\\\/www.funfetti.shop\\\/product\\\/boschroom-wandplank-corner-roze\\\/#breadcrumb\",\"itemListElement\":[{\"@type\":\"ListItem\",\"position\":1,\"name\":\"Home\",\"item\":\"https:\\\/\\\/www.funfetti.shop\\\/\"},{\"@type\":\"ListItem\",\"position\":2,\"name\":\"Winkel\",\"item\":\"https:\\\/\\\/www.funfetti.shop\\\/winkel\\\/\"},{\"@type\":\"ListItem\",\"position\":3,\"name\":\"Boschroom wandplank corner roze\"}]},{\"@type\":\"WebSite\",\"@id\":\"https:\\\/\\\/www.funfetti.shop\\\/#website\",\"url\":\"https:\\\/\\\/www.funfetti.shop\\\/\",\"name\":\"FunFetti\",\"description\":\"a curated mix of gifts, home d\u00e9cor and design\",\"publisher\":{\"@id\":\"https:\\\/\\\/www.funfetti.shop\\\/#organization\"},\"potentialAction\":[{\"@type\":\"SearchAction\",\"target\":{\"@type\":\"EntryPoint\",\"urlTemplate\":\"https:\\\/\\\/www.funfetti.shop\\\/?s={search_term_string}\"},\"query-input\":{\"@type\":\"PropertyValueSpecification\",\"valueRequired\":true,\"valueName\":\"search_term_string\"}}],\"inLanguage\":\"de\"},{\"@type\":\"Organization\",\"@id\":\"https:\\\/\\\/www.funfetti.shop\\\/#organization\",\"name\":\"FunFetti\",\"url\":\"https:\\\/\\\/www.funfetti.shop\\\/\",\"logo\":{\"@type\":\"ImageObject\",\"inLanguage\":\"de\",\"@id\":\"https:\\\/\\\/www.funfetti.shop\\\/#\\\/schema\\\/logo\\\/image\\\/\",\"url\":\"https:\\\/\\\/i0.wp.com\\\/www.funfetti.shop\\\/wp-content\\\/uploads\\\/2021\\\/11\\\/cropped-LOGO-WP-2021.png?fit=2000%2C171&ssl=1\",\"contentUrl\":\"https:\\\/\\\/i0.wp.com\\\/www.funfetti.shop\\\/wp-content\\\/uploads\\\/2021\\\/11\\\/cropped-LOGO-WP-2021.png?fit=2000%2C171&ssl=1\",\"width\":2000,\"height\":171,\"caption\":\"FunFetti\"},\"image\":{\"@id\":\"https:\\\/\\\/www.funfetti.shop\\\/#\\\/schema\\\/logo\\\/image\\\/\"},\"sameAs\":[\"https:\\\/\\\/www.facebook.com\\\/funfetti.shop\",\"https:\\\/\\\/www.instagram.com\\\/funfetti.shop\\\/\",\"https:\\\/\\\/nl.pinterest.com\\\/funfettiforever\\\/\"]}]}<\/script>\n<!-- \/ Yoast SEO plugin. -->","yoast_head_json":{"title":"Boschroom Wandregal Ecke Rosa von David Derksen","description":"Das Boschroom Wandregal Ecke wei\u00df verleiht etwas Allt\u00e4glichem wie einem Wandregal eine verspielte und skulpturale Note. Perfekt f\u00fcr eine kleine Vase, ein besonderes Objekt oder etwas Sch\u00f6nes, das gesehen werden darf.","robots":{"index":"index","follow":"follow","max-snippet":"max-snippet:-1","max-image-preview":"max-image-preview:large","max-video-preview":"max-video-preview:-1"},"canonical":"https:\/\/www.funfetti.shop\/de\/produkt\/boschroom-wandplank-hoek-roze\/","og_locale":"de_DE","og_type":"article","og_title":"Boschroom wandplank corner roze van David Derksen","og_description":"De Boschroom wandplank corner wit geeft een speelse en sculpturale draai aan iets alledaags als een wandplank. Perfect voor een kleine vaas, een bijzonder object of iets moois dat gezien mag worden.","og_url":"https:\/\/www.funfetti.shop\/de\/produkt\/boschroom-wandplank-hoek-roze\/","og_site_name":"FunFetti","article_publisher":"https:\/\/www.facebook.com\/funfetti.shop","article_modified_time":"2026-04-01T15:29:35+00:00","og_image":[{"width":600,"height":1067,"url":"https:\/\/www.funfetti.shop\/wp-content\/uploads\/2026\/03\/Boschroom-corner-roze-3.jpg","type":"image\/jpeg"}],"twitter_card":"summary_large_image","twitter_misc":{"Gesch\u00e4tzte Lesezeit":"2\u00a0Minuten"},"schema":{"@context":"https:\/\/schema.org","@graph":[{"@type":"WebPage","@id":"https:\/\/www.funfetti.shop\/product\/boschroom-wandplank-corner-roze\/","url":"https:\/\/www.funfetti.shop\/product\/boschroom-wandplank-corner-roze\/","name":"Boschroom Wandregal Ecke Rosa von David Derksen","isPartOf":{"@id":"https:\/\/www.funfetti.shop\/#website"},"primaryImageOfPage":{"@id":"https:\/\/www.funfetti.shop\/product\/boschroom-wandplank-corner-roze\/#primaryimage"},"image":{"@id":"https:\/\/www.funfetti.shop\/product\/boschroom-wandplank-corner-roze\/#primaryimage"},"thumbnailUrl":"https:\/\/www.funfetti.shop\/wp-content\/uploads\/2026\/03\/Boschroom-corner-roze-3.jpg","datePublished":"2026-03-30T14:13:47+00:00","dateModified":"2026-04-01T15:29:35+00:00","description":"Das Boschroom Wandregal Ecke wei\u00df verleiht etwas Allt\u00e4glichem wie einem Wandregal eine verspielte und skulpturale Note. Perfekt f\u00fcr eine kleine Vase, ein besonderes Objekt oder etwas Sch\u00f6nes, das gesehen werden darf.","breadcrumb":{"@id":"https:\/\/www.funfetti.shop\/product\/boschroom-wandplank-corner-roze\/#breadcrumb"},"inLanguage":"de","potentialAction":[{"@type":"ReadAction","target":["https:\/\/www.funfetti.shop\/product\/boschroom-wandplank-corner-roze\/"]}]},{"@type":"ImageObject","inLanguage":"de","@id":"https:\/\/www.funfetti.shop\/product\/boschroom-wandplank-corner-roze\/#primaryimage","url":"https:\/\/www.funfetti.shop\/wp-content\/uploads\/2026\/03\/Boschroom-corner-roze-3.jpg","contentUrl":"https:\/\/www.funfetti.shop\/wp-content\/uploads\/2026\/03\/Boschroom-corner-roze-3.jpg","width":600,"height":1067,"caption":"Boschroom - David Derksen - Cor Unum"},{"@type":"BreadcrumbList","@id":"https:\/\/www.funfetti.shop\/product\/boschroom-wandplank-corner-roze\/#breadcrumb","itemListElement":[{"@type":"ListItem","position":1,"name":"Home","item":"https:\/\/www.funfetti.shop\/"},{"@type":"ListItem","position":2,"name":"Winkel","item":"https:\/\/www.funfetti.shop\/winkel\/"},{"@type":"ListItem","position":3,"name":"Boschroom wandplank corner roze"}]},{"@type":"WebSite","@id":"https:\/\/www.funfetti.shop\/#website","url":"https:\/\/www.funfetti.shop\/","name":"FunFetti","description":"eine ausgew\u00e4hlte Mischung aus Geschenken, Wohnaccessoires und Design","publisher":{"@id":"https:\/\/www.funfetti.shop\/#organization"},"potentialAction":[{"@type":"SearchAction","target":{"@type":"EntryPoint","urlTemplate":"https:\/\/www.funfetti.shop\/?s={search_term_string}"},"query-input":{"@type":"PropertyValueSpecification","valueRequired":true,"valueName":"search_term_string"}}],"inLanguage":"de"},{"@type":"Organization","@id":"https:\/\/www.funfetti.shop\/#organization","name":"FunFetti","url":"https:\/\/www.funfetti.shop\/","logo":{"@type":"ImageObject","inLanguage":"de","@id":"https:\/\/www.funfetti.shop\/#\/schema\/logo\/image\/","url":"https:\/\/i0.wp.com\/www.funfetti.shop\/wp-content\/uploads\/2021\/11\/cropped-LOGO-WP-2021.png?fit=2000%2C171&ssl=1","contentUrl":"https:\/\/i0.wp.com\/www.funfetti.shop\/wp-content\/uploads\/2021\/11\/cropped-LOGO-WP-2021.png?fit=2000%2C171&ssl=1","width":2000,"height":171,"caption":"FunFetti"},"image":{"@id":"https:\/\/www.funfetti.shop\/#\/schema\/logo\/image\/"},"sameAs":["https:\/\/www.facebook.com\/funfetti.shop","https:\/\/www.instagram.com\/funfetti.shop\/","https:\/\/nl.pinterest.com\/funfettiforever\/"]}]}},"jetpack_publicize_connections":[],"jetpack_sharing_enabled":true,"_links":{"self":[{"href":"https:\/\/www.funfetti.shop\/de\/wp-json\/wp\/v2\/product\/10112","targetHints":{"allow":["GET"]}}],"collection":[{"href":"https:\/\/www.funfetti.shop\/de\/wp-json\/wp\/v2\/product"}],"about":[{"href":"https:\/\/www.funfetti.shop\/de\/wp-json\/wp\/v2\/types\/product"}],"wp:featuredmedia":[{"embeddable":true,"href":"https:\/\/www.funfetti.shop\/de\/wp-json\/wp\/v2\/media\/10136"}],"wp:attachment":[{"href":"https:\/\/www.funfetti.shop\/de\/wp-json\/wp\/v2\/media?parent=10112"}],"wp:term":[{"taxonomy":"product_brand","embeddable":true,"href":"https:\/\/www.funfetti.shop\/de\/wp-json\/wp\/v2\/product_brand?post=10112"},{"taxonomy":"product_cat","embeddable":true,"href":"https:\/\/www.funfetti.shop\/de\/wp-json\/wp\/v2\/product_cat?post=10112"},{"taxonomy":"product_tag","embeddable":true,"href":"https:\/\/www.funfetti.shop\/de\/wp-json\/wp\/v2\/product_tag?post=10112"}],"curies":[{"name":"wp","href":"https:\/\/api.w.org\/{rel}","templated":true}]}}