{"id":10172,"date":"2026-04-11T07:59:38","date_gmt":"2026-04-11T07:59:38","guid":{"rendered":"https:\/\/www.funfetti.shop\/?post_type=product&#038;p=10172"},"modified":"2026-04-22T17:15:51","modified_gmt":"2026-04-22T17:15:51","slug":"blumenkiste-vase-grun","status":"publish","type":"product","link":"https:\/\/www.funfetti.shop\/de\/product\/bloemen-krat-vaas-groen\/","title":{"rendered":"Blumenkiste Vase Gr\u00fcn"},"content":{"rendered":"<h1>Blumen Kiste Vase Gr\u00fcn<\/h1>\n<p>Die <strong>Blumen Kiste Vase gr\u00fcn <\/strong>ist eine fr\u00f6hliche Anspielung auf die kultige Blumenversteigerungskiste, aber f\u00fcr das eigene Zuhause! Dieses stilvolle und vielseitige Design bietet unendlich viele M\u00f6glichkeiten. Verwenden Sie den unteren Teil f\u00fcr k\u00fcrzere Blumen oder legen Sie den oberen Teil f\u00fcr l\u00e4ngere Blumen und sogar Zweige darauf. So k\u00f6nnen Sie st\u00e4ndig variieren und jedes Mal einen neuen Look kreieren.<\/p>\n<p>Diese Vase ist die perfekte Mischung aus Spa\u00df-Design und Spa\u00df-tionalit\u00e4t. In der wundersch\u00f6nen gr\u00fcnen Farbe wird sie garantiert ein echter <strong>Blickfang in Ihrem Interieur<\/strong>!<\/p>\n<p><strong>Spezifikationen:<\/strong><\/p>\n<ul>\n<li><em><strong>Besteht aus zwei Teilen<\/strong><\/em><\/li>\n<li><em><strong>Abmessungen: 28 x 25 x 43 cm<\/strong><\/em><\/li>\n<li><em><strong>Farbe: Gr\u00fcn<\/strong><\/em><\/li>\n<li><em><strong>Material: recycelter Kunststoff (PP)<\/strong><\/em><\/li>\n<li><em><strong>Entscheidung f\u00fcr die Umwelt<\/strong><\/em><\/li>\n<li><em><strong>Echtes und unverwechselbares FunDesign<\/strong><\/em><\/li>\n<li><em><strong>Auch erh\u00e4ltlich in den Farben Pink, Blau und Ton<\/strong><\/em><\/li>\n<\/ul>\n<hr \/>\n<p>Diese Vase ist ein Favorit der FunFetti-Kunden.<\/p>\n<hr \/>\n<p>&nbsp;<\/p>","protected":false},"excerpt":{"rendered":"<p>Der Blumenkasten Krat Vase gr\u00fcn ist inspiriert von einer echten holl\u00e4ndischen Versteigerungskiste, aber entworfen f\u00fcr das Zuhause! Die Vase kann auf zwei Arten verwendet werden.<\/p>","protected":false},"featured_media":10174,"template":"","meta":{"neve_meta_sidebar":"","neve_meta_container":"","neve_meta_enable_content_width":"off","neve_meta_content_width":100,"neve_meta_title_alignment":"","neve_meta_author_avatar":"","neve_post_elements_order":"","neve_meta_disable_header":"","neve_meta_disable_footer":"","neve_meta_disable_title":"","neve_meta_reading_time":"","jetpack_publicize_message":"","jetpack_publicize_feature_enabled":true,"jetpack_social_post_already_shared":true,"jetpack_social_options":{"image_generator_settings":{"template":"highway","default_image_id":0,"font":"","enabled":false},"version":2}},"product_brand":[],"product_cat":[15,677,680,22,688,316,710,685],"product_tag":[763,159,148],"class_list":{"0":"post-10172","1":"product","2":"type-product","3":"status-publish","4":"has-post-thumbnail","6":"product_cat-allefun","7":"product_cat-fundesign","8":"product_cat-fungifts","9":"product_cat-funliving","10":"product_cat-geselecteerde-producten","11":"product_cat-vazen","12":"product_cat-verantwoord-design","13":"product_cat-voor-haar","14":"product_tag-bloemenkrat","15":"product_tag-groen","16":"product_tag-vaas","17":"product_shipping_class-pakket-met-track-en-trace","19":"first","20":"instock","21":"taxable","22":"shipping-taxable","23":"purchasable","24":"product-type-simple"},"yoast_head":"<!-- This site is optimized with the Yoast SEO plugin v27.4 - https:\/\/yoast.com\/product\/yoast-seo-wordpress\/ -->\n<title>Bloemen krat vaas groen - FunFetti<\/title>\n<meta name=\"description\" content=\"De Bloemen Krat Vaas Roze is ge\u00efnspireerd op een echte Hollandse veilingkrat, maar ontworpen voor in huis! De vaas is op twee manieren te gebruiken.\" \/>\n<meta name=\"robots\" content=\"index, follow, max-snippet:-1, max-image-preview:large, max-video-preview:-1\" \/>\n<link rel=\"canonical\" href=\"https:\/\/www.funfetti.shop\/de\/produkt\/blumenkiste-vase-grun\/\" \/>\n<meta property=\"og:locale\" content=\"de_DE\" \/>\n<meta property=\"og:type\" content=\"article\" \/>\n<meta property=\"og:title\" content=\"Bloemen krat vaas groen - FunFetti\" \/>\n<meta property=\"og:description\" content=\"De Bloemen Krat Vaas Roze is ge\u00efnspireerd op een echte Hollandse veilingkrat, maar ontworpen voor in huis! De vaas is op twee manieren te gebruiken.\" \/>\n<meta property=\"og:url\" content=\"https:\/\/www.funfetti.shop\/de\/produkt\/blumenkiste-vase-grun\/\" \/>\n<meta property=\"og:site_name\" content=\"FunFetti\" \/>\n<meta property=\"article:publisher\" content=\"https:\/\/www.facebook.com\/funfetti.shop\" \/>\n<meta property=\"article:modified_time\" content=\"2026-04-22T17:15:51+00:00\" \/>\n<meta property=\"og:image\" content=\"https:\/\/www.funfetti.shop\/wp-content\/uploads\/2026\/04\/Bloemen-krat-groen.jpg\" \/>\n\t<meta property=\"og:image:width\" content=\"600\" \/>\n\t<meta property=\"og:image:height\" content=\"1067\" \/>\n\t<meta property=\"og:image:type\" content=\"image\/jpeg\" \/>\n<meta name=\"twitter:card\" content=\"summary_large_image\" \/>\n<meta name=\"twitter:label1\" content=\"Gesch\u00e4tzte Lesezeit\" \/>\n\t<meta name=\"twitter:data1\" content=\"1\u00a0Minute\" \/>\n<script type=\"application\/ld+json\" class=\"yoast-schema-graph\">{\"@context\":\"https:\\\/\\\/schema.org\",\"@graph\":[{\"@type\":\"WebPage\",\"@id\":\"https:\\\/\\\/www.funfetti.shop\\\/product\\\/bloemen-krat-vaas-groen\\\/\",\"url\":\"https:\\\/\\\/www.funfetti.shop\\\/product\\\/bloemen-krat-vaas-groen\\\/\",\"name\":\"Bloemen krat vaas groen - FunFetti\",\"isPartOf\":{\"@id\":\"https:\\\/\\\/www.funfetti.shop\\\/#website\"},\"primaryImageOfPage\":{\"@id\":\"https:\\\/\\\/www.funfetti.shop\\\/product\\\/bloemen-krat-vaas-groen\\\/#primaryimage\"},\"image\":{\"@id\":\"https:\\\/\\\/www.funfetti.shop\\\/product\\\/bloemen-krat-vaas-groen\\\/#primaryimage\"},\"thumbnailUrl\":\"https:\\\/\\\/www.funfetti.shop\\\/wp-content\\\/uploads\\\/2026\\\/04\\\/Bloemen-krat-groen.jpg\",\"datePublished\":\"2026-04-11T07:59:38+00:00\",\"dateModified\":\"2026-04-22T17:15:51+00:00\",\"description\":\"De Bloemen Krat Vaas Roze is ge\u00efnspireerd op een echte Hollandse veilingkrat, maar ontworpen voor in huis! De vaas is op twee manieren te gebruiken.\",\"breadcrumb\":{\"@id\":\"https:\\\/\\\/www.funfetti.shop\\\/product\\\/bloemen-krat-vaas-groen\\\/#breadcrumb\"},\"inLanguage\":\"de\",\"potentialAction\":[{\"@type\":\"ReadAction\",\"target\":[\"https:\\\/\\\/www.funfetti.shop\\\/product\\\/bloemen-krat-vaas-groen\\\/\"]}]},{\"@type\":\"ImageObject\",\"inLanguage\":\"de\",\"@id\":\"https:\\\/\\\/www.funfetti.shop\\\/product\\\/bloemen-krat-vaas-groen\\\/#primaryimage\",\"url\":\"https:\\\/\\\/www.funfetti.shop\\\/wp-content\\\/uploads\\\/2026\\\/04\\\/Bloemen-krat-groen.jpg\",\"contentUrl\":\"https:\\\/\\\/www.funfetti.shop\\\/wp-content\\\/uploads\\\/2026\\\/04\\\/Bloemen-krat-groen.jpg\",\"width\":600,\"height\":1067,\"caption\":\"Breadlamp - pampshade\"},{\"@type\":\"BreadcrumbList\",\"@id\":\"https:\\\/\\\/www.funfetti.shop\\\/product\\\/bloemen-krat-vaas-groen\\\/#breadcrumb\",\"itemListElement\":[{\"@type\":\"ListItem\",\"position\":1,\"name\":\"Home\",\"item\":\"https:\\\/\\\/www.funfetti.shop\\\/\"},{\"@type\":\"ListItem\",\"position\":2,\"name\":\"Winkel\",\"item\":\"https:\\\/\\\/www.funfetti.shop\\\/winkel\\\/\"},{\"@type\":\"ListItem\",\"position\":3,\"name\":\"Bloemen krat vaas groen\"}]},{\"@type\":\"WebSite\",\"@id\":\"https:\\\/\\\/www.funfetti.shop\\\/#website\",\"url\":\"https:\\\/\\\/www.funfetti.shop\\\/\",\"name\":\"FunFetti\",\"description\":\"a curated mix of gifts, home d\u00e9cor and design\",\"publisher\":{\"@id\":\"https:\\\/\\\/www.funfetti.shop\\\/#organization\"},\"potentialAction\":[{\"@type\":\"SearchAction\",\"target\":{\"@type\":\"EntryPoint\",\"urlTemplate\":\"https:\\\/\\\/www.funfetti.shop\\\/?s={search_term_string}\"},\"query-input\":{\"@type\":\"PropertyValueSpecification\",\"valueRequired\":true,\"valueName\":\"search_term_string\"}}],\"inLanguage\":\"de\"},{\"@type\":\"Organization\",\"@id\":\"https:\\\/\\\/www.funfetti.shop\\\/#organization\",\"name\":\"FunFetti\",\"url\":\"https:\\\/\\\/www.funfetti.shop\\\/\",\"logo\":{\"@type\":\"ImageObject\",\"inLanguage\":\"de\",\"@id\":\"https:\\\/\\\/www.funfetti.shop\\\/#\\\/schema\\\/logo\\\/image\\\/\",\"url\":\"https:\\\/\\\/i0.wp.com\\\/www.funfetti.shop\\\/wp-content\\\/uploads\\\/2021\\\/11\\\/cropped-LOGO-WP-2021.png?fit=2000%2C171&ssl=1\",\"contentUrl\":\"https:\\\/\\\/i0.wp.com\\\/www.funfetti.shop\\\/wp-content\\\/uploads\\\/2021\\\/11\\\/cropped-LOGO-WP-2021.png?fit=2000%2C171&ssl=1\",\"width\":2000,\"height\":171,\"caption\":\"FunFetti\"},\"image\":{\"@id\":\"https:\\\/\\\/www.funfetti.shop\\\/#\\\/schema\\\/logo\\\/image\\\/\"},\"sameAs\":[\"https:\\\/\\\/www.facebook.com\\\/funfetti.shop\",\"https:\\\/\\\/www.instagram.com\\\/funfetti.shop\\\/\",\"https:\\\/\\\/nl.pinterest.com\\\/funfettiforever\\\/\"]}]}<\/script>\n<!-- \/ Yoast SEO plugin. -->","yoast_head_json":{"title":"Blumenkiste Vase Gr\u00fcn - FunFetti","description":"Die Flower Crate Vase Pink ist von einer echten holl\u00e4ndischen Auktionskiste inspiriert, aber f\u00fcr das Haus entworfen! Die Vase kann auf zwei Arten verwendet werden.","robots":{"index":"index","follow":"follow","max-snippet":"max-snippet:-1","max-image-preview":"max-image-preview:large","max-video-preview":"max-video-preview:-1"},"canonical":"https:\/\/www.funfetti.shop\/de\/produkt\/blumenkiste-vase-grun\/","og_locale":"de_DE","og_type":"article","og_title":"Bloemen krat vaas groen - FunFetti","og_description":"De Bloemen Krat Vaas Roze is ge\u00efnspireerd op een echte Hollandse veilingkrat, maar ontworpen voor in huis! De vaas is op twee manieren te gebruiken.","og_url":"https:\/\/www.funfetti.shop\/de\/produkt\/blumenkiste-vase-grun\/","og_site_name":"FunFetti","article_publisher":"https:\/\/www.facebook.com\/funfetti.shop","article_modified_time":"2026-04-22T17:15:51+00:00","og_image":[{"width":600,"height":1067,"url":"https:\/\/www.funfetti.shop\/wp-content\/uploads\/2026\/04\/Bloemen-krat-groen.jpg","type":"image\/jpeg"}],"twitter_card":"summary_large_image","twitter_misc":{"Gesch\u00e4tzte Lesezeit":"1\u00a0Minute"},"schema":{"@context":"https:\/\/schema.org","@graph":[{"@type":"WebPage","@id":"https:\/\/www.funfetti.shop\/product\/bloemen-krat-vaas-groen\/","url":"https:\/\/www.funfetti.shop\/product\/bloemen-krat-vaas-groen\/","name":"Blumenkiste Vase Gr\u00fcn - FunFetti","isPartOf":{"@id":"https:\/\/www.funfetti.shop\/#website"},"primaryImageOfPage":{"@id":"https:\/\/www.funfetti.shop\/product\/bloemen-krat-vaas-groen\/#primaryimage"},"image":{"@id":"https:\/\/www.funfetti.shop\/product\/bloemen-krat-vaas-groen\/#primaryimage"},"thumbnailUrl":"https:\/\/www.funfetti.shop\/wp-content\/uploads\/2026\/04\/Bloemen-krat-groen.jpg","datePublished":"2026-04-11T07:59:38+00:00","dateModified":"2026-04-22T17:15:51+00:00","description":"Die Flower Crate Vase Pink ist von einer echten holl\u00e4ndischen Auktionskiste inspiriert, aber f\u00fcr das Haus entworfen! Die Vase kann auf zwei Arten verwendet werden.","breadcrumb":{"@id":"https:\/\/www.funfetti.shop\/product\/bloemen-krat-vaas-groen\/#breadcrumb"},"inLanguage":"de","potentialAction":[{"@type":"ReadAction","target":["https:\/\/www.funfetti.shop\/product\/bloemen-krat-vaas-groen\/"]}]},{"@type":"ImageObject","inLanguage":"de","@id":"https:\/\/www.funfetti.shop\/product\/bloemen-krat-vaas-groen\/#primaryimage","url":"https:\/\/www.funfetti.shop\/wp-content\/uploads\/2026\/04\/Bloemen-krat-groen.jpg","contentUrl":"https:\/\/www.funfetti.shop\/wp-content\/uploads\/2026\/04\/Bloemen-krat-groen.jpg","width":600,"height":1067,"caption":"Breadlamp - pampshade"},{"@type":"BreadcrumbList","@id":"https:\/\/www.funfetti.shop\/product\/bloemen-krat-vaas-groen\/#breadcrumb","itemListElement":[{"@type":"ListItem","position":1,"name":"Home","item":"https:\/\/www.funfetti.shop\/"},{"@type":"ListItem","position":2,"name":"Winkel","item":"https:\/\/www.funfetti.shop\/winkel\/"},{"@type":"ListItem","position":3,"name":"Bloemen krat vaas groen"}]},{"@type":"WebSite","@id":"https:\/\/www.funfetti.shop\/#website","url":"https:\/\/www.funfetti.shop\/","name":"FunFetti","description":"eine ausgew\u00e4hlte Mischung aus Geschenken, Wohnaccessoires und Design","publisher":{"@id":"https:\/\/www.funfetti.shop\/#organization"},"potentialAction":[{"@type":"SearchAction","target":{"@type":"EntryPoint","urlTemplate":"https:\/\/www.funfetti.shop\/?s={search_term_string}"},"query-input":{"@type":"PropertyValueSpecification","valueRequired":true,"valueName":"search_term_string"}}],"inLanguage":"de"},{"@type":"Organization","@id":"https:\/\/www.funfetti.shop\/#organization","name":"FunFetti","url":"https:\/\/www.funfetti.shop\/","logo":{"@type":"ImageObject","inLanguage":"de","@id":"https:\/\/www.funfetti.shop\/#\/schema\/logo\/image\/","url":"https:\/\/i0.wp.com\/www.funfetti.shop\/wp-content\/uploads\/2021\/11\/cropped-LOGO-WP-2021.png?fit=2000%2C171&ssl=1","contentUrl":"https:\/\/i0.wp.com\/www.funfetti.shop\/wp-content\/uploads\/2021\/11\/cropped-LOGO-WP-2021.png?fit=2000%2C171&ssl=1","width":2000,"height":171,"caption":"FunFetti"},"image":{"@id":"https:\/\/www.funfetti.shop\/#\/schema\/logo\/image\/"},"sameAs":["https:\/\/www.facebook.com\/funfetti.shop","https:\/\/www.instagram.com\/funfetti.shop\/","https:\/\/nl.pinterest.com\/funfettiforever\/"]}]}},"jetpack_publicize_connections":[],"jetpack_sharing_enabled":true,"_links":{"self":[{"href":"https:\/\/www.funfetti.shop\/de\/wp-json\/wp\/v2\/product\/10172","targetHints":{"allow":["GET"]}}],"collection":[{"href":"https:\/\/www.funfetti.shop\/de\/wp-json\/wp\/v2\/product"}],"about":[{"href":"https:\/\/www.funfetti.shop\/de\/wp-json\/wp\/v2\/types\/product"}],"wp:featuredmedia":[{"embeddable":true,"href":"https:\/\/www.funfetti.shop\/de\/wp-json\/wp\/v2\/media\/10174"}],"wp:attachment":[{"href":"https:\/\/www.funfetti.shop\/de\/wp-json\/wp\/v2\/media?parent=10172"}],"wp:term":[{"taxonomy":"product_brand","embeddable":true,"href":"https:\/\/www.funfetti.shop\/de\/wp-json\/wp\/v2\/product_brand?post=10172"},{"taxonomy":"product_cat","embeddable":true,"href":"https:\/\/www.funfetti.shop\/de\/wp-json\/wp\/v2\/product_cat?post=10172"},{"taxonomy":"product_tag","embeddable":true,"href":"https:\/\/www.funfetti.shop\/de\/wp-json\/wp\/v2\/product_tag?post=10172"}],"curies":[{"name":"wp","href":"https:\/\/api.w.org\/{rel}","templated":true}]}}