{"id":10255,"date":"2026-05-05T13:22:07","date_gmt":"2026-05-05T13:22:07","guid":{"rendered":"https:\/\/www.funfetti.shop\/?post_type=product&#038;p=10255"},"modified":"2026-05-08T07:03:24","modified_gmt":"2026-05-08T07:03:24","slug":"blase-stolpe-rosa","status":"publish","type":"product","link":"https:\/\/www.funfetti.shop\/de\/product\/bubble-stolp-roze\/","title":{"rendered":"Blase Stolp Rosa"},"content":{"rendered":"<h3>Blase Stolp Rosa \u2013 Jorine Oosterhoff x Funfetti<\/h3>\n<p><strong>Oehhh\u2026 dies ist so ein St\u00fcck, das sofort Atmosph\u00e4re schafft.<\/strong><\/p>\n<p>Der Bubble Stolp von Jorine Oosterhoff hat etwas Weiches, etwas Fr\u00f6hliches und etwas Herrlich Besonderes. Die Stolpform f\u00fchlt sich ruhig und elegant an, w\u00e4hrend die Blasen am Fu\u00df genau diesen spielerischen Effekt geben, zu dem Ihr Blick von selbst geht. Genau diese Kombination macht ihn so sch\u00f6n. Leicht und vertr\u00e4umt, aber dennoch ein echter Blickfang. In Rosa wird dieser Effekt nur noch st\u00e4rker. Sanfter, w\u00e4rmer und gerade ein kleines bisschen extra. So ein Objekt, das ein Regal, einen Schrank oder eine Anrichte sofort sch\u00f6ner macht. Sch\u00f6n mit etwas Kleinem darunter, aber auch ganz leer schon wundersch\u00f6n f\u00fcr sich.<\/p>\n<p>Diese rosa Variante ist <strong>exklusiv f\u00fcr FunFetti<\/strong> gemacht. Das macht ihn nicht nur sch\u00f6n anzusehen, sondern auch wirklich besonders, ihn zu Hause zu haben.<\/p>\n<p>Die Stolp entstammt der Bubble Collection von Jorine Oosterhoff, in der die verg\u00e4ngliche Sch\u00f6nheit von Seifenblasen in Keramik \u00fcbersetzt wird. Jorine selbst beschreibt diese Kollektion als das Einfangen eines fl\u00fcchtigen Augenblicks in einem zeitlosen Material. Diese vertr\u00e4umte, luftige Atmosph\u00e4re sp\u00fcrt man hier noch immer.<\/p>\n<p><strong>Spezifikationen:<\/strong><\/p>\n<ul data-start=\"2669\" data-end=\"3252\">\n<li data-section-id=\"jgdmgw\" data-start=\"2669\" data-end=\"2704\"><strong><em>Produkt: Blasen Stolp<\/em><\/strong><\/li>\n<li data-section-id=\"10se7r9\" data-start=\"2705\" data-end=\"2776\"><strong><em>Material: Keramik \/ Steingut<\/em><\/strong><\/li>\n<li data-section-id=\"e2eb4d\" data-start=\"2777\" data-end=\"2844\"><strong><em>Farbe: Rosa<\/em><\/strong><\/li>\n<li data-section-id=\"15cm4ra\" data-start=\"2845\" data-end=\"2914\"><strong><em>Abmessungen: 23 x 18 x 47 cm<\/em><\/strong><\/li>\n<li data-section-id=\"15cm4ra\" data-start=\"2845\" data-end=\"2914\"><em><strong>H\u00f6he Glas: 29 cm<\/strong><\/em><\/li>\n<li data-section-id=\"19ak8f3\" data-start=\"2915\" data-end=\"3027\"><strong><em>Handgefertigt: kann kleine Unregelm\u00e4\u00dfigkeiten enthalten<\/em><\/strong><\/li>\n<li><strong><em>Hergestellt in \u2018s-Hertogenbosch<\/em><\/strong><\/li>\n<li data-section-id=\"8z31y9\" data-start=\"3028\" data-end=\"3130\"><strong><em>Auch erh\u00e4ltlich in Wei\u00df<\/em><\/strong><\/li>\n<li data-section-id=\"xn0huc\" data-start=\"3131\" data-end=\"3195\"><strong><em>Entwurf: <a href=\"https:\/\/www.funfetti.shop\/de\/produkt-kategorie\/fundiertes-design\/designer\/jorine-oosterhoff\/\">Jorine Oosterhoff<\/a><\/em><\/strong><\/li>\n<li data-section-id=\"q9cf37\" data-start=\"3196\" data-end=\"3252\"><strong><em>Marke: <a href=\"https:\/\/www.funfetti.shop\/de\/produkt-kategorie\/marken-2\/cor-unum\/\">Cor Unum<\/a><\/em><\/strong><\/li>\n<\/ul>\n<hr \/>\n<p><strong>FunFetti-Tipp:<\/strong> Geben Sie dieser Glocke einen Platz, an dem sie wirklich gesehen werden darf. Dies ist genau ein solches St\u00fcck, das eine gew\u00f6hnliche Ecke pl\u00f6tzlich besonders macht.<\/p>\n<hr \/>\n<p>&nbsp;<\/p>","protected":false},"excerpt":{"rendered":"<p><strong>Warum Sie das wollen:<\/strong><\/p>\n<ul>\n<li>Da dies ein solches Objekt ist, das Ihr Interieur sofort weicher und sch\u00f6ner macht<\/li>\n<li>Weil diese rosa Ausf\u00fchrung exklusiv f\u00fcr FunFetti gemacht wurde<\/li>\n<li>Weil er auch ohne Inhalt schon wundersch\u00f6n steht<\/li>\n<li>Weil manche Designst\u00fccke einfach zu besonders sind, um sie verstreichen zu lassen<\/li>\n<\/ul>","protected":false},"featured_media":10258,"template":"","meta":{"neve_meta_sidebar":"","neve_meta_container":"","neve_meta_enable_content_width":"off","neve_meta_content_width":100,"neve_meta_title_alignment":"","neve_meta_author_avatar":"","neve_post_elements_order":"","neve_meta_disable_header":"","neve_meta_disable_footer":"","neve_meta_disable_title":"","neve_meta_reading_time":"","jetpack_publicize_message":"","jetpack_publicize_feature_enabled":true,"jetpack_social_post_already_shared":true,"jetpack_social_options":{"image_generator_settings":{"template":"highway","default_image_id":0,"font":"","enabled":false},"version":2}},"product_brand":[],"product_cat":[15,466,678,677,680,22,688,606,30,31,710,685,23],"product_tag":[441,451,134,155],"class_list":{"0":"post-10255","1":"product","2":"type-product","3":"status-publish","4":"has-post-thumbnail","6":"product_cat-allefun","7":"product_cat-cor-unum","8":"product_cat-dutch-design","9":"product_cat-fundesign","10":"product_cat-fungifts","11":"product_cat-funliving","12":"product_cat-geselecteerde-producten","13":"product_cat-jorine-oosterhoff","14":"product_cat-keramiek","15":"product_cat-opbergen","16":"product_cat-verantwoord-design","17":"product_cat-voor-haar","18":"product_cat-woondecoratie","19":"product_tag-cor-unum","20":"product_tag-jorine-oosterhoff","21":"product_tag-keramiek","22":"product_tag-roze","23":"product_shipping_class-pakket-met-track-en-trace","25":"first","26":"outofstock","27":"taxable","28":"shipping-taxable","29":"purchasable","30":"product-type-simple"},"yoast_head":"<!-- This site is optimized with the Yoast SEO plugin v27.5 - https:\/\/yoast.com\/product\/yoast-seo-wordpress\/ -->\n<title>Bubble Stolp Roze<\/title>\n<meta name=\"description\" content=\"Bubble Stolp Roze - Jorine Oosterhoff x Funfetti. Deze roze variant is exclusief voor FunFetti geproduceerd. Dat maakt hem niet alleen mooi om te zien, maar ook echt bijzonder om in huis te hebben.\" \/>\n<meta name=\"robots\" content=\"index, follow, max-snippet:-1, max-image-preview:large, max-video-preview:-1\" \/>\n<link rel=\"canonical\" href=\"https:\/\/www.funfetti.shop\/de\/produkt\/blase-stolpe-rosa\/\" \/>\n<meta property=\"og:locale\" content=\"de_DE\" \/>\n<meta property=\"og:type\" content=\"article\" \/>\n<meta property=\"og:title\" content=\"Bubble Stolp Roze\" \/>\n<meta property=\"og:description\" content=\"Bubble Stolp Roze - Jorine Oosterhoff x Funfetti. Deze roze variant is exclusief voor FunFetti geproduceerd. Dat maakt hem niet alleen mooi om te zien, maar ook echt bijzonder om in huis te hebben.\" \/>\n<meta property=\"og:url\" content=\"https:\/\/www.funfetti.shop\/de\/produkt\/blase-stolpe-rosa\/\" \/>\n<meta property=\"og:site_name\" content=\"FunFetti\" \/>\n<meta property=\"article:publisher\" content=\"https:\/\/www.facebook.com\/funfetti.shop\" \/>\n<meta property=\"article:modified_time\" content=\"2026-05-08T07:03:24+00:00\" \/>\n<meta property=\"og:image\" content=\"https:\/\/www.funfetti.shop\/wp-content\/uploads\/2026\/05\/Bubble-Stolp-roze-Jorine-Oosterhoff.jpg\" \/>\n\t<meta property=\"og:image:width\" content=\"600\" \/>\n\t<meta property=\"og:image:height\" content=\"1067\" \/>\n\t<meta property=\"og:image:type\" content=\"image\/jpeg\" \/>\n<meta name=\"twitter:card\" content=\"summary_large_image\" \/>\n<meta name=\"twitter:label1\" content=\"Gesch\u00e4tzte Lesezeit\" \/>\n\t<meta name=\"twitter:data1\" content=\"2\u00a0Minuten\" \/>\n<script type=\"application\/ld+json\" class=\"yoast-schema-graph\">{\"@context\":\"https:\\\/\\\/schema.org\",\"@graph\":[{\"@type\":\"WebPage\",\"@id\":\"https:\\\/\\\/www.funfetti.shop\\\/product\\\/bubble-stolp-roze\\\/\",\"url\":\"https:\\\/\\\/www.funfetti.shop\\\/product\\\/bubble-stolp-roze\\\/\",\"name\":\"Bubble Stolp Roze\",\"isPartOf\":{\"@id\":\"https:\\\/\\\/www.funfetti.shop\\\/#website\"},\"primaryImageOfPage\":{\"@id\":\"https:\\\/\\\/www.funfetti.shop\\\/product\\\/bubble-stolp-roze\\\/#primaryimage\"},\"image\":{\"@id\":\"https:\\\/\\\/www.funfetti.shop\\\/product\\\/bubble-stolp-roze\\\/#primaryimage\"},\"thumbnailUrl\":\"https:\\\/\\\/www.funfetti.shop\\\/wp-content\\\/uploads\\\/2026\\\/05\\\/Bubble-Stolp-roze-Jorine-Oosterhoff.jpg\",\"datePublished\":\"2026-05-05T13:22:07+00:00\",\"dateModified\":\"2026-05-08T07:03:24+00:00\",\"description\":\"Bubble Stolp Roze - Jorine Oosterhoff x Funfetti. Deze roze variant is exclusief voor FunFetti geproduceerd. Dat maakt hem niet alleen mooi om te zien, maar ook echt bijzonder om in huis te hebben.\",\"breadcrumb\":{\"@id\":\"https:\\\/\\\/www.funfetti.shop\\\/product\\\/bubble-stolp-roze\\\/#breadcrumb\"},\"inLanguage\":\"de\",\"potentialAction\":[{\"@type\":\"ReadAction\",\"target\":[\"https:\\\/\\\/www.funfetti.shop\\\/product\\\/bubble-stolp-roze\\\/\"]}]},{\"@type\":\"ImageObject\",\"inLanguage\":\"de\",\"@id\":\"https:\\\/\\\/www.funfetti.shop\\\/product\\\/bubble-stolp-roze\\\/#primaryimage\",\"url\":\"https:\\\/\\\/www.funfetti.shop\\\/wp-content\\\/uploads\\\/2026\\\/05\\\/Bubble-Stolp-roze-Jorine-Oosterhoff.jpg\",\"contentUrl\":\"https:\\\/\\\/www.funfetti.shop\\\/wp-content\\\/uploads\\\/2026\\\/05\\\/Bubble-Stolp-roze-Jorine-Oosterhoff.jpg\",\"width\":600,\"height\":1067,\"caption\":\"Bubble Stolp roze - Jorine Oosterhoff - FunFetti.shop\"},{\"@type\":\"BreadcrumbList\",\"@id\":\"https:\\\/\\\/www.funfetti.shop\\\/product\\\/bubble-stolp-roze\\\/#breadcrumb\",\"itemListElement\":[{\"@type\":\"ListItem\",\"position\":1,\"name\":\"Home\",\"item\":\"https:\\\/\\\/www.funfetti.shop\\\/\"},{\"@type\":\"ListItem\",\"position\":2,\"name\":\"Winkel\",\"item\":\"https:\\\/\\\/www.funfetti.shop\\\/winkel\\\/\"},{\"@type\":\"ListItem\",\"position\":3,\"name\":\"Bubble Stolp Roze\"}]},{\"@type\":\"WebSite\",\"@id\":\"https:\\\/\\\/www.funfetti.shop\\\/#website\",\"url\":\"https:\\\/\\\/www.funfetti.shop\\\/\",\"name\":\"FunFetti\",\"description\":\"a curated mix of gifts, home d\u00e9cor and design\",\"publisher\":{\"@id\":\"https:\\\/\\\/www.funfetti.shop\\\/#organization\"},\"potentialAction\":[{\"@type\":\"SearchAction\",\"target\":{\"@type\":\"EntryPoint\",\"urlTemplate\":\"https:\\\/\\\/www.funfetti.shop\\\/?s={search_term_string}\"},\"query-input\":{\"@type\":\"PropertyValueSpecification\",\"valueRequired\":true,\"valueName\":\"search_term_string\"}}],\"inLanguage\":\"de\"},{\"@type\":\"Organization\",\"@id\":\"https:\\\/\\\/www.funfetti.shop\\\/#organization\",\"name\":\"FunFetti\",\"url\":\"https:\\\/\\\/www.funfetti.shop\\\/\",\"logo\":{\"@type\":\"ImageObject\",\"inLanguage\":\"de\",\"@id\":\"https:\\\/\\\/www.funfetti.shop\\\/#\\\/schema\\\/logo\\\/image\\\/\",\"url\":\"https:\\\/\\\/i0.wp.com\\\/www.funfetti.shop\\\/wp-content\\\/uploads\\\/2021\\\/11\\\/cropped-LOGO-WP-2021.png?fit=2000%2C171&ssl=1\",\"contentUrl\":\"https:\\\/\\\/i0.wp.com\\\/www.funfetti.shop\\\/wp-content\\\/uploads\\\/2021\\\/11\\\/cropped-LOGO-WP-2021.png?fit=2000%2C171&ssl=1\",\"width\":2000,\"height\":171,\"caption\":\"FunFetti\"},\"image\":{\"@id\":\"https:\\\/\\\/www.funfetti.shop\\\/#\\\/schema\\\/logo\\\/image\\\/\"},\"sameAs\":[\"https:\\\/\\\/www.facebook.com\\\/funfetti.shop\",\"https:\\\/\\\/www.instagram.com\\\/funfetti.shop\\\/\",\"https:\\\/\\\/nl.pinterest.com\\\/funfettiforever\\\/\"]}]}<\/script>\n<!-- \/ Yoast SEO plugin. -->","yoast_head_json":{"title":"Blase Stolp Rosa","description":"Blase Stolp Rosa - Jorine Oosterhoff x Funfetti. Diese rosa Variante wird exklusiv f\u00fcr FunFetti produziert. Das macht ihn nicht nur sch\u00f6n anzusehen, sondern auch wirklich besonders, ihn im Haus zu haben.","robots":{"index":"index","follow":"follow","max-snippet":"max-snippet:-1","max-image-preview":"max-image-preview:large","max-video-preview":"max-video-preview:-1"},"canonical":"https:\/\/www.funfetti.shop\/de\/produkt\/blase-stolpe-rosa\/","og_locale":"de_DE","og_type":"article","og_title":"Bubble Stolp Roze","og_description":"Bubble Stolp Roze - Jorine Oosterhoff x Funfetti. Deze roze variant is exclusief voor FunFetti geproduceerd. Dat maakt hem niet alleen mooi om te zien, maar ook echt bijzonder om in huis te hebben.","og_url":"https:\/\/www.funfetti.shop\/de\/produkt\/blase-stolpe-rosa\/","og_site_name":"FunFetti","article_publisher":"https:\/\/www.facebook.com\/funfetti.shop","article_modified_time":"2026-05-08T07:03:24+00:00","og_image":[{"width":600,"height":1067,"url":"https:\/\/www.funfetti.shop\/wp-content\/uploads\/2026\/05\/Bubble-Stolp-roze-Jorine-Oosterhoff.jpg","type":"image\/jpeg"}],"twitter_card":"summary_large_image","twitter_misc":{"Gesch\u00e4tzte Lesezeit":"2\u00a0Minuten"},"schema":{"@context":"https:\/\/schema.org","@graph":[{"@type":"WebPage","@id":"https:\/\/www.funfetti.shop\/product\/bubble-stolp-roze\/","url":"https:\/\/www.funfetti.shop\/product\/bubble-stolp-roze\/","name":"Blase Stolp Rosa","isPartOf":{"@id":"https:\/\/www.funfetti.shop\/#website"},"primaryImageOfPage":{"@id":"https:\/\/www.funfetti.shop\/product\/bubble-stolp-roze\/#primaryimage"},"image":{"@id":"https:\/\/www.funfetti.shop\/product\/bubble-stolp-roze\/#primaryimage"},"thumbnailUrl":"https:\/\/www.funfetti.shop\/wp-content\/uploads\/2026\/05\/Bubble-Stolp-roze-Jorine-Oosterhoff.jpg","datePublished":"2026-05-05T13:22:07+00:00","dateModified":"2026-05-08T07:03:24+00:00","description":"Blase Stolp Rosa - Jorine Oosterhoff x Funfetti. Diese rosa Variante wird exklusiv f\u00fcr FunFetti produziert. Das macht ihn nicht nur sch\u00f6n anzusehen, sondern auch wirklich besonders, ihn im Haus zu haben.","breadcrumb":{"@id":"https:\/\/www.funfetti.shop\/product\/bubble-stolp-roze\/#breadcrumb"},"inLanguage":"de","potentialAction":[{"@type":"ReadAction","target":["https:\/\/www.funfetti.shop\/product\/bubble-stolp-roze\/"]}]},{"@type":"ImageObject","inLanguage":"de","@id":"https:\/\/www.funfetti.shop\/product\/bubble-stolp-roze\/#primaryimage","url":"https:\/\/www.funfetti.shop\/wp-content\/uploads\/2026\/05\/Bubble-Stolp-roze-Jorine-Oosterhoff.jpg","contentUrl":"https:\/\/www.funfetti.shop\/wp-content\/uploads\/2026\/05\/Bubble-Stolp-roze-Jorine-Oosterhoff.jpg","width":600,"height":1067,"caption":"Bubble Stolp roze - Jorine Oosterhoff - FunFetti.shop"},{"@type":"BreadcrumbList","@id":"https:\/\/www.funfetti.shop\/product\/bubble-stolp-roze\/#breadcrumb","itemListElement":[{"@type":"ListItem","position":1,"name":"Home","item":"https:\/\/www.funfetti.shop\/"},{"@type":"ListItem","position":2,"name":"Winkel","item":"https:\/\/www.funfetti.shop\/winkel\/"},{"@type":"ListItem","position":3,"name":"Bubble Stolp Roze"}]},{"@type":"WebSite","@id":"https:\/\/www.funfetti.shop\/#website","url":"https:\/\/www.funfetti.shop\/","name":"FunFetti","description":"eine ausgew\u00e4hlte Mischung aus Geschenken, Wohnaccessoires und Design","publisher":{"@id":"https:\/\/www.funfetti.shop\/#organization"},"potentialAction":[{"@type":"SearchAction","target":{"@type":"EntryPoint","urlTemplate":"https:\/\/www.funfetti.shop\/?s={search_term_string}"},"query-input":{"@type":"PropertyValueSpecification","valueRequired":true,"valueName":"search_term_string"}}],"inLanguage":"de"},{"@type":"Organization","@id":"https:\/\/www.funfetti.shop\/#organization","name":"FunFetti","url":"https:\/\/www.funfetti.shop\/","logo":{"@type":"ImageObject","inLanguage":"de","@id":"https:\/\/www.funfetti.shop\/#\/schema\/logo\/image\/","url":"https:\/\/i0.wp.com\/www.funfetti.shop\/wp-content\/uploads\/2021\/11\/cropped-LOGO-WP-2021.png?fit=2000%2C171&ssl=1","contentUrl":"https:\/\/i0.wp.com\/www.funfetti.shop\/wp-content\/uploads\/2021\/11\/cropped-LOGO-WP-2021.png?fit=2000%2C171&ssl=1","width":2000,"height":171,"caption":"FunFetti"},"image":{"@id":"https:\/\/www.funfetti.shop\/#\/schema\/logo\/image\/"},"sameAs":["https:\/\/www.facebook.com\/funfetti.shop","https:\/\/www.instagram.com\/funfetti.shop\/","https:\/\/nl.pinterest.com\/funfettiforever\/"]}]}},"jetpack_publicize_connections":[],"jetpack_sharing_enabled":true,"_links":{"self":[{"href":"https:\/\/www.funfetti.shop\/de\/wp-json\/wp\/v2\/product\/10255","targetHints":{"allow":["GET"]}}],"collection":[{"href":"https:\/\/www.funfetti.shop\/de\/wp-json\/wp\/v2\/product"}],"about":[{"href":"https:\/\/www.funfetti.shop\/de\/wp-json\/wp\/v2\/types\/product"}],"wp:featuredmedia":[{"embeddable":true,"href":"https:\/\/www.funfetti.shop\/de\/wp-json\/wp\/v2\/media\/10258"}],"wp:attachment":[{"href":"https:\/\/www.funfetti.shop\/de\/wp-json\/wp\/v2\/media?parent=10255"}],"wp:term":[{"taxonomy":"product_brand","embeddable":true,"href":"https:\/\/www.funfetti.shop\/de\/wp-json\/wp\/v2\/product_brand?post=10255"},{"taxonomy":"product_cat","embeddable":true,"href":"https:\/\/www.funfetti.shop\/de\/wp-json\/wp\/v2\/product_cat?post=10255"},{"taxonomy":"product_tag","embeddable":true,"href":"https:\/\/www.funfetti.shop\/de\/wp-json\/wp\/v2\/product_tag?post=10255"}],"curies":[{"name":"wp","href":"https:\/\/api.w.org\/{rel}","templated":true}]}}