{"id":2400,"date":"2020-05-20T10:28:17","date_gmt":"2020-05-20T10:28:17","guid":{"rendered":"https:\/\/www.funfetti.shop\/?post_type=product&#038;p=2400"},"modified":"2026-02-13T15:14:00","modified_gmt":"2026-02-13T15:14:00","slug":"ring-mit-rotem-herz","status":"publish","type":"product","link":"https:\/\/www.funfetti.shop\/de\/product\/ring-met-rood-hartje\/","title":{"rendered":"Ring mit rotem Herz"},"content":{"rendered":"<h1 data-start=\"118\" data-end=\"170\">Ring mit rotem Herz<\/h1>\n<p data-start=\"172\" data-end=\"344\">Ein kleines Herz, aber eine gro\u00dfe Wirkung. Diese <strong data-start=\"219\" data-end=\"264\">verstellbarer Ring mit rotem Herz<\/strong> ist eines dieser Schmuckst\u00fccke, die einen sofort gl\u00fccklich machen. Verspielt, aufsehenerregend und voller Liebe.<\/p>\n<p data-start=\"346\" data-end=\"584\">Das leuchtend rote Herz baumelt dezent am Ring und bewegt sich fr\u00f6hlich mit Ihnen. Das verleiht ihm das gewisse Extra an Charme. Minimalistisch, aber mit Charakter. Perfekt, um ihn solo zu tragen oder mit anderen Ringen f\u00fcr einen bunten Mix zu kombinieren.<\/p>\n<p data-start=\"586\" data-end=\"725\">Und das Beste daran? Dies ist ein <strong data-start=\"613\" data-end=\"649\">eigenes Design und eigene Produktion<\/strong>. So tragen Sie nicht irgendeinen Ring, sondern ein einzigartiges St\u00fcck FunFetti-Liebe.<\/p>\n<p data-start=\"967\" data-end=\"1100\"><strong data-start=\"970\" data-end=\"987\">Spezifikationen:<\/strong><\/p>\n<ul>\n<li data-start=\"967\" data-end=\"1100\"><strong><em>Material des Anh\u00e4ngers: Acryl-Kunststoff<\/em><\/strong><\/li>\n<li data-start=\"967\" data-end=\"1100\"><strong><em>Herzfarbe: Rot<\/em><\/strong><\/li>\n<li data-start=\"967\" data-end=\"1100\"><strong><em>Ring: Einstellbar<\/em><\/strong><\/li>\n<li data-start=\"1532\" data-end=\"1715\"><em><strong>Hergestellt in den Niederlanden<\/strong><\/em><\/li>\n<li data-start=\"1532\" data-end=\"1715\"><em><strong>Marke: <a href=\"https:\/\/www.funfetti.shop\/de\/produkt-kategorie\/marken\/funfetti\/\">FunFetti<\/a><\/strong><\/em><\/li>\n<\/ul>\n<hr \/>\n<p data-start=\"1102\" data-end=\"1253\"><strong data-start=\"1105\" data-end=\"1121\">FunFetti-Tipp: <\/strong>Kombinieren Sie ihn mit anderem farbenfrohen Schmuck f\u00fcr einen verspielten Statement-Look oder tragen Sie ihn solo als subtilen <strong>Love Vibe<\/strong> auf Ihre Hand.<\/p>\n<hr \/>\n<p data-start=\"1102\" data-end=\"1253\">","protected":false},"excerpt":{"rendered":"<p><strong data-start=\"730\" data-end=\"760\">Warum Sie dieses Exemplar brauchen<\/strong><br \/>\n- Entworfen und hergestellt in den Niederlanden<br data-start=\"789\" data-end=\"792\" \/>- Auffallend rotes Acrylherz<br data-start=\"828\" data-end=\"831\" \/>- Liebe, Liebe, Liebe!!!<br data-start=\"860\" data-end=\"863\" \/>- Verstellbarer Ring, passt also immer<br data-start=\"901\" data-end=\"904\" \/>- Perfektes Geschenk f\u00fcr sich selbst oder einen lieben Menschen<\/p>","protected":false},"featured_media":9816,"template":"","meta":{"neve_meta_sidebar":"","neve_meta_container":"","neve_meta_enable_content_width":"off","neve_meta_content_width":100,"neve_meta_title_alignment":"","neve_meta_author_avatar":"","neve_post_elements_order":"","neve_meta_disable_header":"","neve_meta_disable_footer":"","neve_meta_disable_title":"","neve_meta_reading_time":"","jetpack_publicize_message":"","jetpack_publicize_feature_enabled":true,"jetpack_social_post_already_shared":true,"jetpack_social_options":{"image_generator_settings":{"template":"highway","default_image_id":0,"font":"","enabled":false},"version":2}},"product_brand":[825],"product_cat":[15,468,680,41,38,686,685],"product_tag":[826,827,105,347],"class_list":{"0":"post-2400","1":"product","2":"type-product","3":"status-publish","4":"has-post-thumbnail","6":"product_brand-funfetti","7":"product_cat-allefun","8":"product_cat-funfetti","9":"product_cat-fungifts","10":"product_cat-ringen","11":"product_cat-sieraden","12":"product_cat-voor-fun-prijzen","13":"product_cat-voor-haar","14":"product_tag-hartje","15":"product_tag-love","16":"product_tag-ring","17":"product_tag-rood","18":"product_shipping_class-brievenbus-pakket-met-track-en-trace","20":"first","21":"instock","22":"taxable","23":"shipping-taxable","24":"purchasable","25":"product-type-simple"},"yoast_head":"<!-- This site is optimized with the Yoast SEO plugin v27.4 - https:\/\/yoast.com\/product\/yoast-seo-wordpress\/ -->\n<title>Ring met Rood Hartje - FunFetti<\/title>\n<meta name=\"description\" content=\"Een klein hartje, maar een groots effect. Deze verstelbare ring met rood hartje is zo\u2019n sieraad waar je meteen blij van wordt.\" \/>\n<meta name=\"robots\" content=\"index, follow, max-snippet:-1, max-image-preview:large, max-video-preview:-1\" \/>\n<link rel=\"canonical\" href=\"https:\/\/www.funfetti.shop\/de\/produkt\/ring-mit-rotem-herz\/\" \/>\n<meta property=\"og:locale\" content=\"de_DE\" \/>\n<meta property=\"og:type\" content=\"article\" \/>\n<meta property=\"og:title\" content=\"Ring met Rood Hartje - FunFetti\" \/>\n<meta property=\"og:description\" content=\"Een klein hartje, maar een groots effect. Deze verstelbare ring met rood hartje is zo\u2019n sieraad waar je meteen blij van wordt.\" \/>\n<meta property=\"og:url\" content=\"https:\/\/www.funfetti.shop\/de\/produkt\/ring-mit-rotem-herz\/\" \/>\n<meta property=\"og:site_name\" content=\"FunFetti\" \/>\n<meta property=\"article:publisher\" content=\"https:\/\/www.facebook.com\/funfetti.shop\" \/>\n<meta property=\"article:modified_time\" content=\"2026-02-13T15:14:00+00:00\" \/>\n<meta property=\"og:image\" content=\"https:\/\/www.funfetti.shop\/wp-content\/uploads\/2020\/05\/Hart-ring-3.jpg\" \/>\n\t<meta property=\"og:image:width\" content=\"600\" \/>\n\t<meta property=\"og:image:height\" content=\"1067\" \/>\n\t<meta property=\"og:image:type\" content=\"image\/jpeg\" \/>\n<meta name=\"twitter:card\" content=\"summary_large_image\" \/>\n<meta name=\"twitter:label1\" content=\"Gesch\u00e4tzte Lesezeit\" \/>\n\t<meta name=\"twitter:data1\" content=\"1\u00a0Minute\" \/>\n<script type=\"application\/ld+json\" class=\"yoast-schema-graph\">{\"@context\":\"https:\\\/\\\/schema.org\",\"@graph\":[{\"@type\":\"WebPage\",\"@id\":\"https:\\\/\\\/www.funfetti.shop\\\/product\\\/ring-met-rood-hartje\\\/\",\"url\":\"https:\\\/\\\/www.funfetti.shop\\\/product\\\/ring-met-rood-hartje\\\/\",\"name\":\"Ring met Rood Hartje - FunFetti\",\"isPartOf\":{\"@id\":\"https:\\\/\\\/www.funfetti.shop\\\/#website\"},\"primaryImageOfPage\":{\"@id\":\"https:\\\/\\\/www.funfetti.shop\\\/product\\\/ring-met-rood-hartje\\\/#primaryimage\"},\"image\":{\"@id\":\"https:\\\/\\\/www.funfetti.shop\\\/product\\\/ring-met-rood-hartje\\\/#primaryimage\"},\"thumbnailUrl\":\"https:\\\/\\\/www.funfetti.shop\\\/wp-content\\\/uploads\\\/2020\\\/05\\\/Hart-ring-3.jpg\",\"datePublished\":\"2020-05-20T10:28:17+00:00\",\"dateModified\":\"2026-02-13T15:14:00+00:00\",\"description\":\"Een klein hartje, maar een groots effect. Deze verstelbare ring met rood hartje is zo\u2019n sieraad waar je meteen blij van wordt.\",\"breadcrumb\":{\"@id\":\"https:\\\/\\\/www.funfetti.shop\\\/product\\\/ring-met-rood-hartje\\\/#breadcrumb\"},\"inLanguage\":\"de\",\"potentialAction\":[{\"@type\":\"ReadAction\",\"target\":[\"https:\\\/\\\/www.funfetti.shop\\\/product\\\/ring-met-rood-hartje\\\/\"]}]},{\"@type\":\"ImageObject\",\"inLanguage\":\"de\",\"@id\":\"https:\\\/\\\/www.funfetti.shop\\\/product\\\/ring-met-rood-hartje\\\/#primaryimage\",\"url\":\"https:\\\/\\\/www.funfetti.shop\\\/wp-content\\\/uploads\\\/2020\\\/05\\\/Hart-ring-3.jpg\",\"contentUrl\":\"https:\\\/\\\/www.funfetti.shop\\\/wp-content\\\/uploads\\\/2020\\\/05\\\/Hart-ring-3.jpg\",\"width\":600,\"height\":1067,\"caption\":\"Hartje Ring rood; FunFetti.shop\"},{\"@type\":\"BreadcrumbList\",\"@id\":\"https:\\\/\\\/www.funfetti.shop\\\/product\\\/ring-met-rood-hartje\\\/#breadcrumb\",\"itemListElement\":[{\"@type\":\"ListItem\",\"position\":1,\"name\":\"Home\",\"item\":\"https:\\\/\\\/www.funfetti.shop\\\/\"},{\"@type\":\"ListItem\",\"position\":2,\"name\":\"Winkel\",\"item\":\"https:\\\/\\\/www.funfetti.shop\\\/winkel\\\/\"},{\"@type\":\"ListItem\",\"position\":3,\"name\":\"Ring met Rood Hartje\"}]},{\"@type\":\"WebSite\",\"@id\":\"https:\\\/\\\/www.funfetti.shop\\\/#website\",\"url\":\"https:\\\/\\\/www.funfetti.shop\\\/\",\"name\":\"FunFetti\",\"description\":\"a curated mix of gifts, home d\u00e9cor and design\",\"publisher\":{\"@id\":\"https:\\\/\\\/www.funfetti.shop\\\/#organization\"},\"potentialAction\":[{\"@type\":\"SearchAction\",\"target\":{\"@type\":\"EntryPoint\",\"urlTemplate\":\"https:\\\/\\\/www.funfetti.shop\\\/?s={search_term_string}\"},\"query-input\":{\"@type\":\"PropertyValueSpecification\",\"valueRequired\":true,\"valueName\":\"search_term_string\"}}],\"inLanguage\":\"de\"},{\"@type\":\"Organization\",\"@id\":\"https:\\\/\\\/www.funfetti.shop\\\/#organization\",\"name\":\"FunFetti\",\"url\":\"https:\\\/\\\/www.funfetti.shop\\\/\",\"logo\":{\"@type\":\"ImageObject\",\"inLanguage\":\"de\",\"@id\":\"https:\\\/\\\/www.funfetti.shop\\\/#\\\/schema\\\/logo\\\/image\\\/\",\"url\":\"https:\\\/\\\/i0.wp.com\\\/www.funfetti.shop\\\/wp-content\\\/uploads\\\/2021\\\/11\\\/cropped-LOGO-WP-2021.png?fit=2000%2C171&ssl=1\",\"contentUrl\":\"https:\\\/\\\/i0.wp.com\\\/www.funfetti.shop\\\/wp-content\\\/uploads\\\/2021\\\/11\\\/cropped-LOGO-WP-2021.png?fit=2000%2C171&ssl=1\",\"width\":2000,\"height\":171,\"caption\":\"FunFetti\"},\"image\":{\"@id\":\"https:\\\/\\\/www.funfetti.shop\\\/#\\\/schema\\\/logo\\\/image\\\/\"},\"sameAs\":[\"https:\\\/\\\/www.facebook.com\\\/funfetti.shop\",\"https:\\\/\\\/www.instagram.com\\\/funfetti.shop\\\/\",\"https:\\\/\\\/nl.pinterest.com\\\/funfettiforever\\\/\"]}]}<\/script>\n<!-- \/ Yoast SEO plugin. -->","yoast_head_json":{"title":"Ring mit rotem Herz - FunFetti","description":"Ein kleines Herz, aber eine gro\u00dfe Wirkung. Dieser verstellbare Ring mit rotem Herz ist eines dieser Schmuckst\u00fccke, die Sie sofort gl\u00fccklich machen.","robots":{"index":"index","follow":"follow","max-snippet":"max-snippet:-1","max-image-preview":"max-image-preview:large","max-video-preview":"max-video-preview:-1"},"canonical":"https:\/\/www.funfetti.shop\/de\/produkt\/ring-mit-rotem-herz\/","og_locale":"de_DE","og_type":"article","og_title":"Ring met Rood Hartje - FunFetti","og_description":"Een klein hartje, maar een groots effect. Deze verstelbare ring met rood hartje is zo\u2019n sieraad waar je meteen blij van wordt.","og_url":"https:\/\/www.funfetti.shop\/de\/produkt\/ring-mit-rotem-herz\/","og_site_name":"FunFetti","article_publisher":"https:\/\/www.facebook.com\/funfetti.shop","article_modified_time":"2026-02-13T15:14:00+00:00","og_image":[{"width":600,"height":1067,"url":"https:\/\/www.funfetti.shop\/wp-content\/uploads\/2020\/05\/Hart-ring-3.jpg","type":"image\/jpeg"}],"twitter_card":"summary_large_image","twitter_misc":{"Gesch\u00e4tzte Lesezeit":"1\u00a0Minute"},"schema":{"@context":"https:\/\/schema.org","@graph":[{"@type":"WebPage","@id":"https:\/\/www.funfetti.shop\/product\/ring-met-rood-hartje\/","url":"https:\/\/www.funfetti.shop\/product\/ring-met-rood-hartje\/","name":"Ring mit rotem Herz - FunFetti","isPartOf":{"@id":"https:\/\/www.funfetti.shop\/#website"},"primaryImageOfPage":{"@id":"https:\/\/www.funfetti.shop\/product\/ring-met-rood-hartje\/#primaryimage"},"image":{"@id":"https:\/\/www.funfetti.shop\/product\/ring-met-rood-hartje\/#primaryimage"},"thumbnailUrl":"https:\/\/www.funfetti.shop\/wp-content\/uploads\/2020\/05\/Hart-ring-3.jpg","datePublished":"2020-05-20T10:28:17+00:00","dateModified":"2026-02-13T15:14:00+00:00","description":"Ein kleines Herz, aber eine gro\u00dfe Wirkung. Dieser verstellbare Ring mit rotem Herz ist eines dieser Schmuckst\u00fccke, die Sie sofort gl\u00fccklich machen.","breadcrumb":{"@id":"https:\/\/www.funfetti.shop\/product\/ring-met-rood-hartje\/#breadcrumb"},"inLanguage":"de","potentialAction":[{"@type":"ReadAction","target":["https:\/\/www.funfetti.shop\/product\/ring-met-rood-hartje\/"]}]},{"@type":"ImageObject","inLanguage":"de","@id":"https:\/\/www.funfetti.shop\/product\/ring-met-rood-hartje\/#primaryimage","url":"https:\/\/www.funfetti.shop\/wp-content\/uploads\/2020\/05\/Hart-ring-3.jpg","contentUrl":"https:\/\/www.funfetti.shop\/wp-content\/uploads\/2020\/05\/Hart-ring-3.jpg","width":600,"height":1067,"caption":"Hartje Ring rood; FunFetti.shop"},{"@type":"BreadcrumbList","@id":"https:\/\/www.funfetti.shop\/product\/ring-met-rood-hartje\/#breadcrumb","itemListElement":[{"@type":"ListItem","position":1,"name":"Home","item":"https:\/\/www.funfetti.shop\/"},{"@type":"ListItem","position":2,"name":"Winkel","item":"https:\/\/www.funfetti.shop\/winkel\/"},{"@type":"ListItem","position":3,"name":"Ring met Rood Hartje"}]},{"@type":"WebSite","@id":"https:\/\/www.funfetti.shop\/#website","url":"https:\/\/www.funfetti.shop\/","name":"FunFetti","description":"eine ausgew\u00e4hlte Mischung aus Geschenken, Wohnaccessoires und Design","publisher":{"@id":"https:\/\/www.funfetti.shop\/#organization"},"potentialAction":[{"@type":"SearchAction","target":{"@type":"EntryPoint","urlTemplate":"https:\/\/www.funfetti.shop\/?s={search_term_string}"},"query-input":{"@type":"PropertyValueSpecification","valueRequired":true,"valueName":"search_term_string"}}],"inLanguage":"de"},{"@type":"Organization","@id":"https:\/\/www.funfetti.shop\/#organization","name":"FunFetti","url":"https:\/\/www.funfetti.shop\/","logo":{"@type":"ImageObject","inLanguage":"de","@id":"https:\/\/www.funfetti.shop\/#\/schema\/logo\/image\/","url":"https:\/\/i0.wp.com\/www.funfetti.shop\/wp-content\/uploads\/2021\/11\/cropped-LOGO-WP-2021.png?fit=2000%2C171&ssl=1","contentUrl":"https:\/\/i0.wp.com\/www.funfetti.shop\/wp-content\/uploads\/2021\/11\/cropped-LOGO-WP-2021.png?fit=2000%2C171&ssl=1","width":2000,"height":171,"caption":"FunFetti"},"image":{"@id":"https:\/\/www.funfetti.shop\/#\/schema\/logo\/image\/"},"sameAs":["https:\/\/www.facebook.com\/funfetti.shop","https:\/\/www.instagram.com\/funfetti.shop\/","https:\/\/nl.pinterest.com\/funfettiforever\/"]}]}},"jetpack_publicize_connections":[],"jetpack_sharing_enabled":true,"_links":{"self":[{"href":"https:\/\/www.funfetti.shop\/de\/wp-json\/wp\/v2\/product\/2400","targetHints":{"allow":["GET"]}}],"collection":[{"href":"https:\/\/www.funfetti.shop\/de\/wp-json\/wp\/v2\/product"}],"about":[{"href":"https:\/\/www.funfetti.shop\/de\/wp-json\/wp\/v2\/types\/product"}],"wp:featuredmedia":[{"embeddable":true,"href":"https:\/\/www.funfetti.shop\/de\/wp-json\/wp\/v2\/media\/9816"}],"wp:attachment":[{"href":"https:\/\/www.funfetti.shop\/de\/wp-json\/wp\/v2\/media?parent=2400"}],"wp:term":[{"taxonomy":"product_brand","embeddable":true,"href":"https:\/\/www.funfetti.shop\/de\/wp-json\/wp\/v2\/product_brand?post=2400"},{"taxonomy":"product_cat","embeddable":true,"href":"https:\/\/www.funfetti.shop\/de\/wp-json\/wp\/v2\/product_cat?post=2400"},{"taxonomy":"product_tag","embeddable":true,"href":"https:\/\/www.funfetti.shop\/de\/wp-json\/wp\/v2\/product_tag?post=2400"}],"curies":[{"name":"wp","href":"https:\/\/api.w.org\/{rel}","templated":true}]}}