{"id":3610,"date":"2020-09-16T16:27:31","date_gmt":"2020-09-16T16:27:31","guid":{"rendered":"https:\/\/www.funfetti.shop\/?post_type=product&#038;p=3610"},"modified":"2026-02-22T16:40:18","modified_gmt":"2026-02-22T16:40:18","slug":"gerippte-vase","status":"publish","type":"product","link":"https:\/\/www.funfetti.shop\/de\/product\/ribbelvaas\/","title":{"rendered":"Vase Gerippt Gro\u00df"},"content":{"rendered":"<h3 data-start=\"0\" data-end=\"53\"><strong data-start=\"7\" data-end=\"53\">Vase Ribbel Large - skulptural &amp; stilvoll<\/strong><\/h3>\n<p data-start=\"55\" data-end=\"315\">Die Vase Ribbed large ist eines der Objekte, die auch ohne Blumen sofort ins Auge fallen. Das helle, mattwei\u00dfe Finish und das verspielte Rippenmuster verleihen der Vase ein skulpturales Aussehen, das an eine Stromspule erinnert. Minimalistisch, aber mit Charakter.<\/p>\n<p data-start=\"317\" data-end=\"461\">Wundersch\u00f6n mit einem farbenfrohen Strau\u00df, LEGO-Blumen oder einfach solo als Designerst\u00fcck. Erh\u00e4ltlich in zwei Gr\u00f6\u00dfen, so dass Sie sie auch perfekt zusammenstellen k\u00f6nnen.<\/p>\n<p data-start=\"463\" data-end=\"624\">Entworfen von <strong data-start=\"478\" data-end=\"519\"><span class=\"hover:entity-accent entity-underline inline cursor-pointer align-baseline\"><span class=\"whitespace-normal\">Charlotte Landsheer<\/span><\/span><\/strong> und mit Sorgfalt hergestellt bei <strong data-start=\"544\" data-end=\"585\"><span class=\"hover:entity-accent entity-underline inline cursor-pointer align-baseline\"><span class=\"whitespace-normal\">Cor Unum<\/span><\/span><\/strong> in \u2019s-Hertogenbosch. Echte Handwerkskunst, mit anderen Worten.<\/p>\n<p><strong>Spezifikationen:<\/strong><\/p>\n<ul>\n<li><strong><em>Farbe: Wei\u00df<\/em><\/strong><\/li>\n<li><strong><em>Material: Steingut<\/em><\/strong><\/li>\n<li><strong><em>Abmessungen 18 x 18 cm<\/em><\/strong><\/li>\n<li><strong><em>Designer: Charlotte Landsheer<\/em><\/strong><\/li>\n<li><strong><em>hergestellt in 's-Hertogenbosch bei <a href=\"https:\/\/www.funfetti.shop\/de\/produkt-kategorie\/marken-2\/cor-unum\/\">Cor Unum<\/a><\/em><\/strong><\/li>\n<\/ul>\n<hr \/>\n<p>Funfetti-Tipp: Kombinieren Sie die gro\u00dfe und die kleine Ribbel-Vase f\u00fcr ein verspieltes Set auf dem Tisch oder der Fensterbank. Einfach, aber super stylisch.<\/p>\n<hr \/>\n<p>&nbsp;<\/p>","protected":false},"excerpt":{"rendered":"<p><strong>Warum Sie diese brauchen:<\/strong><br data-start=\"647\" data-end=\"650\" \/>- Skulpturale gerippte Form mit Designer-Look<br data-start=\"697\" data-end=\"700\" \/>- Zeitloses mattes Wei\u00df, passt zu jeder Einrichtung<br data-start=\"741\" data-end=\"744\" \/>- Sch\u00f6n mit Blumen, Zweigen oder als loses Objekt<br data-start=\"788\" data-end=\"791\" \/>- Erh\u00e4ltlich in zwei Gr\u00f6\u00dfen, perfekt zum Kombinieren<br data-start=\"845\" data-end=\"848\" \/>- Handgefertigte Keramiken aus den Niederlanden<\/p>","protected":false},"featured_media":7373,"template":"","meta":{"neve_meta_sidebar":"","neve_meta_container":"","neve_meta_enable_content_width":"off","neve_meta_content_width":100,"neve_meta_title_alignment":"","neve_meta_author_avatar":"","neve_post_elements_order":"","neve_meta_disable_header":"","neve_meta_disable_footer":"","neve_meta_disable_title":"","neve_meta_reading_time":"","jetpack_publicize_message":"","jetpack_publicize_feature_enabled":true,"jetpack_social_post_already_shared":false,"jetpack_social_options":{"image_generator_settings":{"template":"highway","default_image_id":0,"font":"","enabled":false},"version":2}},"product_brand":[],"product_cat":[466,678,677,22,30,52,316,710,685,23],"product_tag":[441,674,148,103],"class_list":{"0":"post-3610","1":"product","2":"type-product","3":"status-publish","4":"has-post-thumbnail","6":"product_cat-cor-unum","7":"product_cat-dutch-design","8":"product_cat-fundesign","9":"product_cat-funliving","10":"product_cat-keramiek","11":"product_cat-outlet","12":"product_cat-vazen","13":"product_cat-verantwoord-design","14":"product_cat-voor-haar","15":"product_cat-woondecoratie","16":"product_tag-cor-unum","17":"product_tag-ribbel","18":"product_tag-vaas","19":"product_tag-wit","20":"product_shipping_class-pakket-met-track-en-trace","22":"first","23":"instock","24":"sale","25":"taxable","26":"shipping-taxable","27":"purchasable","28":"product-type-simple"},"yoast_head":"<!-- This site is optimized with the Yoast SEO plugin v27.4 - https:\/\/yoast.com\/product\/yoast-seo-wordpress\/ -->\n<title>Vaas ribbel large - FunFetti<\/title>\n<meta name=\"description\" content=\"Vaas ribbel large is een hele mooie, heldere, matte witte vaas die eruit ziet als een elektriciteit spoel. Verkrijgbaar in twee maten.\" \/>\n<meta name=\"robots\" content=\"index, follow, max-snippet:-1, max-image-preview:large, max-video-preview:-1\" \/>\n<link rel=\"canonical\" href=\"https:\/\/www.funfetti.shop\/de\/produkt\/gerippte-vase\/\" \/>\n<meta property=\"og:locale\" content=\"de_DE\" \/>\n<meta property=\"og:type\" content=\"article\" \/>\n<meta property=\"og:title\" content=\"Vaas ribbel large - FunFetti\" \/>\n<meta property=\"og:description\" content=\"Vaas ribbel large is een hele mooie, heldere, matte witte vaas die eruit ziet als een elektriciteit spoel. Verkrijgbaar in twee maten.\" \/>\n<meta property=\"og:url\" content=\"https:\/\/www.funfetti.shop\/de\/produkt\/gerippte-vase\/\" \/>\n<meta property=\"og:site_name\" content=\"FunFetti\" \/>\n<meta property=\"article:publisher\" content=\"https:\/\/www.facebook.com\/funfetti.shop\" \/>\n<meta property=\"article:modified_time\" content=\"2026-02-22T16:40:18+00:00\" \/>\n<meta property=\"og:image\" content=\"https:\/\/www.funfetti.shop\/wp-content\/uploads\/2020\/09\/Coil-vase-low-4.jpg\" \/>\n\t<meta property=\"og:image:width\" content=\"600\" \/>\n\t<meta property=\"og:image:height\" content=\"1067\" \/>\n\t<meta property=\"og:image:type\" content=\"image\/jpeg\" \/>\n<meta name=\"twitter:card\" content=\"summary_large_image\" \/>\n<meta name=\"twitter:label1\" content=\"Gesch\u00e4tzte Lesezeit\" \/>\n\t<meta name=\"twitter:data1\" content=\"1\u00a0Minute\" \/>\n<script type=\"application\/ld+json\" class=\"yoast-schema-graph\">{\"@context\":\"https:\\\/\\\/schema.org\",\"@graph\":[{\"@type\":\"WebPage\",\"@id\":\"https:\\\/\\\/www.funfetti.shop\\\/product\\\/ribbelvaas\\\/\",\"url\":\"https:\\\/\\\/www.funfetti.shop\\\/product\\\/ribbelvaas\\\/\",\"name\":\"Vaas ribbel large - FunFetti\",\"isPartOf\":{\"@id\":\"https:\\\/\\\/www.funfetti.shop\\\/#website\"},\"primaryImageOfPage\":{\"@id\":\"https:\\\/\\\/www.funfetti.shop\\\/product\\\/ribbelvaas\\\/#primaryimage\"},\"image\":{\"@id\":\"https:\\\/\\\/www.funfetti.shop\\\/product\\\/ribbelvaas\\\/#primaryimage\"},\"thumbnailUrl\":\"https:\\\/\\\/www.funfetti.shop\\\/wp-content\\\/uploads\\\/2020\\\/09\\\/Coil-vase-low-4.jpg\",\"datePublished\":\"2020-09-16T16:27:31+00:00\",\"dateModified\":\"2026-02-22T16:40:18+00:00\",\"description\":\"Vaas ribbel large is een hele mooie, heldere, matte witte vaas die eruit ziet als een elektriciteit spoel. Verkrijgbaar in twee maten.\",\"breadcrumb\":{\"@id\":\"https:\\\/\\\/www.funfetti.shop\\\/product\\\/ribbelvaas\\\/#breadcrumb\"},\"inLanguage\":\"de\",\"potentialAction\":[{\"@type\":\"ReadAction\",\"target\":[\"https:\\\/\\\/www.funfetti.shop\\\/product\\\/ribbelvaas\\\/\"]}]},{\"@type\":\"ImageObject\",\"inLanguage\":\"de\",\"@id\":\"https:\\\/\\\/www.funfetti.shop\\\/product\\\/ribbelvaas\\\/#primaryimage\",\"url\":\"https:\\\/\\\/www.funfetti.shop\\\/wp-content\\\/uploads\\\/2020\\\/09\\\/Coil-vase-low-4.jpg\",\"contentUrl\":\"https:\\\/\\\/www.funfetti.shop\\\/wp-content\\\/uploads\\\/2020\\\/09\\\/Coil-vase-low-4.jpg\",\"width\":600,\"height\":1067,\"caption\":\"coil vase\"},{\"@type\":\"BreadcrumbList\",\"@id\":\"https:\\\/\\\/www.funfetti.shop\\\/product\\\/ribbelvaas\\\/#breadcrumb\",\"itemListElement\":[{\"@type\":\"ListItem\",\"position\":1,\"name\":\"Home\",\"item\":\"https:\\\/\\\/www.funfetti.shop\\\/\"},{\"@type\":\"ListItem\",\"position\":2,\"name\":\"Winkel\",\"item\":\"https:\\\/\\\/www.funfetti.shop\\\/winkel\\\/\"},{\"@type\":\"ListItem\",\"position\":3,\"name\":\"Vaas Ribbel Large\"}]},{\"@type\":\"WebSite\",\"@id\":\"https:\\\/\\\/www.funfetti.shop\\\/#website\",\"url\":\"https:\\\/\\\/www.funfetti.shop\\\/\",\"name\":\"FunFetti\",\"description\":\"a curated mix of gifts, home d\u00e9cor and design\",\"publisher\":{\"@id\":\"https:\\\/\\\/www.funfetti.shop\\\/#organization\"},\"potentialAction\":[{\"@type\":\"SearchAction\",\"target\":{\"@type\":\"EntryPoint\",\"urlTemplate\":\"https:\\\/\\\/www.funfetti.shop\\\/?s={search_term_string}\"},\"query-input\":{\"@type\":\"PropertyValueSpecification\",\"valueRequired\":true,\"valueName\":\"search_term_string\"}}],\"inLanguage\":\"de\"},{\"@type\":\"Organization\",\"@id\":\"https:\\\/\\\/www.funfetti.shop\\\/#organization\",\"name\":\"FunFetti\",\"url\":\"https:\\\/\\\/www.funfetti.shop\\\/\",\"logo\":{\"@type\":\"ImageObject\",\"inLanguage\":\"de\",\"@id\":\"https:\\\/\\\/www.funfetti.shop\\\/#\\\/schema\\\/logo\\\/image\\\/\",\"url\":\"https:\\\/\\\/i0.wp.com\\\/www.funfetti.shop\\\/wp-content\\\/uploads\\\/2021\\\/11\\\/cropped-LOGO-WP-2021.png?fit=2000%2C171&ssl=1\",\"contentUrl\":\"https:\\\/\\\/i0.wp.com\\\/www.funfetti.shop\\\/wp-content\\\/uploads\\\/2021\\\/11\\\/cropped-LOGO-WP-2021.png?fit=2000%2C171&ssl=1\",\"width\":2000,\"height\":171,\"caption\":\"FunFetti\"},\"image\":{\"@id\":\"https:\\\/\\\/www.funfetti.shop\\\/#\\\/schema\\\/logo\\\/image\\\/\"},\"sameAs\":[\"https:\\\/\\\/www.facebook.com\\\/funfetti.shop\",\"https:\\\/\\\/www.instagram.com\\\/funfetti.shop\\\/\",\"https:\\\/\\\/nl.pinterest.com\\\/funfettiforever\\\/\"]}]}<\/script>\n<!-- \/ Yoast SEO plugin. -->","yoast_head_json":{"title":"Vase gerippt gro\u00df - FunFetti","description":"Vase gerippt gro\u00df ist eine sehr sch\u00f6ne, helle, mattwei\u00dfe Vase, die wie eine Stromspule aussieht. Erh\u00e4ltlich in zwei Gr\u00f6\u00dfen.","robots":{"index":"index","follow":"follow","max-snippet":"max-snippet:-1","max-image-preview":"max-image-preview:large","max-video-preview":"max-video-preview:-1"},"canonical":"https:\/\/www.funfetti.shop\/de\/produkt\/gerippte-vase\/","og_locale":"de_DE","og_type":"article","og_title":"Vaas ribbel large - FunFetti","og_description":"Vaas ribbel large is een hele mooie, heldere, matte witte vaas die eruit ziet als een elektriciteit spoel. Verkrijgbaar in twee maten.","og_url":"https:\/\/www.funfetti.shop\/de\/produkt\/gerippte-vase\/","og_site_name":"FunFetti","article_publisher":"https:\/\/www.facebook.com\/funfetti.shop","article_modified_time":"2026-02-22T16:40:18+00:00","og_image":[{"width":600,"height":1067,"url":"https:\/\/www.funfetti.shop\/wp-content\/uploads\/2020\/09\/Coil-vase-low-4.jpg","type":"image\/jpeg"}],"twitter_card":"summary_large_image","twitter_misc":{"Gesch\u00e4tzte Lesezeit":"1\u00a0Minute"},"schema":{"@context":"https:\/\/schema.org","@graph":[{"@type":"WebPage","@id":"https:\/\/www.funfetti.shop\/product\/ribbelvaas\/","url":"https:\/\/www.funfetti.shop\/product\/ribbelvaas\/","name":"Vase gerippt gro\u00df - FunFetti","isPartOf":{"@id":"https:\/\/www.funfetti.shop\/#website"},"primaryImageOfPage":{"@id":"https:\/\/www.funfetti.shop\/product\/ribbelvaas\/#primaryimage"},"image":{"@id":"https:\/\/www.funfetti.shop\/product\/ribbelvaas\/#primaryimage"},"thumbnailUrl":"https:\/\/www.funfetti.shop\/wp-content\/uploads\/2020\/09\/Coil-vase-low-4.jpg","datePublished":"2020-09-16T16:27:31+00:00","dateModified":"2026-02-22T16:40:18+00:00","description":"Vase gerippt gro\u00df ist eine sehr sch\u00f6ne, helle, mattwei\u00dfe Vase, die wie eine Stromspule aussieht. Erh\u00e4ltlich in zwei Gr\u00f6\u00dfen.","breadcrumb":{"@id":"https:\/\/www.funfetti.shop\/product\/ribbelvaas\/#breadcrumb"},"inLanguage":"de","potentialAction":[{"@type":"ReadAction","target":["https:\/\/www.funfetti.shop\/product\/ribbelvaas\/"]}]},{"@type":"ImageObject","inLanguage":"de","@id":"https:\/\/www.funfetti.shop\/product\/ribbelvaas\/#primaryimage","url":"https:\/\/www.funfetti.shop\/wp-content\/uploads\/2020\/09\/Coil-vase-low-4.jpg","contentUrl":"https:\/\/www.funfetti.shop\/wp-content\/uploads\/2020\/09\/Coil-vase-low-4.jpg","width":600,"height":1067,"caption":"coil vase"},{"@type":"BreadcrumbList","@id":"https:\/\/www.funfetti.shop\/product\/ribbelvaas\/#breadcrumb","itemListElement":[{"@type":"ListItem","position":1,"name":"Home","item":"https:\/\/www.funfetti.shop\/"},{"@type":"ListItem","position":2,"name":"Winkel","item":"https:\/\/www.funfetti.shop\/winkel\/"},{"@type":"ListItem","position":3,"name":"Vaas Ribbel Large"}]},{"@type":"WebSite","@id":"https:\/\/www.funfetti.shop\/#website","url":"https:\/\/www.funfetti.shop\/","name":"FunFetti","description":"eine ausgew\u00e4hlte Mischung aus Geschenken, Wohnaccessoires und Design","publisher":{"@id":"https:\/\/www.funfetti.shop\/#organization"},"potentialAction":[{"@type":"SearchAction","target":{"@type":"EntryPoint","urlTemplate":"https:\/\/www.funfetti.shop\/?s={search_term_string}"},"query-input":{"@type":"PropertyValueSpecification","valueRequired":true,"valueName":"search_term_string"}}],"inLanguage":"de"},{"@type":"Organization","@id":"https:\/\/www.funfetti.shop\/#organization","name":"FunFetti","url":"https:\/\/www.funfetti.shop\/","logo":{"@type":"ImageObject","inLanguage":"de","@id":"https:\/\/www.funfetti.shop\/#\/schema\/logo\/image\/","url":"https:\/\/i0.wp.com\/www.funfetti.shop\/wp-content\/uploads\/2021\/11\/cropped-LOGO-WP-2021.png?fit=2000%2C171&ssl=1","contentUrl":"https:\/\/i0.wp.com\/www.funfetti.shop\/wp-content\/uploads\/2021\/11\/cropped-LOGO-WP-2021.png?fit=2000%2C171&ssl=1","width":2000,"height":171,"caption":"FunFetti"},"image":{"@id":"https:\/\/www.funfetti.shop\/#\/schema\/logo\/image\/"},"sameAs":["https:\/\/www.facebook.com\/funfetti.shop","https:\/\/www.instagram.com\/funfetti.shop\/","https:\/\/nl.pinterest.com\/funfettiforever\/"]}]}},"jetpack_publicize_connections":[],"jetpack_sharing_enabled":true,"_links":{"self":[{"href":"https:\/\/www.funfetti.shop\/de\/wp-json\/wp\/v2\/product\/3610","targetHints":{"allow":["GET"]}}],"collection":[{"href":"https:\/\/www.funfetti.shop\/de\/wp-json\/wp\/v2\/product"}],"about":[{"href":"https:\/\/www.funfetti.shop\/de\/wp-json\/wp\/v2\/types\/product"}],"wp:featuredmedia":[{"embeddable":true,"href":"https:\/\/www.funfetti.shop\/de\/wp-json\/wp\/v2\/media\/7373"}],"wp:attachment":[{"href":"https:\/\/www.funfetti.shop\/de\/wp-json\/wp\/v2\/media?parent=3610"}],"wp:term":[{"taxonomy":"product_brand","embeddable":true,"href":"https:\/\/www.funfetti.shop\/de\/wp-json\/wp\/v2\/product_brand?post=3610"},{"taxonomy":"product_cat","embeddable":true,"href":"https:\/\/www.funfetti.shop\/de\/wp-json\/wp\/v2\/product_cat?post=3610"},{"taxonomy":"product_tag","embeddable":true,"href":"https:\/\/www.funfetti.shop\/de\/wp-json\/wp\/v2\/product_tag?post=3610"}],"curies":[{"name":"wp","href":"https:\/\/api.w.org\/{rel}","templated":true}]}}