{"id":3656,"date":"2020-09-16T18:48:46","date_gmt":"2020-09-16T18:48:46","guid":{"rendered":"https:\/\/www.funfetti.shop\/?post_type=product&#038;p=3656"},"modified":"2026-03-30T06:12:56","modified_gmt":"2026-03-30T06:12:56","slug":"vogelhaus-zugvogel","status":"publish","type":"product","link":"https:\/\/www.funfetti.shop\/de\/product\/vogelhuisje-trekvogel\/","title":{"rendered":"Vogelhaus Zugvogel"},"content":{"rendered":"<p>Vogelhuisje trekvogel ist ein echtes Vogelhaus, das du drau\u00dfen aufh\u00e4ngen kannst. Neben diesem Zugvogel-Wohnwagen gibt es noch weitere Ausf\u00fchrungen. Alle handgefertigt und sehr einzigartig.<\/p>\n<ul>\n<li><em>Farbe: sand<\/em><\/li>\n<li><em>Material: Steingut<\/em><\/li>\n<li><em>handgefertigt<\/em><\/li>\n<li><em>Abmessungen: 22 x 19 x 10 cm<\/em><\/li>\n<li><em>Entwurf: Charlotte Landsheer<\/em><\/li>\n<li><em>hergestellt in 's-Hertogenbosch bei <a href=\"https:\/\/www.funfetti.shop\/de\/produkt-kategorie\/marken-2\/cor-unum\/\">Cor Unum<\/a><\/em><\/li>\n<\/ul>","protected":false},"excerpt":{"rendered":"<p>Vogelhaus Zugvogel ist ein echtes Vogelhaus, das du draussen aufh\u00e4ngen kannst. Es gibt neben diesem Zugvogel-Wohnwagen noch weitere Ausf\u00fchrungen. Alle handgemacht und sehr einzigartig.<\/p>","protected":false},"featured_media":6658,"template":"","meta":{"neve_meta_sidebar":"","neve_meta_container":"","neve_meta_enable_content_width":"off","neve_meta_content_width":100,"neve_meta_title_alignment":"","neve_meta_author_avatar":"","neve_post_elements_order":"","neve_meta_disable_header":"","neve_meta_disable_footer":"","neve_meta_disable_title":"","neve_meta_reading_time":"","jetpack_publicize_message":"","jetpack_publicize_feature_enabled":true,"jetpack_social_post_already_shared":false,"jetpack_social_options":{"image_generator_settings":{"template":"highway","default_image_id":0,"font":"","enabled":false},"version":2}},"product_brand":[],"product_cat":[15,466,697,678,677,22,30,710,685,23],"product_tag":[441,134,148,442],"class_list":{"0":"post-3656","1":"product","2":"type-product","3":"status-publish","4":"has-post-thumbnail","6":"product_cat-allefun","7":"product_cat-cor-unum","8":"product_cat-dieren-design","9":"product_cat-dutch-design","10":"product_cat-fundesign","11":"product_cat-funliving","12":"product_cat-keramiek","13":"product_cat-verantwoord-design","14":"product_cat-voor-haar","15":"product_cat-woondecoratie","16":"product_tag-cor-unum","17":"product_tag-keramiek","18":"product_tag-vaas","19":"product_tag-vogelhuisje","20":"product_shipping_class-pakket-met-track-en-trace","22":"first","23":"instock","24":"taxable","25":"shipping-taxable","26":"purchasable","27":"product-type-simple"},"yoast_head":"<!-- This site is optimized with the Yoast SEO plugin v27.4 - https:\/\/yoast.com\/product\/yoast-seo-wordpress\/ -->\n<title>Vogelhuisje trekvogel<\/title>\n<meta name=\"description\" content=\"Vogelhuisje trekvogel is een echt vogelhuisje dat je buiten kan hangen. Er zijn naast deze trek vogel caravan nog meer uitvoeringen.\" \/>\n<meta name=\"robots\" content=\"index, follow, max-snippet:-1, max-image-preview:large, max-video-preview:-1\" \/>\n<link rel=\"canonical\" href=\"https:\/\/www.funfetti.shop\/de\/produkt\/vogelhaus-zugvogel\/\" \/>\n<meta property=\"og:locale\" content=\"de_DE\" \/>\n<meta property=\"og:type\" content=\"article\" \/>\n<meta property=\"og:title\" content=\"Vogelhuisje trekvogel\" \/>\n<meta property=\"og:description\" content=\"Vogelhuisje trekvogel is een echt vogelhuisje dat je buiten kan hangen. Er zijn naast deze trek vogel caravan nog meer uitvoeringen.\" \/>\n<meta property=\"og:url\" content=\"https:\/\/www.funfetti.shop\/de\/produkt\/vogelhaus-zugvogel\/\" \/>\n<meta property=\"og:site_name\" content=\"FunFetti\" \/>\n<meta property=\"article:publisher\" content=\"https:\/\/www.facebook.com\/funfetti.shop\" \/>\n<meta property=\"article:modified_time\" content=\"2026-03-30T06:12:56+00:00\" \/>\n<meta property=\"og:image\" content=\"https:\/\/www.funfetti.shop\/wp-content\/uploads\/2020\/09\/Trek-vogel-huisje-6.jpg\" \/>\n\t<meta property=\"og:image:width\" content=\"600\" \/>\n\t<meta property=\"og:image:height\" content=\"1067\" \/>\n\t<meta property=\"og:image:type\" content=\"image\/jpeg\" \/>\n<meta name=\"twitter:card\" content=\"summary_large_image\" \/>\n<meta name=\"twitter:label1\" content=\"Gesch\u00e4tzte Lesezeit\" \/>\n\t<meta name=\"twitter:data1\" content=\"1\u00a0Minute\" \/>\n<script type=\"application\/ld+json\" class=\"yoast-schema-graph\">{\"@context\":\"https:\\\/\\\/schema.org\",\"@graph\":[{\"@type\":\"WebPage\",\"@id\":\"https:\\\/\\\/www.funfetti.shop\\\/product\\\/vogelhuisje-trekvogel\\\/\",\"url\":\"https:\\\/\\\/www.funfetti.shop\\\/product\\\/vogelhuisje-trekvogel\\\/\",\"name\":\"Vogelhuisje trekvogel\",\"isPartOf\":{\"@id\":\"https:\\\/\\\/www.funfetti.shop\\\/#website\"},\"primaryImageOfPage\":{\"@id\":\"https:\\\/\\\/www.funfetti.shop\\\/product\\\/vogelhuisje-trekvogel\\\/#primaryimage\"},\"image\":{\"@id\":\"https:\\\/\\\/www.funfetti.shop\\\/product\\\/vogelhuisje-trekvogel\\\/#primaryimage\"},\"thumbnailUrl\":\"https:\\\/\\\/www.funfetti.shop\\\/wp-content\\\/uploads\\\/2020\\\/09\\\/Trek-vogel-huisje-6.jpg\",\"datePublished\":\"2020-09-16T18:48:46+00:00\",\"dateModified\":\"2026-03-30T06:12:56+00:00\",\"description\":\"Vogelhuisje trekvogel is een echt vogelhuisje dat je buiten kan hangen. Er zijn naast deze trek vogel caravan nog meer uitvoeringen.\",\"breadcrumb\":{\"@id\":\"https:\\\/\\\/www.funfetti.shop\\\/product\\\/vogelhuisje-trekvogel\\\/#breadcrumb\"},\"inLanguage\":\"de\",\"potentialAction\":[{\"@type\":\"ReadAction\",\"target\":[\"https:\\\/\\\/www.funfetti.shop\\\/product\\\/vogelhuisje-trekvogel\\\/\"]}]},{\"@type\":\"ImageObject\",\"inLanguage\":\"de\",\"@id\":\"https:\\\/\\\/www.funfetti.shop\\\/product\\\/vogelhuisje-trekvogel\\\/#primaryimage\",\"url\":\"https:\\\/\\\/www.funfetti.shop\\\/wp-content\\\/uploads\\\/2020\\\/09\\\/Trek-vogel-huisje-6.jpg\",\"contentUrl\":\"https:\\\/\\\/www.funfetti.shop\\\/wp-content\\\/uploads\\\/2020\\\/09\\\/Trek-vogel-huisje-6.jpg\",\"width\":600,\"height\":1067,\"caption\":\"vogelhuisje caravan\"},{\"@type\":\"BreadcrumbList\",\"@id\":\"https:\\\/\\\/www.funfetti.shop\\\/product\\\/vogelhuisje-trekvogel\\\/#breadcrumb\",\"itemListElement\":[{\"@type\":\"ListItem\",\"position\":1,\"name\":\"Home\",\"item\":\"https:\\\/\\\/www.funfetti.shop\\\/\"},{\"@type\":\"ListItem\",\"position\":2,\"name\":\"Winkel\",\"item\":\"https:\\\/\\\/www.funfetti.shop\\\/winkel\\\/\"},{\"@type\":\"ListItem\",\"position\":3,\"name\":\"Vogelhuisje trekvogel\"}]},{\"@type\":\"WebSite\",\"@id\":\"https:\\\/\\\/www.funfetti.shop\\\/#website\",\"url\":\"https:\\\/\\\/www.funfetti.shop\\\/\",\"name\":\"FunFetti\",\"description\":\"a curated mix of gifts, home d\u00e9cor and design\",\"publisher\":{\"@id\":\"https:\\\/\\\/www.funfetti.shop\\\/#organization\"},\"potentialAction\":[{\"@type\":\"SearchAction\",\"target\":{\"@type\":\"EntryPoint\",\"urlTemplate\":\"https:\\\/\\\/www.funfetti.shop\\\/?s={search_term_string}\"},\"query-input\":{\"@type\":\"PropertyValueSpecification\",\"valueRequired\":true,\"valueName\":\"search_term_string\"}}],\"inLanguage\":\"de\"},{\"@type\":\"Organization\",\"@id\":\"https:\\\/\\\/www.funfetti.shop\\\/#organization\",\"name\":\"FunFetti\",\"url\":\"https:\\\/\\\/www.funfetti.shop\\\/\",\"logo\":{\"@type\":\"ImageObject\",\"inLanguage\":\"de\",\"@id\":\"https:\\\/\\\/www.funfetti.shop\\\/#\\\/schema\\\/logo\\\/image\\\/\",\"url\":\"https:\\\/\\\/i0.wp.com\\\/www.funfetti.shop\\\/wp-content\\\/uploads\\\/2021\\\/11\\\/cropped-LOGO-WP-2021.png?fit=2000%2C171&ssl=1\",\"contentUrl\":\"https:\\\/\\\/i0.wp.com\\\/www.funfetti.shop\\\/wp-content\\\/uploads\\\/2021\\\/11\\\/cropped-LOGO-WP-2021.png?fit=2000%2C171&ssl=1\",\"width\":2000,\"height\":171,\"caption\":\"FunFetti\"},\"image\":{\"@id\":\"https:\\\/\\\/www.funfetti.shop\\\/#\\\/schema\\\/logo\\\/image\\\/\"},\"sameAs\":[\"https:\\\/\\\/www.facebook.com\\\/funfetti.shop\",\"https:\\\/\\\/www.instagram.com\\\/funfetti.shop\\\/\",\"https:\\\/\\\/nl.pinterest.com\\\/funfettiforever\\\/\"]}]}<\/script>\n<!-- \/ Yoast SEO plugin. -->","yoast_head_json":{"title":"Vogelhaus Zugvogel","description":"Vogelhuisje trekvogel ist ein echtes Vogelhaus, das man drau\u00dfen aufh\u00e4ngen kann. Es gibt neben diesem Zugvogel-Wohnwagen noch weitere Ausf\u00fchrungen.","robots":{"index":"index","follow":"follow","max-snippet":"max-snippet:-1","max-image-preview":"max-image-preview:large","max-video-preview":"max-video-preview:-1"},"canonical":"https:\/\/www.funfetti.shop\/de\/produkt\/vogelhaus-zugvogel\/","og_locale":"de_DE","og_type":"article","og_title":"Vogelhuisje trekvogel","og_description":"Vogelhuisje trekvogel is een echt vogelhuisje dat je buiten kan hangen. Er zijn naast deze trek vogel caravan nog meer uitvoeringen.","og_url":"https:\/\/www.funfetti.shop\/de\/produkt\/vogelhaus-zugvogel\/","og_site_name":"FunFetti","article_publisher":"https:\/\/www.facebook.com\/funfetti.shop","article_modified_time":"2026-03-30T06:12:56+00:00","og_image":[{"width":600,"height":1067,"url":"https:\/\/www.funfetti.shop\/wp-content\/uploads\/2020\/09\/Trek-vogel-huisje-6.jpg","type":"image\/jpeg"}],"twitter_card":"summary_large_image","twitter_misc":{"Gesch\u00e4tzte Lesezeit":"1\u00a0Minute"},"schema":{"@context":"https:\/\/schema.org","@graph":[{"@type":"WebPage","@id":"https:\/\/www.funfetti.shop\/product\/vogelhuisje-trekvogel\/","url":"https:\/\/www.funfetti.shop\/product\/vogelhuisje-trekvogel\/","name":"Vogelhaus Zugvogel","isPartOf":{"@id":"https:\/\/www.funfetti.shop\/#website"},"primaryImageOfPage":{"@id":"https:\/\/www.funfetti.shop\/product\/vogelhuisje-trekvogel\/#primaryimage"},"image":{"@id":"https:\/\/www.funfetti.shop\/product\/vogelhuisje-trekvogel\/#primaryimage"},"thumbnailUrl":"https:\/\/www.funfetti.shop\/wp-content\/uploads\/2020\/09\/Trek-vogel-huisje-6.jpg","datePublished":"2020-09-16T18:48:46+00:00","dateModified":"2026-03-30T06:12:56+00:00","description":"Vogelhuisje trekvogel ist ein echtes Vogelhaus, das man drau\u00dfen aufh\u00e4ngen kann. Es gibt neben diesem Zugvogel-Wohnwagen noch weitere Ausf\u00fchrungen.","breadcrumb":{"@id":"https:\/\/www.funfetti.shop\/product\/vogelhuisje-trekvogel\/#breadcrumb"},"inLanguage":"de","potentialAction":[{"@type":"ReadAction","target":["https:\/\/www.funfetti.shop\/product\/vogelhuisje-trekvogel\/"]}]},{"@type":"ImageObject","inLanguage":"de","@id":"https:\/\/www.funfetti.shop\/product\/vogelhuisje-trekvogel\/#primaryimage","url":"https:\/\/www.funfetti.shop\/wp-content\/uploads\/2020\/09\/Trek-vogel-huisje-6.jpg","contentUrl":"https:\/\/www.funfetti.shop\/wp-content\/uploads\/2020\/09\/Trek-vogel-huisje-6.jpg","width":600,"height":1067,"caption":"vogelhuisje caravan"},{"@type":"BreadcrumbList","@id":"https:\/\/www.funfetti.shop\/product\/vogelhuisje-trekvogel\/#breadcrumb","itemListElement":[{"@type":"ListItem","position":1,"name":"Home","item":"https:\/\/www.funfetti.shop\/"},{"@type":"ListItem","position":2,"name":"Winkel","item":"https:\/\/www.funfetti.shop\/winkel\/"},{"@type":"ListItem","position":3,"name":"Vogelhuisje trekvogel"}]},{"@type":"WebSite","@id":"https:\/\/www.funfetti.shop\/#website","url":"https:\/\/www.funfetti.shop\/","name":"FunFetti","description":"eine ausgew\u00e4hlte Mischung aus Geschenken, Wohnaccessoires und Design","publisher":{"@id":"https:\/\/www.funfetti.shop\/#organization"},"potentialAction":[{"@type":"SearchAction","target":{"@type":"EntryPoint","urlTemplate":"https:\/\/www.funfetti.shop\/?s={search_term_string}"},"query-input":{"@type":"PropertyValueSpecification","valueRequired":true,"valueName":"search_term_string"}}],"inLanguage":"de"},{"@type":"Organization","@id":"https:\/\/www.funfetti.shop\/#organization","name":"FunFetti","url":"https:\/\/www.funfetti.shop\/","logo":{"@type":"ImageObject","inLanguage":"de","@id":"https:\/\/www.funfetti.shop\/#\/schema\/logo\/image\/","url":"https:\/\/i0.wp.com\/www.funfetti.shop\/wp-content\/uploads\/2021\/11\/cropped-LOGO-WP-2021.png?fit=2000%2C171&ssl=1","contentUrl":"https:\/\/i0.wp.com\/www.funfetti.shop\/wp-content\/uploads\/2021\/11\/cropped-LOGO-WP-2021.png?fit=2000%2C171&ssl=1","width":2000,"height":171,"caption":"FunFetti"},"image":{"@id":"https:\/\/www.funfetti.shop\/#\/schema\/logo\/image\/"},"sameAs":["https:\/\/www.facebook.com\/funfetti.shop","https:\/\/www.instagram.com\/funfetti.shop\/","https:\/\/nl.pinterest.com\/funfettiforever\/"]}]}},"jetpack_publicize_connections":[],"jetpack_sharing_enabled":true,"_links":{"self":[{"href":"https:\/\/www.funfetti.shop\/de\/wp-json\/wp\/v2\/product\/3656","targetHints":{"allow":["GET"]}}],"collection":[{"href":"https:\/\/www.funfetti.shop\/de\/wp-json\/wp\/v2\/product"}],"about":[{"href":"https:\/\/www.funfetti.shop\/de\/wp-json\/wp\/v2\/types\/product"}],"wp:featuredmedia":[{"embeddable":true,"href":"https:\/\/www.funfetti.shop\/de\/wp-json\/wp\/v2\/media\/6658"}],"wp:attachment":[{"href":"https:\/\/www.funfetti.shop\/de\/wp-json\/wp\/v2\/media?parent=3656"}],"wp:term":[{"taxonomy":"product_brand","embeddable":true,"href":"https:\/\/www.funfetti.shop\/de\/wp-json\/wp\/v2\/product_brand?post=3656"},{"taxonomy":"product_cat","embeddable":true,"href":"https:\/\/www.funfetti.shop\/de\/wp-json\/wp\/v2\/product_cat?post=3656"},{"taxonomy":"product_tag","embeddable":true,"href":"https:\/\/www.funfetti.shop\/de\/wp-json\/wp\/v2\/product_tag?post=3656"}],"curies":[{"name":"wp","href":"https:\/\/api.w.org\/{rel}","templated":true}]}}