{"id":3660,"date":"2020-09-17T08:13:19","date_gmt":"2020-09-17T08:13:19","guid":{"rendered":"https:\/\/www.funfetti.shop\/?post_type=product&#038;p=3660"},"modified":"2026-03-30T06:12:06","modified_gmt":"2026-03-30T06:12:06","slug":"vogelhaus-kamera","status":"publish","type":"product","link":"https:\/\/www.funfetti.shop\/de\/product\/vogelhuis-camera\/","title":{"rendered":"Vogelhaus Kamera"},"content":{"rendered":"<p>Vogelhuis camera ist ein echtes Vogelhaus, das du drau\u00dfen aufh\u00e4ngen kannst.<\/p>\n<p>Lach eens naar het vogeltje ist eine Aussage, die auf dieses sch\u00f6ne H\u00e4uschen zutrifft. Diese steinerne Kamera ist handgefertigt und sehr einzigartig.<\/p>\n<ul>\n<li><em>Farbe: sand<\/em><\/li>\n<li><em>Material: Steingut<\/em><\/li>\n<li><em>handgefertigt<\/em><\/li>\n<li><em>f\u00fcr den Au\u00dfeneinsatz geeignet<\/em><\/li>\n<li><em>Abmessungen: 13 x 19 x 15 cm<\/em><\/li>\n<li><em>Entwurf: Charlotte Landsheer<\/em><\/li>\n<li><em>hergestellt in 's-Hertogenbosch bei <a href=\"https:\/\/www.funfetti.shop\/de\/produkt-kategorie\/marken-2\/cor-unum\/\">Cor Unum<\/a><\/em><\/li>\n<\/ul>\n<p><em>An der R\u00fcckseite ist ein gro\u00dfes Loch, wo man es aufh\u00e4ngen, aber auch reinigen und das alte Nest herausnehmen kann. Wenn das Haus gereinigt werden muss, wenn n\u00f6tig, setzen Sie es einfach in der Sp\u00fclmaschine und sauber ist das Vogelhaus f\u00fcr die neuen Bewohner.<\/em><\/p>","protected":false},"excerpt":{"rendered":"<p>Vogelhuisje camera ist ein echtes Vogelhaus, das man drau\u00dfen h\u00e4ngen kann. L\u00e4chle das kleine Vogel an ist eine Aussage, die sich bei diesem lustigen H\u00e4uschen sicher trifft. Diese Stein-Kamera ist handgefertigt und sehr einzigartig.<\/p>","protected":false},"featured_media":6203,"template":"","meta":{"neve_meta_sidebar":"","neve_meta_container":"","neve_meta_enable_content_width":"off","neve_meta_content_width":100,"neve_meta_title_alignment":"","neve_meta_author_avatar":"","neve_post_elements_order":"","neve_meta_disable_header":"","neve_meta_disable_footer":"","neve_meta_disable_title":"","neve_meta_reading_time":"","jetpack_publicize_message":"","jetpack_publicize_feature_enabled":true,"jetpack_social_post_already_shared":false,"jetpack_social_options":{"image_generator_settings":{"template":"highway","default_image_id":0,"font":"","enabled":false},"version":2}},"product_brand":[],"product_cat":[15,466,697,678,677,22,688,30,710,685,23],"product_tag":[287,441,134,442],"class_list":{"0":"post-3660","1":"product","2":"type-product","3":"status-publish","4":"has-post-thumbnail","6":"product_cat-allefun","7":"product_cat-cor-unum","8":"product_cat-dieren-design","9":"product_cat-dutch-design","10":"product_cat-fundesign","11":"product_cat-funliving","12":"product_cat-geselecteerde-producten","13":"product_cat-keramiek","14":"product_cat-verantwoord-design","15":"product_cat-voor-haar","16":"product_cat-woondecoratie","17":"product_tag-camera","18":"product_tag-cor-unum","19":"product_tag-keramiek","20":"product_tag-vogelhuisje","21":"product_shipping_class-pakket-met-track-en-trace","23":"first","24":"instock","25":"taxable","26":"shipping-taxable","27":"purchasable","28":"product-type-simple"},"yoast_head":"<!-- This site is optimized with the Yoast SEO plugin v27.4 - https:\/\/yoast.com\/product\/yoast-seo-wordpress\/ -->\n<title>Vogelhuis camera van ontwerpster Charlotte Landsheer<\/title>\n<meta name=\"description\" content=\"Vogelhuis camera is een echt vogelhuisje dat je buiten kan hangen. Er zijn naast dit leuke vogelhuis nog andere fantastische huizen.\" \/>\n<meta name=\"robots\" content=\"index, follow, max-snippet:-1, max-image-preview:large, max-video-preview:-1\" \/>\n<link rel=\"canonical\" href=\"https:\/\/www.funfetti.shop\/de\/produkt\/vogelhaus-kamera\/\" \/>\n<meta property=\"og:locale\" content=\"de_DE\" \/>\n<meta property=\"og:type\" content=\"article\" \/>\n<meta property=\"og:title\" content=\"Vogelhuis camera van ontwerpster Charlotte Landsheer\" \/>\n<meta property=\"og:description\" content=\"Vogelhuis camera is een echt vogelhuisje dat je buiten kan hangen. Er zijn naast dit leuke vogelhuis nog andere fantastische huizen.\" \/>\n<meta property=\"og:url\" content=\"https:\/\/www.funfetti.shop\/de\/produkt\/vogelhaus-kamera\/\" \/>\n<meta property=\"og:site_name\" content=\"FunFetti\" \/>\n<meta property=\"article:publisher\" content=\"https:\/\/www.facebook.com\/funfetti.shop\" \/>\n<meta property=\"article:modified_time\" content=\"2026-03-30T06:12:06+00:00\" \/>\n<meta property=\"og:image\" content=\"https:\/\/www.funfetti.shop\/wp-content\/uploads\/2020\/09\/Lach-eens-naar-het-vogeltje-4.jpg\" \/>\n\t<meta property=\"og:image:width\" content=\"600\" \/>\n\t<meta property=\"og:image:height\" content=\"600\" \/>\n\t<meta property=\"og:image:type\" content=\"image\/jpeg\" \/>\n<meta name=\"twitter:card\" content=\"summary_large_image\" \/>\n<meta name=\"twitter:label1\" content=\"Gesch\u00e4tzte Lesezeit\" \/>\n\t<meta name=\"twitter:data1\" content=\"1\u00a0Minute\" \/>\n<script type=\"application\/ld+json\" class=\"yoast-schema-graph\">{\"@context\":\"https:\\\/\\\/schema.org\",\"@graph\":[{\"@type\":\"WebPage\",\"@id\":\"https:\\\/\\\/www.funfetti.shop\\\/product\\\/vogelhuis-camera\\\/\",\"url\":\"https:\\\/\\\/www.funfetti.shop\\\/product\\\/vogelhuis-camera\\\/\",\"name\":\"Vogelhuis camera van ontwerpster Charlotte Landsheer\",\"isPartOf\":{\"@id\":\"https:\\\/\\\/www.funfetti.shop\\\/#website\"},\"primaryImageOfPage\":{\"@id\":\"https:\\\/\\\/www.funfetti.shop\\\/product\\\/vogelhuis-camera\\\/#primaryimage\"},\"image\":{\"@id\":\"https:\\\/\\\/www.funfetti.shop\\\/product\\\/vogelhuis-camera\\\/#primaryimage\"},\"thumbnailUrl\":\"https:\\\/\\\/www.funfetti.shop\\\/wp-content\\\/uploads\\\/2020\\\/09\\\/Lach-eens-naar-het-vogeltje-4.jpg\",\"datePublished\":\"2020-09-17T08:13:19+00:00\",\"dateModified\":\"2026-03-30T06:12:06+00:00\",\"description\":\"Vogelhuis camera is een echt vogelhuisje dat je buiten kan hangen. Er zijn naast dit leuke vogelhuis nog andere fantastische huizen.\",\"breadcrumb\":{\"@id\":\"https:\\\/\\\/www.funfetti.shop\\\/product\\\/vogelhuis-camera\\\/#breadcrumb\"},\"inLanguage\":\"de\",\"potentialAction\":[{\"@type\":\"ReadAction\",\"target\":[\"https:\\\/\\\/www.funfetti.shop\\\/product\\\/vogelhuis-camera\\\/\"]}]},{\"@type\":\"ImageObject\",\"inLanguage\":\"de\",\"@id\":\"https:\\\/\\\/www.funfetti.shop\\\/product\\\/vogelhuis-camera\\\/#primaryimage\",\"url\":\"https:\\\/\\\/www.funfetti.shop\\\/wp-content\\\/uploads\\\/2020\\\/09\\\/Lach-eens-naar-het-vogeltje-4.jpg\",\"contentUrl\":\"https:\\\/\\\/www.funfetti.shop\\\/wp-content\\\/uploads\\\/2020\\\/09\\\/Lach-eens-naar-het-vogeltje-4.jpg\",\"width\":600,\"height\":600,\"caption\":\"vogelhuisje camera\"},{\"@type\":\"BreadcrumbList\",\"@id\":\"https:\\\/\\\/www.funfetti.shop\\\/product\\\/vogelhuis-camera\\\/#breadcrumb\",\"itemListElement\":[{\"@type\":\"ListItem\",\"position\":1,\"name\":\"Home\",\"item\":\"https:\\\/\\\/www.funfetti.shop\\\/\"},{\"@type\":\"ListItem\",\"position\":2,\"name\":\"Winkel\",\"item\":\"https:\\\/\\\/www.funfetti.shop\\\/winkel\\\/\"},{\"@type\":\"ListItem\",\"position\":3,\"name\":\"Vogelhuis camera\"}]},{\"@type\":\"WebSite\",\"@id\":\"https:\\\/\\\/www.funfetti.shop\\\/#website\",\"url\":\"https:\\\/\\\/www.funfetti.shop\\\/\",\"name\":\"FunFetti\",\"description\":\"a curated mix of gifts, home d\u00e9cor and design\",\"publisher\":{\"@id\":\"https:\\\/\\\/www.funfetti.shop\\\/#organization\"},\"potentialAction\":[{\"@type\":\"SearchAction\",\"target\":{\"@type\":\"EntryPoint\",\"urlTemplate\":\"https:\\\/\\\/www.funfetti.shop\\\/?s={search_term_string}\"},\"query-input\":{\"@type\":\"PropertyValueSpecification\",\"valueRequired\":true,\"valueName\":\"search_term_string\"}}],\"inLanguage\":\"de\"},{\"@type\":\"Organization\",\"@id\":\"https:\\\/\\\/www.funfetti.shop\\\/#organization\",\"name\":\"FunFetti\",\"url\":\"https:\\\/\\\/www.funfetti.shop\\\/\",\"logo\":{\"@type\":\"ImageObject\",\"inLanguage\":\"de\",\"@id\":\"https:\\\/\\\/www.funfetti.shop\\\/#\\\/schema\\\/logo\\\/image\\\/\",\"url\":\"https:\\\/\\\/i0.wp.com\\\/www.funfetti.shop\\\/wp-content\\\/uploads\\\/2021\\\/11\\\/cropped-LOGO-WP-2021.png?fit=2000%2C171&ssl=1\",\"contentUrl\":\"https:\\\/\\\/i0.wp.com\\\/www.funfetti.shop\\\/wp-content\\\/uploads\\\/2021\\\/11\\\/cropped-LOGO-WP-2021.png?fit=2000%2C171&ssl=1\",\"width\":2000,\"height\":171,\"caption\":\"FunFetti\"},\"image\":{\"@id\":\"https:\\\/\\\/www.funfetti.shop\\\/#\\\/schema\\\/logo\\\/image\\\/\"},\"sameAs\":[\"https:\\\/\\\/www.facebook.com\\\/funfetti.shop\",\"https:\\\/\\\/www.instagram.com\\\/funfetti.shop\\\/\",\"https:\\\/\\\/nl.pinterest.com\\\/funfettiforever\\\/\"]}]}<\/script>\n<!-- \/ Yoast SEO plugin. -->","yoast_head_json":{"title":"Vogelhaus-Kamera von Designerin Charlotte Landsheer","description":"Vogelhaus Kamera ist ein echtes Vogelhaus, das Sie drau\u00dfen aufh\u00e4ngen k\u00f6nnen. Neben diesem sch\u00f6nen Vogelhaus gibt es weitere fantastische H\u00e4user.","robots":{"index":"index","follow":"follow","max-snippet":"max-snippet:-1","max-image-preview":"max-image-preview:large","max-video-preview":"max-video-preview:-1"},"canonical":"https:\/\/www.funfetti.shop\/de\/produkt\/vogelhaus-kamera\/","og_locale":"de_DE","og_type":"article","og_title":"Vogelhuis camera van ontwerpster Charlotte Landsheer","og_description":"Vogelhuis camera is een echt vogelhuisje dat je buiten kan hangen. Er zijn naast dit leuke vogelhuis nog andere fantastische huizen.","og_url":"https:\/\/www.funfetti.shop\/de\/produkt\/vogelhaus-kamera\/","og_site_name":"FunFetti","article_publisher":"https:\/\/www.facebook.com\/funfetti.shop","article_modified_time":"2026-03-30T06:12:06+00:00","og_image":[{"width":600,"height":600,"url":"https:\/\/www.funfetti.shop\/wp-content\/uploads\/2020\/09\/Lach-eens-naar-het-vogeltje-4.jpg","type":"image\/jpeg"}],"twitter_card":"summary_large_image","twitter_misc":{"Gesch\u00e4tzte Lesezeit":"1\u00a0Minute"},"schema":{"@context":"https:\/\/schema.org","@graph":[{"@type":"WebPage","@id":"https:\/\/www.funfetti.shop\/product\/vogelhuis-camera\/","url":"https:\/\/www.funfetti.shop\/product\/vogelhuis-camera\/","name":"Vogelhaus-Kamera von Designerin Charlotte Landsheer","isPartOf":{"@id":"https:\/\/www.funfetti.shop\/#website"},"primaryImageOfPage":{"@id":"https:\/\/www.funfetti.shop\/product\/vogelhuis-camera\/#primaryimage"},"image":{"@id":"https:\/\/www.funfetti.shop\/product\/vogelhuis-camera\/#primaryimage"},"thumbnailUrl":"https:\/\/www.funfetti.shop\/wp-content\/uploads\/2020\/09\/Lach-eens-naar-het-vogeltje-4.jpg","datePublished":"2020-09-17T08:13:19+00:00","dateModified":"2026-03-30T06:12:06+00:00","description":"Vogelhaus Kamera ist ein echtes Vogelhaus, das Sie drau\u00dfen aufh\u00e4ngen k\u00f6nnen. Neben diesem sch\u00f6nen Vogelhaus gibt es weitere fantastische H\u00e4user.","breadcrumb":{"@id":"https:\/\/www.funfetti.shop\/product\/vogelhuis-camera\/#breadcrumb"},"inLanguage":"de","potentialAction":[{"@type":"ReadAction","target":["https:\/\/www.funfetti.shop\/product\/vogelhuis-camera\/"]}]},{"@type":"ImageObject","inLanguage":"de","@id":"https:\/\/www.funfetti.shop\/product\/vogelhuis-camera\/#primaryimage","url":"https:\/\/www.funfetti.shop\/wp-content\/uploads\/2020\/09\/Lach-eens-naar-het-vogeltje-4.jpg","contentUrl":"https:\/\/www.funfetti.shop\/wp-content\/uploads\/2020\/09\/Lach-eens-naar-het-vogeltje-4.jpg","width":600,"height":600,"caption":"vogelhuisje camera"},{"@type":"BreadcrumbList","@id":"https:\/\/www.funfetti.shop\/product\/vogelhuis-camera\/#breadcrumb","itemListElement":[{"@type":"ListItem","position":1,"name":"Home","item":"https:\/\/www.funfetti.shop\/"},{"@type":"ListItem","position":2,"name":"Winkel","item":"https:\/\/www.funfetti.shop\/winkel\/"},{"@type":"ListItem","position":3,"name":"Vogelhuis camera"}]},{"@type":"WebSite","@id":"https:\/\/www.funfetti.shop\/#website","url":"https:\/\/www.funfetti.shop\/","name":"FunFetti","description":"eine ausgew\u00e4hlte Mischung aus Geschenken, Wohnaccessoires und Design","publisher":{"@id":"https:\/\/www.funfetti.shop\/#organization"},"potentialAction":[{"@type":"SearchAction","target":{"@type":"EntryPoint","urlTemplate":"https:\/\/www.funfetti.shop\/?s={search_term_string}"},"query-input":{"@type":"PropertyValueSpecification","valueRequired":true,"valueName":"search_term_string"}}],"inLanguage":"de"},{"@type":"Organization","@id":"https:\/\/www.funfetti.shop\/#organization","name":"FunFetti","url":"https:\/\/www.funfetti.shop\/","logo":{"@type":"ImageObject","inLanguage":"de","@id":"https:\/\/www.funfetti.shop\/#\/schema\/logo\/image\/","url":"https:\/\/i0.wp.com\/www.funfetti.shop\/wp-content\/uploads\/2021\/11\/cropped-LOGO-WP-2021.png?fit=2000%2C171&ssl=1","contentUrl":"https:\/\/i0.wp.com\/www.funfetti.shop\/wp-content\/uploads\/2021\/11\/cropped-LOGO-WP-2021.png?fit=2000%2C171&ssl=1","width":2000,"height":171,"caption":"FunFetti"},"image":{"@id":"https:\/\/www.funfetti.shop\/#\/schema\/logo\/image\/"},"sameAs":["https:\/\/www.facebook.com\/funfetti.shop","https:\/\/www.instagram.com\/funfetti.shop\/","https:\/\/nl.pinterest.com\/funfettiforever\/"]}]}},"jetpack_publicize_connections":[],"jetpack_sharing_enabled":true,"_links":{"self":[{"href":"https:\/\/www.funfetti.shop\/de\/wp-json\/wp\/v2\/product\/3660","targetHints":{"allow":["GET"]}}],"collection":[{"href":"https:\/\/www.funfetti.shop\/de\/wp-json\/wp\/v2\/product"}],"about":[{"href":"https:\/\/www.funfetti.shop\/de\/wp-json\/wp\/v2\/types\/product"}],"wp:featuredmedia":[{"embeddable":true,"href":"https:\/\/www.funfetti.shop\/de\/wp-json\/wp\/v2\/media\/6203"}],"wp:attachment":[{"href":"https:\/\/www.funfetti.shop\/de\/wp-json\/wp\/v2\/media?parent=3660"}],"wp:term":[{"taxonomy":"product_brand","embeddable":true,"href":"https:\/\/www.funfetti.shop\/de\/wp-json\/wp\/v2\/product_brand?post=3660"},{"taxonomy":"product_cat","embeddable":true,"href":"https:\/\/www.funfetti.shop\/de\/wp-json\/wp\/v2\/product_cat?post=3660"},{"taxonomy":"product_tag","embeddable":true,"href":"https:\/\/www.funfetti.shop\/de\/wp-json\/wp\/v2\/product_tag?post=3660"}],"curies":[{"name":"wp","href":"https:\/\/api.w.org\/{rel}","templated":true}]}}