{"id":4133,"date":"2021-01-12T18:39:48","date_gmt":"2021-01-12T18:39:48","guid":{"rendered":"https:\/\/www.funfetti.shop\/?post_type=product&#038;p=4133"},"modified":"2026-02-17T19:34:18","modified_gmt":"2026-02-17T19:34:18","slug":"lego-ohrringe-rosa-rund","status":"publish","type":"product","link":"https:\/\/www.funfetti.shop\/de\/product\/lego-oorbellen-roze-rond\/","title":{"rendered":"LEGO\u00ae Ohrringe Rosa Rund"},"content":{"rendered":"<h1 data-start=\"176\" data-end=\"235\">LEGO\u00ae Ohrringe Rosa Rund<\/h1>\n<p data-start=\"237\" data-end=\"286\">Verspielt, bunt und ein bisschen nostalgisch.<\/p>\n<p data-start=\"288\" data-end=\"467\">Diese runden Ohrstecker sind mit einem rosa LEGO\u00ae Stein in einer kupferfarbenen Fassung gefertigt. Minimalistisch in der Form, aber mit einem Fun-Twist, der sofort ein L\u00e4cheln zaubert.<\/p>\n<p data-start=\"469\" data-end=\"628\">Perfekt f\u00fcr alle, die Farbe, Kreativit\u00e4t und ein subtiles Statement lieben. Klein genug f\u00fcr jeden Tag, auff\u00e4llig genug, um Ihrem Look das gewisse Extra zu verleihen.<\/p>\n<p data-start=\"801\" data-end=\"986\"><strong>Spezifikationen:<\/strong><\/p>\n<ul>\n<li data-start=\"801\" data-end=\"986\"><strong><em>Material: LEGO\u00ae Stein in kupferfarbener Fassung<\/em><\/strong><\/li>\n<li data-start=\"801\" data-end=\"986\"><strong><em>Farbe: hellrosa<\/em><\/strong><\/li>\n<li data-start=\"801\" data-end=\"986\"><strong><em>Ausf\u00fchrung: kupferfarben<\/em><\/strong><\/li>\n<li data-start=\"801\" data-end=\"986\"><strong><em>Format: Rundes Stollenmodell<\/em><\/strong><\/li>\n<li data-start=\"811\" data-end=\"950\"><strong><em>Hergestellt in den Niederlanden<\/em><\/strong><\/li>\n<\/ul>\n<hr \/>\n<p data-start=\"988\" data-end=\"1117\">Dieses Produkt ist nicht offiziell von LEGO\u00ae lizenziert oder mit LEGO\u00ae verbunden. LEGO\u00ae ist eine eingetragene Marke der LEGO Gruppe.<\/p>\n<hr \/>\n<p><a href=\"https:\/\/www.funfetti.shop\/de\/produkt-kategorie\/marken-2\/lego\/\">Mehr LEGO\u00ae hier klicken!<\/a><\/p>","protected":false},"excerpt":{"rendered":"<p>LEGO\u00ae Ohrstecker rosa rund. Perfekt f\u00fcr alle, die Farbe und ein dezentes Statement lieben. Klein genug f\u00fcr jeden Tag, auff\u00e4llig genug, um Ihrem Look das gewisse Etwas zu verleihen.<\/p>","protected":false},"featured_media":9855,"template":"","meta":{"neve_meta_sidebar":"","neve_meta_container":"","neve_meta_enable_content_width":"off","neve_meta_content_width":100,"neve_meta_title_alignment":"","neve_meta_author_avatar":"","neve_post_elements_order":"","neve_meta_disable_header":"","neve_meta_disable_footer":"","neve_meta_disable_title":"","neve_meta_reading_time":"","jetpack_publicize_message":"","jetpack_publicize_feature_enabled":true,"jetpack_social_post_already_shared":true,"jetpack_social_options":{"image_generator_settings":{"template":"highway","default_image_id":0,"font":"","enabled":false},"version":2}},"product_brand":[],"product_cat":[15,680,528,40,38,686,685],"product_tag":[529,102,155],"class_list":{"0":"post-4133","1":"product","2":"type-product","3":"status-publish","4":"has-post-thumbnail","6":"product_cat-allefun","7":"product_cat-fungifts","8":"product_cat-lego","9":"product_cat-oorbellen","10":"product_cat-sieraden","11":"product_cat-voor-fun-prijzen","12":"product_cat-voor-haar","13":"product_tag-lego","14":"product_tag-oorbellen","15":"product_tag-roze","16":"product_shipping_class-brievenbus-pakket-met-track-en-trace","18":"first","19":"instock","20":"taxable","21":"shipping-taxable","22":"purchasable","23":"product-type-simple"},"yoast_head":"<!-- This site is optimized with the Yoast SEO plugin v27.4 - https:\/\/yoast.com\/product\/yoast-seo-wordpress\/ -->\n<title>LEGO\u00ae Oorbellen Roze Rond<\/title>\n<meta name=\"description\" content=\"LEGO\u00ae Stud Oorbellen roze rond. Perfect voor wie houdt van kleur en een subtiel statement. Klein genoeg voor elke dag, opvallend genoeg om je look net dat beetje extra te geven.\" \/>\n<meta name=\"robots\" content=\"index, follow, max-snippet:-1, max-image-preview:large, max-video-preview:-1\" \/>\n<link rel=\"canonical\" href=\"https:\/\/www.funfetti.shop\/de\/produkt\/lego-ohrringe-rosa-rund\/\" \/>\n<meta property=\"og:locale\" content=\"de_DE\" \/>\n<meta property=\"og:type\" content=\"article\" \/>\n<meta property=\"og:title\" content=\"LEGO\u00ae Oorbellen Roze Rond\" \/>\n<meta property=\"og:description\" content=\"LEGO\u00ae Stud Oorbellen roze rond. Perfect voor wie houdt van kleur en een subtiel statement. Klein genoeg voor elke dag, opvallend genoeg om je look net dat beetje extra te geven.\" \/>\n<meta property=\"og:url\" content=\"https:\/\/www.funfetti.shop\/de\/produkt\/lego-ohrringe-rosa-rund\/\" \/>\n<meta property=\"og:site_name\" content=\"FunFetti\" \/>\n<meta property=\"article:publisher\" content=\"https:\/\/www.facebook.com\/funfetti.shop\" \/>\n<meta property=\"article:modified_time\" content=\"2026-02-17T19:34:18+00:00\" \/>\n<meta property=\"og:image\" content=\"https:\/\/www.funfetti.shop\/wp-content\/uploads\/2021\/01\/Lego-oorbellen-roze-koper-rond-4.jpg\" \/>\n\t<meta property=\"og:image:width\" content=\"600\" \/>\n\t<meta property=\"og:image:height\" content=\"1067\" \/>\n\t<meta property=\"og:image:type\" content=\"image\/jpeg\" \/>\n<meta name=\"twitter:card\" content=\"summary_large_image\" \/>\n<meta name=\"twitter:label1\" content=\"Gesch\u00e4tzte Lesezeit\" \/>\n\t<meta name=\"twitter:data1\" content=\"1\u00a0Minute\" \/>\n<script type=\"application\/ld+json\" class=\"yoast-schema-graph\">{\"@context\":\"https:\\\/\\\/schema.org\",\"@graph\":[{\"@type\":\"WebPage\",\"@id\":\"https:\\\/\\\/www.funfetti.shop\\\/product\\\/lego-oorbellen-roze-rond\\\/\",\"url\":\"https:\\\/\\\/www.funfetti.shop\\\/product\\\/lego-oorbellen-roze-rond\\\/\",\"name\":\"LEGO\u00ae Oorbellen Roze Rond\",\"isPartOf\":{\"@id\":\"https:\\\/\\\/www.funfetti.shop\\\/#website\"},\"primaryImageOfPage\":{\"@id\":\"https:\\\/\\\/www.funfetti.shop\\\/product\\\/lego-oorbellen-roze-rond\\\/#primaryimage\"},\"image\":{\"@id\":\"https:\\\/\\\/www.funfetti.shop\\\/product\\\/lego-oorbellen-roze-rond\\\/#primaryimage\"},\"thumbnailUrl\":\"https:\\\/\\\/www.funfetti.shop\\\/wp-content\\\/uploads\\\/2021\\\/01\\\/Lego-oorbellen-roze-koper-rond-4.jpg\",\"datePublished\":\"2021-01-12T18:39:48+00:00\",\"dateModified\":\"2026-02-17T19:34:18+00:00\",\"description\":\"LEGO\u00ae Stud Oorbellen roze rond. Perfect voor wie houdt van kleur en een subtiel statement. Klein genoeg voor elke dag, opvallend genoeg om je look net dat beetje extra te geven.\",\"breadcrumb\":{\"@id\":\"https:\\\/\\\/www.funfetti.shop\\\/product\\\/lego-oorbellen-roze-rond\\\/#breadcrumb\"},\"inLanguage\":\"de\",\"potentialAction\":[{\"@type\":\"ReadAction\",\"target\":[\"https:\\\/\\\/www.funfetti.shop\\\/product\\\/lego-oorbellen-roze-rond\\\/\"]}]},{\"@type\":\"ImageObject\",\"inLanguage\":\"de\",\"@id\":\"https:\\\/\\\/www.funfetti.shop\\\/product\\\/lego-oorbellen-roze-rond\\\/#primaryimage\",\"url\":\"https:\\\/\\\/www.funfetti.shop\\\/wp-content\\\/uploads\\\/2021\\\/01\\\/Lego-oorbellen-roze-koper-rond-4.jpg\",\"contentUrl\":\"https:\\\/\\\/www.funfetti.shop\\\/wp-content\\\/uploads\\\/2021\\\/01\\\/Lego-oorbellen-roze-koper-rond-4.jpg\",\"width\":600,\"height\":1067,\"caption\":\"Lego oorbellen roze koper; FunFetti.shop\"},{\"@type\":\"BreadcrumbList\",\"@id\":\"https:\\\/\\\/www.funfetti.shop\\\/product\\\/lego-oorbellen-roze-rond\\\/#breadcrumb\",\"itemListElement\":[{\"@type\":\"ListItem\",\"position\":1,\"name\":\"Home\",\"item\":\"https:\\\/\\\/www.funfetti.shop\\\/\"},{\"@type\":\"ListItem\",\"position\":2,\"name\":\"Winkel\",\"item\":\"https:\\\/\\\/www.funfetti.shop\\\/winkel\\\/\"},{\"@type\":\"ListItem\",\"position\":3,\"name\":\"LEGO\u00ae Oorbellen Roze Rond\"}]},{\"@type\":\"WebSite\",\"@id\":\"https:\\\/\\\/www.funfetti.shop\\\/#website\",\"url\":\"https:\\\/\\\/www.funfetti.shop\\\/\",\"name\":\"FunFetti\",\"description\":\"a curated mix of gifts, home d\u00e9cor and design\",\"publisher\":{\"@id\":\"https:\\\/\\\/www.funfetti.shop\\\/#organization\"},\"potentialAction\":[{\"@type\":\"SearchAction\",\"target\":{\"@type\":\"EntryPoint\",\"urlTemplate\":\"https:\\\/\\\/www.funfetti.shop\\\/?s={search_term_string}\"},\"query-input\":{\"@type\":\"PropertyValueSpecification\",\"valueRequired\":true,\"valueName\":\"search_term_string\"}}],\"inLanguage\":\"de\"},{\"@type\":\"Organization\",\"@id\":\"https:\\\/\\\/www.funfetti.shop\\\/#organization\",\"name\":\"FunFetti\",\"url\":\"https:\\\/\\\/www.funfetti.shop\\\/\",\"logo\":{\"@type\":\"ImageObject\",\"inLanguage\":\"de\",\"@id\":\"https:\\\/\\\/www.funfetti.shop\\\/#\\\/schema\\\/logo\\\/image\\\/\",\"url\":\"https:\\\/\\\/i0.wp.com\\\/www.funfetti.shop\\\/wp-content\\\/uploads\\\/2021\\\/11\\\/cropped-LOGO-WP-2021.png?fit=2000%2C171&ssl=1\",\"contentUrl\":\"https:\\\/\\\/i0.wp.com\\\/www.funfetti.shop\\\/wp-content\\\/uploads\\\/2021\\\/11\\\/cropped-LOGO-WP-2021.png?fit=2000%2C171&ssl=1\",\"width\":2000,\"height\":171,\"caption\":\"FunFetti\"},\"image\":{\"@id\":\"https:\\\/\\\/www.funfetti.shop\\\/#\\\/schema\\\/logo\\\/image\\\/\"},\"sameAs\":[\"https:\\\/\\\/www.facebook.com\\\/funfetti.shop\",\"https:\\\/\\\/www.instagram.com\\\/funfetti.shop\\\/\",\"https:\\\/\\\/nl.pinterest.com\\\/funfettiforever\\\/\"]}]}<\/script>\n<!-- \/ Yoast SEO plugin. -->","yoast_head_json":{"title":"LEGO\u00ae Ohrringe Rosa Rund","description":"LEGO\u00ae Ohrstecker rosa rund. Perfekt f\u00fcr alle, die Farbe und ein dezentes Statement lieben. Klein genug f\u00fcr jeden Tag, auff\u00e4llig genug, um Ihrem Look das gewisse Etwas zu verleihen.","robots":{"index":"index","follow":"follow","max-snippet":"max-snippet:-1","max-image-preview":"max-image-preview:large","max-video-preview":"max-video-preview:-1"},"canonical":"https:\/\/www.funfetti.shop\/de\/produkt\/lego-ohrringe-rosa-rund\/","og_locale":"de_DE","og_type":"article","og_title":"LEGO\u00ae Oorbellen Roze Rond","og_description":"LEGO\u00ae Stud Oorbellen roze rond. Perfect voor wie houdt van kleur en een subtiel statement. Klein genoeg voor elke dag, opvallend genoeg om je look net dat beetje extra te geven.","og_url":"https:\/\/www.funfetti.shop\/de\/produkt\/lego-ohrringe-rosa-rund\/","og_site_name":"FunFetti","article_publisher":"https:\/\/www.facebook.com\/funfetti.shop","article_modified_time":"2026-02-17T19:34:18+00:00","og_image":[{"width":600,"height":1067,"url":"https:\/\/www.funfetti.shop\/wp-content\/uploads\/2021\/01\/Lego-oorbellen-roze-koper-rond-4.jpg","type":"image\/jpeg"}],"twitter_card":"summary_large_image","twitter_misc":{"Gesch\u00e4tzte Lesezeit":"1\u00a0Minute"},"schema":{"@context":"https:\/\/schema.org","@graph":[{"@type":"WebPage","@id":"https:\/\/www.funfetti.shop\/product\/lego-oorbellen-roze-rond\/","url":"https:\/\/www.funfetti.shop\/product\/lego-oorbellen-roze-rond\/","name":"LEGO\u00ae Ohrringe Rosa Rund","isPartOf":{"@id":"https:\/\/www.funfetti.shop\/#website"},"primaryImageOfPage":{"@id":"https:\/\/www.funfetti.shop\/product\/lego-oorbellen-roze-rond\/#primaryimage"},"image":{"@id":"https:\/\/www.funfetti.shop\/product\/lego-oorbellen-roze-rond\/#primaryimage"},"thumbnailUrl":"https:\/\/www.funfetti.shop\/wp-content\/uploads\/2021\/01\/Lego-oorbellen-roze-koper-rond-4.jpg","datePublished":"2021-01-12T18:39:48+00:00","dateModified":"2026-02-17T19:34:18+00:00","description":"LEGO\u00ae Ohrstecker rosa rund. Perfekt f\u00fcr alle, die Farbe und ein dezentes Statement lieben. Klein genug f\u00fcr jeden Tag, auff\u00e4llig genug, um Ihrem Look das gewisse Etwas zu verleihen.","breadcrumb":{"@id":"https:\/\/www.funfetti.shop\/product\/lego-oorbellen-roze-rond\/#breadcrumb"},"inLanguage":"de","potentialAction":[{"@type":"ReadAction","target":["https:\/\/www.funfetti.shop\/product\/lego-oorbellen-roze-rond\/"]}]},{"@type":"ImageObject","inLanguage":"de","@id":"https:\/\/www.funfetti.shop\/product\/lego-oorbellen-roze-rond\/#primaryimage","url":"https:\/\/www.funfetti.shop\/wp-content\/uploads\/2021\/01\/Lego-oorbellen-roze-koper-rond-4.jpg","contentUrl":"https:\/\/www.funfetti.shop\/wp-content\/uploads\/2021\/01\/Lego-oorbellen-roze-koper-rond-4.jpg","width":600,"height":1067,"caption":"Lego oorbellen roze koper; FunFetti.shop"},{"@type":"BreadcrumbList","@id":"https:\/\/www.funfetti.shop\/product\/lego-oorbellen-roze-rond\/#breadcrumb","itemListElement":[{"@type":"ListItem","position":1,"name":"Home","item":"https:\/\/www.funfetti.shop\/"},{"@type":"ListItem","position":2,"name":"Winkel","item":"https:\/\/www.funfetti.shop\/winkel\/"},{"@type":"ListItem","position":3,"name":"LEGO\u00ae Oorbellen Roze Rond"}]},{"@type":"WebSite","@id":"https:\/\/www.funfetti.shop\/#website","url":"https:\/\/www.funfetti.shop\/","name":"FunFetti","description":"eine ausgew\u00e4hlte Mischung aus Geschenken, Wohnaccessoires und Design","publisher":{"@id":"https:\/\/www.funfetti.shop\/#organization"},"potentialAction":[{"@type":"SearchAction","target":{"@type":"EntryPoint","urlTemplate":"https:\/\/www.funfetti.shop\/?s={search_term_string}"},"query-input":{"@type":"PropertyValueSpecification","valueRequired":true,"valueName":"search_term_string"}}],"inLanguage":"de"},{"@type":"Organization","@id":"https:\/\/www.funfetti.shop\/#organization","name":"FunFetti","url":"https:\/\/www.funfetti.shop\/","logo":{"@type":"ImageObject","inLanguage":"de","@id":"https:\/\/www.funfetti.shop\/#\/schema\/logo\/image\/","url":"https:\/\/i0.wp.com\/www.funfetti.shop\/wp-content\/uploads\/2021\/11\/cropped-LOGO-WP-2021.png?fit=2000%2C171&ssl=1","contentUrl":"https:\/\/i0.wp.com\/www.funfetti.shop\/wp-content\/uploads\/2021\/11\/cropped-LOGO-WP-2021.png?fit=2000%2C171&ssl=1","width":2000,"height":171,"caption":"FunFetti"},"image":{"@id":"https:\/\/www.funfetti.shop\/#\/schema\/logo\/image\/"},"sameAs":["https:\/\/www.facebook.com\/funfetti.shop","https:\/\/www.instagram.com\/funfetti.shop\/","https:\/\/nl.pinterest.com\/funfettiforever\/"]}]}},"jetpack_publicize_connections":[],"jetpack_sharing_enabled":true,"_links":{"self":[{"href":"https:\/\/www.funfetti.shop\/de\/wp-json\/wp\/v2\/product\/4133","targetHints":{"allow":["GET"]}}],"collection":[{"href":"https:\/\/www.funfetti.shop\/de\/wp-json\/wp\/v2\/product"}],"about":[{"href":"https:\/\/www.funfetti.shop\/de\/wp-json\/wp\/v2\/types\/product"}],"wp:featuredmedia":[{"embeddable":true,"href":"https:\/\/www.funfetti.shop\/de\/wp-json\/wp\/v2\/media\/9855"}],"wp:attachment":[{"href":"https:\/\/www.funfetti.shop\/de\/wp-json\/wp\/v2\/media?parent=4133"}],"wp:term":[{"taxonomy":"product_brand","embeddable":true,"href":"https:\/\/www.funfetti.shop\/de\/wp-json\/wp\/v2\/product_brand?post=4133"},{"taxonomy":"product_cat","embeddable":true,"href":"https:\/\/www.funfetti.shop\/de\/wp-json\/wp\/v2\/product_cat?post=4133"},{"taxonomy":"product_tag","embeddable":true,"href":"https:\/\/www.funfetti.shop\/de\/wp-json\/wp\/v2\/product_tag?post=4133"}],"curies":[{"name":"wp","href":"https:\/\/api.w.org\/{rel}","templated":true}]}}