{"id":5641,"date":"2023-02-14T15:27:37","date_gmt":"2023-02-14T15:27:37","guid":{"rendered":"https:\/\/www.funfetti.shop\/?post_type=product&#038;p=5641"},"modified":"2026-02-12T12:05:00","modified_gmt":"2026-02-12T12:05:00","slug":"kragenspiegel-mit-roten-herzen","status":"publish","type":"product","link":"https:\/\/www.funfetti.shop\/de\/product\/kraagspeld-met-rode-hartjes\/","title":{"rendered":"Halsbandnadel mit roten Herzen"},"content":{"rendered":"<h1 data-start=\"315\" data-end=\"373\">Halsbandnadel mit roten Herzen und Kette<\/h1>\n<p data-start=\"375\" data-end=\"623\">Mit dieser verspielten Bluse wird eine wei\u00dfe Bluse pl\u00f6tzlich zum Statement-St\u00fcck. <strong data-start=\"442\" data-end=\"473\">Kragenspiegel mit roten Herzen<\/strong>. Zwei gl\u00e4nzende Acryl-Herzen schm\u00fccken Ihr Halsband, verbunden durch eine doppelte Silberkette. S\u00fc\u00df, cool und ein bisschen frech zugleich.<\/p>\n<p data-start=\"625\" data-end=\"852\">Die Herzen sind aus rotem Acryl gefertigt und haben diese erkennbare, leuchtende Farbe, die einen sofort gl\u00fccklich macht. Die Ketten h\u00e4ngen dezent zwischen den Kragenspitzen und verleihen Ihrem Outfit mit diesen Kragenspitzen einen Hauch von Vintage mit einem modernen Twist. Perfekt f\u00fcr eine Bluse, ein Hemd oder ein Kleid mit Kragen. So werden Sie im Handumdrehen von einem Basic zu etwas Besonderem.<\/p>\n<p data-start=\"1186\" data-end=\"1368\"><strong>Spezifikationen<\/strong><\/p>\n<ul>\n<li data-start=\"1186\" data-end=\"1368\"><em><strong>Material Herzen: Acryl-Kunststoff<\/strong><\/em><\/li>\n<li data-start=\"1186\" data-end=\"1368\"><em><strong>Farbe: Rot<\/strong><\/em><\/li>\n<li data-start=\"1186\" data-end=\"1368\"><em><strong>Kette: Silberfarbenes Metall<\/strong><\/em><\/li>\n<li data-start=\"1186\" data-end=\"1368\"><em><strong>Befestigung: Pin auf beiden Seiten<\/strong><\/em><\/li>\n<li data-start=\"1532\" data-end=\"1715\"><em><strong>Hergestellt in den Niederlanden<\/strong><\/em><\/li>\n<li data-start=\"1532\" data-end=\"1715\"><em><strong>Marke: <a href=\"https:\/\/www.funfetti.shop\/de\/produkt-kategorie\/marken\/funfetti\/\">FunFetti<\/a><\/strong><\/em><\/li>\n<\/ul>\n<hr \/>\n<p data-start=\"1370\" data-end=\"1493\"><strong>FunFetti-Tipp:<\/strong> Kombinieren Sie dazu eine schlichte wei\u00dfe Bluse als Kontrast oder eine farbige f\u00fcr einen besonders ausgepr\u00e4gten Look.<\/p>\n<hr \/>\n<p data-start=\"1370\" data-end=\"1493\">","protected":false},"excerpt":{"rendered":"<p><span class=\"Y2IQFc\" lang=\"nl\"><strong>\u2764\ufe0f Warum Sie es tragen m\u00f6chten<\/strong><br data-start=\"977\" data-end=\"980\" \/>- Eigene Gestaltung und Produktion<br data-start=\"1008\" data-end=\"1011\" \/>- Leuchtende Farbe, die Sie sofort aufmuntert<br data-start=\"1101\" data-end=\"1104\" \/>- Verleiht jeder Bluse sofort Charakter<br data-start=\"1140\" data-end=\"1143\" \/>- Verspielt, romantisch und etwas anders<\/span><\/p>","protected":false},"featured_media":9811,"template":"","meta":{"neve_meta_sidebar":"","neve_meta_container":"","neve_meta_enable_content_width":"off","neve_meta_content_width":100,"neve_meta_title_alignment":"","neve_meta_author_avatar":"","neve_post_elements_order":"","neve_meta_disable_header":"","neve_meta_disable_footer":"","neve_meta_disable_title":"","neve_meta_reading_time":"","jetpack_publicize_message":"","jetpack_publicize_feature_enabled":true,"jetpack_social_post_already_shared":true,"jetpack_social_options":{"image_generator_settings":{"template":"highway","default_image_id":0,"font":"","enabled":false},"version":2}},"product_brand":[825],"product_cat":[15,468,680,39,38,686,685],"product_tag":[828,826,347,99],"class_list":{"0":"post-5641","1":"product","2":"type-product","3":"status-publish","4":"has-post-thumbnail","6":"product_brand-funfetti","7":"product_cat-allefun","8":"product_cat-funfetti","9":"product_cat-fungifts","10":"product_cat-kettingen","11":"product_cat-sieraden","12":"product_cat-voor-fun-prijzen","13":"product_cat-voor-haar","14":"product_tag-collar-tip","15":"product_tag-hartje","16":"product_tag-rood","17":"product_tag-sieraden","18":"product_shipping_class-brievenbus-pakket-met-track-en-trace","20":"first","21":"instock","22":"taxable","23":"shipping-taxable","24":"purchasable","25":"product-type-simple"},"yoast_head":"<!-- This site is optimized with the Yoast SEO plugin v27.4 - https:\/\/yoast.com\/product\/yoast-seo-wordpress\/ -->\n<title>Kraagspeld met Rode Hartjes - FunFetti<\/title>\n<meta name=\"description\" content=\"Toffe collartips met rode hartjes. Twee glanzende acrylaat hartjes die je kraag sieren, verbonden door een dubbele zilverkleurige ketting.\" \/>\n<meta name=\"robots\" content=\"index, follow, max-snippet:-1, max-image-preview:large, max-video-preview:-1\" \/>\n<link rel=\"canonical\" href=\"https:\/\/www.funfetti.shop\/de\/produkt\/kragenspiegel-mit-roten-herzen\/\" \/>\n<meta property=\"og:locale\" content=\"de_DE\" \/>\n<meta property=\"og:type\" content=\"article\" \/>\n<meta property=\"og:title\" content=\"Kraagspeld met Rode Hartjes - FunFetti\" \/>\n<meta property=\"og:description\" content=\"Toffe collartips met rode hartjes. Twee glanzende acrylaat hartjes die je kraag sieren, verbonden door een dubbele zilverkleurige ketting.\" \/>\n<meta property=\"og:url\" content=\"https:\/\/www.funfetti.shop\/de\/produkt\/kragenspiegel-mit-roten-herzen\/\" \/>\n<meta property=\"og:site_name\" content=\"FunFetti\" \/>\n<meta property=\"article:publisher\" content=\"https:\/\/www.facebook.com\/funfetti.shop\" \/>\n<meta property=\"article:modified_time\" content=\"2026-02-12T12:05:00+00:00\" \/>\n<meta property=\"og:image\" content=\"https:\/\/www.funfetti.shop\/wp-content\/uploads\/2020\/05\/collar-tips-hartje-rood-3.jpg\" \/>\n\t<meta property=\"og:image:width\" content=\"600\" \/>\n\t<meta property=\"og:image:height\" content=\"1067\" \/>\n\t<meta property=\"og:image:type\" content=\"image\/jpeg\" \/>\n<meta name=\"twitter:card\" content=\"summary_large_image\" \/>\n<meta name=\"twitter:label1\" content=\"Gesch\u00e4tzte Lesezeit\" \/>\n\t<meta name=\"twitter:data1\" content=\"1\u00a0Minute\" \/>\n<script type=\"application\/ld+json\" class=\"yoast-schema-graph\">{\"@context\":\"https:\\\/\\\/schema.org\",\"@graph\":[{\"@type\":\"WebPage\",\"@id\":\"https:\\\/\\\/www.funfetti.shop\\\/product\\\/kraagspeld-met-rode-hartjes\\\/\",\"url\":\"https:\\\/\\\/www.funfetti.shop\\\/product\\\/kraagspeld-met-rode-hartjes\\\/\",\"name\":\"Kraagspeld met Rode Hartjes - FunFetti\",\"isPartOf\":{\"@id\":\"https:\\\/\\\/www.funfetti.shop\\\/#website\"},\"primaryImageOfPage\":{\"@id\":\"https:\\\/\\\/www.funfetti.shop\\\/product\\\/kraagspeld-met-rode-hartjes\\\/#primaryimage\"},\"image\":{\"@id\":\"https:\\\/\\\/www.funfetti.shop\\\/product\\\/kraagspeld-met-rode-hartjes\\\/#primaryimage\"},\"thumbnailUrl\":\"https:\\\/\\\/www.funfetti.shop\\\/wp-content\\\/uploads\\\/2020\\\/05\\\/collar-tips-hartje-rood-3.jpg\",\"datePublished\":\"2023-02-14T15:27:37+00:00\",\"dateModified\":\"2026-02-12T12:05:00+00:00\",\"description\":\"Toffe collartips met rode hartjes. Twee glanzende acrylaat hartjes die je kraag sieren, verbonden door een dubbele zilverkleurige ketting.\",\"breadcrumb\":{\"@id\":\"https:\\\/\\\/www.funfetti.shop\\\/product\\\/kraagspeld-met-rode-hartjes\\\/#breadcrumb\"},\"inLanguage\":\"de\",\"potentialAction\":[{\"@type\":\"ReadAction\",\"target\":[\"https:\\\/\\\/www.funfetti.shop\\\/product\\\/kraagspeld-met-rode-hartjes\\\/\"]}]},{\"@type\":\"ImageObject\",\"inLanguage\":\"de\",\"@id\":\"https:\\\/\\\/www.funfetti.shop\\\/product\\\/kraagspeld-met-rode-hartjes\\\/#primaryimage\",\"url\":\"https:\\\/\\\/www.funfetti.shop\\\/wp-content\\\/uploads\\\/2020\\\/05\\\/collar-tips-hartje-rood-3.jpg\",\"contentUrl\":\"https:\\\/\\\/www.funfetti.shop\\\/wp-content\\\/uploads\\\/2020\\\/05\\\/collar-tips-hartje-rood-3.jpg\",\"width\":600,\"height\":1067,\"caption\":\"Collar tips red hearts; FunFetti.shop\"},{\"@type\":\"BreadcrumbList\",\"@id\":\"https:\\\/\\\/www.funfetti.shop\\\/product\\\/kraagspeld-met-rode-hartjes\\\/#breadcrumb\",\"itemListElement\":[{\"@type\":\"ListItem\",\"position\":1,\"name\":\"Home\",\"item\":\"https:\\\/\\\/www.funfetti.shop\\\/\"},{\"@type\":\"ListItem\",\"position\":2,\"name\":\"Winkel\",\"item\":\"https:\\\/\\\/www.funfetti.shop\\\/winkel\\\/\"},{\"@type\":\"ListItem\",\"position\":3,\"name\":\"Kraagspeld met Rode Hartjes\"}]},{\"@type\":\"WebSite\",\"@id\":\"https:\\\/\\\/www.funfetti.shop\\\/#website\",\"url\":\"https:\\\/\\\/www.funfetti.shop\\\/\",\"name\":\"FunFetti\",\"description\":\"a curated mix of gifts, home d\u00e9cor and design\",\"publisher\":{\"@id\":\"https:\\\/\\\/www.funfetti.shop\\\/#organization\"},\"potentialAction\":[{\"@type\":\"SearchAction\",\"target\":{\"@type\":\"EntryPoint\",\"urlTemplate\":\"https:\\\/\\\/www.funfetti.shop\\\/?s={search_term_string}\"},\"query-input\":{\"@type\":\"PropertyValueSpecification\",\"valueRequired\":true,\"valueName\":\"search_term_string\"}}],\"inLanguage\":\"de\"},{\"@type\":\"Organization\",\"@id\":\"https:\\\/\\\/www.funfetti.shop\\\/#organization\",\"name\":\"FunFetti\",\"url\":\"https:\\\/\\\/www.funfetti.shop\\\/\",\"logo\":{\"@type\":\"ImageObject\",\"inLanguage\":\"de\",\"@id\":\"https:\\\/\\\/www.funfetti.shop\\\/#\\\/schema\\\/logo\\\/image\\\/\",\"url\":\"https:\\\/\\\/i0.wp.com\\\/www.funfetti.shop\\\/wp-content\\\/uploads\\\/2021\\\/11\\\/cropped-LOGO-WP-2021.png?fit=2000%2C171&ssl=1\",\"contentUrl\":\"https:\\\/\\\/i0.wp.com\\\/www.funfetti.shop\\\/wp-content\\\/uploads\\\/2021\\\/11\\\/cropped-LOGO-WP-2021.png?fit=2000%2C171&ssl=1\",\"width\":2000,\"height\":171,\"caption\":\"FunFetti\"},\"image\":{\"@id\":\"https:\\\/\\\/www.funfetti.shop\\\/#\\\/schema\\\/logo\\\/image\\\/\"},\"sameAs\":[\"https:\\\/\\\/www.facebook.com\\\/funfetti.shop\",\"https:\\\/\\\/www.instagram.com\\\/funfetti.shop\\\/\",\"https:\\\/\\\/nl.pinterest.com\\\/funfettiforever\\\/\"]}]}<\/script>\n<!-- \/ Yoast SEO plugin. -->","yoast_head_json":{"title":"Halsbandnadel mit roten Herzen - FunFetti","description":"Coole Kragenspitzen mit roten Herzen. Zwei gl\u00e4nzende Acryl-Herzen schm\u00fccken Ihren Kragen, verbunden durch eine doppelte Silberkette.","robots":{"index":"index","follow":"follow","max-snippet":"max-snippet:-1","max-image-preview":"max-image-preview:large","max-video-preview":"max-video-preview:-1"},"canonical":"https:\/\/www.funfetti.shop\/de\/produkt\/kragenspiegel-mit-roten-herzen\/","og_locale":"de_DE","og_type":"article","og_title":"Kraagspeld met Rode Hartjes - FunFetti","og_description":"Toffe collartips met rode hartjes. Twee glanzende acrylaat hartjes die je kraag sieren, verbonden door een dubbele zilverkleurige ketting.","og_url":"https:\/\/www.funfetti.shop\/de\/produkt\/kragenspiegel-mit-roten-herzen\/","og_site_name":"FunFetti","article_publisher":"https:\/\/www.facebook.com\/funfetti.shop","article_modified_time":"2026-02-12T12:05:00+00:00","og_image":[{"width":600,"height":1067,"url":"https:\/\/www.funfetti.shop\/wp-content\/uploads\/2020\/05\/collar-tips-hartje-rood-3.jpg","type":"image\/jpeg"}],"twitter_card":"summary_large_image","twitter_misc":{"Gesch\u00e4tzte Lesezeit":"1\u00a0Minute"},"schema":{"@context":"https:\/\/schema.org","@graph":[{"@type":"WebPage","@id":"https:\/\/www.funfetti.shop\/product\/kraagspeld-met-rode-hartjes\/","url":"https:\/\/www.funfetti.shop\/product\/kraagspeld-met-rode-hartjes\/","name":"Halsbandnadel mit roten Herzen - FunFetti","isPartOf":{"@id":"https:\/\/www.funfetti.shop\/#website"},"primaryImageOfPage":{"@id":"https:\/\/www.funfetti.shop\/product\/kraagspeld-met-rode-hartjes\/#primaryimage"},"image":{"@id":"https:\/\/www.funfetti.shop\/product\/kraagspeld-met-rode-hartjes\/#primaryimage"},"thumbnailUrl":"https:\/\/www.funfetti.shop\/wp-content\/uploads\/2020\/05\/collar-tips-hartje-rood-3.jpg","datePublished":"2023-02-14T15:27:37+00:00","dateModified":"2026-02-12T12:05:00+00:00","description":"Coole Kragenspitzen mit roten Herzen. Zwei gl\u00e4nzende Acryl-Herzen schm\u00fccken Ihren Kragen, verbunden durch eine doppelte Silberkette.","breadcrumb":{"@id":"https:\/\/www.funfetti.shop\/product\/kraagspeld-met-rode-hartjes\/#breadcrumb"},"inLanguage":"de","potentialAction":[{"@type":"ReadAction","target":["https:\/\/www.funfetti.shop\/product\/kraagspeld-met-rode-hartjes\/"]}]},{"@type":"ImageObject","inLanguage":"de","@id":"https:\/\/www.funfetti.shop\/product\/kraagspeld-met-rode-hartjes\/#primaryimage","url":"https:\/\/www.funfetti.shop\/wp-content\/uploads\/2020\/05\/collar-tips-hartje-rood-3.jpg","contentUrl":"https:\/\/www.funfetti.shop\/wp-content\/uploads\/2020\/05\/collar-tips-hartje-rood-3.jpg","width":600,"height":1067,"caption":"Collar tips red hearts; FunFetti.shop"},{"@type":"BreadcrumbList","@id":"https:\/\/www.funfetti.shop\/product\/kraagspeld-met-rode-hartjes\/#breadcrumb","itemListElement":[{"@type":"ListItem","position":1,"name":"Home","item":"https:\/\/www.funfetti.shop\/"},{"@type":"ListItem","position":2,"name":"Winkel","item":"https:\/\/www.funfetti.shop\/winkel\/"},{"@type":"ListItem","position":3,"name":"Kraagspeld met Rode Hartjes"}]},{"@type":"WebSite","@id":"https:\/\/www.funfetti.shop\/#website","url":"https:\/\/www.funfetti.shop\/","name":"FunFetti","description":"eine ausgew\u00e4hlte Mischung aus Geschenken, Wohnaccessoires und Design","publisher":{"@id":"https:\/\/www.funfetti.shop\/#organization"},"potentialAction":[{"@type":"SearchAction","target":{"@type":"EntryPoint","urlTemplate":"https:\/\/www.funfetti.shop\/?s={search_term_string}"},"query-input":{"@type":"PropertyValueSpecification","valueRequired":true,"valueName":"search_term_string"}}],"inLanguage":"de"},{"@type":"Organization","@id":"https:\/\/www.funfetti.shop\/#organization","name":"FunFetti","url":"https:\/\/www.funfetti.shop\/","logo":{"@type":"ImageObject","inLanguage":"de","@id":"https:\/\/www.funfetti.shop\/#\/schema\/logo\/image\/","url":"https:\/\/i0.wp.com\/www.funfetti.shop\/wp-content\/uploads\/2021\/11\/cropped-LOGO-WP-2021.png?fit=2000%2C171&ssl=1","contentUrl":"https:\/\/i0.wp.com\/www.funfetti.shop\/wp-content\/uploads\/2021\/11\/cropped-LOGO-WP-2021.png?fit=2000%2C171&ssl=1","width":2000,"height":171,"caption":"FunFetti"},"image":{"@id":"https:\/\/www.funfetti.shop\/#\/schema\/logo\/image\/"},"sameAs":["https:\/\/www.facebook.com\/funfetti.shop","https:\/\/www.instagram.com\/funfetti.shop\/","https:\/\/nl.pinterest.com\/funfettiforever\/"]}]}},"jetpack_publicize_connections":[],"jetpack_sharing_enabled":true,"_links":{"self":[{"href":"https:\/\/www.funfetti.shop\/de\/wp-json\/wp\/v2\/product\/5641","targetHints":{"allow":["GET"]}}],"collection":[{"href":"https:\/\/www.funfetti.shop\/de\/wp-json\/wp\/v2\/product"}],"about":[{"href":"https:\/\/www.funfetti.shop\/de\/wp-json\/wp\/v2\/types\/product"}],"wp:featuredmedia":[{"embeddable":true,"href":"https:\/\/www.funfetti.shop\/de\/wp-json\/wp\/v2\/media\/9811"}],"wp:attachment":[{"href":"https:\/\/www.funfetti.shop\/de\/wp-json\/wp\/v2\/media?parent=5641"}],"wp:term":[{"taxonomy":"product_brand","embeddable":true,"href":"https:\/\/www.funfetti.shop\/de\/wp-json\/wp\/v2\/product_brand?post=5641"},{"taxonomy":"product_cat","embeddable":true,"href":"https:\/\/www.funfetti.shop\/de\/wp-json\/wp\/v2\/product_cat?post=5641"},{"taxonomy":"product_tag","embeddable":true,"href":"https:\/\/www.funfetti.shop\/de\/wp-json\/wp\/v2\/product_tag?post=5641"}],"curies":[{"name":"wp","href":"https:\/\/api.w.org\/{rel}","templated":true}]}}