{"id":5665,"date":"2023-02-15T12:41:08","date_gmt":"2023-02-15T12:41:08","guid":{"rendered":"https:\/\/www.funfetti.shop\/?post_type=product&#038;p=5665"},"modified":"2026-01-16T13:54:08","modified_gmt":"2026-01-16T13:54:08","slug":"tulpenvase-gold","status":"publish","type":"product","link":"https:\/\/www.funfetti.shop\/de\/product\/tulpen-vaas-goud\/","title":{"rendered":"Tulpenvase Gold 3-teilig"},"content":{"rendered":"<div class=\"text-collapse mb-3 mb-md-4 has-no-overflow\" data-controller=\"text-collapse\">\n<h3 data-start=\"186\" data-end=\"243\">Tulpenvase Gold 3-teilig - Heinen Delft Blau<\/h3>\n<p class=\"\" data-start=\"245\" data-end=\"305\"><strong data-start=\"245\" data-end=\"305\">Niederl\u00e4ndisches Flair der alten Schule, aber mit einem Gold-Upgrade!<\/strong><\/p>\n<p class=\"\" data-start=\"307\" data-end=\"662\">Begr\u00fc\u00dfen Sie diese kultige Tulpenvase mit gl\u00e4nzendem Rand! Diese 3-teilige <strong data-start=\"388\" data-end=\"430\">Heinen Delfter Blau Tulpenvase in Gold<\/strong> ist alles andere als langweilig. Stapelbar, stilvoll und funkelnd - dieses Kunstwerk wird Ihre Blumen wie nie zuvor zum Strahlen bringen. Stellen Sie es auf Ihren Tisch, die Fensterbank oder in eine Ecke, die etwas Dramatik gebrauchen k\u00f6nnte. Sofortiger Aha-Effekt garantiert!<\/p>\n<hr class=\"\" data-start=\"664\" data-end=\"667\" \/>\n<p class=\"\" data-start=\"669\" data-end=\"707\"><strong data-start=\"669\" data-end=\"707\">Warum Sie diesen Blickfang brauchen:<\/strong><\/p>\n<ul>\n<li data-start=\"711\" data-end=\"776\"><strong data-start=\"714\" data-end=\"731\">Goldener Ruhm<\/strong> - ein gl\u00e4nzender Blickfang f\u00fcr Ihr Interieur<\/li>\n<li data-start=\"779\" data-end=\"844\"><strong data-start=\"782\" data-end=\"807\">Blumenparty deluxe<\/strong> - jede Blume bekommt ihre eigene B\u00fchne<\/li>\n<li data-start=\"847\" data-end=\"908\"><strong data-start=\"850\" data-end=\"866\">Geschenk-Alarm<\/strong> - perfekt f\u00fcr Designliebhaber und Blumenfans<\/li>\n<li data-start=\"911\" data-end=\"972\"><strong data-start=\"914\" data-end=\"931\">Spa\u00df beim Stapeln<\/strong> - drei getrennte Teile, endlose Kombination<\/li>\n<li data-start=\"975\" data-end=\"1035\"><strong data-start=\"979\" data-end=\"1013\">Niederl\u00e4ndisches Erbe mit Pfiff<\/strong> - klassisch trifft cool<\/li>\n<\/ul>\n<hr class=\"\" data-start=\"1037\" data-end=\"1040\" \/>\n<p class=\"\" data-start=\"1042\" data-end=\"1063\"><strong data-start=\"1042\" data-end=\"1063\">Spezifikationen:<\/strong><\/p>\n<ul>\n<li data-start=\"1067\" data-end=\"1090\"><em><strong>H\u00f6he: ca. 40 cm<\/strong><\/em><\/li>\n<li data-start=\"1093\" data-end=\"1118\"><em><strong>Material: Keramik<\/strong><\/em><\/li>\n<li data-start=\"1121\" data-end=\"1147\"><em><strong>Farbe: gl\u00e4nzendes Gold<\/strong><\/em><\/li>\n<li data-start=\"1150\" data-end=\"1187\"><em><strong>3 separate Teile - stapeln Sie sie hoch!<\/strong><\/em><\/li>\n<li data-start=\"1190\" data-end=\"1214\"><em><strong>EAN: 8720615724246<\/strong><\/em><\/li>\n<li><em><strong>Nicht sp\u00fclmaschinengeeignet<\/strong><\/em><\/li>\n<li><em><strong>Marke: <a href=\"https:\/\/www.funfetti.shop\/de\/produkt-kategorie\/marken-2\/heinen_delfts_blue\/\">Heinen Delft Blau<\/a><\/strong><\/em><\/li>\n<\/ul>\n<hr class=\"\" data-start=\"1216\" data-end=\"1219\" \/>\n<\/div>\n<div class=\"mb-3 mb-md-4\">\n<p>&nbsp;<\/p>\n<\/div>","protected":false},"excerpt":{"rendered":"<p>Die Tulpenvase Gold ist eine sch\u00f6ne, goldgl\u00e4nzende Vase mit einer H\u00f6he von bis zu 40 cm. Sie k\u00f6nnen Tulpen in alle \u00d6ffnungen der Vase stellen, wodurch ein wirklich gro\u00dfer Blickfang entsteht. Die Blumenvase besteht aus 3 Teilen, die separat mit Wasser bef\u00fcllt werden k\u00f6nnen.<\/p>","protected":false},"featured_media":8765,"template":"","meta":{"neve_meta_sidebar":"","neve_meta_container":"","neve_meta_enable_content_width":"off","neve_meta_content_width":100,"neve_meta_title_alignment":"","neve_meta_author_avatar":"","neve_post_elements_order":"","neve_meta_disable_header":"","neve_meta_disable_footer":"","neve_meta_disable_title":"","neve_meta_reading_time":"","jetpack_publicize_message":"","jetpack_publicize_feature_enabled":true,"jetpack_social_post_already_shared":false,"jetpack_social_options":{"image_generator_settings":{"template":"highway","default_image_id":0,"font":"","enabled":false},"version":2}},"product_brand":[],"product_cat":[15,678,677,22,576,30,316,685,23],"product_tag":[87,134,148],"class_list":{"0":"post-5665","1":"product","2":"type-product","3":"status-publish","4":"has-post-thumbnail","6":"product_cat-allefun","7":"product_cat-dutch-design","8":"product_cat-fundesign","9":"product_cat-funliving","10":"product_cat-heinen_delfts_blauw","11":"product_cat-keramiek","12":"product_cat-vazen","13":"product_cat-voor-haar","14":"product_cat-woondecoratie","15":"product_tag-goud","16":"product_tag-keramiek","17":"product_tag-vaas","18":"product_shipping_class-pakket-met-track-en-trace","20":"first","21":"instock","22":"taxable","23":"shipping-taxable","24":"purchasable","25":"product-type-simple"},"yoast_head":"<!-- This site is optimized with the Yoast SEO plugin v27.4 - https:\/\/yoast.com\/product\/yoast-seo-wordpress\/ -->\n<title>Tulpenvaas Goud 3-delig - Heinen Delfts Blauw<\/title>\n<meta name=\"description\" content=\"Ready om je bloemen op een voetstuk te zetten? Bestel deze gouden beauty nu bij Funfetti.shop en laat je interieur shinen als een zonnetje!\" \/>\n<meta name=\"robots\" content=\"index, follow, max-snippet:-1, max-image-preview:large, max-video-preview:-1\" \/>\n<link rel=\"canonical\" href=\"https:\/\/www.funfetti.shop\/de\/produkt\/tulpenvase-gold\/\" \/>\n<meta property=\"og:locale\" content=\"de_DE\" \/>\n<meta property=\"og:type\" content=\"article\" \/>\n<meta property=\"og:title\" content=\"Tulpenvaas Goud 3-delig - Heinen Delfts Blauw\" \/>\n<meta property=\"og:description\" content=\"Ready om je bloemen op een voetstuk te zetten? Bestel deze gouden beauty nu bij Funfetti.shop en laat je interieur shinen als een zonnetje!\" \/>\n<meta property=\"og:url\" content=\"https:\/\/www.funfetti.shop\/de\/produkt\/tulpenvase-gold\/\" \/>\n<meta property=\"og:site_name\" content=\"FunFetti\" \/>\n<meta property=\"article:publisher\" content=\"https:\/\/www.facebook.com\/funfetti.shop\" \/>\n<meta property=\"article:modified_time\" content=\"2026-01-16T13:54:08+00:00\" \/>\n<meta property=\"og:image\" content=\"https:\/\/www.funfetti.shop\/wp-content\/uploads\/2023\/02\/Tulpen-vaas-goud-Heinen-Delfts-Blauw.webp\" \/>\n\t<meta property=\"og:image:width\" content=\"600\" \/>\n\t<meta property=\"og:image:height\" content=\"1067\" \/>\n\t<meta property=\"og:image:type\" content=\"image\/webp\" \/>\n<meta name=\"twitter:card\" content=\"summary_large_image\" \/>\n<meta name=\"twitter:label1\" content=\"Gesch\u00e4tzte Lesezeit\" \/>\n\t<meta name=\"twitter:data1\" content=\"1\u00a0Minute\" \/>\n<script type=\"application\/ld+json\" class=\"yoast-schema-graph\">{\"@context\":\"https:\\\/\\\/schema.org\",\"@graph\":[{\"@type\":\"WebPage\",\"@id\":\"https:\\\/\\\/www.funfetti.shop\\\/product\\\/tulpen-vaas-goud\\\/\",\"url\":\"https:\\\/\\\/www.funfetti.shop\\\/product\\\/tulpen-vaas-goud\\\/\",\"name\":\"Tulpenvaas Goud 3-delig - Heinen Delfts Blauw\",\"isPartOf\":{\"@id\":\"https:\\\/\\\/www.funfetti.shop\\\/#website\"},\"primaryImageOfPage\":{\"@id\":\"https:\\\/\\\/www.funfetti.shop\\\/product\\\/tulpen-vaas-goud\\\/#primaryimage\"},\"image\":{\"@id\":\"https:\\\/\\\/www.funfetti.shop\\\/product\\\/tulpen-vaas-goud\\\/#primaryimage\"},\"thumbnailUrl\":\"https:\\\/\\\/www.funfetti.shop\\\/wp-content\\\/uploads\\\/2023\\\/02\\\/Tulpen-vaas-goud-Heinen-Delfts-Blauw.webp\",\"datePublished\":\"2023-02-15T12:41:08+00:00\",\"dateModified\":\"2026-01-16T13:54:08+00:00\",\"description\":\"Ready om je bloemen op een voetstuk te zetten? Bestel deze gouden beauty nu bij Funfetti.shop en laat je interieur shinen als een zonnetje!\",\"breadcrumb\":{\"@id\":\"https:\\\/\\\/www.funfetti.shop\\\/product\\\/tulpen-vaas-goud\\\/#breadcrumb\"},\"inLanguage\":\"de\",\"potentialAction\":[{\"@type\":\"ReadAction\",\"target\":[\"https:\\\/\\\/www.funfetti.shop\\\/product\\\/tulpen-vaas-goud\\\/\"]}]},{\"@type\":\"ImageObject\",\"inLanguage\":\"de\",\"@id\":\"https:\\\/\\\/www.funfetti.shop\\\/product\\\/tulpen-vaas-goud\\\/#primaryimage\",\"url\":\"https:\\\/\\\/www.funfetti.shop\\\/wp-content\\\/uploads\\\/2023\\\/02\\\/Tulpen-vaas-goud-Heinen-Delfts-Blauw.webp\",\"contentUrl\":\"https:\\\/\\\/www.funfetti.shop\\\/wp-content\\\/uploads\\\/2023\\\/02\\\/Tulpen-vaas-goud-Heinen-Delfts-Blauw.webp\",\"width\":600,\"height\":1067,\"caption\":\"Tulpen vaas goud - Heinen Delfts Blauw\"},{\"@type\":\"BreadcrumbList\",\"@id\":\"https:\\\/\\\/www.funfetti.shop\\\/product\\\/tulpen-vaas-goud\\\/#breadcrumb\",\"itemListElement\":[{\"@type\":\"ListItem\",\"position\":1,\"name\":\"Home\",\"item\":\"https:\\\/\\\/www.funfetti.shop\\\/\"},{\"@type\":\"ListItem\",\"position\":2,\"name\":\"Winkel\",\"item\":\"https:\\\/\\\/www.funfetti.shop\\\/winkel\\\/\"},{\"@type\":\"ListItem\",\"position\":3,\"name\":\"Tulpenvaas Goud 3-delig\"}]},{\"@type\":\"WebSite\",\"@id\":\"https:\\\/\\\/www.funfetti.shop\\\/#website\",\"url\":\"https:\\\/\\\/www.funfetti.shop\\\/\",\"name\":\"FunFetti\",\"description\":\"a curated mix of gifts, home d\u00e9cor and design\",\"publisher\":{\"@id\":\"https:\\\/\\\/www.funfetti.shop\\\/#organization\"},\"potentialAction\":[{\"@type\":\"SearchAction\",\"target\":{\"@type\":\"EntryPoint\",\"urlTemplate\":\"https:\\\/\\\/www.funfetti.shop\\\/?s={search_term_string}\"},\"query-input\":{\"@type\":\"PropertyValueSpecification\",\"valueRequired\":true,\"valueName\":\"search_term_string\"}}],\"inLanguage\":\"de\"},{\"@type\":\"Organization\",\"@id\":\"https:\\\/\\\/www.funfetti.shop\\\/#organization\",\"name\":\"FunFetti\",\"url\":\"https:\\\/\\\/www.funfetti.shop\\\/\",\"logo\":{\"@type\":\"ImageObject\",\"inLanguage\":\"de\",\"@id\":\"https:\\\/\\\/www.funfetti.shop\\\/#\\\/schema\\\/logo\\\/image\\\/\",\"url\":\"https:\\\/\\\/i0.wp.com\\\/www.funfetti.shop\\\/wp-content\\\/uploads\\\/2021\\\/11\\\/cropped-LOGO-WP-2021.png?fit=2000%2C171&ssl=1\",\"contentUrl\":\"https:\\\/\\\/i0.wp.com\\\/www.funfetti.shop\\\/wp-content\\\/uploads\\\/2021\\\/11\\\/cropped-LOGO-WP-2021.png?fit=2000%2C171&ssl=1\",\"width\":2000,\"height\":171,\"caption\":\"FunFetti\"},\"image\":{\"@id\":\"https:\\\/\\\/www.funfetti.shop\\\/#\\\/schema\\\/logo\\\/image\\\/\"},\"sameAs\":[\"https:\\\/\\\/www.facebook.com\\\/funfetti.shop\",\"https:\\\/\\\/www.instagram.com\\\/funfetti.shop\\\/\",\"https:\\\/\\\/nl.pinterest.com\\\/funfettiforever\\\/\"]}]}<\/script>\n<!-- \/ Yoast SEO plugin. -->","yoast_head_json":{"title":"Tulpenvase Gold 3-teilig - Heinen Delft Blau","description":"Sind Sie bereit, Ihre Blumen auf ein Podest zu stellen? Bestellen Sie diese goldene Sch\u00f6nheit jetzt bei Funfetti.shop und lassen Sie Ihr Interieur wie eine Sonne strahlen!","robots":{"index":"index","follow":"follow","max-snippet":"max-snippet:-1","max-image-preview":"max-image-preview:large","max-video-preview":"max-video-preview:-1"},"canonical":"https:\/\/www.funfetti.shop\/de\/produkt\/tulpenvase-gold\/","og_locale":"de_DE","og_type":"article","og_title":"Tulpenvaas Goud 3-delig - Heinen Delfts Blauw","og_description":"Ready om je bloemen op een voetstuk te zetten? Bestel deze gouden beauty nu bij Funfetti.shop en laat je interieur shinen als een zonnetje!","og_url":"https:\/\/www.funfetti.shop\/de\/produkt\/tulpenvase-gold\/","og_site_name":"FunFetti","article_publisher":"https:\/\/www.facebook.com\/funfetti.shop","article_modified_time":"2026-01-16T13:54:08+00:00","og_image":[{"width":600,"height":1067,"url":"https:\/\/www.funfetti.shop\/wp-content\/uploads\/2023\/02\/Tulpen-vaas-goud-Heinen-Delfts-Blauw.webp","type":"image\/webp"}],"twitter_card":"summary_large_image","twitter_misc":{"Gesch\u00e4tzte Lesezeit":"1\u00a0Minute"},"schema":{"@context":"https:\/\/schema.org","@graph":[{"@type":"WebPage","@id":"https:\/\/www.funfetti.shop\/product\/tulpen-vaas-goud\/","url":"https:\/\/www.funfetti.shop\/product\/tulpen-vaas-goud\/","name":"Tulpenvase Gold 3-teilig - Heinen Delft Blau","isPartOf":{"@id":"https:\/\/www.funfetti.shop\/#website"},"primaryImageOfPage":{"@id":"https:\/\/www.funfetti.shop\/product\/tulpen-vaas-goud\/#primaryimage"},"image":{"@id":"https:\/\/www.funfetti.shop\/product\/tulpen-vaas-goud\/#primaryimage"},"thumbnailUrl":"https:\/\/www.funfetti.shop\/wp-content\/uploads\/2023\/02\/Tulpen-vaas-goud-Heinen-Delfts-Blauw.webp","datePublished":"2023-02-15T12:41:08+00:00","dateModified":"2026-01-16T13:54:08+00:00","description":"Sind Sie bereit, Ihre Blumen auf ein Podest zu stellen? Bestellen Sie diese goldene Sch\u00f6nheit jetzt bei Funfetti.shop und lassen Sie Ihr Interieur wie eine Sonne strahlen!","breadcrumb":{"@id":"https:\/\/www.funfetti.shop\/product\/tulpen-vaas-goud\/#breadcrumb"},"inLanguage":"de","potentialAction":[{"@type":"ReadAction","target":["https:\/\/www.funfetti.shop\/product\/tulpen-vaas-goud\/"]}]},{"@type":"ImageObject","inLanguage":"de","@id":"https:\/\/www.funfetti.shop\/product\/tulpen-vaas-goud\/#primaryimage","url":"https:\/\/www.funfetti.shop\/wp-content\/uploads\/2023\/02\/Tulpen-vaas-goud-Heinen-Delfts-Blauw.webp","contentUrl":"https:\/\/www.funfetti.shop\/wp-content\/uploads\/2023\/02\/Tulpen-vaas-goud-Heinen-Delfts-Blauw.webp","width":600,"height":1067,"caption":"Tulpen vaas goud - Heinen Delfts Blauw"},{"@type":"BreadcrumbList","@id":"https:\/\/www.funfetti.shop\/product\/tulpen-vaas-goud\/#breadcrumb","itemListElement":[{"@type":"ListItem","position":1,"name":"Home","item":"https:\/\/www.funfetti.shop\/"},{"@type":"ListItem","position":2,"name":"Winkel","item":"https:\/\/www.funfetti.shop\/winkel\/"},{"@type":"ListItem","position":3,"name":"Tulpenvaas Goud 3-delig"}]},{"@type":"WebSite","@id":"https:\/\/www.funfetti.shop\/#website","url":"https:\/\/www.funfetti.shop\/","name":"FunFetti","description":"eine ausgew\u00e4hlte Mischung aus Geschenken, Wohnaccessoires und Design","publisher":{"@id":"https:\/\/www.funfetti.shop\/#organization"},"potentialAction":[{"@type":"SearchAction","target":{"@type":"EntryPoint","urlTemplate":"https:\/\/www.funfetti.shop\/?s={search_term_string}"},"query-input":{"@type":"PropertyValueSpecification","valueRequired":true,"valueName":"search_term_string"}}],"inLanguage":"de"},{"@type":"Organization","@id":"https:\/\/www.funfetti.shop\/#organization","name":"FunFetti","url":"https:\/\/www.funfetti.shop\/","logo":{"@type":"ImageObject","inLanguage":"de","@id":"https:\/\/www.funfetti.shop\/#\/schema\/logo\/image\/","url":"https:\/\/i0.wp.com\/www.funfetti.shop\/wp-content\/uploads\/2021\/11\/cropped-LOGO-WP-2021.png?fit=2000%2C171&ssl=1","contentUrl":"https:\/\/i0.wp.com\/www.funfetti.shop\/wp-content\/uploads\/2021\/11\/cropped-LOGO-WP-2021.png?fit=2000%2C171&ssl=1","width":2000,"height":171,"caption":"FunFetti"},"image":{"@id":"https:\/\/www.funfetti.shop\/#\/schema\/logo\/image\/"},"sameAs":["https:\/\/www.facebook.com\/funfetti.shop","https:\/\/www.instagram.com\/funfetti.shop\/","https:\/\/nl.pinterest.com\/funfettiforever\/"]}]}},"jetpack_publicize_connections":[],"jetpack_sharing_enabled":true,"_links":{"self":[{"href":"https:\/\/www.funfetti.shop\/de\/wp-json\/wp\/v2\/product\/5665","targetHints":{"allow":["GET"]}}],"collection":[{"href":"https:\/\/www.funfetti.shop\/de\/wp-json\/wp\/v2\/product"}],"about":[{"href":"https:\/\/www.funfetti.shop\/de\/wp-json\/wp\/v2\/types\/product"}],"wp:featuredmedia":[{"embeddable":true,"href":"https:\/\/www.funfetti.shop\/de\/wp-json\/wp\/v2\/media\/8765"}],"wp:attachment":[{"href":"https:\/\/www.funfetti.shop\/de\/wp-json\/wp\/v2\/media?parent=5665"}],"wp:term":[{"taxonomy":"product_brand","embeddable":true,"href":"https:\/\/www.funfetti.shop\/de\/wp-json\/wp\/v2\/product_brand?post=5665"},{"taxonomy":"product_cat","embeddable":true,"href":"https:\/\/www.funfetti.shop\/de\/wp-json\/wp\/v2\/product_cat?post=5665"},{"taxonomy":"product_tag","embeddable":true,"href":"https:\/\/www.funfetti.shop\/de\/wp-json\/wp\/v2\/product_tag?post=5665"}],"curies":[{"name":"wp","href":"https:\/\/api.w.org\/{rel}","templated":true}]}}