{"id":6057,"date":"2023-03-24T15:35:08","date_gmt":"2023-03-24T15:35:08","guid":{"rendered":"https:\/\/www.funfetti.shop\/?post_type=product&#038;p=6057"},"modified":"2026-04-01T15:06:44","modified_gmt":"2026-04-01T15:06:44","slug":"zimmerbrett-ecke","status":"publish","type":"product","link":"https:\/\/www.funfetti.shop\/de\/product\/roomplank-corner\/","title":{"rendered":"Boschroom Wandregal Ecke Wei\u00df"},"content":{"rendered":"<h3 data-section-id=\"3fjp07\" data-start=\"1695\" data-end=\"1748\">Boschroom Wandregal Ecke Wei\u00df<\/h3>\n<p data-start=\"1750\" data-end=\"1809\"><strong data-start=\"1750\" data-end=\"1809\">Als ob ein kleines Kunstwerk pl\u00f6tzlich aus deiner Wand wachsen w\u00fcrde.<\/strong><\/p>\n<p data-start=\"1811\" data-end=\"2109\">Das Boschroom Wandregal Ecke Wei\u00df verleiht etwas Allt\u00e4glichem wie einem Wandregal eine verspielte und skulpturale Note. Keine gerade, vorhersehbare Form, sondern ein Objekt, das sich wie eine kleine Entdeckung zu Hause anf\u00fchlt. Als ob Design und Fantasie sich in der Ecke deiner Wand getroffen h\u00e4tten.<\/p>\n<p data-start=\"2111\" data-end=\"2420\">Die organische Form ist inspiriert von Pilzen und Schw\u00e4mmen aus der Natur, mit einem subtilen Augenzwinkern zur wundersamen Welt von Jheronimus Bosch. Dadurch f\u00fchlt sich dieses Regal weich, besonders und \u00fcberraschend zugleich an. Man benutzt es als Regal, aber eigentlich ist es genauso gut ein eigenst\u00e4ndiges Designobjekt.<\/p>\n<p data-start=\"2422\" data-end=\"2648\">Perfekt f\u00fcr eine kleine Vase, ein besonderes Objekt oder etwas Sch\u00f6nes, das gesehen werden darf.<\/p>\n<p data-section-id=\"1dhqvak\" data-start=\"2650\" data-end=\"2667\"><strong><em>Spezifikationen:<\/em><\/strong><\/p>\n<ul data-start=\"2669\" data-end=\"3252\">\n<li data-section-id=\"jgdmgw\" data-start=\"2669\" data-end=\"2704\"><strong><em>Produkt: Boschroom Regal Ecke<\/em><\/strong><\/li>\n<li data-section-id=\"10se7r9\" data-start=\"2705\" data-end=\"2776\"><strong><em>Material: Keramik \/ Steingut<\/em><\/strong><\/li>\n<li data-section-id=\"e2eb4d\" data-start=\"2777\" data-end=\"2844\"><strong><em>Farbe: Wei\u00df<\/em><\/strong><\/li>\n<li data-section-id=\"15cm4ra\" data-start=\"2845\" data-end=\"2914\"><strong><em>Abmessungen: 34 x 15 x 15 cm<\/em><\/strong><\/li>\n<li data-section-id=\"19ak8f3\" data-start=\"2915\" data-end=\"3027\"><strong><em>Handgefertigt: kann kleine Unregelm\u00e4\u00dfigkeiten enthalten<\/em><\/strong><\/li>\n<li><strong><em>Hergestellt in \u2018s-Hertogenbosch<\/em><\/strong><\/li>\n<li data-section-id=\"8z31y9\" data-start=\"3028\" data-end=\"3130\"><strong><em>Einfach aufzuh\u00e4ngen durch die \u00d6ffnungen auf der R\u00fcckseite<\/em><\/strong><\/li>\n<li data-section-id=\"xn0huc\" data-start=\"3131\" data-end=\"3195\"><strong><em>Entwurf: David Derksen<\/em><\/strong><\/li>\n<li data-section-id=\"q9cf37\" data-start=\"3196\" data-end=\"3252\"><strong><em>Marke: <a href=\"https:\/\/www.funfetti.shop\/de\/produkt-kategorie\/marken-2\/cor-unum\/\">Cor Unum<\/a><\/em><\/strong><\/li>\n<\/ul>\n<hr \/>\n<p data-start=\"3254\" data-end=\"3383\"><strong data-start=\"3254\" data-end=\"3271\">FunFetti-Tipp:<\/strong> Lass nicht zu viel darauf stehen. Gerade mit einem sch\u00f6nen Objekt darauf kommt die skulpturale Form am besten zur Geltung.<\/p>\n<hr \/>\n<p>&nbsp;<\/p>","protected":false},"excerpt":{"rendered":"<p data-start=\"1449\" data-end=\"1471\"><strong data-start=\"1449\" data-end=\"1471\">Warum du das willst<\/strong><\/p>\n<ul data-start=\"1473\" data-end=\"1688\">\n<li data-section-id=\"1qm7we8\" data-start=\"1473\" data-end=\"1513\">Weil dies viel mehr ist als ein Regal<\/li>\n<li data-section-id=\"15pb93z\" data-start=\"1514\" data-end=\"1573\">Weil Kunst und Funktionalit\u00e4t hier wunderbar zusammenkommen<\/li>\n<li data-section-id=\"wu6gvf\" data-start=\"1574\" data-end=\"1628\">Weil eine vergessene Ecke pl\u00f6tzlich ein Statement wird<\/li>\n<li data-section-id=\"fmnsb\" data-start=\"1629\" data-end=\"1688\">Weil Ihr Zuhause manchmal einfach ein besonderes Objekt verdient<\/li>\n<\/ul>","protected":false},"featured_media":10131,"template":"","meta":{"neve_meta_sidebar":"","neve_meta_container":"","neve_meta_enable_content_width":"off","neve_meta_content_width":100,"neve_meta_title_alignment":"","neve_meta_author_avatar":"","neve_post_elements_order":"","neve_meta_disable_header":"","neve_meta_disable_footer":"","neve_meta_disable_title":"","neve_meta_reading_time":"","advanced_seo_description":"","jetpack_seo_html_title":"","jetpack_seo_noindex":false,"jetpack_publicize_message":"","jetpack_publicize_feature_enabled":true,"jetpack_social_post_already_shared":false,"jetpack_social_options":{"image_generator_settings":{"template":"highway","default_image_id":0,"font":"","enabled":false},"version":2}},"product_brand":[],"product_cat":[15,779,466,678,677,22,30,37,31,710,23],"product_tag":[441,661,134,662,103],"class_list":{"0":"post-6057","1":"product","2":"type-product","3":"status-publish","4":"has-post-thumbnail","6":"product_cat-allefun","7":"product_cat-art-wall","8":"product_cat-cor-unum","9":"product_cat-dutch-design","10":"product_cat-fundesign","11":"product_cat-funliving","12":"product_cat-keramiek","13":"product_cat-kids","14":"product_cat-opbergen","15":"product_cat-verantwoord-design","16":"product_cat-woondecoratie","17":"product_tag-cor-unum","18":"product_tag-david-derksen","19":"product_tag-keramiek","20":"product_tag-wandplank","21":"product_tag-wit","22":"product_shipping_class-pakket-met-track-en-trace","24":"first","25":"instock","26":"taxable","27":"shipping-taxable","28":"purchasable","29":"product-type-simple"},"jetpack_publicize_connections":[],"jetpack_sharing_enabled":true,"_links":{"self":[{"href":"https:\/\/www.funfetti.shop\/de\/wp-json\/wp\/v2\/product\/6057","targetHints":{"allow":["GET"]}}],"collection":[{"href":"https:\/\/www.funfetti.shop\/de\/wp-json\/wp\/v2\/product"}],"about":[{"href":"https:\/\/www.funfetti.shop\/de\/wp-json\/wp\/v2\/types\/product"}],"wp:featuredmedia":[{"embeddable":true,"href":"https:\/\/www.funfetti.shop\/de\/wp-json\/wp\/v2\/media\/10131"}],"wp:attachment":[{"href":"https:\/\/www.funfetti.shop\/de\/wp-json\/wp\/v2\/media?parent=6057"}],"wp:term":[{"taxonomy":"product_brand","embeddable":true,"href":"https:\/\/www.funfetti.shop\/de\/wp-json\/wp\/v2\/product_brand?post=6057"},{"taxonomy":"product_cat","embeddable":true,"href":"https:\/\/www.funfetti.shop\/de\/wp-json\/wp\/v2\/product_cat?post=6057"},{"taxonomy":"product_tag","embeddable":true,"href":"https:\/\/www.funfetti.shop\/de\/wp-json\/wp\/v2\/product_tag?post=6057"}],"curies":[{"name":"wp","href":"https:\/\/api.w.org\/{rel}","templated":true}]}}