{"id":6082,"date":"2023-03-25T12:11:33","date_gmt":"2023-03-25T12:11:33","guid":{"rendered":"https:\/\/www.funfetti.shop\/?post_type=product&#038;p=6082"},"modified":"2026-04-03T14:54:49","modified_gmt":"2026-04-03T14:54:49","slug":"zimmerdiele-recht-gros","status":"publish","type":"product","link":"https:\/\/www.funfetti.shop\/de\/product\/roomplank-recht-large\/","title":{"rendered":"Boschroom Wandregal Gro\u00df"},"content":{"rendered":"<h3 data-section-id=\"a3nbzh\" data-start=\"617\" data-end=\"669\">Boschroom Wandregal Gro\u00df<\/h3>\n<p data-start=\"671\" data-end=\"725\"><strong data-start=\"671\" data-end=\"725\">Ein Wandregal, das sich wie eine Skulptur verh\u00e4lt.<\/strong><\/p>\n<p data-start=\"1053\" data-end=\"1390\">Waar standaard wandplanken vaak verdwijnen in een interieur, doet deze juist het tegenovergestelde. De Boschroom wandplank Large trekt de aandacht op een rustige manier. De vorm doet denken aan natuurlijke groeivormen, alsof hij langzaam uit de muur is ontstaan. Daardoor voelt hij levendig, zacht en bijzonder.<\/p>\n<p data-start=\"1392\" data-end=\"1748\">Dankzij het grotere formaat is deze uitvoering precies mooi voor een kleine verzameling favoriete objecten, een vaasje of iets dat een subtiel podium verdient.<\/p>\n<p data-section-id=\"1dhqvak\" data-start=\"1750\" data-end=\"1767\"><em><strong>Spezifikationen:<\/strong><\/em><\/p>\n<ul>\n<li><em><strong>Produkt: Boschroom Regal Gro\u00df<\/strong><\/em><\/li>\n<li><em><strong>Material: Keramik \/ Steingut<\/strong><\/em><\/li>\n<li><em><strong>Farbe: Wei\u00df<\/strong><\/em><\/li>\n<li><em><strong>Auch in Rosa erh\u00e4ltlich<\/strong><\/em><\/li>\n<li><em><strong>Handgemacht: Ja, jedes Exemplar ist einzigartig<\/strong><\/em><\/li>\n<li><em><strong>Befestigung: An die Wand zu h\u00e4ngen<\/strong><\/em><\/li>\n<li><em><strong>Abmessungen: 45 x 8 x 15 cm<\/strong><\/em><\/li>\n<li><em><strong>Hergestellt in \u2018s-Hertogenbosch<\/strong><\/em><\/li>\n<li><em><strong>Entwurf: David Derksen<\/strong><\/em><\/li>\n<li><em><strong>Marke: <a href=\"https:\/\/www.funfetti.shop\/de\/produkt-kategorie\/marken-2\/cor-unum\/\">Cor Unum<\/a><\/strong><\/em><\/li>\n<\/ul>\n<hr \/>\n<p data-start=\"1975\" data-end=\"2165\"><strong data-start=\"1975\" data-end=\"1992\">FunFetti-Tipp:<\/strong> H\u00e4ngen Sie dieses Regal an einem Ort auf, wo es wirklich gesehen werden kann. In einem Flur, \u00fcber einem Beistelltisch oder als Akzent in einer ruhigen Ecke kommt es pr\u00e4chtig zur Geltung.<\/p>\n<hr \/>\n<p>&nbsp;<\/p>","protected":false},"excerpt":{"rendered":"<p data-start=\"164\" data-end=\"186\"><strong data-start=\"164\" data-end=\"186\">Warum du das willst<\/strong><\/p>\n<ul data-start=\"188\" data-end=\"463\">\n<li data-section-id=\"1mgwqhi\" data-start=\"188\" data-end=\"259\">Da dies keine gew\u00f6hnliche Wandablage ist, sondern ein skulpturales Wandobjekt<\/li>\n<li data-section-id=\"x4kes9\" data-start=\"260\" data-end=\"327\">Weil die weiche Form sofort Atmosph\u00e4re und Charakter an deine Wand verleiht<\/li>\n<li data-section-id=\"qa6ahi\" data-start=\"328\" data-end=\"395\">Weil deine Lieblingsgegenst\u00e4nde hier eine viel sch\u00f6nere B\u00fchne bekommen<\/li>\n<li data-section-id=\"f8v5q3\" data-start=\"396\" data-end=\"463\">Weil funktionales Design auch \u00fcberraschend und eigenwillig sein darf<\/li>\n<\/ul>","protected":false},"featured_media":10152,"template":"","meta":{"neve_meta_sidebar":"","neve_meta_container":"","neve_meta_enable_content_width":"off","neve_meta_content_width":100,"neve_meta_title_alignment":"","neve_meta_author_avatar":"","neve_post_elements_order":"","neve_meta_disable_header":"","neve_meta_disable_footer":"","neve_meta_disable_title":"","neve_meta_reading_time":"","jetpack_publicize_message":"","jetpack_publicize_feature_enabled":true,"jetpack_social_post_already_shared":false,"jetpack_social_options":{"image_generator_settings":{"template":"highway","default_image_id":0,"font":"","enabled":false},"version":2}},"product_brand":[],"product_cat":[15,779,466,678,677,22,30,37,31,23],"product_tag":[441,661,134,662,103],"class_list":{"0":"post-6082","1":"product","2":"type-product","3":"status-publish","4":"has-post-thumbnail","6":"product_cat-allefun","7":"product_cat-art-wall","8":"product_cat-cor-unum","9":"product_cat-dutch-design","10":"product_cat-fundesign","11":"product_cat-funliving","12":"product_cat-keramiek","13":"product_cat-kids","14":"product_cat-opbergen","15":"product_cat-woondecoratie","16":"product_tag-cor-unum","17":"product_tag-david-derksen","18":"product_tag-keramiek","19":"product_tag-wandplank","20":"product_tag-wit","21":"product_shipping_class-pakket-met-track-en-trace","23":"first","24":"instock","25":"taxable","26":"shipping-taxable","27":"purchasable","28":"product-type-simple"},"yoast_head":"<!-- This site is optimized with the Yoast SEO plugin v27.4 - https:\/\/yoast.com\/product\/yoast-seo-wordpress\/ -->\n<title>Boschroom wandplank Large van David Derksen<\/title>\n<meta name=\"description\" content=\"De Boschroom wandplank Large is geen gewone plank die toevallig mooi is. Dit is een keramisch wandobject dat ook nog functioneel blijkt te zijn.\" \/>\n<meta name=\"robots\" content=\"index, follow, max-snippet:-1, max-image-preview:large, max-video-preview:-1\" \/>\n<link rel=\"canonical\" href=\"https:\/\/www.funfetti.shop\/de\/produkt\/zimmerdiele-recht-gros\/\" \/>\n<meta property=\"og:locale\" content=\"de_DE\" \/>\n<meta property=\"og:type\" content=\"article\" \/>\n<meta property=\"og:title\" content=\"Boschroom wandplank Large van David Derksen\" \/>\n<meta property=\"og:description\" content=\"De Boschroom wandplank Large is geen gewone plank die toevallig mooi is. Dit is een keramisch wandobject dat ook nog functioneel blijkt te zijn.\" \/>\n<meta property=\"og:url\" content=\"https:\/\/www.funfetti.shop\/de\/produkt\/zimmerdiele-recht-gros\/\" \/>\n<meta property=\"og:site_name\" content=\"FunFetti\" \/>\n<meta property=\"article:publisher\" content=\"https:\/\/www.facebook.com\/funfetti.shop\" \/>\n<meta property=\"article:modified_time\" content=\"2026-04-03T14:54:49+00:00\" \/>\n<meta property=\"og:image\" content=\"https:\/\/www.funfetti.shop\/wp-content\/uploads\/2023\/03\/Roomplank-recht-8.jpg\" \/>\n\t<meta property=\"og:image:width\" content=\"600\" \/>\n\t<meta property=\"og:image:height\" content=\"1067\" \/>\n\t<meta property=\"og:image:type\" content=\"image\/jpeg\" \/>\n<meta name=\"twitter:card\" content=\"summary_large_image\" \/>\n<meta name=\"twitter:label1\" content=\"Gesch\u00e4tzte Lesezeit\" \/>\n\t<meta name=\"twitter:data1\" content=\"1\u00a0Minute\" \/>\n<script type=\"application\/ld+json\" class=\"yoast-schema-graph\">{\"@context\":\"https:\\\/\\\/schema.org\",\"@graph\":[{\"@type\":\"WebPage\",\"@id\":\"https:\\\/\\\/www.funfetti.shop\\\/product\\\/roomplank-recht-large\\\/\",\"url\":\"https:\\\/\\\/www.funfetti.shop\\\/product\\\/roomplank-recht-large\\\/\",\"name\":\"Boschroom wandplank Large van David Derksen\",\"isPartOf\":{\"@id\":\"https:\\\/\\\/www.funfetti.shop\\\/#website\"},\"primaryImageOfPage\":{\"@id\":\"https:\\\/\\\/www.funfetti.shop\\\/product\\\/roomplank-recht-large\\\/#primaryimage\"},\"image\":{\"@id\":\"https:\\\/\\\/www.funfetti.shop\\\/product\\\/roomplank-recht-large\\\/#primaryimage\"},\"thumbnailUrl\":\"https:\\\/\\\/www.funfetti.shop\\\/wp-content\\\/uploads\\\/2023\\\/03\\\/Roomplank-recht-8.jpg\",\"datePublished\":\"2023-03-25T12:11:33+00:00\",\"dateModified\":\"2026-04-03T14:54:49+00:00\",\"description\":\"De Boschroom wandplank Large is geen gewone plank die toevallig mooi is. Dit is een keramisch wandobject dat ook nog functioneel blijkt te zijn.\",\"breadcrumb\":{\"@id\":\"https:\\\/\\\/www.funfetti.shop\\\/product\\\/roomplank-recht-large\\\/#breadcrumb\"},\"inLanguage\":\"de\",\"potentialAction\":[{\"@type\":\"ReadAction\",\"target\":[\"https:\\\/\\\/www.funfetti.shop\\\/product\\\/roomplank-recht-large\\\/\"]}]},{\"@type\":\"ImageObject\",\"inLanguage\":\"de\",\"@id\":\"https:\\\/\\\/www.funfetti.shop\\\/product\\\/roomplank-recht-large\\\/#primaryimage\",\"url\":\"https:\\\/\\\/www.funfetti.shop\\\/wp-content\\\/uploads\\\/2023\\\/03\\\/Roomplank-recht-8.jpg\",\"contentUrl\":\"https:\\\/\\\/www.funfetti.shop\\\/wp-content\\\/uploads\\\/2023\\\/03\\\/Roomplank-recht-8.jpg\",\"width\":600,\"height\":1067,\"caption\":\"Boschroom wandplank Large\"},{\"@type\":\"BreadcrumbList\",\"@id\":\"https:\\\/\\\/www.funfetti.shop\\\/product\\\/roomplank-recht-large\\\/#breadcrumb\",\"itemListElement\":[{\"@type\":\"ListItem\",\"position\":1,\"name\":\"Home\",\"item\":\"https:\\\/\\\/www.funfetti.shop\\\/\"},{\"@type\":\"ListItem\",\"position\":2,\"name\":\"Winkel\",\"item\":\"https:\\\/\\\/www.funfetti.shop\\\/winkel\\\/\"},{\"@type\":\"ListItem\",\"position\":3,\"name\":\"Boschroom wandplank Large\"}]},{\"@type\":\"WebSite\",\"@id\":\"https:\\\/\\\/www.funfetti.shop\\\/#website\",\"url\":\"https:\\\/\\\/www.funfetti.shop\\\/\",\"name\":\"FunFetti\",\"description\":\"a curated mix of gifts, home d\u00e9cor and design\",\"publisher\":{\"@id\":\"https:\\\/\\\/www.funfetti.shop\\\/#organization\"},\"potentialAction\":[{\"@type\":\"SearchAction\",\"target\":{\"@type\":\"EntryPoint\",\"urlTemplate\":\"https:\\\/\\\/www.funfetti.shop\\\/?s={search_term_string}\"},\"query-input\":{\"@type\":\"PropertyValueSpecification\",\"valueRequired\":true,\"valueName\":\"search_term_string\"}}],\"inLanguage\":\"de\"},{\"@type\":\"Organization\",\"@id\":\"https:\\\/\\\/www.funfetti.shop\\\/#organization\",\"name\":\"FunFetti\",\"url\":\"https:\\\/\\\/www.funfetti.shop\\\/\",\"logo\":{\"@type\":\"ImageObject\",\"inLanguage\":\"de\",\"@id\":\"https:\\\/\\\/www.funfetti.shop\\\/#\\\/schema\\\/logo\\\/image\\\/\",\"url\":\"https:\\\/\\\/i0.wp.com\\\/www.funfetti.shop\\\/wp-content\\\/uploads\\\/2021\\\/11\\\/cropped-LOGO-WP-2021.png?fit=2000%2C171&ssl=1\",\"contentUrl\":\"https:\\\/\\\/i0.wp.com\\\/www.funfetti.shop\\\/wp-content\\\/uploads\\\/2021\\\/11\\\/cropped-LOGO-WP-2021.png?fit=2000%2C171&ssl=1\",\"width\":2000,\"height\":171,\"caption\":\"FunFetti\"},\"image\":{\"@id\":\"https:\\\/\\\/www.funfetti.shop\\\/#\\\/schema\\\/logo\\\/image\\\/\"},\"sameAs\":[\"https:\\\/\\\/www.facebook.com\\\/funfetti.shop\",\"https:\\\/\\\/www.instagram.com\\\/funfetti.shop\\\/\",\"https:\\\/\\\/nl.pinterest.com\\\/funfettiforever\\\/\"]}]}<\/script>\n<!-- \/ Yoast SEO plugin. -->","yoast_head_json":{"title":"Boschroom Wandregal Gro\u00df von David Derksen","description":"Das Boschroom Wandregal Large ist kein gew\u00f6hnliches Regal, das zuf\u00e4llig sch\u00f6n ist. Dies ist ein keramisches Wandobjekt, das sich auch als funktional erweist.","robots":{"index":"index","follow":"follow","max-snippet":"max-snippet:-1","max-image-preview":"max-image-preview:large","max-video-preview":"max-video-preview:-1"},"canonical":"https:\/\/www.funfetti.shop\/de\/produkt\/zimmerdiele-recht-gros\/","og_locale":"de_DE","og_type":"article","og_title":"Boschroom wandplank Large van David Derksen","og_description":"De Boschroom wandplank Large is geen gewone plank die toevallig mooi is. Dit is een keramisch wandobject dat ook nog functioneel blijkt te zijn.","og_url":"https:\/\/www.funfetti.shop\/de\/produkt\/zimmerdiele-recht-gros\/","og_site_name":"FunFetti","article_publisher":"https:\/\/www.facebook.com\/funfetti.shop","article_modified_time":"2026-04-03T14:54:49+00:00","og_image":[{"width":600,"height":1067,"url":"https:\/\/www.funfetti.shop\/wp-content\/uploads\/2023\/03\/Roomplank-recht-8.jpg","type":"image\/jpeg"}],"twitter_card":"summary_large_image","twitter_misc":{"Gesch\u00e4tzte Lesezeit":"1\u00a0Minute"},"schema":{"@context":"https:\/\/schema.org","@graph":[{"@type":"WebPage","@id":"https:\/\/www.funfetti.shop\/product\/roomplank-recht-large\/","url":"https:\/\/www.funfetti.shop\/product\/roomplank-recht-large\/","name":"Boschroom Wandregal Gro\u00df von David Derksen","isPartOf":{"@id":"https:\/\/www.funfetti.shop\/#website"},"primaryImageOfPage":{"@id":"https:\/\/www.funfetti.shop\/product\/roomplank-recht-large\/#primaryimage"},"image":{"@id":"https:\/\/www.funfetti.shop\/product\/roomplank-recht-large\/#primaryimage"},"thumbnailUrl":"https:\/\/www.funfetti.shop\/wp-content\/uploads\/2023\/03\/Roomplank-recht-8.jpg","datePublished":"2023-03-25T12:11:33+00:00","dateModified":"2026-04-03T14:54:49+00:00","description":"Das Boschroom Wandregal Large ist kein gew\u00f6hnliches Regal, das zuf\u00e4llig sch\u00f6n ist. Dies ist ein keramisches Wandobjekt, das sich auch als funktional erweist.","breadcrumb":{"@id":"https:\/\/www.funfetti.shop\/product\/roomplank-recht-large\/#breadcrumb"},"inLanguage":"de","potentialAction":[{"@type":"ReadAction","target":["https:\/\/www.funfetti.shop\/product\/roomplank-recht-large\/"]}]},{"@type":"ImageObject","inLanguage":"de","@id":"https:\/\/www.funfetti.shop\/product\/roomplank-recht-large\/#primaryimage","url":"https:\/\/www.funfetti.shop\/wp-content\/uploads\/2023\/03\/Roomplank-recht-8.jpg","contentUrl":"https:\/\/www.funfetti.shop\/wp-content\/uploads\/2023\/03\/Roomplank-recht-8.jpg","width":600,"height":1067,"caption":"Boschroom wandplank Large"},{"@type":"BreadcrumbList","@id":"https:\/\/www.funfetti.shop\/product\/roomplank-recht-large\/#breadcrumb","itemListElement":[{"@type":"ListItem","position":1,"name":"Home","item":"https:\/\/www.funfetti.shop\/"},{"@type":"ListItem","position":2,"name":"Winkel","item":"https:\/\/www.funfetti.shop\/winkel\/"},{"@type":"ListItem","position":3,"name":"Boschroom wandplank Large"}]},{"@type":"WebSite","@id":"https:\/\/www.funfetti.shop\/#website","url":"https:\/\/www.funfetti.shop\/","name":"FunFetti","description":"eine ausgew\u00e4hlte Mischung aus Geschenken, Wohnaccessoires und Design","publisher":{"@id":"https:\/\/www.funfetti.shop\/#organization"},"potentialAction":[{"@type":"SearchAction","target":{"@type":"EntryPoint","urlTemplate":"https:\/\/www.funfetti.shop\/?s={search_term_string}"},"query-input":{"@type":"PropertyValueSpecification","valueRequired":true,"valueName":"search_term_string"}}],"inLanguage":"de"},{"@type":"Organization","@id":"https:\/\/www.funfetti.shop\/#organization","name":"FunFetti","url":"https:\/\/www.funfetti.shop\/","logo":{"@type":"ImageObject","inLanguage":"de","@id":"https:\/\/www.funfetti.shop\/#\/schema\/logo\/image\/","url":"https:\/\/i0.wp.com\/www.funfetti.shop\/wp-content\/uploads\/2021\/11\/cropped-LOGO-WP-2021.png?fit=2000%2C171&ssl=1","contentUrl":"https:\/\/i0.wp.com\/www.funfetti.shop\/wp-content\/uploads\/2021\/11\/cropped-LOGO-WP-2021.png?fit=2000%2C171&ssl=1","width":2000,"height":171,"caption":"FunFetti"},"image":{"@id":"https:\/\/www.funfetti.shop\/#\/schema\/logo\/image\/"},"sameAs":["https:\/\/www.facebook.com\/funfetti.shop","https:\/\/www.instagram.com\/funfetti.shop\/","https:\/\/nl.pinterest.com\/funfettiforever\/"]}]}},"jetpack_publicize_connections":[],"jetpack_sharing_enabled":true,"_links":{"self":[{"href":"https:\/\/www.funfetti.shop\/de\/wp-json\/wp\/v2\/product\/6082","targetHints":{"allow":["GET"]}}],"collection":[{"href":"https:\/\/www.funfetti.shop\/de\/wp-json\/wp\/v2\/product"}],"about":[{"href":"https:\/\/www.funfetti.shop\/de\/wp-json\/wp\/v2\/types\/product"}],"wp:featuredmedia":[{"embeddable":true,"href":"https:\/\/www.funfetti.shop\/de\/wp-json\/wp\/v2\/media\/10152"}],"wp:attachment":[{"href":"https:\/\/www.funfetti.shop\/de\/wp-json\/wp\/v2\/media?parent=6082"}],"wp:term":[{"taxonomy":"product_brand","embeddable":true,"href":"https:\/\/www.funfetti.shop\/de\/wp-json\/wp\/v2\/product_brand?post=6082"},{"taxonomy":"product_cat","embeddable":true,"href":"https:\/\/www.funfetti.shop\/de\/wp-json\/wp\/v2\/product_cat?post=6082"},{"taxonomy":"product_tag","embeddable":true,"href":"https:\/\/www.funfetti.shop\/de\/wp-json\/wp\/v2\/product_tag?post=6082"}],"curies":[{"name":"wp","href":"https:\/\/api.w.org\/{rel}","templated":true}]}}