{"id":6359,"date":"2023-08-19T21:29:45","date_gmt":"2023-08-19T21:29:45","guid":{"rendered":"https:\/\/www.funfetti.shop\/?post_type=product&#038;p=6359"},"modified":"2026-03-12T06:54:49","modified_gmt":"2026-03-12T06:54:49","slug":"tulpenvase-regenbogen","status":"publish","type":"product","link":"https:\/\/www.funfetti.shop\/de\/product\/tulpen-vaas-regenboog\/","title":{"rendered":"Tulpenvase Regenbogen"},"content":{"rendered":"<div class=\"text-collapse mb-3 mb-md-4 has-no-overflow\" data-controller=\"text-collapse\">\n<h3 data-start=\"116\" data-end=\"174\">Tulpenvase Regenbogen - Heinen Delft Blau<\/h3>\n<p data-start=\"176\" data-end=\"242\"><strong data-start=\"179\" data-end=\"240\">Blumen verdienen eine B\u00fchne. Und diese Vase ist diese B\u00fchne.<\/strong><\/p>\n<p data-start=\"244\" data-end=\"501\">Die <strong data-start=\"247\" data-end=\"293\">Stacking Mad Tulip Vase in Regenbogenfarben<\/strong> von Heinen Delftware ist eine fr\u00f6hliche Variante eines uralten Klassikers. Diese ikonische pyramidenf\u00f6rmige Tulpenvase wurde neu erfunden.<\/p>\n<p data-start=\"503\" data-end=\"770\">Die leuchtenden Regenbogenfarben fangen das Licht aus jedem Winkel ein. Dadurch scheint die Vase fast die Farbe zu wechseln, je nachdem, wie Sie sie betrachten. Die verschiedenen Ausgie\u00dfer geben jeder Blume ihren eigenen Platz und lassen Ihren Strau\u00df verspielt, luftig und super stylisch aussehen.<\/p>\n<p data-start=\"772\" data-end=\"886\">Und auch ohne Blumen ist es einfach ein wundersch\u00f6nes, farbenfrohes Designobjekt, das Ihr Interieur sofort gl\u00fccklich macht.<\/p>\n<p data-start=\"1138\" data-end=\"1157\"><strong>Spezifikationen<\/strong><\/p>\n<ul>\n<li data-start=\"1191\" data-end=\"1215\"><strong><em>Kollektion: Stapelwahnsinn<\/em><\/strong><\/li>\n<li data-start=\"1252\" data-end=\"1285\"><strong><em>Material: Keramik<\/em><\/strong><\/li>\n<li data-start=\"1288\" data-end=\"1319\"><strong><em>Farbe: Regenbogen\/Multicolour<\/em><\/strong><\/li>\n<li data-start=\"1322\" data-end=\"1414\"><strong><em>Abmessungen: ca. 40 x 20 x 20 cm<\/em><\/strong><\/li>\n<li data-start=\"1417\" data-end=\"1513\"><strong><em>Wasserdicht: Ja, jede Schicht hat ihr eigenes Wasserreservoir<\/em><\/strong><\/li>\n<li data-start=\"1516\" data-end=\"1533\"><strong><em>Verwendung: Innenbereich<\/em><\/strong><\/li>\n<li data-start=\"1536\" data-end=\"1600\"><strong><em>Sp\u00fclmaschinenfest: Nein<\/em><\/strong><\/li>\n<li><strong><i>Marke: <a href=\"https:\/\/www.funfetti.shop\/de\/produkt-kategorie\/marken-2\/heinen_delfts_blue\/\">Heinen Delft Blau<\/a><\/i><\/strong><\/li>\n<\/ul>\n<hr \/>\n<p data-start=\"1602\" data-end=\"1750\"><strong data-start=\"1602\" data-end=\"1619\">FunFetti-Tipp:<\/strong> Kombinieren Sie mehrere Stack Madness-Teile in verschiedenen Farben. Auf diese Weise k\u00f6nnen Sie jedes Mal eine v\u00f6llig neue Tulpenvase kreieren.<\/p>\n<hr \/>\n<p data-start=\"1602\" data-end=\"1750\">\n<\/div>","protected":false},"excerpt":{"rendered":"<h3 data-start=\"888\" data-end=\"913\">Warum Sie das wollen:<\/h3>\n<ul>\n<li data-start=\"916\" data-end=\"971\">Weil Blumen in einer Tulpenvase noch sch\u00f6ner aussehen<\/li>\n<li data-start=\"974\" data-end=\"1034\">Weil man sich mit anderen Farben mischen und stapeln kann<\/li>\n<li data-start=\"1037\" data-end=\"1089\">Weil Regenbogenfarben sofort gute Laune verbreiten<\/li>\n<li data-start=\"1092\" data-end=\"1136\">Denn das ist ein echter Hingucker auf dem Tisch<\/li>\n<\/ul>","protected":false},"featured_media":9995,"template":"","meta":{"neve_meta_sidebar":"","neve_meta_container":"","neve_meta_enable_content_width":"off","neve_meta_content_width":100,"neve_meta_title_alignment":"","neve_meta_author_avatar":"","neve_post_elements_order":"","neve_meta_disable_header":"","neve_meta_disable_footer":"","neve_meta_disable_title":"","neve_meta_reading_time":"","jetpack_publicize_message":"","jetpack_publicize_feature_enabled":true,"jetpack_social_post_already_shared":true,"jetpack_social_options":{"image_generator_settings":{"template":"highway","default_image_id":0,"font":"","enabled":false},"version":2}},"product_brand":[799],"product_cat":[15,678,22,688,576,30,316,685,23],"product_tag":[577,134,689,690,148],"class_list":{"0":"post-6359","1":"product","2":"type-product","3":"status-publish","4":"has-post-thumbnail","6":"product_brand-heinen-delfts-blauw","7":"product_cat-allefun","8":"product_cat-dutch-design","9":"product_cat-funliving","10":"product_cat-geselecteerde-producten","11":"product_cat-heinen_delfts_blauw","12":"product_cat-keramiek","13":"product_cat-vazen","14":"product_cat-voor-haar","15":"product_cat-woondecoratie","16":"product_tag-delfts-blauw","17":"product_tag-keramiek","18":"product_tag-regenboog","19":"product_tag-tulpen","20":"product_tag-vaas","21":"product_shipping_class-pakket-met-track-en-trace","23":"first","24":"instock","25":"taxable","26":"shipping-taxable","27":"purchasable","28":"product-type-simple"},"yoast_head":"<!-- This site is optimized with the Yoast SEO plugin v27.5 - https:\/\/yoast.com\/product\/yoast-seo-wordpress\/ -->\n<title>Tulpen vaas regenboog van Heinen Delfts Blauw<\/title>\n<meta name=\"description\" content=\"Tulpen vaas regenboog is prachtig multi gekleurd en 40 cm hoog. In alle openingen van de vaas kun je tulpen doen, waardoor het een blikvanger wordt.\" \/>\n<meta name=\"robots\" content=\"index, follow, max-snippet:-1, max-image-preview:large, max-video-preview:-1\" \/>\n<link rel=\"canonical\" href=\"https:\/\/www.funfetti.shop\/de\/produkt\/tulpenvase-regenbogen\/\" \/>\n<meta property=\"og:locale\" content=\"de_DE\" \/>\n<meta property=\"og:type\" content=\"article\" \/>\n<meta property=\"og:title\" content=\"Tulpen vaas regenboog van Heinen Delfts Blauw\" \/>\n<meta property=\"og:description\" content=\"Tulpen vaas regenboog is prachtig multi gekleurd en 40 cm hoog. In alle openingen van de vaas kun je tulpen doen, waardoor het een blikvanger wordt.\" \/>\n<meta property=\"og:url\" content=\"https:\/\/www.funfetti.shop\/de\/produkt\/tulpenvase-regenbogen\/\" \/>\n<meta property=\"og:site_name\" content=\"FunFetti\" \/>\n<meta property=\"article:publisher\" content=\"https:\/\/www.facebook.com\/funfetti.shop\" \/>\n<meta property=\"article:modified_time\" content=\"2026-03-12T06:54:49+00:00\" \/>\n<meta property=\"og:image\" content=\"https:\/\/www.funfetti.shop\/wp-content\/uploads\/2023\/08\/Tulpen-vaas-regenboog-7.jpg\" \/>\n\t<meta property=\"og:image:width\" content=\"600\" \/>\n\t<meta property=\"og:image:height\" content=\"1067\" \/>\n\t<meta property=\"og:image:type\" content=\"image\/jpeg\" \/>\n<meta name=\"twitter:card\" content=\"summary_large_image\" \/>\n<meta name=\"twitter:label1\" content=\"Gesch\u00e4tzte Lesezeit\" \/>\n\t<meta name=\"twitter:data1\" content=\"1\u00a0Minute\" \/>\n<script type=\"application\/ld+json\" class=\"yoast-schema-graph\">{\"@context\":\"https:\\\/\\\/schema.org\",\"@graph\":[{\"@type\":\"WebPage\",\"@id\":\"https:\\\/\\\/www.funfetti.shop\\\/product\\\/tulpen-vaas-regenboog\\\/\",\"url\":\"https:\\\/\\\/www.funfetti.shop\\\/product\\\/tulpen-vaas-regenboog\\\/\",\"name\":\"Tulpen vaas regenboog van Heinen Delfts Blauw\",\"isPartOf\":{\"@id\":\"https:\\\/\\\/www.funfetti.shop\\\/#website\"},\"primaryImageOfPage\":{\"@id\":\"https:\\\/\\\/www.funfetti.shop\\\/product\\\/tulpen-vaas-regenboog\\\/#primaryimage\"},\"image\":{\"@id\":\"https:\\\/\\\/www.funfetti.shop\\\/product\\\/tulpen-vaas-regenboog\\\/#primaryimage\"},\"thumbnailUrl\":\"https:\\\/\\\/www.funfetti.shop\\\/wp-content\\\/uploads\\\/2023\\\/08\\\/Tulpen-vaas-regenboog-7.jpg\",\"datePublished\":\"2023-08-19T21:29:45+00:00\",\"dateModified\":\"2026-03-12T06:54:49+00:00\",\"description\":\"Tulpen vaas regenboog is prachtig multi gekleurd en 40 cm hoog. In alle openingen van de vaas kun je tulpen doen, waardoor het een blikvanger wordt.\",\"breadcrumb\":{\"@id\":\"https:\\\/\\\/www.funfetti.shop\\\/product\\\/tulpen-vaas-regenboog\\\/#breadcrumb\"},\"inLanguage\":\"de\",\"potentialAction\":[{\"@type\":\"ReadAction\",\"target\":[\"https:\\\/\\\/www.funfetti.shop\\\/product\\\/tulpen-vaas-regenboog\\\/\"]}]},{\"@type\":\"ImageObject\",\"inLanguage\":\"de\",\"@id\":\"https:\\\/\\\/www.funfetti.shop\\\/product\\\/tulpen-vaas-regenboog\\\/#primaryimage\",\"url\":\"https:\\\/\\\/www.funfetti.shop\\\/wp-content\\\/uploads\\\/2023\\\/08\\\/Tulpen-vaas-regenboog-7.jpg\",\"contentUrl\":\"https:\\\/\\\/www.funfetti.shop\\\/wp-content\\\/uploads\\\/2023\\\/08\\\/Tulpen-vaas-regenboog-7.jpg\",\"width\":600,\"height\":1067,\"caption\":\"Tulpen Vaas Regenboog - Heinen Delfts Blauw - FunFetti.shop\"},{\"@type\":\"BreadcrumbList\",\"@id\":\"https:\\\/\\\/www.funfetti.shop\\\/product\\\/tulpen-vaas-regenboog\\\/#breadcrumb\",\"itemListElement\":[{\"@type\":\"ListItem\",\"position\":1,\"name\":\"Home\",\"item\":\"https:\\\/\\\/www.funfetti.shop\\\/\"},{\"@type\":\"ListItem\",\"position\":2,\"name\":\"Winkel\",\"item\":\"https:\\\/\\\/www.funfetti.shop\\\/winkel\\\/\"},{\"@type\":\"ListItem\",\"position\":3,\"name\":\"Tulpen Vaas Regenboog\"}]},{\"@type\":\"WebSite\",\"@id\":\"https:\\\/\\\/www.funfetti.shop\\\/#website\",\"url\":\"https:\\\/\\\/www.funfetti.shop\\\/\",\"name\":\"FunFetti\",\"description\":\"a curated mix of gifts, home d\u00e9cor and design\",\"publisher\":{\"@id\":\"https:\\\/\\\/www.funfetti.shop\\\/#organization\"},\"potentialAction\":[{\"@type\":\"SearchAction\",\"target\":{\"@type\":\"EntryPoint\",\"urlTemplate\":\"https:\\\/\\\/www.funfetti.shop\\\/?s={search_term_string}\"},\"query-input\":{\"@type\":\"PropertyValueSpecification\",\"valueRequired\":true,\"valueName\":\"search_term_string\"}}],\"inLanguage\":\"de\"},{\"@type\":\"Organization\",\"@id\":\"https:\\\/\\\/www.funfetti.shop\\\/#organization\",\"name\":\"FunFetti\",\"url\":\"https:\\\/\\\/www.funfetti.shop\\\/\",\"logo\":{\"@type\":\"ImageObject\",\"inLanguage\":\"de\",\"@id\":\"https:\\\/\\\/www.funfetti.shop\\\/#\\\/schema\\\/logo\\\/image\\\/\",\"url\":\"https:\\\/\\\/i0.wp.com\\\/www.funfetti.shop\\\/wp-content\\\/uploads\\\/2021\\\/11\\\/cropped-LOGO-WP-2021.png?fit=2000%2C171&ssl=1\",\"contentUrl\":\"https:\\\/\\\/i0.wp.com\\\/www.funfetti.shop\\\/wp-content\\\/uploads\\\/2021\\\/11\\\/cropped-LOGO-WP-2021.png?fit=2000%2C171&ssl=1\",\"width\":2000,\"height\":171,\"caption\":\"FunFetti\"},\"image\":{\"@id\":\"https:\\\/\\\/www.funfetti.shop\\\/#\\\/schema\\\/logo\\\/image\\\/\"},\"sameAs\":[\"https:\\\/\\\/www.facebook.com\\\/funfetti.shop\",\"https:\\\/\\\/www.instagram.com\\\/funfetti.shop\\\/\",\"https:\\\/\\\/nl.pinterest.com\\\/funfettiforever\\\/\"]}]}<\/script>\n<!-- \/ Yoast SEO plugin. -->","yoast_head_json":{"title":"Tulpenvase Regenbogen von Heinen Delft Blau","description":"Die Tulpenvase Regenbogen ist sch\u00f6n bunt und 40 cm hoch. Sie k\u00f6nnen Tulpen in alle \u00d6ffnungen der Vase stellen, was sie zu einem Blickfang macht.","robots":{"index":"index","follow":"follow","max-snippet":"max-snippet:-1","max-image-preview":"max-image-preview:large","max-video-preview":"max-video-preview:-1"},"canonical":"https:\/\/www.funfetti.shop\/de\/produkt\/tulpenvase-regenbogen\/","og_locale":"de_DE","og_type":"article","og_title":"Tulpen vaas regenboog van Heinen Delfts Blauw","og_description":"Tulpen vaas regenboog is prachtig multi gekleurd en 40 cm hoog. In alle openingen van de vaas kun je tulpen doen, waardoor het een blikvanger wordt.","og_url":"https:\/\/www.funfetti.shop\/de\/produkt\/tulpenvase-regenbogen\/","og_site_name":"FunFetti","article_publisher":"https:\/\/www.facebook.com\/funfetti.shop","article_modified_time":"2026-03-12T06:54:49+00:00","og_image":[{"width":600,"height":1067,"url":"https:\/\/www.funfetti.shop\/wp-content\/uploads\/2023\/08\/Tulpen-vaas-regenboog-7.jpg","type":"image\/jpeg"}],"twitter_card":"summary_large_image","twitter_misc":{"Gesch\u00e4tzte Lesezeit":"1\u00a0Minute"},"schema":{"@context":"https:\/\/schema.org","@graph":[{"@type":"WebPage","@id":"https:\/\/www.funfetti.shop\/product\/tulpen-vaas-regenboog\/","url":"https:\/\/www.funfetti.shop\/product\/tulpen-vaas-regenboog\/","name":"Tulpenvase Regenbogen von Heinen Delft Blau","isPartOf":{"@id":"https:\/\/www.funfetti.shop\/#website"},"primaryImageOfPage":{"@id":"https:\/\/www.funfetti.shop\/product\/tulpen-vaas-regenboog\/#primaryimage"},"image":{"@id":"https:\/\/www.funfetti.shop\/product\/tulpen-vaas-regenboog\/#primaryimage"},"thumbnailUrl":"https:\/\/www.funfetti.shop\/wp-content\/uploads\/2023\/08\/Tulpen-vaas-regenboog-7.jpg","datePublished":"2023-08-19T21:29:45+00:00","dateModified":"2026-03-12T06:54:49+00:00","description":"Die Tulpenvase Regenbogen ist sch\u00f6n bunt und 40 cm hoch. Sie k\u00f6nnen Tulpen in alle \u00d6ffnungen der Vase stellen, was sie zu einem Blickfang macht.","breadcrumb":{"@id":"https:\/\/www.funfetti.shop\/product\/tulpen-vaas-regenboog\/#breadcrumb"},"inLanguage":"de","potentialAction":[{"@type":"ReadAction","target":["https:\/\/www.funfetti.shop\/product\/tulpen-vaas-regenboog\/"]}]},{"@type":"ImageObject","inLanguage":"de","@id":"https:\/\/www.funfetti.shop\/product\/tulpen-vaas-regenboog\/#primaryimage","url":"https:\/\/www.funfetti.shop\/wp-content\/uploads\/2023\/08\/Tulpen-vaas-regenboog-7.jpg","contentUrl":"https:\/\/www.funfetti.shop\/wp-content\/uploads\/2023\/08\/Tulpen-vaas-regenboog-7.jpg","width":600,"height":1067,"caption":"Tulpen Vaas Regenboog - Heinen Delfts Blauw - FunFetti.shop"},{"@type":"BreadcrumbList","@id":"https:\/\/www.funfetti.shop\/product\/tulpen-vaas-regenboog\/#breadcrumb","itemListElement":[{"@type":"ListItem","position":1,"name":"Home","item":"https:\/\/www.funfetti.shop\/"},{"@type":"ListItem","position":2,"name":"Winkel","item":"https:\/\/www.funfetti.shop\/winkel\/"},{"@type":"ListItem","position":3,"name":"Tulpen Vaas Regenboog"}]},{"@type":"WebSite","@id":"https:\/\/www.funfetti.shop\/#website","url":"https:\/\/www.funfetti.shop\/","name":"FunFetti","description":"eine ausgew\u00e4hlte Mischung aus Geschenken, Wohnaccessoires und Design","publisher":{"@id":"https:\/\/www.funfetti.shop\/#organization"},"potentialAction":[{"@type":"SearchAction","target":{"@type":"EntryPoint","urlTemplate":"https:\/\/www.funfetti.shop\/?s={search_term_string}"},"query-input":{"@type":"PropertyValueSpecification","valueRequired":true,"valueName":"search_term_string"}}],"inLanguage":"de"},{"@type":"Organization","@id":"https:\/\/www.funfetti.shop\/#organization","name":"FunFetti","url":"https:\/\/www.funfetti.shop\/","logo":{"@type":"ImageObject","inLanguage":"de","@id":"https:\/\/www.funfetti.shop\/#\/schema\/logo\/image\/","url":"https:\/\/i0.wp.com\/www.funfetti.shop\/wp-content\/uploads\/2021\/11\/cropped-LOGO-WP-2021.png?fit=2000%2C171&ssl=1","contentUrl":"https:\/\/i0.wp.com\/www.funfetti.shop\/wp-content\/uploads\/2021\/11\/cropped-LOGO-WP-2021.png?fit=2000%2C171&ssl=1","width":2000,"height":171,"caption":"FunFetti"},"image":{"@id":"https:\/\/www.funfetti.shop\/#\/schema\/logo\/image\/"},"sameAs":["https:\/\/www.facebook.com\/funfetti.shop","https:\/\/www.instagram.com\/funfetti.shop\/","https:\/\/nl.pinterest.com\/funfettiforever\/"]}]}},"jetpack_publicize_connections":[],"jetpack_sharing_enabled":true,"_links":{"self":[{"href":"https:\/\/www.funfetti.shop\/de\/wp-json\/wp\/v2\/product\/6359","targetHints":{"allow":["GET"]}}],"collection":[{"href":"https:\/\/www.funfetti.shop\/de\/wp-json\/wp\/v2\/product"}],"about":[{"href":"https:\/\/www.funfetti.shop\/de\/wp-json\/wp\/v2\/types\/product"}],"wp:featuredmedia":[{"embeddable":true,"href":"https:\/\/www.funfetti.shop\/de\/wp-json\/wp\/v2\/media\/9995"}],"wp:attachment":[{"href":"https:\/\/www.funfetti.shop\/de\/wp-json\/wp\/v2\/media?parent=6359"}],"wp:term":[{"taxonomy":"product_brand","embeddable":true,"href":"https:\/\/www.funfetti.shop\/de\/wp-json\/wp\/v2\/product_brand?post=6359"},{"taxonomy":"product_cat","embeddable":true,"href":"https:\/\/www.funfetti.shop\/de\/wp-json\/wp\/v2\/product_cat?post=6359"},{"taxonomy":"product_tag","embeddable":true,"href":"https:\/\/www.funfetti.shop\/de\/wp-json\/wp\/v2\/product_tag?post=6359"}],"curies":[{"name":"wp","href":"https:\/\/api.w.org\/{rel}","templated":true}]}}