{"id":6637,"date":"2023-10-26T09:35:44","date_gmt":"2023-10-26T09:35:44","guid":{"rendered":"https:\/\/www.funfetti.shop\/?post_type=product&#038;p=6637"},"modified":"2026-03-30T06:14:13","modified_gmt":"2026-03-30T06:14:13","slug":"blasenleuchter-weis","status":"publish","type":"product","link":"https:\/\/www.funfetti.shop\/de\/product\/bubble-kandelaar-wit\/","title":{"rendered":"Bubble Candlestick wei\u00df"},"content":{"rendered":"<p>Der Bubbel Kerzenst\u00e4nder wei\u00df ist ein m\u00e4rchenhafter Kerzenst\u00e4nder, der Seifenblasen f\u00fcr immer eingefroren hat, um sie so f\u00fcr immer genie\u00dfen zu k\u00f6nnen. Jedes Mal, wenn Sie ihn ansehen, scheinen die Blasen anders zu sein.<\/p>\n<ul>\n<li><em>Modell: Kerzenleuchter<\/em><\/li>\n<li><em>erh\u00e4ltlich in den Farben: gr\u00fcn, grau und wei\u00df<\/em><\/li>\n<li><em>Material: Steingut<\/em><\/li>\n<li><em>Entwurf:<a href=\"https:\/\/www.funfetti.shop\/de\/produkt-kategorie\/marken-2\/jorine-oosterhoff\/\"> Jorine Oosterhoff<\/a><\/em><\/li>\n<li><em>Abmessungen: 13,5 x 9 cm<\/em><\/li>\n<li><em>Marke: <a href=\"https:\/\/www.funfetti.shop\/de\/produkt-kategorie\/marken-2\/cor-unum\/\">Cor Unum<\/a><\/em><\/li>\n<\/ul>\n<p>&nbsp;<\/p>","protected":false},"excerpt":{"rendered":"<p>Kerzenhalter mit Blasen ist ein Juwel, das Sie sehr gl\u00fccklich machen wird. Mit den Seifenblasen, die in Keramik verewigt sind, hat Jorine Oosterhoff einen sehr kurzen Moment kurz vor dem Platzen der Blasen \u2018eingefroren\u2019, um sie f\u00fcr immer genie\u00dfen zu k\u00f6nnen.<\/p>","protected":false},"featured_media":6651,"template":"","meta":{"neve_meta_sidebar":"","neve_meta_container":"","neve_meta_enable_content_width":"off","neve_meta_content_width":100,"neve_meta_title_alignment":"","neve_meta_author_avatar":"","neve_post_elements_order":"","neve_meta_disable_header":"","neve_meta_disable_footer":"","neve_meta_disable_title":"","neve_meta_reading_time":"","jetpack_publicize_message":"","jetpack_publicize_feature_enabled":true,"jetpack_social_post_already_shared":true,"jetpack_social_options":{"image_generator_settings":{"template":"highway","default_image_id":0,"font":"","enabled":false},"version":2}},"product_brand":[],"product_cat":[15,466,678,677,22,606,30,710,685,23],"product_tag":[451,163,213,134],"class_list":{"0":"post-6637","1":"product","2":"type-product","3":"status-publish","4":"has-post-thumbnail","6":"product_cat-allefun","7":"product_cat-cor-unum","8":"product_cat-dutch-design","9":"product_cat-fundesign","10":"product_cat-funliving","11":"product_cat-jorine-oosterhoff","12":"product_cat-keramiek","13":"product_cat-verantwoord-design","14":"product_cat-voor-haar","15":"product_cat-woondecoratie","16":"product_tag-jorine-oosterhoff","17":"product_tag-kaarsenstandaard","18":"product_tag-kandelaar","19":"product_tag-keramiek","20":"product_shipping_class-pakket-met-track-en-trace","22":"first","23":"instock","24":"taxable","25":"shipping-taxable","26":"purchasable","27":"product-type-simple"},"yoast_head":"<!-- This site is optimized with the Yoast SEO plugin v27.4 - https:\/\/yoast.com\/product\/yoast-seo-wordpress\/ -->\n<title>Bubble kandelaar wit<\/title>\n<meta name=\"description\" content=\"Bubbel kandelaar wit is een pareltje waar je heel blij van wordt. Met mooie zeepbellen die vereeuwigd zijn in keramiek.\" \/>\n<meta name=\"robots\" content=\"index, follow, max-snippet:-1, max-image-preview:large, max-video-preview:-1\" \/>\n<link rel=\"canonical\" href=\"https:\/\/www.funfetti.shop\/de\/produkt\/blasenleuchter-weis\/\" \/>\n<meta property=\"og:locale\" content=\"de_DE\" \/>\n<meta property=\"og:type\" content=\"article\" \/>\n<meta property=\"og:title\" content=\"Bubble kandelaar wit\" \/>\n<meta property=\"og:description\" content=\"Bubbel kandelaar wit is een pareltje waar je heel blij van wordt. Met mooie zeepbellen die vereeuwigd zijn in keramiek.\" \/>\n<meta property=\"og:url\" content=\"https:\/\/www.funfetti.shop\/de\/produkt\/blasenleuchter-weis\/\" \/>\n<meta property=\"og:site_name\" content=\"FunFetti\" \/>\n<meta property=\"article:publisher\" content=\"https:\/\/www.facebook.com\/funfetti.shop\" \/>\n<meta property=\"article:modified_time\" content=\"2026-03-30T06:14:13+00:00\" \/>\n<meta property=\"og:image\" content=\"https:\/\/www.funfetti.shop\/wp-content\/uploads\/2023\/10\/bubble-candle-holder-white.jpg\" \/>\n\t<meta property=\"og:image:width\" content=\"600\" \/>\n\t<meta property=\"og:image:height\" content=\"1067\" \/>\n\t<meta property=\"og:image:type\" content=\"image\/jpeg\" \/>\n<meta name=\"twitter:card\" content=\"summary_large_image\" \/>\n<meta name=\"twitter:label1\" content=\"Gesch\u00e4tzte Lesezeit\" \/>\n\t<meta name=\"twitter:data1\" content=\"1\u00a0Minute\" \/>\n<script type=\"application\/ld+json\" class=\"yoast-schema-graph\">{\"@context\":\"https:\\\/\\\/schema.org\",\"@graph\":[{\"@type\":\"WebPage\",\"@id\":\"https:\\\/\\\/www.funfetti.shop\\\/product\\\/bubble-kandelaar-wit\\\/\",\"url\":\"https:\\\/\\\/www.funfetti.shop\\\/product\\\/bubble-kandelaar-wit\\\/\",\"name\":\"Bubble kandelaar wit\",\"isPartOf\":{\"@id\":\"https:\\\/\\\/www.funfetti.shop\\\/#website\"},\"primaryImageOfPage\":{\"@id\":\"https:\\\/\\\/www.funfetti.shop\\\/product\\\/bubble-kandelaar-wit\\\/#primaryimage\"},\"image\":{\"@id\":\"https:\\\/\\\/www.funfetti.shop\\\/product\\\/bubble-kandelaar-wit\\\/#primaryimage\"},\"thumbnailUrl\":\"https:\\\/\\\/www.funfetti.shop\\\/wp-content\\\/uploads\\\/2023\\\/10\\\/bubble-candle-holder-white.jpg\",\"datePublished\":\"2023-10-26T09:35:44+00:00\",\"dateModified\":\"2026-03-30T06:14:13+00:00\",\"description\":\"Bubbel kandelaar wit is een pareltje waar je heel blij van wordt. Met mooie zeepbellen die vereeuwigd zijn in keramiek.\",\"breadcrumb\":{\"@id\":\"https:\\\/\\\/www.funfetti.shop\\\/product\\\/bubble-kandelaar-wit\\\/#breadcrumb\"},\"inLanguage\":\"de\",\"potentialAction\":[{\"@type\":\"ReadAction\",\"target\":[\"https:\\\/\\\/www.funfetti.shop\\\/product\\\/bubble-kandelaar-wit\\\/\"]}]},{\"@type\":\"ImageObject\",\"inLanguage\":\"de\",\"@id\":\"https:\\\/\\\/www.funfetti.shop\\\/product\\\/bubble-kandelaar-wit\\\/#primaryimage\",\"url\":\"https:\\\/\\\/www.funfetti.shop\\\/wp-content\\\/uploads\\\/2023\\\/10\\\/bubble-candle-holder-white.jpg\",\"contentUrl\":\"https:\\\/\\\/www.funfetti.shop\\\/wp-content\\\/uploads\\\/2023\\\/10\\\/bubble-candle-holder-white.jpg\",\"width\":600,\"height\":1067,\"caption\":\"kandelaar wit keramiek bubbels\"},{\"@type\":\"BreadcrumbList\",\"@id\":\"https:\\\/\\\/www.funfetti.shop\\\/product\\\/bubble-kandelaar-wit\\\/#breadcrumb\",\"itemListElement\":[{\"@type\":\"ListItem\",\"position\":1,\"name\":\"Home\",\"item\":\"https:\\\/\\\/www.funfetti.shop\\\/\"},{\"@type\":\"ListItem\",\"position\":2,\"name\":\"Winkel\",\"item\":\"https:\\\/\\\/www.funfetti.shop\\\/winkel\\\/\"},{\"@type\":\"ListItem\",\"position\":3,\"name\":\"Bubble kandelaar wit\"}]},{\"@type\":\"WebSite\",\"@id\":\"https:\\\/\\\/www.funfetti.shop\\\/#website\",\"url\":\"https:\\\/\\\/www.funfetti.shop\\\/\",\"name\":\"FunFetti\",\"description\":\"a curated mix of gifts, home d\u00e9cor and design\",\"publisher\":{\"@id\":\"https:\\\/\\\/www.funfetti.shop\\\/#organization\"},\"potentialAction\":[{\"@type\":\"SearchAction\",\"target\":{\"@type\":\"EntryPoint\",\"urlTemplate\":\"https:\\\/\\\/www.funfetti.shop\\\/?s={search_term_string}\"},\"query-input\":{\"@type\":\"PropertyValueSpecification\",\"valueRequired\":true,\"valueName\":\"search_term_string\"}}],\"inLanguage\":\"de\"},{\"@type\":\"Organization\",\"@id\":\"https:\\\/\\\/www.funfetti.shop\\\/#organization\",\"name\":\"FunFetti\",\"url\":\"https:\\\/\\\/www.funfetti.shop\\\/\",\"logo\":{\"@type\":\"ImageObject\",\"inLanguage\":\"de\",\"@id\":\"https:\\\/\\\/www.funfetti.shop\\\/#\\\/schema\\\/logo\\\/image\\\/\",\"url\":\"https:\\\/\\\/i0.wp.com\\\/www.funfetti.shop\\\/wp-content\\\/uploads\\\/2021\\\/11\\\/cropped-LOGO-WP-2021.png?fit=2000%2C171&ssl=1\",\"contentUrl\":\"https:\\\/\\\/i0.wp.com\\\/www.funfetti.shop\\\/wp-content\\\/uploads\\\/2021\\\/11\\\/cropped-LOGO-WP-2021.png?fit=2000%2C171&ssl=1\",\"width\":2000,\"height\":171,\"caption\":\"FunFetti\"},\"image\":{\"@id\":\"https:\\\/\\\/www.funfetti.shop\\\/#\\\/schema\\\/logo\\\/image\\\/\"},\"sameAs\":[\"https:\\\/\\\/www.facebook.com\\\/funfetti.shop\",\"https:\\\/\\\/www.instagram.com\\\/funfetti.shop\\\/\",\"https:\\\/\\\/nl.pinterest.com\\\/funfettiforever\\\/\"]}]}<\/script>\n<!-- \/ Yoast SEO plugin. -->","yoast_head_json":{"title":"Bubble Candlestick wei\u00df","description":"Bubbel Kerzenst\u00e4nder wei\u00df ist ein Juwel, das dich sehr gl\u00fccklich macht. Mit sch\u00f6nen Seifenblasen, die in Keramik verewigt sind.","robots":{"index":"index","follow":"follow","max-snippet":"max-snippet:-1","max-image-preview":"max-image-preview:large","max-video-preview":"max-video-preview:-1"},"canonical":"https:\/\/www.funfetti.shop\/de\/produkt\/blasenleuchter-weis\/","og_locale":"de_DE","og_type":"article","og_title":"Bubble kandelaar wit","og_description":"Bubbel kandelaar wit is een pareltje waar je heel blij van wordt. Met mooie zeepbellen die vereeuwigd zijn in keramiek.","og_url":"https:\/\/www.funfetti.shop\/de\/produkt\/blasenleuchter-weis\/","og_site_name":"FunFetti","article_publisher":"https:\/\/www.facebook.com\/funfetti.shop","article_modified_time":"2026-03-30T06:14:13+00:00","og_image":[{"width":600,"height":1067,"url":"https:\/\/www.funfetti.shop\/wp-content\/uploads\/2023\/10\/bubble-candle-holder-white.jpg","type":"image\/jpeg"}],"twitter_card":"summary_large_image","twitter_misc":{"Gesch\u00e4tzte Lesezeit":"1\u00a0Minute"},"schema":{"@context":"https:\/\/schema.org","@graph":[{"@type":"WebPage","@id":"https:\/\/www.funfetti.shop\/product\/bubble-kandelaar-wit\/","url":"https:\/\/www.funfetti.shop\/product\/bubble-kandelaar-wit\/","name":"Bubble Candlestick wei\u00df","isPartOf":{"@id":"https:\/\/www.funfetti.shop\/#website"},"primaryImageOfPage":{"@id":"https:\/\/www.funfetti.shop\/product\/bubble-kandelaar-wit\/#primaryimage"},"image":{"@id":"https:\/\/www.funfetti.shop\/product\/bubble-kandelaar-wit\/#primaryimage"},"thumbnailUrl":"https:\/\/www.funfetti.shop\/wp-content\/uploads\/2023\/10\/bubble-candle-holder-white.jpg","datePublished":"2023-10-26T09:35:44+00:00","dateModified":"2026-03-30T06:14:13+00:00","description":"Bubbel Kerzenst\u00e4nder wei\u00df ist ein Juwel, das dich sehr gl\u00fccklich macht. Mit sch\u00f6nen Seifenblasen, die in Keramik verewigt sind.","breadcrumb":{"@id":"https:\/\/www.funfetti.shop\/product\/bubble-kandelaar-wit\/#breadcrumb"},"inLanguage":"de","potentialAction":[{"@type":"ReadAction","target":["https:\/\/www.funfetti.shop\/product\/bubble-kandelaar-wit\/"]}]},{"@type":"ImageObject","inLanguage":"de","@id":"https:\/\/www.funfetti.shop\/product\/bubble-kandelaar-wit\/#primaryimage","url":"https:\/\/www.funfetti.shop\/wp-content\/uploads\/2023\/10\/bubble-candle-holder-white.jpg","contentUrl":"https:\/\/www.funfetti.shop\/wp-content\/uploads\/2023\/10\/bubble-candle-holder-white.jpg","width":600,"height":1067,"caption":"kandelaar wit keramiek bubbels"},{"@type":"BreadcrumbList","@id":"https:\/\/www.funfetti.shop\/product\/bubble-kandelaar-wit\/#breadcrumb","itemListElement":[{"@type":"ListItem","position":1,"name":"Home","item":"https:\/\/www.funfetti.shop\/"},{"@type":"ListItem","position":2,"name":"Winkel","item":"https:\/\/www.funfetti.shop\/winkel\/"},{"@type":"ListItem","position":3,"name":"Bubble kandelaar wit"}]},{"@type":"WebSite","@id":"https:\/\/www.funfetti.shop\/#website","url":"https:\/\/www.funfetti.shop\/","name":"FunFetti","description":"eine ausgew\u00e4hlte Mischung aus Geschenken, Wohnaccessoires und Design","publisher":{"@id":"https:\/\/www.funfetti.shop\/#organization"},"potentialAction":[{"@type":"SearchAction","target":{"@type":"EntryPoint","urlTemplate":"https:\/\/www.funfetti.shop\/?s={search_term_string}"},"query-input":{"@type":"PropertyValueSpecification","valueRequired":true,"valueName":"search_term_string"}}],"inLanguage":"de"},{"@type":"Organization","@id":"https:\/\/www.funfetti.shop\/#organization","name":"FunFetti","url":"https:\/\/www.funfetti.shop\/","logo":{"@type":"ImageObject","inLanguage":"de","@id":"https:\/\/www.funfetti.shop\/#\/schema\/logo\/image\/","url":"https:\/\/i0.wp.com\/www.funfetti.shop\/wp-content\/uploads\/2021\/11\/cropped-LOGO-WP-2021.png?fit=2000%2C171&ssl=1","contentUrl":"https:\/\/i0.wp.com\/www.funfetti.shop\/wp-content\/uploads\/2021\/11\/cropped-LOGO-WP-2021.png?fit=2000%2C171&ssl=1","width":2000,"height":171,"caption":"FunFetti"},"image":{"@id":"https:\/\/www.funfetti.shop\/#\/schema\/logo\/image\/"},"sameAs":["https:\/\/www.facebook.com\/funfetti.shop","https:\/\/www.instagram.com\/funfetti.shop\/","https:\/\/nl.pinterest.com\/funfettiforever\/"]}]}},"jetpack_publicize_connections":[],"jetpack_sharing_enabled":true,"_links":{"self":[{"href":"https:\/\/www.funfetti.shop\/de\/wp-json\/wp\/v2\/product\/6637","targetHints":{"allow":["GET"]}}],"collection":[{"href":"https:\/\/www.funfetti.shop\/de\/wp-json\/wp\/v2\/product"}],"about":[{"href":"https:\/\/www.funfetti.shop\/de\/wp-json\/wp\/v2\/types\/product"}],"wp:featuredmedia":[{"embeddable":true,"href":"https:\/\/www.funfetti.shop\/de\/wp-json\/wp\/v2\/media\/6651"}],"wp:attachment":[{"href":"https:\/\/www.funfetti.shop\/de\/wp-json\/wp\/v2\/media?parent=6637"}],"wp:term":[{"taxonomy":"product_brand","embeddable":true,"href":"https:\/\/www.funfetti.shop\/de\/wp-json\/wp\/v2\/product_brand?post=6637"},{"taxonomy":"product_cat","embeddable":true,"href":"https:\/\/www.funfetti.shop\/de\/wp-json\/wp\/v2\/product_cat?post=6637"},{"taxonomy":"product_tag","embeddable":true,"href":"https:\/\/www.funfetti.shop\/de\/wp-json\/wp\/v2\/product_tag?post=6637"}],"curies":[{"name":"wp","href":"https:\/\/api.w.org\/{rel}","templated":true}]}}