{"id":6638,"date":"2023-10-26T10:20:23","date_gmt":"2023-10-26T10:20:23","guid":{"rendered":"https:\/\/www.funfetti.shop\/?post_type=product&#038;p=6638"},"modified":"2025-11-28T17:07:49","modified_gmt":"2025-11-28T17:07:49","slug":"keramik-kuchenplatte-party","status":"publish","type":"product","link":"https:\/\/www.funfetti.shop\/de\/product\/keramieken-taartplateau-party\/","title":{"rendered":"Keramische Kuchenplatte Party"},"content":{"rendered":"<h3 data-start=\"132\" data-end=\"175\">Keramischer Kuchenteller Party Wei\u00df<\/h3>\n<p data-start=\"177\" data-end=\"469\">Bringen Sie sofortige Partystimmung auf Ihren Tisch mit der Ceramic cake plate party von <strong data-start=\"247\" data-end=\"264\">Ei zur\u00fcck nach Hause<\/strong> mit seinem Farbspritzer-Muster. Der in Portugal aus robustem Steingut handgefertigte runde Kuchenst\u00e4nder hat einen fr\u00f6hlichen, verspielten Look, der jede Feier noch ein bisschen sch\u00f6ner macht.<\/p>\n<p data-start=\"471\" data-end=\"728\">Mit einem beachtlichen Durchmesser von ca. 28 cm und einer H\u00f6he von ca. 14 cm ist dieser Kuchenst\u00e4nder perfekt, um Ihre Lieblingskuchen, Cupcakes oder Leckereien zu pr\u00e4sentieren.<\/p>\n<p data-start=\"471\" data-end=\"728\"><em><strong>Spezifikationen:<\/strong><\/em><\/p>\n<ul>\n<li><strong><em>Abmessungen: 28 x 14 cm<\/em><\/strong><\/li>\n<li><strong><em>Farbe: wei\u00df mit farbigen Sprenkeln<\/em><\/strong><\/li>\n<li><strong><em>auch in rosa erh\u00e4ltlich<\/em><\/strong><\/li>\n<li><strong><em>Farben und Glasur k\u00f6nnen leicht variieren, jedes St\u00fcck ist ein Unikat<\/em><\/strong><\/li>\n<li><strong><em>Material: Keramik<\/em><\/strong><\/li>\n<li><strong><em>handgefertigt<\/em><\/strong><\/li>\n<li><strong><em>mikrowellen- und sp\u00fclmaschinenfest<\/em><\/strong><\/li>\n<li><strong><em>Marke: Egg Back Home<\/em><\/strong><\/li>\n<\/ul>\n<p><em>Handgefertigt<\/em>! Dies verleiht jedem Artikel ein einzigartiges Aussehen, und daher sind keine zwei Artikel exakt identisch.<\/p>\n<hr data-start=\"1576\" data-end=\"1579\" \/>\n<p data-start=\"1581\" data-end=\"1622\"><strong data-start=\"1629\" data-end=\"1646\">Funfetti-Tipp:<\/strong> Mit pastellfarbenen Macarons oder farbenfrohen Cupcakes wird er zum ultimativen Partytisch.<\/p>\n<hr data-start=\"1624\" data-end=\"1627\" \/>\n<p>&nbsp;<\/p>","protected":false},"excerpt":{"rendered":"<p data-start=\"1233\" data-end=\"1270\"><strong data-start=\"1233\" data-end=\"1268\">Warum Sie diese Kuchenplatte brauchen:<\/strong><\/p>\n<ul>\n<li data-start=\"1273\" data-end=\"1361\">Sie ist sowohl funktional als auch stilvoll und ideal f\u00fcr Partys oder allt\u00e4gliche Leckereien<\/li>\n<li data-start=\"1364\" data-end=\"1430\">Der handgefertigte Charakter verleiht Ihrem Tisch eine handwerkliche Note<\/li>\n<li data-start=\"1433\" data-end=\"1494\">Die wei\u00dfe Farbe passt zu fast jedem Geschirr und jeder Tischdekoration<\/li>\n<li data-start=\"1497\" data-end=\"1574\">Ein tolles Geschenk f\u00fcr Geburtstagsg\u00e4ste, Partyg\u00e4nger oder Designliebhaber<\/li>\n<\/ul>","protected":false},"featured_media":6643,"template":"","meta":{"neve_meta_sidebar":"","neve_meta_container":"","neve_meta_enable_content_width":"off","neve_meta_content_width":100,"neve_meta_title_alignment":"","neve_meta_author_avatar":"","neve_post_elements_order":"","neve_meta_disable_header":"","neve_meta_disable_footer":"","neve_meta_disable_title":"","neve_meta_reading_time":"","jetpack_publicize_message":"","jetpack_publicize_feature_enabled":true,"jetpack_social_post_already_shared":true,"jetpack_social_options":{"image_generator_settings":{"template":"highway","default_image_id":0,"font":"","enabled":false},"version":2}},"product_brand":[801],"product_cat":[15,800,22,30,29,683,23],"product_tag":[],"class_list":{"0":"post-6638","1":"product","2":"type-product","3":"status-publish","4":"has-post-thumbnail","6":"product_brand-egg-back-home","7":"product_cat-allefun","8":"product_cat-egg-back-home","9":"product_cat-funliving","10":"product_cat-keramiek","11":"product_cat-keuken","12":"product_cat-servies","13":"product_cat-woondecoratie","14":"product_shipping_class-pakket-met-track-en-trace","16":"first","17":"instock","18":"taxable","19":"shipping-taxable","20":"purchasable","21":"product-type-simple"},"yoast_head":"<!-- This site is optimized with the Yoast SEO plugin v27.4 - https:\/\/yoast.com\/product\/yoast-seo-wordpress\/ -->\n<title>Keramieken taartplateau party - FunFetti<\/title>\n<meta name=\"description\" content=\"Keramieken taartplateau party met zijn spetter kleurpatroon geeft instant feest vibes. Deze grote taartenstandaard is echt een waar feest voor je ogen!\" \/>\n<meta name=\"robots\" content=\"index, follow, max-snippet:-1, max-image-preview:large, max-video-preview:-1\" \/>\n<link rel=\"canonical\" href=\"https:\/\/www.funfetti.shop\/de\/produkt\/keramik-kuchenplatte-party\/\" \/>\n<meta property=\"og:locale\" content=\"de_DE\" \/>\n<meta property=\"og:type\" content=\"article\" \/>\n<meta property=\"og:title\" content=\"Keramieken taartplateau party - FunFetti\" \/>\n<meta property=\"og:description\" content=\"Keramieken taartplateau party met zijn spetter kleurpatroon geeft instant feest vibes. Deze grote taartenstandaard is echt een waar feest voor je ogen!\" \/>\n<meta property=\"og:url\" content=\"https:\/\/www.funfetti.shop\/de\/produkt\/keramik-kuchenplatte-party\/\" \/>\n<meta property=\"og:site_name\" content=\"FunFetti\" \/>\n<meta property=\"article:publisher\" content=\"https:\/\/www.facebook.com\/funfetti.shop\" \/>\n<meta property=\"article:modified_time\" content=\"2025-11-28T17:07:49+00:00\" \/>\n<meta property=\"og:image\" content=\"https:\/\/www.funfetti.shop\/wp-content\/uploads\/2023\/10\/Taartstandaard-confetti-wit-6.jpg\" \/>\n\t<meta property=\"og:image:width\" content=\"600\" \/>\n\t<meta property=\"og:image:height\" content=\"1067\" \/>\n\t<meta property=\"og:image:type\" content=\"image\/jpeg\" \/>\n<meta name=\"twitter:card\" content=\"summary_large_image\" \/>\n<meta name=\"twitter:label1\" content=\"Gesch\u00e4tzte Lesezeit\" \/>\n\t<meta name=\"twitter:data1\" content=\"1\u00a0Minute\" \/>\n<script type=\"application\/ld+json\" class=\"yoast-schema-graph\">{\"@context\":\"https:\\\/\\\/schema.org\",\"@graph\":[{\"@type\":\"WebPage\",\"@id\":\"https:\\\/\\\/www.funfetti.shop\\\/product\\\/keramieken-taartplateau-party\\\/\",\"url\":\"https:\\\/\\\/www.funfetti.shop\\\/product\\\/keramieken-taartplateau-party\\\/\",\"name\":\"Keramieken taartplateau party - FunFetti\",\"isPartOf\":{\"@id\":\"https:\\\/\\\/www.funfetti.shop\\\/#website\"},\"primaryImageOfPage\":{\"@id\":\"https:\\\/\\\/www.funfetti.shop\\\/product\\\/keramieken-taartplateau-party\\\/#primaryimage\"},\"image\":{\"@id\":\"https:\\\/\\\/www.funfetti.shop\\\/product\\\/keramieken-taartplateau-party\\\/#primaryimage\"},\"thumbnailUrl\":\"https:\\\/\\\/www.funfetti.shop\\\/wp-content\\\/uploads\\\/2023\\\/10\\\/Taartstandaard-confetti-wit-6.jpg\",\"datePublished\":\"2023-10-26T10:20:23+00:00\",\"dateModified\":\"2025-11-28T17:07:49+00:00\",\"description\":\"Keramieken taartplateau party met zijn spetter kleurpatroon geeft instant feest vibes. Deze grote taartenstandaard is echt een waar feest voor je ogen!\",\"breadcrumb\":{\"@id\":\"https:\\\/\\\/www.funfetti.shop\\\/product\\\/keramieken-taartplateau-party\\\/#breadcrumb\"},\"inLanguage\":\"de\",\"potentialAction\":[{\"@type\":\"ReadAction\",\"target\":[\"https:\\\/\\\/www.funfetti.shop\\\/product\\\/keramieken-taartplateau-party\\\/\"]}]},{\"@type\":\"ImageObject\",\"inLanguage\":\"de\",\"@id\":\"https:\\\/\\\/www.funfetti.shop\\\/product\\\/keramieken-taartplateau-party\\\/#primaryimage\",\"url\":\"https:\\\/\\\/www.funfetti.shop\\\/wp-content\\\/uploads\\\/2023\\\/10\\\/Taartstandaard-confetti-wit-6.jpg\",\"contentUrl\":\"https:\\\/\\\/www.funfetti.shop\\\/wp-content\\\/uploads\\\/2023\\\/10\\\/Taartstandaard-confetti-wit-6.jpg\",\"width\":600,\"height\":1067,\"caption\":\"confetti taartenstandaard\"},{\"@type\":\"BreadcrumbList\",\"@id\":\"https:\\\/\\\/www.funfetti.shop\\\/product\\\/keramieken-taartplateau-party\\\/#breadcrumb\",\"itemListElement\":[{\"@type\":\"ListItem\",\"position\":1,\"name\":\"Home\",\"item\":\"https:\\\/\\\/www.funfetti.shop\\\/\"},{\"@type\":\"ListItem\",\"position\":2,\"name\":\"Winkel\",\"item\":\"https:\\\/\\\/www.funfetti.shop\\\/winkel\\\/\"},{\"@type\":\"ListItem\",\"position\":3,\"name\":\"Keramieken taartplateau party\"}]},{\"@type\":\"WebSite\",\"@id\":\"https:\\\/\\\/www.funfetti.shop\\\/#website\",\"url\":\"https:\\\/\\\/www.funfetti.shop\\\/\",\"name\":\"FunFetti\",\"description\":\"a curated mix of gifts, home d\u00e9cor and design\",\"publisher\":{\"@id\":\"https:\\\/\\\/www.funfetti.shop\\\/#organization\"},\"potentialAction\":[{\"@type\":\"SearchAction\",\"target\":{\"@type\":\"EntryPoint\",\"urlTemplate\":\"https:\\\/\\\/www.funfetti.shop\\\/?s={search_term_string}\"},\"query-input\":{\"@type\":\"PropertyValueSpecification\",\"valueRequired\":true,\"valueName\":\"search_term_string\"}}],\"inLanguage\":\"de\"},{\"@type\":\"Organization\",\"@id\":\"https:\\\/\\\/www.funfetti.shop\\\/#organization\",\"name\":\"FunFetti\",\"url\":\"https:\\\/\\\/www.funfetti.shop\\\/\",\"logo\":{\"@type\":\"ImageObject\",\"inLanguage\":\"de\",\"@id\":\"https:\\\/\\\/www.funfetti.shop\\\/#\\\/schema\\\/logo\\\/image\\\/\",\"url\":\"https:\\\/\\\/i0.wp.com\\\/www.funfetti.shop\\\/wp-content\\\/uploads\\\/2021\\\/11\\\/cropped-LOGO-WP-2021.png?fit=2000%2C171&ssl=1\",\"contentUrl\":\"https:\\\/\\\/i0.wp.com\\\/www.funfetti.shop\\\/wp-content\\\/uploads\\\/2021\\\/11\\\/cropped-LOGO-WP-2021.png?fit=2000%2C171&ssl=1\",\"width\":2000,\"height\":171,\"caption\":\"FunFetti\"},\"image\":{\"@id\":\"https:\\\/\\\/www.funfetti.shop\\\/#\\\/schema\\\/logo\\\/image\\\/\"},\"sameAs\":[\"https:\\\/\\\/www.facebook.com\\\/funfetti.shop\",\"https:\\\/\\\/www.instagram.com\\\/funfetti.shop\\\/\",\"https:\\\/\\\/nl.pinterest.com\\\/funfettiforever\\\/\"]}]}<\/script>\n<!-- \/ Yoast SEO plugin. -->","yoast_head_json":{"title":"Keramische Tortenplatte Party - FunFetti","description":"Der keramische Tortenst\u00e4nder Party mit seinem bunten Spritzer-Muster sorgt sofort f\u00fcr Party-Stimmung. Dieser gro\u00dfe Tortenst\u00e4nder ist wirklich eine Augenweide!","robots":{"index":"index","follow":"follow","max-snippet":"max-snippet:-1","max-image-preview":"max-image-preview:large","max-video-preview":"max-video-preview:-1"},"canonical":"https:\/\/www.funfetti.shop\/de\/produkt\/keramik-kuchenplatte-party\/","og_locale":"de_DE","og_type":"article","og_title":"Keramieken taartplateau party - FunFetti","og_description":"Keramieken taartplateau party met zijn spetter kleurpatroon geeft instant feest vibes. Deze grote taartenstandaard is echt een waar feest voor je ogen!","og_url":"https:\/\/www.funfetti.shop\/de\/produkt\/keramik-kuchenplatte-party\/","og_site_name":"FunFetti","article_publisher":"https:\/\/www.facebook.com\/funfetti.shop","article_modified_time":"2025-11-28T17:07:49+00:00","og_image":[{"width":600,"height":1067,"url":"https:\/\/www.funfetti.shop\/wp-content\/uploads\/2023\/10\/Taartstandaard-confetti-wit-6.jpg","type":"image\/jpeg"}],"twitter_card":"summary_large_image","twitter_misc":{"Gesch\u00e4tzte Lesezeit":"1\u00a0Minute"},"schema":{"@context":"https:\/\/schema.org","@graph":[{"@type":"WebPage","@id":"https:\/\/www.funfetti.shop\/product\/keramieken-taartplateau-party\/","url":"https:\/\/www.funfetti.shop\/product\/keramieken-taartplateau-party\/","name":"Keramische Tortenplatte Party - FunFetti","isPartOf":{"@id":"https:\/\/www.funfetti.shop\/#website"},"primaryImageOfPage":{"@id":"https:\/\/www.funfetti.shop\/product\/keramieken-taartplateau-party\/#primaryimage"},"image":{"@id":"https:\/\/www.funfetti.shop\/product\/keramieken-taartplateau-party\/#primaryimage"},"thumbnailUrl":"https:\/\/www.funfetti.shop\/wp-content\/uploads\/2023\/10\/Taartstandaard-confetti-wit-6.jpg","datePublished":"2023-10-26T10:20:23+00:00","dateModified":"2025-11-28T17:07:49+00:00","description":"Der keramische Tortenst\u00e4nder Party mit seinem bunten Spritzer-Muster sorgt sofort f\u00fcr Party-Stimmung. Dieser gro\u00dfe Tortenst\u00e4nder ist wirklich eine Augenweide!","breadcrumb":{"@id":"https:\/\/www.funfetti.shop\/product\/keramieken-taartplateau-party\/#breadcrumb"},"inLanguage":"de","potentialAction":[{"@type":"ReadAction","target":["https:\/\/www.funfetti.shop\/product\/keramieken-taartplateau-party\/"]}]},{"@type":"ImageObject","inLanguage":"de","@id":"https:\/\/www.funfetti.shop\/product\/keramieken-taartplateau-party\/#primaryimage","url":"https:\/\/www.funfetti.shop\/wp-content\/uploads\/2023\/10\/Taartstandaard-confetti-wit-6.jpg","contentUrl":"https:\/\/www.funfetti.shop\/wp-content\/uploads\/2023\/10\/Taartstandaard-confetti-wit-6.jpg","width":600,"height":1067,"caption":"confetti taartenstandaard"},{"@type":"BreadcrumbList","@id":"https:\/\/www.funfetti.shop\/product\/keramieken-taartplateau-party\/#breadcrumb","itemListElement":[{"@type":"ListItem","position":1,"name":"Home","item":"https:\/\/www.funfetti.shop\/"},{"@type":"ListItem","position":2,"name":"Winkel","item":"https:\/\/www.funfetti.shop\/winkel\/"},{"@type":"ListItem","position":3,"name":"Keramieken taartplateau party"}]},{"@type":"WebSite","@id":"https:\/\/www.funfetti.shop\/#website","url":"https:\/\/www.funfetti.shop\/","name":"FunFetti","description":"eine ausgew\u00e4hlte Mischung aus Geschenken, Wohnaccessoires und Design","publisher":{"@id":"https:\/\/www.funfetti.shop\/#organization"},"potentialAction":[{"@type":"SearchAction","target":{"@type":"EntryPoint","urlTemplate":"https:\/\/www.funfetti.shop\/?s={search_term_string}"},"query-input":{"@type":"PropertyValueSpecification","valueRequired":true,"valueName":"search_term_string"}}],"inLanguage":"de"},{"@type":"Organization","@id":"https:\/\/www.funfetti.shop\/#organization","name":"FunFetti","url":"https:\/\/www.funfetti.shop\/","logo":{"@type":"ImageObject","inLanguage":"de","@id":"https:\/\/www.funfetti.shop\/#\/schema\/logo\/image\/","url":"https:\/\/i0.wp.com\/www.funfetti.shop\/wp-content\/uploads\/2021\/11\/cropped-LOGO-WP-2021.png?fit=2000%2C171&ssl=1","contentUrl":"https:\/\/i0.wp.com\/www.funfetti.shop\/wp-content\/uploads\/2021\/11\/cropped-LOGO-WP-2021.png?fit=2000%2C171&ssl=1","width":2000,"height":171,"caption":"FunFetti"},"image":{"@id":"https:\/\/www.funfetti.shop\/#\/schema\/logo\/image\/"},"sameAs":["https:\/\/www.facebook.com\/funfetti.shop","https:\/\/www.instagram.com\/funfetti.shop\/","https:\/\/nl.pinterest.com\/funfettiforever\/"]}]}},"jetpack_publicize_connections":[],"jetpack_sharing_enabled":true,"_links":{"self":[{"href":"https:\/\/www.funfetti.shop\/de\/wp-json\/wp\/v2\/product\/6638","targetHints":{"allow":["GET"]}}],"collection":[{"href":"https:\/\/www.funfetti.shop\/de\/wp-json\/wp\/v2\/product"}],"about":[{"href":"https:\/\/www.funfetti.shop\/de\/wp-json\/wp\/v2\/types\/product"}],"wp:featuredmedia":[{"embeddable":true,"href":"https:\/\/www.funfetti.shop\/de\/wp-json\/wp\/v2\/media\/6643"}],"wp:attachment":[{"href":"https:\/\/www.funfetti.shop\/de\/wp-json\/wp\/v2\/media?parent=6638"}],"wp:term":[{"taxonomy":"product_brand","embeddable":true,"href":"https:\/\/www.funfetti.shop\/de\/wp-json\/wp\/v2\/product_brand?post=6638"},{"taxonomy":"product_cat","embeddable":true,"href":"https:\/\/www.funfetti.shop\/de\/wp-json\/wp\/v2\/product_cat?post=6638"},{"taxonomy":"product_tag","embeddable":true,"href":"https:\/\/www.funfetti.shop\/de\/wp-json\/wp\/v2\/product_tag?post=6638"}],"curies":[{"name":"wp","href":"https:\/\/api.w.org\/{rel}","templated":true}]}}