{"id":6668,"date":"2023-10-27T09:40:31","date_gmt":"2023-10-27T09:40:31","guid":{"rendered":"https:\/\/www.funfetti.shop\/?post_type=product&#038;p=6668"},"modified":"2024-02-12T19:59:17","modified_gmt":"2024-02-12T19:59:17","slug":"wanduhr-aus-beton","status":"publish","type":"product","link":"https:\/\/www.funfetti.shop\/de\/product\/wandklok-beton\/","title":{"rendered":"Wanduhr aus Beton"},"content":{"rendered":"<p>Mit ihrem coolen Look und ihrem grafischen Design ist die Wanduhr Concrete nicht nur praktisch f\u00fcr die Zeitmessung, sondern auch ein sch\u00f6nes Dekorationsst\u00fcck.<\/p>\n<ul>\n<li><span style=\"color: #fe7b60;\"><strong><em>Abmessungen: 28 x 28 x6 cm<\/em><\/strong><\/span><\/li>\n<li><span style=\"color: #fe7b60;\"><strong><em>Farbe: grau mit schwarz<\/em><\/strong><\/span><\/li>\n<li><span style=\"color: #fe7b60;\"><strong><em>Material: Beton<\/em><\/strong><\/span><\/li>\n<li><span style=\"color: #fe7b60;\"><strong><em>Betrieb mit einer AA-Batterie<\/em><\/strong><\/span><\/li>\n<li><span style=\"color: #fe7b60;\"><strong><em>Batterie nicht enthalten<\/em><\/strong><\/span><\/li>\n<li><span style=\"color: #fe7b60;\"><strong><em><span class=\"Y2IQFc\" lang=\"nl\">hergestellt in Frankreich<\/span><\/em><\/strong><\/span><\/li>\n<li><span style=\"color: #fe7b60;\"><strong><em>Entwurf: Marian Dumontet<\/em><\/strong><\/span><\/li>\n<li><span style=\"color: #fe7b60;\"><strong><em>Marke: Gone's<\/em><\/strong><\/span><\/li>\n<\/ul>","protected":false},"excerpt":{"rendered":"<p>Mit ihrem coolen Look und ihrem grafischen Design ist die Wanduhr Concrete nicht nur praktisch f\u00fcr die Zeitmessung, sondern auch ein sch\u00f6nes Dekorationsst\u00fcck.<\/p>","protected":false},"featured_media":6670,"template":"","meta":{"neve_meta_sidebar":"","neve_meta_container":"","neve_meta_enable_content_width":"off","neve_meta_content_width":100,"neve_meta_title_alignment":"","neve_meta_author_avatar":"","neve_post_elements_order":"","neve_meta_disable_header":"","neve_meta_disable_footer":"","neve_meta_disable_title":"","neve_meta_reading_time":"","advanced_seo_description":"","jetpack_seo_html_title":"","jetpack_seo_noindex":false,"jetpack_publicize_message":"","jetpack_publicize_feature_enabled":true,"jetpack_social_post_already_shared":true,"jetpack_social_options":{"image_generator_settings":{"template":"highway","default_image_id":0,"font":"","enabled":false},"version":2}},"product_brand":[],"product_cat":[15,22,703],"product_tag":[290,291,446],"class_list":{"0":"post-6668","1":"product","2":"type-product","3":"status-publish","4":"has-post-thumbnail","6":"product_cat-allefun","7":"product_cat-funliving","8":"product_cat-klokken","9":"product_tag-beton","10":"product_tag-grijs","11":"product_tag-klok","12":"product_shipping_class-pakket-met-track-en-trace","14":"first","15":"instock","16":"taxable","17":"shipping-taxable","18":"purchasable","19":"product-type-simple"},"jetpack_publicize_connections":[],"jetpack_sharing_enabled":true,"_links":{"self":[{"href":"https:\/\/www.funfetti.shop\/de\/wp-json\/wp\/v2\/product\/6668","targetHints":{"allow":["GET"]}}],"collection":[{"href":"https:\/\/www.funfetti.shop\/de\/wp-json\/wp\/v2\/product"}],"about":[{"href":"https:\/\/www.funfetti.shop\/de\/wp-json\/wp\/v2\/types\/product"}],"wp:featuredmedia":[{"embeddable":true,"href":"https:\/\/www.funfetti.shop\/de\/wp-json\/wp\/v2\/media\/6670"}],"wp:attachment":[{"href":"https:\/\/www.funfetti.shop\/de\/wp-json\/wp\/v2\/media?parent=6668"}],"wp:term":[{"taxonomy":"product_brand","embeddable":true,"href":"https:\/\/www.funfetti.shop\/de\/wp-json\/wp\/v2\/product_brand?post=6668"},{"taxonomy":"product_cat","embeddable":true,"href":"https:\/\/www.funfetti.shop\/de\/wp-json\/wp\/v2\/product_cat?post=6668"},{"taxonomy":"product_tag","embeddable":true,"href":"https:\/\/www.funfetti.shop\/de\/wp-json\/wp\/v2\/product_tag?post=6668"}],"curies":[{"name":"wp","href":"https:\/\/api.w.org\/{rel}","templated":true}]}}