{"id":7012,"date":"2024-01-25T10:50:46","date_gmt":"2024-01-25T10:50:46","guid":{"rendered":"https:\/\/www.funfetti.shop\/?post_type=product&#038;p=7012"},"modified":"2026-04-03T15:32:08","modified_gmt":"2026-04-03T15:32:08","slug":"seilschale-weis","status":"publish","type":"product","link":"https:\/\/www.funfetti.shop\/de\/product\/touw-schaal-wit\/","title":{"rendered":"Coil Rope Bowl Wei\u00df"},"content":{"rendered":"<h1>Spiralseilschale - Areaware Reality x Harry Allen - Wei\u00df<\/h1>\n<p>Coil Rope Bowl wei\u00df von der Marke Areaware ist besonders und einzigartig. Es ist ein Abguss eines echten gewickelten St\u00fcck Seil, so dass es wirklich sehr realistisch ist, weil man es immer wieder anschaut. Und insgeheim ist es am sch\u00f6nsten leer.<\/p>\n<p><strong>Spezifikationen:<\/strong><\/p>\n<ul>\n<li><strong><em>Material: Harz \/ Gie\u00dfharz<\/em><\/strong><\/li>\n<li><strong><em>Farbe: wei\u00df<\/em><\/strong><\/li>\n<li><strong><em>Abmessungen: 13 x 21 cm<\/em><\/strong><\/li>\n<li><strong><em>auch in <a href=\"https:\/\/www.funfetti.shop\/de\/produkt\/seilschale-gold\/\">Gold<\/a> verf\u00fcgbar<\/em><\/strong><\/li>\n<li><strong><em>Marke: <a href=\"https:\/\/www.funfetti.shop\/de\/produkt-kategorie\/marken-2\/areaware\/\">Areaware<\/a><\/em><\/strong><\/li>\n<li><strong><em>Entwurf: <a href=\"https:\/\/www.funfetti.shop\/de\/produkt-kategorie\/fundiertes-design\/designer\/harry-allen\/\">Harry Allen<\/a><\/em><\/strong><\/li>\n<\/ul>\n<hr \/>\n<p>&nbsp;<\/p>","protected":false},"excerpt":{"rendered":"<p><strong data-start=\"845\" data-end=\"858\">Coil Rope Bowl Wei\u00df<\/strong> ist ein \u00e4sthetisches, zeitloses Designobjekt. Die Schale Coil rope von Areaware, entworfen von Harry Allen, ist ein Abguss eines echten, gewundenen Seils, das man einfach immer wieder anschaut.<\/p>","protected":false},"featured_media":9949,"template":"","meta":{"neve_meta_sidebar":"","neve_meta_container":"","neve_meta_enable_content_width":"off","neve_meta_content_width":100,"neve_meta_title_alignment":"","neve_meta_author_avatar":"","neve_post_elements_order":"","neve_meta_disable_header":"","neve_meta_disable_footer":"","neve_meta_disable_title":"","neve_meta_reading_time":"","advanced_seo_description":"","jetpack_seo_html_title":"","jetpack_seo_noindex":false,"jetpack_publicize_message":"","jetpack_publicize_feature_enabled":true,"jetpack_social_post_already_shared":true,"jetpack_social_options":{"image_generator_settings":{"template":"highway","default_image_id":0,"font":"","enabled":false},"version":2}},"product_brand":[],"product_cat":[15,463,679,677,22,806,30,29,685,23],"product_tag":[197,177,215,103],"class_list":{"0":"post-7012","1":"product","2":"type-product","3":"status-publish","4":"has-post-thumbnail","6":"product_cat-allefun","7":"product_cat-areaware","8":"product_cat-design","9":"product_cat-fundesign","10":"product_cat-funliving","11":"product_cat-harry-allen","12":"product_cat-keramiek","13":"product_cat-keuken","14":"product_cat-voor-haar","15":"product_cat-woondecoratie","16":"product_tag-areaware","17":"product_tag-schaal","18":"product_tag-touw","19":"product_tag-wit","20":"product_shipping_class-pakket-met-track-en-trace","22":"first","23":"instock","24":"taxable","25":"shipping-taxable","26":"purchasable","27":"product-type-simple"},"jetpack_publicize_connections":[],"jetpack_sharing_enabled":true,"_links":{"self":[{"href":"https:\/\/www.funfetti.shop\/de\/wp-json\/wp\/v2\/product\/7012","targetHints":{"allow":["GET"]}}],"collection":[{"href":"https:\/\/www.funfetti.shop\/de\/wp-json\/wp\/v2\/product"}],"about":[{"href":"https:\/\/www.funfetti.shop\/de\/wp-json\/wp\/v2\/types\/product"}],"wp:featuredmedia":[{"embeddable":true,"href":"https:\/\/www.funfetti.shop\/de\/wp-json\/wp\/v2\/media\/9949"}],"wp:attachment":[{"href":"https:\/\/www.funfetti.shop\/de\/wp-json\/wp\/v2\/media?parent=7012"}],"wp:term":[{"taxonomy":"product_brand","embeddable":true,"href":"https:\/\/www.funfetti.shop\/de\/wp-json\/wp\/v2\/product_brand?post=7012"},{"taxonomy":"product_cat","embeddable":true,"href":"https:\/\/www.funfetti.shop\/de\/wp-json\/wp\/v2\/product_cat?post=7012"},{"taxonomy":"product_tag","embeddable":true,"href":"https:\/\/www.funfetti.shop\/de\/wp-json\/wp\/v2\/product_tag?post=7012"}],"curies":[{"name":"wp","href":"https:\/\/api.w.org\/{rel}","templated":true}]}}