{"id":7241,"date":"2024-02-09T18:57:52","date_gmt":"2024-02-09T18:57:52","guid":{"rendered":"https:\/\/www.funfetti.shop\/?post_type=product&#038;p=7241"},"modified":"2026-01-16T13:52:44","modified_gmt":"2026-01-16T13:52:44","slug":"tulip-vase-schwarz-xl","status":"publish","type":"product","link":"https:\/\/www.funfetti.shop\/de\/product\/tulpen-vaas-zwart-xl\/","title":{"rendered":"Tulpenvase schwarz XL"},"content":{"rendered":"<div class=\"text-collapse mb-3 mb-md-4 has-no-overflow\" data-controller=\"text-collapse\">\n<p class=\"cms-content\">Tulip Vase schwarz XL ist eine sch\u00f6ne mattschwarze Vase ist ein bisschen gr\u00f6\u00dfer als sein Vorg\u00e4nger, erreicht 51 cm hoch.<\/p>\n<p class=\"cms-content\">In alle \u00d6ffnungen der Vase k\u00f6nnen Tulpen gesteckt werden, so dass ein toller Blickfang entsteht. Die Blumenvase besteht aus 3 Teilen, die separat mit Wasser bef\u00fcllt werden k\u00f6nnen.<\/p>\n<p class=\"cms-content\">Der Name dieser Vase ist offiziell Tulpenvase, aber nat\u00fcrlich kann man diese sch\u00f6ne schwarze Vase auch mit anderen Blumen f\u00fcllen.<\/p>\n<\/div>\n<div class=\"mb-3 mb-md-4\">\n<ul>\n<li class=\"mb-1\"><i>Vase f\u00fcr Tulpen<\/i><\/li>\n<li><em>Material: Keramik<\/em><\/li>\n<li class=\"mb-1\"><em>Abmessungen: 51 x 21,5 x 21,5 cm<\/em><\/li>\n<li class=\"mb-1\"><em>Farbe: schwarz<\/em><\/li>\n<li><em>Version: XL<\/em><\/li>\n<li class=\"mb-1\"><i>Marke: <a href=\"https:\/\/www.funfetti.shop\/de\/produkt-kategorie\/marken-2\/heinen_delfts_blue\/\">Heinen Delft Blau<\/a><\/i><\/li>\n<\/ul>\n<\/div>","protected":false},"excerpt":{"rendered":"<p>Tulpenvase schwarz XL ist eine sch\u00f6ne mattschwarze Vase von 51 cm H\u00f6he. Sie k\u00f6nnen Tulpen in alle \u00d6ffnungen der Vase stellen, wodurch ein wirklich gro\u00dfer Blickfang entsteht. Die Blumenvase besteht aus 3 Teilen, die separat mit Wasser bef\u00fcllt werden k\u00f6nnen.<br \/>\nDer Name dieser Vase ist offiziell Tulpenvase, aber nat\u00fcrlich kann man diese sch\u00f6ne schwarze Vase auch mit anderen Blumen f\u00fcllen.<\/p>","protected":false},"featured_media":7879,"template":"","meta":{"neve_meta_sidebar":"","neve_meta_container":"","neve_meta_enable_content_width":"off","neve_meta_content_width":100,"neve_meta_title_alignment":"","neve_meta_author_avatar":"","neve_post_elements_order":"","neve_meta_disable_header":"","neve_meta_disable_footer":"","neve_meta_disable_title":"","neve_meta_reading_time":"","jetpack_publicize_message":"","jetpack_publicize_feature_enabled":true,"jetpack_social_post_already_shared":true,"jetpack_social_options":{"image_generator_settings":{"template":"highway","default_image_id":0,"font":"","enabled":false},"version":2}},"product_brand":[],"product_cat":[15,678,677,22,688,576,30,316,685,23],"product_tag":[691,134,690,148,165],"class_list":{"0":"post-7241","1":"product","2":"type-product","3":"status-publish","4":"has-post-thumbnail","6":"product_cat-allefun","7":"product_cat-dutch-design","8":"product_cat-fundesign","9":"product_cat-funliving","10":"product_cat-geselecteerde-producten","11":"product_cat-heinen_delfts_blauw","12":"product_cat-keramiek","13":"product_cat-vazen","14":"product_cat-voor-haar","15":"product_cat-woondecoratie","16":"product_tag-delfst-blauw","17":"product_tag-keramiek","18":"product_tag-tulpen","19":"product_tag-vaas","20":"product_tag-zwart","21":"product_shipping_class-pakket-met-track-en-trace","23":"first","24":"instock","25":"taxable","26":"shipping-taxable","27":"purchasable","28":"product-type-simple"},"yoast_head":"<!-- This site is optimized with the Yoast SEO plugin v27.4 - https:\/\/yoast.com\/product\/yoast-seo-wordpress\/ -->\n<title>Tulpen vaas zwart XL - Heinen Delfts Blauw<\/title>\n<meta name=\"description\" content=\"Tulpen vaas zwart XL is prachtig mat zwart en wel 51 cm hoog. In alle openingen van de vaas kun je tulpen doen, waardoor het een blikvanger wordt.\" \/>\n<meta name=\"robots\" content=\"index, follow, max-snippet:-1, max-image-preview:large, max-video-preview:-1\" \/>\n<link rel=\"canonical\" href=\"https:\/\/www.funfetti.shop\/de\/produkt\/tulip-vase-schwarz-xl\/\" \/>\n<meta property=\"og:locale\" content=\"de_DE\" \/>\n<meta property=\"og:type\" content=\"article\" \/>\n<meta property=\"og:title\" content=\"Tulpen vaas zwart XL - Heinen Delfts Blauw\" \/>\n<meta property=\"og:description\" content=\"Tulpen vaas zwart XL is prachtig mat zwart en wel 51 cm hoog. In alle openingen van de vaas kun je tulpen doen, waardoor het een blikvanger wordt.\" \/>\n<meta property=\"og:url\" content=\"https:\/\/www.funfetti.shop\/de\/produkt\/tulip-vase-schwarz-xl\/\" \/>\n<meta property=\"og:site_name\" content=\"FunFetti\" \/>\n<meta property=\"article:publisher\" content=\"https:\/\/www.facebook.com\/funfetti.shop\" \/>\n<meta property=\"article:modified_time\" content=\"2026-01-16T13:52:44+00:00\" \/>\n<meta property=\"og:image\" content=\"https:\/\/www.funfetti.shop\/wp-content\/uploads\/2024\/02\/Tulpen-vaas-zwart-XL-5.jpg\" \/>\n\t<meta property=\"og:image:width\" content=\"400\" \/>\n\t<meta property=\"og:image:height\" content=\"711\" \/>\n\t<meta property=\"og:image:type\" content=\"image\/jpeg\" \/>\n<meta name=\"twitter:card\" content=\"summary_large_image\" \/>\n<meta name=\"twitter:label1\" content=\"Gesch\u00e4tzte Lesezeit\" \/>\n\t<meta name=\"twitter:data1\" content=\"1\u00a0Minute\" \/>\n<script type=\"application\/ld+json\" class=\"yoast-schema-graph\">{\"@context\":\"https:\\\/\\\/schema.org\",\"@graph\":[{\"@type\":\"WebPage\",\"@id\":\"https:\\\/\\\/www.funfetti.shop\\\/product\\\/tulpen-vaas-zwart-xl\\\/\",\"url\":\"https:\\\/\\\/www.funfetti.shop\\\/product\\\/tulpen-vaas-zwart-xl\\\/\",\"name\":\"Tulpen vaas zwart XL - Heinen Delfts Blauw\",\"isPartOf\":{\"@id\":\"https:\\\/\\\/www.funfetti.shop\\\/#website\"},\"primaryImageOfPage\":{\"@id\":\"https:\\\/\\\/www.funfetti.shop\\\/product\\\/tulpen-vaas-zwart-xl\\\/#primaryimage\"},\"image\":{\"@id\":\"https:\\\/\\\/www.funfetti.shop\\\/product\\\/tulpen-vaas-zwart-xl\\\/#primaryimage\"},\"thumbnailUrl\":\"https:\\\/\\\/www.funfetti.shop\\\/wp-content\\\/uploads\\\/2024\\\/02\\\/Tulpen-vaas-zwart-XL-5.jpg\",\"datePublished\":\"2024-02-09T18:57:52+00:00\",\"dateModified\":\"2026-01-16T13:52:44+00:00\",\"description\":\"Tulpen vaas zwart XL is prachtig mat zwart en wel 51 cm hoog. In alle openingen van de vaas kun je tulpen doen, waardoor het een blikvanger wordt.\",\"breadcrumb\":{\"@id\":\"https:\\\/\\\/www.funfetti.shop\\\/product\\\/tulpen-vaas-zwart-xl\\\/#breadcrumb\"},\"inLanguage\":\"de\",\"potentialAction\":[{\"@type\":\"ReadAction\",\"target\":[\"https:\\\/\\\/www.funfetti.shop\\\/product\\\/tulpen-vaas-zwart-xl\\\/\"]}]},{\"@type\":\"ImageObject\",\"inLanguage\":\"de\",\"@id\":\"https:\\\/\\\/www.funfetti.shop\\\/product\\\/tulpen-vaas-zwart-xl\\\/#primaryimage\",\"url\":\"https:\\\/\\\/www.funfetti.shop\\\/wp-content\\\/uploads\\\/2024\\\/02\\\/Tulpen-vaas-zwart-XL-5.jpg\",\"contentUrl\":\"https:\\\/\\\/www.funfetti.shop\\\/wp-content\\\/uploads\\\/2024\\\/02\\\/Tulpen-vaas-zwart-XL-5.jpg\",\"width\":400,\"height\":711,\"caption\":\"Heinen Delfts Blauw XL tulpen vaas zwart\"},{\"@type\":\"BreadcrumbList\",\"@id\":\"https:\\\/\\\/www.funfetti.shop\\\/product\\\/tulpen-vaas-zwart-xl\\\/#breadcrumb\",\"itemListElement\":[{\"@type\":\"ListItem\",\"position\":1,\"name\":\"Home\",\"item\":\"https:\\\/\\\/www.funfetti.shop\\\/\"},{\"@type\":\"ListItem\",\"position\":2,\"name\":\"Winkel\",\"item\":\"https:\\\/\\\/www.funfetti.shop\\\/winkel\\\/\"},{\"@type\":\"ListItem\",\"position\":3,\"name\":\"Tulpen vaas zwart XL\"}]},{\"@type\":\"WebSite\",\"@id\":\"https:\\\/\\\/www.funfetti.shop\\\/#website\",\"url\":\"https:\\\/\\\/www.funfetti.shop\\\/\",\"name\":\"FunFetti\",\"description\":\"a curated mix of gifts, home d\u00e9cor and design\",\"publisher\":{\"@id\":\"https:\\\/\\\/www.funfetti.shop\\\/#organization\"},\"potentialAction\":[{\"@type\":\"SearchAction\",\"target\":{\"@type\":\"EntryPoint\",\"urlTemplate\":\"https:\\\/\\\/www.funfetti.shop\\\/?s={search_term_string}\"},\"query-input\":{\"@type\":\"PropertyValueSpecification\",\"valueRequired\":true,\"valueName\":\"search_term_string\"}}],\"inLanguage\":\"de\"},{\"@type\":\"Organization\",\"@id\":\"https:\\\/\\\/www.funfetti.shop\\\/#organization\",\"name\":\"FunFetti\",\"url\":\"https:\\\/\\\/www.funfetti.shop\\\/\",\"logo\":{\"@type\":\"ImageObject\",\"inLanguage\":\"de\",\"@id\":\"https:\\\/\\\/www.funfetti.shop\\\/#\\\/schema\\\/logo\\\/image\\\/\",\"url\":\"https:\\\/\\\/i0.wp.com\\\/www.funfetti.shop\\\/wp-content\\\/uploads\\\/2021\\\/11\\\/cropped-LOGO-WP-2021.png?fit=2000%2C171&ssl=1\",\"contentUrl\":\"https:\\\/\\\/i0.wp.com\\\/www.funfetti.shop\\\/wp-content\\\/uploads\\\/2021\\\/11\\\/cropped-LOGO-WP-2021.png?fit=2000%2C171&ssl=1\",\"width\":2000,\"height\":171,\"caption\":\"FunFetti\"},\"image\":{\"@id\":\"https:\\\/\\\/www.funfetti.shop\\\/#\\\/schema\\\/logo\\\/image\\\/\"},\"sameAs\":[\"https:\\\/\\\/www.facebook.com\\\/funfetti.shop\",\"https:\\\/\\\/www.instagram.com\\\/funfetti.shop\\\/\",\"https:\\\/\\\/nl.pinterest.com\\\/funfettiforever\\\/\"]}]}<\/script>\n<!-- \/ Yoast SEO plugin. -->","yoast_head_json":{"title":"Tulpenvase schwarz XL - Heinen Delfts Blauw","description":"Die Tulpenvase schwarz XL ist wundersch\u00f6n mattschwarz und bis zu 51 cm hoch. Sie k\u00f6nnen Tulpen in alle \u00d6ffnungen der Vase setzen, so dass es ein Blickfang ist.","robots":{"index":"index","follow":"follow","max-snippet":"max-snippet:-1","max-image-preview":"max-image-preview:large","max-video-preview":"max-video-preview:-1"},"canonical":"https:\/\/www.funfetti.shop\/de\/produkt\/tulip-vase-schwarz-xl\/","og_locale":"de_DE","og_type":"article","og_title":"Tulpen vaas zwart XL - Heinen Delfts Blauw","og_description":"Tulpen vaas zwart XL is prachtig mat zwart en wel 51 cm hoog. In alle openingen van de vaas kun je tulpen doen, waardoor het een blikvanger wordt.","og_url":"https:\/\/www.funfetti.shop\/de\/produkt\/tulip-vase-schwarz-xl\/","og_site_name":"FunFetti","article_publisher":"https:\/\/www.facebook.com\/funfetti.shop","article_modified_time":"2026-01-16T13:52:44+00:00","og_image":[{"width":400,"height":711,"url":"https:\/\/www.funfetti.shop\/wp-content\/uploads\/2024\/02\/Tulpen-vaas-zwart-XL-5.jpg","type":"image\/jpeg"}],"twitter_card":"summary_large_image","twitter_misc":{"Gesch\u00e4tzte Lesezeit":"1\u00a0Minute"},"schema":{"@context":"https:\/\/schema.org","@graph":[{"@type":"WebPage","@id":"https:\/\/www.funfetti.shop\/product\/tulpen-vaas-zwart-xl\/","url":"https:\/\/www.funfetti.shop\/product\/tulpen-vaas-zwart-xl\/","name":"Tulpenvase schwarz XL - Heinen Delfts Blauw","isPartOf":{"@id":"https:\/\/www.funfetti.shop\/#website"},"primaryImageOfPage":{"@id":"https:\/\/www.funfetti.shop\/product\/tulpen-vaas-zwart-xl\/#primaryimage"},"image":{"@id":"https:\/\/www.funfetti.shop\/product\/tulpen-vaas-zwart-xl\/#primaryimage"},"thumbnailUrl":"https:\/\/www.funfetti.shop\/wp-content\/uploads\/2024\/02\/Tulpen-vaas-zwart-XL-5.jpg","datePublished":"2024-02-09T18:57:52+00:00","dateModified":"2026-01-16T13:52:44+00:00","description":"Die Tulpenvase schwarz XL ist wundersch\u00f6n mattschwarz und bis zu 51 cm hoch. Sie k\u00f6nnen Tulpen in alle \u00d6ffnungen der Vase setzen, so dass es ein Blickfang ist.","breadcrumb":{"@id":"https:\/\/www.funfetti.shop\/product\/tulpen-vaas-zwart-xl\/#breadcrumb"},"inLanguage":"de","potentialAction":[{"@type":"ReadAction","target":["https:\/\/www.funfetti.shop\/product\/tulpen-vaas-zwart-xl\/"]}]},{"@type":"ImageObject","inLanguage":"de","@id":"https:\/\/www.funfetti.shop\/product\/tulpen-vaas-zwart-xl\/#primaryimage","url":"https:\/\/www.funfetti.shop\/wp-content\/uploads\/2024\/02\/Tulpen-vaas-zwart-XL-5.jpg","contentUrl":"https:\/\/www.funfetti.shop\/wp-content\/uploads\/2024\/02\/Tulpen-vaas-zwart-XL-5.jpg","width":400,"height":711,"caption":"Heinen Delfts Blauw XL tulpen vaas zwart"},{"@type":"BreadcrumbList","@id":"https:\/\/www.funfetti.shop\/product\/tulpen-vaas-zwart-xl\/#breadcrumb","itemListElement":[{"@type":"ListItem","position":1,"name":"Home","item":"https:\/\/www.funfetti.shop\/"},{"@type":"ListItem","position":2,"name":"Winkel","item":"https:\/\/www.funfetti.shop\/winkel\/"},{"@type":"ListItem","position":3,"name":"Tulpen vaas zwart XL"}]},{"@type":"WebSite","@id":"https:\/\/www.funfetti.shop\/#website","url":"https:\/\/www.funfetti.shop\/","name":"FunFetti","description":"eine ausgew\u00e4hlte Mischung aus Geschenken, Wohnaccessoires und Design","publisher":{"@id":"https:\/\/www.funfetti.shop\/#organization"},"potentialAction":[{"@type":"SearchAction","target":{"@type":"EntryPoint","urlTemplate":"https:\/\/www.funfetti.shop\/?s={search_term_string}"},"query-input":{"@type":"PropertyValueSpecification","valueRequired":true,"valueName":"search_term_string"}}],"inLanguage":"de"},{"@type":"Organization","@id":"https:\/\/www.funfetti.shop\/#organization","name":"FunFetti","url":"https:\/\/www.funfetti.shop\/","logo":{"@type":"ImageObject","inLanguage":"de","@id":"https:\/\/www.funfetti.shop\/#\/schema\/logo\/image\/","url":"https:\/\/i0.wp.com\/www.funfetti.shop\/wp-content\/uploads\/2021\/11\/cropped-LOGO-WP-2021.png?fit=2000%2C171&ssl=1","contentUrl":"https:\/\/i0.wp.com\/www.funfetti.shop\/wp-content\/uploads\/2021\/11\/cropped-LOGO-WP-2021.png?fit=2000%2C171&ssl=1","width":2000,"height":171,"caption":"FunFetti"},"image":{"@id":"https:\/\/www.funfetti.shop\/#\/schema\/logo\/image\/"},"sameAs":["https:\/\/www.facebook.com\/funfetti.shop","https:\/\/www.instagram.com\/funfetti.shop\/","https:\/\/nl.pinterest.com\/funfettiforever\/"]}]}},"jetpack_publicize_connections":[],"jetpack_sharing_enabled":true,"_links":{"self":[{"href":"https:\/\/www.funfetti.shop\/de\/wp-json\/wp\/v2\/product\/7241","targetHints":{"allow":["GET"]}}],"collection":[{"href":"https:\/\/www.funfetti.shop\/de\/wp-json\/wp\/v2\/product"}],"about":[{"href":"https:\/\/www.funfetti.shop\/de\/wp-json\/wp\/v2\/types\/product"}],"wp:featuredmedia":[{"embeddable":true,"href":"https:\/\/www.funfetti.shop\/de\/wp-json\/wp\/v2\/media\/7879"}],"wp:attachment":[{"href":"https:\/\/www.funfetti.shop\/de\/wp-json\/wp\/v2\/media?parent=7241"}],"wp:term":[{"taxonomy":"product_brand","embeddable":true,"href":"https:\/\/www.funfetti.shop\/de\/wp-json\/wp\/v2\/product_brand?post=7241"},{"taxonomy":"product_cat","embeddable":true,"href":"https:\/\/www.funfetti.shop\/de\/wp-json\/wp\/v2\/product_cat?post=7241"},{"taxonomy":"product_tag","embeddable":true,"href":"https:\/\/www.funfetti.shop\/de\/wp-json\/wp\/v2\/product_tag?post=7241"}],"curies":[{"name":"wp","href":"https:\/\/api.w.org\/{rel}","templated":true}]}}