{"id":7974,"date":"2024-10-21T12:38:11","date_gmt":"2024-10-21T12:38:11","guid":{"rendered":"https:\/\/www.funfetti.shop\/?post_type=product&#038;p=7974"},"modified":"2026-01-16T13:52:43","modified_gmt":"2026-01-16T13:52:43","slug":"tulpe-vase-stapeln-wahnsinn","status":"publish","type":"product","link":"https:\/\/www.funfetti.shop\/de\/product\/tulpen-vaas-stapelgekte\/","title":{"rendered":"Tulpenvasen-Stapelwahnsinn"},"content":{"rendered":"<div class=\"text-collapse mb-3 mb-md-4 has-no-overflow\" data-controller=\"text-collapse\">\n<p class=\"cms-content\">Die Tulpenvase Stapelwahnsinn ist eine sch\u00f6ne Stapelvase mit einer H\u00f6he von bis zu 40 cm. Bestehend aus drei Teilen und Farben; rosa, Regenbogen und blau. Der Name dieser Vase ist offiziell Tulpenvase, aber nat\u00fcrlich ist es auch m\u00f6glich, diese sch\u00f6ne eklektische Mix-Vase mit anderen Blumen oder Zweigen zu f\u00fcllen. Auch Lego-Blumen sehen in dieser Vase super gut aus.<\/p>\n<\/div>\n<div class=\"mb-3 mb-md-4\">\n<ul>\n<li class=\"mb-1\"><i>Vase<\/i><\/li>\n<li><em>nicht sp\u00fclmaschinengeeignet<\/em><\/li>\n<li><em>Material: Keramik<\/em><\/li>\n<li class=\"mb-1\"><em>Abmessungen: 40 x 20 cm<\/em><\/li>\n<li class=\"mb-1\"><i>Farbe: Rosa, Regenbogen (Disco), Blau<\/i><\/li>\n<li class=\"mb-1\"><i>Marke: <a href=\"https:\/\/www.funfetti.shop\/de\/produkt-kategorie\/marken-2\/heinen_delfts_blue\/\">Heinen Delft Blau<\/a><\/i><\/li>\n<\/ul>\n<hr \/>\n<p><strong><em>Hinweis<\/em><\/strong> gibt es ein kleines Wackeln in den oberen Teil dieser Vase. Dies ist nicht von der Funktion oder Sch\u00f6nheit der Vase beeintr\u00e4chtigen, sondern ist der Grund f\u00fcr diese sch\u00f6ne Rabatt.<\/p>\n<hr \/>\n<p>&nbsp;<\/p>\n<\/div>","protected":false},"excerpt":{"rendered":"<p>Die Tulpenvase Stack Madness ist eine sch\u00f6ne, gl\u00e4nzende, discofarbene Vase mit einer H\u00f6he von bis zu 40 cm. Sie k\u00f6nnen Tulpen in alle \u00d6ffnungen der Vase stellen, wodurch ein wirklich gro\u00dfer Blickfang entsteht. Die Blumenvase besteht aus 3 Teilen, die separat mit Wasser bef\u00fcllt werden k\u00f6nnen.<\/p>","protected":false},"featured_media":9255,"template":"","meta":{"neve_meta_sidebar":"","neve_meta_container":"","neve_meta_enable_content_width":"off","neve_meta_content_width":100,"neve_meta_title_alignment":"","neve_meta_author_avatar":"","neve_post_elements_order":"","neve_meta_disable_header":"","neve_meta_disable_footer":"","neve_meta_disable_title":"","neve_meta_reading_time":"","jetpack_publicize_message":"","jetpack_publicize_feature_enabled":true,"jetpack_social_post_already_shared":true,"jetpack_social_options":{"image_generator_settings":{"template":"highway","default_image_id":0,"font":"","enabled":false},"version":2}},"product_brand":[],"product_cat":[15,678,677,22,576,30,52,316,685,23],"product_tag":[577,134,155,690,148],"class_list":{"0":"post-7974","1":"product","2":"type-product","3":"status-publish","4":"has-post-thumbnail","6":"product_cat-allefun","7":"product_cat-dutch-design","8":"product_cat-fundesign","9":"product_cat-funliving","10":"product_cat-heinen_delfts_blauw","11":"product_cat-keramiek","12":"product_cat-outlet","13":"product_cat-vazen","14":"product_cat-voor-haar","15":"product_cat-woondecoratie","16":"product_tag-delfts-blauw","17":"product_tag-keramiek","18":"product_tag-roze","19":"product_tag-tulpen","20":"product_tag-vaas","21":"product_shipping_class-pakket-met-track-en-trace","23":"first","24":"instock","25":"sale","26":"taxable","27":"shipping-taxable","28":"purchasable","29":"product-type-simple"},"yoast_head":"<!-- This site is optimized with the Yoast SEO plugin v27.4 - https:\/\/yoast.com\/product\/yoast-seo-wordpress\/ -->\n<title>Tulpen vaas stapelgekte van Heinen Delfts Blauw<\/title>\n<meta name=\"description\" content=\"Tulpen vaas stapelgekte is prachtig vaas van wel 40 cm hoog. In alle openingen van de vaas kun je tulpen doen, waardoor het een blikvanger wordt.\" \/>\n<meta name=\"robots\" content=\"index, follow, max-snippet:-1, max-image-preview:large, max-video-preview:-1\" \/>\n<link rel=\"canonical\" href=\"https:\/\/www.funfetti.shop\/de\/produkt\/tulpe-vase-stapeln-wahnsinn\/\" \/>\n<meta property=\"og:locale\" content=\"de_DE\" \/>\n<meta property=\"og:type\" content=\"article\" \/>\n<meta property=\"og:title\" content=\"Tulpen vaas stapelgekte van Heinen Delfts Blauw\" \/>\n<meta property=\"og:description\" content=\"Tulpen vaas stapelgekte is prachtig vaas van wel 40 cm hoog. In alle openingen van de vaas kun je tulpen doen, waardoor het een blikvanger wordt.\" \/>\n<meta property=\"og:url\" content=\"https:\/\/www.funfetti.shop\/de\/produkt\/tulpe-vase-stapeln-wahnsinn\/\" \/>\n<meta property=\"og:site_name\" content=\"FunFetti\" \/>\n<meta property=\"article:publisher\" content=\"https:\/\/www.facebook.com\/funfetti.shop\" \/>\n<meta property=\"article:modified_time\" content=\"2026-01-16T13:52:43+00:00\" \/>\n<meta property=\"og:image\" content=\"https:\/\/www.funfetti.shop\/wp-content\/uploads\/2024\/10\/Stapelgekte-Heinen-Delfts-Blauw-4.jpg\" \/>\n\t<meta property=\"og:image:width\" content=\"400\" \/>\n\t<meta property=\"og:image:height\" content=\"711\" \/>\n\t<meta property=\"og:image:type\" content=\"image\/jpeg\" \/>\n<meta name=\"twitter:card\" content=\"summary_large_image\" \/>\n<meta name=\"twitter:label1\" content=\"Gesch\u00e4tzte Lesezeit\" \/>\n\t<meta name=\"twitter:data1\" content=\"1\u00a0Minute\" \/>\n<script type=\"application\/ld+json\" class=\"yoast-schema-graph\">{\"@context\":\"https:\\\/\\\/schema.org\",\"@graph\":[{\"@type\":\"WebPage\",\"@id\":\"https:\\\/\\\/www.funfetti.shop\\\/product\\\/tulpen-vaas-stapelgekte\\\/\",\"url\":\"https:\\\/\\\/www.funfetti.shop\\\/product\\\/tulpen-vaas-stapelgekte\\\/\",\"name\":\"Tulpen vaas stapelgekte van Heinen Delfts Blauw\",\"isPartOf\":{\"@id\":\"https:\\\/\\\/www.funfetti.shop\\\/#website\"},\"primaryImageOfPage\":{\"@id\":\"https:\\\/\\\/www.funfetti.shop\\\/product\\\/tulpen-vaas-stapelgekte\\\/#primaryimage\"},\"image\":{\"@id\":\"https:\\\/\\\/www.funfetti.shop\\\/product\\\/tulpen-vaas-stapelgekte\\\/#primaryimage\"},\"thumbnailUrl\":\"https:\\\/\\\/www.funfetti.shop\\\/wp-content\\\/uploads\\\/2024\\\/10\\\/Stapelgekte-Heinen-Delfts-Blauw-4.jpg\",\"datePublished\":\"2024-10-21T12:38:11+00:00\",\"dateModified\":\"2026-01-16T13:52:43+00:00\",\"description\":\"Tulpen vaas stapelgekte is prachtig vaas van wel 40 cm hoog. In alle openingen van de vaas kun je tulpen doen, waardoor het een blikvanger wordt.\",\"breadcrumb\":{\"@id\":\"https:\\\/\\\/www.funfetti.shop\\\/product\\\/tulpen-vaas-stapelgekte\\\/#breadcrumb\"},\"inLanguage\":\"de\",\"potentialAction\":[{\"@type\":\"ReadAction\",\"target\":[\"https:\\\/\\\/www.funfetti.shop\\\/product\\\/tulpen-vaas-stapelgekte\\\/\"]}]},{\"@type\":\"ImageObject\",\"inLanguage\":\"de\",\"@id\":\"https:\\\/\\\/www.funfetti.shop\\\/product\\\/tulpen-vaas-stapelgekte\\\/#primaryimage\",\"url\":\"https:\\\/\\\/www.funfetti.shop\\\/wp-content\\\/uploads\\\/2024\\\/10\\\/Stapelgekte-Heinen-Delfts-Blauw-4.jpg\",\"contentUrl\":\"https:\\\/\\\/www.funfetti.shop\\\/wp-content\\\/uploads\\\/2024\\\/10\\\/Stapelgekte-Heinen-Delfts-Blauw-4.jpg\",\"width\":400,\"height\":711,\"caption\":\"Stapelgekte Heinen Delfts Blauw\"},{\"@type\":\"BreadcrumbList\",\"@id\":\"https:\\\/\\\/www.funfetti.shop\\\/product\\\/tulpen-vaas-stapelgekte\\\/#breadcrumb\",\"itemListElement\":[{\"@type\":\"ListItem\",\"position\":1,\"name\":\"Home\",\"item\":\"https:\\\/\\\/www.funfetti.shop\\\/\"},{\"@type\":\"ListItem\",\"position\":2,\"name\":\"Winkel\",\"item\":\"https:\\\/\\\/www.funfetti.shop\\\/winkel\\\/\"},{\"@type\":\"ListItem\",\"position\":3,\"name\":\"Tulpen vaas stapelgekte\"}]},{\"@type\":\"WebSite\",\"@id\":\"https:\\\/\\\/www.funfetti.shop\\\/#website\",\"url\":\"https:\\\/\\\/www.funfetti.shop\\\/\",\"name\":\"FunFetti\",\"description\":\"a curated mix of gifts, home d\u00e9cor and design\",\"publisher\":{\"@id\":\"https:\\\/\\\/www.funfetti.shop\\\/#organization\"},\"potentialAction\":[{\"@type\":\"SearchAction\",\"target\":{\"@type\":\"EntryPoint\",\"urlTemplate\":\"https:\\\/\\\/www.funfetti.shop\\\/?s={search_term_string}\"},\"query-input\":{\"@type\":\"PropertyValueSpecification\",\"valueRequired\":true,\"valueName\":\"search_term_string\"}}],\"inLanguage\":\"de\"},{\"@type\":\"Organization\",\"@id\":\"https:\\\/\\\/www.funfetti.shop\\\/#organization\",\"name\":\"FunFetti\",\"url\":\"https:\\\/\\\/www.funfetti.shop\\\/\",\"logo\":{\"@type\":\"ImageObject\",\"inLanguage\":\"de\",\"@id\":\"https:\\\/\\\/www.funfetti.shop\\\/#\\\/schema\\\/logo\\\/image\\\/\",\"url\":\"https:\\\/\\\/i0.wp.com\\\/www.funfetti.shop\\\/wp-content\\\/uploads\\\/2021\\\/11\\\/cropped-LOGO-WP-2021.png?fit=2000%2C171&ssl=1\",\"contentUrl\":\"https:\\\/\\\/i0.wp.com\\\/www.funfetti.shop\\\/wp-content\\\/uploads\\\/2021\\\/11\\\/cropped-LOGO-WP-2021.png?fit=2000%2C171&ssl=1\",\"width\":2000,\"height\":171,\"caption\":\"FunFetti\"},\"image\":{\"@id\":\"https:\\\/\\\/www.funfetti.shop\\\/#\\\/schema\\\/logo\\\/image\\\/\"},\"sameAs\":[\"https:\\\/\\\/www.facebook.com\\\/funfetti.shop\",\"https:\\\/\\\/www.instagram.com\\\/funfetti.shop\\\/\",\"https:\\\/\\\/nl.pinterest.com\\\/funfettiforever\\\/\"]}]}<\/script>\n<!-- \/ Yoast SEO plugin. -->","yoast_head_json":{"title":"Tulpenvase stapelbar madness von Heinen Delft Blue","description":"Tulpe Vase Stapeln Wahnsinn ist sch\u00f6n Vase von bis zu 40 cm hoch. Sie k\u00f6nnen Tulpen in alle \u00d6ffnungen der Vase setzen, so dass es ein Blickfang.","robots":{"index":"index","follow":"follow","max-snippet":"max-snippet:-1","max-image-preview":"max-image-preview:large","max-video-preview":"max-video-preview:-1"},"canonical":"https:\/\/www.funfetti.shop\/de\/produkt\/tulpe-vase-stapeln-wahnsinn\/","og_locale":"de_DE","og_type":"article","og_title":"Tulpen vaas stapelgekte van Heinen Delfts Blauw","og_description":"Tulpen vaas stapelgekte is prachtig vaas van wel 40 cm hoog. In alle openingen van de vaas kun je tulpen doen, waardoor het een blikvanger wordt.","og_url":"https:\/\/www.funfetti.shop\/de\/produkt\/tulpe-vase-stapeln-wahnsinn\/","og_site_name":"FunFetti","article_publisher":"https:\/\/www.facebook.com\/funfetti.shop","article_modified_time":"2026-01-16T13:52:43+00:00","og_image":[{"width":400,"height":711,"url":"https:\/\/www.funfetti.shop\/wp-content\/uploads\/2024\/10\/Stapelgekte-Heinen-Delfts-Blauw-4.jpg","type":"image\/jpeg"}],"twitter_card":"summary_large_image","twitter_misc":{"Gesch\u00e4tzte Lesezeit":"1\u00a0Minute"},"schema":{"@context":"https:\/\/schema.org","@graph":[{"@type":"WebPage","@id":"https:\/\/www.funfetti.shop\/product\/tulpen-vaas-stapelgekte\/","url":"https:\/\/www.funfetti.shop\/product\/tulpen-vaas-stapelgekte\/","name":"Tulpenvase stapelbar madness von Heinen Delft Blue","isPartOf":{"@id":"https:\/\/www.funfetti.shop\/#website"},"primaryImageOfPage":{"@id":"https:\/\/www.funfetti.shop\/product\/tulpen-vaas-stapelgekte\/#primaryimage"},"image":{"@id":"https:\/\/www.funfetti.shop\/product\/tulpen-vaas-stapelgekte\/#primaryimage"},"thumbnailUrl":"https:\/\/www.funfetti.shop\/wp-content\/uploads\/2024\/10\/Stapelgekte-Heinen-Delfts-Blauw-4.jpg","datePublished":"2024-10-21T12:38:11+00:00","dateModified":"2026-01-16T13:52:43+00:00","description":"Tulpe Vase Stapeln Wahnsinn ist sch\u00f6n Vase von bis zu 40 cm hoch. Sie k\u00f6nnen Tulpen in alle \u00d6ffnungen der Vase setzen, so dass es ein Blickfang.","breadcrumb":{"@id":"https:\/\/www.funfetti.shop\/product\/tulpen-vaas-stapelgekte\/#breadcrumb"},"inLanguage":"de","potentialAction":[{"@type":"ReadAction","target":["https:\/\/www.funfetti.shop\/product\/tulpen-vaas-stapelgekte\/"]}]},{"@type":"ImageObject","inLanguage":"de","@id":"https:\/\/www.funfetti.shop\/product\/tulpen-vaas-stapelgekte\/#primaryimage","url":"https:\/\/www.funfetti.shop\/wp-content\/uploads\/2024\/10\/Stapelgekte-Heinen-Delfts-Blauw-4.jpg","contentUrl":"https:\/\/www.funfetti.shop\/wp-content\/uploads\/2024\/10\/Stapelgekte-Heinen-Delfts-Blauw-4.jpg","width":400,"height":711,"caption":"Stapelgekte Heinen Delfts Blauw"},{"@type":"BreadcrumbList","@id":"https:\/\/www.funfetti.shop\/product\/tulpen-vaas-stapelgekte\/#breadcrumb","itemListElement":[{"@type":"ListItem","position":1,"name":"Home","item":"https:\/\/www.funfetti.shop\/"},{"@type":"ListItem","position":2,"name":"Winkel","item":"https:\/\/www.funfetti.shop\/winkel\/"},{"@type":"ListItem","position":3,"name":"Tulpen vaas stapelgekte"}]},{"@type":"WebSite","@id":"https:\/\/www.funfetti.shop\/#website","url":"https:\/\/www.funfetti.shop\/","name":"FunFetti","description":"eine ausgew\u00e4hlte Mischung aus Geschenken, Wohnaccessoires und Design","publisher":{"@id":"https:\/\/www.funfetti.shop\/#organization"},"potentialAction":[{"@type":"SearchAction","target":{"@type":"EntryPoint","urlTemplate":"https:\/\/www.funfetti.shop\/?s={search_term_string}"},"query-input":{"@type":"PropertyValueSpecification","valueRequired":true,"valueName":"search_term_string"}}],"inLanguage":"de"},{"@type":"Organization","@id":"https:\/\/www.funfetti.shop\/#organization","name":"FunFetti","url":"https:\/\/www.funfetti.shop\/","logo":{"@type":"ImageObject","inLanguage":"de","@id":"https:\/\/www.funfetti.shop\/#\/schema\/logo\/image\/","url":"https:\/\/i0.wp.com\/www.funfetti.shop\/wp-content\/uploads\/2021\/11\/cropped-LOGO-WP-2021.png?fit=2000%2C171&ssl=1","contentUrl":"https:\/\/i0.wp.com\/www.funfetti.shop\/wp-content\/uploads\/2021\/11\/cropped-LOGO-WP-2021.png?fit=2000%2C171&ssl=1","width":2000,"height":171,"caption":"FunFetti"},"image":{"@id":"https:\/\/www.funfetti.shop\/#\/schema\/logo\/image\/"},"sameAs":["https:\/\/www.facebook.com\/funfetti.shop","https:\/\/www.instagram.com\/funfetti.shop\/","https:\/\/nl.pinterest.com\/funfettiforever\/"]}]}},"jetpack_publicize_connections":[],"jetpack_sharing_enabled":true,"_links":{"self":[{"href":"https:\/\/www.funfetti.shop\/de\/wp-json\/wp\/v2\/product\/7974","targetHints":{"allow":["GET"]}}],"collection":[{"href":"https:\/\/www.funfetti.shop\/de\/wp-json\/wp\/v2\/product"}],"about":[{"href":"https:\/\/www.funfetti.shop\/de\/wp-json\/wp\/v2\/types\/product"}],"wp:featuredmedia":[{"embeddable":true,"href":"https:\/\/www.funfetti.shop\/de\/wp-json\/wp\/v2\/media\/9255"}],"wp:attachment":[{"href":"https:\/\/www.funfetti.shop\/de\/wp-json\/wp\/v2\/media?parent=7974"}],"wp:term":[{"taxonomy":"product_brand","embeddable":true,"href":"https:\/\/www.funfetti.shop\/de\/wp-json\/wp\/v2\/product_brand?post=7974"},{"taxonomy":"product_cat","embeddable":true,"href":"https:\/\/www.funfetti.shop\/de\/wp-json\/wp\/v2\/product_cat?post=7974"},{"taxonomy":"product_tag","embeddable":true,"href":"https:\/\/www.funfetti.shop\/de\/wp-json\/wp\/v2\/product_tag?post=7974"}],"curies":[{"name":"wp","href":"https:\/\/api.w.org\/{rel}","templated":true}]}}