{"id":8270,"date":"2025-01-22T13:58:26","date_gmt":"2025-01-22T13:58:26","guid":{"rendered":"https:\/\/www.funfetti.shop\/?post_type=product&#038;p=8270"},"modified":"2025-12-05T10:06:12","modified_gmt":"2025-12-05T10:06:12","slug":"gestrickte-lyonerwurst","status":"publish","type":"product","link":"https:\/\/www.funfetti.shop\/de\/product\/gebreide-lyon-worst\/","title":{"rendered":"Gestrickte Lyoner Wurst"},"content":{"rendered":"<p>Die gestrickte Lyoner Wurst von Maison Cisson ist ein wahres Kunstwerk f\u00fcr jede Kunstwand. Auf den ersten Blick k\u00f6nnte man meinen, sie k\u00e4me direkt aus einer authentischen franz\u00f6sischen Charcuterie. Aber das ist keine gew\u00f6hnliche Wurst, sondern eine handgestrickte Wurst aus Wolle!<\/p>\n<p>H\u00e4ngen Sie ihn an einem prominenten Platz in Ihrer K\u00fcche auf und lassen Sie sich von den Reaktionen \u00fcberraschen. Dieser dekorative Blickfang verleiht nicht nur einen Hauch von franz\u00f6sischem Charme, sondern sorgt auch garantiert f\u00fcr lustige Gespr\u00e4che. Und das Beste daran? Diese Wurst bleibt ewig perfekt und ist kalorienfrei!<\/p>\n<p><strong>Ein originelles Geschenk f\u00fcr den Genie\u00dfer oder eine einzigartige Erg\u00e4nzung f\u00fcr Ihr Interieur. Verspielt, stilvoll und 100% wartungsfrei!<\/strong><\/p>\n<ul>\n<li><strong><em>aus wei\u00dfer und grauer Wolle<\/em><\/strong><\/li>\n<li><strong><em>handgefertigt<\/em><\/strong><\/li>\n<li><strong><em>Polyester-F\u00fcllung<\/em><\/strong><\/li>\n<li><strong><em>Papieretikett<\/em><\/strong><\/li>\n<li><strong><em>L\u00e4nge: +\/- 30cm<\/em><\/strong><\/li>\n<li><strong><em>verschiedene \"Geschmacksrichtungen\" verf\u00fcgbar<\/em><\/strong><\/li>\n<li><strong><em>hergestellt und entworfen in Frankreich<\/em><\/strong><\/li>\n<li><strong><em>Marke: <a href=\"https:\/\/www.funfetti.shop\/de\/produkt-kategorie\/marken\/maison-cisson\/\">Maison Cisson<\/a><\/em><\/strong><\/li>\n<\/ul>","protected":false},"excerpt":{"rendered":"<p>Die gestrickte Lyoner Wurst sieht aus, als k\u00e4me sie direkt aus einer echten franz\u00f6sischen Wurstwarenfabrik. Aber siehe da, es ist ein Kunstwerk aus Wolle!<\/p>","protected":false},"featured_media":8274,"template":"","meta":{"neve_meta_sidebar":"","neve_meta_container":"","neve_meta_enable_content_width":"off","neve_meta_content_width":100,"neve_meta_title_alignment":"","neve_meta_author_avatar":"","neve_post_elements_order":"","neve_meta_disable_header":"","neve_meta_disable_footer":"","neve_meta_disable_title":"","neve_meta_reading_time":"","jetpack_publicize_message":"","jetpack_publicize_feature_enabled":true,"jetpack_social_post_already_shared":true,"jetpack_social_options":{"image_generator_settings":{"template":"highway","default_image_id":0,"font":"","enabled":false},"version":2}},"product_brand":[],"product_cat":[15,779,680,22,715,686,23],"product_tag":[772,291,716],"class_list":{"0":"post-8270","1":"product","2":"type-product","3":"status-publish","4":"has-post-thumbnail","6":"product_cat-allefun","7":"product_cat-art-wall","8":"product_cat-fungifts","9":"product_cat-funliving","10":"product_cat-maison-cisson","11":"product_cat-voor-fun-prijzen","12":"product_cat-woondecoratie","13":"product_tag-artwall","14":"product_tag-grijs","15":"product_tag-worst","16":"product_shipping_class-pakket-met-track-en-trace","18":"first","19":"instock","20":"taxable","21":"shipping-taxable","22":"purchasable","23":"product-type-simple"},"yoast_head":"<!-- This site is optimized with the Yoast SEO plugin v27.5 - https:\/\/yoast.com\/product\/yoast-seo-wordpress\/ -->\n<title>Gebreide Lyon worst - FunFetti<\/title>\n<meta name=\"description\" content=\"Gebreide Lyon-worst lijkt rechtstreeks uit een authentieke Franse charcuterie te komen. Maar kijk nog eens goed het is een kunstwerk van wol!\u00a0 #artwall\" \/>\n<meta name=\"robots\" content=\"index, follow, max-snippet:-1, max-image-preview:large, max-video-preview:-1\" \/>\n<link rel=\"canonical\" href=\"https:\/\/www.funfetti.shop\/de\/produkt\/gestrickte-lyonerwurst\/\" \/>\n<meta property=\"og:locale\" content=\"de_DE\" \/>\n<meta property=\"og:type\" content=\"article\" \/>\n<meta property=\"og:title\" content=\"Gebreide Lyon worst - FunFetti\" \/>\n<meta property=\"og:description\" content=\"Gebreide Lyon-worst lijkt rechtstreeks uit een authentieke Franse charcuterie te komen. Maar kijk nog eens goed het is een kunstwerk van wol!\u00a0 #artwall\" \/>\n<meta property=\"og:url\" content=\"https:\/\/www.funfetti.shop\/de\/produkt\/gestrickte-lyonerwurst\/\" \/>\n<meta property=\"og:site_name\" content=\"FunFetti\" \/>\n<meta property=\"article:publisher\" content=\"https:\/\/www.facebook.com\/funfetti.shop\" \/>\n<meta property=\"article:modified_time\" content=\"2025-12-05T10:06:12+00:00\" \/>\n<meta property=\"og:image\" content=\"https:\/\/www.funfetti.shop\/wp-content\/uploads\/2025\/01\/worst-lyon.jpg\" \/>\n\t<meta property=\"og:image:width\" content=\"400\" \/>\n\t<meta property=\"og:image:height\" content=\"711\" \/>\n\t<meta property=\"og:image:type\" content=\"image\/jpeg\" \/>\n<meta name=\"twitter:card\" content=\"summary_large_image\" \/>\n<meta name=\"twitter:label1\" content=\"Gesch\u00e4tzte Lesezeit\" \/>\n\t<meta name=\"twitter:data1\" content=\"1\u00a0Minute\" \/>\n<script type=\"application\/ld+json\" class=\"yoast-schema-graph\">{\"@context\":\"https:\\\/\\\/schema.org\",\"@graph\":[{\"@type\":\"WebPage\",\"@id\":\"https:\\\/\\\/www.funfetti.shop\\\/product\\\/gebreide-lyon-worst\\\/\",\"url\":\"https:\\\/\\\/www.funfetti.shop\\\/product\\\/gebreide-lyon-worst\\\/\",\"name\":\"Gebreide Lyon worst - FunFetti\",\"isPartOf\":{\"@id\":\"https:\\\/\\\/www.funfetti.shop\\\/#website\"},\"primaryImageOfPage\":{\"@id\":\"https:\\\/\\\/www.funfetti.shop\\\/product\\\/gebreide-lyon-worst\\\/#primaryimage\"},\"image\":{\"@id\":\"https:\\\/\\\/www.funfetti.shop\\\/product\\\/gebreide-lyon-worst\\\/#primaryimage\"},\"thumbnailUrl\":\"https:\\\/\\\/www.funfetti.shop\\\/wp-content\\\/uploads\\\/2025\\\/01\\\/worst-lyon.jpg\",\"datePublished\":\"2025-01-22T13:58:26+00:00\",\"dateModified\":\"2025-12-05T10:06:12+00:00\",\"description\":\"Gebreide Lyon-worst lijkt rechtstreeks uit een authentieke Franse charcuterie te komen. Maar kijk nog eens goed het is een kunstwerk van wol!\u00a0 #artwall\",\"breadcrumb\":{\"@id\":\"https:\\\/\\\/www.funfetti.shop\\\/product\\\/gebreide-lyon-worst\\\/#breadcrumb\"},\"inLanguage\":\"de\",\"potentialAction\":[{\"@type\":\"ReadAction\",\"target\":[\"https:\\\/\\\/www.funfetti.shop\\\/product\\\/gebreide-lyon-worst\\\/\"]}]},{\"@type\":\"ImageObject\",\"inLanguage\":\"de\",\"@id\":\"https:\\\/\\\/www.funfetti.shop\\\/product\\\/gebreide-lyon-worst\\\/#primaryimage\",\"url\":\"https:\\\/\\\/www.funfetti.shop\\\/wp-content\\\/uploads\\\/2025\\\/01\\\/worst-lyon.jpg\",\"contentUrl\":\"https:\\\/\\\/www.funfetti.shop\\\/wp-content\\\/uploads\\\/2025\\\/01\\\/worst-lyon.jpg\",\"width\":400,\"height\":711},{\"@type\":\"BreadcrumbList\",\"@id\":\"https:\\\/\\\/www.funfetti.shop\\\/product\\\/gebreide-lyon-worst\\\/#breadcrumb\",\"itemListElement\":[{\"@type\":\"ListItem\",\"position\":1,\"name\":\"Home\",\"item\":\"https:\\\/\\\/www.funfetti.shop\\\/\"},{\"@type\":\"ListItem\",\"position\":2,\"name\":\"Winkel\",\"item\":\"https:\\\/\\\/www.funfetti.shop\\\/winkel\\\/\"},{\"@type\":\"ListItem\",\"position\":3,\"name\":\"Gebreide Lyon worst\"}]},{\"@type\":\"WebSite\",\"@id\":\"https:\\\/\\\/www.funfetti.shop\\\/#website\",\"url\":\"https:\\\/\\\/www.funfetti.shop\\\/\",\"name\":\"FunFetti\",\"description\":\"a curated mix of gifts, home d\u00e9cor and design\",\"publisher\":{\"@id\":\"https:\\\/\\\/www.funfetti.shop\\\/#organization\"},\"potentialAction\":[{\"@type\":\"SearchAction\",\"target\":{\"@type\":\"EntryPoint\",\"urlTemplate\":\"https:\\\/\\\/www.funfetti.shop\\\/?s={search_term_string}\"},\"query-input\":{\"@type\":\"PropertyValueSpecification\",\"valueRequired\":true,\"valueName\":\"search_term_string\"}}],\"inLanguage\":\"de\"},{\"@type\":\"Organization\",\"@id\":\"https:\\\/\\\/www.funfetti.shop\\\/#organization\",\"name\":\"FunFetti\",\"url\":\"https:\\\/\\\/www.funfetti.shop\\\/\",\"logo\":{\"@type\":\"ImageObject\",\"inLanguage\":\"de\",\"@id\":\"https:\\\/\\\/www.funfetti.shop\\\/#\\\/schema\\\/logo\\\/image\\\/\",\"url\":\"https:\\\/\\\/i0.wp.com\\\/www.funfetti.shop\\\/wp-content\\\/uploads\\\/2021\\\/11\\\/cropped-LOGO-WP-2021.png?fit=2000%2C171&ssl=1\",\"contentUrl\":\"https:\\\/\\\/i0.wp.com\\\/www.funfetti.shop\\\/wp-content\\\/uploads\\\/2021\\\/11\\\/cropped-LOGO-WP-2021.png?fit=2000%2C171&ssl=1\",\"width\":2000,\"height\":171,\"caption\":\"FunFetti\"},\"image\":{\"@id\":\"https:\\\/\\\/www.funfetti.shop\\\/#\\\/schema\\\/logo\\\/image\\\/\"},\"sameAs\":[\"https:\\\/\\\/www.facebook.com\\\/funfetti.shop\",\"https:\\\/\\\/www.instagram.com\\\/funfetti.shop\\\/\",\"https:\\\/\\\/nl.pinterest.com\\\/funfettiforever\\\/\"]}]}<\/script>\n<!-- \/ Yoast SEO plugin. -->","yoast_head_json":{"title":"Gestrickte Lyonerwurst - FunFetti","description":"Die gestrickte Lyoner Wurst sieht aus, als k\u00e4me sie direkt aus einer echten franz\u00f6sischen Wurstwarenfabrik. Aber sehen Sie selbst, es ist ein Kunstwerk aus Wolle!  #artwall","robots":{"index":"index","follow":"follow","max-snippet":"max-snippet:-1","max-image-preview":"max-image-preview:large","max-video-preview":"max-video-preview:-1"},"canonical":"https:\/\/www.funfetti.shop\/de\/produkt\/gestrickte-lyonerwurst\/","og_locale":"de_DE","og_type":"article","og_title":"Gebreide Lyon worst - FunFetti","og_description":"Gebreide Lyon-worst lijkt rechtstreeks uit een authentieke Franse charcuterie te komen. Maar kijk nog eens goed het is een kunstwerk van wol!\u00a0 #artwall","og_url":"https:\/\/www.funfetti.shop\/de\/produkt\/gestrickte-lyonerwurst\/","og_site_name":"FunFetti","article_publisher":"https:\/\/www.facebook.com\/funfetti.shop","article_modified_time":"2025-12-05T10:06:12+00:00","og_image":[{"width":400,"height":711,"url":"https:\/\/www.funfetti.shop\/wp-content\/uploads\/2025\/01\/worst-lyon.jpg","type":"image\/jpeg"}],"twitter_card":"summary_large_image","twitter_misc":{"Gesch\u00e4tzte Lesezeit":"1\u00a0Minute"},"schema":{"@context":"https:\/\/schema.org","@graph":[{"@type":"WebPage","@id":"https:\/\/www.funfetti.shop\/product\/gebreide-lyon-worst\/","url":"https:\/\/www.funfetti.shop\/product\/gebreide-lyon-worst\/","name":"Gestrickte Lyonerwurst - FunFetti","isPartOf":{"@id":"https:\/\/www.funfetti.shop\/#website"},"primaryImageOfPage":{"@id":"https:\/\/www.funfetti.shop\/product\/gebreide-lyon-worst\/#primaryimage"},"image":{"@id":"https:\/\/www.funfetti.shop\/product\/gebreide-lyon-worst\/#primaryimage"},"thumbnailUrl":"https:\/\/www.funfetti.shop\/wp-content\/uploads\/2025\/01\/worst-lyon.jpg","datePublished":"2025-01-22T13:58:26+00:00","dateModified":"2025-12-05T10:06:12+00:00","description":"Die gestrickte Lyoner Wurst sieht aus, als k\u00e4me sie direkt aus einer echten franz\u00f6sischen Wurstwarenfabrik. Aber sehen Sie selbst, es ist ein Kunstwerk aus Wolle!  #artwall","breadcrumb":{"@id":"https:\/\/www.funfetti.shop\/product\/gebreide-lyon-worst\/#breadcrumb"},"inLanguage":"de","potentialAction":[{"@type":"ReadAction","target":["https:\/\/www.funfetti.shop\/product\/gebreide-lyon-worst\/"]}]},{"@type":"ImageObject","inLanguage":"de","@id":"https:\/\/www.funfetti.shop\/product\/gebreide-lyon-worst\/#primaryimage","url":"https:\/\/www.funfetti.shop\/wp-content\/uploads\/2025\/01\/worst-lyon.jpg","contentUrl":"https:\/\/www.funfetti.shop\/wp-content\/uploads\/2025\/01\/worst-lyon.jpg","width":400,"height":711},{"@type":"BreadcrumbList","@id":"https:\/\/www.funfetti.shop\/product\/gebreide-lyon-worst\/#breadcrumb","itemListElement":[{"@type":"ListItem","position":1,"name":"Home","item":"https:\/\/www.funfetti.shop\/"},{"@type":"ListItem","position":2,"name":"Winkel","item":"https:\/\/www.funfetti.shop\/winkel\/"},{"@type":"ListItem","position":3,"name":"Gebreide Lyon worst"}]},{"@type":"WebSite","@id":"https:\/\/www.funfetti.shop\/#website","url":"https:\/\/www.funfetti.shop\/","name":"FunFetti","description":"eine ausgew\u00e4hlte Mischung aus Geschenken, Wohnaccessoires und Design","publisher":{"@id":"https:\/\/www.funfetti.shop\/#organization"},"potentialAction":[{"@type":"SearchAction","target":{"@type":"EntryPoint","urlTemplate":"https:\/\/www.funfetti.shop\/?s={search_term_string}"},"query-input":{"@type":"PropertyValueSpecification","valueRequired":true,"valueName":"search_term_string"}}],"inLanguage":"de"},{"@type":"Organization","@id":"https:\/\/www.funfetti.shop\/#organization","name":"FunFetti","url":"https:\/\/www.funfetti.shop\/","logo":{"@type":"ImageObject","inLanguage":"de","@id":"https:\/\/www.funfetti.shop\/#\/schema\/logo\/image\/","url":"https:\/\/i0.wp.com\/www.funfetti.shop\/wp-content\/uploads\/2021\/11\/cropped-LOGO-WP-2021.png?fit=2000%2C171&ssl=1","contentUrl":"https:\/\/i0.wp.com\/www.funfetti.shop\/wp-content\/uploads\/2021\/11\/cropped-LOGO-WP-2021.png?fit=2000%2C171&ssl=1","width":2000,"height":171,"caption":"FunFetti"},"image":{"@id":"https:\/\/www.funfetti.shop\/#\/schema\/logo\/image\/"},"sameAs":["https:\/\/www.facebook.com\/funfetti.shop","https:\/\/www.instagram.com\/funfetti.shop\/","https:\/\/nl.pinterest.com\/funfettiforever\/"]}]}},"jetpack_publicize_connections":[],"jetpack_sharing_enabled":true,"_links":{"self":[{"href":"https:\/\/www.funfetti.shop\/de\/wp-json\/wp\/v2\/product\/8270","targetHints":{"allow":["GET"]}}],"collection":[{"href":"https:\/\/www.funfetti.shop\/de\/wp-json\/wp\/v2\/product"}],"about":[{"href":"https:\/\/www.funfetti.shop\/de\/wp-json\/wp\/v2\/types\/product"}],"wp:featuredmedia":[{"embeddable":true,"href":"https:\/\/www.funfetti.shop\/de\/wp-json\/wp\/v2\/media\/8274"}],"wp:attachment":[{"href":"https:\/\/www.funfetti.shop\/de\/wp-json\/wp\/v2\/media?parent=8270"}],"wp:term":[{"taxonomy":"product_brand","embeddable":true,"href":"https:\/\/www.funfetti.shop\/de\/wp-json\/wp\/v2\/product_brand?post=8270"},{"taxonomy":"product_cat","embeddable":true,"href":"https:\/\/www.funfetti.shop\/de\/wp-json\/wp\/v2\/product_cat?post=8270"},{"taxonomy":"product_tag","embeddable":true,"href":"https:\/\/www.funfetti.shop\/de\/wp-json\/wp\/v2\/product_tag?post=8270"}],"curies":[{"name":"wp","href":"https:\/\/api.w.org\/{rel}","templated":true}]}}