{"id":8555,"date":"2025-04-07T09:22:36","date_gmt":"2025-04-07T09:22:36","guid":{"rendered":"https:\/\/www.funfetti.shop\/?post_type=product&#038;p=8555"},"modified":"2026-04-01T17:15:57","modified_gmt":"2026-04-01T17:15:57","slug":"grose-gestrickte-franzosische-wurst","status":"publish","type":"product","link":"https:\/\/www.funfetti.shop\/de\/product\/grote-gebreide-franse-worst\/","title":{"rendered":"Gro\u00dfe gestrickte franz\u00f6sische Wurst"},"content":{"rendered":"<h3 data-start=\"267\" data-end=\"632\">Gro\u00dfe gestrickte franz\u00f6sische Wurst<\/h3>\n<p class=\"\" data-start=\"267\" data-end=\"632\">Ein franz\u00f6sischer Klassiker, die gro\u00dfe gestrickte franz\u00f6sische Wurst! Aber mit einem Augenzwinkern: LE GRAND TRADITION von Maison Cisson ist die ultimative dekorative Saucisson: 100% gestrickt und 100% Spa\u00df. Hergestellt in Frankreich, mit Sinn f\u00fcr Tradition und Humor. Diese einzigartige gro\u00dfe gestrickte Trockenwurst ist eine Hommage an das franz\u00f6sische Erbe und gleichzeitig ein verspieltes Designobjekt, das jedes Interieur oder jede K\u00fcche aufheitert.<\/p>\n<p class=\"\" data-start=\"634\" data-end=\"892\"><strong data-start=\"634\" data-end=\"651\">Maison Cisson<\/strong> ist bekannt f\u00fcr seine handwerklichen Strickarbeiten mit einer geh\u00f6rigen Portion franz\u00f6sischem Flair. Diese gestrickte Saucisson ist aus einer hochwertigen Wollmischung handgefertigt und mit einem Baumwollfaden und dem ikonischen Etikett versehen.<\/p>\n<ul>\n<li data-start=\"899\" data-end=\"1228\"><strong><em>100% gestrickt; keine echte Wurst, aber eben echt!<\/em><\/strong><\/li>\n<li data-start=\"899\" data-end=\"1228\"><strong><em>Handgefertigt und entworfen in Frankreich<\/em><\/strong><\/li>\n<li data-start=\"899\" data-end=\"1228\"><strong><em>Perfekt als K\u00fcchendekoration, Geschenk oder Gourmet-Witz<\/em><\/strong><\/li>\n<li data-start=\"899\" data-end=\"1228\"><strong><em>Gr\u00f6\u00dfe: ca. 40 cm lang<\/em><\/strong><\/li>\n<li data-start=\"899\" data-end=\"1228\"><strong><em>Material: <\/em><\/strong>\n<ul>\n<li data-start=\"899\" data-end=\"1228\"><strong><em>hochwertige Wollmischung und Baumwolle<\/em><\/strong><\/li>\n<li><strong><em>Polyester-F\u00fcllung<\/em><\/strong><\/li>\n<li><strong><em>Papieretikett<\/em><\/strong><\/li>\n<\/ul>\n<\/li>\n<li data-start=\"899\" data-end=\"1228\"><strong><em>Marke: <a href=\"https:\/\/www.funfetti.shop\/de\/produkt-kategorie\/marken\/maison-cisson\/\">Maison Cisson<\/a>\u00a0<\/em><\/strong><\/li>\n<\/ul>\n<hr \/>\n<p>&nbsp;<\/p>","protected":false},"excerpt":{"rendered":"<p class=\"\" data-start=\"1235\" data-end=\"1435\">Die gro\u00dfe gestrickte franz\u00f6sische Wurst ist mehr als nur Dekoration; sie ist eine spielerische Ode an die franz\u00f6sische Gastronomie. Kombinieren Sie sie mit anderen W\u00fcrsten aus der Kollektion, um einen kompletten Charcuterie-Effekt in Ihrer K\u00fcche zu erzielen. F\u00fcr Liebhaber von Design, Frankreich und einem guten Scherz<\/p>","protected":false},"featured_media":8575,"template":"","meta":{"neve_meta_sidebar":"","neve_meta_container":"","neve_meta_enable_content_width":"off","neve_meta_content_width":100,"neve_meta_title_alignment":"","neve_meta_author_avatar":"","neve_post_elements_order":"","neve_meta_disable_header":"","neve_meta_disable_footer":"","neve_meta_disable_title":"","neve_meta_reading_time":"","jetpack_publicize_message":"","jetpack_publicize_feature_enabled":true,"jetpack_social_post_already_shared":true,"jetpack_social_options":{"image_generator_settings":{"template":"highway","default_image_id":0,"font":"","enabled":false},"version":2}},"product_brand":[],"product_cat":[15,462,679,677,680,22,29,715,685,684,23],"product_tag":[778,291,717,716],"class_list":{"0":"post-8555","1":"product","2":"type-product","3":"status-publish","4":"has-post-thumbnail","6":"product_cat-allefun","7":"product_cat-brands","8":"product_cat-design","9":"product_cat-fundesign","10":"product_cat-fungifts","11":"product_cat-funliving","12":"product_cat-keuken","13":"product_cat-maison-cisson","14":"product_cat-voor-haar","15":"product_cat-voor-hem","16":"product_cat-woondecoratie","17":"product_tag-gebreide-worst","18":"product_tag-grijs","19":"product_tag-wol","20":"product_tag-worst","21":"product_shipping_class-pakket-met-track-en-trace","23":"first","24":"instock","25":"taxable","26":"shipping-taxable","27":"purchasable","28":"product-type-simple"},"yoast_head":"<!-- This site is optimized with the Yoast SEO plugin v27.5 - https:\/\/yoast.com\/product\/yoast-seo-wordpress\/ -->\n<title>Grote Gebreide Franse Worst - FunFetti<\/title>\n<meta name=\"description\" content=\"Grote Gebreide Franse Worst is een speelse ode aan Franse gastronomie. Combineer met andere worsten voor een compleet charcuterie-effect in je keuken.\" \/>\n<meta name=\"robots\" content=\"index, follow, max-snippet:-1, max-image-preview:large, max-video-preview:-1\" \/>\n<link rel=\"canonical\" href=\"https:\/\/www.funfetti.shop\/de\/produkt\/grose-gestrickte-franzosische-wurst\/\" \/>\n<meta property=\"og:locale\" content=\"de_DE\" \/>\n<meta property=\"og:type\" content=\"article\" \/>\n<meta property=\"og:title\" content=\"Grote Gebreide Franse Worst - FunFetti\" \/>\n<meta property=\"og:description\" content=\"Grote Gebreide Franse Worst is een speelse ode aan Franse gastronomie. Combineer met andere worsten voor een compleet charcuterie-effect in je keuken.\" \/>\n<meta property=\"og:url\" content=\"https:\/\/www.funfetti.shop\/de\/produkt\/grose-gestrickte-franzosische-wurst\/\" \/>\n<meta property=\"og:site_name\" content=\"FunFetti\" \/>\n<meta property=\"article:publisher\" content=\"https:\/\/www.facebook.com\/funfetti.shop\" \/>\n<meta property=\"article:modified_time\" content=\"2026-04-01T17:15:57+00:00\" \/>\n<meta property=\"og:image\" content=\"https:\/\/www.funfetti.shop\/wp-content\/uploads\/2025\/04\/Grote-Gebreide-Franse-Worst.jpg\" \/>\n\t<meta property=\"og:image:width\" content=\"400\" \/>\n\t<meta property=\"og:image:height\" content=\"711\" \/>\n\t<meta property=\"og:image:type\" content=\"image\/jpeg\" \/>\n<meta name=\"twitter:card\" content=\"summary_large_image\" \/>\n<meta name=\"twitter:label1\" content=\"Gesch\u00e4tzte Lesezeit\" \/>\n\t<meta name=\"twitter:data1\" content=\"1\u00a0Minute\" \/>\n<script type=\"application\/ld+json\" class=\"yoast-schema-graph\">{\"@context\":\"https:\\\/\\\/schema.org\",\"@graph\":[{\"@type\":\"WebPage\",\"@id\":\"https:\\\/\\\/www.funfetti.shop\\\/product\\\/grote-gebreide-franse-worst\\\/\",\"url\":\"https:\\\/\\\/www.funfetti.shop\\\/product\\\/grote-gebreide-franse-worst\\\/\",\"name\":\"Grote Gebreide Franse Worst - FunFetti\",\"isPartOf\":{\"@id\":\"https:\\\/\\\/www.funfetti.shop\\\/#website\"},\"primaryImageOfPage\":{\"@id\":\"https:\\\/\\\/www.funfetti.shop\\\/product\\\/grote-gebreide-franse-worst\\\/#primaryimage\"},\"image\":{\"@id\":\"https:\\\/\\\/www.funfetti.shop\\\/product\\\/grote-gebreide-franse-worst\\\/#primaryimage\"},\"thumbnailUrl\":\"https:\\\/\\\/www.funfetti.shop\\\/wp-content\\\/uploads\\\/2025\\\/04\\\/Grote-Gebreide-Franse-Worst.jpg\",\"datePublished\":\"2025-04-07T09:22:36+00:00\",\"dateModified\":\"2026-04-01T17:15:57+00:00\",\"description\":\"Grote Gebreide Franse Worst is een speelse ode aan Franse gastronomie. Combineer met andere worsten voor een compleet charcuterie-effect in je keuken.\",\"breadcrumb\":{\"@id\":\"https:\\\/\\\/www.funfetti.shop\\\/product\\\/grote-gebreide-franse-worst\\\/#breadcrumb\"},\"inLanguage\":\"de\",\"potentialAction\":[{\"@type\":\"ReadAction\",\"target\":[\"https:\\\/\\\/www.funfetti.shop\\\/product\\\/grote-gebreide-franse-worst\\\/\"]}]},{\"@type\":\"ImageObject\",\"inLanguage\":\"de\",\"@id\":\"https:\\\/\\\/www.funfetti.shop\\\/product\\\/grote-gebreide-franse-worst\\\/#primaryimage\",\"url\":\"https:\\\/\\\/www.funfetti.shop\\\/wp-content\\\/uploads\\\/2025\\\/04\\\/Grote-Gebreide-Franse-Worst.jpg\",\"contentUrl\":\"https:\\\/\\\/www.funfetti.shop\\\/wp-content\\\/uploads\\\/2025\\\/04\\\/Grote-Gebreide-Franse-Worst.jpg\",\"width\":400,\"height\":711,\"caption\":\"Maison Cisson LE GRAND TRADITION wollen worst\"},{\"@type\":\"BreadcrumbList\",\"@id\":\"https:\\\/\\\/www.funfetti.shop\\\/product\\\/grote-gebreide-franse-worst\\\/#breadcrumb\",\"itemListElement\":[{\"@type\":\"ListItem\",\"position\":1,\"name\":\"Home\",\"item\":\"https:\\\/\\\/www.funfetti.shop\\\/\"},{\"@type\":\"ListItem\",\"position\":2,\"name\":\"Winkel\",\"item\":\"https:\\\/\\\/www.funfetti.shop\\\/winkel\\\/\"},{\"@type\":\"ListItem\",\"position\":3,\"name\":\"Grote Gebreide Franse Worst\"}]},{\"@type\":\"WebSite\",\"@id\":\"https:\\\/\\\/www.funfetti.shop\\\/#website\",\"url\":\"https:\\\/\\\/www.funfetti.shop\\\/\",\"name\":\"FunFetti\",\"description\":\"a curated mix of gifts, home d\u00e9cor and design\",\"publisher\":{\"@id\":\"https:\\\/\\\/www.funfetti.shop\\\/#organization\"},\"potentialAction\":[{\"@type\":\"SearchAction\",\"target\":{\"@type\":\"EntryPoint\",\"urlTemplate\":\"https:\\\/\\\/www.funfetti.shop\\\/?s={search_term_string}\"},\"query-input\":{\"@type\":\"PropertyValueSpecification\",\"valueRequired\":true,\"valueName\":\"search_term_string\"}}],\"inLanguage\":\"de\"},{\"@type\":\"Organization\",\"@id\":\"https:\\\/\\\/www.funfetti.shop\\\/#organization\",\"name\":\"FunFetti\",\"url\":\"https:\\\/\\\/www.funfetti.shop\\\/\",\"logo\":{\"@type\":\"ImageObject\",\"inLanguage\":\"de\",\"@id\":\"https:\\\/\\\/www.funfetti.shop\\\/#\\\/schema\\\/logo\\\/image\\\/\",\"url\":\"https:\\\/\\\/i0.wp.com\\\/www.funfetti.shop\\\/wp-content\\\/uploads\\\/2021\\\/11\\\/cropped-LOGO-WP-2021.png?fit=2000%2C171&ssl=1\",\"contentUrl\":\"https:\\\/\\\/i0.wp.com\\\/www.funfetti.shop\\\/wp-content\\\/uploads\\\/2021\\\/11\\\/cropped-LOGO-WP-2021.png?fit=2000%2C171&ssl=1\",\"width\":2000,\"height\":171,\"caption\":\"FunFetti\"},\"image\":{\"@id\":\"https:\\\/\\\/www.funfetti.shop\\\/#\\\/schema\\\/logo\\\/image\\\/\"},\"sameAs\":[\"https:\\\/\\\/www.facebook.com\\\/funfetti.shop\",\"https:\\\/\\\/www.instagram.com\\\/funfetti.shop\\\/\",\"https:\\\/\\\/nl.pinterest.com\\\/funfettiforever\\\/\"]}]}<\/script>\n<!-- \/ Yoast SEO plugin. -->","yoast_head_json":{"title":"Gro\u00dfe gestrickte franz\u00f6sische Wurst - FunFetti","description":"Large Knitted French Sausage ist eine spielerische Ode an die franz\u00f6sische Gastronomie. Kombinieren Sie sie mit anderen W\u00fcrsten f\u00fcr einen kompletten Charcuterie-Effekt in Ihrer K\u00fcche.","robots":{"index":"index","follow":"follow","max-snippet":"max-snippet:-1","max-image-preview":"max-image-preview:large","max-video-preview":"max-video-preview:-1"},"canonical":"https:\/\/www.funfetti.shop\/de\/produkt\/grose-gestrickte-franzosische-wurst\/","og_locale":"de_DE","og_type":"article","og_title":"Grote Gebreide Franse Worst - FunFetti","og_description":"Grote Gebreide Franse Worst is een speelse ode aan Franse gastronomie. Combineer met andere worsten voor een compleet charcuterie-effect in je keuken.","og_url":"https:\/\/www.funfetti.shop\/de\/produkt\/grose-gestrickte-franzosische-wurst\/","og_site_name":"FunFetti","article_publisher":"https:\/\/www.facebook.com\/funfetti.shop","article_modified_time":"2026-04-01T17:15:57+00:00","og_image":[{"width":400,"height":711,"url":"https:\/\/www.funfetti.shop\/wp-content\/uploads\/2025\/04\/Grote-Gebreide-Franse-Worst.jpg","type":"image\/jpeg"}],"twitter_card":"summary_large_image","twitter_misc":{"Gesch\u00e4tzte Lesezeit":"1\u00a0Minute"},"schema":{"@context":"https:\/\/schema.org","@graph":[{"@type":"WebPage","@id":"https:\/\/www.funfetti.shop\/product\/grote-gebreide-franse-worst\/","url":"https:\/\/www.funfetti.shop\/product\/grote-gebreide-franse-worst\/","name":"Gro\u00dfe gestrickte franz\u00f6sische Wurst - FunFetti","isPartOf":{"@id":"https:\/\/www.funfetti.shop\/#website"},"primaryImageOfPage":{"@id":"https:\/\/www.funfetti.shop\/product\/grote-gebreide-franse-worst\/#primaryimage"},"image":{"@id":"https:\/\/www.funfetti.shop\/product\/grote-gebreide-franse-worst\/#primaryimage"},"thumbnailUrl":"https:\/\/www.funfetti.shop\/wp-content\/uploads\/2025\/04\/Grote-Gebreide-Franse-Worst.jpg","datePublished":"2025-04-07T09:22:36+00:00","dateModified":"2026-04-01T17:15:57+00:00","description":"Large Knitted French Sausage ist eine spielerische Ode an die franz\u00f6sische Gastronomie. Kombinieren Sie sie mit anderen W\u00fcrsten f\u00fcr einen kompletten Charcuterie-Effekt in Ihrer K\u00fcche.","breadcrumb":{"@id":"https:\/\/www.funfetti.shop\/product\/grote-gebreide-franse-worst\/#breadcrumb"},"inLanguage":"de","potentialAction":[{"@type":"ReadAction","target":["https:\/\/www.funfetti.shop\/product\/grote-gebreide-franse-worst\/"]}]},{"@type":"ImageObject","inLanguage":"de","@id":"https:\/\/www.funfetti.shop\/product\/grote-gebreide-franse-worst\/#primaryimage","url":"https:\/\/www.funfetti.shop\/wp-content\/uploads\/2025\/04\/Grote-Gebreide-Franse-Worst.jpg","contentUrl":"https:\/\/www.funfetti.shop\/wp-content\/uploads\/2025\/04\/Grote-Gebreide-Franse-Worst.jpg","width":400,"height":711,"caption":"Maison Cisson LE GRAND TRADITION wollen worst"},{"@type":"BreadcrumbList","@id":"https:\/\/www.funfetti.shop\/product\/grote-gebreide-franse-worst\/#breadcrumb","itemListElement":[{"@type":"ListItem","position":1,"name":"Home","item":"https:\/\/www.funfetti.shop\/"},{"@type":"ListItem","position":2,"name":"Winkel","item":"https:\/\/www.funfetti.shop\/winkel\/"},{"@type":"ListItem","position":3,"name":"Grote Gebreide Franse Worst"}]},{"@type":"WebSite","@id":"https:\/\/www.funfetti.shop\/#website","url":"https:\/\/www.funfetti.shop\/","name":"FunFetti","description":"eine ausgew\u00e4hlte Mischung aus Geschenken, Wohnaccessoires und Design","publisher":{"@id":"https:\/\/www.funfetti.shop\/#organization"},"potentialAction":[{"@type":"SearchAction","target":{"@type":"EntryPoint","urlTemplate":"https:\/\/www.funfetti.shop\/?s={search_term_string}"},"query-input":{"@type":"PropertyValueSpecification","valueRequired":true,"valueName":"search_term_string"}}],"inLanguage":"de"},{"@type":"Organization","@id":"https:\/\/www.funfetti.shop\/#organization","name":"FunFetti","url":"https:\/\/www.funfetti.shop\/","logo":{"@type":"ImageObject","inLanguage":"de","@id":"https:\/\/www.funfetti.shop\/#\/schema\/logo\/image\/","url":"https:\/\/i0.wp.com\/www.funfetti.shop\/wp-content\/uploads\/2021\/11\/cropped-LOGO-WP-2021.png?fit=2000%2C171&ssl=1","contentUrl":"https:\/\/i0.wp.com\/www.funfetti.shop\/wp-content\/uploads\/2021\/11\/cropped-LOGO-WP-2021.png?fit=2000%2C171&ssl=1","width":2000,"height":171,"caption":"FunFetti"},"image":{"@id":"https:\/\/www.funfetti.shop\/#\/schema\/logo\/image\/"},"sameAs":["https:\/\/www.facebook.com\/funfetti.shop","https:\/\/www.instagram.com\/funfetti.shop\/","https:\/\/nl.pinterest.com\/funfettiforever\/"]}]}},"jetpack_publicize_connections":[],"jetpack_sharing_enabled":true,"_links":{"self":[{"href":"https:\/\/www.funfetti.shop\/de\/wp-json\/wp\/v2\/product\/8555","targetHints":{"allow":["GET"]}}],"collection":[{"href":"https:\/\/www.funfetti.shop\/de\/wp-json\/wp\/v2\/product"}],"about":[{"href":"https:\/\/www.funfetti.shop\/de\/wp-json\/wp\/v2\/types\/product"}],"wp:featuredmedia":[{"embeddable":true,"href":"https:\/\/www.funfetti.shop\/de\/wp-json\/wp\/v2\/media\/8575"}],"wp:attachment":[{"href":"https:\/\/www.funfetti.shop\/de\/wp-json\/wp\/v2\/media?parent=8555"}],"wp:term":[{"taxonomy":"product_brand","embeddable":true,"href":"https:\/\/www.funfetti.shop\/de\/wp-json\/wp\/v2\/product_brand?post=8555"},{"taxonomy":"product_cat","embeddable":true,"href":"https:\/\/www.funfetti.shop\/de\/wp-json\/wp\/v2\/product_cat?post=8555"},{"taxonomy":"product_tag","embeddable":true,"href":"https:\/\/www.funfetti.shop\/de\/wp-json\/wp\/v2\/product_tag?post=8555"}],"curies":[{"name":"wp","href":"https:\/\/api.w.org\/{rel}","templated":true}]}}