{"id":8737,"date":"2025-04-23T11:23:29","date_gmt":"2025-04-23T11:23:29","guid":{"rendered":"https:\/\/www.funfetti.shop\/?post_type=product&#038;p=8737"},"modified":"2026-04-05T15:28:08","modified_gmt":"2026-04-05T15:28:08","slug":"karussell-lampe-holz-mint","status":"publish","type":"product","link":"https:\/\/www.funfetti.shop\/de\/product\/carrousel-lampje-hout-mint\/","title":{"rendered":"Karussell Lampe Holz und Minze"},"content":{"rendered":"<h3 class=\"\" data-start=\"122\" data-end=\"157\">Karussell-Lampe - Holz und Minze<\/h3>\n<p class=\"\" data-start=\"159\" data-end=\"205\"><strong data-start=\"159\" data-end=\"205\">Ein Hauch von Licht und eine Prise Nostalgie. <\/strong>Diese <strong data-start=\"211\" data-end=\"231\">Karussell-Lampe<\/strong> in Holz ist pure Fr\u00f6hlichkeit in Lampenform. Sie erinnert an den Zauber eines altmodischen Karussells, an blinkende Lichter auf dem Jahrmarkt und an den s\u00fc\u00dfen Duft von Zuckerwatte in der Luft. Klein in der Gr\u00f6\u00dfe, gro\u00df in der Atmosph\u00e4re! Ob Sie sie auf ein Regal stellen oder an die Wand h\u00e4ngen, diese Lampe macht jede Ecke Ihres Zuhauses ein wenig verspielter.<\/p>\n<p class=\"\" data-start=\"584\" data-end=\"605\"><strong data-start=\"584\" data-end=\"605\">Spezifikationen:<\/strong><\/p>\n<ul>\n<li data-start=\"609\" data-end=\"650\"><em><strong>Farbe: Mintgr\u00fcne Kordel mit Holzgeh\u00e4use<\/strong><\/em><\/li>\n<li data-start=\"653\" data-end=\"681\"><em><strong>Abmessungen: 6 \u00d7 8,5 cm<\/strong><\/em><\/li>\n<li data-start=\"684\" data-end=\"727\"><em><strong>Material: Kunststoff und Holz<\/strong><\/em><\/li>\n<li data-start=\"730\" data-end=\"757\"><em><strong>Kordel: mintgr\u00fcn und 1,5 Meter lang<\/strong><\/em><\/li>\n<li data-start=\"760\" data-end=\"803\"><em><strong>Lichtquelle: inklusive 10W Gl\u00fchbirne<\/strong><\/em><\/li>\n<li data-start=\"806\" data-end=\"839\"><em><strong>Verwendung: nur in Innenr\u00e4umen<\/strong><\/em><\/li>\n<li data-start=\"842\" data-end=\"878\"><em><strong>Aufh\u00e4ngung: Kann stehen und h\u00e4ngen<\/strong><\/em><\/li>\n<li data-start=\"842\" data-end=\"878\"><em>LED-Gl\u00fchbirne separat erh\u00e4ltlich<\/em><\/li>\n<li data-start=\"842\" data-end=\"878\"><em><strong>Erh\u00e4ltlich in verschiedenen Farben - mixen Sie Ihre Favoriten!<\/strong><\/em><\/li>\n<li data-start=\"842\" data-end=\"878\"><em><strong>Marke: FunFetti<\/strong><\/em><\/li>\n<\/ul>\n<hr class=\"\" data-start=\"880\" data-end=\"883\" \/>\n<p class=\"\" data-start=\"885\" data-end=\"915\"><strong data-start=\"1166\" data-end=\"1315\">Verleihen Sie Ihrem Interieur mit dieser bezaubernden Karussell-Lampe einen neuen Dreh. Bestellen Sie jetzt bei Funfetti.shop und bringen Sie die fr\u00f6hliche Karnevalsstimmung in Ihr Zuhause!<\/strong><\/p>\n<hr \/>\n<p>&nbsp;<\/p>","protected":false},"excerpt":{"rendered":"<p>Carousel Lamp Holz und Mint ist eine Stimmungslampe mit einem sch\u00f6nen Vintage-Look. Eine feine Karnevalslampe mit einem sch\u00f6nen Schattenspiel, sobald sie eingeschaltet wird.<\/p>\n<p>Diese gem\u00fctliche Zirkuslampe versetzt Sie direkt in die Romantik eines gro\u00dfen Karussells oder in die Gem\u00fctlichkeit eines Jahrmarkts.<\/p>","protected":false},"featured_media":8684,"template":"","meta":{"neve_meta_sidebar":"","neve_meta_container":"","neve_meta_enable_content_width":"off","neve_meta_content_width":100,"neve_meta_title_alignment":"","neve_meta_author_avatar":"","neve_post_elements_order":"","neve_meta_disable_header":"","neve_meta_disable_footer":"","neve_meta_disable_title":"","neve_meta_reading_time":"","jetpack_publicize_message":"","jetpack_publicize_feature_enabled":true,"jetpack_social_post_already_shared":true,"jetpack_social_options":{"image_generator_settings":{"template":"highway","default_image_id":0,"font":"","enabled":false},"version":2}},"product_brand":[],"product_cat":[15,468,22,688,37,24,685],"product_tag":[225,237,224,88,610],"class_list":{"0":"post-8737","1":"product","2":"type-product","3":"status-publish","4":"has-post-thumbnail","6":"product_cat-allefun","7":"product_cat-funfetti","8":"product_cat-funliving","9":"product_cat-geselecteerde-producten","10":"product_cat-kids","11":"product_cat-verlichting","12":"product_cat-voor-haar","13":"product_tag-circus","14":"product_tag-hout","15":"product_tag-kermis","16":"product_tag-lamp","17":"product_tag-mint","18":"product_shipping_class-pakket-met-track-en-trace","20":"first","21":"outofstock","22":"taxable","23":"shipping-taxable","24":"purchasable","25":"product-type-simple"},"yoast_head":"<!-- This site is optimized with the Yoast SEO plugin v27.4 - https:\/\/yoast.com\/product\/yoast-seo-wordpress\/ -->\n<title>Carrousel Lampje Hout en mint - FunFetti<\/title>\n<meta name=\"description\" content=\"Carrousel Lampje Hout en mint is een klein lampje met een grote uitstraling. Letterlijk! want het lampje geeft een prachtig schaduwspel op de ondergrond.\u00a0\" \/>\n<meta name=\"robots\" content=\"index, follow, max-snippet:-1, max-image-preview:large, max-video-preview:-1\" \/>\n<link rel=\"canonical\" href=\"https:\/\/www.funfetti.shop\/de\/produkt\/karussell-lampe-holz-mint\/\" \/>\n<meta property=\"og:locale\" content=\"de_DE\" \/>\n<meta property=\"og:type\" content=\"article\" \/>\n<meta property=\"og:title\" content=\"Carrousel Lampje Hout en mint - FunFetti\" \/>\n<meta property=\"og:description\" content=\"Carrousel Lampje Hout en mint is een klein lampje met een grote uitstraling. Letterlijk! want het lampje geeft een prachtig schaduwspel op de ondergrond.\u00a0\" \/>\n<meta property=\"og:url\" content=\"https:\/\/www.funfetti.shop\/de\/produkt\/karussell-lampe-holz-mint\/\" \/>\n<meta property=\"og:site_name\" content=\"FunFetti\" \/>\n<meta property=\"article:publisher\" content=\"https:\/\/www.facebook.com\/funfetti.shop\" \/>\n<meta property=\"article:modified_time\" content=\"2026-04-05T15:28:08+00:00\" \/>\n<meta property=\"og:image\" content=\"https:\/\/www.funfetti.shop\/wp-content\/uploads\/2023\/03\/Kermis-lampje-hout-mint-8.jpg\" \/>\n\t<meta property=\"og:image:width\" content=\"600\" \/>\n\t<meta property=\"og:image:height\" content=\"1067\" \/>\n\t<meta property=\"og:image:type\" content=\"image\/jpeg\" \/>\n<meta name=\"twitter:card\" content=\"summary_large_image\" \/>\n<meta name=\"twitter:label1\" content=\"Gesch\u00e4tzte Lesezeit\" \/>\n\t<meta name=\"twitter:data1\" content=\"1\u00a0Minute\" \/>\n<script type=\"application\/ld+json\" class=\"yoast-schema-graph\">{\"@context\":\"https:\\\/\\\/schema.org\",\"@graph\":[{\"@type\":\"WebPage\",\"@id\":\"https:\\\/\\\/www.funfetti.shop\\\/product\\\/carrousel-lampje-hout-mint\\\/\",\"url\":\"https:\\\/\\\/www.funfetti.shop\\\/product\\\/carrousel-lampje-hout-mint\\\/\",\"name\":\"Carrousel Lampje Hout en mint - FunFetti\",\"isPartOf\":{\"@id\":\"https:\\\/\\\/www.funfetti.shop\\\/#website\"},\"primaryImageOfPage\":{\"@id\":\"https:\\\/\\\/www.funfetti.shop\\\/product\\\/carrousel-lampje-hout-mint\\\/#primaryimage\"},\"image\":{\"@id\":\"https:\\\/\\\/www.funfetti.shop\\\/product\\\/carrousel-lampje-hout-mint\\\/#primaryimage\"},\"thumbnailUrl\":\"https:\\\/\\\/www.funfetti.shop\\\/wp-content\\\/uploads\\\/2023\\\/03\\\/Kermis-lampje-hout-mint-8.jpg\",\"datePublished\":\"2025-04-23T11:23:29+00:00\",\"dateModified\":\"2026-04-05T15:28:08+00:00\",\"description\":\"Carrousel Lampje Hout en mint is een klein lampje met een grote uitstraling. Letterlijk! want het lampje geeft een prachtig schaduwspel op de ondergrond.\u00a0\",\"breadcrumb\":{\"@id\":\"https:\\\/\\\/www.funfetti.shop\\\/product\\\/carrousel-lampje-hout-mint\\\/#breadcrumb\"},\"inLanguage\":\"de\",\"potentialAction\":[{\"@type\":\"ReadAction\",\"target\":[\"https:\\\/\\\/www.funfetti.shop\\\/product\\\/carrousel-lampje-hout-mint\\\/\"]}]},{\"@type\":\"ImageObject\",\"inLanguage\":\"de\",\"@id\":\"https:\\\/\\\/www.funfetti.shop\\\/product\\\/carrousel-lampje-hout-mint\\\/#primaryimage\",\"url\":\"https:\\\/\\\/www.funfetti.shop\\\/wp-content\\\/uploads\\\/2023\\\/03\\\/Kermis-lampje-hout-mint-8.jpg\",\"contentUrl\":\"https:\\\/\\\/www.funfetti.shop\\\/wp-content\\\/uploads\\\/2023\\\/03\\\/Kermis-lampje-hout-mint-8.jpg\",\"width\":600,\"height\":1067,\"caption\":\"Carrousel lamp; FunFetti.shop\"},{\"@type\":\"BreadcrumbList\",\"@id\":\"https:\\\/\\\/www.funfetti.shop\\\/product\\\/carrousel-lampje-hout-mint\\\/#breadcrumb\",\"itemListElement\":[{\"@type\":\"ListItem\",\"position\":1,\"name\":\"Home\",\"item\":\"https:\\\/\\\/www.funfetti.shop\\\/\"},{\"@type\":\"ListItem\",\"position\":2,\"name\":\"Winkel\",\"item\":\"https:\\\/\\\/www.funfetti.shop\\\/winkel\\\/\"},{\"@type\":\"ListItem\",\"position\":3,\"name\":\"Carrousel Lampje Hout en mint\"}]},{\"@type\":\"WebSite\",\"@id\":\"https:\\\/\\\/www.funfetti.shop\\\/#website\",\"url\":\"https:\\\/\\\/www.funfetti.shop\\\/\",\"name\":\"FunFetti\",\"description\":\"a curated mix of gifts, home d\u00e9cor and design\",\"publisher\":{\"@id\":\"https:\\\/\\\/www.funfetti.shop\\\/#organization\"},\"potentialAction\":[{\"@type\":\"SearchAction\",\"target\":{\"@type\":\"EntryPoint\",\"urlTemplate\":\"https:\\\/\\\/www.funfetti.shop\\\/?s={search_term_string}\"},\"query-input\":{\"@type\":\"PropertyValueSpecification\",\"valueRequired\":true,\"valueName\":\"search_term_string\"}}],\"inLanguage\":\"de\"},{\"@type\":\"Organization\",\"@id\":\"https:\\\/\\\/www.funfetti.shop\\\/#organization\",\"name\":\"FunFetti\",\"url\":\"https:\\\/\\\/www.funfetti.shop\\\/\",\"logo\":{\"@type\":\"ImageObject\",\"inLanguage\":\"de\",\"@id\":\"https:\\\/\\\/www.funfetti.shop\\\/#\\\/schema\\\/logo\\\/image\\\/\",\"url\":\"https:\\\/\\\/i0.wp.com\\\/www.funfetti.shop\\\/wp-content\\\/uploads\\\/2021\\\/11\\\/cropped-LOGO-WP-2021.png?fit=2000%2C171&ssl=1\",\"contentUrl\":\"https:\\\/\\\/i0.wp.com\\\/www.funfetti.shop\\\/wp-content\\\/uploads\\\/2021\\\/11\\\/cropped-LOGO-WP-2021.png?fit=2000%2C171&ssl=1\",\"width\":2000,\"height\":171,\"caption\":\"FunFetti\"},\"image\":{\"@id\":\"https:\\\/\\\/www.funfetti.shop\\\/#\\\/schema\\\/logo\\\/image\\\/\"},\"sameAs\":[\"https:\\\/\\\/www.facebook.com\\\/funfetti.shop\",\"https:\\\/\\\/www.instagram.com\\\/funfetti.shop\\\/\",\"https:\\\/\\\/nl.pinterest.com\\\/funfettiforever\\\/\"]}]}<\/script>\n<!-- \/ Yoast SEO plugin. -->","yoast_head_json":{"title":"Karussell Lampe Holz und Minze - FunFetti","description":"Carousel Lamp Wood and mint ist eine kleine Lampe mit gro\u00dfer Ausstrahlung. Buchst\u00e4blich! Denn die kleine Lampe erzeugt ein sch\u00f6nes Schattenspiel auf der Oberfl\u00e4che.\u00a0","robots":{"index":"index","follow":"follow","max-snippet":"max-snippet:-1","max-image-preview":"max-image-preview:large","max-video-preview":"max-video-preview:-1"},"canonical":"https:\/\/www.funfetti.shop\/de\/produkt\/karussell-lampe-holz-mint\/","og_locale":"de_DE","og_type":"article","og_title":"Carrousel Lampje Hout en mint - FunFetti","og_description":"Carrousel Lampje Hout en mint is een klein lampje met een grote uitstraling. Letterlijk! want het lampje geeft een prachtig schaduwspel op de ondergrond.\u00a0","og_url":"https:\/\/www.funfetti.shop\/de\/produkt\/karussell-lampe-holz-mint\/","og_site_name":"FunFetti","article_publisher":"https:\/\/www.facebook.com\/funfetti.shop","article_modified_time":"2026-04-05T15:28:08+00:00","og_image":[{"width":600,"height":1067,"url":"https:\/\/www.funfetti.shop\/wp-content\/uploads\/2023\/03\/Kermis-lampje-hout-mint-8.jpg","type":"image\/jpeg"}],"twitter_card":"summary_large_image","twitter_misc":{"Gesch\u00e4tzte Lesezeit":"1\u00a0Minute"},"schema":{"@context":"https:\/\/schema.org","@graph":[{"@type":"WebPage","@id":"https:\/\/www.funfetti.shop\/product\/carrousel-lampje-hout-mint\/","url":"https:\/\/www.funfetti.shop\/product\/carrousel-lampje-hout-mint\/","name":"Karussell Lampe Holz und Minze - FunFetti","isPartOf":{"@id":"https:\/\/www.funfetti.shop\/#website"},"primaryImageOfPage":{"@id":"https:\/\/www.funfetti.shop\/product\/carrousel-lampje-hout-mint\/#primaryimage"},"image":{"@id":"https:\/\/www.funfetti.shop\/product\/carrousel-lampje-hout-mint\/#primaryimage"},"thumbnailUrl":"https:\/\/www.funfetti.shop\/wp-content\/uploads\/2023\/03\/Kermis-lampje-hout-mint-8.jpg","datePublished":"2025-04-23T11:23:29+00:00","dateModified":"2026-04-05T15:28:08+00:00","description":"Carousel Lamp Wood and mint ist eine kleine Lampe mit gro\u00dfer Ausstrahlung. Buchst\u00e4blich! Denn die kleine Lampe erzeugt ein sch\u00f6nes Schattenspiel auf der Oberfl\u00e4che.\u00a0","breadcrumb":{"@id":"https:\/\/www.funfetti.shop\/product\/carrousel-lampje-hout-mint\/#breadcrumb"},"inLanguage":"de","potentialAction":[{"@type":"ReadAction","target":["https:\/\/www.funfetti.shop\/product\/carrousel-lampje-hout-mint\/"]}]},{"@type":"ImageObject","inLanguage":"de","@id":"https:\/\/www.funfetti.shop\/product\/carrousel-lampje-hout-mint\/#primaryimage","url":"https:\/\/www.funfetti.shop\/wp-content\/uploads\/2023\/03\/Kermis-lampje-hout-mint-8.jpg","contentUrl":"https:\/\/www.funfetti.shop\/wp-content\/uploads\/2023\/03\/Kermis-lampje-hout-mint-8.jpg","width":600,"height":1067,"caption":"Carrousel lamp; FunFetti.shop"},{"@type":"BreadcrumbList","@id":"https:\/\/www.funfetti.shop\/product\/carrousel-lampje-hout-mint\/#breadcrumb","itemListElement":[{"@type":"ListItem","position":1,"name":"Home","item":"https:\/\/www.funfetti.shop\/"},{"@type":"ListItem","position":2,"name":"Winkel","item":"https:\/\/www.funfetti.shop\/winkel\/"},{"@type":"ListItem","position":3,"name":"Carrousel Lampje Hout en mint"}]},{"@type":"WebSite","@id":"https:\/\/www.funfetti.shop\/#website","url":"https:\/\/www.funfetti.shop\/","name":"FunFetti","description":"eine ausgew\u00e4hlte Mischung aus Geschenken, Wohnaccessoires und Design","publisher":{"@id":"https:\/\/www.funfetti.shop\/#organization"},"potentialAction":[{"@type":"SearchAction","target":{"@type":"EntryPoint","urlTemplate":"https:\/\/www.funfetti.shop\/?s={search_term_string}"},"query-input":{"@type":"PropertyValueSpecification","valueRequired":true,"valueName":"search_term_string"}}],"inLanguage":"de"},{"@type":"Organization","@id":"https:\/\/www.funfetti.shop\/#organization","name":"FunFetti","url":"https:\/\/www.funfetti.shop\/","logo":{"@type":"ImageObject","inLanguage":"de","@id":"https:\/\/www.funfetti.shop\/#\/schema\/logo\/image\/","url":"https:\/\/i0.wp.com\/www.funfetti.shop\/wp-content\/uploads\/2021\/11\/cropped-LOGO-WP-2021.png?fit=2000%2C171&ssl=1","contentUrl":"https:\/\/i0.wp.com\/www.funfetti.shop\/wp-content\/uploads\/2021\/11\/cropped-LOGO-WP-2021.png?fit=2000%2C171&ssl=1","width":2000,"height":171,"caption":"FunFetti"},"image":{"@id":"https:\/\/www.funfetti.shop\/#\/schema\/logo\/image\/"},"sameAs":["https:\/\/www.facebook.com\/funfetti.shop","https:\/\/www.instagram.com\/funfetti.shop\/","https:\/\/nl.pinterest.com\/funfettiforever\/"]}]}},"jetpack_publicize_connections":[],"jetpack_sharing_enabled":true,"_links":{"self":[{"href":"https:\/\/www.funfetti.shop\/de\/wp-json\/wp\/v2\/product\/8737","targetHints":{"allow":["GET"]}}],"collection":[{"href":"https:\/\/www.funfetti.shop\/de\/wp-json\/wp\/v2\/product"}],"about":[{"href":"https:\/\/www.funfetti.shop\/de\/wp-json\/wp\/v2\/types\/product"}],"wp:featuredmedia":[{"embeddable":true,"href":"https:\/\/www.funfetti.shop\/de\/wp-json\/wp\/v2\/media\/8684"}],"wp:attachment":[{"href":"https:\/\/www.funfetti.shop\/de\/wp-json\/wp\/v2\/media?parent=8737"}],"wp:term":[{"taxonomy":"product_brand","embeddable":true,"href":"https:\/\/www.funfetti.shop\/de\/wp-json\/wp\/v2\/product_brand?post=8737"},{"taxonomy":"product_cat","embeddable":true,"href":"https:\/\/www.funfetti.shop\/de\/wp-json\/wp\/v2\/product_cat?post=8737"},{"taxonomy":"product_tag","embeddable":true,"href":"https:\/\/www.funfetti.shop\/de\/wp-json\/wp\/v2\/product_tag?post=8737"}],"curies":[{"name":"wp","href":"https:\/\/api.w.org\/{rel}","templated":true}]}}