{"id":9313,"date":"2025-11-04T17:22:25","date_gmt":"2025-11-04T17:22:25","guid":{"rendered":"https:\/\/www.funfetti.shop\/?post_type=product&#038;p=9313"},"modified":"2025-11-27T16:16:53","modified_gmt":"2025-11-27T16:16:53","slug":"pique-fleurs-weis-rosie-vase","status":"publish","type":"product","link":"https:\/\/www.funfetti.shop\/de\/product\/pique-fleurs-white-rosie-vaas\/","title":{"rendered":"Pique Fleurs Wei\u00df Rosie Vase"},"content":{"rendered":"<h2 data-start=\"129\" data-end=\"188\">Pique Fleurs Wei\u00df Rosie Vase<\/h2>\n<p data-start=\"220\" data-end=\"562\">Geben Sie Ihren Blumen eine atemberaubende B\u00fchne mit dieser au\u00dfergew\u00f6hnlichen Vase von Marie Michielssen f\u00fcr Serax. Die Pique Fleurs White Rosie Vase verbindet skulpturale Kunst mit funktionalem Design: Ihre organische Form erinnert an Korallenmeere und l\u00e4dt jeden Zweig und jede Blume ein, sich zu entfalten.<\/p>\n<p data-start=\"564\" data-end=\"875\">Mit einer H\u00f6he von 38 cm und einem Durchmesser von 22 cm ist sie ein Statement f\u00fcr Ihr Interieur. Die Vase besteht aus Steingut (grau\/keramisch) und enth\u00e4lt eine Glasvase f\u00fcr Wasser, damit Ihre Blumenkreation optimal zur Geltung kommt.<\/p>\n<p data-start=\"1172\" data-end=\"1193\"><strong data-start=\"1175\" data-end=\"1193\">Spezifikationen:<\/strong><\/p>\n<ul>\n<li data-start=\"1196\" data-end=\"1259\"><strong><em>Abmessungen: 22 \u00d7 22 \u00d7 38 cm\u00a0<\/em><\/strong><\/li>\n<li data-start=\"1262\" data-end=\"1322\"><strong><em>Material: Keramik\/Steingut mit Glasinnenvase<\/em><\/strong><\/li>\n<li data-start=\"1325\" data-end=\"1353\"><strong><em>Farbe: Creme<\/em><\/strong><\/li>\n<li data-start=\"1417\" data-end=\"1447\"><strong><em>Designer: Marie Michielssen<\/em><\/strong><\/li>\n<li data-start=\"1450\" data-end=\"1463\"><strong><em>Marke: <a href=\"https:\/\/www.funfetti.shop\/de\/produkt-kategorie\/marken-2\/serax\/\">Serax<\/a><\/em><\/strong><\/li>\n<\/ul>\n<hr \/>\n<p data-start=\"1465\" data-end=\"1689\"><strong data-start=\"1468\" data-end=\"1485\">Funfetti-Tipp:<\/strong> Stellen Sie sie auf ein helles Regal mit einer Mischung aus violetten und gr\u00fcnen Blumen oder lassen Sie sie als Designobjekt allein leuchten. Die Vase Pique-Fleurs macht Ihr Interieur sofort lebendiger und etwas anders.<\/p>\n<hr class=\"\" data-start=\"952\" data-end=\"955\" \/>\n<p>&nbsp;<\/p>","protected":false},"excerpt":{"rendered":"<p data-start=\"129\" data-end=\"188\">Die Vase Pique Fleurs White Rosie hat ein s<span style=\"font-size: 16px;\">sch\u00e4lende und organische Form, die jedem Blumenstrau\u00df zus\u00e4tzlichen Reiz verleiht. Die Vase ist i<\/span>deaal f\u00fcr lose Blumen, Laub oder einfach als Kunstobjekt ohne Blumen.<\/p>\n<p data-start=\"1114\" data-end=\"1170\">Perfekt f\u00fcr alle, die Design mit Charakter in ihrer Wohnung lieben!<\/p>","protected":false},"featured_media":9340,"template":"","meta":{"neve_meta_sidebar":"","neve_meta_container":"","neve_meta_enable_content_width":"off","neve_meta_content_width":100,"neve_meta_title_alignment":"","neve_meta_author_avatar":"","neve_post_elements_order":"","neve_meta_disable_header":"","neve_meta_disable_footer":"","neve_meta_disable_title":"","neve_meta_reading_time":"","jetpack_publicize_message":"","jetpack_publicize_feature_enabled":true,"jetpack_social_post_already_shared":false,"jetpack_social_options":{"image_generator_settings":{"template":"highway","default_image_id":0,"font":"","enabled":false},"version":2}},"product_brand":[],"product_cat":[15,678,677,22,555,316,685,23],"product_tag":[794,556,148],"class_list":{"0":"post-9313","1":"product","2":"type-product","3":"status-publish","4":"has-post-thumbnail","6":"product_cat-allefun","7":"product_cat-dutch-design","8":"product_cat-fundesign","9":"product_cat-funliving","10":"product_cat-serax","11":"product_cat-vazen","12":"product_cat-voor-haar","13":"product_cat-woondecoratie","14":"product_tag-pique","15":"product_tag-serax","16":"product_tag-vaas","17":"product_shipping_class-pakket-met-track-en-trace","19":"first","20":"instock","21":"taxable","22":"shipping-taxable","23":"purchasable","24":"product-type-simple"},"yoast_head":"<!-- This site is optimized with the Yoast SEO plugin v27.5 - https:\/\/yoast.com\/product\/yoast-seo-wordpress\/ -->\n<title>Pique Fleurs White Rosie Vaas<\/title>\n<meta name=\"description\" content=\"Pique Fleurs White Rosie Vaas heeft een speelse en organische vorm die elke boeket uitstraling geeft. De vaas is ideaal voor wie houdt van design met karakter in huis!\" \/>\n<meta name=\"robots\" content=\"index, follow, max-snippet:-1, max-image-preview:large, max-video-preview:-1\" \/>\n<link rel=\"canonical\" href=\"https:\/\/www.funfetti.shop\/de\/produkt\/pique-fleurs-weis-rosie-vase\/\" \/>\n<meta property=\"og:locale\" content=\"de_DE\" \/>\n<meta property=\"og:type\" content=\"article\" \/>\n<meta property=\"og:title\" content=\"Pique Fleurs White Rosie Vaas\" \/>\n<meta property=\"og:description\" content=\"Pique Fleurs White Rosie Vaas heeft een speelse en organische vorm die elke boeket uitstraling geeft. De vaas is ideaal voor wie houdt van design met karakter in huis!\" \/>\n<meta property=\"og:url\" content=\"https:\/\/www.funfetti.shop\/de\/produkt\/pique-fleurs-weis-rosie-vase\/\" \/>\n<meta property=\"og:site_name\" content=\"FunFetti\" \/>\n<meta property=\"article:publisher\" content=\"https:\/\/www.facebook.com\/funfetti.shop\" \/>\n<meta property=\"article:modified_time\" content=\"2025-11-27T16:16:53+00:00\" \/>\n<meta property=\"og:image\" content=\"https:\/\/www.funfetti.shop\/wp-content\/uploads\/2025\/11\/Pique-Fleurs-White-Rosie-Vaas-Serax-FunFetti-4.jpg\" \/>\n\t<meta property=\"og:image:width\" content=\"600\" \/>\n\t<meta property=\"og:image:height\" content=\"1067\" \/>\n\t<meta property=\"og:image:type\" content=\"image\/jpeg\" \/>\n<meta name=\"twitter:card\" content=\"summary_large_image\" \/>\n<meta name=\"twitter:label1\" content=\"Gesch\u00e4tzte Lesezeit\" \/>\n\t<meta name=\"twitter:data1\" content=\"1\u00a0Minute\" \/>\n<script type=\"application\/ld+json\" class=\"yoast-schema-graph\">{\"@context\":\"https:\\\/\\\/schema.org\",\"@graph\":[{\"@type\":\"WebPage\",\"@id\":\"https:\\\/\\\/www.funfetti.shop\\\/product\\\/pique-fleurs-white-rosie-vaas\\\/\",\"url\":\"https:\\\/\\\/www.funfetti.shop\\\/product\\\/pique-fleurs-white-rosie-vaas\\\/\",\"name\":\"Pique Fleurs White Rosie Vaas\",\"isPartOf\":{\"@id\":\"https:\\\/\\\/www.funfetti.shop\\\/#website\"},\"primaryImageOfPage\":{\"@id\":\"https:\\\/\\\/www.funfetti.shop\\\/product\\\/pique-fleurs-white-rosie-vaas\\\/#primaryimage\"},\"image\":{\"@id\":\"https:\\\/\\\/www.funfetti.shop\\\/product\\\/pique-fleurs-white-rosie-vaas\\\/#primaryimage\"},\"thumbnailUrl\":\"https:\\\/\\\/www.funfetti.shop\\\/wp-content\\\/uploads\\\/2025\\\/11\\\/Pique-Fleurs-White-Rosie-Vaas-Serax-FunFetti-4.jpg\",\"datePublished\":\"2025-11-04T17:22:25+00:00\",\"dateModified\":\"2025-11-27T16:16:53+00:00\",\"description\":\"Pique Fleurs White Rosie Vaas heeft een speelse en organische vorm die elke boeket uitstraling geeft. De vaas is ideaal voor wie houdt van design met karakter in huis!\",\"breadcrumb\":{\"@id\":\"https:\\\/\\\/www.funfetti.shop\\\/product\\\/pique-fleurs-white-rosie-vaas\\\/#breadcrumb\"},\"inLanguage\":\"de\",\"potentialAction\":[{\"@type\":\"ReadAction\",\"target\":[\"https:\\\/\\\/www.funfetti.shop\\\/product\\\/pique-fleurs-white-rosie-vaas\\\/\"]}]},{\"@type\":\"ImageObject\",\"inLanguage\":\"de\",\"@id\":\"https:\\\/\\\/www.funfetti.shop\\\/product\\\/pique-fleurs-white-rosie-vaas\\\/#primaryimage\",\"url\":\"https:\\\/\\\/www.funfetti.shop\\\/wp-content\\\/uploads\\\/2025\\\/11\\\/Pique-Fleurs-White-Rosie-Vaas-Serax-FunFetti-4.jpg\",\"contentUrl\":\"https:\\\/\\\/www.funfetti.shop\\\/wp-content\\\/uploads\\\/2025\\\/11\\\/Pique-Fleurs-White-Rosie-Vaas-Serax-FunFetti-4.jpg\",\"width\":600,\"height\":1067,\"caption\":\"Pique Fleurs White Rosie Vaas - Serax - FunFetti\"},{\"@type\":\"BreadcrumbList\",\"@id\":\"https:\\\/\\\/www.funfetti.shop\\\/product\\\/pique-fleurs-white-rosie-vaas\\\/#breadcrumb\",\"itemListElement\":[{\"@type\":\"ListItem\",\"position\":1,\"name\":\"Home\",\"item\":\"https:\\\/\\\/www.funfetti.shop\\\/\"},{\"@type\":\"ListItem\",\"position\":2,\"name\":\"Winkel\",\"item\":\"https:\\\/\\\/www.funfetti.shop\\\/winkel\\\/\"},{\"@type\":\"ListItem\",\"position\":3,\"name\":\"Pique Fleurs White Rosie Vaas\"}]},{\"@type\":\"WebSite\",\"@id\":\"https:\\\/\\\/www.funfetti.shop\\\/#website\",\"url\":\"https:\\\/\\\/www.funfetti.shop\\\/\",\"name\":\"FunFetti\",\"description\":\"a curated mix of gifts, home d\u00e9cor and design\",\"publisher\":{\"@id\":\"https:\\\/\\\/www.funfetti.shop\\\/#organization\"},\"potentialAction\":[{\"@type\":\"SearchAction\",\"target\":{\"@type\":\"EntryPoint\",\"urlTemplate\":\"https:\\\/\\\/www.funfetti.shop\\\/?s={search_term_string}\"},\"query-input\":{\"@type\":\"PropertyValueSpecification\",\"valueRequired\":true,\"valueName\":\"search_term_string\"}}],\"inLanguage\":\"de\"},{\"@type\":\"Organization\",\"@id\":\"https:\\\/\\\/www.funfetti.shop\\\/#organization\",\"name\":\"FunFetti\",\"url\":\"https:\\\/\\\/www.funfetti.shop\\\/\",\"logo\":{\"@type\":\"ImageObject\",\"inLanguage\":\"de\",\"@id\":\"https:\\\/\\\/www.funfetti.shop\\\/#\\\/schema\\\/logo\\\/image\\\/\",\"url\":\"https:\\\/\\\/i0.wp.com\\\/www.funfetti.shop\\\/wp-content\\\/uploads\\\/2021\\\/11\\\/cropped-LOGO-WP-2021.png?fit=2000%2C171&ssl=1\",\"contentUrl\":\"https:\\\/\\\/i0.wp.com\\\/www.funfetti.shop\\\/wp-content\\\/uploads\\\/2021\\\/11\\\/cropped-LOGO-WP-2021.png?fit=2000%2C171&ssl=1\",\"width\":2000,\"height\":171,\"caption\":\"FunFetti\"},\"image\":{\"@id\":\"https:\\\/\\\/www.funfetti.shop\\\/#\\\/schema\\\/logo\\\/image\\\/\"},\"sameAs\":[\"https:\\\/\\\/www.facebook.com\\\/funfetti.shop\",\"https:\\\/\\\/www.instagram.com\\\/funfetti.shop\\\/\",\"https:\\\/\\\/nl.pinterest.com\\\/funfettiforever\\\/\"]}]}<\/script>\n<!-- \/ Yoast SEO plugin. -->","yoast_head_json":{"title":"Pique Fleurs Wei\u00df Rosie Vase","description":"Die Vase Pique Fleurs White Rosie hat eine verspielte und organische Form, die jeden Blumenstrau\u00df zum Strahlen bringt. Die Vase ist ideal f\u00fcr alle, die Design mit Charakter in ihrem Zuhause lieben!","robots":{"index":"index","follow":"follow","max-snippet":"max-snippet:-1","max-image-preview":"max-image-preview:large","max-video-preview":"max-video-preview:-1"},"canonical":"https:\/\/www.funfetti.shop\/de\/produkt\/pique-fleurs-weis-rosie-vase\/","og_locale":"de_DE","og_type":"article","og_title":"Pique Fleurs White Rosie Vaas","og_description":"Pique Fleurs White Rosie Vaas heeft een speelse en organische vorm die elke boeket uitstraling geeft. De vaas is ideaal voor wie houdt van design met karakter in huis!","og_url":"https:\/\/www.funfetti.shop\/de\/produkt\/pique-fleurs-weis-rosie-vase\/","og_site_name":"FunFetti","article_publisher":"https:\/\/www.facebook.com\/funfetti.shop","article_modified_time":"2025-11-27T16:16:53+00:00","og_image":[{"width":600,"height":1067,"url":"https:\/\/www.funfetti.shop\/wp-content\/uploads\/2025\/11\/Pique-Fleurs-White-Rosie-Vaas-Serax-FunFetti-4.jpg","type":"image\/jpeg"}],"twitter_card":"summary_large_image","twitter_misc":{"Gesch\u00e4tzte Lesezeit":"1\u00a0Minute"},"schema":{"@context":"https:\/\/schema.org","@graph":[{"@type":"WebPage","@id":"https:\/\/www.funfetti.shop\/product\/pique-fleurs-white-rosie-vaas\/","url":"https:\/\/www.funfetti.shop\/product\/pique-fleurs-white-rosie-vaas\/","name":"Pique Fleurs Wei\u00df Rosie Vase","isPartOf":{"@id":"https:\/\/www.funfetti.shop\/#website"},"primaryImageOfPage":{"@id":"https:\/\/www.funfetti.shop\/product\/pique-fleurs-white-rosie-vaas\/#primaryimage"},"image":{"@id":"https:\/\/www.funfetti.shop\/product\/pique-fleurs-white-rosie-vaas\/#primaryimage"},"thumbnailUrl":"https:\/\/www.funfetti.shop\/wp-content\/uploads\/2025\/11\/Pique-Fleurs-White-Rosie-Vaas-Serax-FunFetti-4.jpg","datePublished":"2025-11-04T17:22:25+00:00","dateModified":"2025-11-27T16:16:53+00:00","description":"Die Vase Pique Fleurs White Rosie hat eine verspielte und organische Form, die jeden Blumenstrau\u00df zum Strahlen bringt. Die Vase ist ideal f\u00fcr alle, die Design mit Charakter in ihrem Zuhause lieben!","breadcrumb":{"@id":"https:\/\/www.funfetti.shop\/product\/pique-fleurs-white-rosie-vaas\/#breadcrumb"},"inLanguage":"de","potentialAction":[{"@type":"ReadAction","target":["https:\/\/www.funfetti.shop\/product\/pique-fleurs-white-rosie-vaas\/"]}]},{"@type":"ImageObject","inLanguage":"de","@id":"https:\/\/www.funfetti.shop\/product\/pique-fleurs-white-rosie-vaas\/#primaryimage","url":"https:\/\/www.funfetti.shop\/wp-content\/uploads\/2025\/11\/Pique-Fleurs-White-Rosie-Vaas-Serax-FunFetti-4.jpg","contentUrl":"https:\/\/www.funfetti.shop\/wp-content\/uploads\/2025\/11\/Pique-Fleurs-White-Rosie-Vaas-Serax-FunFetti-4.jpg","width":600,"height":1067,"caption":"Pique Fleurs White Rosie Vaas - Serax - FunFetti"},{"@type":"BreadcrumbList","@id":"https:\/\/www.funfetti.shop\/product\/pique-fleurs-white-rosie-vaas\/#breadcrumb","itemListElement":[{"@type":"ListItem","position":1,"name":"Home","item":"https:\/\/www.funfetti.shop\/"},{"@type":"ListItem","position":2,"name":"Winkel","item":"https:\/\/www.funfetti.shop\/winkel\/"},{"@type":"ListItem","position":3,"name":"Pique Fleurs White Rosie Vaas"}]},{"@type":"WebSite","@id":"https:\/\/www.funfetti.shop\/#website","url":"https:\/\/www.funfetti.shop\/","name":"FunFetti","description":"eine ausgew\u00e4hlte Mischung aus Geschenken, Wohnaccessoires und Design","publisher":{"@id":"https:\/\/www.funfetti.shop\/#organization"},"potentialAction":[{"@type":"SearchAction","target":{"@type":"EntryPoint","urlTemplate":"https:\/\/www.funfetti.shop\/?s={search_term_string}"},"query-input":{"@type":"PropertyValueSpecification","valueRequired":true,"valueName":"search_term_string"}}],"inLanguage":"de"},{"@type":"Organization","@id":"https:\/\/www.funfetti.shop\/#organization","name":"FunFetti","url":"https:\/\/www.funfetti.shop\/","logo":{"@type":"ImageObject","inLanguage":"de","@id":"https:\/\/www.funfetti.shop\/#\/schema\/logo\/image\/","url":"https:\/\/i0.wp.com\/www.funfetti.shop\/wp-content\/uploads\/2021\/11\/cropped-LOGO-WP-2021.png?fit=2000%2C171&ssl=1","contentUrl":"https:\/\/i0.wp.com\/www.funfetti.shop\/wp-content\/uploads\/2021\/11\/cropped-LOGO-WP-2021.png?fit=2000%2C171&ssl=1","width":2000,"height":171,"caption":"FunFetti"},"image":{"@id":"https:\/\/www.funfetti.shop\/#\/schema\/logo\/image\/"},"sameAs":["https:\/\/www.facebook.com\/funfetti.shop","https:\/\/www.instagram.com\/funfetti.shop\/","https:\/\/nl.pinterest.com\/funfettiforever\/"]}]}},"jetpack_publicize_connections":[],"jetpack_sharing_enabled":true,"_links":{"self":[{"href":"https:\/\/www.funfetti.shop\/de\/wp-json\/wp\/v2\/product\/9313","targetHints":{"allow":["GET"]}}],"collection":[{"href":"https:\/\/www.funfetti.shop\/de\/wp-json\/wp\/v2\/product"}],"about":[{"href":"https:\/\/www.funfetti.shop\/de\/wp-json\/wp\/v2\/types\/product"}],"wp:featuredmedia":[{"embeddable":true,"href":"https:\/\/www.funfetti.shop\/de\/wp-json\/wp\/v2\/media\/9340"}],"wp:attachment":[{"href":"https:\/\/www.funfetti.shop\/de\/wp-json\/wp\/v2\/media?parent=9313"}],"wp:term":[{"taxonomy":"product_brand","embeddable":true,"href":"https:\/\/www.funfetti.shop\/de\/wp-json\/wp\/v2\/product_brand?post=9313"},{"taxonomy":"product_cat","embeddable":true,"href":"https:\/\/www.funfetti.shop\/de\/wp-json\/wp\/v2\/product_cat?post=9313"},{"taxonomy":"product_tag","embeddable":true,"href":"https:\/\/www.funfetti.shop\/de\/wp-json\/wp\/v2\/product_tag?post=9313"}],"curies":[{"name":"wp","href":"https:\/\/api.w.org\/{rel}","templated":true}]}}