{"id":9758,"date":"2026-02-09T16:48:58","date_gmt":"2026-02-09T16:48:58","guid":{"rendered":"https:\/\/www.funfetti.shop\/?post_type=product&#038;p=9758"},"modified":"2026-02-10T12:02:46","modified_gmt":"2026-02-10T12:02:46","slug":"geschirrtuch-boris-bar","status":"publish","type":"product","link":"https:\/\/www.funfetti.shop\/de\/product\/theedoek-boris-beer\/","title":{"rendered":"Geschirrtuch Boris B\u00e4r"},"content":{"rendered":"<h1 data-start=\"111\" data-end=\"147\">Geschirrtuch Dick Bruna | Boris B\u00e4r<\/h1>\n<p data-start=\"149\" data-end=\"443\">Dieses Geschirrtuch ist eine wahre Freude f\u00fcr Ihre K\u00fcche. Das\u00a0<strong data-start=\"202\" data-end=\"225\"> Geschirrtuch\u00a0<\/strong><strong data-start=\"202\" data-end=\"225\">Boris B\u00e4r<\/strong>\u00a0bringt das erkennbare und zeitlose Design von <strong data-start=\"272\" data-end=\"286\">Dick Bruna<\/strong> zu einem Alltagsgegenstand, der pl\u00f6tzlich alles andere als gew\u00f6hnlich ist. S\u00fc\u00df, grafisch und ein bisschen nostalgisch. Genau die Art von Detail, die Sie jeden Tag gl\u00fccklich macht.<\/p>\n<p data-start=\"445\" data-end=\"716\">Hergestellt aus <strong data-start=\"457\" data-end=\"472\">100% Baumwolle<\/strong> und fest gewebt, so dass es nicht nur seine Aufgabe erf\u00fcllt, sondern auch an einem Haken oder \u00fcber der Herdschiene gut aussieht. Egal, ob Sie Ihre K\u00fcche abtrocknen, aufr\u00e4umen oder einfach nur versch\u00f6nern wollen, dieses Geschirrtuch erf\u00fcllt alle Aufgaben mit Stil.<\/p>\n<p data-start=\"718\" data-end=\"817\">Perfekt f\u00fcr Bruna-Fans, Designliebhaber und alle, die kleine Gl\u00fccksmomente zu Hause lieben.<\/p>\n<p data-start=\"1035\" data-end=\"1232\"><strong data-start=\"1038\" data-end=\"1055\">Spezifikationen:<\/strong><\/p>\n<ul>\n<li data-start=\"1035\" data-end=\"1232\"><strong><em>Marke: Hollandsche Waaren<\/em><\/strong><\/li>\n<li data-start=\"1035\" data-end=\"1232\"><strong><em>Gestaltung: Dick Bruna | Boris B\u00e4r<\/em><\/strong><\/li>\n<li data-start=\"1035\" data-end=\"1232\"><strong><em>Material: 100% Baumwolle<\/em><\/strong><\/li>\n<li data-start=\"1035\" data-end=\"1232\"><strong><em>Abmessungen: ca. 65 x 65 cm<\/em><\/strong><\/li>\n<li data-start=\"1035\" data-end=\"1232\"><strong><em>\u00d6se zum Aufh\u00e4ngen: ja<\/em><\/strong><\/li>\n<li data-start=\"1035\" data-end=\"1232\"><strong><em>Gestaltung: Anne-Marie Jetten<\/em><\/strong><\/li>\n<li><strong><em>Marke: <a href=\"https:\/\/www.funfetti.shop\/de\/produkt-kategorie\/marken-2\/niederlandische-waren\/\">Hollandsche Waaren<\/a><\/em><\/strong><\/li>\n<\/ul>\n<hr \/>\n<p data-start=\"1234\" data-end=\"1356\"><strong data-start=\"1237\" data-end=\"1253\">Funfetti-Tipp: <\/strong>Kombinieren Sie dieses Geschirrtuch mit anderen Artikeln von Dick Bruna f\u00fcr eine K\u00fcche, in der jeder Tag mit einem L\u00e4cheln beginnt.<\/p>\n<hr \/>\n<p data-start=\"1234\" data-end=\"1356\">","protected":false},"excerpt":{"rendered":"<p><strong data-start=\"821\" data-end=\"870\">Warum dieses Geschirrtuch ein Funfetti-Favorit ist<\/strong><br \/>\n- Das ikonische Dick Bruna-Design mit Boris B\u00e4r<br data-start=\"915\" data-end=\"918\" \/>- Praktisch und dekorativ<br data-start=\"943\" data-end=\"946\" \/>- Zeitloses holl\u00e4ndisches Design mit verspieltem Twist<br data-start=\"994\" data-end=\"997\" \/>- Auch zum Verschenken super geeignet<\/p>","protected":false},"featured_media":9766,"template":"","meta":{"neve_meta_sidebar":"","neve_meta_container":"","neve_meta_enable_content_width":"off","neve_meta_content_width":100,"neve_meta_title_alignment":"","neve_meta_author_avatar":"","neve_post_elements_order":"","neve_meta_disable_header":"","neve_meta_disable_footer":"","neve_meta_disable_title":"","neve_meta_reading_time":"","advanced_seo_description":"","jetpack_seo_html_title":"","jetpack_seo_noindex":false,"jetpack_publicize_message":"","jetpack_publicize_feature_enabled":true,"jetpack_social_post_already_shared":true,"jetpack_social_options":{"image_generator_settings":{"template":"highway","default_image_id":0,"font":"","enabled":false},"version":2}},"product_brand":[813],"product_cat":[15,678,677,22,565,29,37,710,686,23],"product_tag":[817,722,566,569],"class_list":{"0":"post-9758","1":"product","2":"type-product","3":"status-publish","4":"has-post-thumbnail","6":"product_brand-hollandsche-waaren","7":"product_cat-allefun","8":"product_cat-dutch-design","9":"product_cat-fundesign","10":"product_cat-funliving","11":"product_cat-hollandsche-waaren","12":"product_cat-keuken","13":"product_cat-kids","14":"product_cat-verantwoord-design","15":"product_cat-voor-fun-prijzen","16":"product_cat-woondecoratie","17":"product_tag-boris-beer","18":"product_tag-dick-bruna","19":"product_tag-hollandsche-waaren","20":"product_tag-theedoek","21":"product_shipping_class-brievenbus-pakket-met-track-en-trace","23":"first","24":"instock","25":"taxable","26":"shipping-taxable","27":"purchasable","28":"product-type-simple"},"jetpack_publicize_connections":[],"jetpack_sharing_enabled":true,"_links":{"self":[{"href":"https:\/\/www.funfetti.shop\/de\/wp-json\/wp\/v2\/product\/9758","targetHints":{"allow":["GET"]}}],"collection":[{"href":"https:\/\/www.funfetti.shop\/de\/wp-json\/wp\/v2\/product"}],"about":[{"href":"https:\/\/www.funfetti.shop\/de\/wp-json\/wp\/v2\/types\/product"}],"wp:featuredmedia":[{"embeddable":true,"href":"https:\/\/www.funfetti.shop\/de\/wp-json\/wp\/v2\/media\/9766"}],"wp:attachment":[{"href":"https:\/\/www.funfetti.shop\/de\/wp-json\/wp\/v2\/media?parent=9758"}],"wp:term":[{"taxonomy":"product_brand","embeddable":true,"href":"https:\/\/www.funfetti.shop\/de\/wp-json\/wp\/v2\/product_brand?post=9758"},{"taxonomy":"product_cat","embeddable":true,"href":"https:\/\/www.funfetti.shop\/de\/wp-json\/wp\/v2\/product_cat?post=9758"},{"taxonomy":"product_tag","embeddable":true,"href":"https:\/\/www.funfetti.shop\/de\/wp-json\/wp\/v2\/product_tag?post=9758"}],"curies":[{"name":"wp","href":"https:\/\/api.w.org\/{rel}","templated":true}]}}