{"id":9776,"date":"2026-02-10T09:10:30","date_gmt":"2026-02-10T09:10:30","guid":{"rendered":"https:\/\/www.funfetti.shop\/?post_type=product&#038;p=9776"},"modified":"2026-02-27T12:09:10","modified_gmt":"2026-02-27T12:09:10","slug":"dick-bruna-geschirrtuch-muhle","status":"publish","type":"product","link":"https:\/\/www.funfetti.shop\/de\/product\/dick-bruna-theedoek-molen\/","title":{"rendered":"Dick Bruna Geschirrtuch M\u00fchle"},"content":{"rendered":"<h1 data-start=\"123\" data-end=\"183\"><strong data-start=\"123\" data-end=\"181\">Dick Bruna Geschirrtuch M\u00fchle\u00a0<\/strong><\/h1>\n<p data-start=\"185\" data-end=\"499\">Verwandeln Sie Ihre K\u00fcche in eine Party mit diesen <strong data-start=\"225\" data-end=\"267\">Fr\u00f6hliches Dick Bruna Geschirrtuch mit Windm\u00fchle<\/strong> von Hollandsche Waaren. Das ikonische M\u00fchlendesign im erkennbaren Bruna-Stil verleiht Ihrer K\u00fcche im Handumdrehen einen verspielten Twist. Dieses Tuch ist <strong data-start=\"403\" data-end=\"431\">hergestellt aus 100 % Baumwolle<\/strong>, Sie ist weich, strapazierf\u00e4hig und perfekt, um alles ohne viel Aufhebens trocken zu bekommen.<\/p>\n<p data-start=\"501\" data-end=\"690\">Ob als praktischer K\u00fcchenhelfer oder als fr\u00f6hlicher Blickfang, dieses Geschirrtuch macht immer eine gute Figur. Ein Muss f\u00fcr Fans von Bruna, niederl\u00e4ndischen Klassikern und fr\u00f6hlichen Wohnaccessoires.<\/p>\n<p data-start=\"1010\" data-end=\"1237\"><strong data-start=\"1013\" data-end=\"1030\">Spezifikationen<\/strong><\/p>\n<ul>\n<li data-start=\"1010\" data-end=\"1237\"><em><strong>Muster: Dick Bruna M\u00fchle<\/strong><\/em><\/li>\n<li data-start=\"1010\" data-end=\"1237\"><em><strong>Material: 100% Baumwolle<\/strong><\/em><\/li>\n<li data-start=\"1010\" data-end=\"1237\"><em><strong>Abmessungen: ca. 65 x 65 cm<\/strong><\/em><\/li>\n<li data-start=\"1010\" data-end=\"1237\"><em><strong>Farbe: wei\u00df und blau<\/strong><\/em><\/li>\n<li data-start=\"1010\" data-end=\"1237\"><em><strong>\u00d6se zum Aufh\u00e4ngen: ja<\/strong><\/em><\/li>\n<li data-start=\"1035\" data-end=\"1232\"><strong><em>Gestaltung: Anne-Marie Jetten<\/em><\/strong><\/li>\n<li><strong><em>Marke: <a href=\"https:\/\/www.funfetti.shop\/de\/produkt-kategorie\/marken-2\/niederlandische-waren\/\">Hollandsche Waaren<\/a><\/em><\/strong><\/li>\n<\/ul>\n<p>&nbsp;<\/p>\n<hr \/>\n<p data-start=\"944\" data-end=\"1070\">Bringen Sie ein wenig holl\u00e4ndische Fr\u00f6hlichkeit in Ihre K\u00fcche und machen Sie jeden Tag zu einem Fest mit diesen <strong data-start=\"1034\" data-end=\"1067\">Klassisches Geschirrtuch mit M\u00fchle<\/strong>!<\/p>\n<hr \/>\n<p data-start=\"1234\" data-end=\"1356\">","protected":false},"excerpt":{"rendered":"<p><strong>Dick Bruna Geschirrtuch M\u00fchle<\/strong> mit dem ikonischen M\u00fchlendesign im unverkennbaren Bruno-Stil verleiht Ihrer K\u00fcche einen <strong>sofortige gute Schwingungen<\/strong> f\u00fcr Ihre K\u00fcche.<\/p>","protected":false},"featured_media":9798,"template":"","meta":{"neve_meta_sidebar":"","neve_meta_container":"","neve_meta_enable_content_width":"off","neve_meta_content_width":100,"neve_meta_title_alignment":"","neve_meta_author_avatar":"","neve_post_elements_order":"","neve_meta_disable_header":"","neve_meta_disable_footer":"","neve_meta_disable_title":"","neve_meta_reading_time":"","jetpack_publicize_message":"","jetpack_publicize_feature_enabled":true,"jetpack_social_post_already_shared":true,"jetpack_social_options":{"image_generator_settings":{"template":"highway","default_image_id":0,"font":"","enabled":false},"version":2}},"product_brand":[813],"product_cat":[15,678,677,22,565,29,37,710,686,23],"product_tag":[722,566,627,569],"class_list":{"0":"post-9776","1":"product","2":"type-product","3":"status-publish","4":"has-post-thumbnail","6":"product_brand-hollandsche-waaren","7":"product_cat-allefun","8":"product_cat-dutch-design","9":"product_cat-fundesign","10":"product_cat-funliving","11":"product_cat-hollandsche-waaren","12":"product_cat-keuken","13":"product_cat-kids","14":"product_cat-verantwoord-design","15":"product_cat-voor-fun-prijzen","16":"product_cat-woondecoratie","17":"product_tag-dick-bruna","18":"product_tag-hollandsche-waaren","19":"product_tag-molen","20":"product_tag-theedoek","21":"product_shipping_class-brievenbus-pakket-met-track-en-trace","23":"first","24":"instock","25":"taxable","26":"shipping-taxable","27":"purchasable","28":"product-type-simple"},"yoast_head":"<!-- This site is optimized with the Yoast SEO plugin v27.5 - https:\/\/yoast.com\/product\/yoast-seo-wordpress\/ -->\n<title>Dick Bruna Theedoek Molen\u00a0- Hollandsche Waaren<\/title>\n<meta name=\"description\" content=\"Dick Bruna Theedoek Molen met iconische molen\u2011design in de herkenbare Bruna-stijl geeft je keuken een instant good vibes voor je keuken.\" \/>\n<meta name=\"robots\" content=\"index, follow, max-snippet:-1, max-image-preview:large, max-video-preview:-1\" \/>\n<link rel=\"canonical\" href=\"https:\/\/www.funfetti.shop\/de\/produkt\/dick-bruna-geschirrtuch-muhle\/\" \/>\n<meta property=\"og:locale\" content=\"de_DE\" \/>\n<meta property=\"og:type\" content=\"article\" \/>\n<meta property=\"og:title\" content=\"Dick Bruna Theedoek Molen\u00a0- Hollandsche Waaren\" \/>\n<meta property=\"og:description\" content=\"Dick Bruna Theedoek Molen met iconische molen\u2011design in de herkenbare Bruna-stijl geeft je keuken een instant good vibes voor je keuken.\" \/>\n<meta property=\"og:url\" content=\"https:\/\/www.funfetti.shop\/de\/produkt\/dick-bruna-geschirrtuch-muhle\/\" \/>\n<meta property=\"og:site_name\" content=\"FunFetti\" \/>\n<meta property=\"article:publisher\" content=\"https:\/\/www.facebook.com\/funfetti.shop\" \/>\n<meta property=\"article:modified_time\" content=\"2026-02-27T12:09:10+00:00\" \/>\n<meta property=\"og:image\" content=\"https:\/\/www.funfetti.shop\/wp-content\/uploads\/2026\/02\/Theedoek-Molen-dick-bruna.jpg\" \/>\n\t<meta property=\"og:image:width\" content=\"600\" \/>\n\t<meta property=\"og:image:height\" content=\"1067\" \/>\n\t<meta property=\"og:image:type\" content=\"image\/jpeg\" \/>\n<meta name=\"twitter:card\" content=\"summary_large_image\" \/>\n<meta name=\"twitter:label1\" content=\"Gesch\u00e4tzte Lesezeit\" \/>\n\t<meta name=\"twitter:data1\" content=\"1\u00a0Minute\" \/>\n<script type=\"application\/ld+json\" class=\"yoast-schema-graph\">{\"@context\":\"https:\\\/\\\/schema.org\",\"@graph\":[{\"@type\":\"WebPage\",\"@id\":\"https:\\\/\\\/www.funfetti.shop\\\/product\\\/dick-bruna-theedoek-molen\\\/\",\"url\":\"https:\\\/\\\/www.funfetti.shop\\\/product\\\/dick-bruna-theedoek-molen\\\/\",\"name\":\"Dick Bruna Theedoek Molen\u00a0- Hollandsche Waaren\",\"isPartOf\":{\"@id\":\"https:\\\/\\\/www.funfetti.shop\\\/#website\"},\"primaryImageOfPage\":{\"@id\":\"https:\\\/\\\/www.funfetti.shop\\\/product\\\/dick-bruna-theedoek-molen\\\/#primaryimage\"},\"image\":{\"@id\":\"https:\\\/\\\/www.funfetti.shop\\\/product\\\/dick-bruna-theedoek-molen\\\/#primaryimage\"},\"thumbnailUrl\":\"https:\\\/\\\/www.funfetti.shop\\\/wp-content\\\/uploads\\\/2026\\\/02\\\/Theedoek-Molen-dick-bruna.jpg\",\"datePublished\":\"2026-02-10T09:10:30+00:00\",\"dateModified\":\"2026-02-27T12:09:10+00:00\",\"description\":\"Dick Bruna Theedoek Molen met iconische molen\u2011design in de herkenbare Bruna-stijl geeft je keuken een instant good vibes voor je keuken.\",\"breadcrumb\":{\"@id\":\"https:\\\/\\\/www.funfetti.shop\\\/product\\\/dick-bruna-theedoek-molen\\\/#breadcrumb\"},\"inLanguage\":\"de\",\"potentialAction\":[{\"@type\":\"ReadAction\",\"target\":[\"https:\\\/\\\/www.funfetti.shop\\\/product\\\/dick-bruna-theedoek-molen\\\/\"]}]},{\"@type\":\"ImageObject\",\"inLanguage\":\"de\",\"@id\":\"https:\\\/\\\/www.funfetti.shop\\\/product\\\/dick-bruna-theedoek-molen\\\/#primaryimage\",\"url\":\"https:\\\/\\\/www.funfetti.shop\\\/wp-content\\\/uploads\\\/2026\\\/02\\\/Theedoek-Molen-dick-bruna.jpg\",\"contentUrl\":\"https:\\\/\\\/www.funfetti.shop\\\/wp-content\\\/uploads\\\/2026\\\/02\\\/Theedoek-Molen-dick-bruna.jpg\",\"width\":600,\"height\":1067,\"caption\":\"Theedoek Molen - Dick Bruna - FunFetti.shop\"},{\"@type\":\"BreadcrumbList\",\"@id\":\"https:\\\/\\\/www.funfetti.shop\\\/product\\\/dick-bruna-theedoek-molen\\\/#breadcrumb\",\"itemListElement\":[{\"@type\":\"ListItem\",\"position\":1,\"name\":\"Home\",\"item\":\"https:\\\/\\\/www.funfetti.shop\\\/\"},{\"@type\":\"ListItem\",\"position\":2,\"name\":\"Winkel\",\"item\":\"https:\\\/\\\/www.funfetti.shop\\\/winkel\\\/\"},{\"@type\":\"ListItem\",\"position\":3,\"name\":\"Dick Bruna Theedoek Molen\"}]},{\"@type\":\"WebSite\",\"@id\":\"https:\\\/\\\/www.funfetti.shop\\\/#website\",\"url\":\"https:\\\/\\\/www.funfetti.shop\\\/\",\"name\":\"FunFetti\",\"description\":\"a curated mix of gifts, home d\u00e9cor and design\",\"publisher\":{\"@id\":\"https:\\\/\\\/www.funfetti.shop\\\/#organization\"},\"potentialAction\":[{\"@type\":\"SearchAction\",\"target\":{\"@type\":\"EntryPoint\",\"urlTemplate\":\"https:\\\/\\\/www.funfetti.shop\\\/?s={search_term_string}\"},\"query-input\":{\"@type\":\"PropertyValueSpecification\",\"valueRequired\":true,\"valueName\":\"search_term_string\"}}],\"inLanguage\":\"de\"},{\"@type\":\"Organization\",\"@id\":\"https:\\\/\\\/www.funfetti.shop\\\/#organization\",\"name\":\"FunFetti\",\"url\":\"https:\\\/\\\/www.funfetti.shop\\\/\",\"logo\":{\"@type\":\"ImageObject\",\"inLanguage\":\"de\",\"@id\":\"https:\\\/\\\/www.funfetti.shop\\\/#\\\/schema\\\/logo\\\/image\\\/\",\"url\":\"https:\\\/\\\/i0.wp.com\\\/www.funfetti.shop\\\/wp-content\\\/uploads\\\/2021\\\/11\\\/cropped-LOGO-WP-2021.png?fit=2000%2C171&ssl=1\",\"contentUrl\":\"https:\\\/\\\/i0.wp.com\\\/www.funfetti.shop\\\/wp-content\\\/uploads\\\/2021\\\/11\\\/cropped-LOGO-WP-2021.png?fit=2000%2C171&ssl=1\",\"width\":2000,\"height\":171,\"caption\":\"FunFetti\"},\"image\":{\"@id\":\"https:\\\/\\\/www.funfetti.shop\\\/#\\\/schema\\\/logo\\\/image\\\/\"},\"sameAs\":[\"https:\\\/\\\/www.facebook.com\\\/funfetti.shop\",\"https:\\\/\\\/www.instagram.com\\\/funfetti.shop\\\/\",\"https:\\\/\\\/nl.pinterest.com\\\/funfettiforever\\\/\"]}]}<\/script>\n<!-- \/ Yoast SEO plugin. -->","yoast_head_json":{"title":"Dick Bruna Geschirrtuchm\u00fchle - Hollandsche Waaren","description":"Die Dick Bruna Geschirrtuchm\u00fchle mit dem ikonischen M\u00fchlendesign im unverkennbaren Bruna-Stil verleiht Ihrer K\u00fcche sofort gute Laune.","robots":{"index":"index","follow":"follow","max-snippet":"max-snippet:-1","max-image-preview":"max-image-preview:large","max-video-preview":"max-video-preview:-1"},"canonical":"https:\/\/www.funfetti.shop\/de\/produkt\/dick-bruna-geschirrtuch-muhle\/","og_locale":"de_DE","og_type":"article","og_title":"Dick Bruna Theedoek Molen\u00a0- Hollandsche Waaren","og_description":"Dick Bruna Theedoek Molen met iconische molen\u2011design in de herkenbare Bruna-stijl geeft je keuken een instant good vibes voor je keuken.","og_url":"https:\/\/www.funfetti.shop\/de\/produkt\/dick-bruna-geschirrtuch-muhle\/","og_site_name":"FunFetti","article_publisher":"https:\/\/www.facebook.com\/funfetti.shop","article_modified_time":"2026-02-27T12:09:10+00:00","og_image":[{"width":600,"height":1067,"url":"https:\/\/www.funfetti.shop\/wp-content\/uploads\/2026\/02\/Theedoek-Molen-dick-bruna.jpg","type":"image\/jpeg"}],"twitter_card":"summary_large_image","twitter_misc":{"Gesch\u00e4tzte Lesezeit":"1\u00a0Minute"},"schema":{"@context":"https:\/\/schema.org","@graph":[{"@type":"WebPage","@id":"https:\/\/www.funfetti.shop\/product\/dick-bruna-theedoek-molen\/","url":"https:\/\/www.funfetti.shop\/product\/dick-bruna-theedoek-molen\/","name":"Dick Bruna Geschirrtuchm\u00fchle - Hollandsche Waaren","isPartOf":{"@id":"https:\/\/www.funfetti.shop\/#website"},"primaryImageOfPage":{"@id":"https:\/\/www.funfetti.shop\/product\/dick-bruna-theedoek-molen\/#primaryimage"},"image":{"@id":"https:\/\/www.funfetti.shop\/product\/dick-bruna-theedoek-molen\/#primaryimage"},"thumbnailUrl":"https:\/\/www.funfetti.shop\/wp-content\/uploads\/2026\/02\/Theedoek-Molen-dick-bruna.jpg","datePublished":"2026-02-10T09:10:30+00:00","dateModified":"2026-02-27T12:09:10+00:00","description":"Die Dick Bruna Geschirrtuchm\u00fchle mit dem ikonischen M\u00fchlendesign im unverkennbaren Bruna-Stil verleiht Ihrer K\u00fcche sofort gute Laune.","breadcrumb":{"@id":"https:\/\/www.funfetti.shop\/product\/dick-bruna-theedoek-molen\/#breadcrumb"},"inLanguage":"de","potentialAction":[{"@type":"ReadAction","target":["https:\/\/www.funfetti.shop\/product\/dick-bruna-theedoek-molen\/"]}]},{"@type":"ImageObject","inLanguage":"de","@id":"https:\/\/www.funfetti.shop\/product\/dick-bruna-theedoek-molen\/#primaryimage","url":"https:\/\/www.funfetti.shop\/wp-content\/uploads\/2026\/02\/Theedoek-Molen-dick-bruna.jpg","contentUrl":"https:\/\/www.funfetti.shop\/wp-content\/uploads\/2026\/02\/Theedoek-Molen-dick-bruna.jpg","width":600,"height":1067,"caption":"Theedoek Molen - Dick Bruna - FunFetti.shop"},{"@type":"BreadcrumbList","@id":"https:\/\/www.funfetti.shop\/product\/dick-bruna-theedoek-molen\/#breadcrumb","itemListElement":[{"@type":"ListItem","position":1,"name":"Home","item":"https:\/\/www.funfetti.shop\/"},{"@type":"ListItem","position":2,"name":"Winkel","item":"https:\/\/www.funfetti.shop\/winkel\/"},{"@type":"ListItem","position":3,"name":"Dick Bruna Theedoek Molen"}]},{"@type":"WebSite","@id":"https:\/\/www.funfetti.shop\/#website","url":"https:\/\/www.funfetti.shop\/","name":"FunFetti","description":"eine ausgew\u00e4hlte Mischung aus Geschenken, Wohnaccessoires und Design","publisher":{"@id":"https:\/\/www.funfetti.shop\/#organization"},"potentialAction":[{"@type":"SearchAction","target":{"@type":"EntryPoint","urlTemplate":"https:\/\/www.funfetti.shop\/?s={search_term_string}"},"query-input":{"@type":"PropertyValueSpecification","valueRequired":true,"valueName":"search_term_string"}}],"inLanguage":"de"},{"@type":"Organization","@id":"https:\/\/www.funfetti.shop\/#organization","name":"FunFetti","url":"https:\/\/www.funfetti.shop\/","logo":{"@type":"ImageObject","inLanguage":"de","@id":"https:\/\/www.funfetti.shop\/#\/schema\/logo\/image\/","url":"https:\/\/i0.wp.com\/www.funfetti.shop\/wp-content\/uploads\/2021\/11\/cropped-LOGO-WP-2021.png?fit=2000%2C171&ssl=1","contentUrl":"https:\/\/i0.wp.com\/www.funfetti.shop\/wp-content\/uploads\/2021\/11\/cropped-LOGO-WP-2021.png?fit=2000%2C171&ssl=1","width":2000,"height":171,"caption":"FunFetti"},"image":{"@id":"https:\/\/www.funfetti.shop\/#\/schema\/logo\/image\/"},"sameAs":["https:\/\/www.facebook.com\/funfetti.shop","https:\/\/www.instagram.com\/funfetti.shop\/","https:\/\/nl.pinterest.com\/funfettiforever\/"]}]}},"jetpack_publicize_connections":[],"jetpack_sharing_enabled":true,"_links":{"self":[{"href":"https:\/\/www.funfetti.shop\/de\/wp-json\/wp\/v2\/product\/9776","targetHints":{"allow":["GET"]}}],"collection":[{"href":"https:\/\/www.funfetti.shop\/de\/wp-json\/wp\/v2\/product"}],"about":[{"href":"https:\/\/www.funfetti.shop\/de\/wp-json\/wp\/v2\/types\/product"}],"wp:featuredmedia":[{"embeddable":true,"href":"https:\/\/www.funfetti.shop\/de\/wp-json\/wp\/v2\/media\/9798"}],"wp:attachment":[{"href":"https:\/\/www.funfetti.shop\/de\/wp-json\/wp\/v2\/media?parent=9776"}],"wp:term":[{"taxonomy":"product_brand","embeddable":true,"href":"https:\/\/www.funfetti.shop\/de\/wp-json\/wp\/v2\/product_brand?post=9776"},{"taxonomy":"product_cat","embeddable":true,"href":"https:\/\/www.funfetti.shop\/de\/wp-json\/wp\/v2\/product_cat?post=9776"},{"taxonomy":"product_tag","embeddable":true,"href":"https:\/\/www.funfetti.shop\/de\/wp-json\/wp\/v2\/product_tag?post=9776"}],"curies":[{"name":"wp","href":"https:\/\/api.w.org\/{rel}","templated":true}]}}