{"id":9784,"date":"2026-02-10T11:21:27","date_gmt":"2026-02-10T11:21:27","guid":{"rendered":"https:\/\/www.funfetti.shop\/?post_type=product&#038;p=9784"},"modified":"2026-02-27T11:03:47","modified_gmt":"2026-02-27T11:03:47","slug":"eierlampen-set-blau","status":"publish","type":"product","link":"https:\/\/www.funfetti.shop\/de\/product\/egglamp-set-blauw\/","title":{"rendered":"Eierlampe Blau"},"content":{"rendered":"<h1 data-start=\"166\" data-end=\"213\">Eierlampe Blau<\/h1>\n<p data-start=\"215\" data-end=\"514\">Ein Eierkarton, aber von seiner besten Seite. Die <strong data-start=\"261\" data-end=\"292\">Egglamp-Set Blau von Egglamp<\/strong> ist eines dieser Designobjekte, die einen spontan gl\u00fccklich machen. Wiedererkennbar, ein wenig absurd und \u00fcberraschend stilvoll. Die sanfte blaue Farbe verleiht ihr einen warmen, fr\u00f6hlichen Look und macht diese Lampe zu einem echten FunFetti-Liebling.<\/p>\n<p data-start=\"516\" data-end=\"826\">Der Lampensockel besteht aus <strong data-start=\"154\" data-end=\"176\">1 kg fester Beton<\/strong>, Das sorgt f\u00fcr einen coolen Look, der \u00fcberraschenderweise an einen echten Eierkarton erinnert. Und ja, er ist wunderbar schwer und h\u00e4lt ihn fest an seinem Platz. Kombiniert mit dem <strong data-start=\"366\" data-end=\"383\">Egglamp Brown<\/strong>, Aus einem echten Ei gefertigt und mit einem warmen, weichen Licht, ist dies ein super gem\u00fctliches Set. Dieses Duo ist genau richtig.<\/p>\n<p data-start=\"828\" data-end=\"942\">Perfekt auf einem Sideboard, Regal oder Nachttisch. Selbst ausgeschaltet bleibt es ein Objekt, das man immer wieder anschaut.<\/p>\n<p data-start=\"944\" data-end=\"1238\"><strong data-start=\"1243\" data-end=\"1260\">Spezifikationen<\/strong><\/p>\n<ul>\n<li data-start=\"1240\" data-end=\"1525\"><em><strong>Farbe: Himmelblau<\/strong><\/em><\/li>\n<li data-start=\"1240\" data-end=\"1525\"><em><strong>Materialbasis: Beton<\/strong><\/em><\/li>\n<li data-start=\"1240\" data-end=\"1525\"><em><strong>Lampenmaterial: ein echtes Ei<\/strong><\/em><\/li>\n<li data-start=\"1240\" data-end=\"1525\"><em><strong>Gewicht: ca. 1 kg<\/strong><\/em><\/li>\n<li data-start=\"1240\" data-end=\"1525\"><em><strong>Verwendung: Innenbereich<\/strong><\/em><\/li>\n<li data-start=\"1240\" data-end=\"1525\"><em><strong>Leuchtmittel: inklusive Egglamp Brown<\/strong><\/em><\/li>\n<li data-start=\"1240\" data-end=\"1525\"><em><strong>Kabel: wei\u00df mit Ein\/Aus-Schalter<\/strong><\/em><\/li>\n<li data-start=\"1240\" data-end=\"1525\"><strong><em>Stecker: EU-Stecker<\/em><\/strong><\/li>\n<li data-start=\"1240\" data-end=\"1525\"><strong><em>Gestaltung: Ruben de Haas<\/em><\/strong><\/li>\n<li data-start=\"1240\" data-end=\"1525\"><em><strong>Marke: <a href=\"https:\/\/www.funfetti.shop\/de\/produkt-kategorie\/marken\/eierlampe\/\">Egglamp<\/a><\/strong><\/em><\/li>\n<\/ul>\n<hr \/>\n<p data-start=\"1527\" data-end=\"1697\"><strong>Der Inhalt der Eier wird nicht weggeworfen. Es gibt Kooperationen mit \u00f6rtlichen B\u00e4ckereien, die bei gr\u00f6\u00dferen Bestellungen den Inhalt der Eier an diese B\u00e4ckereien spenden. Sie verarbeiten sie zu Scones, Brioche und anderem k\u00f6stlichen Geb\u00e4ck.<\/strong><\/p>\n<hr \/>\n<p data-start=\"1527\" data-end=\"1697\">","protected":false},"excerpt":{"rendered":"<p><strong data-start=\"946\" data-end=\"985\">Warum wir so verliebt sind in dieses<\/strong><br \/>\n- Das verspielte Design der Eierschachtel sorgt f\u00fcr einen Hauch von Funddesign<br data-start=\"1032\" data-end=\"1035\" \/>- Hergestellt aus Beton f\u00fcr ein robustes und hochwertiges Aussehen<br data-start=\"1098\" data-end=\"1101\" \/>- Himmelblaue Farbe kombiniert mit warmem braunen Licht<br data-start=\"1154\" data-end=\"1157\" \/>- Standardm\u00e4\u00dfig mit Egglamp Brown<br data-start=\"1201\" data-end=\"1204\" \/>- Ein echter Gespr\u00e4chsanlass<\/p>","protected":false},"featured_media":9932,"template":"","meta":{"neve_meta_sidebar":"","neve_meta_container":"contained","neve_meta_enable_content_width":"off","neve_meta_content_width":100,"neve_meta_title_alignment":"","neve_meta_author_avatar":"","neve_post_elements_order":"","neve_meta_disable_header":"","neve_meta_disable_footer":"","neve_meta_disable_title":"","neve_meta_reading_time":"","jetpack_publicize_message":"","jetpack_publicize_feature_enabled":true,"jetpack_social_post_already_shared":true,"jetpack_social_options":{"image_generator_settings":{"template":"highway","default_image_id":0,"font":"","enabled":false},"version":2}},"product_brand":[820],"product_cat":[15,462,678,821,22,24],"product_tag":[438,564,822,88,823],"class_list":{"0":"post-9784","1":"product","2":"type-product","3":"status-publish","4":"has-post-thumbnail","6":"product_brand-egglamp","7":"product_cat-allefun","8":"product_cat-brands","9":"product_cat-dutch-design","10":"product_cat-egglamp","11":"product_cat-funliving","12":"product_cat-verlichting","13":"product_tag-blauw","14":"product_tag-dutch-design","15":"product_tag-egglamp","16":"product_tag-lamp","17":"product_tag-sky","18":"product_shipping_class-pakket-met-track-en-trace","20":"first","21":"instock","22":"taxable","23":"shipping-taxable","24":"purchasable","25":"product-type-simple"},"yoast_head":"<!-- This site is optimized with the Yoast SEO plugin v27.4 - https:\/\/yoast.com\/product\/yoast-seo-wordpress\/ -->\n<title>Egglamp Blauw - FunFetti<\/title>\n<meta name=\"description\" content=\"Een ei en eierdoos, maar dan op z\u2019n allermooist. De Egglamp set blauw van Egglamp is zo\u2019n designobject waar je spontaan blij van wordt.\" \/>\n<meta name=\"robots\" content=\"index, follow, max-snippet:-1, max-image-preview:large, max-video-preview:-1\" \/>\n<link rel=\"canonical\" href=\"https:\/\/www.funfetti.shop\/de\/produkt\/eierlampen-set-blau\/\" \/>\n<meta property=\"og:locale\" content=\"de_DE\" \/>\n<meta property=\"og:type\" content=\"article\" \/>\n<meta property=\"og:title\" content=\"Egglamp Blauw - FunFetti\" \/>\n<meta property=\"og:description\" content=\"Een ei en eierdoos, maar dan op z\u2019n allermooist. De Egglamp set blauw van Egglamp is zo\u2019n designobject waar je spontaan blij van wordt.\" \/>\n<meta property=\"og:url\" content=\"https:\/\/www.funfetti.shop\/de\/produkt\/eierlampen-set-blau\/\" \/>\n<meta property=\"og:site_name\" content=\"FunFetti\" \/>\n<meta property=\"article:publisher\" content=\"https:\/\/www.facebook.com\/funfetti.shop\" \/>\n<meta property=\"article:modified_time\" content=\"2026-02-27T11:03:47+00:00\" \/>\n<meta property=\"og:image\" content=\"https:\/\/www.funfetti.shop\/wp-content\/uploads\/2026\/02\/Egglamp-set-blauw-5.jpg\" \/>\n\t<meta property=\"og:image:width\" content=\"600\" \/>\n\t<meta property=\"og:image:height\" content=\"1067\" \/>\n\t<meta property=\"og:image:type\" content=\"image\/jpeg\" \/>\n<meta name=\"twitter:card\" content=\"summary_large_image\" \/>\n<meta name=\"twitter:label1\" content=\"Gesch\u00e4tzte Lesezeit\" \/>\n\t<meta name=\"twitter:data1\" content=\"2\u00a0Minuten\" \/>\n<script type=\"application\/ld+json\" class=\"yoast-schema-graph\">{\"@context\":\"https:\\\/\\\/schema.org\",\"@graph\":[{\"@type\":\"WebPage\",\"@id\":\"https:\\\/\\\/www.funfetti.shop\\\/product\\\/egglamp-set-blauw\\\/\",\"url\":\"https:\\\/\\\/www.funfetti.shop\\\/product\\\/egglamp-set-blauw\\\/\",\"name\":\"Egglamp Blauw - FunFetti\",\"isPartOf\":{\"@id\":\"https:\\\/\\\/www.funfetti.shop\\\/#website\"},\"primaryImageOfPage\":{\"@id\":\"https:\\\/\\\/www.funfetti.shop\\\/product\\\/egglamp-set-blauw\\\/#primaryimage\"},\"image\":{\"@id\":\"https:\\\/\\\/www.funfetti.shop\\\/product\\\/egglamp-set-blauw\\\/#primaryimage\"},\"thumbnailUrl\":\"https:\\\/\\\/www.funfetti.shop\\\/wp-content\\\/uploads\\\/2026\\\/02\\\/Egglamp-set-blauw-5.jpg\",\"datePublished\":\"2026-02-10T11:21:27+00:00\",\"dateModified\":\"2026-02-27T11:03:47+00:00\",\"description\":\"Een ei en eierdoos, maar dan op z\u2019n allermooist. De Egglamp set blauw van Egglamp is zo\u2019n designobject waar je spontaan blij van wordt.\",\"breadcrumb\":{\"@id\":\"https:\\\/\\\/www.funfetti.shop\\\/product\\\/egglamp-set-blauw\\\/#breadcrumb\"},\"inLanguage\":\"de\",\"potentialAction\":[{\"@type\":\"ReadAction\",\"target\":[\"https:\\\/\\\/www.funfetti.shop\\\/product\\\/egglamp-set-blauw\\\/\"]}]},{\"@type\":\"ImageObject\",\"inLanguage\":\"de\",\"@id\":\"https:\\\/\\\/www.funfetti.shop\\\/product\\\/egglamp-set-blauw\\\/#primaryimage\",\"url\":\"https:\\\/\\\/www.funfetti.shop\\\/wp-content\\\/uploads\\\/2026\\\/02\\\/Egglamp-set-blauw-5.jpg\",\"contentUrl\":\"https:\\\/\\\/www.funfetti.shop\\\/wp-content\\\/uploads\\\/2026\\\/02\\\/Egglamp-set-blauw-5.jpg\",\"width\":600,\"height\":1067,\"caption\":\"Egglamp set blue - FunFetti.shop\"},{\"@type\":\"BreadcrumbList\",\"@id\":\"https:\\\/\\\/www.funfetti.shop\\\/product\\\/egglamp-set-blauw\\\/#breadcrumb\",\"itemListElement\":[{\"@type\":\"ListItem\",\"position\":1,\"name\":\"Home\",\"item\":\"https:\\\/\\\/www.funfetti.shop\\\/\"},{\"@type\":\"ListItem\",\"position\":2,\"name\":\"Winkel\",\"item\":\"https:\\\/\\\/www.funfetti.shop\\\/winkel\\\/\"},{\"@type\":\"ListItem\",\"position\":3,\"name\":\"Egglamp Blauw\"}]},{\"@type\":\"WebSite\",\"@id\":\"https:\\\/\\\/www.funfetti.shop\\\/#website\",\"url\":\"https:\\\/\\\/www.funfetti.shop\\\/\",\"name\":\"FunFetti\",\"description\":\"a curated mix of gifts, home d\u00e9cor and design\",\"publisher\":{\"@id\":\"https:\\\/\\\/www.funfetti.shop\\\/#organization\"},\"potentialAction\":[{\"@type\":\"SearchAction\",\"target\":{\"@type\":\"EntryPoint\",\"urlTemplate\":\"https:\\\/\\\/www.funfetti.shop\\\/?s={search_term_string}\"},\"query-input\":{\"@type\":\"PropertyValueSpecification\",\"valueRequired\":true,\"valueName\":\"search_term_string\"}}],\"inLanguage\":\"de\"},{\"@type\":\"Organization\",\"@id\":\"https:\\\/\\\/www.funfetti.shop\\\/#organization\",\"name\":\"FunFetti\",\"url\":\"https:\\\/\\\/www.funfetti.shop\\\/\",\"logo\":{\"@type\":\"ImageObject\",\"inLanguage\":\"de\",\"@id\":\"https:\\\/\\\/www.funfetti.shop\\\/#\\\/schema\\\/logo\\\/image\\\/\",\"url\":\"https:\\\/\\\/i0.wp.com\\\/www.funfetti.shop\\\/wp-content\\\/uploads\\\/2021\\\/11\\\/cropped-LOGO-WP-2021.png?fit=2000%2C171&ssl=1\",\"contentUrl\":\"https:\\\/\\\/i0.wp.com\\\/www.funfetti.shop\\\/wp-content\\\/uploads\\\/2021\\\/11\\\/cropped-LOGO-WP-2021.png?fit=2000%2C171&ssl=1\",\"width\":2000,\"height\":171,\"caption\":\"FunFetti\"},\"image\":{\"@id\":\"https:\\\/\\\/www.funfetti.shop\\\/#\\\/schema\\\/logo\\\/image\\\/\"},\"sameAs\":[\"https:\\\/\\\/www.facebook.com\\\/funfetti.shop\",\"https:\\\/\\\/www.instagram.com\\\/funfetti.shop\\\/\",\"https:\\\/\\\/nl.pinterest.com\\\/funfettiforever\\\/\"]}]}<\/script>\n<!-- \/ Yoast SEO plugin. -->","yoast_head_json":{"title":"Eierlampe Blau - FunFetti","description":"Eine Eierschachtel, aber in ihrer sch\u00f6nsten Form. Das Egglamp Set blau von Egglamp ist eines dieser Designobjekte, die Sie spontan gl\u00fccklich machen werden.","robots":{"index":"index","follow":"follow","max-snippet":"max-snippet:-1","max-image-preview":"max-image-preview:large","max-video-preview":"max-video-preview:-1"},"canonical":"https:\/\/www.funfetti.shop\/de\/produkt\/eierlampen-set-blau\/","og_locale":"de_DE","og_type":"article","og_title":"Egglamp Blauw - FunFetti","og_description":"Een ei en eierdoos, maar dan op z\u2019n allermooist. De Egglamp set blauw van Egglamp is zo\u2019n designobject waar je spontaan blij van wordt.","og_url":"https:\/\/www.funfetti.shop\/de\/produkt\/eierlampen-set-blau\/","og_site_name":"FunFetti","article_publisher":"https:\/\/www.facebook.com\/funfetti.shop","article_modified_time":"2026-02-27T11:03:47+00:00","og_image":[{"width":600,"height":1067,"url":"https:\/\/www.funfetti.shop\/wp-content\/uploads\/2026\/02\/Egglamp-set-blauw-5.jpg","type":"image\/jpeg"}],"twitter_card":"summary_large_image","twitter_misc":{"Gesch\u00e4tzte Lesezeit":"2\u00a0Minuten"},"schema":{"@context":"https:\/\/schema.org","@graph":[{"@type":"WebPage","@id":"https:\/\/www.funfetti.shop\/product\/egglamp-set-blauw\/","url":"https:\/\/www.funfetti.shop\/product\/egglamp-set-blauw\/","name":"Eierlampe Blau - FunFetti","isPartOf":{"@id":"https:\/\/www.funfetti.shop\/#website"},"primaryImageOfPage":{"@id":"https:\/\/www.funfetti.shop\/product\/egglamp-set-blauw\/#primaryimage"},"image":{"@id":"https:\/\/www.funfetti.shop\/product\/egglamp-set-blauw\/#primaryimage"},"thumbnailUrl":"https:\/\/www.funfetti.shop\/wp-content\/uploads\/2026\/02\/Egglamp-set-blauw-5.jpg","datePublished":"2026-02-10T11:21:27+00:00","dateModified":"2026-02-27T11:03:47+00:00","description":"Eine Eierschachtel, aber in ihrer sch\u00f6nsten Form. Das Egglamp Set blau von Egglamp ist eines dieser Designobjekte, die Sie spontan gl\u00fccklich machen werden.","breadcrumb":{"@id":"https:\/\/www.funfetti.shop\/product\/egglamp-set-blauw\/#breadcrumb"},"inLanguage":"de","potentialAction":[{"@type":"ReadAction","target":["https:\/\/www.funfetti.shop\/product\/egglamp-set-blauw\/"]}]},{"@type":"ImageObject","inLanguage":"de","@id":"https:\/\/www.funfetti.shop\/product\/egglamp-set-blauw\/#primaryimage","url":"https:\/\/www.funfetti.shop\/wp-content\/uploads\/2026\/02\/Egglamp-set-blauw-5.jpg","contentUrl":"https:\/\/www.funfetti.shop\/wp-content\/uploads\/2026\/02\/Egglamp-set-blauw-5.jpg","width":600,"height":1067,"caption":"Egglamp set blue - FunFetti.shop"},{"@type":"BreadcrumbList","@id":"https:\/\/www.funfetti.shop\/product\/egglamp-set-blauw\/#breadcrumb","itemListElement":[{"@type":"ListItem","position":1,"name":"Home","item":"https:\/\/www.funfetti.shop\/"},{"@type":"ListItem","position":2,"name":"Winkel","item":"https:\/\/www.funfetti.shop\/winkel\/"},{"@type":"ListItem","position":3,"name":"Egglamp Blauw"}]},{"@type":"WebSite","@id":"https:\/\/www.funfetti.shop\/#website","url":"https:\/\/www.funfetti.shop\/","name":"FunFetti","description":"eine ausgew\u00e4hlte Mischung aus Geschenken, Wohnaccessoires und Design","publisher":{"@id":"https:\/\/www.funfetti.shop\/#organization"},"potentialAction":[{"@type":"SearchAction","target":{"@type":"EntryPoint","urlTemplate":"https:\/\/www.funfetti.shop\/?s={search_term_string}"},"query-input":{"@type":"PropertyValueSpecification","valueRequired":true,"valueName":"search_term_string"}}],"inLanguage":"de"},{"@type":"Organization","@id":"https:\/\/www.funfetti.shop\/#organization","name":"FunFetti","url":"https:\/\/www.funfetti.shop\/","logo":{"@type":"ImageObject","inLanguage":"de","@id":"https:\/\/www.funfetti.shop\/#\/schema\/logo\/image\/","url":"https:\/\/i0.wp.com\/www.funfetti.shop\/wp-content\/uploads\/2021\/11\/cropped-LOGO-WP-2021.png?fit=2000%2C171&ssl=1","contentUrl":"https:\/\/i0.wp.com\/www.funfetti.shop\/wp-content\/uploads\/2021\/11\/cropped-LOGO-WP-2021.png?fit=2000%2C171&ssl=1","width":2000,"height":171,"caption":"FunFetti"},"image":{"@id":"https:\/\/www.funfetti.shop\/#\/schema\/logo\/image\/"},"sameAs":["https:\/\/www.facebook.com\/funfetti.shop","https:\/\/www.instagram.com\/funfetti.shop\/","https:\/\/nl.pinterest.com\/funfettiforever\/"]}]}},"jetpack_publicize_connections":[],"jetpack_sharing_enabled":true,"_links":{"self":[{"href":"https:\/\/www.funfetti.shop\/de\/wp-json\/wp\/v2\/product\/9784","targetHints":{"allow":["GET"]}}],"collection":[{"href":"https:\/\/www.funfetti.shop\/de\/wp-json\/wp\/v2\/product"}],"about":[{"href":"https:\/\/www.funfetti.shop\/de\/wp-json\/wp\/v2\/types\/product"}],"wp:featuredmedia":[{"embeddable":true,"href":"https:\/\/www.funfetti.shop\/de\/wp-json\/wp\/v2\/media\/9932"}],"wp:attachment":[{"href":"https:\/\/www.funfetti.shop\/de\/wp-json\/wp\/v2\/media?parent=9784"}],"wp:term":[{"taxonomy":"product_brand","embeddable":true,"href":"https:\/\/www.funfetti.shop\/de\/wp-json\/wp\/v2\/product_brand?post=9784"},{"taxonomy":"product_cat","embeddable":true,"href":"https:\/\/www.funfetti.shop\/de\/wp-json\/wp\/v2\/product_cat?post=9784"},{"taxonomy":"product_tag","embeddable":true,"href":"https:\/\/www.funfetti.shop\/de\/wp-json\/wp\/v2\/product_tag?post=9784"}],"curies":[{"name":"wp","href":"https:\/\/api.w.org\/{rel}","templated":true}]}}