{"id":1658,"date":"2020-03-30T14:35:06","date_gmt":"2020-03-30T14:35:06","guid":{"rendered":"http:\/\/www.funfetti.shop\/?page_id=1658"},"modified":"2025-08-29T16:26:07","modified_gmt":"2025-08-29T16:26:07","slug":"expedition-delais-de-livraison","status":"publish","type":"page","link":"https:\/\/www.funfetti.shop\/fr\/verzenden-levertijden\/","title":{"rendered":"Informations sur l'exp\u00e9dition"},"content":{"rendered":"<hr class=\"wp-block-separator has-alpha-channel-opacity\"\/>\n\n\n\n<h1 class=\"wp-block-heading\"><mark style=\"background-color:var(--nv-primary-accent)\" class=\"has-inline-color has-nv-c-1-color\">Informations sur l'exp\u00e9dition<\/mark><\/h1>\n\n\n\n<h2 class=\"wp-block-heading\">Frais d'exp\u00e9dition :<\/h2>\n\n\n\n<p><strong>Pays-Bas :<\/strong><\/p>\n\n\n\n<ul class=\"wp-block-list\">\n<li><em>Paquet bo\u00eete aux lettres (avec suivi) - \u20ac 5.50 <\/em><\/li>\n\n\n\n<li><em>Colis (avec suivi) - \u20ac7.50 <\/em><\/li>\n\n\n\n<li><em>Collecte (\u00e0 Lopik sur rendez-vous) - Gratuite<\/em><\/li>\n<\/ul>\n\n\n\n<p><strong>Belgique \/ Allemagne :<\/strong><\/p>\n\n\n\n<ul class=\"wp-block-list\">\n<li><em>Forfait - \u20ac 15.00<\/em><\/li>\n<\/ul>\n\n\n\n<p><strong>R\u00e9gion Int. parcellaire 1 :<\/strong><\/p>\n\n\n\n<p><em>Espagne \/ Danemark \/ France \/ Autriche \/ Italie \/ Luxembourg<\/em><\/p>\n\n\n\n<ul class=\"wp-block-list\">\n<li><em>Forfait - 18,50<\/em><\/li>\n<\/ul>\n\n\n\n<p><strong>R\u00e9gion parcellaire int. 2 :<\/strong><\/p>\n\n\n\n<p><em>\u00c9tats-Unis \/ Royaume-Uni \/ Chypre \/ Su\u00e8de \/ Gr\u00e8ce \/ Suisse \/ Finlande \/ Malte \/ Pologne \/ Hongrie \/ Slovaquie \/ Slov\u00e9nie \/ R\u00e9publique tch\u00e8que \/ Irlande \/ Estonie \/ Portugal \/ Lettonie \/ Lituanie<\/em><\/p>\n\n\n\n<ul class=\"wp-block-list\">\n<li><em>Forfait - \u20ac 25.00<\/em><\/li>\n<\/ul>\n\n\n\n<p><strong>Reste du monde :<\/strong><\/p>\n\n\n\n<ul class=\"wp-block-list\">\n<li><em>Forfait - \u20ac 50.00<\/em><\/li>\n<\/ul>\n\n\n\n<p>- Si un colis ne rentre pas dans la bo\u00eete aux lettres, cette option de livraison ne sera pas propos\u00e9e lors du paiement.<\/p>\n\n\n\n<p>- En raison des droits de douane, l'exp\u00e9dition vers les \u00c9tats-Unis est temporairement impossible.<\/p>\n\n\n\n<p>- Nous prenons des pr\u00e9cautions pour prot\u00e9ger les articles pendant le transport. En cas de dommage, veuillez nous contacter pour un remplacement par l'interm\u00e9diaire de <a href=\"mailto:info@funfetti.nl\">info@funfetti.nl<\/a>.<\/p>\n\n\n\n<h2 class=\"wp-block-heading\">D\u00e9lais de livraison :<\/h2>\n\n\n\n<p><strong>Pays-Bas :<\/strong> 1-3 jours ouvrables<\/p>\n\n\n\n<p><strong>Belgique \/ Allemagne :<\/strong> 5-7 jours ouvrables<\/p>\n\n\n\n<p><strong>Espagne \/ Danemark \/ France \/ Autriche \/ Italie \/ Luxembourg :<\/strong> 5-10 jours ouvrables<\/p>\n\n\n\n<p>Nous comprenons l'enthousiasme que suscite la r\u00e9ception rapide d'une commande, c'est pourquoi nous nous effor\u00e7ons toujours de livrer rapidement. Nous essayons \u00e9galement de faire notre part pour l'environnement, par exemple en regroupant les envois et en utilisant des mat\u00e9riaux d'emballage plus durables.<\/p>\n\n\n\n<p><strong>Produits personnalis\u00e9s tels que lampes \u00e0 lettres, num\u00e9ros de maison, cha\u00eenes porte-nom, etc :<\/strong><\/p>\n\n\n\n<ul class=\"wp-block-list\">\n<li><strong><em>D\u00e9lai de livraison : 15-20 jours ouvrables.<\/em><\/strong><\/li>\n<\/ul>\n\n\n\n<p>Pour les demandes de d\u00e9lais de livraison sp\u00e9cifiques, vous pouvez toujours nous contacter par courrier ou par t\u00e9l\u00e9phone. Si vous avez un d\u00e9lai sp\u00e9cifique, par exemple pour un anniversaire, veuillez l'indiquer lors de la commande et nous en tiendrons compte dans la mesure du possible.<\/p>\n\n\n\n<hr class=\"wp-block-separator has-alpha-channel-opacity\"\/>\n\n\n\n<p><\/p>\n\n\n\n<div class=\"wp-block-cover\"><img loading=\"lazy\" decoding=\"async\" width=\"600\" height=\"600\" class=\"wp-block-cover__image-background wp-image-7176\" alt=\"\" src=\"https:\/\/www.funfetti.shop\/wp-content\/uploads\/2024\/02\/DUOTONE-CAR-1-3.jpg\" data-object-fit=\"cover\" srcset=\"https:\/\/www.funfetti.shop\/wp-content\/uploads\/2024\/02\/DUOTONE-CAR-1-3.jpg 600w, https:\/\/www.funfetti.shop\/wp-content\/uploads\/2024\/02\/DUOTONE-CAR-1-3-350x350.jpg 350w, https:\/\/www.funfetti.shop\/wp-content\/uploads\/2024\/02\/DUOTONE-CAR-1-3-100x100.jpg 100w, https:\/\/www.funfetti.shop\/wp-content\/uploads\/2024\/02\/DUOTONE-CAR-1-3-300x300.jpg 300w, https:\/\/www.funfetti.shop\/wp-content\/uploads\/2024\/02\/DUOTONE-CAR-1-3-150x150.jpg 150w\" sizes=\"auto, (max-width: 600px) 100vw, 600px\" \/><span aria-hidden=\"true\" class=\"wp-block-cover__background has-background-dim\"><\/span><div class=\"wp-block-cover__inner-container is-layout-flow wp-block-cover-is-layout-flow\">\n<p class=\"has-text-align-center has-nv-c-2-color has-text-color has-link-color has-large-font-size wp-elements-d1f3909e7f8753e944b15cc0b51cc0c6\"><em>Prenez toujours la route panoramique.<\/em><\/p>\n<\/div><\/div>\n\n\n\n<p><\/p>\n\n\n\n<p><\/p>\n\n\n\n<p><\/p>","protected":false},"excerpt":{"rendered":"<p>Verzend informatie Verzendkosten: Nederland: Belgi\u00eb \/ Duitsland: Int. Parcel Region 1: Spain \/ Denmark \/ France \/ Austria \/ Italy \/ Luxembourg Int. Parcel Region 2: United States \/ United Kingdom \/ Cyprus \/ Sweden \/ Greece \/ Switzerland \/ Finland \/ Malta \/ Poland \/ Hungary \/ Slovakia \/ Slovenia \/ Czech Republic \/&hellip;&nbsp;<a href=\"https:\/\/www.funfetti.shop\/fr\/verzenden-levertijden\/\" rel=\"bookmark\">Read More &raquo;<span class=\"screen-reader-text\">Informations sur l'exp\u00e9dition<\/span><\/a><\/p>","protected":false},"author":1,"featured_media":0,"parent":0,"menu_order":5,"comment_status":"closed","ping_status":"closed","template":"","meta":{"neve_meta_sidebar":"","neve_meta_container":"","neve_meta_enable_content_width":"off","neve_meta_content_width":100,"neve_meta_title_alignment":"","neve_meta_author_avatar":"","neve_post_elements_order":"","neve_meta_disable_header":"","neve_meta_disable_footer":"","neve_meta_disable_title":"","neve_meta_reading_time":"","footnotes":""},"class_list":["post-1658","page","type-page","status-publish","hentry"],"yoast_head":"<!-- This site is optimized with the Yoast SEO plugin v27.4 - https:\/\/yoast.com\/product\/yoast-seo-wordpress\/ -->\n<title>Verzend informatie - FunFetti<\/title>\n<meta name=\"robots\" content=\"index, follow, max-snippet:-1, max-image-preview:large, max-video-preview:-1\" \/>\n<link rel=\"canonical\" href=\"https:\/\/www.funfetti.shop\/fr\/expedition-delais-de-livraison\/\" \/>\n<meta property=\"og:locale\" content=\"fr_FR\" \/>\n<meta property=\"og:type\" content=\"article\" \/>\n<meta property=\"og:title\" content=\"Verzend informatie - FunFetti\" \/>\n<meta property=\"og:description\" content=\"Verzend informatie Verzendkosten: Nederland: Belgi\u00eb \/ Duitsland: Int. Parcel Region 1: Spain \/ Denmark \/ France \/ Austria \/ Italy \/ Luxembourg Int. Parcel Region 2: United States \/ United Kingdom \/ Cyprus \/ Sweden \/ Greece \/ Switzerland \/ Finland \/ Malta \/ Poland \/ Hungary \/ Slovakia \/ Slovenia \/ Czech Republic \/&hellip;&nbsp;Read More &raquo;Verzend informatie\" \/>\n<meta property=\"og:url\" content=\"https:\/\/www.funfetti.shop\/fr\/expedition-delais-de-livraison\/\" \/>\n<meta property=\"og:site_name\" content=\"FunFetti\" \/>\n<meta property=\"article:publisher\" content=\"https:\/\/www.facebook.com\/funfetti.shop\" \/>\n<meta property=\"article:modified_time\" content=\"2025-08-29T16:26:07+00:00\" \/>\n<meta property=\"og:image\" content=\"https:\/\/www.funfetti.shop\/wp-content\/uploads\/2024\/02\/DUOTONE-CAR-1-3.jpg\" \/>\n\t<meta property=\"og:image:width\" content=\"600\" \/>\n\t<meta property=\"og:image:height\" content=\"600\" \/>\n\t<meta property=\"og:image:type\" content=\"image\/jpeg\" \/>\n<meta name=\"twitter:card\" content=\"summary_large_image\" \/>\n<meta name=\"twitter:label1\" content=\"Dur\u00e9e de lecture estim\u00e9e\" \/>\n\t<meta name=\"twitter:data1\" content=\"2 minutes\" \/>\n<script type=\"application\/ld+json\" class=\"yoast-schema-graph\">{\"@context\":\"https:\\\/\\\/schema.org\",\"@graph\":[{\"@type\":\"WebPage\",\"@id\":\"https:\\\/\\\/www.funfetti.shop\\\/verzenden-levertijden\\\/\",\"url\":\"https:\\\/\\\/www.funfetti.shop\\\/verzenden-levertijden\\\/\",\"name\":\"Verzend informatie - FunFetti\",\"isPartOf\":{\"@id\":\"https:\\\/\\\/www.funfetti.shop\\\/#website\"},\"primaryImageOfPage\":{\"@id\":\"https:\\\/\\\/www.funfetti.shop\\\/verzenden-levertijden\\\/#primaryimage\"},\"image\":{\"@id\":\"https:\\\/\\\/www.funfetti.shop\\\/verzenden-levertijden\\\/#primaryimage\"},\"thumbnailUrl\":\"https:\\\/\\\/www.funfetti.shop\\\/wp-content\\\/uploads\\\/2024\\\/02\\\/DUOTONE-CAR-1-3.jpg\",\"datePublished\":\"2020-03-30T14:35:06+00:00\",\"dateModified\":\"2025-08-29T16:26:07+00:00\",\"breadcrumb\":{\"@id\":\"https:\\\/\\\/www.funfetti.shop\\\/verzenden-levertijden\\\/#breadcrumb\"},\"inLanguage\":\"fr-FR\",\"potentialAction\":[{\"@type\":\"ReadAction\",\"target\":[\"https:\\\/\\\/www.funfetti.shop\\\/verzenden-levertijden\\\/\"]}]},{\"@type\":\"ImageObject\",\"inLanguage\":\"fr-FR\",\"@id\":\"https:\\\/\\\/www.funfetti.shop\\\/verzenden-levertijden\\\/#primaryimage\",\"url\":\"https:\\\/\\\/www.funfetti.shop\\\/wp-content\\\/uploads\\\/2024\\\/02\\\/DUOTONE-CAR-1-3.jpg\",\"contentUrl\":\"https:\\\/\\\/www.funfetti.shop\\\/wp-content\\\/uploads\\\/2024\\\/02\\\/DUOTONE-CAR-1-3.jpg\"},{\"@type\":\"BreadcrumbList\",\"@id\":\"https:\\\/\\\/www.funfetti.shop\\\/verzenden-levertijden\\\/#breadcrumb\",\"itemListElement\":[{\"@type\":\"ListItem\",\"position\":1,\"name\":\"Home\",\"item\":\"https:\\\/\\\/www.funfetti.shop\\\/\"},{\"@type\":\"ListItem\",\"position\":2,\"name\":\"Verzend informatie\"}]},{\"@type\":\"WebSite\",\"@id\":\"https:\\\/\\\/www.funfetti.shop\\\/#website\",\"url\":\"https:\\\/\\\/www.funfetti.shop\\\/\",\"name\":\"FunFetti\",\"description\":\"a curated mix of gifts, home d\u00e9cor and design\",\"publisher\":{\"@id\":\"https:\\\/\\\/www.funfetti.shop\\\/#organization\"},\"potentialAction\":[{\"@type\":\"SearchAction\",\"target\":{\"@type\":\"EntryPoint\",\"urlTemplate\":\"https:\\\/\\\/www.funfetti.shop\\\/?s={search_term_string}\"},\"query-input\":{\"@type\":\"PropertyValueSpecification\",\"valueRequired\":true,\"valueName\":\"search_term_string\"}}],\"inLanguage\":\"fr-FR\"},{\"@type\":\"Organization\",\"@id\":\"https:\\\/\\\/www.funfetti.shop\\\/#organization\",\"name\":\"FunFetti\",\"url\":\"https:\\\/\\\/www.funfetti.shop\\\/\",\"logo\":{\"@type\":\"ImageObject\",\"inLanguage\":\"fr-FR\",\"@id\":\"https:\\\/\\\/www.funfetti.shop\\\/#\\\/schema\\\/logo\\\/image\\\/\",\"url\":\"https:\\\/\\\/i0.wp.com\\\/www.funfetti.shop\\\/wp-content\\\/uploads\\\/2021\\\/11\\\/cropped-LOGO-WP-2021.png?fit=2000%2C171&ssl=1\",\"contentUrl\":\"https:\\\/\\\/i0.wp.com\\\/www.funfetti.shop\\\/wp-content\\\/uploads\\\/2021\\\/11\\\/cropped-LOGO-WP-2021.png?fit=2000%2C171&ssl=1\",\"width\":2000,\"height\":171,\"caption\":\"FunFetti\"},\"image\":{\"@id\":\"https:\\\/\\\/www.funfetti.shop\\\/#\\\/schema\\\/logo\\\/image\\\/\"},\"sameAs\":[\"https:\\\/\\\/www.facebook.com\\\/funfetti.shop\",\"https:\\\/\\\/www.instagram.com\\\/funfetti.shop\\\/\",\"https:\\\/\\\/nl.pinterest.com\\\/funfettiforever\\\/\"]}]}<\/script>\n<!-- \/ Yoast SEO plugin. -->","yoast_head_json":{"title":"Informations sur l'exp\u00e9dition - FunFetti","robots":{"index":"index","follow":"follow","max-snippet":"max-snippet:-1","max-image-preview":"max-image-preview:large","max-video-preview":"max-video-preview:-1"},"canonical":"https:\/\/www.funfetti.shop\/fr\/expedition-delais-de-livraison\/","og_locale":"fr_FR","og_type":"article","og_title":"Verzend informatie - FunFetti","og_description":"Verzend informatie Verzendkosten: Nederland: Belgi\u00eb \/ Duitsland: Int. Parcel Region 1: Spain \/ Denmark \/ France \/ Austria \/ Italy \/ Luxembourg Int. Parcel Region 2: United States \/ United Kingdom \/ Cyprus \/ Sweden \/ Greece \/ Switzerland \/ Finland \/ Malta \/ Poland \/ Hungary \/ Slovakia \/ Slovenia \/ Czech Republic \/&hellip;&nbsp;Read More &raquo;Verzend informatie","og_url":"https:\/\/www.funfetti.shop\/fr\/expedition-delais-de-livraison\/","og_site_name":"FunFetti","article_publisher":"https:\/\/www.facebook.com\/funfetti.shop","article_modified_time":"2025-08-29T16:26:07+00:00","og_image":[{"width":600,"height":600,"url":"https:\/\/www.funfetti.shop\/wp-content\/uploads\/2024\/02\/DUOTONE-CAR-1-3.jpg","type":"image\/jpeg"}],"twitter_card":"summary_large_image","twitter_misc":{"Dur\u00e9e de lecture estim\u00e9e":"2 minutes"},"schema":{"@context":"https:\/\/schema.org","@graph":[{"@type":"WebPage","@id":"https:\/\/www.funfetti.shop\/verzenden-levertijden\/","url":"https:\/\/www.funfetti.shop\/verzenden-levertijden\/","name":"Informations sur l'exp\u00e9dition - FunFetti","isPartOf":{"@id":"https:\/\/www.funfetti.shop\/#website"},"primaryImageOfPage":{"@id":"https:\/\/www.funfetti.shop\/verzenden-levertijden\/#primaryimage"},"image":{"@id":"https:\/\/www.funfetti.shop\/verzenden-levertijden\/#primaryimage"},"thumbnailUrl":"https:\/\/www.funfetti.shop\/wp-content\/uploads\/2024\/02\/DUOTONE-CAR-1-3.jpg","datePublished":"2020-03-30T14:35:06+00:00","dateModified":"2025-08-29T16:26:07+00:00","breadcrumb":{"@id":"https:\/\/www.funfetti.shop\/verzenden-levertijden\/#breadcrumb"},"inLanguage":"fr-FR","potentialAction":[{"@type":"ReadAction","target":["https:\/\/www.funfetti.shop\/verzenden-levertijden\/"]}]},{"@type":"ImageObject","inLanguage":"fr-FR","@id":"https:\/\/www.funfetti.shop\/verzenden-levertijden\/#primaryimage","url":"https:\/\/www.funfetti.shop\/wp-content\/uploads\/2024\/02\/DUOTONE-CAR-1-3.jpg","contentUrl":"https:\/\/www.funfetti.shop\/wp-content\/uploads\/2024\/02\/DUOTONE-CAR-1-3.jpg"},{"@type":"BreadcrumbList","@id":"https:\/\/www.funfetti.shop\/verzenden-levertijden\/#breadcrumb","itemListElement":[{"@type":"ListItem","position":1,"name":"Home","item":"https:\/\/www.funfetti.shop\/"},{"@type":"ListItem","position":2,"name":"Verzend informatie"}]},{"@type":"WebSite","@id":"https:\/\/www.funfetti.shop\/#website","url":"https:\/\/www.funfetti.shop\/","name":"FunFetti","description":"un m\u00e9lange de cadeaux, de d\u00e9coration d'int\u00e9rieur et de design","publisher":{"@id":"https:\/\/www.funfetti.shop\/#organization"},"potentialAction":[{"@type":"SearchAction","target":{"@type":"EntryPoint","urlTemplate":"https:\/\/www.funfetti.shop\/?s={search_term_string}"},"query-input":{"@type":"PropertyValueSpecification","valueRequired":true,"valueName":"search_term_string"}}],"inLanguage":"fr-FR"},{"@type":"Organization","@id":"https:\/\/www.funfetti.shop\/#organization","name":"FunFetti","url":"https:\/\/www.funfetti.shop\/","logo":{"@type":"ImageObject","inLanguage":"fr-FR","@id":"https:\/\/www.funfetti.shop\/#\/schema\/logo\/image\/","url":"https:\/\/i0.wp.com\/www.funfetti.shop\/wp-content\/uploads\/2021\/11\/cropped-LOGO-WP-2021.png?fit=2000%2C171&ssl=1","contentUrl":"https:\/\/i0.wp.com\/www.funfetti.shop\/wp-content\/uploads\/2021\/11\/cropped-LOGO-WP-2021.png?fit=2000%2C171&ssl=1","width":2000,"height":171,"caption":"FunFetti"},"image":{"@id":"https:\/\/www.funfetti.shop\/#\/schema\/logo\/image\/"},"sameAs":["https:\/\/www.facebook.com\/funfetti.shop","https:\/\/www.instagram.com\/funfetti.shop\/","https:\/\/nl.pinterest.com\/funfettiforever\/"]}]}},"jetpack_sharing_enabled":true,"jetpack_shortlink":"https:\/\/wp.me\/PbKYU1-qK","_links":{"self":[{"href":"https:\/\/www.funfetti.shop\/fr\/wp-json\/wp\/v2\/pages\/1658","targetHints":{"allow":["GET"]}}],"collection":[{"href":"https:\/\/www.funfetti.shop\/fr\/wp-json\/wp\/v2\/pages"}],"about":[{"href":"https:\/\/www.funfetti.shop\/fr\/wp-json\/wp\/v2\/types\/page"}],"author":[{"embeddable":true,"href":"https:\/\/www.funfetti.shop\/fr\/wp-json\/wp\/v2\/users\/1"}],"replies":[{"embeddable":true,"href":"https:\/\/www.funfetti.shop\/fr\/wp-json\/wp\/v2\/comments?post=1658"}],"version-history":[{"count":1,"href":"https:\/\/www.funfetti.shop\/fr\/wp-json\/wp\/v2\/pages\/1658\/revisions"}],"predecessor-version":[{"id":9176,"href":"https:\/\/www.funfetti.shop\/fr\/wp-json\/wp\/v2\/pages\/1658\/revisions\/9176"}],"wp:attachment":[{"href":"https:\/\/www.funfetti.shop\/fr\/wp-json\/wp\/v2\/media?parent=1658"}],"curies":[{"name":"wp","href":"https:\/\/api.w.org\/{rel}","templated":true}]}}