{"id":3,"date":"2020-02-18T11:05:17","date_gmt":"2020-02-18T11:05:17","guid":{"rendered":"http:\/\/www.funfetti.shop\/?page_id=3"},"modified":"2025-01-21T11:05:58","modified_gmt":"2025-01-21T11:05:58","slug":"politique-de-confidentialite","status":"publish","type":"page","link":"https:\/\/www.funfetti.shop\/fr\/privacy-policy\/","title":{"rendered":"Politique de confidentialit\u00e9"},"content":{"rendered":"<p>FunFetti<i>\u00a0<\/i>respecte la vie priv\u00e9e de tous les utilisateurs de son site et veille \u00e0 ce que les informations personnelles que vous nous fournissez restent confidentielles. Nous utilisons vos donn\u00e9es pour rendre les commandes aussi rapides et faciles que possible. FunFetti ne vendra pas vos informations personnelles \u00e0 des tiers et ne les mettra \u00e0 la disposition que des tiers impliqu\u00e9s dans l'ex\u00e9cution de votre commande. (uniquement pour le paiement et l'exp\u00e9dition de la commande)<\/p>\n<p>\u00a0<\/p>\n<p><strong>FunFetti utilise les donn\u00e9es collect\u00e9es pour fournir \u00e0 ses clients les services suivants :<\/strong><\/p>\n<ul>\n<li>Si vous passez une commande, nous avons besoin de votre nom, de votre adresse \u00e9lectronique, de votre adresse de livraison et de vos donn\u00e9es de paiement pour ex\u00e9cuter votre commande et vous tenir inform\u00e9 de son \u00e9volution.<\/li>\n<li>Pour rendre les achats chez FunFetti aussi agr\u00e9ables que possible, nous stockons, avec votre consentement, vos donn\u00e9es personnelles et les donn\u00e9es relatives \u00e0 votre commande et \u00e0 l'utilisation de nos services, ce qui nous permet de personnaliser le site web.<\/li>\n<li>Si vous vous inscrivez \u00e0 notre bulletin d'information, nous utilisons votre adresse e-mail pour vous informer de l'\u00e9volution du site web et des offres sp\u00e9ciales et promotions. Si vous ne l'appr\u00e9ciez plus, vous pouvez vous d\u00e9sabonner sur notre site web.<\/li>\n<li>Si vous passez une commande aupr\u00e8s de FunFetti, nous enregistrons vos donn\u00e9es sur un serveur s\u00e9curis\u00e9 si vous le souhaitez. Vous pouvez fournir un nom d'utilisateur et un mot de passe afin que votre nom et votre adresse, votre num\u00e9ro de t\u00e9l\u00e9phone, votre adresse e-mail, vos coordonn\u00e9es de livraison et de paiement ne doivent pas \u00eatre saisis \u00e0 chaque nouvelle commande.<\/li>\n<li>Les donn\u00e9es relatives \u00e0 l'utilisation de notre site et les commentaires que nous recevons de nos visiteurs nous aident \u00e0 d\u00e9velopper et \u00e0 am\u00e9liorer notre site.<\/li>\n<li>Si vous r\u00e9pondez \u00e0 une promotion ou \u00e0 un concours, nous vous demandons votre nom, votre adresse et votre adresse \u00e9lectronique. Nous utilisons ces donn\u00e9es pour mener \u00e0 bien l'action, annoncer le(s) gagnant(s) du prix et mesurer la r\u00e9ponse \u00e0 nos campagnes de marketing.<\/li>\n<\/ul>\n<p>\u00a0<\/p>\n<p><strong>FunFetti ne vend jamais vos donn\u00e9es<\/strong><br \/>FunFetti ne vendra pas vos informations personnelles \u00e0 des tiers et ne les mettra \u00e0 la disposition que des tiers impliqu\u00e9s dans l'ex\u00e9cution de votre commande. Nos employ\u00e9s et les tiers engag\u00e9s par nous sont tenus de respecter la confidentialit\u00e9 de vos donn\u00e9es.<\/p>\n<p>\u00a0<\/p>\n<p><strong>Cookies<\/strong><br \/>Les cookies sont de petits \u00e9l\u00e9ments d'information que votre navigateur stocke sur votre ordinateur. FunFetti utilise des cookies pour vous reconna\u00eetre lors de votre prochaine visite. Les cookies nous permettent de recueillir des informations sur l'utilisation de nos services, de les am\u00e9liorer et de les adapter aux souhaits de nos visiteurs. Nos cookies fournissent des informations relatives \u00e0 l'identification personnelle. Vous pouvez configurer votre navigateur pour qu'il ne re\u00e7oive pas de cookies lorsque vous faites des achats chez FunFetti.<\/p>\n<p>\u00a0<\/p>\n<p><strong>Google Analytics<\/strong><\/p>\n<p>FunFetti utilise Google Analytics pour am\u00e9liorer continuellement le site web en fonction des besoins de nos clients. Si vous ne souhaitez pas y contribuer ;<\/p>\n<p><a data-cke-saved-href=\"javascript:gaOptout()\">Cliquez ici pour d\u00e9sactiver le suivi de Google Analytics<\/a><\/p>\n<p>Si vous avez d'autres questions concernant la politique de confidentialit\u00e9 de FunFetti, veuillez nous contacter. Notre service client\u00e8le vous aidera si vous avez besoin d'informations sur vos donn\u00e9es ou si vous souhaitez les modifier ou les supprimer.<em>\u00a0Si des modifications de notre politique de confidentialit\u00e9 s'av\u00e8rent n\u00e9cessaires, vous trouverez toujours les informations les plus r\u00e9centes sur cette page.<\/em>.<\/p>\n<p>\u00a0<\/p>\n<p><strong>Socials<\/strong><\/p>\n<p><strong>D\u00e8s que vous utilisez les boutons Facebook, Twitter, Pinterest ou Instagram, des informations sont partag\u00e9es avec ces parties. L'utilisation de ces boutons se fait \u00e0 tout moment \u00e0 vos propres risques et est soumise aux conditions de confidentialit\u00e9 de la partie concern\u00e9e.<\/strong><\/p>\n\n\n<p><\/p>","protected":false},"excerpt":{"rendered":"<p>FunFetti\u00a0respecteert de privacy van alle gebruikers van haar site en draagt er zorg voor dat de persoonlijke informatie die u ons verschaft vertrouwelijk wordt behandeld. Wij gebruiken uw gegevens om de bestellingen zo snel en gemakkelijk mogelijk te laten verlopen. FunFetti zal uw persoonlijke gegevens niet aan derden verkopen en zal deze uitsluitend aan derden&hellip;&nbsp;<a href=\"https:\/\/www.funfetti.shop\/fr\/privacy-policy\/\" rel=\"bookmark\">Read More &raquo;<span class=\"screen-reader-text\">Politique de confidentialit\u00e9<\/span><\/a><\/p>","protected":false},"author":1,"featured_media":0,"parent":0,"menu_order":8,"comment_status":"closed","ping_status":"closed","template":"","meta":{"neve_meta_sidebar":"","neve_meta_container":"","neve_meta_enable_content_width":"","neve_meta_content_width":0,"neve_meta_title_alignment":"","neve_meta_author_avatar":"","neve_post_elements_order":"","neve_meta_disable_header":"","neve_meta_disable_footer":"","neve_meta_disable_title":"","neve_meta_reading_time":"","footnotes":""},"class_list":["post-3","page","type-page","status-publish","hentry"],"yoast_head":"<!-- This site is optimized with the Yoast SEO plugin v27.4 - https:\/\/yoast.com\/product\/yoast-seo-wordpress\/ -->\n<title>Privacy Policy - FunFetti<\/title>\n<meta name=\"robots\" content=\"index, follow, max-snippet:-1, max-image-preview:large, max-video-preview:-1\" \/>\n<link rel=\"canonical\" href=\"https:\/\/www.funfetti.shop\/fr\/politique-de-confidentialite\/\" \/>\n<meta property=\"og:locale\" content=\"fr_FR\" \/>\n<meta property=\"og:type\" content=\"article\" \/>\n<meta property=\"og:title\" content=\"Privacy Policy - FunFetti\" \/>\n<meta property=\"og:description\" content=\"FunFetti\u00a0respecteert de privacy van alle gebruikers van haar site en draagt er zorg voor dat de persoonlijke informatie die u ons verschaft vertrouwelijk wordt behandeld. Wij gebruiken uw gegevens om de bestellingen zo snel en gemakkelijk mogelijk te laten verlopen. FunFetti zal uw persoonlijke gegevens niet aan derden verkopen en zal deze uitsluitend aan derden&hellip;&nbsp;Read More &raquo;Privacy Policy\" \/>\n<meta property=\"og:url\" content=\"https:\/\/www.funfetti.shop\/fr\/politique-de-confidentialite\/\" \/>\n<meta property=\"og:site_name\" content=\"FunFetti\" \/>\n<meta property=\"article:publisher\" content=\"https:\/\/www.facebook.com\/funfetti.shop\" \/>\n<meta property=\"article:modified_time\" content=\"2025-01-21T11:05:58+00:00\" \/>\n<meta name=\"twitter:card\" content=\"summary_large_image\" \/>\n<meta name=\"twitter:label1\" content=\"Dur\u00e9e de lecture estim\u00e9e\" \/>\n\t<meta name=\"twitter:data1\" content=\"3 minutes\" \/>\n<script type=\"application\/ld+json\" class=\"yoast-schema-graph\">{\"@context\":\"https:\\\/\\\/schema.org\",\"@graph\":[{\"@type\":\"WebPage\",\"@id\":\"https:\\\/\\\/www.funfetti.shop\\\/privacy-policy\\\/\",\"url\":\"https:\\\/\\\/www.funfetti.shop\\\/privacy-policy\\\/\",\"name\":\"Privacy Policy - FunFetti\",\"isPartOf\":{\"@id\":\"https:\\\/\\\/www.funfetti.shop\\\/#website\"},\"datePublished\":\"2020-02-18T11:05:17+00:00\",\"dateModified\":\"2025-01-21T11:05:58+00:00\",\"breadcrumb\":{\"@id\":\"https:\\\/\\\/www.funfetti.shop\\\/privacy-policy\\\/#breadcrumb\"},\"inLanguage\":\"fr-FR\",\"potentialAction\":[{\"@type\":\"ReadAction\",\"target\":[\"https:\\\/\\\/www.funfetti.shop\\\/privacy-policy\\\/\"]}]},{\"@type\":\"BreadcrumbList\",\"@id\":\"https:\\\/\\\/www.funfetti.shop\\\/privacy-policy\\\/#breadcrumb\",\"itemListElement\":[{\"@type\":\"ListItem\",\"position\":1,\"name\":\"Home\",\"item\":\"https:\\\/\\\/www.funfetti.shop\\\/\"},{\"@type\":\"ListItem\",\"position\":2,\"name\":\"Privacy Policy\"}]},{\"@type\":\"WebSite\",\"@id\":\"https:\\\/\\\/www.funfetti.shop\\\/#website\",\"url\":\"https:\\\/\\\/www.funfetti.shop\\\/\",\"name\":\"FunFetti\",\"description\":\"a curated mix of gifts, home d\u00e9cor and design\",\"publisher\":{\"@id\":\"https:\\\/\\\/www.funfetti.shop\\\/#organization\"},\"potentialAction\":[{\"@type\":\"SearchAction\",\"target\":{\"@type\":\"EntryPoint\",\"urlTemplate\":\"https:\\\/\\\/www.funfetti.shop\\\/?s={search_term_string}\"},\"query-input\":{\"@type\":\"PropertyValueSpecification\",\"valueRequired\":true,\"valueName\":\"search_term_string\"}}],\"inLanguage\":\"fr-FR\"},{\"@type\":\"Organization\",\"@id\":\"https:\\\/\\\/www.funfetti.shop\\\/#organization\",\"name\":\"FunFetti\",\"url\":\"https:\\\/\\\/www.funfetti.shop\\\/\",\"logo\":{\"@type\":\"ImageObject\",\"inLanguage\":\"fr-FR\",\"@id\":\"https:\\\/\\\/www.funfetti.shop\\\/#\\\/schema\\\/logo\\\/image\\\/\",\"url\":\"https:\\\/\\\/i0.wp.com\\\/www.funfetti.shop\\\/wp-content\\\/uploads\\\/2021\\\/11\\\/cropped-LOGO-WP-2021.png?fit=2000%2C171&ssl=1\",\"contentUrl\":\"https:\\\/\\\/i0.wp.com\\\/www.funfetti.shop\\\/wp-content\\\/uploads\\\/2021\\\/11\\\/cropped-LOGO-WP-2021.png?fit=2000%2C171&ssl=1\",\"width\":2000,\"height\":171,\"caption\":\"FunFetti\"},\"image\":{\"@id\":\"https:\\\/\\\/www.funfetti.shop\\\/#\\\/schema\\\/logo\\\/image\\\/\"},\"sameAs\":[\"https:\\\/\\\/www.facebook.com\\\/funfetti.shop\",\"https:\\\/\\\/www.instagram.com\\\/funfetti.shop\\\/\",\"https:\\\/\\\/nl.pinterest.com\\\/funfettiforever\\\/\"]}]}<\/script>\n<!-- \/ Yoast SEO plugin. -->","yoast_head_json":{"title":"Politique de confidentialit\u00e9 - FunFetti","robots":{"index":"index","follow":"follow","max-snippet":"max-snippet:-1","max-image-preview":"max-image-preview:large","max-video-preview":"max-video-preview:-1"},"canonical":"https:\/\/www.funfetti.shop\/fr\/politique-de-confidentialite\/","og_locale":"fr_FR","og_type":"article","og_title":"Privacy Policy - FunFetti","og_description":"FunFetti\u00a0respecteert de privacy van alle gebruikers van haar site en draagt er zorg voor dat de persoonlijke informatie die u ons verschaft vertrouwelijk wordt behandeld. Wij gebruiken uw gegevens om de bestellingen zo snel en gemakkelijk mogelijk te laten verlopen. FunFetti zal uw persoonlijke gegevens niet aan derden verkopen en zal deze uitsluitend aan derden&hellip;&nbsp;Read More &raquo;Privacy Policy","og_url":"https:\/\/www.funfetti.shop\/fr\/politique-de-confidentialite\/","og_site_name":"FunFetti","article_publisher":"https:\/\/www.facebook.com\/funfetti.shop","article_modified_time":"2025-01-21T11:05:58+00:00","twitter_card":"summary_large_image","twitter_misc":{"Dur\u00e9e de lecture estim\u00e9e":"3 minutes"},"schema":{"@context":"https:\/\/schema.org","@graph":[{"@type":"WebPage","@id":"https:\/\/www.funfetti.shop\/privacy-policy\/","url":"https:\/\/www.funfetti.shop\/privacy-policy\/","name":"Politique de confidentialit\u00e9 - FunFetti","isPartOf":{"@id":"https:\/\/www.funfetti.shop\/#website"},"datePublished":"2020-02-18T11:05:17+00:00","dateModified":"2025-01-21T11:05:58+00:00","breadcrumb":{"@id":"https:\/\/www.funfetti.shop\/privacy-policy\/#breadcrumb"},"inLanguage":"fr-FR","potentialAction":[{"@type":"ReadAction","target":["https:\/\/www.funfetti.shop\/privacy-policy\/"]}]},{"@type":"BreadcrumbList","@id":"https:\/\/www.funfetti.shop\/privacy-policy\/#breadcrumb","itemListElement":[{"@type":"ListItem","position":1,"name":"Home","item":"https:\/\/www.funfetti.shop\/"},{"@type":"ListItem","position":2,"name":"Privacy Policy"}]},{"@type":"WebSite","@id":"https:\/\/www.funfetti.shop\/#website","url":"https:\/\/www.funfetti.shop\/","name":"FunFetti","description":"un m\u00e9lange de cadeaux, de d\u00e9coration d'int\u00e9rieur et de design","publisher":{"@id":"https:\/\/www.funfetti.shop\/#organization"},"potentialAction":[{"@type":"SearchAction","target":{"@type":"EntryPoint","urlTemplate":"https:\/\/www.funfetti.shop\/?s={search_term_string}"},"query-input":{"@type":"PropertyValueSpecification","valueRequired":true,"valueName":"search_term_string"}}],"inLanguage":"fr-FR"},{"@type":"Organization","@id":"https:\/\/www.funfetti.shop\/#organization","name":"FunFetti","url":"https:\/\/www.funfetti.shop\/","logo":{"@type":"ImageObject","inLanguage":"fr-FR","@id":"https:\/\/www.funfetti.shop\/#\/schema\/logo\/image\/","url":"https:\/\/i0.wp.com\/www.funfetti.shop\/wp-content\/uploads\/2021\/11\/cropped-LOGO-WP-2021.png?fit=2000%2C171&ssl=1","contentUrl":"https:\/\/i0.wp.com\/www.funfetti.shop\/wp-content\/uploads\/2021\/11\/cropped-LOGO-WP-2021.png?fit=2000%2C171&ssl=1","width":2000,"height":171,"caption":"FunFetti"},"image":{"@id":"https:\/\/www.funfetti.shop\/#\/schema\/logo\/image\/"},"sameAs":["https:\/\/www.facebook.com\/funfetti.shop","https:\/\/www.instagram.com\/funfetti.shop\/","https:\/\/nl.pinterest.com\/funfettiforever\/"]}]}},"jetpack_sharing_enabled":true,"jetpack_shortlink":"https:\/\/wp.me\/PbKYU1-3","_links":{"self":[{"href":"https:\/\/www.funfetti.shop\/fr\/wp-json\/wp\/v2\/pages\/3","targetHints":{"allow":["GET"]}}],"collection":[{"href":"https:\/\/www.funfetti.shop\/fr\/wp-json\/wp\/v2\/pages"}],"about":[{"href":"https:\/\/www.funfetti.shop\/fr\/wp-json\/wp\/v2\/types\/page"}],"author":[{"embeddable":true,"href":"https:\/\/www.funfetti.shop\/fr\/wp-json\/wp\/v2\/users\/1"}],"replies":[{"embeddable":true,"href":"https:\/\/www.funfetti.shop\/fr\/wp-json\/wp\/v2\/comments?post=3"}],"version-history":[{"count":0,"href":"https:\/\/www.funfetti.shop\/fr\/wp-json\/wp\/v2\/pages\/3\/revisions"}],"wp:attachment":[{"href":"https:\/\/www.funfetti.shop\/fr\/wp-json\/wp\/v2\/media?parent=3"}],"curies":[{"name":"wp","href":"https:\/\/api.w.org\/{rel}","templated":true}]}}