{"id":10121,"date":"2026-03-31T09:26:32","date_gmt":"2026-03-31T09:26:32","guid":{"rendered":"https:\/\/www.funfetti.shop\/?post_type=product&#038;p=10121"},"modified":"2026-04-01T17:04:58","modified_gmt":"2026-04-01T17:04:58","slug":"petit-chaperon-rouge-gris","status":"publish","type":"product","link":"https:\/\/www.funfetti.shop\/fr\/product\/kopje-kopje-roodkapje-grijs\/","title":{"rendered":"Petit Chaperon Rouge Petit Gris"},"content":{"rendered":"<h3 data-section-id=\"1wt5vgu\" data-start=\"852\" data-end=\"929\">Kopje Kopje Roodkapje Grijs \u2013 Studio RENS<\/h3>\n<p data-start=\"931\" data-end=\"979\"><strong data-start=\"931\" data-end=\"979\">Une tasse avec un conte de f\u00e9es dedans.<\/strong><\/p>\n<p data-start=\"981\" data-end=\"1269\">De Kopje Kopje Roodkapje grijs van Studio RENS is zo\u2019n object waar je automatisch nog een keer naar kijkt. Eerst zie je een bijzonder kopje. Daarna ontdek je het speelse profiel van Roodkapje. Juist dat subtiele verrassingseffect maakt dit ontwerp zo leuk. De donker grijze uitvoering geeft het geheel een rustige, bijna grafische uitstraling. Daardoor voelt het tegelijk speels en stijlvol.<\/p>\n<p data-start=\"1493\" data-end=\"1733\">Ce n'est pas juste une tasse, mais une petite histoire en porcelaine.<\/p>\n<p data-section-id=\"1dhqvak\" data-start=\"1735\" data-end=\"1752\"><em><strong>Sp\u00e9cifications :<\/strong><\/em><\/p>\n<ul data-start=\"1754\" data-end=\"2317\">\n<li data-section-id=\"zr5b5h\" data-start=\"1754\" data-end=\"1801\"><em><strong>Produit : Kopje Kopje Petit Chaperon rouge<\/strong><\/em><\/li>\n<li data-section-id=\"163rei8\" data-start=\"1833\" data-end=\"1895\"><em><strong>Mat\u00e9riau : Porcelaine<\/strong><\/em><\/li>\n<li data-section-id=\"1fi36cv\" data-start=\"1896\" data-end=\"1950\"><em><strong>Couleur : gris fonc\u00e9 mat<\/strong><\/em><\/li>\n<li data-section-id=\"1jh9mfk\" data-start=\"1951\" data-end=\"2018\"><em><strong>Dimensions : 10 x 9 x 9 cm<\/strong><\/em><\/li>\n<li data-section-id=\"efbbzx\" data-start=\"2080\" data-end=\"2197\"><em><strong>Fait \u00e0 la main, chaque pi\u00e8ce est unique et peut pr\u00e9senter de l\u00e9g\u00e8res imperfections<\/strong><\/em><\/li>\n<li data-section-id=\"139s7bk\" data-start=\"2198\" data-end=\"2260\"><em><strong>Conception : Studio RENS<\/strong><\/em><\/li>\n<li data-section-id=\"15x3gir\" data-start=\"2261\" data-end=\"2317\"><em><strong>Marque : <a href=\"https:\/\/www.funfetti.shop\/fr\/categorie-produit-2\/marques-2\/cor-unum\/\">Cor Unum<\/a><\/strong><\/em><\/li>\n<\/ul>\n<hr \/>\n<p data-start=\"2319\" data-end=\"2457\"><strong data-start=\"2319\" data-end=\"2336\">Astuce FunFetti :<\/strong> Placez cette tasse sur une \u00e9tag\u00e8re murale Boschroom, cela mettra davantage en valeur sa silhouette.<\/p>\n<hr \/>\n<p>&nbsp;<\/p>","protected":false},"excerpt":{"rendered":"<p data-start=\"608\" data-end=\"630\"><strong data-start=\"608\" data-end=\"630\">Pourquoi vous voulez \u00e7a<\/strong><\/p>\n<ul data-start=\"632\" data-end=\"850\">\n<li data-section-id=\"1b6eio2\" data-start=\"632\" data-end=\"692\">Parce qu'une tasse ordinaire devient beaucoup plus amusante avec une histoire<\/li>\n<li data-section-id=\"g24axb\" data-start=\"693\" data-end=\"744\">Parce que c'est du design n\u00e9erlandais avec de l'humour et du caract\u00e8re<\/li>\n<li data-section-id=\"1i63pyf\" data-start=\"745\" data-end=\"795\">Parce que \u00e7a rend le tout si f\u00e9erique<\/li>\n<\/ul>","protected":false},"featured_media":10140,"template":"","meta":{"neve_meta_sidebar":"","neve_meta_container":"","neve_meta_enable_content_width":"off","neve_meta_content_width":100,"neve_meta_title_alignment":"","neve_meta_author_avatar":"","neve_post_elements_order":"","neve_meta_disable_header":"","neve_meta_disable_footer":"","neve_meta_disable_title":"","neve_meta_reading_time":"","jetpack_publicize_message":"","jetpack_publicize_feature_enabled":true,"jetpack_social_post_already_shared":true,"jetpack_social_options":{"image_generator_settings":{"template":"highway","default_image_id":0,"font":"","enabled":false},"version":2}},"product_brand":[],"product_cat":[15,466,678,677,22,688,30,683,710,685,23],"product_tag":[441,293,845,103],"class_list":{"0":"post-10121","1":"product","2":"type-product","3":"status-publish","4":"has-post-thumbnail","6":"product_cat-allefun","7":"product_cat-cor-unum","8":"product_cat-dutch-design","9":"product_cat-fundesign","10":"product_cat-funliving","11":"product_cat-geselecteerde-producten","12":"product_cat-keramiek","13":"product_cat-servies","14":"product_cat-verantwoord-design","15":"product_cat-voor-haar","16":"product_cat-woondecoratie","17":"product_tag-cor-unum","18":"product_tag-kopje","19":"product_tag-roodkapje","20":"product_tag-wit","21":"product_shipping_class-pakket-met-track-en-trace","23":"first","24":"instock","25":"taxable","26":"shipping-taxable","27":"purchasable","28":"product-type-simple"},"yoast_head":"<!-- This site is optimized with the Yoast SEO plugin v27.4 - https:\/\/yoast.com\/product\/yoast-seo-wordpress\/ -->\n<title>Kopje Kopje Roodkapje grijs van Studio RENS<\/title>\n<meta name=\"description\" content=\"In Kopje Kopje Roodkapje grijs zit Roodkapje verstopt en ze tuurt schattig over de rand. Dit kopje is een sprookjesachtig tafereel.\" \/>\n<meta name=\"robots\" content=\"index, follow, max-snippet:-1, max-image-preview:large, max-video-preview:-1\" \/>\n<link rel=\"canonical\" href=\"https:\/\/www.funfetti.shop\/fr\/produit\/petit-chaperon-rouge-gris\/\" \/>\n<meta property=\"og:locale\" content=\"fr_FR\" \/>\n<meta property=\"og:type\" content=\"article\" \/>\n<meta property=\"og:title\" content=\"Kopje Kopje Roodkapje grijs van Studio RENS\" \/>\n<meta property=\"og:description\" content=\"In Kopje Kopje Roodkapje grijs zit Roodkapje verstopt en ze tuurt schattig over de rand. Dit kopje is een sprookjesachtig tafereel.\" \/>\n<meta property=\"og:url\" content=\"https:\/\/www.funfetti.shop\/fr\/produit\/petit-chaperon-rouge-gris\/\" \/>\n<meta property=\"og:site_name\" content=\"FunFetti\" \/>\n<meta property=\"article:publisher\" content=\"https:\/\/www.facebook.com\/funfetti.shop\" \/>\n<meta property=\"article:modified_time\" content=\"2026-04-01T17:04:58+00:00\" \/>\n<meta property=\"og:image\" content=\"https:\/\/www.funfetti.shop\/wp-content\/uploads\/2026\/03\/Kopje-kopje-roodkapje-grijs.jpg\" \/>\n\t<meta property=\"og:image:width\" content=\"600\" \/>\n\t<meta property=\"og:image:height\" content=\"1067\" \/>\n\t<meta property=\"og:image:type\" content=\"image\/jpeg\" \/>\n<meta name=\"twitter:card\" content=\"summary_large_image\" \/>\n<meta name=\"twitter:label1\" content=\"Dur\u00e9e de lecture estim\u00e9e\" \/>\n\t<meta name=\"twitter:data1\" content=\"1 minute\" \/>\n<script type=\"application\/ld+json\" class=\"yoast-schema-graph\">{\"@context\":\"https:\\\/\\\/schema.org\",\"@graph\":[{\"@type\":\"WebPage\",\"@id\":\"https:\\\/\\\/www.funfetti.shop\\\/product\\\/kopje-kopje-roodkapje-grijs\\\/\",\"url\":\"https:\\\/\\\/www.funfetti.shop\\\/product\\\/kopje-kopje-roodkapje-grijs\\\/\",\"name\":\"Kopje Kopje Roodkapje grijs van Studio RENS\",\"isPartOf\":{\"@id\":\"https:\\\/\\\/www.funfetti.shop\\\/#website\"},\"primaryImageOfPage\":{\"@id\":\"https:\\\/\\\/www.funfetti.shop\\\/product\\\/kopje-kopje-roodkapje-grijs\\\/#primaryimage\"},\"image\":{\"@id\":\"https:\\\/\\\/www.funfetti.shop\\\/product\\\/kopje-kopje-roodkapje-grijs\\\/#primaryimage\"},\"thumbnailUrl\":\"https:\\\/\\\/www.funfetti.shop\\\/wp-content\\\/uploads\\\/2026\\\/03\\\/Kopje-kopje-roodkapje-grijs.jpg\",\"datePublished\":\"2026-03-31T09:26:32+00:00\",\"dateModified\":\"2026-04-01T17:04:58+00:00\",\"description\":\"In Kopje Kopje Roodkapje grijs zit Roodkapje verstopt en ze tuurt schattig over de rand. Dit kopje is een sprookjesachtig tafereel.\",\"breadcrumb\":{\"@id\":\"https:\\\/\\\/www.funfetti.shop\\\/product\\\/kopje-kopje-roodkapje-grijs\\\/#breadcrumb\"},\"inLanguage\":\"fr-FR\",\"potentialAction\":[{\"@type\":\"ReadAction\",\"target\":[\"https:\\\/\\\/www.funfetti.shop\\\/product\\\/kopje-kopje-roodkapje-grijs\\\/\"]}]},{\"@type\":\"ImageObject\",\"inLanguage\":\"fr-FR\",\"@id\":\"https:\\\/\\\/www.funfetti.shop\\\/product\\\/kopje-kopje-roodkapje-grijs\\\/#primaryimage\",\"url\":\"https:\\\/\\\/www.funfetti.shop\\\/wp-content\\\/uploads\\\/2026\\\/03\\\/Kopje-kopje-roodkapje-grijs.jpg\",\"contentUrl\":\"https:\\\/\\\/www.funfetti.shop\\\/wp-content\\\/uploads\\\/2026\\\/03\\\/Kopje-kopje-roodkapje-grijs.jpg\",\"width\":600,\"height\":1067,\"caption\":\"Kopje Kopje Roodkapje - Studio RENS - Cor Unum\"},{\"@type\":\"BreadcrumbList\",\"@id\":\"https:\\\/\\\/www.funfetti.shop\\\/product\\\/kopje-kopje-roodkapje-grijs\\\/#breadcrumb\",\"itemListElement\":[{\"@type\":\"ListItem\",\"position\":1,\"name\":\"Home\",\"item\":\"https:\\\/\\\/www.funfetti.shop\\\/\"},{\"@type\":\"ListItem\",\"position\":2,\"name\":\"Winkel\",\"item\":\"https:\\\/\\\/www.funfetti.shop\\\/winkel\\\/\"},{\"@type\":\"ListItem\",\"position\":3,\"name\":\"Kopje Kopje Roodkapje Grijs\"}]},{\"@type\":\"WebSite\",\"@id\":\"https:\\\/\\\/www.funfetti.shop\\\/#website\",\"url\":\"https:\\\/\\\/www.funfetti.shop\\\/\",\"name\":\"FunFetti\",\"description\":\"a curated mix of gifts, home d\u00e9cor and design\",\"publisher\":{\"@id\":\"https:\\\/\\\/www.funfetti.shop\\\/#organization\"},\"potentialAction\":[{\"@type\":\"SearchAction\",\"target\":{\"@type\":\"EntryPoint\",\"urlTemplate\":\"https:\\\/\\\/www.funfetti.shop\\\/?s={search_term_string}\"},\"query-input\":{\"@type\":\"PropertyValueSpecification\",\"valueRequired\":true,\"valueName\":\"search_term_string\"}}],\"inLanguage\":\"fr-FR\"},{\"@type\":\"Organization\",\"@id\":\"https:\\\/\\\/www.funfetti.shop\\\/#organization\",\"name\":\"FunFetti\",\"url\":\"https:\\\/\\\/www.funfetti.shop\\\/\",\"logo\":{\"@type\":\"ImageObject\",\"inLanguage\":\"fr-FR\",\"@id\":\"https:\\\/\\\/www.funfetti.shop\\\/#\\\/schema\\\/logo\\\/image\\\/\",\"url\":\"https:\\\/\\\/i0.wp.com\\\/www.funfetti.shop\\\/wp-content\\\/uploads\\\/2021\\\/11\\\/cropped-LOGO-WP-2021.png?fit=2000%2C171&ssl=1\",\"contentUrl\":\"https:\\\/\\\/i0.wp.com\\\/www.funfetti.shop\\\/wp-content\\\/uploads\\\/2021\\\/11\\\/cropped-LOGO-WP-2021.png?fit=2000%2C171&ssl=1\",\"width\":2000,\"height\":171,\"caption\":\"FunFetti\"},\"image\":{\"@id\":\"https:\\\/\\\/www.funfetti.shop\\\/#\\\/schema\\\/logo\\\/image\\\/\"},\"sameAs\":[\"https:\\\/\\\/www.facebook.com\\\/funfetti.shop\",\"https:\\\/\\\/www.instagram.com\\\/funfetti.shop\\\/\",\"https:\\\/\\\/nl.pinterest.com\\\/funfettiforever\\\/\"]}]}<\/script>\n<!-- \/ Yoast SEO plugin. -->","yoast_head_json":{"title":"Kopje Kopje Roodkapje grijs van Studio RENS","description":"Dans le motif Kopje Kopje Roodkapje gris, le Petit Chaperon rouge est cach\u00e9 et elle jette un regard attendrissant par-dessus le bord. Cette tasse est une sc\u00e8ne de conte de f\u00e9es.","robots":{"index":"index","follow":"follow","max-snippet":"max-snippet:-1","max-image-preview":"max-image-preview:large","max-video-preview":"max-video-preview:-1"},"canonical":"https:\/\/www.funfetti.shop\/fr\/produit\/petit-chaperon-rouge-gris\/","og_locale":"fr_FR","og_type":"article","og_title":"Kopje Kopje Roodkapje grijs van Studio RENS","og_description":"In Kopje Kopje Roodkapje grijs zit Roodkapje verstopt en ze tuurt schattig over de rand. Dit kopje is een sprookjesachtig tafereel.","og_url":"https:\/\/www.funfetti.shop\/fr\/produit\/petit-chaperon-rouge-gris\/","og_site_name":"FunFetti","article_publisher":"https:\/\/www.facebook.com\/funfetti.shop","article_modified_time":"2026-04-01T17:04:58+00:00","og_image":[{"width":600,"height":1067,"url":"https:\/\/www.funfetti.shop\/wp-content\/uploads\/2026\/03\/Kopje-kopje-roodkapje-grijs.jpg","type":"image\/jpeg"}],"twitter_card":"summary_large_image","twitter_misc":{"Dur\u00e9e de lecture estim\u00e9e":"1 minute"},"schema":{"@context":"https:\/\/schema.org","@graph":[{"@type":"WebPage","@id":"https:\/\/www.funfetti.shop\/product\/kopje-kopje-roodkapje-grijs\/","url":"https:\/\/www.funfetti.shop\/product\/kopje-kopje-roodkapje-grijs\/","name":"Kopje Kopje Roodkapje grijs van Studio RENS","isPartOf":{"@id":"https:\/\/www.funfetti.shop\/#website"},"primaryImageOfPage":{"@id":"https:\/\/www.funfetti.shop\/product\/kopje-kopje-roodkapje-grijs\/#primaryimage"},"image":{"@id":"https:\/\/www.funfetti.shop\/product\/kopje-kopje-roodkapje-grijs\/#primaryimage"},"thumbnailUrl":"https:\/\/www.funfetti.shop\/wp-content\/uploads\/2026\/03\/Kopje-kopje-roodkapje-grijs.jpg","datePublished":"2026-03-31T09:26:32+00:00","dateModified":"2026-04-01T17:04:58+00:00","description":"Dans le motif Kopje Kopje Roodkapje gris, le Petit Chaperon rouge est cach\u00e9 et elle jette un regard attendrissant par-dessus le bord. Cette tasse est une sc\u00e8ne de conte de f\u00e9es.","breadcrumb":{"@id":"https:\/\/www.funfetti.shop\/product\/kopje-kopje-roodkapje-grijs\/#breadcrumb"},"inLanguage":"fr-FR","potentialAction":[{"@type":"ReadAction","target":["https:\/\/www.funfetti.shop\/product\/kopje-kopje-roodkapje-grijs\/"]}]},{"@type":"ImageObject","inLanguage":"fr-FR","@id":"https:\/\/www.funfetti.shop\/product\/kopje-kopje-roodkapje-grijs\/#primaryimage","url":"https:\/\/www.funfetti.shop\/wp-content\/uploads\/2026\/03\/Kopje-kopje-roodkapje-grijs.jpg","contentUrl":"https:\/\/www.funfetti.shop\/wp-content\/uploads\/2026\/03\/Kopje-kopje-roodkapje-grijs.jpg","width":600,"height":1067,"caption":"Kopje Kopje Roodkapje - Studio RENS - Cor Unum"},{"@type":"BreadcrumbList","@id":"https:\/\/www.funfetti.shop\/product\/kopje-kopje-roodkapje-grijs\/#breadcrumb","itemListElement":[{"@type":"ListItem","position":1,"name":"Home","item":"https:\/\/www.funfetti.shop\/"},{"@type":"ListItem","position":2,"name":"Winkel","item":"https:\/\/www.funfetti.shop\/winkel\/"},{"@type":"ListItem","position":3,"name":"Kopje Kopje Roodkapje Grijs"}]},{"@type":"WebSite","@id":"https:\/\/www.funfetti.shop\/#website","url":"https:\/\/www.funfetti.shop\/","name":"FunFetti","description":"un m\u00e9lange de cadeaux, de d\u00e9coration d'int\u00e9rieur et de design","publisher":{"@id":"https:\/\/www.funfetti.shop\/#organization"},"potentialAction":[{"@type":"SearchAction","target":{"@type":"EntryPoint","urlTemplate":"https:\/\/www.funfetti.shop\/?s={search_term_string}"},"query-input":{"@type":"PropertyValueSpecification","valueRequired":true,"valueName":"search_term_string"}}],"inLanguage":"fr-FR"},{"@type":"Organization","@id":"https:\/\/www.funfetti.shop\/#organization","name":"FunFetti","url":"https:\/\/www.funfetti.shop\/","logo":{"@type":"ImageObject","inLanguage":"fr-FR","@id":"https:\/\/www.funfetti.shop\/#\/schema\/logo\/image\/","url":"https:\/\/i0.wp.com\/www.funfetti.shop\/wp-content\/uploads\/2021\/11\/cropped-LOGO-WP-2021.png?fit=2000%2C171&ssl=1","contentUrl":"https:\/\/i0.wp.com\/www.funfetti.shop\/wp-content\/uploads\/2021\/11\/cropped-LOGO-WP-2021.png?fit=2000%2C171&ssl=1","width":2000,"height":171,"caption":"FunFetti"},"image":{"@id":"https:\/\/www.funfetti.shop\/#\/schema\/logo\/image\/"},"sameAs":["https:\/\/www.facebook.com\/funfetti.shop","https:\/\/www.instagram.com\/funfetti.shop\/","https:\/\/nl.pinterest.com\/funfettiforever\/"]}]}},"jetpack_publicize_connections":[],"jetpack_sharing_enabled":true,"_links":{"self":[{"href":"https:\/\/www.funfetti.shop\/fr\/wp-json\/wp\/v2\/product\/10121","targetHints":{"allow":["GET"]}}],"collection":[{"href":"https:\/\/www.funfetti.shop\/fr\/wp-json\/wp\/v2\/product"}],"about":[{"href":"https:\/\/www.funfetti.shop\/fr\/wp-json\/wp\/v2\/types\/product"}],"wp:featuredmedia":[{"embeddable":true,"href":"https:\/\/www.funfetti.shop\/fr\/wp-json\/wp\/v2\/media\/10140"}],"wp:attachment":[{"href":"https:\/\/www.funfetti.shop\/fr\/wp-json\/wp\/v2\/media?parent=10121"}],"wp:term":[{"taxonomy":"product_brand","embeddable":true,"href":"https:\/\/www.funfetti.shop\/fr\/wp-json\/wp\/v2\/product_brand?post=10121"},{"taxonomy":"product_cat","embeddable":true,"href":"https:\/\/www.funfetti.shop\/fr\/wp-json\/wp\/v2\/product_cat?post=10121"},{"taxonomy":"product_tag","embeddable":true,"href":"https:\/\/www.funfetti.shop\/fr\/wp-json\/wp\/v2\/product_tag?post=10121"}],"curies":[{"name":"wp","href":"https:\/\/api.w.org\/{rel}","templated":true}]}}