{"id":10146,"date":"2026-04-02T17:50:12","date_gmt":"2026-04-02T17:50:12","guid":{"rendered":"https:\/\/www.funfetti.shop\/?post_type=product&#038;p=10146"},"modified":"2026-04-02T19:18:43","modified_gmt":"2026-04-02T19:18:43","slug":"gravite-figure-grand-bleu","status":"publish","type":"product","link":"https:\/\/www.funfetti.shop\/fr\/product\/gravity-figure-large-blauw\/","title":{"rendered":"Figure de gravit\u00e9 grand bleu"},"content":{"rendered":"<h3>Figure de gravit\u00e9 grand bleu<\/h3>\n<p><strong>Comme si la gravit\u00e9 elle-m\u00eame avait particip\u00e9 \u00e0 sa conception.<\/strong><\/p>\n<p>La Gravity Figure Large de l'Atelier Fig est un grand objet mural c\u00e9ramique spectaculaire o\u00f9 la figure n'est pas le seul \u00e9l\u00e9ment central, mais aussi la forme fluide de la suspension elle-m\u00eame. Comme si l'objet s'\u00e9tait laiss\u00e9 entra\u00eener lentement par la gravit\u00e9 et fig\u00e9 \u00e0 l'instant le plus beau. Cette tension entre forme, mouvement et mati\u00e8re rend ce design si particulier. La figure semble presque fondre, s'affaisser ou s'\u00eatre pos\u00e9e doucement sur le mur. Ainsi, vous ne regardez pas seulement une silhouette, mais aussi l'effet du poids, de l'\u00e9quilibre et de la d\u00e9formation.<\/p>\n<p>Donc, pas une d\u00e9coration sage, mais une pi\u00e8ce de design avec une pr\u00e9sence.<\/p>\n<p>La Gravity Figure Large fait partie de la Gravity Collection d'Atelier Fig, o\u00f9 la gravit\u00e9 joue un r\u00f4le visible dans la forme et l'apparence. Comme on peut s'y attendre de Cor Unum, cet objet est \u00e9galement fabriqu\u00e9 \u00e0 la main. Cela rend chaque pi\u00e8ce unique et lui conf\u00e8re ce petit caract\u00e8re que la perfection m\u00e9canique n'a jamais.<\/p>\n<p><strong>Sp\u00e9cifications :<\/strong><\/p>\n<ul>\n<li><em><strong>Produit : Figurine Gravit\u00e9 Grand Mod\u00e8le<\/strong><\/em><\/li>\n<li><em><strong>Collection : Collection Gravity<\/strong><\/em><\/li>\n<li><em><strong>Couleur : Bleu\/Vert<\/strong><\/em><\/li>\n<li><em><strong>Mat\u00e9riau : Poterie<\/strong><\/em><\/li>\n<li><em><strong>Dimensions : 59 x 24 x 4,5 cm<\/strong><\/em><\/li>\n<li><em><strong>Fabriqu\u00e9 \u00e0 la main : Oui<\/strong><\/em><\/li>\n<li><em><strong>Conception : Atelier Fig<\/strong><\/em><\/li>\n<li><em><strong>Marque : <a href=\"https:\/\/www.funfetti.shop\/fr\/categorie-produit-2\/marques\/cor-unum\/\">Cor Unum<\/a><\/strong><\/em><\/li>\n<\/ul>\n<hr \/>\n<p><strong>Astuce FunFetti :<\/strong> Accrochez cet objet dans un endroit o\u00f9 il a vraiment de l'espace. Sa forme fluide est des plus belles sur un mur tranquille.<\/p>\n<hr \/>","protected":false},"excerpt":{"rendered":"<p data-start=\"421\" data-end=\"443\"><strong data-start=\"421\" data-end=\"443\">Pourquoi vous voulez \u00e7a<\/strong><\/p>\n<ul data-start=\"445\" data-end=\"747\">\n<li data-section-id=\"rt7z6\" data-start=\"445\" data-end=\"518\">Parce que ce n'est pas une d\u00e9coration murale ordinaire, mais une v\u00e9ritable pi\u00e8ce ma\u00eetresse.<\/li>\n<li data-section-id=\"1um4kf6\" data-start=\"519\" data-end=\"606\">Parce que non seulement la figure, mais aussi le mouvement lui-m\u00eame font partie du design<\/li>\n<li data-section-id=\"1l91vh5\" data-start=\"607\" data-end=\"692\">Parce que le bleu donne \u00e0 l'objet un aspect vibrant, presque organique<\/li>\n<li data-section-id=\"13ky59s\" data-start=\"693\" data-end=\"747\">Parce que votre mur m\u00e9rite parfois quelque chose de sp\u00e9cial<\/li>\n<\/ul>","protected":false},"featured_media":10147,"template":"","meta":{"neve_meta_sidebar":"","neve_meta_container":"","neve_meta_enable_content_width":"off","neve_meta_content_width":100,"neve_meta_title_alignment":"","neve_meta_author_avatar":"","neve_post_elements_order":"","neve_meta_disable_header":"","neve_meta_disable_footer":"","neve_meta_disable_title":"","neve_meta_reading_time":"","jetpack_publicize_message":"","jetpack_publicize_feature_enabled":true,"jetpack_social_post_already_shared":true,"jetpack_social_options":{"image_generator_settings":{"template":"highway","default_image_id":0,"font":"","enabled":false},"version":2}},"product_brand":[],"product_cat":[15,779,466,785,678,677,22,30,710,23],"product_tag":[772,438,441,134],"class_list":{"0":"post-10146","1":"product","2":"type-product","3":"status-publish","4":"has-post-thumbnail","6":"product_cat-allefun","7":"product_cat-art-wall","8":"product_cat-cor-unum","9":"product_cat-designers","10":"product_cat-dutch-design","11":"product_cat-fundesign","12":"product_cat-funliving","13":"product_cat-keramiek","14":"product_cat-verantwoord-design","15":"product_cat-woondecoratie","16":"product_tag-artwall","17":"product_tag-blauw","18":"product_tag-cor-unum","19":"product_tag-keramiek","20":"product_shipping_class-pakket-met-track-en-trace","22":"first","23":"instock","24":"taxable","25":"shipping-taxable","26":"purchasable","27":"product-type-simple"},"yoast_head":"<!-- This site is optimized with the Yoast SEO plugin v27.4 - https:\/\/yoast.com\/product\/yoast-seo-wordpress\/ -->\n<title>Gravity Figure Large Blauw<\/title>\n<meta name=\"description\" content=\"De Gravity Figure Large is een groot, opvallend keramisch muurobject waarin niet alleen de figuur centraal staat, maar juist ook de vloeiende vorm van het hangen zelf.\" \/>\n<meta name=\"robots\" content=\"index, follow, max-snippet:-1, max-image-preview:large, max-video-preview:-1\" \/>\n<link rel=\"canonical\" href=\"https:\/\/www.funfetti.shop\/fr\/produit\/gravite-figure-grand-bleu\/\" \/>\n<meta property=\"og:locale\" content=\"fr_FR\" \/>\n<meta property=\"og:type\" content=\"article\" \/>\n<meta property=\"og:title\" content=\"Gravity Figure Large Blauw\" \/>\n<meta property=\"og:description\" content=\"De Gravity Figure Large is een groot, opvallend keramisch muurobject waarin niet alleen de figuur centraal staat, maar juist ook de vloeiende vorm van het hangen zelf.\" \/>\n<meta property=\"og:url\" content=\"https:\/\/www.funfetti.shop\/fr\/produit\/gravite-figure-grand-bleu\/\" \/>\n<meta property=\"og:site_name\" content=\"FunFetti\" \/>\n<meta property=\"article:publisher\" content=\"https:\/\/www.facebook.com\/funfetti.shop\" \/>\n<meta property=\"article:modified_time\" content=\"2026-04-02T19:18:43+00:00\" \/>\n<meta property=\"og:image\" content=\"https:\/\/www.funfetti.shop\/wp-content\/uploads\/2026\/04\/gravity-man-xl-Atelier-Fig-2.jpg\" \/>\n\t<meta property=\"og:image:width\" content=\"600\" \/>\n\t<meta property=\"og:image:height\" content=\"1067\" \/>\n\t<meta property=\"og:image:type\" content=\"image\/jpeg\" \/>\n<meta name=\"twitter:card\" content=\"summary_large_image\" \/>\n<meta name=\"twitter:label1\" content=\"Dur\u00e9e de lecture estim\u00e9e\" \/>\n\t<meta name=\"twitter:data1\" content=\"2 minutes\" \/>\n<script type=\"application\/ld+json\" class=\"yoast-schema-graph\">{\"@context\":\"https:\\\/\\\/schema.org\",\"@graph\":[{\"@type\":\"WebPage\",\"@id\":\"https:\\\/\\\/www.funfetti.shop\\\/product\\\/gravity-figure-large-blauw\\\/\",\"url\":\"https:\\\/\\\/www.funfetti.shop\\\/product\\\/gravity-figure-large-blauw\\\/\",\"name\":\"Gravity Figure Large Blauw\",\"isPartOf\":{\"@id\":\"https:\\\/\\\/www.funfetti.shop\\\/#website\"},\"primaryImageOfPage\":{\"@id\":\"https:\\\/\\\/www.funfetti.shop\\\/product\\\/gravity-figure-large-blauw\\\/#primaryimage\"},\"image\":{\"@id\":\"https:\\\/\\\/www.funfetti.shop\\\/product\\\/gravity-figure-large-blauw\\\/#primaryimage\"},\"thumbnailUrl\":\"https:\\\/\\\/www.funfetti.shop\\\/wp-content\\\/uploads\\\/2026\\\/04\\\/gravity-man-xl-Atelier-Fig-2.jpg\",\"datePublished\":\"2026-04-02T17:50:12+00:00\",\"dateModified\":\"2026-04-02T19:18:43+00:00\",\"description\":\"De Gravity Figure Large is een groot, opvallend keramisch muurobject waarin niet alleen de figuur centraal staat, maar juist ook de vloeiende vorm van het hangen zelf.\",\"breadcrumb\":{\"@id\":\"https:\\\/\\\/www.funfetti.shop\\\/product\\\/gravity-figure-large-blauw\\\/#breadcrumb\"},\"inLanguage\":\"fr-FR\",\"potentialAction\":[{\"@type\":\"ReadAction\",\"target\":[\"https:\\\/\\\/www.funfetti.shop\\\/product\\\/gravity-figure-large-blauw\\\/\"]}]},{\"@type\":\"ImageObject\",\"inLanguage\":\"fr-FR\",\"@id\":\"https:\\\/\\\/www.funfetti.shop\\\/product\\\/gravity-figure-large-blauw\\\/#primaryimage\",\"url\":\"https:\\\/\\\/www.funfetti.shop\\\/wp-content\\\/uploads\\\/2026\\\/04\\\/gravity-man-xl-Atelier-Fig-2.jpg\",\"contentUrl\":\"https:\\\/\\\/www.funfetti.shop\\\/wp-content\\\/uploads\\\/2026\\\/04\\\/gravity-man-xl-Atelier-Fig-2.jpg\",\"width\":600,\"height\":1067,\"caption\":\"Grafity Man Xl - Atelier Fig - Cor Unum\"},{\"@type\":\"BreadcrumbList\",\"@id\":\"https:\\\/\\\/www.funfetti.shop\\\/product\\\/gravity-figure-large-blauw\\\/#breadcrumb\",\"itemListElement\":[{\"@type\":\"ListItem\",\"position\":1,\"name\":\"Home\",\"item\":\"https:\\\/\\\/www.funfetti.shop\\\/\"},{\"@type\":\"ListItem\",\"position\":2,\"name\":\"Winkel\",\"item\":\"https:\\\/\\\/www.funfetti.shop\\\/winkel\\\/\"},{\"@type\":\"ListItem\",\"position\":3,\"name\":\"Gravity Figure Large Blauw\"}]},{\"@type\":\"WebSite\",\"@id\":\"https:\\\/\\\/www.funfetti.shop\\\/#website\",\"url\":\"https:\\\/\\\/www.funfetti.shop\\\/\",\"name\":\"FunFetti\",\"description\":\"a curated mix of gifts, home d\u00e9cor and design\",\"publisher\":{\"@id\":\"https:\\\/\\\/www.funfetti.shop\\\/#organization\"},\"potentialAction\":[{\"@type\":\"SearchAction\",\"target\":{\"@type\":\"EntryPoint\",\"urlTemplate\":\"https:\\\/\\\/www.funfetti.shop\\\/?s={search_term_string}\"},\"query-input\":{\"@type\":\"PropertyValueSpecification\",\"valueRequired\":true,\"valueName\":\"search_term_string\"}}],\"inLanguage\":\"fr-FR\"},{\"@type\":\"Organization\",\"@id\":\"https:\\\/\\\/www.funfetti.shop\\\/#organization\",\"name\":\"FunFetti\",\"url\":\"https:\\\/\\\/www.funfetti.shop\\\/\",\"logo\":{\"@type\":\"ImageObject\",\"inLanguage\":\"fr-FR\",\"@id\":\"https:\\\/\\\/www.funfetti.shop\\\/#\\\/schema\\\/logo\\\/image\\\/\",\"url\":\"https:\\\/\\\/i0.wp.com\\\/www.funfetti.shop\\\/wp-content\\\/uploads\\\/2021\\\/11\\\/cropped-LOGO-WP-2021.png?fit=2000%2C171&ssl=1\",\"contentUrl\":\"https:\\\/\\\/i0.wp.com\\\/www.funfetti.shop\\\/wp-content\\\/uploads\\\/2021\\\/11\\\/cropped-LOGO-WP-2021.png?fit=2000%2C171&ssl=1\",\"width\":2000,\"height\":171,\"caption\":\"FunFetti\"},\"image\":{\"@id\":\"https:\\\/\\\/www.funfetti.shop\\\/#\\\/schema\\\/logo\\\/image\\\/\"},\"sameAs\":[\"https:\\\/\\\/www.facebook.com\\\/funfetti.shop\",\"https:\\\/\\\/www.instagram.com\\\/funfetti.shop\\\/\",\"https:\\\/\\\/nl.pinterest.com\\\/funfettiforever\\\/\"]}]}<\/script>\n<!-- \/ Yoast SEO plugin. -->","yoast_head_json":{"title":"Figure de gravit\u00e9 grand bleu","description":"De Gravity Figure Large is een groot, opvallend keramisch muurobject waarin niet alleen de figuur centraal staat, maar juist ook de vloeiende vorm van het hangen zelf.","robots":{"index":"index","follow":"follow","max-snippet":"max-snippet:-1","max-image-preview":"max-image-preview:large","max-video-preview":"max-video-preview:-1"},"canonical":"https:\/\/www.funfetti.shop\/fr\/produit\/gravite-figure-grand-bleu\/","og_locale":"fr_FR","og_type":"article","og_title":"Gravity Figure Large Blauw","og_description":"De Gravity Figure Large is een groot, opvallend keramisch muurobject waarin niet alleen de figuur centraal staat, maar juist ook de vloeiende vorm van het hangen zelf.","og_url":"https:\/\/www.funfetti.shop\/fr\/produit\/gravite-figure-grand-bleu\/","og_site_name":"FunFetti","article_publisher":"https:\/\/www.facebook.com\/funfetti.shop","article_modified_time":"2026-04-02T19:18:43+00:00","og_image":[{"width":600,"height":1067,"url":"https:\/\/www.funfetti.shop\/wp-content\/uploads\/2026\/04\/gravity-man-xl-Atelier-Fig-2.jpg","type":"image\/jpeg"}],"twitter_card":"summary_large_image","twitter_misc":{"Dur\u00e9e de lecture estim\u00e9e":"2 minutes"},"schema":{"@context":"https:\/\/schema.org","@graph":[{"@type":"WebPage","@id":"https:\/\/www.funfetti.shop\/product\/gravity-figure-large-blauw\/","url":"https:\/\/www.funfetti.shop\/product\/gravity-figure-large-blauw\/","name":"Figure de gravit\u00e9 grand bleu","isPartOf":{"@id":"https:\/\/www.funfetti.shop\/#website"},"primaryImageOfPage":{"@id":"https:\/\/www.funfetti.shop\/product\/gravity-figure-large-blauw\/#primaryimage"},"image":{"@id":"https:\/\/www.funfetti.shop\/product\/gravity-figure-large-blauw\/#primaryimage"},"thumbnailUrl":"https:\/\/www.funfetti.shop\/wp-content\/uploads\/2026\/04\/gravity-man-xl-Atelier-Fig-2.jpg","datePublished":"2026-04-02T17:50:12+00:00","dateModified":"2026-04-02T19:18:43+00:00","description":"De Gravity Figure Large is een groot, opvallend keramisch muurobject waarin niet alleen de figuur centraal staat, maar juist ook de vloeiende vorm van het hangen zelf.","breadcrumb":{"@id":"https:\/\/www.funfetti.shop\/product\/gravity-figure-large-blauw\/#breadcrumb"},"inLanguage":"fr-FR","potentialAction":[{"@type":"ReadAction","target":["https:\/\/www.funfetti.shop\/product\/gravity-figure-large-blauw\/"]}]},{"@type":"ImageObject","inLanguage":"fr-FR","@id":"https:\/\/www.funfetti.shop\/product\/gravity-figure-large-blauw\/#primaryimage","url":"https:\/\/www.funfetti.shop\/wp-content\/uploads\/2026\/04\/gravity-man-xl-Atelier-Fig-2.jpg","contentUrl":"https:\/\/www.funfetti.shop\/wp-content\/uploads\/2026\/04\/gravity-man-xl-Atelier-Fig-2.jpg","width":600,"height":1067,"caption":"Grafity Man Xl - Atelier Fig - Cor Unum"},{"@type":"BreadcrumbList","@id":"https:\/\/www.funfetti.shop\/product\/gravity-figure-large-blauw\/#breadcrumb","itemListElement":[{"@type":"ListItem","position":1,"name":"Home","item":"https:\/\/www.funfetti.shop\/"},{"@type":"ListItem","position":2,"name":"Winkel","item":"https:\/\/www.funfetti.shop\/winkel\/"},{"@type":"ListItem","position":3,"name":"Gravity Figure Large Blauw"}]},{"@type":"WebSite","@id":"https:\/\/www.funfetti.shop\/#website","url":"https:\/\/www.funfetti.shop\/","name":"FunFetti","description":"un m\u00e9lange de cadeaux, de d\u00e9coration d'int\u00e9rieur et de design","publisher":{"@id":"https:\/\/www.funfetti.shop\/#organization"},"potentialAction":[{"@type":"SearchAction","target":{"@type":"EntryPoint","urlTemplate":"https:\/\/www.funfetti.shop\/?s={search_term_string}"},"query-input":{"@type":"PropertyValueSpecification","valueRequired":true,"valueName":"search_term_string"}}],"inLanguage":"fr-FR"},{"@type":"Organization","@id":"https:\/\/www.funfetti.shop\/#organization","name":"FunFetti","url":"https:\/\/www.funfetti.shop\/","logo":{"@type":"ImageObject","inLanguage":"fr-FR","@id":"https:\/\/www.funfetti.shop\/#\/schema\/logo\/image\/","url":"https:\/\/i0.wp.com\/www.funfetti.shop\/wp-content\/uploads\/2021\/11\/cropped-LOGO-WP-2021.png?fit=2000%2C171&ssl=1","contentUrl":"https:\/\/i0.wp.com\/www.funfetti.shop\/wp-content\/uploads\/2021\/11\/cropped-LOGO-WP-2021.png?fit=2000%2C171&ssl=1","width":2000,"height":171,"caption":"FunFetti"},"image":{"@id":"https:\/\/www.funfetti.shop\/#\/schema\/logo\/image\/"},"sameAs":["https:\/\/www.facebook.com\/funfetti.shop","https:\/\/www.instagram.com\/funfetti.shop\/","https:\/\/nl.pinterest.com\/funfettiforever\/"]}]}},"jetpack_publicize_connections":[],"jetpack_sharing_enabled":true,"_links":{"self":[{"href":"https:\/\/www.funfetti.shop\/fr\/wp-json\/wp\/v2\/product\/10146","targetHints":{"allow":["GET"]}}],"collection":[{"href":"https:\/\/www.funfetti.shop\/fr\/wp-json\/wp\/v2\/product"}],"about":[{"href":"https:\/\/www.funfetti.shop\/fr\/wp-json\/wp\/v2\/types\/product"}],"wp:featuredmedia":[{"embeddable":true,"href":"https:\/\/www.funfetti.shop\/fr\/wp-json\/wp\/v2\/media\/10147"}],"wp:attachment":[{"href":"https:\/\/www.funfetti.shop\/fr\/wp-json\/wp\/v2\/media?parent=10146"}],"wp:term":[{"taxonomy":"product_brand","embeddable":true,"href":"https:\/\/www.funfetti.shop\/fr\/wp-json\/wp\/v2\/product_brand?post=10146"},{"taxonomy":"product_cat","embeddable":true,"href":"https:\/\/www.funfetti.shop\/fr\/wp-json\/wp\/v2\/product_cat?post=10146"},{"taxonomy":"product_tag","embeddable":true,"href":"https:\/\/www.funfetti.shop\/fr\/wp-json\/wp\/v2\/product_tag?post=10146"}],"curies":[{"name":"wp","href":"https:\/\/api.w.org\/{rel}","templated":true}]}}