{"id":10259,"date":"2026-05-05T13:59:06","date_gmt":"2026-05-05T13:59:06","guid":{"rendered":"https:\/\/www.funfetti.shop\/?post_type=product&#038;p=10259"},"modified":"2026-05-08T09:34:33","modified_gmt":"2026-05-08T09:34:33","slug":"bubble-stolp-wit","status":"publish","type":"product","link":"https:\/\/www.funfetti.shop\/fr\/product\/bubble-stolp-wit\/","title":{"rendered":"Bulle Stolp Blanc"},"content":{"rendered":"<h3>Bubble Stolp Wit &#8211; Jorine Oosterhoff x FunFetti<\/h3>\n<p><strong>Rustig, luchtig en toch allesbehalve saai.<\/strong><\/p>\n<p>De Bubble Stolp Wit van Jorine Oosterhoff heeft iets bijzonders zonder daar hard voor te hoeven werken. De vorm is helder en rustig, maar door de bubbels aan de voet krijgt hij precies dat speelse detail waardoor je nog een keer kijkt. En dan nog een keer. De witte uitvoering maakt het geheel extra licht en fris. Daardoor voelt deze stolp rustig aan, maar nooit saai. Hij staat mooi op een plank, kast of dressoir en geeft meteen iets zachts aan de ruimte. Met iets kleins eronder wordt het een mini podium, maar ook zonder inhoud is dit al een object dat gezien mag worden.<\/p>\n<p>Strak en dromerig tegelijk. Precies daardoor past deze tijdloze stolp in heel veel interieurs, maar blijft hij toch bijzonder.<\/p>\n<p>De stolp komt voort uit de Bubble Collection van Jorine Oosterhoff, waarin de tijdelijke schoonheid van zeepbubbels wordt vertaald naar keramiek. Jorine beschrijft die collectie zelf als het vangen van een vluchtig moment in een tijdloos materiaal. Die dromerige, luchtige sfeer voel je hier nog steeds helemaal in terug.<\/p>\n<p><strong>Sp\u00e9cifications :<\/strong><\/p>\n<ul data-start=\"2669\" data-end=\"3252\">\n<li data-section-id=\"jgdmgw\" data-start=\"2669\" data-end=\"2704\"><strong><em>Product: Bubble Stolp<\/em><\/strong><\/li>\n<li data-section-id=\"10se7r9\" data-start=\"2705\" data-end=\"2776\"><strong><em>Mat\u00e9riaux : C\u00e9ramique \/ Poterie<\/em><\/strong><\/li>\n<li data-section-id=\"e2eb4d\" data-start=\"2777\" data-end=\"2844\"><strong><em>Kleur:\u00a0 Wit<\/em><\/strong><\/li>\n<li data-section-id=\"15cm4ra\" data-start=\"2845\" data-end=\"2914\"><strong><em>Afmetingen:\u00a0 23 x 18 x 72<\/em><\/strong><\/li>\n<li data-section-id=\"15cm4ra\" data-start=\"2845\" data-end=\"2914\"><em><strong>Hoogte Glas: 54cm<\/strong><\/em><\/li>\n<li data-section-id=\"19ak8f3\" data-start=\"2915\" data-end=\"3027\"><strong><em>Fabriqu\u00e9 \u00e0 la main: peut contenir de l\u00e9g\u00e8res imperfections<\/em><\/strong><\/li>\n<li><strong><em>Fabriqu\u00e9 \u00e0 Bois-le-Duc<\/em><\/strong><\/li>\n<li data-section-id=\"8z31y9\" data-start=\"3028\" data-end=\"3130\"><strong><em>\u00c9galement disponible en rose<\/em><\/strong><\/li>\n<li data-section-id=\"xn0huc\" data-start=\"3131\" data-end=\"3195\"><strong><em>Conception : <a href=\"https:\/\/www.funfetti.shop\/fr\/categorie-produit-2\/conception-de-fonds\/concepteurs\/jorine-oosterhoff\/\">Jorine Oosterhoff<\/a><\/em><\/strong><\/li>\n<li data-section-id=\"q9cf37\" data-start=\"3196\" data-end=\"3252\"><strong><em>Marque : <a href=\"https:\/\/www.funfetti.shop\/fr\/categorie-produit-2\/marques-2\/cor-unum\/\">Cor Unum<\/a><\/em><\/strong><\/li>\n<\/ul>\n<hr \/>\n<p><strong>Astuce FunFetti :<\/strong> Zet er iets kleins onder dat je extra wilt laten opvallen, of laat hem gewoon in z\u2019n eentje shinen. Dat kan hij prima.<\/p>\n<hr \/>","protected":false},"excerpt":{"rendered":"<p><strong>Pourquoi ce produit ?<\/strong><\/p>\n<ul>\n<li>Omdat wit deze stolp extra fris, rustig en tijdloos maakt<\/li>\n<li>Omdat de bubbels zo nog mooier uitkomen<\/li>\n<li>Omdat hij ook zonder inhoud al een bijzonder object is<\/li>\n<li>Omdat dit zo\u2019n stuk is dat je interieur meteen iets zachts geeft<\/li>\n<\/ul>","protected":false},"featured_media":10267,"template":"","meta":{"neve_meta_sidebar":"","neve_meta_container":"","neve_meta_enable_content_width":"off","neve_meta_content_width":100,"neve_meta_title_alignment":"","neve_meta_author_avatar":"","neve_post_elements_order":"","neve_meta_disable_header":"","neve_meta_disable_footer":"","neve_meta_disable_title":"","neve_meta_reading_time":"","jetpack_publicize_message":"","jetpack_publicize_feature_enabled":true,"jetpack_social_post_already_shared":true,"jetpack_social_options":{"image_generator_settings":{"template":"highway","default_image_id":0,"font":"","enabled":false},"version":2}},"product_brand":[],"product_cat":[15,466,678,677,680,22,688,606,30,31,710,685,23],"product_tag":[441,451,134,103],"class_list":{"0":"post-10259","1":"product","2":"type-product","3":"status-publish","4":"has-post-thumbnail","6":"product_cat-allefun","7":"product_cat-cor-unum","8":"product_cat-dutch-design","9":"product_cat-fundesign","10":"product_cat-fungifts","11":"product_cat-funliving","12":"product_cat-geselecteerde-producten","13":"product_cat-jorine-oosterhoff","14":"product_cat-keramiek","15":"product_cat-opbergen","16":"product_cat-verantwoord-design","17":"product_cat-voor-haar","18":"product_cat-woondecoratie","19":"product_tag-cor-unum","20":"product_tag-jorine-oosterhoff","21":"product_tag-keramiek","22":"product_tag-wit","23":"product_shipping_class-pakket-met-track-en-trace","25":"first","26":"outofstock","27":"taxable","28":"shipping-taxable","29":"purchasable","30":"product-type-simple"},"yoast_head":"<!-- This site is optimized with the Yoast SEO plugin v27.5 - https:\/\/yoast.com\/product\/yoast-seo-wordpress\/ -->\n<title>Bubble Stolp wit<\/title>\n<meta name=\"description\" content=\"Bubble Stolp Wit van Jorine Oosterhoff heeft iets bijzonders door de bubbels aan de voet, precies dat speelse detail waardoor je nog een keer kijkt.\" \/>\n<meta name=\"robots\" content=\"index, follow, max-snippet:-1, max-image-preview:large, max-video-preview:-1\" \/>\n<link rel=\"canonical\" href=\"https:\/\/www.funfetti.shop\/fr\/produit\/bubble-stolp-wit\/\" \/>\n<meta property=\"og:locale\" content=\"fr_FR\" \/>\n<meta property=\"og:type\" content=\"article\" \/>\n<meta property=\"og:title\" content=\"Bubble Stolp wit\" \/>\n<meta property=\"og:description\" content=\"Bubble Stolp Wit van Jorine Oosterhoff heeft iets bijzonders door de bubbels aan de voet, precies dat speelse detail waardoor je nog een keer kijkt.\" \/>\n<meta property=\"og:url\" content=\"https:\/\/www.funfetti.shop\/fr\/produit\/bubble-stolp-wit\/\" \/>\n<meta property=\"og:site_name\" content=\"FunFetti\" \/>\n<meta property=\"article:publisher\" content=\"https:\/\/www.facebook.com\/funfetti.shop\" \/>\n<meta property=\"article:modified_time\" content=\"2026-05-08T09:34:33+00:00\" \/>\n<meta property=\"og:image\" content=\"https:\/\/www.funfetti.shop\/wp-content\/uploads\/2026\/05\/Bubble-stolp-wit-5.jpg\" \/>\n\t<meta property=\"og:image:width\" content=\"600\" \/>\n\t<meta property=\"og:image:height\" content=\"1067\" \/>\n\t<meta property=\"og:image:type\" content=\"image\/jpeg\" \/>\n<meta name=\"twitter:card\" content=\"summary_large_image\" \/>\n<meta name=\"twitter:label1\" content=\"Dur\u00e9e de lecture estim\u00e9e\" \/>\n\t<meta name=\"twitter:data1\" content=\"2 minutes\" \/>\n<script type=\"application\/ld+json\" class=\"yoast-schema-graph\">{\"@context\":\"https:\\\/\\\/schema.org\",\"@graph\":[{\"@type\":\"WebPage\",\"@id\":\"https:\\\/\\\/www.funfetti.shop\\\/product\\\/bubble-stolp-wit\\\/\",\"url\":\"https:\\\/\\\/www.funfetti.shop\\\/product\\\/bubble-stolp-wit\\\/\",\"name\":\"Bubble Stolp wit\",\"isPartOf\":{\"@id\":\"https:\\\/\\\/www.funfetti.shop\\\/#website\"},\"primaryImageOfPage\":{\"@id\":\"https:\\\/\\\/www.funfetti.shop\\\/product\\\/bubble-stolp-wit\\\/#primaryimage\"},\"image\":{\"@id\":\"https:\\\/\\\/www.funfetti.shop\\\/product\\\/bubble-stolp-wit\\\/#primaryimage\"},\"thumbnailUrl\":\"https:\\\/\\\/www.funfetti.shop\\\/wp-content\\\/uploads\\\/2026\\\/05\\\/Bubble-stolp-wit-5.jpg\",\"datePublished\":\"2026-05-05T13:59:06+00:00\",\"dateModified\":\"2026-05-08T09:34:33+00:00\",\"description\":\"Bubble Stolp Wit van Jorine Oosterhoff heeft iets bijzonders door de bubbels aan de voet, precies dat speelse detail waardoor je nog een keer kijkt.\",\"breadcrumb\":{\"@id\":\"https:\\\/\\\/www.funfetti.shop\\\/product\\\/bubble-stolp-wit\\\/#breadcrumb\"},\"inLanguage\":\"fr-FR\",\"potentialAction\":[{\"@type\":\"ReadAction\",\"target\":[\"https:\\\/\\\/www.funfetti.shop\\\/product\\\/bubble-stolp-wit\\\/\"]}]},{\"@type\":\"ImageObject\",\"inLanguage\":\"fr-FR\",\"@id\":\"https:\\\/\\\/www.funfetti.shop\\\/product\\\/bubble-stolp-wit\\\/#primaryimage\",\"url\":\"https:\\\/\\\/www.funfetti.shop\\\/wp-content\\\/uploads\\\/2026\\\/05\\\/Bubble-stolp-wit-5.jpg\",\"contentUrl\":\"https:\\\/\\\/www.funfetti.shop\\\/wp-content\\\/uploads\\\/2026\\\/05\\\/Bubble-stolp-wit-5.jpg\",\"width\":600,\"height\":1067,\"caption\":\"Bubble Stolp - Jorine Oosterhoff - FunFetti.shop\"},{\"@type\":\"BreadcrumbList\",\"@id\":\"https:\\\/\\\/www.funfetti.shop\\\/product\\\/bubble-stolp-wit\\\/#breadcrumb\",\"itemListElement\":[{\"@type\":\"ListItem\",\"position\":1,\"name\":\"Home\",\"item\":\"https:\\\/\\\/www.funfetti.shop\\\/\"},{\"@type\":\"ListItem\",\"position\":2,\"name\":\"Winkel\",\"item\":\"https:\\\/\\\/www.funfetti.shop\\\/winkel\\\/\"},{\"@type\":\"ListItem\",\"position\":3,\"name\":\"Bubble Stolp Wit\"}]},{\"@type\":\"WebSite\",\"@id\":\"https:\\\/\\\/www.funfetti.shop\\\/#website\",\"url\":\"https:\\\/\\\/www.funfetti.shop\\\/\",\"name\":\"FunFetti\",\"description\":\"a curated mix of gifts, home d\u00e9cor and design\",\"publisher\":{\"@id\":\"https:\\\/\\\/www.funfetti.shop\\\/#organization\"},\"potentialAction\":[{\"@type\":\"SearchAction\",\"target\":{\"@type\":\"EntryPoint\",\"urlTemplate\":\"https:\\\/\\\/www.funfetti.shop\\\/?s={search_term_string}\"},\"query-input\":{\"@type\":\"PropertyValueSpecification\",\"valueRequired\":true,\"valueName\":\"search_term_string\"}}],\"inLanguage\":\"fr-FR\"},{\"@type\":\"Organization\",\"@id\":\"https:\\\/\\\/www.funfetti.shop\\\/#organization\",\"name\":\"FunFetti\",\"url\":\"https:\\\/\\\/www.funfetti.shop\\\/\",\"logo\":{\"@type\":\"ImageObject\",\"inLanguage\":\"fr-FR\",\"@id\":\"https:\\\/\\\/www.funfetti.shop\\\/#\\\/schema\\\/logo\\\/image\\\/\",\"url\":\"https:\\\/\\\/i0.wp.com\\\/www.funfetti.shop\\\/wp-content\\\/uploads\\\/2021\\\/11\\\/cropped-LOGO-WP-2021.png?fit=2000%2C171&ssl=1\",\"contentUrl\":\"https:\\\/\\\/i0.wp.com\\\/www.funfetti.shop\\\/wp-content\\\/uploads\\\/2021\\\/11\\\/cropped-LOGO-WP-2021.png?fit=2000%2C171&ssl=1\",\"width\":2000,\"height\":171,\"caption\":\"FunFetti\"},\"image\":{\"@id\":\"https:\\\/\\\/www.funfetti.shop\\\/#\\\/schema\\\/logo\\\/image\\\/\"},\"sameAs\":[\"https:\\\/\\\/www.facebook.com\\\/funfetti.shop\",\"https:\\\/\\\/www.instagram.com\\\/funfetti.shop\\\/\",\"https:\\\/\\\/nl.pinterest.com\\\/funfettiforever\\\/\"]}]}<\/script>\n<!-- \/ Yoast SEO plugin. -->","yoast_head_json":{"title":"Bubble Stolp wit","description":"Bubble Stolp Wit van Jorine Oosterhoff heeft iets bijzonders door de bubbels aan de voet, precies dat speelse detail waardoor je nog een keer kijkt.","robots":{"index":"index","follow":"follow","max-snippet":"max-snippet:-1","max-image-preview":"max-image-preview:large","max-video-preview":"max-video-preview:-1"},"canonical":"https:\/\/www.funfetti.shop\/fr\/produit\/bubble-stolp-wit\/","og_locale":"fr_FR","og_type":"article","og_title":"Bubble Stolp wit","og_description":"Bubble Stolp Wit van Jorine Oosterhoff heeft iets bijzonders door de bubbels aan de voet, precies dat speelse detail waardoor je nog een keer kijkt.","og_url":"https:\/\/www.funfetti.shop\/fr\/produit\/bubble-stolp-wit\/","og_site_name":"FunFetti","article_publisher":"https:\/\/www.facebook.com\/funfetti.shop","article_modified_time":"2026-05-08T09:34:33+00:00","og_image":[{"width":600,"height":1067,"url":"https:\/\/www.funfetti.shop\/wp-content\/uploads\/2026\/05\/Bubble-stolp-wit-5.jpg","type":"image\/jpeg"}],"twitter_card":"summary_large_image","twitter_misc":{"Dur\u00e9e de lecture estim\u00e9e":"2 minutes"},"schema":{"@context":"https:\/\/schema.org","@graph":[{"@type":"WebPage","@id":"https:\/\/www.funfetti.shop\/product\/bubble-stolp-wit\/","url":"https:\/\/www.funfetti.shop\/product\/bubble-stolp-wit\/","name":"Bubble Stolp wit","isPartOf":{"@id":"https:\/\/www.funfetti.shop\/#website"},"primaryImageOfPage":{"@id":"https:\/\/www.funfetti.shop\/product\/bubble-stolp-wit\/#primaryimage"},"image":{"@id":"https:\/\/www.funfetti.shop\/product\/bubble-stolp-wit\/#primaryimage"},"thumbnailUrl":"https:\/\/www.funfetti.shop\/wp-content\/uploads\/2026\/05\/Bubble-stolp-wit-5.jpg","datePublished":"2026-05-05T13:59:06+00:00","dateModified":"2026-05-08T09:34:33+00:00","description":"Bubble Stolp Wit van Jorine Oosterhoff heeft iets bijzonders door de bubbels aan de voet, precies dat speelse detail waardoor je nog een keer kijkt.","breadcrumb":{"@id":"https:\/\/www.funfetti.shop\/product\/bubble-stolp-wit\/#breadcrumb"},"inLanguage":"fr-FR","potentialAction":[{"@type":"ReadAction","target":["https:\/\/www.funfetti.shop\/product\/bubble-stolp-wit\/"]}]},{"@type":"ImageObject","inLanguage":"fr-FR","@id":"https:\/\/www.funfetti.shop\/product\/bubble-stolp-wit\/#primaryimage","url":"https:\/\/www.funfetti.shop\/wp-content\/uploads\/2026\/05\/Bubble-stolp-wit-5.jpg","contentUrl":"https:\/\/www.funfetti.shop\/wp-content\/uploads\/2026\/05\/Bubble-stolp-wit-5.jpg","width":600,"height":1067,"caption":"Bubble Stolp - Jorine Oosterhoff - FunFetti.shop"},{"@type":"BreadcrumbList","@id":"https:\/\/www.funfetti.shop\/product\/bubble-stolp-wit\/#breadcrumb","itemListElement":[{"@type":"ListItem","position":1,"name":"Home","item":"https:\/\/www.funfetti.shop\/"},{"@type":"ListItem","position":2,"name":"Winkel","item":"https:\/\/www.funfetti.shop\/winkel\/"},{"@type":"ListItem","position":3,"name":"Bubble Stolp Wit"}]},{"@type":"WebSite","@id":"https:\/\/www.funfetti.shop\/#website","url":"https:\/\/www.funfetti.shop\/","name":"FunFetti","description":"un m\u00e9lange de cadeaux, de d\u00e9coration d'int\u00e9rieur et de design","publisher":{"@id":"https:\/\/www.funfetti.shop\/#organization"},"potentialAction":[{"@type":"SearchAction","target":{"@type":"EntryPoint","urlTemplate":"https:\/\/www.funfetti.shop\/?s={search_term_string}"},"query-input":{"@type":"PropertyValueSpecification","valueRequired":true,"valueName":"search_term_string"}}],"inLanguage":"fr-FR"},{"@type":"Organization","@id":"https:\/\/www.funfetti.shop\/#organization","name":"FunFetti","url":"https:\/\/www.funfetti.shop\/","logo":{"@type":"ImageObject","inLanguage":"fr-FR","@id":"https:\/\/www.funfetti.shop\/#\/schema\/logo\/image\/","url":"https:\/\/i0.wp.com\/www.funfetti.shop\/wp-content\/uploads\/2021\/11\/cropped-LOGO-WP-2021.png?fit=2000%2C171&ssl=1","contentUrl":"https:\/\/i0.wp.com\/www.funfetti.shop\/wp-content\/uploads\/2021\/11\/cropped-LOGO-WP-2021.png?fit=2000%2C171&ssl=1","width":2000,"height":171,"caption":"FunFetti"},"image":{"@id":"https:\/\/www.funfetti.shop\/#\/schema\/logo\/image\/"},"sameAs":["https:\/\/www.facebook.com\/funfetti.shop","https:\/\/www.instagram.com\/funfetti.shop\/","https:\/\/nl.pinterest.com\/funfettiforever\/"]}]}},"jetpack_publicize_connections":[],"jetpack_sharing_enabled":true,"_links":{"self":[{"href":"https:\/\/www.funfetti.shop\/fr\/wp-json\/wp\/v2\/product\/10259","targetHints":{"allow":["GET"]}}],"collection":[{"href":"https:\/\/www.funfetti.shop\/fr\/wp-json\/wp\/v2\/product"}],"about":[{"href":"https:\/\/www.funfetti.shop\/fr\/wp-json\/wp\/v2\/types\/product"}],"wp:featuredmedia":[{"embeddable":true,"href":"https:\/\/www.funfetti.shop\/fr\/wp-json\/wp\/v2\/media\/10267"}],"wp:attachment":[{"href":"https:\/\/www.funfetti.shop\/fr\/wp-json\/wp\/v2\/media?parent=10259"}],"wp:term":[{"taxonomy":"product_brand","embeddable":true,"href":"https:\/\/www.funfetti.shop\/fr\/wp-json\/wp\/v2\/product_brand?post=10259"},{"taxonomy":"product_cat","embeddable":true,"href":"https:\/\/www.funfetti.shop\/fr\/wp-json\/wp\/v2\/product_cat?post=10259"},{"taxonomy":"product_tag","embeddable":true,"href":"https:\/\/www.funfetti.shop\/fr\/wp-json\/wp\/v2\/product_tag?post=10259"}],"curies":[{"name":"wp","href":"https:\/\/api.w.org\/{rel}","templated":true}]}}