{"id":1505,"date":"2020-03-23T17:21:44","date_gmt":"2020-03-23T17:21:44","guid":{"rendered":"http:\/\/www.funfetti.shop\/?post_type=product&#038;p=1505"},"modified":"2026-02-13T14:59:49","modified_gmt":"2026-02-13T14:59:49","slug":"boucles-doreilles-coeurs-rouges","status":"publish","type":"product","link":"https:\/\/www.funfetti.shop\/fr\/product\/oorbellen-rode-hartjes\/","title":{"rendered":"Boucles d'oreilles Coeurs rouges"},"content":{"rendered":"<h1 data-start=\"119\" data-end=\"161\">Boucles d'oreilles Coeurs rouges<\/h1>\n<p data-start=\"163\" data-end=\"271\">Simple. Doux. Et pourtant, c'est une d\u00e9claration. Ces boucles d'oreilles en forme de c\u0153ur rouge ajoutent instantan\u00e9ment une touche ludique \u00e0 n'importe quelle tenue.<\/p>\n<p data-start=\"273\" data-end=\"493\">Les c\u0153urs sont en acrylique rouge et ont cette couleur vive et audacieuse qui vous rendra instantan\u00e9ment heureuse. Ils sont suspendus de mani\u00e8re l\u00e9g\u00e8re et confortable \u00e0 des crochets argent\u00e9s, ce qui permet de les porter sans effort tout au long de la journ\u00e9e.<\/p>\n<p data-start=\"495\" data-end=\"622\">Parfait pour un look d\u00e9contract\u00e9 avec un jean et un chemisier, mais aussi trop mignon avec une tenue de f\u00eate. Parce qu'un peu d'amour est toujours acceptable.<\/p>\n<p data-start=\"811\" data-end=\"950\"><strong>Sp\u00e9cifications<\/strong><\/p>\n<ul>\n<li data-start=\"811\" data-end=\"950\"><em><strong>Mat\u00e9riau du pendentif : plastique acrylique<\/strong><\/em><\/li>\n<li data-start=\"811\" data-end=\"950\"><em><strong>Couleur : rouge<\/strong><\/em><\/li>\n<li data-start=\"811\" data-end=\"950\"><em><strong>Boucles d'oreilles : m\u00e9tal argent\u00e9<\/strong><\/em><\/li>\n<li data-start=\"811\" data-end=\"950\"><em><strong>Fabriqu\u00e9 aux Pays-Bas<\/strong><\/em><\/li>\n<li data-start=\"811\" data-end=\"950\"><em><strong>Marque : <a href=\"https:\/\/www.funfetti.shop\/fr\/categorie-produit-2\/marques\/funfetti\/\">FunFetti<\/a><\/strong><\/em><\/li>\n<\/ul>\n<hr \/>\n<p data-start=\"952\" data-end=\"1093\"><strong>Astuce FunFetti :<\/strong> Associez-les \u00e0 la bague ou au collier assortis pour un look tout en c\u0153ur, ou portez-les seuls pour une touche de couleur subtile.<\/p>\n<hr \/>\n<p data-start=\"952\" data-end=\"1093\">","protected":false},"excerpt":{"rendered":"<p>\u2764\ufe0f <strong>Pourquoi vous voulez celui-ci ?<\/strong><br data-start=\"684\" data-end=\"687\" \/>- Des c\u0153urs rouges \u00e9clatants<br data-start=\"710\" data-end=\"713\" \/>- L'amour sur toute la ligne !<br data-start=\"742\" data-end=\"745\" \/>- Une d\u00e9claration subtile avec un facteur de plaisir<\/p>\n<p>- L'amour, l'amour, l'amour<br data-start=\"779\" data-end=\"782\" \/>- Facile \u00e0 combiner<\/p>\n<p>&nbsp;<\/p>","protected":false},"featured_media":9824,"template":"","meta":{"neve_meta_sidebar":"","neve_meta_container":"","neve_meta_enable_content_width":"off","neve_meta_content_width":100,"neve_meta_title_alignment":"","neve_meta_author_avatar":"","neve_post_elements_order":"","neve_meta_disable_header":"","neve_meta_disable_footer":"","neve_meta_disable_title":"","neve_meta_reading_time":"","jetpack_publicize_message":"","jetpack_publicize_feature_enabled":true,"jetpack_social_post_already_shared":false,"jetpack_social_options":{"image_generator_settings":{"template":"highway","default_image_id":0,"font":"","enabled":false},"version":2}},"product_brand":[825],"product_cat":[15,468,680,40,38,685],"product_tag":[826,102,347],"class_list":{"0":"post-1505","1":"product","2":"type-product","3":"status-publish","4":"has-post-thumbnail","6":"product_brand-funfetti","7":"product_cat-allefun","8":"product_cat-funfetti","9":"product_cat-fungifts","10":"product_cat-oorbellen","11":"product_cat-sieraden","12":"product_cat-voor-haar","13":"product_tag-hartje","14":"product_tag-oorbellen","15":"product_tag-rood","16":"product_shipping_class-brievenbus-pakket-met-track-en-trace","18":"first","19":"instock","20":"taxable","21":"shipping-taxable","22":"purchasable","23":"product-type-simple"},"yoast_head":"<!-- This site is optimized with the Yoast SEO plugin v27.4 - https:\/\/yoast.com\/product\/yoast-seo-wordpress\/ -->\n<title>Oorbellen Rode Hartjes - FunFetti<\/title>\n<meta name=\"description\" content=\"Oorbellen Rode Hartjes! Love, love and love.. Super lieve hang oorbellen dat klinkt toch als liefde in je oren!\" \/>\n<meta name=\"robots\" content=\"index, follow, max-snippet:-1, max-image-preview:large, max-video-preview:-1\" \/>\n<link rel=\"canonical\" href=\"https:\/\/www.funfetti.shop\/fr\/produit\/boucles-doreilles-coeurs-rouges\/\" \/>\n<meta property=\"og:locale\" content=\"fr_FR\" \/>\n<meta property=\"og:type\" content=\"article\" \/>\n<meta property=\"og:title\" content=\"Oorbellen Rode Hartjes - FunFetti\" \/>\n<meta property=\"og:description\" content=\"Oorbellen Rode Hartjes! Love, love and love.. Super lieve hang oorbellen dat klinkt toch als liefde in je oren!\" \/>\n<meta property=\"og:url\" content=\"https:\/\/www.funfetti.shop\/fr\/produit\/boucles-doreilles-coeurs-rouges\/\" \/>\n<meta property=\"og:site_name\" content=\"FunFetti\" \/>\n<meta property=\"article:publisher\" content=\"https:\/\/www.facebook.com\/funfetti.shop\" \/>\n<meta property=\"article:modified_time\" content=\"2026-02-13T14:59:49+00:00\" \/>\n<meta property=\"og:image\" content=\"https:\/\/www.funfetti.shop\/wp-content\/uploads\/2020\/03\/hart-hang-oorbellen-rood-3.jpg\" \/>\n\t<meta property=\"og:image:width\" content=\"600\" \/>\n\t<meta property=\"og:image:height\" content=\"1067\" \/>\n\t<meta property=\"og:image:type\" content=\"image\/jpeg\" \/>\n<meta name=\"twitter:card\" content=\"summary_large_image\" \/>\n<meta name=\"twitter:label1\" content=\"Dur\u00e9e de lecture estim\u00e9e\" \/>\n\t<meta name=\"twitter:data1\" content=\"1 minute\" \/>\n<script type=\"application\/ld+json\" class=\"yoast-schema-graph\">{\"@context\":\"https:\\\/\\\/schema.org\",\"@graph\":[{\"@type\":\"WebPage\",\"@id\":\"https:\\\/\\\/www.funfetti.shop\\\/product\\\/oorbellen-rode-hartjes\\\/\",\"url\":\"https:\\\/\\\/www.funfetti.shop\\\/product\\\/oorbellen-rode-hartjes\\\/\",\"name\":\"Oorbellen Rode Hartjes - FunFetti\",\"isPartOf\":{\"@id\":\"https:\\\/\\\/www.funfetti.shop\\\/#website\"},\"primaryImageOfPage\":{\"@id\":\"https:\\\/\\\/www.funfetti.shop\\\/product\\\/oorbellen-rode-hartjes\\\/#primaryimage\"},\"image\":{\"@id\":\"https:\\\/\\\/www.funfetti.shop\\\/product\\\/oorbellen-rode-hartjes\\\/#primaryimage\"},\"thumbnailUrl\":\"https:\\\/\\\/www.funfetti.shop\\\/wp-content\\\/uploads\\\/2020\\\/03\\\/hart-hang-oorbellen-rood-3.jpg\",\"datePublished\":\"2020-03-23T17:21:44+00:00\",\"dateModified\":\"2026-02-13T14:59:49+00:00\",\"description\":\"Oorbellen Rode Hartjes! Love, love and love.. Super lieve hang oorbellen dat klinkt toch als liefde in je oren!\",\"breadcrumb\":{\"@id\":\"https:\\\/\\\/www.funfetti.shop\\\/product\\\/oorbellen-rode-hartjes\\\/#breadcrumb\"},\"inLanguage\":\"fr-FR\",\"potentialAction\":[{\"@type\":\"ReadAction\",\"target\":[\"https:\\\/\\\/www.funfetti.shop\\\/product\\\/oorbellen-rode-hartjes\\\/\"]}]},{\"@type\":\"ImageObject\",\"inLanguage\":\"fr-FR\",\"@id\":\"https:\\\/\\\/www.funfetti.shop\\\/product\\\/oorbellen-rode-hartjes\\\/#primaryimage\",\"url\":\"https:\\\/\\\/www.funfetti.shop\\\/wp-content\\\/uploads\\\/2020\\\/03\\\/hart-hang-oorbellen-rood-3.jpg\",\"contentUrl\":\"https:\\\/\\\/www.funfetti.shop\\\/wp-content\\\/uploads\\\/2020\\\/03\\\/hart-hang-oorbellen-rood-3.jpg\",\"width\":600,\"height\":1067,\"caption\":\"Oorbellen rood hartje; FunFetti.shop\"},{\"@type\":\"BreadcrumbList\",\"@id\":\"https:\\\/\\\/www.funfetti.shop\\\/product\\\/oorbellen-rode-hartjes\\\/#breadcrumb\",\"itemListElement\":[{\"@type\":\"ListItem\",\"position\":1,\"name\":\"Home\",\"item\":\"https:\\\/\\\/www.funfetti.shop\\\/\"},{\"@type\":\"ListItem\",\"position\":2,\"name\":\"Winkel\",\"item\":\"https:\\\/\\\/www.funfetti.shop\\\/winkel\\\/\"},{\"@type\":\"ListItem\",\"position\":3,\"name\":\"Oorbellen Rode Hartjes\"}]},{\"@type\":\"WebSite\",\"@id\":\"https:\\\/\\\/www.funfetti.shop\\\/#website\",\"url\":\"https:\\\/\\\/www.funfetti.shop\\\/\",\"name\":\"FunFetti\",\"description\":\"a curated mix of gifts, home d\u00e9cor and design\",\"publisher\":{\"@id\":\"https:\\\/\\\/www.funfetti.shop\\\/#organization\"},\"potentialAction\":[{\"@type\":\"SearchAction\",\"target\":{\"@type\":\"EntryPoint\",\"urlTemplate\":\"https:\\\/\\\/www.funfetti.shop\\\/?s={search_term_string}\"},\"query-input\":{\"@type\":\"PropertyValueSpecification\",\"valueRequired\":true,\"valueName\":\"search_term_string\"}}],\"inLanguage\":\"fr-FR\"},{\"@type\":\"Organization\",\"@id\":\"https:\\\/\\\/www.funfetti.shop\\\/#organization\",\"name\":\"FunFetti\",\"url\":\"https:\\\/\\\/www.funfetti.shop\\\/\",\"logo\":{\"@type\":\"ImageObject\",\"inLanguage\":\"fr-FR\",\"@id\":\"https:\\\/\\\/www.funfetti.shop\\\/#\\\/schema\\\/logo\\\/image\\\/\",\"url\":\"https:\\\/\\\/i0.wp.com\\\/www.funfetti.shop\\\/wp-content\\\/uploads\\\/2021\\\/11\\\/cropped-LOGO-WP-2021.png?fit=2000%2C171&ssl=1\",\"contentUrl\":\"https:\\\/\\\/i0.wp.com\\\/www.funfetti.shop\\\/wp-content\\\/uploads\\\/2021\\\/11\\\/cropped-LOGO-WP-2021.png?fit=2000%2C171&ssl=1\",\"width\":2000,\"height\":171,\"caption\":\"FunFetti\"},\"image\":{\"@id\":\"https:\\\/\\\/www.funfetti.shop\\\/#\\\/schema\\\/logo\\\/image\\\/\"},\"sameAs\":[\"https:\\\/\\\/www.facebook.com\\\/funfetti.shop\",\"https:\\\/\\\/www.instagram.com\\\/funfetti.shop\\\/\",\"https:\\\/\\\/nl.pinterest.com\\\/funfettiforever\\\/\"]}]}<\/script>\n<!-- \/ Yoast SEO plugin. -->","yoast_head_json":{"title":"Boucles d'oreilles Coeurs rouges - FunFetti","description":"Boucles d'oreilles C\u0153urs rouges ! L'amour, l'amour et l'amour. Des boucles d'oreilles suspendues super mignonnes qui sonnent comme de l'amour \u00e0 vos oreilles !","robots":{"index":"index","follow":"follow","max-snippet":"max-snippet:-1","max-image-preview":"max-image-preview:large","max-video-preview":"max-video-preview:-1"},"canonical":"https:\/\/www.funfetti.shop\/fr\/produit\/boucles-doreilles-coeurs-rouges\/","og_locale":"fr_FR","og_type":"article","og_title":"Oorbellen Rode Hartjes - FunFetti","og_description":"Oorbellen Rode Hartjes! Love, love and love.. Super lieve hang oorbellen dat klinkt toch als liefde in je oren!","og_url":"https:\/\/www.funfetti.shop\/fr\/produit\/boucles-doreilles-coeurs-rouges\/","og_site_name":"FunFetti","article_publisher":"https:\/\/www.facebook.com\/funfetti.shop","article_modified_time":"2026-02-13T14:59:49+00:00","og_image":[{"width":600,"height":1067,"url":"https:\/\/www.funfetti.shop\/wp-content\/uploads\/2020\/03\/hart-hang-oorbellen-rood-3.jpg","type":"image\/jpeg"}],"twitter_card":"summary_large_image","twitter_misc":{"Dur\u00e9e de lecture estim\u00e9e":"1 minute"},"schema":{"@context":"https:\/\/schema.org","@graph":[{"@type":"WebPage","@id":"https:\/\/www.funfetti.shop\/product\/oorbellen-rode-hartjes\/","url":"https:\/\/www.funfetti.shop\/product\/oorbellen-rode-hartjes\/","name":"Boucles d'oreilles Coeurs rouges - FunFetti","isPartOf":{"@id":"https:\/\/www.funfetti.shop\/#website"},"primaryImageOfPage":{"@id":"https:\/\/www.funfetti.shop\/product\/oorbellen-rode-hartjes\/#primaryimage"},"image":{"@id":"https:\/\/www.funfetti.shop\/product\/oorbellen-rode-hartjes\/#primaryimage"},"thumbnailUrl":"https:\/\/www.funfetti.shop\/wp-content\/uploads\/2020\/03\/hart-hang-oorbellen-rood-3.jpg","datePublished":"2020-03-23T17:21:44+00:00","dateModified":"2026-02-13T14:59:49+00:00","description":"Boucles d'oreilles C\u0153urs rouges ! L'amour, l'amour et l'amour. Des boucles d'oreilles suspendues super mignonnes qui sonnent comme de l'amour \u00e0 vos oreilles !","breadcrumb":{"@id":"https:\/\/www.funfetti.shop\/product\/oorbellen-rode-hartjes\/#breadcrumb"},"inLanguage":"fr-FR","potentialAction":[{"@type":"ReadAction","target":["https:\/\/www.funfetti.shop\/product\/oorbellen-rode-hartjes\/"]}]},{"@type":"ImageObject","inLanguage":"fr-FR","@id":"https:\/\/www.funfetti.shop\/product\/oorbellen-rode-hartjes\/#primaryimage","url":"https:\/\/www.funfetti.shop\/wp-content\/uploads\/2020\/03\/hart-hang-oorbellen-rood-3.jpg","contentUrl":"https:\/\/www.funfetti.shop\/wp-content\/uploads\/2020\/03\/hart-hang-oorbellen-rood-3.jpg","width":600,"height":1067,"caption":"Oorbellen rood hartje; FunFetti.shop"},{"@type":"BreadcrumbList","@id":"https:\/\/www.funfetti.shop\/product\/oorbellen-rode-hartjes\/#breadcrumb","itemListElement":[{"@type":"ListItem","position":1,"name":"Home","item":"https:\/\/www.funfetti.shop\/"},{"@type":"ListItem","position":2,"name":"Winkel","item":"https:\/\/www.funfetti.shop\/winkel\/"},{"@type":"ListItem","position":3,"name":"Oorbellen Rode Hartjes"}]},{"@type":"WebSite","@id":"https:\/\/www.funfetti.shop\/#website","url":"https:\/\/www.funfetti.shop\/","name":"FunFetti","description":"un m\u00e9lange de cadeaux, de d\u00e9coration d'int\u00e9rieur et de design","publisher":{"@id":"https:\/\/www.funfetti.shop\/#organization"},"potentialAction":[{"@type":"SearchAction","target":{"@type":"EntryPoint","urlTemplate":"https:\/\/www.funfetti.shop\/?s={search_term_string}"},"query-input":{"@type":"PropertyValueSpecification","valueRequired":true,"valueName":"search_term_string"}}],"inLanguage":"fr-FR"},{"@type":"Organization","@id":"https:\/\/www.funfetti.shop\/#organization","name":"FunFetti","url":"https:\/\/www.funfetti.shop\/","logo":{"@type":"ImageObject","inLanguage":"fr-FR","@id":"https:\/\/www.funfetti.shop\/#\/schema\/logo\/image\/","url":"https:\/\/i0.wp.com\/www.funfetti.shop\/wp-content\/uploads\/2021\/11\/cropped-LOGO-WP-2021.png?fit=2000%2C171&ssl=1","contentUrl":"https:\/\/i0.wp.com\/www.funfetti.shop\/wp-content\/uploads\/2021\/11\/cropped-LOGO-WP-2021.png?fit=2000%2C171&ssl=1","width":2000,"height":171,"caption":"FunFetti"},"image":{"@id":"https:\/\/www.funfetti.shop\/#\/schema\/logo\/image\/"},"sameAs":["https:\/\/www.facebook.com\/funfetti.shop","https:\/\/www.instagram.com\/funfetti.shop\/","https:\/\/nl.pinterest.com\/funfettiforever\/"]}]}},"jetpack_publicize_connections":[],"jetpack_sharing_enabled":true,"_links":{"self":[{"href":"https:\/\/www.funfetti.shop\/fr\/wp-json\/wp\/v2\/product\/1505","targetHints":{"allow":["GET"]}}],"collection":[{"href":"https:\/\/www.funfetti.shop\/fr\/wp-json\/wp\/v2\/product"}],"about":[{"href":"https:\/\/www.funfetti.shop\/fr\/wp-json\/wp\/v2\/types\/product"}],"wp:featuredmedia":[{"embeddable":true,"href":"https:\/\/www.funfetti.shop\/fr\/wp-json\/wp\/v2\/media\/9824"}],"wp:attachment":[{"href":"https:\/\/www.funfetti.shop\/fr\/wp-json\/wp\/v2\/media?parent=1505"}],"wp:term":[{"taxonomy":"product_brand","embeddable":true,"href":"https:\/\/www.funfetti.shop\/fr\/wp-json\/wp\/v2\/product_brand?post=1505"},{"taxonomy":"product_cat","embeddable":true,"href":"https:\/\/www.funfetti.shop\/fr\/wp-json\/wp\/v2\/product_cat?post=1505"},{"taxonomy":"product_tag","embeddable":true,"href":"https:\/\/www.funfetti.shop\/fr\/wp-json\/wp\/v2\/product_tag?post=1505"}],"curies":[{"name":"wp","href":"https:\/\/api.w.org\/{rel}","templated":true}]}}