{"id":1816,"date":"2020-04-16T18:06:19","date_gmt":"2020-04-16T18:06:19","guid":{"rendered":"https:\/\/www.funfetti.shop\/?post_type=product&#038;p=1816"},"modified":"2026-02-16T15:33:20","modified_gmt":"2026-02-16T15:33:20","slug":"lampe-lettre-cirque","status":"publish","type":"product","link":"https:\/\/www.funfetti.shop\/fr\/product\/circus-letter-lamp\/","title":{"rendered":"Lampe \u00e0 lettres Marquee"},"content":{"rendered":"<h1 data-start=\"250\" data-end=\"363\"><strong>Lampe-lettre Marquee en or noir<\/strong><\/h1>\n<p data-start=\"250\" data-end=\"363\">Faites-vous remarquer avec cette spectaculaire <strong>Lampe \u00e0 lettres Marquee<\/strong>. Dure \u00e0 l'ext\u00e9rieur, chaude et glamour \u00e0 l'int\u00e9rieur.<\/p>\n<p data-start=\"365\" data-end=\"631\">L'ext\u00e9rieur est noir et d'une finition \u00e9l\u00e9gante, tandis que l'int\u00e9rieur est dor\u00e9 pour une r\u00e9flexion de la lumi\u00e8re encore plus chaleureuse. Les ampoules fournissent une v\u00e9ritable ambiance de marquise vintage qui vous rend instantan\u00e9ment heureux. Parfait pour votre int\u00e9rieur, votre magasin, votre \u00e9v\u00e9nement ou votre chambre d'enfant.<\/p>\n<p data-start=\"633\" data-end=\"725\">Chaque lettre est sp\u00e9cialement fabriqu\u00e9e sur commande, ce qui en fait un objet unique et de caract\u00e8re.<\/p>\n<p><strong>Sp\u00e9cifications :<\/strong><\/p>\n<ul>\n<li><strong><em>Dimensions : 40 cm de haut et 12 cm de profondeur<\/em><\/strong><\/li>\n<li><strong><em>Couleur : ext\u00e9rieur noir \/ int\u00e9rieur or<\/em><\/strong><\/li>\n<li><strong><em>mat\u00e9riau : lettre en aluminium \/ bouchons en plastique<\/em><\/strong><\/li>\n<li><strong><em>peut \u00eatre utilis\u00e9 \u00e0 l'int\u00e9rieur comme \u00e0 l'ext\u00e9rieur<\/em><\/strong><\/li>\n<li><strong><em>cordon noir de 1,5 m\u00e8tre avec une <\/em><\/strong><strong><em>Prise UE<\/em><\/strong><\/li>\n<li><strong><em>\u00e9clair\u00e9s par des ampoules (voulez-vous des LED <a href=\"https:\/\/www.funfetti.shop\/fr\/produit\/ampoule-led-e14\/\">cliquez ici<\/a>)<\/em><\/strong><\/li>\n<li><strong><em>D\u00e9lai de livraison de +\/- 15 jours ouvrables apr\u00e8s r\u00e9ception du paiement.<\/em><\/strong><\/li>\n<li data-start=\"811\" data-end=\"950\"><em><strong>Fabriqu\u00e9 aux Pays-Bas<\/strong><\/em><\/li>\n<li data-start=\"811\" data-end=\"950\"><em><strong>Marque : <a href=\"https:\/\/www.funfetti.shop\/fr\/categorie-produit-2\/marques\/funfetti\/\">FunFetti<\/a><\/strong><\/em><\/li>\n<\/ul>\n<hr \/>\n<p><em><strong>ATTENTION !<\/strong> La lampe \u00e0 lettres Marquee <\/em><em>est fabriqu\u00e9 sur commande et peut <strong>pas<\/strong> \u00eatre renvoy\u00e9s.<\/em><\/p>\n<hr \/>\n<p>&nbsp;<\/p>\n<p>Pr\u00e9f\u00e9rez-vous \u00e9clairer la lettre avec des diodes \u00e9lectroluminescentes ? <a href=\"https:\/\/www.funfetti.shop\/fr\/produit\/ampoule-led-e14\/\">Cliquez ensuite ici.<\/a> Notez toutefois que les ampoules \u00e0 Led ne sont pas graduables.<\/p>","protected":false},"excerpt":{"rendered":"<p><strong>Pourquoi vous les voulez ;<\/strong><br data-start=\"748\" data-end=\"751\" \/>- V\u00e9ritable accroche-regard au look vintage<br data-start=\"834\" data-end=\"837\" \/>- \u00c9clairage chaleureux avec des ampoules \u00e9lectriques<br data-start=\"873\" data-end=\"876\" \/>- Convient \u00e0 une utilisation int\u00e9rieure et ext\u00e9rieure<br data-start=\"908\" data-end=\"911\" \/>- Fabriqu\u00e9 \u00e0 la main par commande<\/p>","protected":false},"featured_media":9833,"template":"","meta":{"neve_meta_sidebar":"","neve_meta_container":"","neve_meta_enable_content_width":"off","neve_meta_content_width":100,"neve_meta_title_alignment":"","neve_meta_author_avatar":"","neve_post_elements_order":"","neve_meta_disable_header":"","neve_meta_disable_footer":"","neve_meta_disable_title":"","neve_meta_reading_time":"","jetpack_publicize_message":"","jetpack_publicize_feature_enabled":true,"jetpack_social_post_already_shared":false,"jetpack_social_options":{"image_generator_settings":{"template":"highway","default_image_id":0,"font":"","enabled":false},"version":2}},"product_brand":[],"product_cat":[15,779,468,22,32,35,24,685,684],"product_tag":[87,85,84,833],"class_list":{"0":"post-1816","1":"product","2":"type-product","3":"status-publish","4":"has-post-thumbnail","6":"product_cat-allefun","7":"product_cat-art-wall","8":"product_cat-funfetti","9":"product_cat-funliving","10":"product_cat-letters","11":"product_cat-verlichte_letters","12":"product_cat-verlichting","13":"product_cat-voor-haar","14":"product_cat-voor-hem","15":"product_tag-goud","16":"product_tag-kermis-letters","17":"product_tag-letterlamp","18":"product_tag-marquee-letters","19":"product_shipping_class-pakket-met-track-en-trace","21":"first","22":"instock","23":"taxable","24":"shipping-taxable","25":"purchasable","26":"product-type-variable"},"yoast_head":"<!-- This site is optimized with the Yoast SEO plugin v27.6 - https:\/\/yoast.com\/product\/yoast-seo-wordpress\/ -->\n<title>Marquee Letter Lamp in goud zwart - Funfetti<\/title>\n<meta name=\"description\" content=\"Marquee Letter Lamp staat overal mooi ook op een trouwerij en als gevelreclame staan deze vintage look letters in goud met zwart heel bijzonder.\" \/>\n<meta name=\"robots\" content=\"index, follow, max-snippet:-1, max-image-preview:large, max-video-preview:-1\" \/>\n<link rel=\"canonical\" href=\"https:\/\/www.funfetti.shop\/fr\/produit\/lampe-lettre-cirque\/\" \/>\n<meta property=\"og:locale\" content=\"fr_FR\" \/>\n<meta property=\"og:type\" content=\"article\" \/>\n<meta property=\"og:title\" content=\"Marquee Letter Lamp in goud zwart - Funfetti\" \/>\n<meta property=\"og:description\" content=\"Marquee Letter Lamp staat overal mooi ook op een trouwerij en als gevelreclame staan deze vintage look letters in goud met zwart heel bijzonder.\" \/>\n<meta property=\"og:url\" content=\"https:\/\/www.funfetti.shop\/fr\/produit\/lampe-lettre-cirque\/\" \/>\n<meta property=\"og:site_name\" content=\"FunFetti\" \/>\n<meta property=\"article:publisher\" content=\"https:\/\/www.facebook.com\/funfetti.shop\" \/>\n<meta property=\"article:modified_time\" content=\"2026-02-16T15:33:20+00:00\" \/>\n<meta property=\"og:image\" content=\"https:\/\/www.funfetti.shop\/wp-content\/uploads\/2020\/04\/TRB-LETTERS-wafels.jpg\" \/>\n\t<meta property=\"og:image:width\" content=\"600\" \/>\n\t<meta property=\"og:image:height\" content=\"1067\" \/>\n\t<meta property=\"og:image:type\" content=\"image\/jpeg\" \/>\n<meta name=\"twitter:card\" content=\"summary_large_image\" \/>\n<meta name=\"twitter:label1\" content=\"Dur\u00e9e de lecture estim\u00e9e\" \/>\n\t<meta name=\"twitter:data1\" content=\"2 minutes\" \/>\n<script type=\"application\/ld+json\" class=\"yoast-schema-graph\">{\"@context\":\"https:\\\/\\\/schema.org\",\"@graph\":[{\"@type\":\"WebPage\",\"@id\":\"https:\\\/\\\/www.funfetti.shop\\\/product\\\/circus-letter-lamp\\\/\",\"url\":\"https:\\\/\\\/www.funfetti.shop\\\/product\\\/circus-letter-lamp\\\/\",\"name\":\"Marquee Letter Lamp in goud zwart - Funfetti\",\"isPartOf\":{\"@id\":\"https:\\\/\\\/www.funfetti.shop\\\/#website\"},\"primaryImageOfPage\":{\"@id\":\"https:\\\/\\\/www.funfetti.shop\\\/product\\\/circus-letter-lamp\\\/#primaryimage\"},\"image\":{\"@id\":\"https:\\\/\\\/www.funfetti.shop\\\/product\\\/circus-letter-lamp\\\/#primaryimage\"},\"thumbnailUrl\":\"https:\\\/\\\/www.funfetti.shop\\\/wp-content\\\/uploads\\\/2020\\\/04\\\/TRB-LETTERS-wafels.jpg\",\"datePublished\":\"2020-04-16T18:06:19+00:00\",\"dateModified\":\"2026-02-16T15:33:20+00:00\",\"description\":\"Marquee Letter Lamp staat overal mooi ook op een trouwerij en als gevelreclame staan deze vintage look letters in goud met zwart heel bijzonder.\",\"breadcrumb\":{\"@id\":\"https:\\\/\\\/www.funfetti.shop\\\/product\\\/circus-letter-lamp\\\/#breadcrumb\"},\"inLanguage\":\"fr-FR\",\"potentialAction\":[{\"@type\":\"ReadAction\",\"target\":[\"https:\\\/\\\/www.funfetti.shop\\\/product\\\/circus-letter-lamp\\\/\"]}]},{\"@type\":\"ImageObject\",\"inLanguage\":\"fr-FR\",\"@id\":\"https:\\\/\\\/www.funfetti.shop\\\/product\\\/circus-letter-lamp\\\/#primaryimage\",\"url\":\"https:\\\/\\\/www.funfetti.shop\\\/wp-content\\\/uploads\\\/2020\\\/04\\\/TRB-LETTERS-wafels.jpg\",\"contentUrl\":\"https:\\\/\\\/www.funfetti.shop\\\/wp-content\\\/uploads\\\/2020\\\/04\\\/TRB-LETTERS-wafels.jpg\",\"width\":600,\"height\":1067,\"caption\":\"Carrousel letter lamp; FunFetti.shop\"},{\"@type\":\"BreadcrumbList\",\"@id\":\"https:\\\/\\\/www.funfetti.shop\\\/product\\\/circus-letter-lamp\\\/#breadcrumb\",\"itemListElement\":[{\"@type\":\"ListItem\",\"position\":1,\"name\":\"Home\",\"item\":\"https:\\\/\\\/www.funfetti.shop\\\/\"},{\"@type\":\"ListItem\",\"position\":2,\"name\":\"Winkel\",\"item\":\"https:\\\/\\\/www.funfetti.shop\\\/winkel\\\/\"},{\"@type\":\"ListItem\",\"position\":3,\"name\":\"Marquee Letter Lamp\"}]},{\"@type\":\"WebSite\",\"@id\":\"https:\\\/\\\/www.funfetti.shop\\\/#website\",\"url\":\"https:\\\/\\\/www.funfetti.shop\\\/\",\"name\":\"FunFetti\",\"description\":\"a curated mix of gifts, home d\u00e9cor and design\",\"publisher\":{\"@id\":\"https:\\\/\\\/www.funfetti.shop\\\/#organization\"},\"potentialAction\":[{\"@type\":\"SearchAction\",\"target\":{\"@type\":\"EntryPoint\",\"urlTemplate\":\"https:\\\/\\\/www.funfetti.shop\\\/?s={search_term_string}\"},\"query-input\":{\"@type\":\"PropertyValueSpecification\",\"valueRequired\":true,\"valueName\":\"search_term_string\"}}],\"inLanguage\":\"fr-FR\"},{\"@type\":\"Organization\",\"@id\":\"https:\\\/\\\/www.funfetti.shop\\\/#organization\",\"name\":\"FunFetti\",\"url\":\"https:\\\/\\\/www.funfetti.shop\\\/\",\"logo\":{\"@type\":\"ImageObject\",\"inLanguage\":\"fr-FR\",\"@id\":\"https:\\\/\\\/www.funfetti.shop\\\/#\\\/schema\\\/logo\\\/image\\\/\",\"url\":\"https:\\\/\\\/i0.wp.com\\\/www.funfetti.shop\\\/wp-content\\\/uploads\\\/2021\\\/11\\\/cropped-LOGO-WP-2021.png?fit=2000%2C171&ssl=1\",\"contentUrl\":\"https:\\\/\\\/i0.wp.com\\\/www.funfetti.shop\\\/wp-content\\\/uploads\\\/2021\\\/11\\\/cropped-LOGO-WP-2021.png?fit=2000%2C171&ssl=1\",\"width\":2000,\"height\":171,\"caption\":\"FunFetti\"},\"image\":{\"@id\":\"https:\\\/\\\/www.funfetti.shop\\\/#\\\/schema\\\/logo\\\/image\\\/\"},\"sameAs\":[\"https:\\\/\\\/www.facebook.com\\\/funfetti.shop\",\"https:\\\/\\\/www.instagram.com\\\/funfetti.shop\\\/\",\"https:\\\/\\\/nl.pinterest.com\\\/funfettiforever\\\/\"]}]}<\/script>\n<!-- \/ Yoast SEO plugin. -->","yoast_head_json":{"title":"Lampe \u00e0 lettres Marquee en or noir - Funfetti","description":"La lampe \u00e0 lettres Marquee est parfaite partout, y compris lors d'un mariage et comme publicit\u00e9 sur une fa\u00e7ade. Ces lettres d'aspect vintage en or et noir sont tr\u00e8s sp\u00e9ciales.","robots":{"index":"index","follow":"follow","max-snippet":"max-snippet:-1","max-image-preview":"max-image-preview:large","max-video-preview":"max-video-preview:-1"},"canonical":"https:\/\/www.funfetti.shop\/fr\/produit\/lampe-lettre-cirque\/","og_locale":"fr_FR","og_type":"article","og_title":"Marquee Letter Lamp in goud zwart - Funfetti","og_description":"Marquee Letter Lamp staat overal mooi ook op een trouwerij en als gevelreclame staan deze vintage look letters in goud met zwart heel bijzonder.","og_url":"https:\/\/www.funfetti.shop\/fr\/produit\/lampe-lettre-cirque\/","og_site_name":"FunFetti","article_publisher":"https:\/\/www.facebook.com\/funfetti.shop","article_modified_time":"2026-02-16T15:33:20+00:00","og_image":[{"width":600,"height":1067,"url":"https:\/\/www.funfetti.shop\/wp-content\/uploads\/2020\/04\/TRB-LETTERS-wafels.jpg","type":"image\/jpeg"}],"twitter_card":"summary_large_image","twitter_misc":{"Dur\u00e9e de lecture estim\u00e9e":"2 minutes"},"schema":{"@context":"https:\/\/schema.org","@graph":[{"@type":"WebPage","@id":"https:\/\/www.funfetti.shop\/product\/circus-letter-lamp\/","url":"https:\/\/www.funfetti.shop\/product\/circus-letter-lamp\/","name":"Lampe \u00e0 lettres Marquee en or noir - Funfetti","isPartOf":{"@id":"https:\/\/www.funfetti.shop\/#website"},"primaryImageOfPage":{"@id":"https:\/\/www.funfetti.shop\/product\/circus-letter-lamp\/#primaryimage"},"image":{"@id":"https:\/\/www.funfetti.shop\/product\/circus-letter-lamp\/#primaryimage"},"thumbnailUrl":"https:\/\/www.funfetti.shop\/wp-content\/uploads\/2020\/04\/TRB-LETTERS-wafels.jpg","datePublished":"2020-04-16T18:06:19+00:00","dateModified":"2026-02-16T15:33:20+00:00","description":"La lampe \u00e0 lettres Marquee est parfaite partout, y compris lors d'un mariage et comme publicit\u00e9 sur une fa\u00e7ade. Ces lettres d'aspect vintage en or et noir sont tr\u00e8s sp\u00e9ciales.","breadcrumb":{"@id":"https:\/\/www.funfetti.shop\/product\/circus-letter-lamp\/#breadcrumb"},"inLanguage":"fr-FR","potentialAction":[{"@type":"ReadAction","target":["https:\/\/www.funfetti.shop\/product\/circus-letter-lamp\/"]}]},{"@type":"ImageObject","inLanguage":"fr-FR","@id":"https:\/\/www.funfetti.shop\/product\/circus-letter-lamp\/#primaryimage","url":"https:\/\/www.funfetti.shop\/wp-content\/uploads\/2020\/04\/TRB-LETTERS-wafels.jpg","contentUrl":"https:\/\/www.funfetti.shop\/wp-content\/uploads\/2020\/04\/TRB-LETTERS-wafels.jpg","width":600,"height":1067,"caption":"Carrousel letter lamp; FunFetti.shop"},{"@type":"BreadcrumbList","@id":"https:\/\/www.funfetti.shop\/product\/circus-letter-lamp\/#breadcrumb","itemListElement":[{"@type":"ListItem","position":1,"name":"Home","item":"https:\/\/www.funfetti.shop\/"},{"@type":"ListItem","position":2,"name":"Winkel","item":"https:\/\/www.funfetti.shop\/winkel\/"},{"@type":"ListItem","position":3,"name":"Marquee Letter Lamp"}]},{"@type":"WebSite","@id":"https:\/\/www.funfetti.shop\/#website","url":"https:\/\/www.funfetti.shop\/","name":"FunFetti","description":"un m\u00e9lange de cadeaux, de d\u00e9coration d'int\u00e9rieur et de design","publisher":{"@id":"https:\/\/www.funfetti.shop\/#organization"},"potentialAction":[{"@type":"SearchAction","target":{"@type":"EntryPoint","urlTemplate":"https:\/\/www.funfetti.shop\/?s={search_term_string}"},"query-input":{"@type":"PropertyValueSpecification","valueRequired":true,"valueName":"search_term_string"}}],"inLanguage":"fr-FR"},{"@type":"Organization","@id":"https:\/\/www.funfetti.shop\/#organization","name":"FunFetti","url":"https:\/\/www.funfetti.shop\/","logo":{"@type":"ImageObject","inLanguage":"fr-FR","@id":"https:\/\/www.funfetti.shop\/#\/schema\/logo\/image\/","url":"https:\/\/i0.wp.com\/www.funfetti.shop\/wp-content\/uploads\/2021\/11\/cropped-LOGO-WP-2021.png?fit=2000%2C171&ssl=1","contentUrl":"https:\/\/i0.wp.com\/www.funfetti.shop\/wp-content\/uploads\/2021\/11\/cropped-LOGO-WP-2021.png?fit=2000%2C171&ssl=1","width":2000,"height":171,"caption":"FunFetti"},"image":{"@id":"https:\/\/www.funfetti.shop\/#\/schema\/logo\/image\/"},"sameAs":["https:\/\/www.facebook.com\/funfetti.shop","https:\/\/www.instagram.com\/funfetti.shop\/","https:\/\/nl.pinterest.com\/funfettiforever\/"]}]}},"jetpack_publicize_connections":[],"jetpack_sharing_enabled":true,"_links":{"self":[{"href":"https:\/\/www.funfetti.shop\/fr\/wp-json\/wp\/v2\/product\/1816","targetHints":{"allow":["GET"]}}],"collection":[{"href":"https:\/\/www.funfetti.shop\/fr\/wp-json\/wp\/v2\/product"}],"about":[{"href":"https:\/\/www.funfetti.shop\/fr\/wp-json\/wp\/v2\/types\/product"}],"wp:featuredmedia":[{"embeddable":true,"href":"https:\/\/www.funfetti.shop\/fr\/wp-json\/wp\/v2\/media\/9833"}],"wp:attachment":[{"href":"https:\/\/www.funfetti.shop\/fr\/wp-json\/wp\/v2\/media?parent=1816"}],"wp:term":[{"taxonomy":"product_brand","embeddable":true,"href":"https:\/\/www.funfetti.shop\/fr\/wp-json\/wp\/v2\/product_brand?post=1816"},{"taxonomy":"product_cat","embeddable":true,"href":"https:\/\/www.funfetti.shop\/fr\/wp-json\/wp\/v2\/product_cat?post=1816"},{"taxonomy":"product_tag","embeddable":true,"href":"https:\/\/www.funfetti.shop\/fr\/wp-json\/wp\/v2\/product_tag?post=1816"}],"curies":[{"name":"wp","href":"https:\/\/api.w.org\/{rel}","templated":true}]}}