{"id":2295,"date":"2020-05-15T13:07:46","date_gmt":"2020-05-15T13:07:46","guid":{"rendered":"https:\/\/www.funfetti.shop\/?post_type=product&#038;p=2295"},"modified":"2026-02-28T16:45:25","modified_gmt":"2026-02-28T16:45:25","slug":"anneau-en-porcelaine-hexagonale-rose-mat","status":"publish","type":"product","link":"https:\/\/www.funfetti.shop\/fr\/product\/porseleinen-ring-hexagon-mat-roze\/","title":{"rendered":"Anneau en porcelaine hexagonale rose mat"},"content":{"rendered":"<p>La bague en porcelaine hexagonale rose mat est une bague magnifique et super cool. La bague est fabriqu\u00e9e \u00e0 la main en porcelaine v\u00e9ritable.<\/p>\n<p>L'ext\u00e9rieur non \u00e9maill\u00e9 donne un aspect tr\u00e8s brut et robuste \u00e0 la bague, tandis que l'int\u00e9rieur \u00e9maill\u00e9 permet de l'enfiler facilement sur le doigt.<\/p>\n<ul>\n<li><em>mat\u00e9riau : porcelaine\u00a0<\/em><\/li>\n<li><em>fait \u00e0 la main<\/em><\/li>\n<li><em>couleur : rose mat<\/em><\/li>\n<li><em>taille : 17 - 18 mm<\/em><\/li>\n<li><em>Forme : hexagonale<\/em><\/li>\n<li><em>disponible en 3 couleurs<\/em><\/li>\n<li><em>manipuler la porcelaine avec pr\u00e9caution peut se casser<\/em><\/li>\n<li><em>la marque : <a href=\"https:\/\/www.funfetti.shop\/fr\/categorie-produit-2\/marques-2\/stoke\/\">Incendie<\/a><\/em><\/li>\n<\/ul>","protected":false},"excerpt":{"rendered":"<p>La bague en porcelaine hexagonale rose mat est fabriqu\u00e9e \u00e0 la main \u00e0 partir de porcelaine v\u00e9ritable. L'ext\u00e9rieur non \u00e9maill\u00e9 donne un aspect tr\u00e8s brut et robuste \u00e0 la bague, tandis que l'int\u00e9rieur \u00e9maill\u00e9 permet de l'enfiler facilement sur le doigt.<\/p>","protected":false},"featured_media":2263,"template":"","meta":{"neve_meta_sidebar":"","neve_meta_container":"","neve_meta_enable_content_width":"","neve_meta_content_width":0,"neve_meta_title_alignment":"","neve_meta_author_avatar":"","neve_post_elements_order":"","neve_meta_disable_header":"","neve_meta_disable_footer":"","neve_meta_disable_title":"","neve_meta_reading_time":"","jetpack_publicize_message":"","jetpack_publicize_feature_enabled":true,"jetpack_social_post_already_shared":false,"jetpack_social_options":{"image_generator_settings":{"template":"highway","default_image_id":0,"font":"","enabled":false},"version":2}},"product_brand":[],"product_cat":[15,678,30,41,38,473],"product_tag":[159,265,267,260,98,105,155,244,266],"class_list":{"0":"post-2295","1":"product","2":"type-product","3":"status-publish","4":"has-post-thumbnail","6":"product_cat-allefun","7":"product_cat-dutch-design","8":"product_cat-keramiek","9":"product_cat-ringen","10":"product_cat-sieraden","11":"product_cat-stook","12":"product_tag-groen","13":"product_tag-hexagon","14":"product_tag-mat","15":"product_tag-porcelain","16":"product_tag-porselein","17":"product_tag-ring","18":"product_tag-roze","19":"product_tag-stook","20":"product_tag-zeshoek","21":"product_shipping_class-pakket-met-track-en-trace","23":"first","24":"instock","25":"taxable","26":"shipping-taxable","27":"purchasable","28":"product-type-simple"},"yoast_head":"<!-- This site is optimized with the Yoast SEO plugin v27.4 - https:\/\/yoast.com\/product\/yoast-seo-wordpress\/ -->\n<title>Porseleinen ring hexagon mat roze van het merk Stook<\/title>\n<meta name=\"description\" content=\"Porseleinen ring hexagon mat roze is handgemaakt van echt porselein. De ongeglazuurde buitenkant geeft een stoere uitstraling aan de ring.\" \/>\n<meta name=\"robots\" content=\"index, follow, max-snippet:-1, max-image-preview:large, max-video-preview:-1\" \/>\n<link rel=\"canonical\" href=\"https:\/\/www.funfetti.shop\/fr\/produit\/anneau-en-porcelaine-hexagonale-rose-mat\/\" \/>\n<meta property=\"og:locale\" content=\"fr_FR\" \/>\n<meta property=\"og:type\" content=\"article\" \/>\n<meta property=\"og:title\" content=\"Porseleinen ring hexagon mat roze van het merk Stook\" \/>\n<meta property=\"og:description\" content=\"Porseleinen ring hexagon mat roze is handgemaakt van echt porselein. De ongeglazuurde buitenkant geeft een stoere uitstraling aan de ring.\" \/>\n<meta property=\"og:url\" content=\"https:\/\/www.funfetti.shop\/fr\/produit\/anneau-en-porcelaine-hexagonale-rose-mat\/\" \/>\n<meta property=\"og:site_name\" content=\"FunFetti\" \/>\n<meta property=\"article:publisher\" content=\"https:\/\/www.facebook.com\/funfetti.shop\" \/>\n<meta property=\"article:modified_time\" content=\"2026-02-28T16:45:25+00:00\" \/>\n<meta property=\"og:image\" content=\"https:\/\/www.funfetti.shop\/wp-content\/uploads\/2020\/05\/hexagon-roze-2-kl.jpg\" \/>\n\t<meta property=\"og:image:width\" content=\"600\" \/>\n\t<meta property=\"og:image:height\" content=\"600\" \/>\n\t<meta property=\"og:image:type\" content=\"image\/jpeg\" \/>\n<meta name=\"twitter:card\" content=\"summary_large_image\" \/>\n<script type=\"application\/ld+json\" class=\"yoast-schema-graph\">{\"@context\":\"https:\\\/\\\/schema.org\",\"@graph\":[{\"@type\":\"WebPage\",\"@id\":\"https:\\\/\\\/www.funfetti.shop\\\/product\\\/porseleinen-ring-hexagon-mat-roze\\\/\",\"url\":\"https:\\\/\\\/www.funfetti.shop\\\/product\\\/porseleinen-ring-hexagon-mat-roze\\\/\",\"name\":\"Porseleinen ring hexagon mat roze van het merk Stook\",\"isPartOf\":{\"@id\":\"https:\\\/\\\/www.funfetti.shop\\\/#website\"},\"primaryImageOfPage\":{\"@id\":\"https:\\\/\\\/www.funfetti.shop\\\/product\\\/porseleinen-ring-hexagon-mat-roze\\\/#primaryimage\"},\"image\":{\"@id\":\"https:\\\/\\\/www.funfetti.shop\\\/product\\\/porseleinen-ring-hexagon-mat-roze\\\/#primaryimage\"},\"thumbnailUrl\":\"https:\\\/\\\/www.funfetti.shop\\\/wp-content\\\/uploads\\\/2020\\\/05\\\/hexagon-roze-2-kl.jpg\",\"datePublished\":\"2020-05-15T13:07:46+00:00\",\"dateModified\":\"2026-02-28T16:45:25+00:00\",\"description\":\"Porseleinen ring hexagon mat roze is handgemaakt van echt porselein. De ongeglazuurde buitenkant geeft een stoere uitstraling aan de ring.\",\"breadcrumb\":{\"@id\":\"https:\\\/\\\/www.funfetti.shop\\\/product\\\/porseleinen-ring-hexagon-mat-roze\\\/#breadcrumb\"},\"inLanguage\":\"fr-FR\",\"potentialAction\":[{\"@type\":\"ReadAction\",\"target\":[\"https:\\\/\\\/www.funfetti.shop\\\/product\\\/porseleinen-ring-hexagon-mat-roze\\\/\"]}]},{\"@type\":\"ImageObject\",\"inLanguage\":\"fr-FR\",\"@id\":\"https:\\\/\\\/www.funfetti.shop\\\/product\\\/porseleinen-ring-hexagon-mat-roze\\\/#primaryimage\",\"url\":\"https:\\\/\\\/www.funfetti.shop\\\/wp-content\\\/uploads\\\/2020\\\/05\\\/hexagon-roze-2-kl.jpg\",\"contentUrl\":\"https:\\\/\\\/www.funfetti.shop\\\/wp-content\\\/uploads\\\/2020\\\/05\\\/hexagon-roze-2-kl.jpg\",\"width\":600,\"height\":600,\"caption\":\"hexagon ring roze\"},{\"@type\":\"BreadcrumbList\",\"@id\":\"https:\\\/\\\/www.funfetti.shop\\\/product\\\/porseleinen-ring-hexagon-mat-roze\\\/#breadcrumb\",\"itemListElement\":[{\"@type\":\"ListItem\",\"position\":1,\"name\":\"Home\",\"item\":\"https:\\\/\\\/www.funfetti.shop\\\/\"},{\"@type\":\"ListItem\",\"position\":2,\"name\":\"Winkel\",\"item\":\"https:\\\/\\\/www.funfetti.shop\\\/winkel\\\/\"},{\"@type\":\"ListItem\",\"position\":3,\"name\":\"Porseleinen ring hexagon mat roze\"}]},{\"@type\":\"WebSite\",\"@id\":\"https:\\\/\\\/www.funfetti.shop\\\/#website\",\"url\":\"https:\\\/\\\/www.funfetti.shop\\\/\",\"name\":\"FunFetti\",\"description\":\"a curated mix of gifts, home d\u00e9cor and design\",\"publisher\":{\"@id\":\"https:\\\/\\\/www.funfetti.shop\\\/#organization\"},\"potentialAction\":[{\"@type\":\"SearchAction\",\"target\":{\"@type\":\"EntryPoint\",\"urlTemplate\":\"https:\\\/\\\/www.funfetti.shop\\\/?s={search_term_string}\"},\"query-input\":{\"@type\":\"PropertyValueSpecification\",\"valueRequired\":true,\"valueName\":\"search_term_string\"}}],\"inLanguage\":\"fr-FR\"},{\"@type\":\"Organization\",\"@id\":\"https:\\\/\\\/www.funfetti.shop\\\/#organization\",\"name\":\"FunFetti\",\"url\":\"https:\\\/\\\/www.funfetti.shop\\\/\",\"logo\":{\"@type\":\"ImageObject\",\"inLanguage\":\"fr-FR\",\"@id\":\"https:\\\/\\\/www.funfetti.shop\\\/#\\\/schema\\\/logo\\\/image\\\/\",\"url\":\"https:\\\/\\\/i0.wp.com\\\/www.funfetti.shop\\\/wp-content\\\/uploads\\\/2021\\\/11\\\/cropped-LOGO-WP-2021.png?fit=2000%2C171&ssl=1\",\"contentUrl\":\"https:\\\/\\\/i0.wp.com\\\/www.funfetti.shop\\\/wp-content\\\/uploads\\\/2021\\\/11\\\/cropped-LOGO-WP-2021.png?fit=2000%2C171&ssl=1\",\"width\":2000,\"height\":171,\"caption\":\"FunFetti\"},\"image\":{\"@id\":\"https:\\\/\\\/www.funfetti.shop\\\/#\\\/schema\\\/logo\\\/image\\\/\"},\"sameAs\":[\"https:\\\/\\\/www.facebook.com\\\/funfetti.shop\",\"https:\\\/\\\/www.instagram.com\\\/funfetti.shop\\\/\",\"https:\\\/\\\/nl.pinterest.com\\\/funfettiforever\\\/\"]}]}<\/script>\n<!-- \/ Yoast SEO plugin. -->","yoast_head_json":{"title":"Anneau en porcelaine hexagonale rose mat de la marque Stook","description":"La bague en porcelaine hexagonale rose mat est fabriqu\u00e9e \u00e0 la main en porcelaine v\u00e9ritable. L'ext\u00e9rieur non \u00e9maill\u00e9 donne \u00e0 l'anneau un aspect cool.","robots":{"index":"index","follow":"follow","max-snippet":"max-snippet:-1","max-image-preview":"max-image-preview:large","max-video-preview":"max-video-preview:-1"},"canonical":"https:\/\/www.funfetti.shop\/fr\/produit\/anneau-en-porcelaine-hexagonale-rose-mat\/","og_locale":"fr_FR","og_type":"article","og_title":"Porseleinen ring hexagon mat roze van het merk Stook","og_description":"Porseleinen ring hexagon mat roze is handgemaakt van echt porselein. De ongeglazuurde buitenkant geeft een stoere uitstraling aan de ring.","og_url":"https:\/\/www.funfetti.shop\/fr\/produit\/anneau-en-porcelaine-hexagonale-rose-mat\/","og_site_name":"FunFetti","article_publisher":"https:\/\/www.facebook.com\/funfetti.shop","article_modified_time":"2026-02-28T16:45:25+00:00","og_image":[{"width":600,"height":600,"url":"https:\/\/www.funfetti.shop\/wp-content\/uploads\/2020\/05\/hexagon-roze-2-kl.jpg","type":"image\/jpeg"}],"twitter_card":"summary_large_image","schema":{"@context":"https:\/\/schema.org","@graph":[{"@type":"WebPage","@id":"https:\/\/www.funfetti.shop\/product\/porseleinen-ring-hexagon-mat-roze\/","url":"https:\/\/www.funfetti.shop\/product\/porseleinen-ring-hexagon-mat-roze\/","name":"Anneau en porcelaine hexagonale rose mat de la marque Stook","isPartOf":{"@id":"https:\/\/www.funfetti.shop\/#website"},"primaryImageOfPage":{"@id":"https:\/\/www.funfetti.shop\/product\/porseleinen-ring-hexagon-mat-roze\/#primaryimage"},"image":{"@id":"https:\/\/www.funfetti.shop\/product\/porseleinen-ring-hexagon-mat-roze\/#primaryimage"},"thumbnailUrl":"https:\/\/www.funfetti.shop\/wp-content\/uploads\/2020\/05\/hexagon-roze-2-kl.jpg","datePublished":"2020-05-15T13:07:46+00:00","dateModified":"2026-02-28T16:45:25+00:00","description":"La bague en porcelaine hexagonale rose mat est fabriqu\u00e9e \u00e0 la main en porcelaine v\u00e9ritable. L'ext\u00e9rieur non \u00e9maill\u00e9 donne \u00e0 l'anneau un aspect cool.","breadcrumb":{"@id":"https:\/\/www.funfetti.shop\/product\/porseleinen-ring-hexagon-mat-roze\/#breadcrumb"},"inLanguage":"fr-FR","potentialAction":[{"@type":"ReadAction","target":["https:\/\/www.funfetti.shop\/product\/porseleinen-ring-hexagon-mat-roze\/"]}]},{"@type":"ImageObject","inLanguage":"fr-FR","@id":"https:\/\/www.funfetti.shop\/product\/porseleinen-ring-hexagon-mat-roze\/#primaryimage","url":"https:\/\/www.funfetti.shop\/wp-content\/uploads\/2020\/05\/hexagon-roze-2-kl.jpg","contentUrl":"https:\/\/www.funfetti.shop\/wp-content\/uploads\/2020\/05\/hexagon-roze-2-kl.jpg","width":600,"height":600,"caption":"hexagon ring roze"},{"@type":"BreadcrumbList","@id":"https:\/\/www.funfetti.shop\/product\/porseleinen-ring-hexagon-mat-roze\/#breadcrumb","itemListElement":[{"@type":"ListItem","position":1,"name":"Home","item":"https:\/\/www.funfetti.shop\/"},{"@type":"ListItem","position":2,"name":"Winkel","item":"https:\/\/www.funfetti.shop\/winkel\/"},{"@type":"ListItem","position":3,"name":"Porseleinen ring hexagon mat roze"}]},{"@type":"WebSite","@id":"https:\/\/www.funfetti.shop\/#website","url":"https:\/\/www.funfetti.shop\/","name":"FunFetti","description":"un m\u00e9lange de cadeaux, de d\u00e9coration d'int\u00e9rieur et de design","publisher":{"@id":"https:\/\/www.funfetti.shop\/#organization"},"potentialAction":[{"@type":"SearchAction","target":{"@type":"EntryPoint","urlTemplate":"https:\/\/www.funfetti.shop\/?s={search_term_string}"},"query-input":{"@type":"PropertyValueSpecification","valueRequired":true,"valueName":"search_term_string"}}],"inLanguage":"fr-FR"},{"@type":"Organization","@id":"https:\/\/www.funfetti.shop\/#organization","name":"FunFetti","url":"https:\/\/www.funfetti.shop\/","logo":{"@type":"ImageObject","inLanguage":"fr-FR","@id":"https:\/\/www.funfetti.shop\/#\/schema\/logo\/image\/","url":"https:\/\/i0.wp.com\/www.funfetti.shop\/wp-content\/uploads\/2021\/11\/cropped-LOGO-WP-2021.png?fit=2000%2C171&ssl=1","contentUrl":"https:\/\/i0.wp.com\/www.funfetti.shop\/wp-content\/uploads\/2021\/11\/cropped-LOGO-WP-2021.png?fit=2000%2C171&ssl=1","width":2000,"height":171,"caption":"FunFetti"},"image":{"@id":"https:\/\/www.funfetti.shop\/#\/schema\/logo\/image\/"},"sameAs":["https:\/\/www.facebook.com\/funfetti.shop","https:\/\/www.instagram.com\/funfetti.shop\/","https:\/\/nl.pinterest.com\/funfettiforever\/"]}]}},"jetpack_publicize_connections":[],"jetpack_sharing_enabled":true,"_links":{"self":[{"href":"https:\/\/www.funfetti.shop\/fr\/wp-json\/wp\/v2\/product\/2295","targetHints":{"allow":["GET"]}}],"collection":[{"href":"https:\/\/www.funfetti.shop\/fr\/wp-json\/wp\/v2\/product"}],"about":[{"href":"https:\/\/www.funfetti.shop\/fr\/wp-json\/wp\/v2\/types\/product"}],"wp:featuredmedia":[{"embeddable":true,"href":"https:\/\/www.funfetti.shop\/fr\/wp-json\/wp\/v2\/media\/2263"}],"wp:attachment":[{"href":"https:\/\/www.funfetti.shop\/fr\/wp-json\/wp\/v2\/media?parent=2295"}],"wp:term":[{"taxonomy":"product_brand","embeddable":true,"href":"https:\/\/www.funfetti.shop\/fr\/wp-json\/wp\/v2\/product_brand?post=2295"},{"taxonomy":"product_cat","embeddable":true,"href":"https:\/\/www.funfetti.shop\/fr\/wp-json\/wp\/v2\/product_cat?post=2295"},{"taxonomy":"product_tag","embeddable":true,"href":"https:\/\/www.funfetti.shop\/fr\/wp-json\/wp\/v2\/product_tag?post=2295"}],"curies":[{"name":"wp","href":"https:\/\/api.w.org\/{rel}","templated":true}]}}