{"id":2747,"date":"2020-06-02T10:35:53","date_gmt":"2020-06-02T10:35:53","guid":{"rendered":"https:\/\/www.funfetti.shop\/?post_type=product&#038;p=2747"},"modified":"2025-11-28T19:24:32","modified_gmt":"2025-11-28T19:24:32","slug":"lampe-a-lettres-arial-50cm","status":"publish","type":"product","link":"https:\/\/www.funfetti.shop\/fr\/product\/letter-lamp-arial-50cm\/","title":{"rendered":"Lampe \u00e0 lettres Arial 50cm"},"content":{"rendered":"<p>Les lampes-lettres Arial 50cm sont des lampes-lettres tr\u00e8s cool et accrocheuses pour l'int\u00e9rieur et l'ext\u00e9rieur.<\/p>\n<p>Cette lampe particuli\u00e8re est un tr\u00e8s bel \u00e9clairage que vous pouvez utiliser d'innombrables fa\u00e7ons. Vous pouvez bien s\u00fbr montrer o\u00f9 vous habitez avec ces belles lampes-lettres dans votre jardin. Bien entendu, ces lettres sur mesure conviennent \u00e9galement tr\u00e8s bien comme enseigne ou comme publicit\u00e9 de fa\u00e7ade.<\/p>\n<ul>\n<li><em>Dimensions : 50 cm de haut et 12 cm de profondeur<\/em><\/li>\n<li><em>mat\u00e9riau : aluminium et acrylique<\/em><\/li>\n<li><em>police : Arial<\/em><\/li>\n<li><em>couleurs : noir et blanc<\/em><\/li>\n<li><em>peut \u00eatre utilis\u00e9 \u00e0 l'int\u00e9rieur comme \u00e0 l'ext\u00e9rieur<\/em><\/li>\n<li><em>Eclairage : LED blanc chaud\u00a0<\/em><\/li>\n<li><a href=\"https:\/\/www.funfetti.shop\/fr\/produit\/lampe-a-lettres-arial-35cm\/\"><em>\u00e9galement disponible en 35 cm<\/em><\/a><\/li>\n<li><strong><em>fabriqu\u00e9 sur commande : ne peut \u00eatre retourn\u00e9<\/em><\/strong><\/li>\n<li><strong><em>d\u00e9lai de livraison : +\/- 15 jours ouvrables<\/em><\/strong><\/li>\n<li><em>fiche eu<\/em><\/li>\n<\/ul>\n<p>&nbsp;<\/p>","protected":false},"excerpt":{"rendered":"<p>Les lampes \u00e0 lettres Arial 50cm sont des lampes \u00e0 lettres tr\u00e8s cool et accrocheuses pour l'int\u00e9rieur et l'ext\u00e9rieur. Cette lampe particuli\u00e8re est un tr\u00e8s bel \u00e9clairage que vous pouvez utiliser d'innombrables fa\u00e7ons.<\/p>","protected":false},"featured_media":2574,"template":"","meta":{"neve_meta_sidebar":"","neve_meta_container":"","neve_meta_enable_content_width":"off","neve_meta_content_width":100,"neve_meta_title_alignment":"","neve_meta_author_avatar":"","neve_post_elements_order":"","neve_meta_disable_header":"","neve_meta_disable_footer":"","neve_meta_disable_title":"","neve_meta_reading_time":"","jetpack_publicize_message":"","jetpack_publicize_feature_enabled":true,"jetpack_social_post_already_shared":false,"jetpack_social_options":{"image_generator_settings":{"template":"highway","default_image_id":0,"font":"","enabled":false},"version":2}},"product_brand":[],"product_cat":[15,468,22,37,32,35,24,684],"product_tag":[325,137,324,84,83,326],"class_list":{"0":"post-2747","1":"product","2":"type-product","3":"status-publish","4":"has-post-thumbnail","6":"product_cat-allefun","7":"product_cat-funfetti","8":"product_cat-funliving","9":"product_cat-kids","10":"product_cat-letters","11":"product_cat-verlichte_letters","12":"product_cat-verlichting","13":"product_cat-voor-hem","14":"product_tag-doosletter","15":"product_tag-funfetti","16":"product_tag-letter-lamp","17":"product_tag-letterlamp","18":"product_tag-letters","19":"product_tag-verlichte-letter","20":"product_shipping_class-pakket-met-track-en-trace","22":"first","23":"instock","24":"taxable","25":"shipping-taxable","26":"purchasable","27":"product-type-variable"},"yoast_head":"<!-- This site is optimized with the Yoast SEO plugin v27.6 - https:\/\/yoast.com\/product\/yoast-seo-wordpress\/ -->\n<title>Letter lamp Arial 50cm - voor zowel binnen als buiten geschikt.<\/title>\n<meta name=\"description\" content=\"Letter lamp Arial 50cm zijn hele bijzondere en opvallende letterlampen voor zowel binnen als buiten gebruik. Met warm wit licht dus ook heel sfeervol.\" \/>\n<meta name=\"robots\" content=\"index, follow, max-snippet:-1, max-image-preview:large, max-video-preview:-1\" \/>\n<link rel=\"canonical\" href=\"https:\/\/www.funfetti.shop\/fr\/produit\/lampe-a-lettres-arial-50cm\/\" \/>\n<meta property=\"og:locale\" content=\"fr_FR\" \/>\n<meta property=\"og:type\" content=\"article\" \/>\n<meta property=\"og:title\" content=\"Letter lamp Arial 50cm - voor zowel binnen als buiten geschikt.\" \/>\n<meta property=\"og:description\" content=\"Letter lamp Arial 50cm zijn hele bijzondere en opvallende letterlampen voor zowel binnen als buiten gebruik. Met warm wit licht dus ook heel sfeervol.\" \/>\n<meta property=\"og:url\" content=\"https:\/\/www.funfetti.shop\/fr\/produit\/lampe-a-lettres-arial-50cm\/\" \/>\n<meta property=\"og:site_name\" content=\"FunFetti\" \/>\n<meta property=\"article:publisher\" content=\"https:\/\/www.facebook.com\/funfetti.shop\" \/>\n<meta property=\"article:modified_time\" content=\"2025-11-28T19:24:32+00:00\" \/>\n<meta property=\"og:image\" content=\"https:\/\/www.funfetti.shop\/wp-content\/uploads\/2020\/05\/Letterlamp-1-kl.jpg\" \/>\n\t<meta property=\"og:image:width\" content=\"600\" \/>\n\t<meta property=\"og:image:height\" content=\"600\" \/>\n\t<meta property=\"og:image:type\" content=\"image\/jpeg\" \/>\n<meta name=\"twitter:card\" content=\"summary_large_image\" \/>\n<meta name=\"twitter:label1\" content=\"Dur\u00e9e de lecture estim\u00e9e\" \/>\n\t<meta name=\"twitter:data1\" content=\"1 minute\" \/>\n<script type=\"application\/ld+json\" class=\"yoast-schema-graph\">{\"@context\":\"https:\\\/\\\/schema.org\",\"@graph\":[{\"@type\":\"WebPage\",\"@id\":\"https:\\\/\\\/www.funfetti.shop\\\/product\\\/letter-lamp-arial-50cm\\\/\",\"url\":\"https:\\\/\\\/www.funfetti.shop\\\/product\\\/letter-lamp-arial-50cm\\\/\",\"name\":\"Letter lamp Arial 50cm - voor zowel binnen als buiten geschikt.\",\"isPartOf\":{\"@id\":\"https:\\\/\\\/www.funfetti.shop\\\/#website\"},\"primaryImageOfPage\":{\"@id\":\"https:\\\/\\\/www.funfetti.shop\\\/product\\\/letter-lamp-arial-50cm\\\/#primaryimage\"},\"image\":{\"@id\":\"https:\\\/\\\/www.funfetti.shop\\\/product\\\/letter-lamp-arial-50cm\\\/#primaryimage\"},\"thumbnailUrl\":\"https:\\\/\\\/www.funfetti.shop\\\/wp-content\\\/uploads\\\/2020\\\/05\\\/Letterlamp-1-kl.jpg\",\"datePublished\":\"2020-06-02T10:35:53+00:00\",\"dateModified\":\"2025-11-28T19:24:32+00:00\",\"description\":\"Letter lamp Arial 50cm zijn hele bijzondere en opvallende letterlampen voor zowel binnen als buiten gebruik. Met warm wit licht dus ook heel sfeervol.\",\"breadcrumb\":{\"@id\":\"https:\\\/\\\/www.funfetti.shop\\\/product\\\/letter-lamp-arial-50cm\\\/#breadcrumb\"},\"inLanguage\":\"fr-FR\",\"potentialAction\":[{\"@type\":\"ReadAction\",\"target\":[\"https:\\\/\\\/www.funfetti.shop\\\/product\\\/letter-lamp-arial-50cm\\\/\"]}]},{\"@type\":\"ImageObject\",\"inLanguage\":\"fr-FR\",\"@id\":\"https:\\\/\\\/www.funfetti.shop\\\/product\\\/letter-lamp-arial-50cm\\\/#primaryimage\",\"url\":\"https:\\\/\\\/www.funfetti.shop\\\/wp-content\\\/uploads\\\/2020\\\/05\\\/Letterlamp-1-kl.jpg\",\"contentUrl\":\"https:\\\/\\\/www.funfetti.shop\\\/wp-content\\\/uploads\\\/2020\\\/05\\\/Letterlamp-1-kl.jpg\",\"width\":600,\"height\":600,\"caption\":\"Doosletters\"},{\"@type\":\"BreadcrumbList\",\"@id\":\"https:\\\/\\\/www.funfetti.shop\\\/product\\\/letter-lamp-arial-50cm\\\/#breadcrumb\",\"itemListElement\":[{\"@type\":\"ListItem\",\"position\":1,\"name\":\"Home\",\"item\":\"https:\\\/\\\/www.funfetti.shop\\\/\"},{\"@type\":\"ListItem\",\"position\":2,\"name\":\"Winkel\",\"item\":\"https:\\\/\\\/www.funfetti.shop\\\/winkel\\\/\"},{\"@type\":\"ListItem\",\"position\":3,\"name\":\"Letter lamp Arial 50cm\"}]},{\"@type\":\"WebSite\",\"@id\":\"https:\\\/\\\/www.funfetti.shop\\\/#website\",\"url\":\"https:\\\/\\\/www.funfetti.shop\\\/\",\"name\":\"FunFetti\",\"description\":\"a curated mix of gifts, home d\u00e9cor and design\",\"publisher\":{\"@id\":\"https:\\\/\\\/www.funfetti.shop\\\/#organization\"},\"potentialAction\":[{\"@type\":\"SearchAction\",\"target\":{\"@type\":\"EntryPoint\",\"urlTemplate\":\"https:\\\/\\\/www.funfetti.shop\\\/?s={search_term_string}\"},\"query-input\":{\"@type\":\"PropertyValueSpecification\",\"valueRequired\":true,\"valueName\":\"search_term_string\"}}],\"inLanguage\":\"fr-FR\"},{\"@type\":\"Organization\",\"@id\":\"https:\\\/\\\/www.funfetti.shop\\\/#organization\",\"name\":\"FunFetti\",\"url\":\"https:\\\/\\\/www.funfetti.shop\\\/\",\"logo\":{\"@type\":\"ImageObject\",\"inLanguage\":\"fr-FR\",\"@id\":\"https:\\\/\\\/www.funfetti.shop\\\/#\\\/schema\\\/logo\\\/image\\\/\",\"url\":\"https:\\\/\\\/i0.wp.com\\\/www.funfetti.shop\\\/wp-content\\\/uploads\\\/2021\\\/11\\\/cropped-LOGO-WP-2021.png?fit=2000%2C171&ssl=1\",\"contentUrl\":\"https:\\\/\\\/i0.wp.com\\\/www.funfetti.shop\\\/wp-content\\\/uploads\\\/2021\\\/11\\\/cropped-LOGO-WP-2021.png?fit=2000%2C171&ssl=1\",\"width\":2000,\"height\":171,\"caption\":\"FunFetti\"},\"image\":{\"@id\":\"https:\\\/\\\/www.funfetti.shop\\\/#\\\/schema\\\/logo\\\/image\\\/\"},\"sameAs\":[\"https:\\\/\\\/www.facebook.com\\\/funfetti.shop\",\"https:\\\/\\\/www.instagram.com\\\/funfetti.shop\\\/\",\"https:\\\/\\\/nl.pinterest.com\\\/funfettiforever\\\/\"]}]}<\/script>\n<!-- \/ Yoast SEO plugin. -->","yoast_head_json":{"title":"Lampe \u00e0 lettres Arial 50cm - convient pour l'int\u00e9rieur et l'ext\u00e9rieur.","description":"Les lampes-lettres Arial 50cm sont des lampes-lettres tr\u00e8s sp\u00e9ciales et accrocheuses pour l'int\u00e9rieur et l'ext\u00e9rieur. Avec une lumi\u00e8re blanche et chaude, elles sont \u00e9galement tr\u00e8s atmosph\u00e9riques.","robots":{"index":"index","follow":"follow","max-snippet":"max-snippet:-1","max-image-preview":"max-image-preview:large","max-video-preview":"max-video-preview:-1"},"canonical":"https:\/\/www.funfetti.shop\/fr\/produit\/lampe-a-lettres-arial-50cm\/","og_locale":"fr_FR","og_type":"article","og_title":"Letter lamp Arial 50cm - voor zowel binnen als buiten geschikt.","og_description":"Letter lamp Arial 50cm zijn hele bijzondere en opvallende letterlampen voor zowel binnen als buiten gebruik. Met warm wit licht dus ook heel sfeervol.","og_url":"https:\/\/www.funfetti.shop\/fr\/produit\/lampe-a-lettres-arial-50cm\/","og_site_name":"FunFetti","article_publisher":"https:\/\/www.facebook.com\/funfetti.shop","article_modified_time":"2025-11-28T19:24:32+00:00","og_image":[{"width":600,"height":600,"url":"https:\/\/www.funfetti.shop\/wp-content\/uploads\/2020\/05\/Letterlamp-1-kl.jpg","type":"image\/jpeg"}],"twitter_card":"summary_large_image","twitter_misc":{"Dur\u00e9e de lecture estim\u00e9e":"1 minute"},"schema":{"@context":"https:\/\/schema.org","@graph":[{"@type":"WebPage","@id":"https:\/\/www.funfetti.shop\/product\/letter-lamp-arial-50cm\/","url":"https:\/\/www.funfetti.shop\/product\/letter-lamp-arial-50cm\/","name":"Lampe \u00e0 lettres Arial 50cm - convient pour l'int\u00e9rieur et l'ext\u00e9rieur.","isPartOf":{"@id":"https:\/\/www.funfetti.shop\/#website"},"primaryImageOfPage":{"@id":"https:\/\/www.funfetti.shop\/product\/letter-lamp-arial-50cm\/#primaryimage"},"image":{"@id":"https:\/\/www.funfetti.shop\/product\/letter-lamp-arial-50cm\/#primaryimage"},"thumbnailUrl":"https:\/\/www.funfetti.shop\/wp-content\/uploads\/2020\/05\/Letterlamp-1-kl.jpg","datePublished":"2020-06-02T10:35:53+00:00","dateModified":"2025-11-28T19:24:32+00:00","description":"Les lampes-lettres Arial 50cm sont des lampes-lettres tr\u00e8s sp\u00e9ciales et accrocheuses pour l'int\u00e9rieur et l'ext\u00e9rieur. Avec une lumi\u00e8re blanche et chaude, elles sont \u00e9galement tr\u00e8s atmosph\u00e9riques.","breadcrumb":{"@id":"https:\/\/www.funfetti.shop\/product\/letter-lamp-arial-50cm\/#breadcrumb"},"inLanguage":"fr-FR","potentialAction":[{"@type":"ReadAction","target":["https:\/\/www.funfetti.shop\/product\/letter-lamp-arial-50cm\/"]}]},{"@type":"ImageObject","inLanguage":"fr-FR","@id":"https:\/\/www.funfetti.shop\/product\/letter-lamp-arial-50cm\/#primaryimage","url":"https:\/\/www.funfetti.shop\/wp-content\/uploads\/2020\/05\/Letterlamp-1-kl.jpg","contentUrl":"https:\/\/www.funfetti.shop\/wp-content\/uploads\/2020\/05\/Letterlamp-1-kl.jpg","width":600,"height":600,"caption":"Doosletters"},{"@type":"BreadcrumbList","@id":"https:\/\/www.funfetti.shop\/product\/letter-lamp-arial-50cm\/#breadcrumb","itemListElement":[{"@type":"ListItem","position":1,"name":"Home","item":"https:\/\/www.funfetti.shop\/"},{"@type":"ListItem","position":2,"name":"Winkel","item":"https:\/\/www.funfetti.shop\/winkel\/"},{"@type":"ListItem","position":3,"name":"Letter lamp Arial 50cm"}]},{"@type":"WebSite","@id":"https:\/\/www.funfetti.shop\/#website","url":"https:\/\/www.funfetti.shop\/","name":"FunFetti","description":"un m\u00e9lange de cadeaux, de d\u00e9coration d'int\u00e9rieur et de design","publisher":{"@id":"https:\/\/www.funfetti.shop\/#organization"},"potentialAction":[{"@type":"SearchAction","target":{"@type":"EntryPoint","urlTemplate":"https:\/\/www.funfetti.shop\/?s={search_term_string}"},"query-input":{"@type":"PropertyValueSpecification","valueRequired":true,"valueName":"search_term_string"}}],"inLanguage":"fr-FR"},{"@type":"Organization","@id":"https:\/\/www.funfetti.shop\/#organization","name":"FunFetti","url":"https:\/\/www.funfetti.shop\/","logo":{"@type":"ImageObject","inLanguage":"fr-FR","@id":"https:\/\/www.funfetti.shop\/#\/schema\/logo\/image\/","url":"https:\/\/i0.wp.com\/www.funfetti.shop\/wp-content\/uploads\/2021\/11\/cropped-LOGO-WP-2021.png?fit=2000%2C171&ssl=1","contentUrl":"https:\/\/i0.wp.com\/www.funfetti.shop\/wp-content\/uploads\/2021\/11\/cropped-LOGO-WP-2021.png?fit=2000%2C171&ssl=1","width":2000,"height":171,"caption":"FunFetti"},"image":{"@id":"https:\/\/www.funfetti.shop\/#\/schema\/logo\/image\/"},"sameAs":["https:\/\/www.facebook.com\/funfetti.shop","https:\/\/www.instagram.com\/funfetti.shop\/","https:\/\/nl.pinterest.com\/funfettiforever\/"]}]}},"jetpack_publicize_connections":[],"jetpack_sharing_enabled":true,"_links":{"self":[{"href":"https:\/\/www.funfetti.shop\/fr\/wp-json\/wp\/v2\/product\/2747","targetHints":{"allow":["GET"]}}],"collection":[{"href":"https:\/\/www.funfetti.shop\/fr\/wp-json\/wp\/v2\/product"}],"about":[{"href":"https:\/\/www.funfetti.shop\/fr\/wp-json\/wp\/v2\/types\/product"}],"wp:featuredmedia":[{"embeddable":true,"href":"https:\/\/www.funfetti.shop\/fr\/wp-json\/wp\/v2\/media\/2574"}],"wp:attachment":[{"href":"https:\/\/www.funfetti.shop\/fr\/wp-json\/wp\/v2\/media?parent=2747"}],"wp:term":[{"taxonomy":"product_brand","embeddable":true,"href":"https:\/\/www.funfetti.shop\/fr\/wp-json\/wp\/v2\/product_brand?post=2747"},{"taxonomy":"product_cat","embeddable":true,"href":"https:\/\/www.funfetti.shop\/fr\/wp-json\/wp\/v2\/product_cat?post=2747"},{"taxonomy":"product_tag","embeddable":true,"href":"https:\/\/www.funfetti.shop\/fr\/wp-json\/wp\/v2\/product_tag?post=2747"}],"curies":[{"name":"wp","href":"https:\/\/api.w.org\/{rel}","templated":true}]}}