{"id":2913,"date":"2020-06-18T17:58:06","date_gmt":"2020-06-18T17:58:06","guid":{"rendered":"https:\/\/www.funfetti.shop\/?post_type=product&#038;p=2913"},"modified":"2025-11-28T19:24:31","modified_gmt":"2025-11-28T19:24:31","slug":"numero-de-maison-plastique-blanc-script","status":"publish","type":"product","link":"https:\/\/www.funfetti.shop\/fr\/product\/huisnummer-wit-kunststof-script\/","title":{"rendered":"Num\u00e9ro de maison plastique blanc SCRIPT"},"content":{"rendered":"<p>Num\u00e9ro de maison en plastique blanc SCRIPT en acrylique brillant. Avec ce num\u00e9ro de maison, votre porte devient tout de suite plus chic.<\/p>\n<ul>\n<li><em>police : SCRIPT<\/em><\/li>\n<li><em>mat\u00e9riau : plastique<\/em><\/li>\n<li><em>taille : 6 mm d'\u00e9paisseur<\/em><\/li>\n<li><em>couleur : blanc brillant<\/em><\/li>\n<li><em>il y a 6 polices diff\u00e9rentes<\/em><\/li>\n<li><em>Fabriqu\u00e9 sur mesure : ne peut \u00eatre retourn\u00e9<\/em><\/li>\n<li><em>d\u00e9lai de livraison 5-7 jours ouvrables<\/em><\/li>\n<li><em>convient pour une utilisation en ext\u00e9rieur<\/em><\/li>\n<\/ul>\n<p>Le mat\u00e9riel pour le montage \u00e0 distance est inclus.<\/p>\n<p><em>Veuillez noter que le prix est pour 1 figurine.\u00a0<\/em><\/p>\n<div><\/div>","protected":false},"excerpt":{"rendered":"<p>Num\u00e9ro de maison en plastique blanc SCRIPT en acrylique brillant. Avec ce num\u00e9ro de maison, votre porte d'entr\u00e9e devient tout de suite plus chic.<\/p>","protected":false},"featured_media":3031,"template":"","meta":{"neve_meta_sidebar":"","neve_meta_container":"","neve_meta_enable_content_width":"off","neve_meta_content_width":100,"neve_meta_title_alignment":"","neve_meta_author_avatar":"","neve_post_elements_order":"","neve_meta_disable_header":"","neve_meta_disable_footer":"","neve_meta_disable_title":"","neve_meta_reading_time":"","jetpack_publicize_message":"","jetpack_publicize_feature_enabled":true,"jetpack_social_post_already_shared":false,"jetpack_social_options":{"image_generator_settings":{"template":"highway","default_image_id":0,"font":"","enabled":false},"version":2}},"product_brand":[],"product_cat":[468,22,34,32,686,684],"product_tag":[380,377,378,379,381,103],"class_list":{"0":"post-2913","1":"product","2":"type-product","3":"status-publish","4":"has-post-thumbnail","6":"product_cat-funfetti","7":"product_cat-funliving","8":"product_cat-huisnummers","9":"product_cat-letters","10":"product_cat-voor-fun-prijzen","11":"product_cat-voor-hem","12":"product_tag-huisnummer","13":"product_tag-letter","14":"product_tag-nummer","15":"product_tag-nummers","16":"product_tag-script","17":"product_tag-wit","18":"product_shipping_class-brievenbus-pakket-met-track-en-trace","20":"first","21":"instock","22":"taxable","23":"shipping-taxable","24":"purchasable","25":"product-type-variable"},"yoast_head":"<!-- This site is optimized with the Yoast SEO plugin v27.5 - https:\/\/yoast.com\/product\/yoast-seo-wordpress\/ -->\n<title>Huisnummer wit kunststof SCRIPT - FunFetti<\/title>\n<meta name=\"description\" content=\"Huisnummer wit kunststof SCRIPT uitgevoerd in wit acrylaat. Met een dit huisnummer ziet je deur er gelijk een stuk chiquer uit.\" \/>\n<meta name=\"robots\" content=\"index, follow, max-snippet:-1, max-image-preview:large, max-video-preview:-1\" \/>\n<link rel=\"canonical\" href=\"https:\/\/www.funfetti.shop\/fr\/produit\/numero-de-maison-plastique-blanc-script\/\" \/>\n<meta property=\"og:locale\" content=\"fr_FR\" \/>\n<meta property=\"og:type\" content=\"article\" \/>\n<meta property=\"og:title\" content=\"Huisnummer wit kunststof SCRIPT - FunFetti\" \/>\n<meta property=\"og:description\" content=\"Huisnummer wit kunststof SCRIPT uitgevoerd in wit acrylaat. Met een dit huisnummer ziet je deur er gelijk een stuk chiquer uit.\" \/>\n<meta property=\"og:url\" content=\"https:\/\/www.funfetti.shop\/fr\/produit\/numero-de-maison-plastique-blanc-script\/\" \/>\n<meta property=\"og:site_name\" content=\"FunFetti\" \/>\n<meta property=\"article:publisher\" content=\"https:\/\/www.facebook.com\/funfetti.shop\" \/>\n<meta property=\"article:modified_time\" content=\"2025-11-28T19:24:31+00:00\" \/>\n<meta property=\"og:image\" content=\"https:\/\/www.funfetti.shop\/wp-content\/uploads\/2020\/06\/Huisnummer-script-new-wit-2.jpg\" \/>\n\t<meta property=\"og:image:width\" content=\"600\" \/>\n\t<meta property=\"og:image:height\" content=\"600\" \/>\n\t<meta property=\"og:image:type\" content=\"image\/jpeg\" \/>\n<meta name=\"twitter:card\" content=\"summary_large_image\" \/>\n<meta name=\"twitter:label1\" content=\"Dur\u00e9e de lecture estim\u00e9e\" \/>\n\t<meta name=\"twitter:data1\" content=\"1 minute\" \/>\n<script type=\"application\/ld+json\" class=\"yoast-schema-graph\">{\"@context\":\"https:\\\/\\\/schema.org\",\"@graph\":[{\"@type\":\"WebPage\",\"@id\":\"https:\\\/\\\/www.funfetti.shop\\\/product\\\/huisnummer-wit-kunststof-script\\\/\",\"url\":\"https:\\\/\\\/www.funfetti.shop\\\/product\\\/huisnummer-wit-kunststof-script\\\/\",\"name\":\"Huisnummer wit kunststof SCRIPT - FunFetti\",\"isPartOf\":{\"@id\":\"https:\\\/\\\/www.funfetti.shop\\\/#website\"},\"primaryImageOfPage\":{\"@id\":\"https:\\\/\\\/www.funfetti.shop\\\/product\\\/huisnummer-wit-kunststof-script\\\/#primaryimage\"},\"image\":{\"@id\":\"https:\\\/\\\/www.funfetti.shop\\\/product\\\/huisnummer-wit-kunststof-script\\\/#primaryimage\"},\"thumbnailUrl\":\"https:\\\/\\\/www.funfetti.shop\\\/wp-content\\\/uploads\\\/2020\\\/06\\\/Huisnummer-script-new-wit-2.jpg\",\"datePublished\":\"2020-06-18T17:58:06+00:00\",\"dateModified\":\"2025-11-28T19:24:31+00:00\",\"description\":\"Huisnummer wit kunststof SCRIPT uitgevoerd in wit acrylaat. Met een dit huisnummer ziet je deur er gelijk een stuk chiquer uit.\",\"breadcrumb\":{\"@id\":\"https:\\\/\\\/www.funfetti.shop\\\/product\\\/huisnummer-wit-kunststof-script\\\/#breadcrumb\"},\"inLanguage\":\"fr-FR\",\"potentialAction\":[{\"@type\":\"ReadAction\",\"target\":[\"https:\\\/\\\/www.funfetti.shop\\\/product\\\/huisnummer-wit-kunststof-script\\\/\"]}]},{\"@type\":\"ImageObject\",\"inLanguage\":\"fr-FR\",\"@id\":\"https:\\\/\\\/www.funfetti.shop\\\/product\\\/huisnummer-wit-kunststof-script\\\/#primaryimage\",\"url\":\"https:\\\/\\\/www.funfetti.shop\\\/wp-content\\\/uploads\\\/2020\\\/06\\\/Huisnummer-script-new-wit-2.jpg\",\"contentUrl\":\"https:\\\/\\\/www.funfetti.shop\\\/wp-content\\\/uploads\\\/2020\\\/06\\\/Huisnummer-script-new-wit-2.jpg\",\"width\":600,\"height\":600,\"caption\":\"huisnummer script wit\"},{\"@type\":\"BreadcrumbList\",\"@id\":\"https:\\\/\\\/www.funfetti.shop\\\/product\\\/huisnummer-wit-kunststof-script\\\/#breadcrumb\",\"itemListElement\":[{\"@type\":\"ListItem\",\"position\":1,\"name\":\"Home\",\"item\":\"https:\\\/\\\/www.funfetti.shop\\\/\"},{\"@type\":\"ListItem\",\"position\":2,\"name\":\"Winkel\",\"item\":\"https:\\\/\\\/www.funfetti.shop\\\/winkel\\\/\"},{\"@type\":\"ListItem\",\"position\":3,\"name\":\"Huisnummer wit kunststof SCRIPT\"}]},{\"@type\":\"WebSite\",\"@id\":\"https:\\\/\\\/www.funfetti.shop\\\/#website\",\"url\":\"https:\\\/\\\/www.funfetti.shop\\\/\",\"name\":\"FunFetti\",\"description\":\"a curated mix of gifts, home d\u00e9cor and design\",\"publisher\":{\"@id\":\"https:\\\/\\\/www.funfetti.shop\\\/#organization\"},\"potentialAction\":[{\"@type\":\"SearchAction\",\"target\":{\"@type\":\"EntryPoint\",\"urlTemplate\":\"https:\\\/\\\/www.funfetti.shop\\\/?s={search_term_string}\"},\"query-input\":{\"@type\":\"PropertyValueSpecification\",\"valueRequired\":true,\"valueName\":\"search_term_string\"}}],\"inLanguage\":\"fr-FR\"},{\"@type\":\"Organization\",\"@id\":\"https:\\\/\\\/www.funfetti.shop\\\/#organization\",\"name\":\"FunFetti\",\"url\":\"https:\\\/\\\/www.funfetti.shop\\\/\",\"logo\":{\"@type\":\"ImageObject\",\"inLanguage\":\"fr-FR\",\"@id\":\"https:\\\/\\\/www.funfetti.shop\\\/#\\\/schema\\\/logo\\\/image\\\/\",\"url\":\"https:\\\/\\\/i0.wp.com\\\/www.funfetti.shop\\\/wp-content\\\/uploads\\\/2021\\\/11\\\/cropped-LOGO-WP-2021.png?fit=2000%2C171&ssl=1\",\"contentUrl\":\"https:\\\/\\\/i0.wp.com\\\/www.funfetti.shop\\\/wp-content\\\/uploads\\\/2021\\\/11\\\/cropped-LOGO-WP-2021.png?fit=2000%2C171&ssl=1\",\"width\":2000,\"height\":171,\"caption\":\"FunFetti\"},\"image\":{\"@id\":\"https:\\\/\\\/www.funfetti.shop\\\/#\\\/schema\\\/logo\\\/image\\\/\"},\"sameAs\":[\"https:\\\/\\\/www.facebook.com\\\/funfetti.shop\",\"https:\\\/\\\/www.instagram.com\\\/funfetti.shop\\\/\",\"https:\\\/\\\/nl.pinterest.com\\\/funfettiforever\\\/\"]}]}<\/script>\n<!-- \/ Yoast SEO plugin. -->","yoast_head_json":{"title":"Num\u00e9ro de maison en plastique blanc SCRIPT - FunFetti","description":"Num\u00e9ro de maison en plastique blanc SCRIPT en acrylique blanc. Avec ce num\u00e9ro de maison, votre porte devient tout de suite plus chic.","robots":{"index":"index","follow":"follow","max-snippet":"max-snippet:-1","max-image-preview":"max-image-preview:large","max-video-preview":"max-video-preview:-1"},"canonical":"https:\/\/www.funfetti.shop\/fr\/produit\/numero-de-maison-plastique-blanc-script\/","og_locale":"fr_FR","og_type":"article","og_title":"Huisnummer wit kunststof SCRIPT - FunFetti","og_description":"Huisnummer wit kunststof SCRIPT uitgevoerd in wit acrylaat. Met een dit huisnummer ziet je deur er gelijk een stuk chiquer uit.","og_url":"https:\/\/www.funfetti.shop\/fr\/produit\/numero-de-maison-plastique-blanc-script\/","og_site_name":"FunFetti","article_publisher":"https:\/\/www.facebook.com\/funfetti.shop","article_modified_time":"2025-11-28T19:24:31+00:00","og_image":[{"width":600,"height":600,"url":"https:\/\/www.funfetti.shop\/wp-content\/uploads\/2020\/06\/Huisnummer-script-new-wit-2.jpg","type":"image\/jpeg"}],"twitter_card":"summary_large_image","twitter_misc":{"Dur\u00e9e de lecture estim\u00e9e":"1 minute"},"schema":{"@context":"https:\/\/schema.org","@graph":[{"@type":"WebPage","@id":"https:\/\/www.funfetti.shop\/product\/huisnummer-wit-kunststof-script\/","url":"https:\/\/www.funfetti.shop\/product\/huisnummer-wit-kunststof-script\/","name":"Num\u00e9ro de maison en plastique blanc SCRIPT - FunFetti","isPartOf":{"@id":"https:\/\/www.funfetti.shop\/#website"},"primaryImageOfPage":{"@id":"https:\/\/www.funfetti.shop\/product\/huisnummer-wit-kunststof-script\/#primaryimage"},"image":{"@id":"https:\/\/www.funfetti.shop\/product\/huisnummer-wit-kunststof-script\/#primaryimage"},"thumbnailUrl":"https:\/\/www.funfetti.shop\/wp-content\/uploads\/2020\/06\/Huisnummer-script-new-wit-2.jpg","datePublished":"2020-06-18T17:58:06+00:00","dateModified":"2025-11-28T19:24:31+00:00","description":"Num\u00e9ro de maison en plastique blanc SCRIPT en acrylique blanc. Avec ce num\u00e9ro de maison, votre porte devient tout de suite plus chic.","breadcrumb":{"@id":"https:\/\/www.funfetti.shop\/product\/huisnummer-wit-kunststof-script\/#breadcrumb"},"inLanguage":"fr-FR","potentialAction":[{"@type":"ReadAction","target":["https:\/\/www.funfetti.shop\/product\/huisnummer-wit-kunststof-script\/"]}]},{"@type":"ImageObject","inLanguage":"fr-FR","@id":"https:\/\/www.funfetti.shop\/product\/huisnummer-wit-kunststof-script\/#primaryimage","url":"https:\/\/www.funfetti.shop\/wp-content\/uploads\/2020\/06\/Huisnummer-script-new-wit-2.jpg","contentUrl":"https:\/\/www.funfetti.shop\/wp-content\/uploads\/2020\/06\/Huisnummer-script-new-wit-2.jpg","width":600,"height":600,"caption":"huisnummer script wit"},{"@type":"BreadcrumbList","@id":"https:\/\/www.funfetti.shop\/product\/huisnummer-wit-kunststof-script\/#breadcrumb","itemListElement":[{"@type":"ListItem","position":1,"name":"Home","item":"https:\/\/www.funfetti.shop\/"},{"@type":"ListItem","position":2,"name":"Winkel","item":"https:\/\/www.funfetti.shop\/winkel\/"},{"@type":"ListItem","position":3,"name":"Huisnummer wit kunststof SCRIPT"}]},{"@type":"WebSite","@id":"https:\/\/www.funfetti.shop\/#website","url":"https:\/\/www.funfetti.shop\/","name":"FunFetti","description":"un m\u00e9lange de cadeaux, de d\u00e9coration d'int\u00e9rieur et de design","publisher":{"@id":"https:\/\/www.funfetti.shop\/#organization"},"potentialAction":[{"@type":"SearchAction","target":{"@type":"EntryPoint","urlTemplate":"https:\/\/www.funfetti.shop\/?s={search_term_string}"},"query-input":{"@type":"PropertyValueSpecification","valueRequired":true,"valueName":"search_term_string"}}],"inLanguage":"fr-FR"},{"@type":"Organization","@id":"https:\/\/www.funfetti.shop\/#organization","name":"FunFetti","url":"https:\/\/www.funfetti.shop\/","logo":{"@type":"ImageObject","inLanguage":"fr-FR","@id":"https:\/\/www.funfetti.shop\/#\/schema\/logo\/image\/","url":"https:\/\/i0.wp.com\/www.funfetti.shop\/wp-content\/uploads\/2021\/11\/cropped-LOGO-WP-2021.png?fit=2000%2C171&ssl=1","contentUrl":"https:\/\/i0.wp.com\/www.funfetti.shop\/wp-content\/uploads\/2021\/11\/cropped-LOGO-WP-2021.png?fit=2000%2C171&ssl=1","width":2000,"height":171,"caption":"FunFetti"},"image":{"@id":"https:\/\/www.funfetti.shop\/#\/schema\/logo\/image\/"},"sameAs":["https:\/\/www.facebook.com\/funfetti.shop","https:\/\/www.instagram.com\/funfetti.shop\/","https:\/\/nl.pinterest.com\/funfettiforever\/"]}]}},"jetpack_publicize_connections":[],"jetpack_sharing_enabled":true,"_links":{"self":[{"href":"https:\/\/www.funfetti.shop\/fr\/wp-json\/wp\/v2\/product\/2913","targetHints":{"allow":["GET"]}}],"collection":[{"href":"https:\/\/www.funfetti.shop\/fr\/wp-json\/wp\/v2\/product"}],"about":[{"href":"https:\/\/www.funfetti.shop\/fr\/wp-json\/wp\/v2\/types\/product"}],"wp:featuredmedia":[{"embeddable":true,"href":"https:\/\/www.funfetti.shop\/fr\/wp-json\/wp\/v2\/media\/3031"}],"wp:attachment":[{"href":"https:\/\/www.funfetti.shop\/fr\/wp-json\/wp\/v2\/media?parent=2913"}],"wp:term":[{"taxonomy":"product_brand","embeddable":true,"href":"https:\/\/www.funfetti.shop\/fr\/wp-json\/wp\/v2\/product_brand?post=2913"},{"taxonomy":"product_cat","embeddable":true,"href":"https:\/\/www.funfetti.shop\/fr\/wp-json\/wp\/v2\/product_cat?post=2913"},{"taxonomy":"product_tag","embeddable":true,"href":"https:\/\/www.funfetti.shop\/fr\/wp-json\/wp\/v2\/product_tag?post=2913"}],"curies":[{"name":"wp","href":"https:\/\/api.w.org\/{rel}","templated":true}]}}