{"id":3540,"date":"2020-08-06T13:20:26","date_gmt":"2020-08-06T13:20:26","guid":{"rendered":"https:\/\/www.funfetti.shop\/?post_type=product&#038;p=3540"},"modified":"2026-01-14T13:52:01","modified_gmt":"2026-01-14T13:52:01","slug":"lampe-a-pain-grille","status":"publish","type":"product","link":"https:\/\/www.funfetti.shop\/fr\/product\/toast-brood-lamp\/","title":{"rendered":"Lampe \u00e0 pain grill\u00e9"},"content":{"rendered":"<p id=\"tw-target-text\" class=\"tw-data-text tw-text-large XcVN5d tw-ta\" dir=\"ltr\" data-placeholder=\"Vertaling\"><span lang=\"nl\">Toast brood lamp is een speciaal en gezellig warm brandend lampje. Zeer appetijtelijk voor het oog. \u00c9n hand <strong>gemaakt in Japan van echt brood.<\/strong><\/span><\/p>\n<p dir=\"ltr\" data-placeholder=\"Vertaling\">Elke <span lang=\"nl\">Toast brood <\/span>lamp is anders omdat deze lampen gemaakt worden van overgebleven oud brood, met de hand, door ontwerpster Yukiko Morita . Elke lamp is daardoor weer verschillend. Er zijn meerdere modellen (lees broden) verkrijgbaar en ze zijn allemaal even sfeervol.<\/p>\n<ul>\n<li><strong><em>gemaakt van echt brood<\/em><\/strong><\/li>\n<li><strong><em>tegen verspilling<\/em><\/strong><\/li>\n<li><strong><em>Led verlicht<\/em><\/strong><\/li>\n<li><strong><em>werkt op batterijen 1 x AA (niet inbegrepen)<\/em><\/strong><\/li>\n<li><strong><em>gaat aan en uit door optillen<\/em><\/strong><\/li>\n<li><strong><em>model: boterham<\/em><\/strong><\/li>\n<li><strong><em>afmetingen ongeveer: 10 x 10 x 5 cm<\/em><\/strong><\/li>\n<li><strong><em>materiaal: echt brood met speciale coating<\/em><\/strong><\/li>\n<li><strong><em>Let op! niet(meer) eetbaar<\/em><\/strong><\/li>\n<li><strong><em>Door de behandeling om het brood houdbaar te maken is hij breekbaar geworden<\/em><\/strong><\/li>\n<li><strong><em>merk: <a href=\"https:\/\/www.funfetti.shop\/product-categorie\/merken\/pampshade\/\">Pampshade<\/a><\/em><\/strong><\/li>\n<\/ul>\n<hr \/>\n<p><strong data-start=\"1235\" data-end=\"1245\">Let op<\/strong>: <span class=\"relative -mx-px my-[-0.2rem] rounded px-px py-[0.2rem] transition-colors duration-100 ease-in-out\">Omdat elke lamp met de hand wordt gemaakt van echt brood, kunnen er kleine variaties zijn in vorm en kleur.<\/span> <span class=\"relative -mx-px my-[-0.2rem] rounded px-px py-[0.2rem] transition-colors duration-100 ease-in-out\">Dat maakt jouw lamp juist zo bijzonder!<\/span><\/p>\n<hr \/>\n<p>&nbsp;<\/p>\n","protected":false},"excerpt":{"rendered":"<p id=\"tw-target-text\" class=\"tw-data-text tw-text-large XcVN5d tw-ta\" dir=\"ltr\" data-placeholder=\"Vertaling\"><span lang=\"nl\">Cette lampe \u00e0 pain grill\u00e9 est une lampe \u00e0 combustion chaude sp\u00e9ciale et confortable. Tr\u00e8s app\u00e9tissante. <strong>Fabriqu\u00e9 au Japon \u00e0 partir de vrai pain.<\/strong><\/span><\/p>\n<p dir=\"ltr\" data-placeholder=\"Vertaling\">Tous <span lang=\"nl\">Pain grill\u00e9<\/span> est diff\u00e9rente parce que ces lampes sont fabriqu\u00e9es \u00e0 partir de restes de pain par la designer Yukiko Morita. Par cons\u00e9quent, chaque lampe est diff\u00e9rente. Plusieurs mod\u00e8les (pains) sont disponibles et ils sont tous aussi atmosph\u00e9riques les uns que les autres.<\/p>","protected":false},"featured_media":7920,"template":"","meta":{"neve_meta_sidebar":"","neve_meta_container":"","neve_meta_enable_content_width":"off","neve_meta_content_width":100,"neve_meta_title_alignment":"","neve_meta_author_avatar":"","neve_post_elements_order":"","neve_meta_disable_header":"","neve_meta_disable_footer":"","neve_meta_disable_title":"","neve_meta_reading_time":"","jetpack_publicize_message":"","jetpack_publicize_feature_enabled":true,"jetpack_social_post_already_shared":false,"jetpack_social_options":{"image_generator_settings":{"template":"highway","default_image_id":0,"font":"","enabled":false},"version":2}},"product_brand":[],"product_cat":[15,462,679,677,22,479,710,24,685,23,810],"product_tag":[419,88,420,89],"class_list":{"0":"post-3540","1":"product","2":"type-product","3":"status-publish","4":"has-post-thumbnail","6":"product_cat-allefun","7":"product_cat-brands","8":"product_cat-design","9":"product_cat-fundesign","10":"product_cat-funliving","11":"product_cat-pampshade","12":"product_cat-verantwoord-design","13":"product_cat-verlichting","14":"product_cat-voor-haar","15":"product_cat-woondecoratie","16":"product_cat-yukiko-morita","17":"product_tag-broodlamp","18":"product_tag-lamp","19":"product_tag-pampshade","20":"product_tag-verlichting","21":"product_shipping_class-pakket-met-track-en-trace","23":"first","24":"instock","25":"taxable","26":"shipping-taxable","27":"purchasable","28":"product-type-simple"},"yoast_head":"<!-- This site is optimized with the Yoast SEO plugin v27.5 - https:\/\/yoast.com\/product\/yoast-seo-wordpress\/ -->\n<title>Toast brood lamp gemaakt van echt brood.<\/title>\n<meta name=\"description\" content=\"Deze Toast brood lamp is gemaakt in Japan en van echt brood. Daardoor is ook elke brood lamp verschillend en uniek. Een zeer appetijtelijk lampje!\" \/>\n<meta name=\"robots\" content=\"index, follow, max-snippet:-1, max-image-preview:large, max-video-preview:-1\" \/>\n<link rel=\"canonical\" href=\"https:\/\/www.funfetti.shop\/fr\/produit\/lampe-a-pain-grille\/\" \/>\n<meta property=\"og:locale\" content=\"fr_FR\" \/>\n<meta property=\"og:type\" content=\"article\" \/>\n<meta property=\"og:title\" content=\"Toast brood lamp gemaakt van echt brood.\" \/>\n<meta property=\"og:description\" content=\"Deze Toast brood lamp is gemaakt in Japan en van echt brood. Daardoor is ook elke brood lamp verschillend en uniek. Een zeer appetijtelijk lampje!\" \/>\n<meta property=\"og:url\" content=\"https:\/\/www.funfetti.shop\/fr\/produit\/lampe-a-pain-grille\/\" \/>\n<meta property=\"og:site_name\" content=\"FunFetti\" \/>\n<meta property=\"article:publisher\" content=\"https:\/\/www.facebook.com\/funfetti.shop\" \/>\n<meta property=\"article:modified_time\" content=\"2026-01-14T13:52:01+00:00\" \/>\n<meta property=\"og:image\" content=\"https:\/\/www.funfetti.shop\/wp-content\/uploads\/2020\/08\/Toast-6.jpg\" \/>\n\t<meta property=\"og:image:width\" content=\"600\" \/>\n\t<meta property=\"og:image:height\" content=\"1067\" \/>\n\t<meta property=\"og:image:type\" content=\"image\/jpeg\" \/>\n<meta name=\"twitter:card\" content=\"summary_large_image\" \/>\n<meta name=\"twitter:label1\" content=\"Dur\u00e9e de lecture estim\u00e9e\" \/>\n\t<meta name=\"twitter:data1\" content=\"1 minute\" \/>\n<script type=\"application\/ld+json\" class=\"yoast-schema-graph\">{\"@context\":\"https:\\\/\\\/schema.org\",\"@graph\":[{\"@type\":\"WebPage\",\"@id\":\"https:\\\/\\\/www.funfetti.shop\\\/product\\\/toast-brood-lamp\\\/\",\"url\":\"https:\\\/\\\/www.funfetti.shop\\\/product\\\/toast-brood-lamp\\\/\",\"name\":\"Toast brood lamp gemaakt van echt brood.\",\"isPartOf\":{\"@id\":\"https:\\\/\\\/www.funfetti.shop\\\/#website\"},\"primaryImageOfPage\":{\"@id\":\"https:\\\/\\\/www.funfetti.shop\\\/product\\\/toast-brood-lamp\\\/#primaryimage\"},\"image\":{\"@id\":\"https:\\\/\\\/www.funfetti.shop\\\/product\\\/toast-brood-lamp\\\/#primaryimage\"},\"thumbnailUrl\":\"https:\\\/\\\/www.funfetti.shop\\\/wp-content\\\/uploads\\\/2020\\\/08\\\/Toast-6.jpg\",\"datePublished\":\"2020-08-06T13:20:26+00:00\",\"dateModified\":\"2026-01-14T13:52:01+00:00\",\"description\":\"Deze Toast brood lamp is gemaakt in Japan en van echt brood. Daardoor is ook elke brood lamp verschillend en uniek. Een zeer appetijtelijk lampje!\",\"breadcrumb\":{\"@id\":\"https:\\\/\\\/www.funfetti.shop\\\/product\\\/toast-brood-lamp\\\/#breadcrumb\"},\"inLanguage\":\"fr-FR\",\"potentialAction\":[{\"@type\":\"ReadAction\",\"target\":[\"https:\\\/\\\/www.funfetti.shop\\\/product\\\/toast-brood-lamp\\\/\"]}]},{\"@type\":\"ImageObject\",\"inLanguage\":\"fr-FR\",\"@id\":\"https:\\\/\\\/www.funfetti.shop\\\/product\\\/toast-brood-lamp\\\/#primaryimage\",\"url\":\"https:\\\/\\\/www.funfetti.shop\\\/wp-content\\\/uploads\\\/2020\\\/08\\\/Toast-6.jpg\",\"contentUrl\":\"https:\\\/\\\/www.funfetti.shop\\\/wp-content\\\/uploads\\\/2020\\\/08\\\/Toast-6.jpg\",\"width\":600,\"height\":1067,\"caption\":\"croissant lamp\"},{\"@type\":\"BreadcrumbList\",\"@id\":\"https:\\\/\\\/www.funfetti.shop\\\/product\\\/toast-brood-lamp\\\/#breadcrumb\",\"itemListElement\":[{\"@type\":\"ListItem\",\"position\":1,\"name\":\"Home\",\"item\":\"https:\\\/\\\/www.funfetti.shop\\\/\"},{\"@type\":\"ListItem\",\"position\":2,\"name\":\"Winkel\",\"item\":\"https:\\\/\\\/www.funfetti.shop\\\/winkel\\\/\"},{\"@type\":\"ListItem\",\"position\":3,\"name\":\"Toast Brood Lamp\"}]},{\"@type\":\"WebSite\",\"@id\":\"https:\\\/\\\/www.funfetti.shop\\\/#website\",\"url\":\"https:\\\/\\\/www.funfetti.shop\\\/\",\"name\":\"FunFetti\",\"description\":\"a curated mix of gifts, home d\u00e9cor and design\",\"publisher\":{\"@id\":\"https:\\\/\\\/www.funfetti.shop\\\/#organization\"},\"potentialAction\":[{\"@type\":\"SearchAction\",\"target\":{\"@type\":\"EntryPoint\",\"urlTemplate\":\"https:\\\/\\\/www.funfetti.shop\\\/?s={search_term_string}\"},\"query-input\":{\"@type\":\"PropertyValueSpecification\",\"valueRequired\":true,\"valueName\":\"search_term_string\"}}],\"inLanguage\":\"fr-FR\"},{\"@type\":\"Organization\",\"@id\":\"https:\\\/\\\/www.funfetti.shop\\\/#organization\",\"name\":\"FunFetti\",\"url\":\"https:\\\/\\\/www.funfetti.shop\\\/\",\"logo\":{\"@type\":\"ImageObject\",\"inLanguage\":\"fr-FR\",\"@id\":\"https:\\\/\\\/www.funfetti.shop\\\/#\\\/schema\\\/logo\\\/image\\\/\",\"url\":\"https:\\\/\\\/i0.wp.com\\\/www.funfetti.shop\\\/wp-content\\\/uploads\\\/2021\\\/11\\\/cropped-LOGO-WP-2021.png?fit=2000%2C171&ssl=1\",\"contentUrl\":\"https:\\\/\\\/i0.wp.com\\\/www.funfetti.shop\\\/wp-content\\\/uploads\\\/2021\\\/11\\\/cropped-LOGO-WP-2021.png?fit=2000%2C171&ssl=1\",\"width\":2000,\"height\":171,\"caption\":\"FunFetti\"},\"image\":{\"@id\":\"https:\\\/\\\/www.funfetti.shop\\\/#\\\/schema\\\/logo\\\/image\\\/\"},\"sameAs\":[\"https:\\\/\\\/www.facebook.com\\\/funfetti.shop\",\"https:\\\/\\\/www.instagram.com\\\/funfetti.shop\\\/\",\"https:\\\/\\\/nl.pinterest.com\\\/funfettiforever\\\/\"]}]}<\/script>\n<!-- \/ Yoast SEO plugin. -->","yoast_head_json":{"title":"Lampe \u00e0 pain grill\u00e9 fabriqu\u00e9e \u00e0 partir de vrai pain.","description":"Cette lampe \u00e0 pain Toast est fabriqu\u00e9e au Japon \u00e0 partir de vrai pain. Par cons\u00e9quent, chaque lampe \u00e0 pain est \u00e9galement diff\u00e9rente et unique. Une lampe tr\u00e8s app\u00e9tissante !","robots":{"index":"index","follow":"follow","max-snippet":"max-snippet:-1","max-image-preview":"max-image-preview:large","max-video-preview":"max-video-preview:-1"},"canonical":"https:\/\/www.funfetti.shop\/fr\/produit\/lampe-a-pain-grille\/","og_locale":"fr_FR","og_type":"article","og_title":"Toast brood lamp gemaakt van echt brood.","og_description":"Deze Toast brood lamp is gemaakt in Japan en van echt brood. Daardoor is ook elke brood lamp verschillend en uniek. Een zeer appetijtelijk lampje!","og_url":"https:\/\/www.funfetti.shop\/fr\/produit\/lampe-a-pain-grille\/","og_site_name":"FunFetti","article_publisher":"https:\/\/www.facebook.com\/funfetti.shop","article_modified_time":"2026-01-14T13:52:01+00:00","og_image":[{"width":600,"height":1067,"url":"https:\/\/www.funfetti.shop\/wp-content\/uploads\/2020\/08\/Toast-6.jpg","type":"image\/jpeg"}],"twitter_card":"summary_large_image","twitter_misc":{"Dur\u00e9e de lecture estim\u00e9e":"1 minute"},"schema":{"@context":"https:\/\/schema.org","@graph":[{"@type":"WebPage","@id":"https:\/\/www.funfetti.shop\/product\/toast-brood-lamp\/","url":"https:\/\/www.funfetti.shop\/product\/toast-brood-lamp\/","name":"Lampe \u00e0 pain grill\u00e9 fabriqu\u00e9e \u00e0 partir de vrai pain.","isPartOf":{"@id":"https:\/\/www.funfetti.shop\/#website"},"primaryImageOfPage":{"@id":"https:\/\/www.funfetti.shop\/product\/toast-brood-lamp\/#primaryimage"},"image":{"@id":"https:\/\/www.funfetti.shop\/product\/toast-brood-lamp\/#primaryimage"},"thumbnailUrl":"https:\/\/www.funfetti.shop\/wp-content\/uploads\/2020\/08\/Toast-6.jpg","datePublished":"2020-08-06T13:20:26+00:00","dateModified":"2026-01-14T13:52:01+00:00","description":"Cette lampe \u00e0 pain Toast est fabriqu\u00e9e au Japon \u00e0 partir de vrai pain. Par cons\u00e9quent, chaque lampe \u00e0 pain est \u00e9galement diff\u00e9rente et unique. Une lampe tr\u00e8s app\u00e9tissante !","breadcrumb":{"@id":"https:\/\/www.funfetti.shop\/product\/toast-brood-lamp\/#breadcrumb"},"inLanguage":"fr-FR","potentialAction":[{"@type":"ReadAction","target":["https:\/\/www.funfetti.shop\/product\/toast-brood-lamp\/"]}]},{"@type":"ImageObject","inLanguage":"fr-FR","@id":"https:\/\/www.funfetti.shop\/product\/toast-brood-lamp\/#primaryimage","url":"https:\/\/www.funfetti.shop\/wp-content\/uploads\/2020\/08\/Toast-6.jpg","contentUrl":"https:\/\/www.funfetti.shop\/wp-content\/uploads\/2020\/08\/Toast-6.jpg","width":600,"height":1067,"caption":"croissant lamp"},{"@type":"BreadcrumbList","@id":"https:\/\/www.funfetti.shop\/product\/toast-brood-lamp\/#breadcrumb","itemListElement":[{"@type":"ListItem","position":1,"name":"Home","item":"https:\/\/www.funfetti.shop\/"},{"@type":"ListItem","position":2,"name":"Winkel","item":"https:\/\/www.funfetti.shop\/winkel\/"},{"@type":"ListItem","position":3,"name":"Toast Brood Lamp"}]},{"@type":"WebSite","@id":"https:\/\/www.funfetti.shop\/#website","url":"https:\/\/www.funfetti.shop\/","name":"FunFetti","description":"un m\u00e9lange de cadeaux, de d\u00e9coration d'int\u00e9rieur et de design","publisher":{"@id":"https:\/\/www.funfetti.shop\/#organization"},"potentialAction":[{"@type":"SearchAction","target":{"@type":"EntryPoint","urlTemplate":"https:\/\/www.funfetti.shop\/?s={search_term_string}"},"query-input":{"@type":"PropertyValueSpecification","valueRequired":true,"valueName":"search_term_string"}}],"inLanguage":"fr-FR"},{"@type":"Organization","@id":"https:\/\/www.funfetti.shop\/#organization","name":"FunFetti","url":"https:\/\/www.funfetti.shop\/","logo":{"@type":"ImageObject","inLanguage":"fr-FR","@id":"https:\/\/www.funfetti.shop\/#\/schema\/logo\/image\/","url":"https:\/\/i0.wp.com\/www.funfetti.shop\/wp-content\/uploads\/2021\/11\/cropped-LOGO-WP-2021.png?fit=2000%2C171&ssl=1","contentUrl":"https:\/\/i0.wp.com\/www.funfetti.shop\/wp-content\/uploads\/2021\/11\/cropped-LOGO-WP-2021.png?fit=2000%2C171&ssl=1","width":2000,"height":171,"caption":"FunFetti"},"image":{"@id":"https:\/\/www.funfetti.shop\/#\/schema\/logo\/image\/"},"sameAs":["https:\/\/www.facebook.com\/funfetti.shop","https:\/\/www.instagram.com\/funfetti.shop\/","https:\/\/nl.pinterest.com\/funfettiforever\/"]}]}},"jetpack_publicize_connections":[],"jetpack_sharing_enabled":true,"_links":{"self":[{"href":"https:\/\/www.funfetti.shop\/fr\/wp-json\/wp\/v2\/product\/3540","targetHints":{"allow":["GET"]}}],"collection":[{"href":"https:\/\/www.funfetti.shop\/fr\/wp-json\/wp\/v2\/product"}],"about":[{"href":"https:\/\/www.funfetti.shop\/fr\/wp-json\/wp\/v2\/types\/product"}],"wp:featuredmedia":[{"embeddable":true,"href":"https:\/\/www.funfetti.shop\/fr\/wp-json\/wp\/v2\/media\/7920"}],"wp:attachment":[{"href":"https:\/\/www.funfetti.shop\/fr\/wp-json\/wp\/v2\/media?parent=3540"}],"wp:term":[{"taxonomy":"product_brand","embeddable":true,"href":"https:\/\/www.funfetti.shop\/fr\/wp-json\/wp\/v2\/product_brand?post=3540"},{"taxonomy":"product_cat","embeddable":true,"href":"https:\/\/www.funfetti.shop\/fr\/wp-json\/wp\/v2\/product_cat?post=3540"},{"taxonomy":"product_tag","embeddable":true,"href":"https:\/\/www.funfetti.shop\/fr\/wp-json\/wp\/v2\/product_tag?post=3540"}],"curies":[{"name":"wp","href":"https:\/\/api.w.org\/{rel}","templated":true}]}}