{"id":3670,"date":"2020-09-17T11:26:43","date_gmt":"2020-09-17T11:26:43","guid":{"rendered":"https:\/\/www.funfetti.shop\/?post_type=product&#038;p=3670"},"modified":"2026-04-19T18:16:22","modified_gmt":"2026-04-19T18:16:22","slug":"tasse-princesse","status":"publish","type":"product","link":"https:\/\/www.funfetti.shop\/fr\/product\/kopje-prinses\/","title":{"rendered":"Tasse Tasse Princesse blanche"},"content":{"rendered":"<h3 data-section-id=\"145bnae\" data-start=\"2750\" data-end=\"2810\">Kopje Kopje Prinses wit \u2013 Studio RENS<\/h3>\n<p data-start=\"2812\" data-end=\"2842\"><strong data-start=\"2812\" data-end=\"2842\">Une princesse en forme de tasse.<\/strong><\/p>\n<p data-start=\"2844\" data-end=\"3125\">L'interpr\u00e9tation Prinses de Kopje Kopje de Studio RENS montre \u00e0 quel point la porcelaine peut \u00eatre ludique. Le design a quelque chose de doux et d'un peu f\u00e9erique, sans devenir mi\u00e8vre. C'est pr\u00e9cis\u00e9ment en blanc que la silhouette acquiert un aspect frais et lumineux qui se d\u00e9marque joliment par sa simplicit\u00e9.<\/p>\n<p data-start=\"3127\" data-end=\"3305\">Un petit dessin avec du caract\u00e8re. L\u00e9ger, \u00e9l\u00e9gant et juste un peu diff\u00e9rent des autres.<\/p>\n<p data-section-id=\"1dhqvak\" data-start=\"3528\" data-end=\"3545\"><em><strong>Sp\u00e9cifications :<\/strong><\/em><\/p>\n<ul data-start=\"3547\" data-end=\"4101\">\n<li data-section-id=\"1n1n9vt\" data-start=\"3547\" data-end=\"3579\"><em><strong>Produit : Kopje Kopje Princes<\/strong><\/em><\/li>\n<li data-section-id=\"1an69j1\" data-start=\"3580\" data-end=\"3608\"><em><strong>Num\u00e9ro d'article : 1144-P-WH<\/strong><\/em><\/li>\n<li data-section-id=\"1y3439s\" data-start=\"3609\" data-end=\"3671\"><em><strong>Mat\u00e9riau : Porcelaine<\/strong><\/em><\/li>\n<li data-section-id=\"qgfz4w\" data-start=\"3672\" data-end=\"3724\"><em><strong>Couleur : blanc<\/strong><\/em><\/li>\n<li data-section-id=\"abd8y8\" data-start=\"3725\" data-end=\"3794\"><em><strong>Dimensions : 10 x 9 x 9 cm<\/strong><\/em><\/li>\n<li data-section-id=\"18wzn3x\" data-start=\"3858\" data-end=\"3977\"><em><strong>Fabriqu\u00e9 \u00e0 la main, chaque exemplaire est donc unique\u00a0<\/strong><\/em><\/li>\n<li data-section-id=\"1u4s8hc\" data-start=\"3978\" data-end=\"4042\"><em><strong>Conception : Studio RENS<\/strong><\/em><\/li>\n<li data-section-id=\"e6bf1f\" data-start=\"4043\" data-end=\"4101\"><em><strong>Marque : <a href=\"https:\/\/www.funfetti.shop\/fr\/categorie-produit-2\/marques-2\/cor-unum\/\">Cor Unum<\/a><\/strong><\/em><\/li>\n<\/ul>\n<hr \/>\n<p data-start=\"4103\" data-end=\"4225\"><strong data-start=\"4103\" data-end=\"4120\">Astuce FunFetti :<\/strong> Combinez la variante blanche avec le gobelet gris kpoje afin qu'ils puissent se regarder par-dessus le bord.<\/p>\n<hr \/>\n<p>&nbsp;<\/p>","protected":false},"excerpt":{"rendered":"<p data-start=\"2487\" data-end=\"2509\"><strong data-start=\"2487\" data-end=\"2509\">Pourquoi ce produit ?<\/strong><\/p>\n<p>Parce que cette tasse de princesse blanche est une sc\u00e8ne de conte de f\u00e9es qui vous rend juste tr\u00e8s heureux.<\/p>","protected":false},"featured_media":8285,"template":"","meta":{"neve_meta_sidebar":"","neve_meta_container":"","neve_meta_enable_content_width":"off","neve_meta_content_width":100,"neve_meta_title_alignment":"","neve_meta_author_avatar":"","neve_post_elements_order":"","neve_meta_disable_header":"","neve_meta_disable_footer":"","neve_meta_disable_title":"","neve_meta_reading_time":"","jetpack_publicize_message":"","jetpack_publicize_feature_enabled":true,"jetpack_social_post_already_shared":false,"jetpack_social_options":{"image_generator_settings":{"template":"highway","default_image_id":0,"font":"","enabled":false},"version":2}},"product_brand":[],"product_cat":[15,466,678,677,22,30,29,710,685,23],"product_tag":[441,293,448,103],"class_list":{"0":"post-3670","1":"product","2":"type-product","3":"status-publish","4":"has-post-thumbnail","6":"product_cat-allefun","7":"product_cat-cor-unum","8":"product_cat-dutch-design","9":"product_cat-fundesign","10":"product_cat-funliving","11":"product_cat-keramiek","12":"product_cat-keuken","13":"product_cat-verantwoord-design","14":"product_cat-voor-haar","15":"product_cat-woondecoratie","16":"product_tag-cor-unum","17":"product_tag-kopje","18":"product_tag-prinses","19":"product_tag-wit","20":"product_shipping_class-pakket-met-track-en-trace","22":"first","23":"outofstock","24":"taxable","25":"shipping-taxable","26":"purchasable","27":"product-type-simple"},"yoast_head":"<!-- This site is optimized with the Yoast SEO plugin v27.4 - https:\/\/yoast.com\/product\/yoast-seo-wordpress\/ -->\n<title>Kopje Kopje Prinses wit - Studio Rens<\/title>\n<meta name=\"description\" content=\"In Kopje Kopje Prinses wit zit een echte prinses verstopt en ze tuurt schattig over de rand. Dit kopje is een sprookjesachtig tafereel.\" \/>\n<meta name=\"robots\" content=\"index, follow, max-snippet:-1, max-image-preview:large, max-video-preview:-1\" \/>\n<link rel=\"canonical\" href=\"https:\/\/www.funfetti.shop\/fr\/produit\/tasse-princesse\/\" \/>\n<meta property=\"og:locale\" content=\"fr_FR\" \/>\n<meta property=\"og:type\" content=\"article\" \/>\n<meta property=\"og:title\" content=\"Kopje Kopje Prinses wit - Studio Rens\" \/>\n<meta property=\"og:description\" content=\"In Kopje Kopje Prinses wit zit een echte prinses verstopt en ze tuurt schattig over de rand. Dit kopje is een sprookjesachtig tafereel.\" \/>\n<meta property=\"og:url\" content=\"https:\/\/www.funfetti.shop\/fr\/produit\/tasse-princesse\/\" \/>\n<meta property=\"og:site_name\" content=\"FunFetti\" \/>\n<meta property=\"article:publisher\" content=\"https:\/\/www.facebook.com\/funfetti.shop\" \/>\n<meta property=\"article:modified_time\" content=\"2026-04-19T18:16:22+00:00\" \/>\n<meta property=\"og:image\" content=\"https:\/\/www.funfetti.shop\/wp-content\/uploads\/2024\/09\/Etagere-blush-2-1.jpg\" \/>\n\t<meta property=\"og:image:width\" content=\"400\" \/>\n\t<meta property=\"og:image:height\" content=\"711\" \/>\n\t<meta property=\"og:image:type\" content=\"image\/jpeg\" \/>\n<meta name=\"twitter:card\" content=\"summary_large_image\" \/>\n<meta name=\"twitter:label1\" content=\"Dur\u00e9e de lecture estim\u00e9e\" \/>\n\t<meta name=\"twitter:data1\" content=\"1 minute\" \/>\n<script type=\"application\/ld+json\" class=\"yoast-schema-graph\">{\"@context\":\"https:\\\/\\\/schema.org\",\"@graph\":[{\"@type\":\"WebPage\",\"@id\":\"https:\\\/\\\/www.funfetti.shop\\\/product\\\/kopje-prinses\\\/\",\"url\":\"https:\\\/\\\/www.funfetti.shop\\\/product\\\/kopje-prinses\\\/\",\"name\":\"Kopje Kopje Prinses wit - Studio Rens\",\"isPartOf\":{\"@id\":\"https:\\\/\\\/www.funfetti.shop\\\/#website\"},\"primaryImageOfPage\":{\"@id\":\"https:\\\/\\\/www.funfetti.shop\\\/product\\\/kopje-prinses\\\/#primaryimage\"},\"image\":{\"@id\":\"https:\\\/\\\/www.funfetti.shop\\\/product\\\/kopje-prinses\\\/#primaryimage\"},\"thumbnailUrl\":\"https:\\\/\\\/www.funfetti.shop\\\/wp-content\\\/uploads\\\/2024\\\/09\\\/Etagere-blush-2-1.jpg\",\"datePublished\":\"2020-09-17T11:26:43+00:00\",\"dateModified\":\"2026-04-19T18:16:22+00:00\",\"description\":\"In Kopje Kopje Prinses wit zit een echte prinses verstopt en ze tuurt schattig over de rand. Dit kopje is een sprookjesachtig tafereel.\",\"breadcrumb\":{\"@id\":\"https:\\\/\\\/www.funfetti.shop\\\/product\\\/kopje-prinses\\\/#breadcrumb\"},\"inLanguage\":\"fr-FR\",\"potentialAction\":[{\"@type\":\"ReadAction\",\"target\":[\"https:\\\/\\\/www.funfetti.shop\\\/product\\\/kopje-prinses\\\/\"]}]},{\"@type\":\"ImageObject\",\"inLanguage\":\"fr-FR\",\"@id\":\"https:\\\/\\\/www.funfetti.shop\\\/product\\\/kopje-prinses\\\/#primaryimage\",\"url\":\"https:\\\/\\\/www.funfetti.shop\\\/wp-content\\\/uploads\\\/2024\\\/09\\\/Etagere-blush-2-1.jpg\",\"contentUrl\":\"https:\\\/\\\/www.funfetti.shop\\\/wp-content\\\/uploads\\\/2024\\\/09\\\/Etagere-blush-2-1.jpg\",\"width\":400,\"height\":711,\"caption\":\"PRCHTG etagere\"},{\"@type\":\"BreadcrumbList\",\"@id\":\"https:\\\/\\\/www.funfetti.shop\\\/product\\\/kopje-prinses\\\/#breadcrumb\",\"itemListElement\":[{\"@type\":\"ListItem\",\"position\":1,\"name\":\"Home\",\"item\":\"https:\\\/\\\/www.funfetti.shop\\\/\"},{\"@type\":\"ListItem\",\"position\":2,\"name\":\"Winkel\",\"item\":\"https:\\\/\\\/www.funfetti.shop\\\/winkel\\\/\"},{\"@type\":\"ListItem\",\"position\":3,\"name\":\"Kopje Kopje Prinses wit\"}]},{\"@type\":\"WebSite\",\"@id\":\"https:\\\/\\\/www.funfetti.shop\\\/#website\",\"url\":\"https:\\\/\\\/www.funfetti.shop\\\/\",\"name\":\"FunFetti\",\"description\":\"a curated mix of gifts, home d\u00e9cor and design\",\"publisher\":{\"@id\":\"https:\\\/\\\/www.funfetti.shop\\\/#organization\"},\"potentialAction\":[{\"@type\":\"SearchAction\",\"target\":{\"@type\":\"EntryPoint\",\"urlTemplate\":\"https:\\\/\\\/www.funfetti.shop\\\/?s={search_term_string}\"},\"query-input\":{\"@type\":\"PropertyValueSpecification\",\"valueRequired\":true,\"valueName\":\"search_term_string\"}}],\"inLanguage\":\"fr-FR\"},{\"@type\":\"Organization\",\"@id\":\"https:\\\/\\\/www.funfetti.shop\\\/#organization\",\"name\":\"FunFetti\",\"url\":\"https:\\\/\\\/www.funfetti.shop\\\/\",\"logo\":{\"@type\":\"ImageObject\",\"inLanguage\":\"fr-FR\",\"@id\":\"https:\\\/\\\/www.funfetti.shop\\\/#\\\/schema\\\/logo\\\/image\\\/\",\"url\":\"https:\\\/\\\/i0.wp.com\\\/www.funfetti.shop\\\/wp-content\\\/uploads\\\/2021\\\/11\\\/cropped-LOGO-WP-2021.png?fit=2000%2C171&ssl=1\",\"contentUrl\":\"https:\\\/\\\/i0.wp.com\\\/www.funfetti.shop\\\/wp-content\\\/uploads\\\/2021\\\/11\\\/cropped-LOGO-WP-2021.png?fit=2000%2C171&ssl=1\",\"width\":2000,\"height\":171,\"caption\":\"FunFetti\"},\"image\":{\"@id\":\"https:\\\/\\\/www.funfetti.shop\\\/#\\\/schema\\\/logo\\\/image\\\/\"},\"sameAs\":[\"https:\\\/\\\/www.facebook.com\\\/funfetti.shop\",\"https:\\\/\\\/www.instagram.com\\\/funfetti.shop\\\/\",\"https:\\\/\\\/nl.pinterest.com\\\/funfettiforever\\\/\"]}]}<\/script>\n<!-- \/ Yoast SEO plugin. -->","yoast_head_json":{"title":"Kopje Kopje Prinses wit - Studio Rens","description":"Dans la tasse Prinses wit, une vraie princesse est cach\u00e9e et elle regarde gentiment par-dessus le bord. Cette tasse est un tableau f\u00e9erique.","robots":{"index":"index","follow":"follow","max-snippet":"max-snippet:-1","max-image-preview":"max-image-preview:large","max-video-preview":"max-video-preview:-1"},"canonical":"https:\/\/www.funfetti.shop\/fr\/produit\/tasse-princesse\/","og_locale":"fr_FR","og_type":"article","og_title":"Kopje Kopje Prinses wit - Studio Rens","og_description":"In Kopje Kopje Prinses wit zit een echte prinses verstopt en ze tuurt schattig over de rand. Dit kopje is een sprookjesachtig tafereel.","og_url":"https:\/\/www.funfetti.shop\/fr\/produit\/tasse-princesse\/","og_site_name":"FunFetti","article_publisher":"https:\/\/www.facebook.com\/funfetti.shop","article_modified_time":"2026-04-19T18:16:22+00:00","og_image":[{"width":400,"height":711,"url":"https:\/\/www.funfetti.shop\/wp-content\/uploads\/2024\/09\/Etagere-blush-2-1.jpg","type":"image\/jpeg"}],"twitter_card":"summary_large_image","twitter_misc":{"Dur\u00e9e de lecture estim\u00e9e":"1 minute"},"schema":{"@context":"https:\/\/schema.org","@graph":[{"@type":"WebPage","@id":"https:\/\/www.funfetti.shop\/product\/kopje-prinses\/","url":"https:\/\/www.funfetti.shop\/product\/kopje-prinses\/","name":"Kopje Kopje Prinses wit - Studio Rens","isPartOf":{"@id":"https:\/\/www.funfetti.shop\/#website"},"primaryImageOfPage":{"@id":"https:\/\/www.funfetti.shop\/product\/kopje-prinses\/#primaryimage"},"image":{"@id":"https:\/\/www.funfetti.shop\/product\/kopje-prinses\/#primaryimage"},"thumbnailUrl":"https:\/\/www.funfetti.shop\/wp-content\/uploads\/2024\/09\/Etagere-blush-2-1.jpg","datePublished":"2020-09-17T11:26:43+00:00","dateModified":"2026-04-19T18:16:22+00:00","description":"Dans la tasse Prinses wit, une vraie princesse est cach\u00e9e et elle regarde gentiment par-dessus le bord. Cette tasse est un tableau f\u00e9erique.","breadcrumb":{"@id":"https:\/\/www.funfetti.shop\/product\/kopje-prinses\/#breadcrumb"},"inLanguage":"fr-FR","potentialAction":[{"@type":"ReadAction","target":["https:\/\/www.funfetti.shop\/product\/kopje-prinses\/"]}]},{"@type":"ImageObject","inLanguage":"fr-FR","@id":"https:\/\/www.funfetti.shop\/product\/kopje-prinses\/#primaryimage","url":"https:\/\/www.funfetti.shop\/wp-content\/uploads\/2024\/09\/Etagere-blush-2-1.jpg","contentUrl":"https:\/\/www.funfetti.shop\/wp-content\/uploads\/2024\/09\/Etagere-blush-2-1.jpg","width":400,"height":711,"caption":"PRCHTG etagere"},{"@type":"BreadcrumbList","@id":"https:\/\/www.funfetti.shop\/product\/kopje-prinses\/#breadcrumb","itemListElement":[{"@type":"ListItem","position":1,"name":"Home","item":"https:\/\/www.funfetti.shop\/"},{"@type":"ListItem","position":2,"name":"Winkel","item":"https:\/\/www.funfetti.shop\/winkel\/"},{"@type":"ListItem","position":3,"name":"Kopje Kopje Prinses wit"}]},{"@type":"WebSite","@id":"https:\/\/www.funfetti.shop\/#website","url":"https:\/\/www.funfetti.shop\/","name":"FunFetti","description":"un m\u00e9lange de cadeaux, de d\u00e9coration d'int\u00e9rieur et de design","publisher":{"@id":"https:\/\/www.funfetti.shop\/#organization"},"potentialAction":[{"@type":"SearchAction","target":{"@type":"EntryPoint","urlTemplate":"https:\/\/www.funfetti.shop\/?s={search_term_string}"},"query-input":{"@type":"PropertyValueSpecification","valueRequired":true,"valueName":"search_term_string"}}],"inLanguage":"fr-FR"},{"@type":"Organization","@id":"https:\/\/www.funfetti.shop\/#organization","name":"FunFetti","url":"https:\/\/www.funfetti.shop\/","logo":{"@type":"ImageObject","inLanguage":"fr-FR","@id":"https:\/\/www.funfetti.shop\/#\/schema\/logo\/image\/","url":"https:\/\/i0.wp.com\/www.funfetti.shop\/wp-content\/uploads\/2021\/11\/cropped-LOGO-WP-2021.png?fit=2000%2C171&ssl=1","contentUrl":"https:\/\/i0.wp.com\/www.funfetti.shop\/wp-content\/uploads\/2021\/11\/cropped-LOGO-WP-2021.png?fit=2000%2C171&ssl=1","width":2000,"height":171,"caption":"FunFetti"},"image":{"@id":"https:\/\/www.funfetti.shop\/#\/schema\/logo\/image\/"},"sameAs":["https:\/\/www.facebook.com\/funfetti.shop","https:\/\/www.instagram.com\/funfetti.shop\/","https:\/\/nl.pinterest.com\/funfettiforever\/"]}]}},"jetpack_publicize_connections":[],"jetpack_sharing_enabled":true,"_links":{"self":[{"href":"https:\/\/www.funfetti.shop\/fr\/wp-json\/wp\/v2\/product\/3670","targetHints":{"allow":["GET"]}}],"collection":[{"href":"https:\/\/www.funfetti.shop\/fr\/wp-json\/wp\/v2\/product"}],"about":[{"href":"https:\/\/www.funfetti.shop\/fr\/wp-json\/wp\/v2\/types\/product"}],"wp:featuredmedia":[{"embeddable":true,"href":"https:\/\/www.funfetti.shop\/fr\/wp-json\/wp\/v2\/media\/8285"}],"wp:attachment":[{"href":"https:\/\/www.funfetti.shop\/fr\/wp-json\/wp\/v2\/media?parent=3670"}],"wp:term":[{"taxonomy":"product_brand","embeddable":true,"href":"https:\/\/www.funfetti.shop\/fr\/wp-json\/wp\/v2\/product_brand?post=3670"},{"taxonomy":"product_cat","embeddable":true,"href":"https:\/\/www.funfetti.shop\/fr\/wp-json\/wp\/v2\/product_cat?post=3670"},{"taxonomy":"product_tag","embeddable":true,"href":"https:\/\/www.funfetti.shop\/fr\/wp-json\/wp\/v2\/product_tag?post=3670"}],"curies":[{"name":"wp","href":"https:\/\/api.w.org\/{rel}","templated":true}]}}