{"id":3676,"date":"2020-09-17T11:40:08","date_gmt":"2020-09-17T11:40:08","guid":{"rendered":"https:\/\/www.funfetti.shop\/?post_type=product&#038;p=3676"},"modified":"2026-04-01T12:17:11","modified_gmt":"2026-04-01T12:17:11","slug":"tasse-princesse-gris-fonce","status":"publish","type":"product","link":"https:\/\/www.funfetti.shop\/fr\/product\/kopje-prinses-donker-grijs\/","title":{"rendered":"T\u00eate de princesse de la t\u00eate grise"},"content":{"rendered":"<h3 data-section-id=\"1fe9u8g\" data-start=\"4529\" data-end=\"4591\">Kopje Kopje Prinses Grijs \u2013 Studio RENS<\/h3>\n<p data-start=\"4593\" data-end=\"4634\"><strong data-start=\"4593\" data-end=\"4634\">Douce en forme, forte en aura.<\/strong><\/p>\n<p data-start=\"4636\" data-end=\"4935\">Dans la Princesse Grise Grise Grise de Studio RENS, une v\u00e9ritable princesse est cach\u00e9e et elle regarde tendrement par-dessus le bord. La silhouette f\u00e9\u00e9rique acquiert une allure subtile et moderne dans le gris fonc\u00e9.<\/p>\n<p data-start=\"4937\" data-end=\"5167\">Avec son caract\u00e8re ludique, il s'int\u00e8gre bien comme objet sp\u00e9cial parmi vos autres pi\u00e8ces pr\u00e9f\u00e9r\u00e9es.<\/p>\n<p data-section-id=\"1dhqvak\" data-start=\"5366\" data-end=\"5383\"><strong><em>Sp\u00e9cifications :<\/em><\/strong><\/p>\n<ul data-start=\"5385\" data-end=\"5947\">\n<li data-section-id=\"1n1n9vt\" data-start=\"5385\" data-end=\"5417\"><strong><em>Produit : Kopje Kopje Princes<\/em><\/strong><\/li>\n<li data-section-id=\"1wsxop7\" data-start=\"5418\" data-end=\"5448\"><strong><em>Num\u00e9ro d'article : 1144-P-GREY<\/em><\/strong><\/li>\n<li data-section-id=\"1kp350w\" data-start=\"5449\" data-end=\"5513\"><strong><em>Mat\u00e9riau : Porcelaine<\/em><\/strong><\/li>\n<li data-section-id=\"y6dolr\" data-start=\"5514\" data-end=\"5570\"><strong><em>Couleur : gris fonc\u00e9 mat<\/em><\/strong><\/li>\n<li data-section-id=\"1ylf8uo\" data-start=\"5571\" data-end=\"5640\"><strong><em>Dimensions : 10 x 9 x 9 cm<\/em><\/strong><\/li>\n<li data-section-id=\"g6jfst\" data-start=\"5704\" data-end=\"5823\"><strong><em>Fait main et peut pr\u00e9senter de l\u00e9g\u00e8res irr\u00e9gularit\u00e9s<\/em><\/strong><\/li>\n<li data-section-id=\"ffac34\" data-start=\"5824\" data-end=\"5888\"><strong><em>Conception : Studio RENS<\/em><\/strong><\/li>\n<li data-section-id=\"182v59f\" data-start=\"5889\" data-end=\"5947\"><strong><em>Marque : <a href=\"https:\/\/www.funfetti.shop\/fr\/categorie-produit-2\/marques-2\/cor-unum\/\">Cor Unum<\/a><\/em><\/strong><\/li>\n<\/ul>\n<hr \/>\n<p>&nbsp;<\/p>","protected":false},"excerpt":{"rendered":"<p data-start=\"4255\" data-end=\"4277\"><strong data-start=\"4255\" data-end=\"4277\">Pourquoi ce produit ? <\/strong><\/p>\n<p data-start=\"4255\" data-end=\"4277\">Dans la tasse Kopje Kopje Prinses Grijs se cache une vraie princesse qui regarde gentiment par-dessus le bord. Cette tasse est une sc\u00e8ne de conte de f\u00e9es qui ne cesse de vous \u00e9merveiller.<\/p>","protected":false},"featured_media":8095,"template":"","meta":{"neve_meta_sidebar":"","neve_meta_container":"","neve_meta_enable_content_width":"off","neve_meta_content_width":100,"neve_meta_title_alignment":"","neve_meta_author_avatar":"","neve_post_elements_order":"","neve_meta_disable_header":"","neve_meta_disable_footer":"","neve_meta_disable_title":"","neve_meta_reading_time":"","jetpack_publicize_message":"","jetpack_publicize_feature_enabled":true,"jetpack_social_post_already_shared":false,"jetpack_social_options":{"image_generator_settings":{"template":"highway","default_image_id":0,"font":"","enabled":false},"version":2}},"product_brand":[],"product_cat":[15,466,678,677,22,688,30,29,710,685,23],"product_tag":[441,293,448,103],"class_list":{"0":"post-3676","1":"product","2":"type-product","3":"status-publish","4":"has-post-thumbnail","6":"product_cat-allefun","7":"product_cat-cor-unum","8":"product_cat-dutch-design","9":"product_cat-fundesign","10":"product_cat-funliving","11":"product_cat-geselecteerde-producten","12":"product_cat-keramiek","13":"product_cat-keuken","14":"product_cat-verantwoord-design","15":"product_cat-voor-haar","16":"product_cat-woondecoratie","17":"product_tag-cor-unum","18":"product_tag-kopje","19":"product_tag-prinses","20":"product_tag-wit","21":"product_shipping_class-pakket-met-track-en-trace","23":"first","24":"instock","25":"taxable","26":"shipping-taxable","27":"purchasable","28":"product-type-simple"},"yoast_head":"<!-- This site is optimized with the Yoast SEO plugin v27.4 - https:\/\/yoast.com\/product\/yoast-seo-wordpress\/ -->\n<title>Kopje Kopje Prinses Grijs van Studio RENS<\/title>\n<meta name=\"description\" content=\"In Kopje Kopje Prinses Grijs zit een echte prinses verstopt en ze tuurt schattig over de rand. Dit kopje is een sprookjesachtig tafereel.\" \/>\n<meta name=\"robots\" content=\"index, follow, max-snippet:-1, max-image-preview:large, max-video-preview:-1\" \/>\n<link rel=\"canonical\" href=\"https:\/\/www.funfetti.shop\/fr\/produit\/tasse-princesse-gris-fonce\/\" \/>\n<meta property=\"og:locale\" content=\"fr_FR\" \/>\n<meta property=\"og:type\" content=\"article\" \/>\n<meta property=\"og:title\" content=\"Kopje Kopje Prinses Grijs van Studio RENS\" \/>\n<meta property=\"og:description\" content=\"In Kopje Kopje Prinses Grijs zit een echte prinses verstopt en ze tuurt schattig over de rand. Dit kopje is een sprookjesachtig tafereel.\" \/>\n<meta property=\"og:url\" content=\"https:\/\/www.funfetti.shop\/fr\/produit\/tasse-princesse-gris-fonce\/\" \/>\n<meta property=\"og:site_name\" content=\"FunFetti\" \/>\n<meta property=\"article:publisher\" content=\"https:\/\/www.facebook.com\/funfetti.shop\" \/>\n<meta property=\"article:modified_time\" content=\"2026-04-01T12:17:11+00:00\" \/>\n<meta property=\"og:image\" content=\"https:\/\/www.funfetti.shop\/wp-content\/uploads\/2020\/09\/Prinses-in-een-kopje-zwart-5.jpg\" \/>\n\t<meta property=\"og:image:width\" content=\"600\" \/>\n\t<meta property=\"og:image:height\" content=\"1067\" \/>\n\t<meta property=\"og:image:type\" content=\"image\/jpeg\" \/>\n<meta name=\"twitter:card\" content=\"summary_large_image\" \/>\n<meta name=\"twitter:label1\" content=\"Dur\u00e9e de lecture estim\u00e9e\" \/>\n\t<meta name=\"twitter:data1\" content=\"1 minute\" \/>\n<script type=\"application\/ld+json\" class=\"yoast-schema-graph\">{\"@context\":\"https:\\\/\\\/schema.org\",\"@graph\":[{\"@type\":\"WebPage\",\"@id\":\"https:\\\/\\\/www.funfetti.shop\\\/product\\\/kopje-prinses-donker-grijs\\\/\",\"url\":\"https:\\\/\\\/www.funfetti.shop\\\/product\\\/kopje-prinses-donker-grijs\\\/\",\"name\":\"Kopje Kopje Prinses Grijs van Studio RENS\",\"isPartOf\":{\"@id\":\"https:\\\/\\\/www.funfetti.shop\\\/#website\"},\"primaryImageOfPage\":{\"@id\":\"https:\\\/\\\/www.funfetti.shop\\\/product\\\/kopje-prinses-donker-grijs\\\/#primaryimage\"},\"image\":{\"@id\":\"https:\\\/\\\/www.funfetti.shop\\\/product\\\/kopje-prinses-donker-grijs\\\/#primaryimage\"},\"thumbnailUrl\":\"https:\\\/\\\/www.funfetti.shop\\\/wp-content\\\/uploads\\\/2020\\\/09\\\/Prinses-in-een-kopje-zwart-5.jpg\",\"datePublished\":\"2020-09-17T11:40:08+00:00\",\"dateModified\":\"2026-04-01T12:17:11+00:00\",\"description\":\"In Kopje Kopje Prinses Grijs zit een echte prinses verstopt en ze tuurt schattig over de rand. Dit kopje is een sprookjesachtig tafereel.\",\"breadcrumb\":{\"@id\":\"https:\\\/\\\/www.funfetti.shop\\\/product\\\/kopje-prinses-donker-grijs\\\/#breadcrumb\"},\"inLanguage\":\"fr-FR\",\"potentialAction\":[{\"@type\":\"ReadAction\",\"target\":[\"https:\\\/\\\/www.funfetti.shop\\\/product\\\/kopje-prinses-donker-grijs\\\/\"]}]},{\"@type\":\"ImageObject\",\"inLanguage\":\"fr-FR\",\"@id\":\"https:\\\/\\\/www.funfetti.shop\\\/product\\\/kopje-prinses-donker-grijs\\\/#primaryimage\",\"url\":\"https:\\\/\\\/www.funfetti.shop\\\/wp-content\\\/uploads\\\/2020\\\/09\\\/Prinses-in-een-kopje-zwart-5.jpg\",\"contentUrl\":\"https:\\\/\\\/www.funfetti.shop\\\/wp-content\\\/uploads\\\/2020\\\/09\\\/Prinses-in-een-kopje-zwart-5.jpg\",\"width\":600,\"height\":1067,\"caption\":\"cor unum prinses\"},{\"@type\":\"BreadcrumbList\",\"@id\":\"https:\\\/\\\/www.funfetti.shop\\\/product\\\/kopje-prinses-donker-grijs\\\/#breadcrumb\",\"itemListElement\":[{\"@type\":\"ListItem\",\"position\":1,\"name\":\"Home\",\"item\":\"https:\\\/\\\/www.funfetti.shop\\\/\"},{\"@type\":\"ListItem\",\"position\":2,\"name\":\"Winkel\",\"item\":\"https:\\\/\\\/www.funfetti.shop\\\/winkel\\\/\"},{\"@type\":\"ListItem\",\"position\":3,\"name\":\"Kopje Kopje Prinses Grijs\"}]},{\"@type\":\"WebSite\",\"@id\":\"https:\\\/\\\/www.funfetti.shop\\\/#website\",\"url\":\"https:\\\/\\\/www.funfetti.shop\\\/\",\"name\":\"FunFetti\",\"description\":\"a curated mix of gifts, home d\u00e9cor and design\",\"publisher\":{\"@id\":\"https:\\\/\\\/www.funfetti.shop\\\/#organization\"},\"potentialAction\":[{\"@type\":\"SearchAction\",\"target\":{\"@type\":\"EntryPoint\",\"urlTemplate\":\"https:\\\/\\\/www.funfetti.shop\\\/?s={search_term_string}\"},\"query-input\":{\"@type\":\"PropertyValueSpecification\",\"valueRequired\":true,\"valueName\":\"search_term_string\"}}],\"inLanguage\":\"fr-FR\"},{\"@type\":\"Organization\",\"@id\":\"https:\\\/\\\/www.funfetti.shop\\\/#organization\",\"name\":\"FunFetti\",\"url\":\"https:\\\/\\\/www.funfetti.shop\\\/\",\"logo\":{\"@type\":\"ImageObject\",\"inLanguage\":\"fr-FR\",\"@id\":\"https:\\\/\\\/www.funfetti.shop\\\/#\\\/schema\\\/logo\\\/image\\\/\",\"url\":\"https:\\\/\\\/i0.wp.com\\\/www.funfetti.shop\\\/wp-content\\\/uploads\\\/2021\\\/11\\\/cropped-LOGO-WP-2021.png?fit=2000%2C171&ssl=1\",\"contentUrl\":\"https:\\\/\\\/i0.wp.com\\\/www.funfetti.shop\\\/wp-content\\\/uploads\\\/2021\\\/11\\\/cropped-LOGO-WP-2021.png?fit=2000%2C171&ssl=1\",\"width\":2000,\"height\":171,\"caption\":\"FunFetti\"},\"image\":{\"@id\":\"https:\\\/\\\/www.funfetti.shop\\\/#\\\/schema\\\/logo\\\/image\\\/\"},\"sameAs\":[\"https:\\\/\\\/www.facebook.com\\\/funfetti.shop\",\"https:\\\/\\\/www.instagram.com\\\/funfetti.shop\\\/\",\"https:\\\/\\\/nl.pinterest.com\\\/funfettiforever\\\/\"]}]}<\/script>\n<!-- \/ Yoast SEO plugin. -->","yoast_head_json":{"title":"Kopje Kopje Prinses Grijs par Studio RENS","description":"Dans la tasse Kopje Kopje Prinses Grijs, une vraie princesse est cach\u00e9e et elle jette un regard adorable par-dessus le bord. Cette tasse est une sc\u00e8ne f\u00e9erique.","robots":{"index":"index","follow":"follow","max-snippet":"max-snippet:-1","max-image-preview":"max-image-preview:large","max-video-preview":"max-video-preview:-1"},"canonical":"https:\/\/www.funfetti.shop\/fr\/produit\/tasse-princesse-gris-fonce\/","og_locale":"fr_FR","og_type":"article","og_title":"Kopje Kopje Prinses Grijs van Studio RENS","og_description":"In Kopje Kopje Prinses Grijs zit een echte prinses verstopt en ze tuurt schattig over de rand. Dit kopje is een sprookjesachtig tafereel.","og_url":"https:\/\/www.funfetti.shop\/fr\/produit\/tasse-princesse-gris-fonce\/","og_site_name":"FunFetti","article_publisher":"https:\/\/www.facebook.com\/funfetti.shop","article_modified_time":"2026-04-01T12:17:11+00:00","og_image":[{"width":600,"height":1067,"url":"https:\/\/www.funfetti.shop\/wp-content\/uploads\/2020\/09\/Prinses-in-een-kopje-zwart-5.jpg","type":"image\/jpeg"}],"twitter_card":"summary_large_image","twitter_misc":{"Dur\u00e9e de lecture estim\u00e9e":"1 minute"},"schema":{"@context":"https:\/\/schema.org","@graph":[{"@type":"WebPage","@id":"https:\/\/www.funfetti.shop\/product\/kopje-prinses-donker-grijs\/","url":"https:\/\/www.funfetti.shop\/product\/kopje-prinses-donker-grijs\/","name":"Kopje Kopje Prinses Grijs par Studio RENS","isPartOf":{"@id":"https:\/\/www.funfetti.shop\/#website"},"primaryImageOfPage":{"@id":"https:\/\/www.funfetti.shop\/product\/kopje-prinses-donker-grijs\/#primaryimage"},"image":{"@id":"https:\/\/www.funfetti.shop\/product\/kopje-prinses-donker-grijs\/#primaryimage"},"thumbnailUrl":"https:\/\/www.funfetti.shop\/wp-content\/uploads\/2020\/09\/Prinses-in-een-kopje-zwart-5.jpg","datePublished":"2020-09-17T11:40:08+00:00","dateModified":"2026-04-01T12:17:11+00:00","description":"Dans la tasse Kopje Kopje Prinses Grijs, une vraie princesse est cach\u00e9e et elle jette un regard adorable par-dessus le bord. Cette tasse est une sc\u00e8ne f\u00e9erique.","breadcrumb":{"@id":"https:\/\/www.funfetti.shop\/product\/kopje-prinses-donker-grijs\/#breadcrumb"},"inLanguage":"fr-FR","potentialAction":[{"@type":"ReadAction","target":["https:\/\/www.funfetti.shop\/product\/kopje-prinses-donker-grijs\/"]}]},{"@type":"ImageObject","inLanguage":"fr-FR","@id":"https:\/\/www.funfetti.shop\/product\/kopje-prinses-donker-grijs\/#primaryimage","url":"https:\/\/www.funfetti.shop\/wp-content\/uploads\/2020\/09\/Prinses-in-een-kopje-zwart-5.jpg","contentUrl":"https:\/\/www.funfetti.shop\/wp-content\/uploads\/2020\/09\/Prinses-in-een-kopje-zwart-5.jpg","width":600,"height":1067,"caption":"cor unum prinses"},{"@type":"BreadcrumbList","@id":"https:\/\/www.funfetti.shop\/product\/kopje-prinses-donker-grijs\/#breadcrumb","itemListElement":[{"@type":"ListItem","position":1,"name":"Home","item":"https:\/\/www.funfetti.shop\/"},{"@type":"ListItem","position":2,"name":"Winkel","item":"https:\/\/www.funfetti.shop\/winkel\/"},{"@type":"ListItem","position":3,"name":"Kopje Kopje Prinses Grijs"}]},{"@type":"WebSite","@id":"https:\/\/www.funfetti.shop\/#website","url":"https:\/\/www.funfetti.shop\/","name":"FunFetti","description":"un m\u00e9lange de cadeaux, de d\u00e9coration d'int\u00e9rieur et de design","publisher":{"@id":"https:\/\/www.funfetti.shop\/#organization"},"potentialAction":[{"@type":"SearchAction","target":{"@type":"EntryPoint","urlTemplate":"https:\/\/www.funfetti.shop\/?s={search_term_string}"},"query-input":{"@type":"PropertyValueSpecification","valueRequired":true,"valueName":"search_term_string"}}],"inLanguage":"fr-FR"},{"@type":"Organization","@id":"https:\/\/www.funfetti.shop\/#organization","name":"FunFetti","url":"https:\/\/www.funfetti.shop\/","logo":{"@type":"ImageObject","inLanguage":"fr-FR","@id":"https:\/\/www.funfetti.shop\/#\/schema\/logo\/image\/","url":"https:\/\/i0.wp.com\/www.funfetti.shop\/wp-content\/uploads\/2021\/11\/cropped-LOGO-WP-2021.png?fit=2000%2C171&ssl=1","contentUrl":"https:\/\/i0.wp.com\/www.funfetti.shop\/wp-content\/uploads\/2021\/11\/cropped-LOGO-WP-2021.png?fit=2000%2C171&ssl=1","width":2000,"height":171,"caption":"FunFetti"},"image":{"@id":"https:\/\/www.funfetti.shop\/#\/schema\/logo\/image\/"},"sameAs":["https:\/\/www.facebook.com\/funfetti.shop","https:\/\/www.instagram.com\/funfetti.shop\/","https:\/\/nl.pinterest.com\/funfettiforever\/"]}]}},"jetpack_publicize_connections":[],"jetpack_sharing_enabled":true,"_links":{"self":[{"href":"https:\/\/www.funfetti.shop\/fr\/wp-json\/wp\/v2\/product\/3676","targetHints":{"allow":["GET"]}}],"collection":[{"href":"https:\/\/www.funfetti.shop\/fr\/wp-json\/wp\/v2\/product"}],"about":[{"href":"https:\/\/www.funfetti.shop\/fr\/wp-json\/wp\/v2\/types\/product"}],"wp:featuredmedia":[{"embeddable":true,"href":"https:\/\/www.funfetti.shop\/fr\/wp-json\/wp\/v2\/media\/8095"}],"wp:attachment":[{"href":"https:\/\/www.funfetti.shop\/fr\/wp-json\/wp\/v2\/media?parent=3676"}],"wp:term":[{"taxonomy":"product_brand","embeddable":true,"href":"https:\/\/www.funfetti.shop\/fr\/wp-json\/wp\/v2\/product_brand?post=3676"},{"taxonomy":"product_cat","embeddable":true,"href":"https:\/\/www.funfetti.shop\/fr\/wp-json\/wp\/v2\/product_cat?post=3676"},{"taxonomy":"product_tag","embeddable":true,"href":"https:\/\/www.funfetti.shop\/fr\/wp-json\/wp\/v2\/product_tag?post=3676"}],"curies":[{"name":"wp","href":"https:\/\/api.w.org\/{rel}","templated":true}]}}