{"id":3684,"date":"2020-09-17T14:15:39","date_gmt":"2020-09-17T14:15:39","guid":{"rendered":"https:\/\/www.funfetti.shop\/?post_type=product&#038;p=3684"},"modified":"2026-01-14T15:15:33","modified_gmt":"2026-01-14T15:15:33","slug":"vase-jaune-gribouillis","status":"publish","type":"product","link":"https:\/\/www.funfetti.shop\/fr\/product\/gele-vaas-doodle\/","title":{"rendered":"Gribouillis de vase jaune par Roderick Vos"},"content":{"rendered":"<p data-start=\"70\" data-end=\"146\"><strong data-start=\"70\" data-end=\"144\">Gribouillis de vase jaune par Roderick Vos\u00a0<\/strong><\/p>\n<p data-start=\"148\" data-end=\"457\">Apportez une touche de gaiet\u00e9 et d'originalit\u00e9 \u00e0 votre int\u00e9rieur avec le <strong data-start=\"206\" data-end=\"228\">Vase jaune \u2018Doodle\u2019<\/strong> de Roderick Vos. Ce vase s'inspire d'un gribouillis ludique, ce qui lui conf\u00e8re son aspect cartoonesque caract\u00e9ristique. Remplissez-le de vos fleurs pr\u00e9f\u00e9r\u00e9es et vous aurez instantan\u00e9ment une belle \u0153uvre d'art dans votre maison.<\/p>\n<ul>\n<li><em><strong>Fait \u00e0 la main<\/strong> aux Pays-Bas<\/em><\/li>\n<li><em>Disponible sur demande en jaune, abricot, violet vintage, vert feuille et blanc.<\/em><\/li>\n<li><em>Mat\u00e9riau : fa\u00efence<\/em><\/li>\n<li><em>Dimensions : 34 cm x 34 cm<\/em><\/li>\n<li><em>Conception : <strong><a href=\"https:\/\/www.funfetti.shop\/fr\/categorie-produit-2\/conception-de-fonds\/concepteurs\/roderick-fox\/\">Roderick Vos<\/a><\/strong><\/em><\/li>\n<li><em>Marque : <strong><a href=\"https:\/\/www.funfetti.shop\/fr\/categorie-produit-2\/marques-2\/cor-unum\/\">Cor Unum<\/a><\/strong><\/em><\/li>\n<\/ul>\n<hr \/>\n<p>Une d\u00e9claration accrocheuse dans n'importe quel int\u00e9rieur, parfaite pour les amateurs de design, d'art et d'accessoires d'int\u00e9rieur uniques.<\/p>\n<hr \/>\n<p>&nbsp;<\/p>","protected":false},"excerpt":{"rendered":"<p>Yellow Vase Doodle de Roderick Vos est un vase \u00e9tonnant et unique cr\u00e9\u00e9 \u00e0 partir d'un gribouillage et c'est exactement ce qui lui donne son aspect cartoonesque qui vous rend heureux. Rempli de belles fleurs, ce vase est une v\u00e9ritable \u0153uvre d'art.<\/p>","protected":false},"featured_media":8089,"template":"","meta":{"neve_meta_sidebar":"","neve_meta_container":"","neve_meta_enable_content_width":"off","neve_meta_content_width":100,"neve_meta_title_alignment":"","neve_meta_author_avatar":"","neve_post_elements_order":"","neve_meta_disable_header":"","neve_meta_disable_footer":"","neve_meta_disable_title":"","neve_meta_reading_time":"","jetpack_publicize_message":"","jetpack_publicize_feature_enabled":true,"jetpack_social_post_already_shared":false,"jetpack_social_options":{"image_generator_settings":{"template":"highway","default_image_id":0,"font":"","enabled":false},"version":2}},"product_brand":[],"product_cat":[15,466,678,677,22,30,812,316,710,23],"product_tag":[441,253,134,460,148],"class_list":{"0":"post-3684","1":"product","2":"type-product","3":"status-publish","4":"has-post-thumbnail","6":"product_cat-allefun","7":"product_cat-cor-unum","8":"product_cat-dutch-design","9":"product_cat-fundesign","10":"product_cat-funliving","11":"product_cat-keramiek","12":"product_cat-roderick-vos","13":"product_cat-vazen","14":"product_cat-verantwoord-design","15":"product_cat-woondecoratie","16":"product_tag-cor-unum","17":"product_tag-geel","18":"product_tag-keramiek","19":"product_tag-roderick-vos","20":"product_tag-vaas","21":"product_shipping_class-pakket-met-track-en-trace","23":"first","24":"instock","25":"taxable","26":"shipping-taxable","27":"purchasable","28":"product-type-simple"},"yoast_head":"<!-- This site is optimized with the Yoast SEO plugin v27.4 - https:\/\/yoast.com\/product\/yoast-seo-wordpress\/ -->\n<title>Gele Vaas Doodle<\/title>\n<meta name=\"description\" content=\"Gele Vaas Doodle van Roderick Vos heeft een geweldige cartooneske uitstraling. Van welke kant je hem ook bekijkt hij is en blijft heel bijzonder.\" \/>\n<meta name=\"robots\" content=\"index, follow, max-snippet:-1, max-image-preview:large, max-video-preview:-1\" \/>\n<link rel=\"canonical\" href=\"https:\/\/www.funfetti.shop\/fr\/produit\/vase-jaune-gribouillis\/\" \/>\n<meta property=\"og:locale\" content=\"fr_FR\" \/>\n<meta property=\"og:type\" content=\"article\" \/>\n<meta property=\"og:title\" content=\"Gele Vaas Doodle\" \/>\n<meta property=\"og:description\" content=\"Gele Vaas Doodle van Roderick Vos heeft een geweldige cartooneske uitstraling. Van welke kant je hem ook bekijkt hij is en blijft heel bijzonder.\" \/>\n<meta property=\"og:url\" content=\"https:\/\/www.funfetti.shop\/fr\/produit\/vase-jaune-gribouillis\/\" \/>\n<meta property=\"og:site_name\" content=\"FunFetti\" \/>\n<meta property=\"article:publisher\" content=\"https:\/\/www.facebook.com\/funfetti.shop\" \/>\n<meta property=\"article:modified_time\" content=\"2026-01-14T15:15:33+00:00\" \/>\n<meta property=\"og:image\" content=\"https:\/\/www.funfetti.shop\/wp-content\/uploads\/2020\/09\/Roderick-vos-geel-9.jpg\" \/>\n\t<meta property=\"og:image:width\" content=\"400\" \/>\n\t<meta property=\"og:image:height\" content=\"711\" \/>\n\t<meta property=\"og:image:type\" content=\"image\/jpeg\" \/>\n<meta name=\"twitter:card\" content=\"summary_large_image\" \/>\n<meta name=\"twitter:label1\" content=\"Dur\u00e9e de lecture estim\u00e9e\" \/>\n\t<meta name=\"twitter:data1\" content=\"1 minute\" \/>\n<script type=\"application\/ld+json\" class=\"yoast-schema-graph\">{\"@context\":\"https:\\\/\\\/schema.org\",\"@graph\":[{\"@type\":\"WebPage\",\"@id\":\"https:\\\/\\\/www.funfetti.shop\\\/product\\\/gele-vaas-doodle\\\/\",\"url\":\"https:\\\/\\\/www.funfetti.shop\\\/product\\\/gele-vaas-doodle\\\/\",\"name\":\"Gele Vaas Doodle\",\"isPartOf\":{\"@id\":\"https:\\\/\\\/www.funfetti.shop\\\/#website\"},\"primaryImageOfPage\":{\"@id\":\"https:\\\/\\\/www.funfetti.shop\\\/product\\\/gele-vaas-doodle\\\/#primaryimage\"},\"image\":{\"@id\":\"https:\\\/\\\/www.funfetti.shop\\\/product\\\/gele-vaas-doodle\\\/#primaryimage\"},\"thumbnailUrl\":\"https:\\\/\\\/www.funfetti.shop\\\/wp-content\\\/uploads\\\/2020\\\/09\\\/Roderick-vos-geel-9.jpg\",\"datePublished\":\"2020-09-17T14:15:39+00:00\",\"dateModified\":\"2026-01-14T15:15:33+00:00\",\"description\":\"Gele Vaas Doodle van Roderick Vos heeft een geweldige cartooneske uitstraling. Van welke kant je hem ook bekijkt hij is en blijft heel bijzonder.\",\"breadcrumb\":{\"@id\":\"https:\\\/\\\/www.funfetti.shop\\\/product\\\/gele-vaas-doodle\\\/#breadcrumb\"},\"inLanguage\":\"fr-FR\",\"potentialAction\":[{\"@type\":\"ReadAction\",\"target\":[\"https:\\\/\\\/www.funfetti.shop\\\/product\\\/gele-vaas-doodle\\\/\"]}]},{\"@type\":\"ImageObject\",\"inLanguage\":\"fr-FR\",\"@id\":\"https:\\\/\\\/www.funfetti.shop\\\/product\\\/gele-vaas-doodle\\\/#primaryimage\",\"url\":\"https:\\\/\\\/www.funfetti.shop\\\/wp-content\\\/uploads\\\/2020\\\/09\\\/Roderick-vos-geel-9.jpg\",\"contentUrl\":\"https:\\\/\\\/www.funfetti.shop\\\/wp-content\\\/uploads\\\/2020\\\/09\\\/Roderick-vos-geel-9.jpg\",\"width\":400,\"height\":711},{\"@type\":\"BreadcrumbList\",\"@id\":\"https:\\\/\\\/www.funfetti.shop\\\/product\\\/gele-vaas-doodle\\\/#breadcrumb\",\"itemListElement\":[{\"@type\":\"ListItem\",\"position\":1,\"name\":\"Home\",\"item\":\"https:\\\/\\\/www.funfetti.shop\\\/\"},{\"@type\":\"ListItem\",\"position\":2,\"name\":\"Winkel\",\"item\":\"https:\\\/\\\/www.funfetti.shop\\\/winkel\\\/\"},{\"@type\":\"ListItem\",\"position\":3,\"name\":\"Gele Vaas Doodle van Roderick Vos\"}]},{\"@type\":\"WebSite\",\"@id\":\"https:\\\/\\\/www.funfetti.shop\\\/#website\",\"url\":\"https:\\\/\\\/www.funfetti.shop\\\/\",\"name\":\"FunFetti\",\"description\":\"a curated mix of gifts, home d\u00e9cor and design\",\"publisher\":{\"@id\":\"https:\\\/\\\/www.funfetti.shop\\\/#organization\"},\"potentialAction\":[{\"@type\":\"SearchAction\",\"target\":{\"@type\":\"EntryPoint\",\"urlTemplate\":\"https:\\\/\\\/www.funfetti.shop\\\/?s={search_term_string}\"},\"query-input\":{\"@type\":\"PropertyValueSpecification\",\"valueRequired\":true,\"valueName\":\"search_term_string\"}}],\"inLanguage\":\"fr-FR\"},{\"@type\":\"Organization\",\"@id\":\"https:\\\/\\\/www.funfetti.shop\\\/#organization\",\"name\":\"FunFetti\",\"url\":\"https:\\\/\\\/www.funfetti.shop\\\/\",\"logo\":{\"@type\":\"ImageObject\",\"inLanguage\":\"fr-FR\",\"@id\":\"https:\\\/\\\/www.funfetti.shop\\\/#\\\/schema\\\/logo\\\/image\\\/\",\"url\":\"https:\\\/\\\/i0.wp.com\\\/www.funfetti.shop\\\/wp-content\\\/uploads\\\/2021\\\/11\\\/cropped-LOGO-WP-2021.png?fit=2000%2C171&ssl=1\",\"contentUrl\":\"https:\\\/\\\/i0.wp.com\\\/www.funfetti.shop\\\/wp-content\\\/uploads\\\/2021\\\/11\\\/cropped-LOGO-WP-2021.png?fit=2000%2C171&ssl=1\",\"width\":2000,\"height\":171,\"caption\":\"FunFetti\"},\"image\":{\"@id\":\"https:\\\/\\\/www.funfetti.shop\\\/#\\\/schema\\\/logo\\\/image\\\/\"},\"sameAs\":[\"https:\\\/\\\/www.facebook.com\\\/funfetti.shop\",\"https:\\\/\\\/www.instagram.com\\\/funfetti.shop\\\/\",\"https:\\\/\\\/nl.pinterest.com\\\/funfettiforever\\\/\"]}]}<\/script>\n<!-- \/ Yoast SEO plugin. -->","yoast_head_json":{"title":"Gribouillis de vase jaune","description":"Yellow Vase Doodle de Roderick Vos a un aspect tr\u00e8s cartoonesque. Quel que soit l'angle sous lequel vous le regardez, il est et reste tr\u00e8s sp\u00e9cial.","robots":{"index":"index","follow":"follow","max-snippet":"max-snippet:-1","max-image-preview":"max-image-preview:large","max-video-preview":"max-video-preview:-1"},"canonical":"https:\/\/www.funfetti.shop\/fr\/produit\/vase-jaune-gribouillis\/","og_locale":"fr_FR","og_type":"article","og_title":"Gele Vaas Doodle","og_description":"Gele Vaas Doodle van Roderick Vos heeft een geweldige cartooneske uitstraling. Van welke kant je hem ook bekijkt hij is en blijft heel bijzonder.","og_url":"https:\/\/www.funfetti.shop\/fr\/produit\/vase-jaune-gribouillis\/","og_site_name":"FunFetti","article_publisher":"https:\/\/www.facebook.com\/funfetti.shop","article_modified_time":"2026-01-14T15:15:33+00:00","og_image":[{"width":400,"height":711,"url":"https:\/\/www.funfetti.shop\/wp-content\/uploads\/2020\/09\/Roderick-vos-geel-9.jpg","type":"image\/jpeg"}],"twitter_card":"summary_large_image","twitter_misc":{"Dur\u00e9e de lecture estim\u00e9e":"1 minute"},"schema":{"@context":"https:\/\/schema.org","@graph":[{"@type":"WebPage","@id":"https:\/\/www.funfetti.shop\/product\/gele-vaas-doodle\/","url":"https:\/\/www.funfetti.shop\/product\/gele-vaas-doodle\/","name":"Gribouillis de vase jaune","isPartOf":{"@id":"https:\/\/www.funfetti.shop\/#website"},"primaryImageOfPage":{"@id":"https:\/\/www.funfetti.shop\/product\/gele-vaas-doodle\/#primaryimage"},"image":{"@id":"https:\/\/www.funfetti.shop\/product\/gele-vaas-doodle\/#primaryimage"},"thumbnailUrl":"https:\/\/www.funfetti.shop\/wp-content\/uploads\/2020\/09\/Roderick-vos-geel-9.jpg","datePublished":"2020-09-17T14:15:39+00:00","dateModified":"2026-01-14T15:15:33+00:00","description":"Yellow Vase Doodle de Roderick Vos a un aspect tr\u00e8s cartoonesque. Quel que soit l'angle sous lequel vous le regardez, il est et reste tr\u00e8s sp\u00e9cial.","breadcrumb":{"@id":"https:\/\/www.funfetti.shop\/product\/gele-vaas-doodle\/#breadcrumb"},"inLanguage":"fr-FR","potentialAction":[{"@type":"ReadAction","target":["https:\/\/www.funfetti.shop\/product\/gele-vaas-doodle\/"]}]},{"@type":"ImageObject","inLanguage":"fr-FR","@id":"https:\/\/www.funfetti.shop\/product\/gele-vaas-doodle\/#primaryimage","url":"https:\/\/www.funfetti.shop\/wp-content\/uploads\/2020\/09\/Roderick-vos-geel-9.jpg","contentUrl":"https:\/\/www.funfetti.shop\/wp-content\/uploads\/2020\/09\/Roderick-vos-geel-9.jpg","width":400,"height":711},{"@type":"BreadcrumbList","@id":"https:\/\/www.funfetti.shop\/product\/gele-vaas-doodle\/#breadcrumb","itemListElement":[{"@type":"ListItem","position":1,"name":"Home","item":"https:\/\/www.funfetti.shop\/"},{"@type":"ListItem","position":2,"name":"Winkel","item":"https:\/\/www.funfetti.shop\/winkel\/"},{"@type":"ListItem","position":3,"name":"Gele Vaas Doodle van Roderick Vos"}]},{"@type":"WebSite","@id":"https:\/\/www.funfetti.shop\/#website","url":"https:\/\/www.funfetti.shop\/","name":"FunFetti","description":"un m\u00e9lange de cadeaux, de d\u00e9coration d'int\u00e9rieur et de design","publisher":{"@id":"https:\/\/www.funfetti.shop\/#organization"},"potentialAction":[{"@type":"SearchAction","target":{"@type":"EntryPoint","urlTemplate":"https:\/\/www.funfetti.shop\/?s={search_term_string}"},"query-input":{"@type":"PropertyValueSpecification","valueRequired":true,"valueName":"search_term_string"}}],"inLanguage":"fr-FR"},{"@type":"Organization","@id":"https:\/\/www.funfetti.shop\/#organization","name":"FunFetti","url":"https:\/\/www.funfetti.shop\/","logo":{"@type":"ImageObject","inLanguage":"fr-FR","@id":"https:\/\/www.funfetti.shop\/#\/schema\/logo\/image\/","url":"https:\/\/i0.wp.com\/www.funfetti.shop\/wp-content\/uploads\/2021\/11\/cropped-LOGO-WP-2021.png?fit=2000%2C171&ssl=1","contentUrl":"https:\/\/i0.wp.com\/www.funfetti.shop\/wp-content\/uploads\/2021\/11\/cropped-LOGO-WP-2021.png?fit=2000%2C171&ssl=1","width":2000,"height":171,"caption":"FunFetti"},"image":{"@id":"https:\/\/www.funfetti.shop\/#\/schema\/logo\/image\/"},"sameAs":["https:\/\/www.facebook.com\/funfetti.shop","https:\/\/www.instagram.com\/funfetti.shop\/","https:\/\/nl.pinterest.com\/funfettiforever\/"]}]}},"jetpack_publicize_connections":[],"jetpack_sharing_enabled":true,"_links":{"self":[{"href":"https:\/\/www.funfetti.shop\/fr\/wp-json\/wp\/v2\/product\/3684","targetHints":{"allow":["GET"]}}],"collection":[{"href":"https:\/\/www.funfetti.shop\/fr\/wp-json\/wp\/v2\/product"}],"about":[{"href":"https:\/\/www.funfetti.shop\/fr\/wp-json\/wp\/v2\/types\/product"}],"wp:featuredmedia":[{"embeddable":true,"href":"https:\/\/www.funfetti.shop\/fr\/wp-json\/wp\/v2\/media\/8089"}],"wp:attachment":[{"href":"https:\/\/www.funfetti.shop\/fr\/wp-json\/wp\/v2\/media?parent=3684"}],"wp:term":[{"taxonomy":"product_brand","embeddable":true,"href":"https:\/\/www.funfetti.shop\/fr\/wp-json\/wp\/v2\/product_brand?post=3684"},{"taxonomy":"product_cat","embeddable":true,"href":"https:\/\/www.funfetti.shop\/fr\/wp-json\/wp\/v2\/product_cat?post=3684"},{"taxonomy":"product_tag","embeddable":true,"href":"https:\/\/www.funfetti.shop\/fr\/wp-json\/wp\/v2\/product_tag?post=3684"}],"curies":[{"name":"wp","href":"https:\/\/api.w.org\/{rel}","templated":true}]}}