{"id":3695,"date":"2020-09-18T10:47:59","date_gmt":"2020-09-18T10:47:59","guid":{"rendered":"https:\/\/www.funfetti.shop\/?post_type=product&#038;p=3695"},"modified":"2026-04-01T18:31:57","modified_gmt":"2026-04-01T18:31:57","slug":"vase-sofie-boonman-blanc","status":"publish","type":"product","link":"https:\/\/www.funfetti.shop\/fr\/product\/hangvaas-sofie-boonman-wit\/","title":{"rendered":"Hangvaas Sofie Boonman Blanc"},"content":{"rendered":"<p>Le vase Hangvaas Sofie Boonman blanc est un vase brut et honn\u00eate avec sa structure pix\u00e9lis\u00e9e et ses lignes de coul\u00e9e visibles. Avec de belles fleurs \u00e0 l'int\u00e9rieur, vous aurez vraiment une \u0153uvre d'art Dutch Design accroch\u00e9e au mur.<\/p>\n<p><em><strong>Sp\u00e9cifications :<\/strong><\/em><\/p>\n<ul>\n<li><strong><em>couleur : blanc<\/em><\/strong><\/li>\n<li><strong><em>mat\u00e9riau : porcelaine<\/em><\/strong><\/li>\n<li><strong><em>dimensions : 30 x 14 x 14 cm<\/em><\/strong><\/li>\n<li><strong><em>Fait \u00e0 la main \u00e0 's-Hertogenbosch<\/em><\/strong><\/li>\n<li><strong><em>y compris le crochet et le vase int\u00e9rieur<\/em><\/strong><\/li>\n<li><strong><em>la conception : <a href=\"https:\/\/www.funfetti.shop\/fr\/categorie-produit-2\/conception-de-fonds\/concepteurs\/sophie-boonman\/\">Sofie Boonman<\/a><\/em><\/strong><\/li>\n<li><strong><em>la marque : <a href=\"https:\/\/www.funfetti.shop\/fr\/categorie-produit-2\/marques-2\/cor-unum\/\">Cor Unum<\/a><\/em><\/strong><\/li>\n<\/ul>\n<hr \/>\n<p><em>Pour r\u00e9duire le poids du vase suspendu, il est \u00e9quip\u00e9 d'un tube qui s'ins\u00e8re directement dans l'endroit o\u00f9 vous pouvez mettre de l'eau.<\/em><\/p>\n<hr \/>\n<p>&nbsp;<\/p>\n<p>&nbsp;<\/p>","protected":false},"excerpt":{"rendered":"<p>Le vase suspendu Sofie Boonman est un vase brut et honn\u00eate avec sa structure pixellis\u00e9e et ses joints de coul\u00e9e visibles. Avec de belles fleurs \u00e0 l'int\u00e9rieur, vous avez vraiment une \u0153uvre d'art n\u00e9erlandaise accroch\u00e9e au mur.<\/p>","protected":false},"featured_media":7998,"template":"","meta":{"neve_meta_sidebar":"","neve_meta_container":"","neve_meta_enable_content_width":"off","neve_meta_content_width":100,"neve_meta_title_alignment":"","neve_meta_author_avatar":"","neve_post_elements_order":"","neve_meta_disable_header":"","neve_meta_disable_footer":"","neve_meta_disable_title":"","neve_meta_reading_time":"","jetpack_publicize_message":"","jetpack_publicize_feature_enabled":true,"jetpack_social_post_already_shared":false,"jetpack_social_options":{"image_generator_settings":{"template":"highway","default_image_id":0,"font":"","enabled":false},"version":2}},"product_brand":[],"product_cat":[15,466,678,677,22,688,30,807,316,710,685,23],"product_tag":[441,134,461,148],"class_list":{"0":"post-3695","1":"product","2":"type-product","3":"status-publish","4":"has-post-thumbnail","6":"product_cat-allefun","7":"product_cat-cor-unum","8":"product_cat-dutch-design","9":"product_cat-fundesign","10":"product_cat-funliving","11":"product_cat-geselecteerde-producten","12":"product_cat-keramiek","13":"product_cat-sofie-boonman","14":"product_cat-vazen","15":"product_cat-verantwoord-design","16":"product_cat-voor-haar","17":"product_cat-woondecoratie","18":"product_tag-cor-unum","19":"product_tag-keramiek","20":"product_tag-sofie-boonman","21":"product_tag-vaas","22":"product_shipping_class-pakket-met-track-en-trace","24":"first","25":"instock","26":"taxable","27":"shipping-taxable","28":"purchasable","29":"product-type-simple"},"yoast_head":"<!-- This site is optimized with the Yoast SEO plugin v27.4 - https:\/\/yoast.com\/product\/yoast-seo-wordpress\/ -->\n<title>Hangvaas Sofie Boonman wit<\/title>\n<meta name=\"description\" content=\"Hangvaas Sofie Boonman wit is een ruwe eerlijke vaas met zijn pixelachtige structuur en zichtbare gietnaden. En een waar kunstwerk aan de muur.\" \/>\n<meta name=\"robots\" content=\"index, follow, max-snippet:-1, max-image-preview:large, max-video-preview:-1\" \/>\n<link rel=\"canonical\" href=\"https:\/\/www.funfetti.shop\/fr\/produit\/vase-sofie-boonman-blanc\/\" \/>\n<meta property=\"og:locale\" content=\"fr_FR\" \/>\n<meta property=\"og:type\" content=\"article\" \/>\n<meta property=\"og:title\" content=\"Hangvaas Sofie Boonman wit\" \/>\n<meta property=\"og:description\" content=\"Hangvaas Sofie Boonman wit is een ruwe eerlijke vaas met zijn pixelachtige structuur en zichtbare gietnaden. En een waar kunstwerk aan de muur.\" \/>\n<meta property=\"og:url\" content=\"https:\/\/www.funfetti.shop\/fr\/produit\/vase-sofie-boonman-blanc\/\" \/>\n<meta property=\"og:site_name\" content=\"FunFetti\" \/>\n<meta property=\"article:publisher\" content=\"https:\/\/www.facebook.com\/funfetti.shop\" \/>\n<meta property=\"article:modified_time\" content=\"2026-04-01T18:31:57+00:00\" \/>\n<meta property=\"og:image\" content=\"https:\/\/www.funfetti.shop\/wp-content\/uploads\/2020\/09\/SOFIE-BOONMAN-HANGVAAS-6.jpg\" \/>\n\t<meta property=\"og:image:width\" content=\"400\" \/>\n\t<meta property=\"og:image:height\" content=\"711\" \/>\n\t<meta property=\"og:image:type\" content=\"image\/jpeg\" \/>\n<meta name=\"twitter:card\" content=\"summary_large_image\" \/>\n<meta name=\"twitter:label1\" content=\"Dur\u00e9e de lecture estim\u00e9e\" \/>\n\t<meta name=\"twitter:data1\" content=\"1 minute\" \/>\n<script type=\"application\/ld+json\" class=\"yoast-schema-graph\">{\"@context\":\"https:\\\/\\\/schema.org\",\"@graph\":[{\"@type\":\"WebPage\",\"@id\":\"https:\\\/\\\/www.funfetti.shop\\\/product\\\/hangvaas-sofie-boonman-wit\\\/\",\"url\":\"https:\\\/\\\/www.funfetti.shop\\\/product\\\/hangvaas-sofie-boonman-wit\\\/\",\"name\":\"Hangvaas Sofie Boonman wit\",\"isPartOf\":{\"@id\":\"https:\\\/\\\/www.funfetti.shop\\\/#website\"},\"primaryImageOfPage\":{\"@id\":\"https:\\\/\\\/www.funfetti.shop\\\/product\\\/hangvaas-sofie-boonman-wit\\\/#primaryimage\"},\"image\":{\"@id\":\"https:\\\/\\\/www.funfetti.shop\\\/product\\\/hangvaas-sofie-boonman-wit\\\/#primaryimage\"},\"thumbnailUrl\":\"https:\\\/\\\/www.funfetti.shop\\\/wp-content\\\/uploads\\\/2020\\\/09\\\/SOFIE-BOONMAN-HANGVAAS-6.jpg\",\"datePublished\":\"2020-09-18T10:47:59+00:00\",\"dateModified\":\"2026-04-01T18:31:57+00:00\",\"description\":\"Hangvaas Sofie Boonman wit is een ruwe eerlijke vaas met zijn pixelachtige structuur en zichtbare gietnaden. En een waar kunstwerk aan de muur.\",\"breadcrumb\":{\"@id\":\"https:\\\/\\\/www.funfetti.shop\\\/product\\\/hangvaas-sofie-boonman-wit\\\/#breadcrumb\"},\"inLanguage\":\"fr-FR\",\"potentialAction\":[{\"@type\":\"ReadAction\",\"target\":[\"https:\\\/\\\/www.funfetti.shop\\\/product\\\/hangvaas-sofie-boonman-wit\\\/\"]}]},{\"@type\":\"ImageObject\",\"inLanguage\":\"fr-FR\",\"@id\":\"https:\\\/\\\/www.funfetti.shop\\\/product\\\/hangvaas-sofie-boonman-wit\\\/#primaryimage\",\"url\":\"https:\\\/\\\/www.funfetti.shop\\\/wp-content\\\/uploads\\\/2020\\\/09\\\/SOFIE-BOONMAN-HANGVAAS-6.jpg\",\"contentUrl\":\"https:\\\/\\\/www.funfetti.shop\\\/wp-content\\\/uploads\\\/2020\\\/09\\\/SOFIE-BOONMAN-HANGVAAS-6.jpg\",\"width\":400,\"height\":711,\"caption\":\"Hangvaas Sofie Boonman wit\"},{\"@type\":\"BreadcrumbList\",\"@id\":\"https:\\\/\\\/www.funfetti.shop\\\/product\\\/hangvaas-sofie-boonman-wit\\\/#breadcrumb\",\"itemListElement\":[{\"@type\":\"ListItem\",\"position\":1,\"name\":\"Home\",\"item\":\"https:\\\/\\\/www.funfetti.shop\\\/\"},{\"@type\":\"ListItem\",\"position\":2,\"name\":\"Winkel\",\"item\":\"https:\\\/\\\/www.funfetti.shop\\\/winkel\\\/\"},{\"@type\":\"ListItem\",\"position\":3,\"name\":\"Hangvaas Sofie Boonman Wit\"}]},{\"@type\":\"WebSite\",\"@id\":\"https:\\\/\\\/www.funfetti.shop\\\/#website\",\"url\":\"https:\\\/\\\/www.funfetti.shop\\\/\",\"name\":\"FunFetti\",\"description\":\"a curated mix of gifts, home d\u00e9cor and design\",\"publisher\":{\"@id\":\"https:\\\/\\\/www.funfetti.shop\\\/#organization\"},\"potentialAction\":[{\"@type\":\"SearchAction\",\"target\":{\"@type\":\"EntryPoint\",\"urlTemplate\":\"https:\\\/\\\/www.funfetti.shop\\\/?s={search_term_string}\"},\"query-input\":{\"@type\":\"PropertyValueSpecification\",\"valueRequired\":true,\"valueName\":\"search_term_string\"}}],\"inLanguage\":\"fr-FR\"},{\"@type\":\"Organization\",\"@id\":\"https:\\\/\\\/www.funfetti.shop\\\/#organization\",\"name\":\"FunFetti\",\"url\":\"https:\\\/\\\/www.funfetti.shop\\\/\",\"logo\":{\"@type\":\"ImageObject\",\"inLanguage\":\"fr-FR\",\"@id\":\"https:\\\/\\\/www.funfetti.shop\\\/#\\\/schema\\\/logo\\\/image\\\/\",\"url\":\"https:\\\/\\\/i0.wp.com\\\/www.funfetti.shop\\\/wp-content\\\/uploads\\\/2021\\\/11\\\/cropped-LOGO-WP-2021.png?fit=2000%2C171&ssl=1\",\"contentUrl\":\"https:\\\/\\\/i0.wp.com\\\/www.funfetti.shop\\\/wp-content\\\/uploads\\\/2021\\\/11\\\/cropped-LOGO-WP-2021.png?fit=2000%2C171&ssl=1\",\"width\":2000,\"height\":171,\"caption\":\"FunFetti\"},\"image\":{\"@id\":\"https:\\\/\\\/www.funfetti.shop\\\/#\\\/schema\\\/logo\\\/image\\\/\"},\"sameAs\":[\"https:\\\/\\\/www.facebook.com\\\/funfetti.shop\",\"https:\\\/\\\/www.instagram.com\\\/funfetti.shop\\\/\",\"https:\\\/\\\/nl.pinterest.com\\\/funfettiforever\\\/\"]}]}<\/script>\n<!-- \/ Yoast SEO plugin. -->","yoast_head_json":{"title":"Accroche-sac Sofie Boonman blanc","description":"Le vase Hangvaas Sofie Boonman blanc est un vase brut et honn\u00eate, avec sa structure pixellis\u00e9e et ses marques de coul\u00e9e visibles. Et une v\u00e9ritable \u0153uvre d'art murale.","robots":{"index":"index","follow":"follow","max-snippet":"max-snippet:-1","max-image-preview":"max-image-preview:large","max-video-preview":"max-video-preview:-1"},"canonical":"https:\/\/www.funfetti.shop\/fr\/produit\/vase-sofie-boonman-blanc\/","og_locale":"fr_FR","og_type":"article","og_title":"Hangvaas Sofie Boonman wit","og_description":"Hangvaas Sofie Boonman wit is een ruwe eerlijke vaas met zijn pixelachtige structuur en zichtbare gietnaden. En een waar kunstwerk aan de muur.","og_url":"https:\/\/www.funfetti.shop\/fr\/produit\/vase-sofie-boonman-blanc\/","og_site_name":"FunFetti","article_publisher":"https:\/\/www.facebook.com\/funfetti.shop","article_modified_time":"2026-04-01T18:31:57+00:00","og_image":[{"width":400,"height":711,"url":"https:\/\/www.funfetti.shop\/wp-content\/uploads\/2020\/09\/SOFIE-BOONMAN-HANGVAAS-6.jpg","type":"image\/jpeg"}],"twitter_card":"summary_large_image","twitter_misc":{"Dur\u00e9e de lecture estim\u00e9e":"1 minute"},"schema":{"@context":"https:\/\/schema.org","@graph":[{"@type":"WebPage","@id":"https:\/\/www.funfetti.shop\/product\/hangvaas-sofie-boonman-wit\/","url":"https:\/\/www.funfetti.shop\/product\/hangvaas-sofie-boonman-wit\/","name":"Accroche-sac Sofie Boonman blanc","isPartOf":{"@id":"https:\/\/www.funfetti.shop\/#website"},"primaryImageOfPage":{"@id":"https:\/\/www.funfetti.shop\/product\/hangvaas-sofie-boonman-wit\/#primaryimage"},"image":{"@id":"https:\/\/www.funfetti.shop\/product\/hangvaas-sofie-boonman-wit\/#primaryimage"},"thumbnailUrl":"https:\/\/www.funfetti.shop\/wp-content\/uploads\/2020\/09\/SOFIE-BOONMAN-HANGVAAS-6.jpg","datePublished":"2020-09-18T10:47:59+00:00","dateModified":"2026-04-01T18:31:57+00:00","description":"Le vase Hangvaas Sofie Boonman blanc est un vase brut et honn\u00eate, avec sa structure pixellis\u00e9e et ses marques de coul\u00e9e visibles. Et une v\u00e9ritable \u0153uvre d'art murale.","breadcrumb":{"@id":"https:\/\/www.funfetti.shop\/product\/hangvaas-sofie-boonman-wit\/#breadcrumb"},"inLanguage":"fr-FR","potentialAction":[{"@type":"ReadAction","target":["https:\/\/www.funfetti.shop\/product\/hangvaas-sofie-boonman-wit\/"]}]},{"@type":"ImageObject","inLanguage":"fr-FR","@id":"https:\/\/www.funfetti.shop\/product\/hangvaas-sofie-boonman-wit\/#primaryimage","url":"https:\/\/www.funfetti.shop\/wp-content\/uploads\/2020\/09\/SOFIE-BOONMAN-HANGVAAS-6.jpg","contentUrl":"https:\/\/www.funfetti.shop\/wp-content\/uploads\/2020\/09\/SOFIE-BOONMAN-HANGVAAS-6.jpg","width":400,"height":711,"caption":"Hangvaas Sofie Boonman wit"},{"@type":"BreadcrumbList","@id":"https:\/\/www.funfetti.shop\/product\/hangvaas-sofie-boonman-wit\/#breadcrumb","itemListElement":[{"@type":"ListItem","position":1,"name":"Home","item":"https:\/\/www.funfetti.shop\/"},{"@type":"ListItem","position":2,"name":"Winkel","item":"https:\/\/www.funfetti.shop\/winkel\/"},{"@type":"ListItem","position":3,"name":"Hangvaas Sofie Boonman Wit"}]},{"@type":"WebSite","@id":"https:\/\/www.funfetti.shop\/#website","url":"https:\/\/www.funfetti.shop\/","name":"FunFetti","description":"un m\u00e9lange de cadeaux, de d\u00e9coration d'int\u00e9rieur et de design","publisher":{"@id":"https:\/\/www.funfetti.shop\/#organization"},"potentialAction":[{"@type":"SearchAction","target":{"@type":"EntryPoint","urlTemplate":"https:\/\/www.funfetti.shop\/?s={search_term_string}"},"query-input":{"@type":"PropertyValueSpecification","valueRequired":true,"valueName":"search_term_string"}}],"inLanguage":"fr-FR"},{"@type":"Organization","@id":"https:\/\/www.funfetti.shop\/#organization","name":"FunFetti","url":"https:\/\/www.funfetti.shop\/","logo":{"@type":"ImageObject","inLanguage":"fr-FR","@id":"https:\/\/www.funfetti.shop\/#\/schema\/logo\/image\/","url":"https:\/\/i0.wp.com\/www.funfetti.shop\/wp-content\/uploads\/2021\/11\/cropped-LOGO-WP-2021.png?fit=2000%2C171&ssl=1","contentUrl":"https:\/\/i0.wp.com\/www.funfetti.shop\/wp-content\/uploads\/2021\/11\/cropped-LOGO-WP-2021.png?fit=2000%2C171&ssl=1","width":2000,"height":171,"caption":"FunFetti"},"image":{"@id":"https:\/\/www.funfetti.shop\/#\/schema\/logo\/image\/"},"sameAs":["https:\/\/www.facebook.com\/funfetti.shop","https:\/\/www.instagram.com\/funfetti.shop\/","https:\/\/nl.pinterest.com\/funfettiforever\/"]}]}},"jetpack_publicize_connections":[],"jetpack_sharing_enabled":true,"_links":{"self":[{"href":"https:\/\/www.funfetti.shop\/fr\/wp-json\/wp\/v2\/product\/3695","targetHints":{"allow":["GET"]}}],"collection":[{"href":"https:\/\/www.funfetti.shop\/fr\/wp-json\/wp\/v2\/product"}],"about":[{"href":"https:\/\/www.funfetti.shop\/fr\/wp-json\/wp\/v2\/types\/product"}],"wp:featuredmedia":[{"embeddable":true,"href":"https:\/\/www.funfetti.shop\/fr\/wp-json\/wp\/v2\/media\/7998"}],"wp:attachment":[{"href":"https:\/\/www.funfetti.shop\/fr\/wp-json\/wp\/v2\/media?parent=3695"}],"wp:term":[{"taxonomy":"product_brand","embeddable":true,"href":"https:\/\/www.funfetti.shop\/fr\/wp-json\/wp\/v2\/product_brand?post=3695"},{"taxonomy":"product_cat","embeddable":true,"href":"https:\/\/www.funfetti.shop\/fr\/wp-json\/wp\/v2\/product_cat?post=3695"},{"taxonomy":"product_tag","embeddable":true,"href":"https:\/\/www.funfetti.shop\/fr\/wp-json\/wp\/v2\/product_tag?post=3695"}],"curies":[{"name":"wp","href":"https:\/\/api.w.org\/{rel}","templated":true}]}}