{"id":3771,"date":"2020-09-29T21:06:44","date_gmt":"2020-09-29T21:06:44","guid":{"rendered":"https:\/\/www.funfetti.shop\/?post_type=product&#038;p=3771"},"modified":"2026-02-13T14:58:50","modified_gmt":"2026-02-13T14:58:50","slug":"collier-coeur-diamant-rouge","status":"publish","type":"product","link":"https:\/\/www.funfetti.shop\/fr\/product\/hart-ketting-rood-diamant\/","title":{"rendered":"Collier coeur diamant rouge"},"content":{"rendered":"<h1 data-start=\"111\" data-end=\"154\">Collier coeur diamant rouge<\/h1>\n<p data-start=\"156\" data-end=\"333\">Un c\u0153ur, mais avec du glamour. Ce rouge <strong data-start=\"198\" data-end=\"220\">collier c\u0153ur \u00e0 facettes<\/strong> Capte la lumi\u00e8re \u00e0 chaque mouvement et donne instantan\u00e9ment \u00e0 votre tenue une touche d'\u00e9clat. Doux et puissant \u00e0 la fois.<\/p>\n<p data-start=\"111\" data-end=\"154\">Le collier Heart Necklace Red Diamond est fabriqu\u00e9 en acrylique rouge miroir avec un motif en forme de diamant taill\u00e9. Cela lui donne de la profondeur et une brillance subtile qui appara\u00eet diff\u00e9rente \u00e0 chaque fois \u00e0 la lumi\u00e8re. La cha\u00eene \u00e0 boules dor\u00e9es ajoute une touche ludique et lui conf\u00e8re un caract\u00e8re vintage.<\/p>\n<p data-start=\"598\" data-end=\"665\">Il ne s'agit pas d'un bijou subtil. C'est un c\u0153ur \u00e0 voir.<\/p>\n<p data-start=\"892\" data-end=\"1133\"><strong>Sp\u00e9cifications<\/strong><\/p>\n<ul>\n<li data-start=\"892\" data-end=\"1133\"><em><strong>Mat\u00e9riau du pendentif : plastique acrylique<\/strong><\/em><\/li>\n<li data-start=\"892\" data-end=\"1133\"><em><strong>Couleur du pendentif : rouge transparent<\/strong><\/em><\/li>\n<li data-start=\"892\" data-end=\"1133\"><em><strong>Cha\u00eene : Cha\u00eene \u00e0 boules dor\u00e9e<\/strong><\/em><\/li>\n<li data-start=\"1532\" data-end=\"1715\"><em><strong>Fabriqu\u00e9 aux Pays-Bas<\/strong><\/em><\/li>\n<li data-start=\"1532\" data-end=\"1715\"><em><strong>Marque : <a href=\"https:\/\/www.funfetti.shop\/fr\/categorie-produit-2\/marques\/funfetti\/\">FunFetti<\/a><\/strong><\/em><\/li>\n<\/ul>\n<hr \/>\n<p data-start=\"1135\" data-end=\"1298\"><strong>Astuce FunFetti : <\/strong>Portez-le sur un pull ou un chemisier basique pour que le c\u0153ur brille vraiment. C'est aussi un cadeau id\u00e9al pour quelqu'un qui a un grand c\u0153ur ou tout simplement pour vous-m\u00eame.<\/p>\n<hr \/>\n<p data-start=\"1135\" data-end=\"1298\">","protected":false},"excerpt":{"rendered":"<p>\u2764\ufe0f <strong>Pourquoi vous voulez les porter ?<\/strong><br data-start=\"727\" data-end=\"730\" \/>- Acrylique rouge miroir avec effet facett\u00e9<br data-start=\"774\" data-end=\"777\" \/>- Motif ludique en forme de diamant pour plus d'\u00e9clat<br data-start=\"819\" data-end=\"822\" \/>- Collier \u00e0 pois de couleur or<br data-start=\"853\" data-end=\"856\" \/>- Pi\u00e8ce d'apparat avec un facteur de plaisir<\/p>","protected":false},"featured_media":9814,"template":"","meta":{"neve_meta_sidebar":"","neve_meta_container":"","neve_meta_enable_content_width":"off","neve_meta_content_width":100,"neve_meta_title_alignment":"","neve_meta_author_avatar":"","neve_post_elements_order":"","neve_meta_disable_header":"","neve_meta_disable_footer":"","neve_meta_disable_title":"","neve_meta_reading_time":"","jetpack_publicize_message":"","jetpack_publicize_feature_enabled":true,"jetpack_social_post_already_shared":true,"jetpack_social_options":{"image_generator_settings":{"template":"highway","default_image_id":0,"font":"","enabled":false},"version":2}},"product_brand":[825],"product_cat":[15,468,680,39,38,686,685],"product_tag":[830,262,95,347],"class_list":{"0":"post-3771","1":"product","2":"type-product","3":"status-publish","4":"has-post-thumbnail","6":"product_brand-funfetti","7":"product_cat-allefun","8":"product_cat-funfetti","9":"product_cat-fungifts","10":"product_cat-kettingen","11":"product_cat-sieraden","12":"product_cat-voor-fun-prijzen","13":"product_cat-voor-haar","14":"product_tag-diamant","15":"product_tag-hart","16":"product_tag-ketting","17":"product_tag-rood","18":"product_shipping_class-brievenbus-pakket-met-track-en-trace","20":"first","21":"instock","22":"taxable","23":"shipping-taxable","24":"purchasable","25":"product-type-simple"},"yoast_head":"<!-- This site is optimized with the Yoast SEO plugin v27.4 - https:\/\/yoast.com\/product\/yoast-seo-wordpress\/ -->\n<title>Hart Ketting Rood Diamant - FunFetti<\/title>\n<meta name=\"description\" content=\"Hart Ketting Rood Diamant is gemaakt van spiegel rood acrylaat met een geslepen diamantlook patroon. Daardoor krijgt het diepte en een subtiele glans die steeds anders lijkt in het licht.\" \/>\n<meta name=\"robots\" content=\"index, follow, max-snippet:-1, max-image-preview:large, max-video-preview:-1\" \/>\n<link rel=\"canonical\" href=\"https:\/\/www.funfetti.shop\/fr\/produit\/collier-coeur-diamant-rouge\/\" \/>\n<meta property=\"og:locale\" content=\"fr_FR\" \/>\n<meta property=\"og:type\" content=\"article\" \/>\n<meta property=\"og:title\" content=\"Hart Ketting Rood Diamant - FunFetti\" \/>\n<meta property=\"og:description\" content=\"Hart Ketting Rood Diamant is gemaakt van spiegel rood acrylaat met een geslepen diamantlook patroon. Daardoor krijgt het diepte en een subtiele glans die steeds anders lijkt in het licht.\" \/>\n<meta property=\"og:url\" content=\"https:\/\/www.funfetti.shop\/fr\/produit\/collier-coeur-diamant-rouge\/\" \/>\n<meta property=\"og:site_name\" content=\"FunFetti\" \/>\n<meta property=\"article:publisher\" content=\"https:\/\/www.facebook.com\/funfetti.shop\" \/>\n<meta property=\"article:modified_time\" content=\"2026-02-13T14:58:50+00:00\" \/>\n<meta property=\"og:image\" content=\"https:\/\/www.funfetti.shop\/wp-content\/uploads\/2020\/05\/Hart-diamant-ketting-4.jpg\" \/>\n\t<meta property=\"og:image:width\" content=\"600\" \/>\n\t<meta property=\"og:image:height\" content=\"1067\" \/>\n\t<meta property=\"og:image:type\" content=\"image\/jpeg\" \/>\n<meta name=\"twitter:card\" content=\"summary_large_image\" \/>\n<meta name=\"twitter:label1\" content=\"Dur\u00e9e de lecture estim\u00e9e\" \/>\n\t<meta name=\"twitter:data1\" content=\"1 minute\" \/>\n<script type=\"application\/ld+json\" class=\"yoast-schema-graph\">{\"@context\":\"https:\\\/\\\/schema.org\",\"@graph\":[{\"@type\":\"WebPage\",\"@id\":\"https:\\\/\\\/www.funfetti.shop\\\/product\\\/hart-ketting-rood-diamant\\\/\",\"url\":\"https:\\\/\\\/www.funfetti.shop\\\/product\\\/hart-ketting-rood-diamant\\\/\",\"name\":\"Hart Ketting Rood Diamant - FunFetti\",\"isPartOf\":{\"@id\":\"https:\\\/\\\/www.funfetti.shop\\\/#website\"},\"primaryImageOfPage\":{\"@id\":\"https:\\\/\\\/www.funfetti.shop\\\/product\\\/hart-ketting-rood-diamant\\\/#primaryimage\"},\"image\":{\"@id\":\"https:\\\/\\\/www.funfetti.shop\\\/product\\\/hart-ketting-rood-diamant\\\/#primaryimage\"},\"thumbnailUrl\":\"https:\\\/\\\/www.funfetti.shop\\\/wp-content\\\/uploads\\\/2020\\\/05\\\/Hart-diamant-ketting-4.jpg\",\"datePublished\":\"2020-09-29T21:06:44+00:00\",\"dateModified\":\"2026-02-13T14:58:50+00:00\",\"description\":\"Hart Ketting Rood Diamant is gemaakt van spiegel rood acrylaat met een geslepen diamantlook patroon. Daardoor krijgt het diepte en een subtiele glans die steeds anders lijkt in het licht.\",\"breadcrumb\":{\"@id\":\"https:\\\/\\\/www.funfetti.shop\\\/product\\\/hart-ketting-rood-diamant\\\/#breadcrumb\"},\"inLanguage\":\"fr-FR\",\"potentialAction\":[{\"@type\":\"ReadAction\",\"target\":[\"https:\\\/\\\/www.funfetti.shop\\\/product\\\/hart-ketting-rood-diamant\\\/\"]}]},{\"@type\":\"ImageObject\",\"inLanguage\":\"fr-FR\",\"@id\":\"https:\\\/\\\/www.funfetti.shop\\\/product\\\/hart-ketting-rood-diamant\\\/#primaryimage\",\"url\":\"https:\\\/\\\/www.funfetti.shop\\\/wp-content\\\/uploads\\\/2020\\\/05\\\/Hart-diamant-ketting-4.jpg\",\"contentUrl\":\"https:\\\/\\\/www.funfetti.shop\\\/wp-content\\\/uploads\\\/2020\\\/05\\\/Hart-diamant-ketting-4.jpg\",\"width\":600,\"height\":1067,\"caption\":\"Carrousel lamp; FunFetti.shop\"},{\"@type\":\"BreadcrumbList\",\"@id\":\"https:\\\/\\\/www.funfetti.shop\\\/product\\\/hart-ketting-rood-diamant\\\/#breadcrumb\",\"itemListElement\":[{\"@type\":\"ListItem\",\"position\":1,\"name\":\"Home\",\"item\":\"https:\\\/\\\/www.funfetti.shop\\\/\"},{\"@type\":\"ListItem\",\"position\":2,\"name\":\"Winkel\",\"item\":\"https:\\\/\\\/www.funfetti.shop\\\/winkel\\\/\"},{\"@type\":\"ListItem\",\"position\":3,\"name\":\"Hart Ketting Rood Diamant\"}]},{\"@type\":\"WebSite\",\"@id\":\"https:\\\/\\\/www.funfetti.shop\\\/#website\",\"url\":\"https:\\\/\\\/www.funfetti.shop\\\/\",\"name\":\"FunFetti\",\"description\":\"a curated mix of gifts, home d\u00e9cor and design\",\"publisher\":{\"@id\":\"https:\\\/\\\/www.funfetti.shop\\\/#organization\"},\"potentialAction\":[{\"@type\":\"SearchAction\",\"target\":{\"@type\":\"EntryPoint\",\"urlTemplate\":\"https:\\\/\\\/www.funfetti.shop\\\/?s={search_term_string}\"},\"query-input\":{\"@type\":\"PropertyValueSpecification\",\"valueRequired\":true,\"valueName\":\"search_term_string\"}}],\"inLanguage\":\"fr-FR\"},{\"@type\":\"Organization\",\"@id\":\"https:\\\/\\\/www.funfetti.shop\\\/#organization\",\"name\":\"FunFetti\",\"url\":\"https:\\\/\\\/www.funfetti.shop\\\/\",\"logo\":{\"@type\":\"ImageObject\",\"inLanguage\":\"fr-FR\",\"@id\":\"https:\\\/\\\/www.funfetti.shop\\\/#\\\/schema\\\/logo\\\/image\\\/\",\"url\":\"https:\\\/\\\/i0.wp.com\\\/www.funfetti.shop\\\/wp-content\\\/uploads\\\/2021\\\/11\\\/cropped-LOGO-WP-2021.png?fit=2000%2C171&ssl=1\",\"contentUrl\":\"https:\\\/\\\/i0.wp.com\\\/www.funfetti.shop\\\/wp-content\\\/uploads\\\/2021\\\/11\\\/cropped-LOGO-WP-2021.png?fit=2000%2C171&ssl=1\",\"width\":2000,\"height\":171,\"caption\":\"FunFetti\"},\"image\":{\"@id\":\"https:\\\/\\\/www.funfetti.shop\\\/#\\\/schema\\\/logo\\\/image\\\/\"},\"sameAs\":[\"https:\\\/\\\/www.facebook.com\\\/funfetti.shop\",\"https:\\\/\\\/www.instagram.com\\\/funfetti.shop\\\/\",\"https:\\\/\\\/nl.pinterest.com\\\/funfettiforever\\\/\"]}]}<\/script>\n<!-- \/ Yoast SEO plugin. -->","yoast_head_json":{"title":"Collier coeur diamant rouge - FunFetti","description":"Le collier Heart Necklace Red Diamond est fabriqu\u00e9 en acrylique rouge miroir avec un motif en forme de diamant taill\u00e9. Cela lui donne de la profondeur et une brillance subtile qui appara\u00eet diff\u00e9rente \u00e0 chaque fois \u00e0 la lumi\u00e8re.","robots":{"index":"index","follow":"follow","max-snippet":"max-snippet:-1","max-image-preview":"max-image-preview:large","max-video-preview":"max-video-preview:-1"},"canonical":"https:\/\/www.funfetti.shop\/fr\/produit\/collier-coeur-diamant-rouge\/","og_locale":"fr_FR","og_type":"article","og_title":"Hart Ketting Rood Diamant - FunFetti","og_description":"Hart Ketting Rood Diamant is gemaakt van spiegel rood acrylaat met een geslepen diamantlook patroon. Daardoor krijgt het diepte en een subtiele glans die steeds anders lijkt in het licht.","og_url":"https:\/\/www.funfetti.shop\/fr\/produit\/collier-coeur-diamant-rouge\/","og_site_name":"FunFetti","article_publisher":"https:\/\/www.facebook.com\/funfetti.shop","article_modified_time":"2026-02-13T14:58:50+00:00","og_image":[{"width":600,"height":1067,"url":"https:\/\/www.funfetti.shop\/wp-content\/uploads\/2020\/05\/Hart-diamant-ketting-4.jpg","type":"image\/jpeg"}],"twitter_card":"summary_large_image","twitter_misc":{"Dur\u00e9e de lecture estim\u00e9e":"1 minute"},"schema":{"@context":"https:\/\/schema.org","@graph":[{"@type":"WebPage","@id":"https:\/\/www.funfetti.shop\/product\/hart-ketting-rood-diamant\/","url":"https:\/\/www.funfetti.shop\/product\/hart-ketting-rood-diamant\/","name":"Collier coeur diamant rouge - FunFetti","isPartOf":{"@id":"https:\/\/www.funfetti.shop\/#website"},"primaryImageOfPage":{"@id":"https:\/\/www.funfetti.shop\/product\/hart-ketting-rood-diamant\/#primaryimage"},"image":{"@id":"https:\/\/www.funfetti.shop\/product\/hart-ketting-rood-diamant\/#primaryimage"},"thumbnailUrl":"https:\/\/www.funfetti.shop\/wp-content\/uploads\/2020\/05\/Hart-diamant-ketting-4.jpg","datePublished":"2020-09-29T21:06:44+00:00","dateModified":"2026-02-13T14:58:50+00:00","description":"Le collier Heart Necklace Red Diamond est fabriqu\u00e9 en acrylique rouge miroir avec un motif en forme de diamant taill\u00e9. Cela lui donne de la profondeur et une brillance subtile qui appara\u00eet diff\u00e9rente \u00e0 chaque fois \u00e0 la lumi\u00e8re.","breadcrumb":{"@id":"https:\/\/www.funfetti.shop\/product\/hart-ketting-rood-diamant\/#breadcrumb"},"inLanguage":"fr-FR","potentialAction":[{"@type":"ReadAction","target":["https:\/\/www.funfetti.shop\/product\/hart-ketting-rood-diamant\/"]}]},{"@type":"ImageObject","inLanguage":"fr-FR","@id":"https:\/\/www.funfetti.shop\/product\/hart-ketting-rood-diamant\/#primaryimage","url":"https:\/\/www.funfetti.shop\/wp-content\/uploads\/2020\/05\/Hart-diamant-ketting-4.jpg","contentUrl":"https:\/\/www.funfetti.shop\/wp-content\/uploads\/2020\/05\/Hart-diamant-ketting-4.jpg","width":600,"height":1067,"caption":"Carrousel lamp; FunFetti.shop"},{"@type":"BreadcrumbList","@id":"https:\/\/www.funfetti.shop\/product\/hart-ketting-rood-diamant\/#breadcrumb","itemListElement":[{"@type":"ListItem","position":1,"name":"Home","item":"https:\/\/www.funfetti.shop\/"},{"@type":"ListItem","position":2,"name":"Winkel","item":"https:\/\/www.funfetti.shop\/winkel\/"},{"@type":"ListItem","position":3,"name":"Hart Ketting Rood Diamant"}]},{"@type":"WebSite","@id":"https:\/\/www.funfetti.shop\/#website","url":"https:\/\/www.funfetti.shop\/","name":"FunFetti","description":"un m\u00e9lange de cadeaux, de d\u00e9coration d'int\u00e9rieur et de design","publisher":{"@id":"https:\/\/www.funfetti.shop\/#organization"},"potentialAction":[{"@type":"SearchAction","target":{"@type":"EntryPoint","urlTemplate":"https:\/\/www.funfetti.shop\/?s={search_term_string}"},"query-input":{"@type":"PropertyValueSpecification","valueRequired":true,"valueName":"search_term_string"}}],"inLanguage":"fr-FR"},{"@type":"Organization","@id":"https:\/\/www.funfetti.shop\/#organization","name":"FunFetti","url":"https:\/\/www.funfetti.shop\/","logo":{"@type":"ImageObject","inLanguage":"fr-FR","@id":"https:\/\/www.funfetti.shop\/#\/schema\/logo\/image\/","url":"https:\/\/i0.wp.com\/www.funfetti.shop\/wp-content\/uploads\/2021\/11\/cropped-LOGO-WP-2021.png?fit=2000%2C171&ssl=1","contentUrl":"https:\/\/i0.wp.com\/www.funfetti.shop\/wp-content\/uploads\/2021\/11\/cropped-LOGO-WP-2021.png?fit=2000%2C171&ssl=1","width":2000,"height":171,"caption":"FunFetti"},"image":{"@id":"https:\/\/www.funfetti.shop\/#\/schema\/logo\/image\/"},"sameAs":["https:\/\/www.facebook.com\/funfetti.shop","https:\/\/www.instagram.com\/funfetti.shop\/","https:\/\/nl.pinterest.com\/funfettiforever\/"]}]}},"jetpack_publicize_connections":[],"jetpack_sharing_enabled":true,"_links":{"self":[{"href":"https:\/\/www.funfetti.shop\/fr\/wp-json\/wp\/v2\/product\/3771","targetHints":{"allow":["GET"]}}],"collection":[{"href":"https:\/\/www.funfetti.shop\/fr\/wp-json\/wp\/v2\/product"}],"about":[{"href":"https:\/\/www.funfetti.shop\/fr\/wp-json\/wp\/v2\/types\/product"}],"wp:featuredmedia":[{"embeddable":true,"href":"https:\/\/www.funfetti.shop\/fr\/wp-json\/wp\/v2\/media\/9814"}],"wp:attachment":[{"href":"https:\/\/www.funfetti.shop\/fr\/wp-json\/wp\/v2\/media?parent=3771"}],"wp:term":[{"taxonomy":"product_brand","embeddable":true,"href":"https:\/\/www.funfetti.shop\/fr\/wp-json\/wp\/v2\/product_brand?post=3771"},{"taxonomy":"product_cat","embeddable":true,"href":"https:\/\/www.funfetti.shop\/fr\/wp-json\/wp\/v2\/product_cat?post=3771"},{"taxonomy":"product_tag","embeddable":true,"href":"https:\/\/www.funfetti.shop\/fr\/wp-json\/wp\/v2\/product_tag?post=3771"}],"curies":[{"name":"wp","href":"https:\/\/api.w.org\/{rel}","templated":true}]}}