{"id":4140,"date":"2021-01-12T19:19:53","date_gmt":"2021-01-12T19:19:53","guid":{"rendered":"https:\/\/www.funfetti.shop\/?post_type=product&#038;p=4140"},"modified":"2026-02-28T12:57:47","modified_gmt":"2026-02-28T12:57:47","slug":"bague-avec-pierre-ronde-lego","status":"publish","type":"product","link":"https:\/\/www.funfetti.shop\/fr\/product\/ring-met-lego-rond-steentje\/","title":{"rendered":"Anneau avec b\u00e2ton rond LEGO"},"content":{"rendered":"<h3 data-start=\"231\" data-end=\"295\">Anneau avec brique ronde LEGO\u00ae de diff\u00e9rentes couleurs<\/h3>\n<p data-start=\"297\" data-end=\"326\">Petit d\u00e9tail, grand effet<\/p>\n<p data-start=\"328\" data-end=\"525\">Cette bague r\u00e9glable est compos\u00e9e d'une pierre ronde LEGO\u00ae originale qui attire subtilement le regard. Le design minimaliste combin\u00e9 aux couleurs vives cr\u00e9e un look ludique et moderne. Gr\u00e2ce \u00e0 son anneau r\u00e9glable, elle s'adapte confortablement \u00e0 presque tous les doigts. Portez-en une comme accent color\u00e9 ou combinez plusieurs couleurs pour une v\u00e9ritable pile de d\u00e9claration.<\/p>\n<p data-start=\"701\" data-end=\"784\">Disponible en diff\u00e9rentes couleurs, du noir classique au jaune et au rose joyeux.<\/p>\n<p data-start=\"968\" data-end=\"1138\"><strong>Sp\u00e9cifications :<\/strong><\/p>\n<ul>\n<li data-start=\"968\" data-end=\"1138\"><strong><em>\u00c9l\u00e9ment : Galet rond LEGO<\/em><\/strong><\/li>\n<li data-start=\"968\" data-end=\"1138\"><strong><em>Anneau : anneau m\u00e9tallique r\u00e9glable<\/em><\/strong><\/li>\n<li data-start=\"968\" data-end=\"1138\"><strong><em>Forme : Taille unique, ajustable<\/em><\/strong><\/li>\n<li data-start=\"968\" data-end=\"1138\"><strong><em>Couleurs : Diff\u00e9rentes variantes disponibles<\/em><\/strong><\/li>\n<li data-start=\"968\" data-end=\"1138\"><em><strong><a href=\"https:\/\/www.funfetti.shop\/fr\/categorie-produit-2\/marques-2\/lego\/\">Plus de LEGO\u00ae cliquez ici !<\/a><\/strong><\/em><\/li>\n<\/ul>\n<hr \/>\n<p data-start=\"1140\" data-end=\"1269\"><strong>Astuce Funfetti <\/strong>M\u00e9langez diff\u00e9rentes couleurs sur une main pour un effet ludique ou choisissez votre nuance pr\u00e9f\u00e9r\u00e9e pour une d\u00e9claration minimale.<\/p>\n<hr data-start=\"1271\" data-end=\"1274\" \/>\n<p data-start=\"1276\" data-end=\"1424\"><strong data-start=\"1276\" data-end=\"1291\">Avis de non-responsabilit\u00e9 : <\/strong>Ce produit n'est pas officiellement autoris\u00e9 par ou affili\u00e9 \u00e0 LEGO\u00ae. LEGO\u00ae est une marque d\u00e9pos\u00e9e du groupe LEGO.<\/p>\n<hr \/>\n<p>&nbsp;<\/p>","protected":false},"excerpt":{"rendered":"<p><strong>Pourquoi vous les voulez ?<\/strong><br data-start=\"807\" data-end=\"810\" \/>- Fabriqu\u00e9 avec des \u00e9l\u00e9ments LEGO\u00ae originaux<br data-start=\"847\" data-end=\"850\" \/>- Taille r\u00e9glable<br data-start=\"868\" data-end=\"871\" \/>- Disponible en plusieurs couleurs<br data-start=\"905\" data-end=\"908\" \/>- Subtil mais percutant<br data-start=\"932\" data-end=\"935\" \/>- L\u00e9ger et confortable<\/p>","protected":false},"featured_media":9896,"template":"","meta":{"neve_meta_sidebar":"","neve_meta_container":"","neve_meta_enable_content_width":"off","neve_meta_content_width":100,"neve_meta_title_alignment":"","neve_meta_author_avatar":"","neve_post_elements_order":"","neve_meta_disable_header":"","neve_meta_disable_footer":"","neve_meta_disable_title":"","neve_meta_reading_time":"","jetpack_publicize_message":"","jetpack_publicize_feature_enabled":true,"jetpack_social_post_already_shared":true,"jetpack_social_options":{"image_generator_settings":{"template":"highway","default_image_id":0,"font":"","enabled":false},"version":2}},"product_brand":[825],"product_cat":[15,680,528,41,38,686,685],"product_tag":[529,105,99],"class_list":{"0":"post-4140","1":"product","2":"type-product","3":"status-publish","4":"has-post-thumbnail","6":"product_brand-funfetti","7":"product_cat-allefun","8":"product_cat-fungifts","9":"product_cat-lego","10":"product_cat-ringen","11":"product_cat-sieraden","12":"product_cat-voor-fun-prijzen","13":"product_cat-voor-haar","14":"product_tag-lego","15":"product_tag-ring","16":"product_tag-sieraden","17":"product_shipping_class-brievenbus-pakket-met-track-en-trace","19":"first","20":"instock","21":"taxable","22":"shipping-taxable","23":"purchasable","24":"product-type-variable"},"yoast_head":"<!-- This site is optimized with the Yoast SEO plugin v27.4 - https:\/\/yoast.com\/product\/yoast-seo-wordpress\/ -->\n<title>Ring met LEGO\u00ae Rond Steentje<\/title>\n<meta name=\"description\" content=\"Ring met LEGO\u00ae Rond Steentje is gemaakt met een origineel LEGO\u00ae steentje als subtiele blikvanger. Het minimalistische design in combinatie met de heldere kleuren zorgt voor een speelse, moderne look.\" \/>\n<meta name=\"robots\" content=\"index, follow, max-snippet:-1, max-image-preview:large, max-video-preview:-1\" \/>\n<link rel=\"canonical\" href=\"https:\/\/www.funfetti.shop\/fr\/produit\/bague-avec-pierre-ronde-lego\/\" \/>\n<meta property=\"og:locale\" content=\"fr_FR\" \/>\n<meta property=\"og:type\" content=\"article\" \/>\n<meta property=\"og:title\" content=\"Ring met LEGO\u00ae Rond Steentje\" \/>\n<meta property=\"og:description\" content=\"Ring met LEGO\u00ae Rond Steentje is gemaakt met een origineel LEGO\u00ae steentje als subtiele blikvanger. Het minimalistische design in combinatie met de heldere kleuren zorgt voor een speelse, moderne look.\" \/>\n<meta property=\"og:url\" content=\"https:\/\/www.funfetti.shop\/fr\/produit\/bague-avec-pierre-ronde-lego\/\" \/>\n<meta property=\"og:site_name\" content=\"FunFetti\" \/>\n<meta property=\"article:publisher\" content=\"https:\/\/www.facebook.com\/funfetti.shop\" \/>\n<meta property=\"article:modified_time\" content=\"2026-02-28T12:57:47+00:00\" \/>\n<meta property=\"og:image\" content=\"https:\/\/www.funfetti.shop\/wp-content\/uploads\/2021\/01\/Lego-ring-single-3.jpg\" \/>\n\t<meta property=\"og:image:width\" content=\"600\" \/>\n\t<meta property=\"og:image:height\" content=\"1067\" \/>\n\t<meta property=\"og:image:type\" content=\"image\/jpeg\" \/>\n<meta name=\"twitter:card\" content=\"summary_large_image\" \/>\n<meta name=\"twitter:label1\" content=\"Dur\u00e9e de lecture estim\u00e9e\" \/>\n\t<meta name=\"twitter:data1\" content=\"1 minute\" \/>\n<script type=\"application\/ld+json\" class=\"yoast-schema-graph\">{\"@context\":\"https:\\\/\\\/schema.org\",\"@graph\":[{\"@type\":\"WebPage\",\"@id\":\"https:\\\/\\\/www.funfetti.shop\\\/product\\\/ring-met-lego-rond-steentje\\\/\",\"url\":\"https:\\\/\\\/www.funfetti.shop\\\/product\\\/ring-met-lego-rond-steentje\\\/\",\"name\":\"Ring met LEGO\u00ae Rond Steentje\",\"isPartOf\":{\"@id\":\"https:\\\/\\\/www.funfetti.shop\\\/#website\"},\"primaryImageOfPage\":{\"@id\":\"https:\\\/\\\/www.funfetti.shop\\\/product\\\/ring-met-lego-rond-steentje\\\/#primaryimage\"},\"image\":{\"@id\":\"https:\\\/\\\/www.funfetti.shop\\\/product\\\/ring-met-lego-rond-steentje\\\/#primaryimage\"},\"thumbnailUrl\":\"https:\\\/\\\/www.funfetti.shop\\\/wp-content\\\/uploads\\\/2021\\\/01\\\/Lego-ring-single-3.jpg\",\"datePublished\":\"2021-01-12T19:19:53+00:00\",\"dateModified\":\"2026-02-28T12:57:47+00:00\",\"description\":\"Ring met LEGO\u00ae Rond Steentje is gemaakt met een origineel LEGO\u00ae steentje als subtiele blikvanger. Het minimalistische design in combinatie met de heldere kleuren zorgt voor een speelse, moderne look.\",\"breadcrumb\":{\"@id\":\"https:\\\/\\\/www.funfetti.shop\\\/product\\\/ring-met-lego-rond-steentje\\\/#breadcrumb\"},\"inLanguage\":\"fr-FR\",\"potentialAction\":[{\"@type\":\"ReadAction\",\"target\":[\"https:\\\/\\\/www.funfetti.shop\\\/product\\\/ring-met-lego-rond-steentje\\\/\"]}]},{\"@type\":\"ImageObject\",\"inLanguage\":\"fr-FR\",\"@id\":\"https:\\\/\\\/www.funfetti.shop\\\/product\\\/ring-met-lego-rond-steentje\\\/#primaryimage\",\"url\":\"https:\\\/\\\/www.funfetti.shop\\\/wp-content\\\/uploads\\\/2021\\\/01\\\/Lego-ring-single-3.jpg\",\"contentUrl\":\"https:\\\/\\\/www.funfetti.shop\\\/wp-content\\\/uploads\\\/2021\\\/01\\\/Lego-ring-single-3.jpg\",\"width\":600,\"height\":1067,\"caption\":\"Lego ring; FunFetti.shop\"},{\"@type\":\"BreadcrumbList\",\"@id\":\"https:\\\/\\\/www.funfetti.shop\\\/product\\\/ring-met-lego-rond-steentje\\\/#breadcrumb\",\"itemListElement\":[{\"@type\":\"ListItem\",\"position\":1,\"name\":\"Home\",\"item\":\"https:\\\/\\\/www.funfetti.shop\\\/\"},{\"@type\":\"ListItem\",\"position\":2,\"name\":\"Winkel\",\"item\":\"https:\\\/\\\/www.funfetti.shop\\\/winkel\\\/\"},{\"@type\":\"ListItem\",\"position\":3,\"name\":\"Ring met LEGO\u00ae Rond Steentje\"}]},{\"@type\":\"WebSite\",\"@id\":\"https:\\\/\\\/www.funfetti.shop\\\/#website\",\"url\":\"https:\\\/\\\/www.funfetti.shop\\\/\",\"name\":\"FunFetti\",\"description\":\"a curated mix of gifts, home d\u00e9cor and design\",\"publisher\":{\"@id\":\"https:\\\/\\\/www.funfetti.shop\\\/#organization\"},\"potentialAction\":[{\"@type\":\"SearchAction\",\"target\":{\"@type\":\"EntryPoint\",\"urlTemplate\":\"https:\\\/\\\/www.funfetti.shop\\\/?s={search_term_string}\"},\"query-input\":{\"@type\":\"PropertyValueSpecification\",\"valueRequired\":true,\"valueName\":\"search_term_string\"}}],\"inLanguage\":\"fr-FR\"},{\"@type\":\"Organization\",\"@id\":\"https:\\\/\\\/www.funfetti.shop\\\/#organization\",\"name\":\"FunFetti\",\"url\":\"https:\\\/\\\/www.funfetti.shop\\\/\",\"logo\":{\"@type\":\"ImageObject\",\"inLanguage\":\"fr-FR\",\"@id\":\"https:\\\/\\\/www.funfetti.shop\\\/#\\\/schema\\\/logo\\\/image\\\/\",\"url\":\"https:\\\/\\\/i0.wp.com\\\/www.funfetti.shop\\\/wp-content\\\/uploads\\\/2021\\\/11\\\/cropped-LOGO-WP-2021.png?fit=2000%2C171&ssl=1\",\"contentUrl\":\"https:\\\/\\\/i0.wp.com\\\/www.funfetti.shop\\\/wp-content\\\/uploads\\\/2021\\\/11\\\/cropped-LOGO-WP-2021.png?fit=2000%2C171&ssl=1\",\"width\":2000,\"height\":171,\"caption\":\"FunFetti\"},\"image\":{\"@id\":\"https:\\\/\\\/www.funfetti.shop\\\/#\\\/schema\\\/logo\\\/image\\\/\"},\"sameAs\":[\"https:\\\/\\\/www.facebook.com\\\/funfetti.shop\",\"https:\\\/\\\/www.instagram.com\\\/funfetti.shop\\\/\",\"https:\\\/\\\/nl.pinterest.com\\\/funfettiforever\\\/\"]}]}<\/script>\n<!-- \/ Yoast SEO plugin. -->","yoast_head_json":{"title":"Anneau avec b\u00e2ton rond LEGO","description":"La bague avec pierre ronde LEGO\u00ae est fabriqu\u00e9e avec une pierre LEGO\u00ae originale qui attire subtilement le regard. Le design minimaliste associ\u00e9 aux couleurs vives cr\u00e9e un look ludique et moderne.","robots":{"index":"index","follow":"follow","max-snippet":"max-snippet:-1","max-image-preview":"max-image-preview:large","max-video-preview":"max-video-preview:-1"},"canonical":"https:\/\/www.funfetti.shop\/fr\/produit\/bague-avec-pierre-ronde-lego\/","og_locale":"fr_FR","og_type":"article","og_title":"Ring met LEGO\u00ae Rond Steentje","og_description":"Ring met LEGO\u00ae Rond Steentje is gemaakt met een origineel LEGO\u00ae steentje als subtiele blikvanger. Het minimalistische design in combinatie met de heldere kleuren zorgt voor een speelse, moderne look.","og_url":"https:\/\/www.funfetti.shop\/fr\/produit\/bague-avec-pierre-ronde-lego\/","og_site_name":"FunFetti","article_publisher":"https:\/\/www.facebook.com\/funfetti.shop","article_modified_time":"2026-02-28T12:57:47+00:00","og_image":[{"width":600,"height":1067,"url":"https:\/\/www.funfetti.shop\/wp-content\/uploads\/2021\/01\/Lego-ring-single-3.jpg","type":"image\/jpeg"}],"twitter_card":"summary_large_image","twitter_misc":{"Dur\u00e9e de lecture estim\u00e9e":"1 minute"},"schema":{"@context":"https:\/\/schema.org","@graph":[{"@type":"WebPage","@id":"https:\/\/www.funfetti.shop\/product\/ring-met-lego-rond-steentje\/","url":"https:\/\/www.funfetti.shop\/product\/ring-met-lego-rond-steentje\/","name":"Anneau avec b\u00e2ton rond LEGO","isPartOf":{"@id":"https:\/\/www.funfetti.shop\/#website"},"primaryImageOfPage":{"@id":"https:\/\/www.funfetti.shop\/product\/ring-met-lego-rond-steentje\/#primaryimage"},"image":{"@id":"https:\/\/www.funfetti.shop\/product\/ring-met-lego-rond-steentje\/#primaryimage"},"thumbnailUrl":"https:\/\/www.funfetti.shop\/wp-content\/uploads\/2021\/01\/Lego-ring-single-3.jpg","datePublished":"2021-01-12T19:19:53+00:00","dateModified":"2026-02-28T12:57:47+00:00","description":"La bague avec pierre ronde LEGO\u00ae est fabriqu\u00e9e avec une pierre LEGO\u00ae originale qui attire subtilement le regard. Le design minimaliste associ\u00e9 aux couleurs vives cr\u00e9e un look ludique et moderne.","breadcrumb":{"@id":"https:\/\/www.funfetti.shop\/product\/ring-met-lego-rond-steentje\/#breadcrumb"},"inLanguage":"fr-FR","potentialAction":[{"@type":"ReadAction","target":["https:\/\/www.funfetti.shop\/product\/ring-met-lego-rond-steentje\/"]}]},{"@type":"ImageObject","inLanguage":"fr-FR","@id":"https:\/\/www.funfetti.shop\/product\/ring-met-lego-rond-steentje\/#primaryimage","url":"https:\/\/www.funfetti.shop\/wp-content\/uploads\/2021\/01\/Lego-ring-single-3.jpg","contentUrl":"https:\/\/www.funfetti.shop\/wp-content\/uploads\/2021\/01\/Lego-ring-single-3.jpg","width":600,"height":1067,"caption":"Lego ring; FunFetti.shop"},{"@type":"BreadcrumbList","@id":"https:\/\/www.funfetti.shop\/product\/ring-met-lego-rond-steentje\/#breadcrumb","itemListElement":[{"@type":"ListItem","position":1,"name":"Home","item":"https:\/\/www.funfetti.shop\/"},{"@type":"ListItem","position":2,"name":"Winkel","item":"https:\/\/www.funfetti.shop\/winkel\/"},{"@type":"ListItem","position":3,"name":"Ring met LEGO\u00ae Rond Steentje"}]},{"@type":"WebSite","@id":"https:\/\/www.funfetti.shop\/#website","url":"https:\/\/www.funfetti.shop\/","name":"FunFetti","description":"un m\u00e9lange de cadeaux, de d\u00e9coration d'int\u00e9rieur et de design","publisher":{"@id":"https:\/\/www.funfetti.shop\/#organization"},"potentialAction":[{"@type":"SearchAction","target":{"@type":"EntryPoint","urlTemplate":"https:\/\/www.funfetti.shop\/?s={search_term_string}"},"query-input":{"@type":"PropertyValueSpecification","valueRequired":true,"valueName":"search_term_string"}}],"inLanguage":"fr-FR"},{"@type":"Organization","@id":"https:\/\/www.funfetti.shop\/#organization","name":"FunFetti","url":"https:\/\/www.funfetti.shop\/","logo":{"@type":"ImageObject","inLanguage":"fr-FR","@id":"https:\/\/www.funfetti.shop\/#\/schema\/logo\/image\/","url":"https:\/\/i0.wp.com\/www.funfetti.shop\/wp-content\/uploads\/2021\/11\/cropped-LOGO-WP-2021.png?fit=2000%2C171&ssl=1","contentUrl":"https:\/\/i0.wp.com\/www.funfetti.shop\/wp-content\/uploads\/2021\/11\/cropped-LOGO-WP-2021.png?fit=2000%2C171&ssl=1","width":2000,"height":171,"caption":"FunFetti"},"image":{"@id":"https:\/\/www.funfetti.shop\/#\/schema\/logo\/image\/"},"sameAs":["https:\/\/www.facebook.com\/funfetti.shop","https:\/\/www.instagram.com\/funfetti.shop\/","https:\/\/nl.pinterest.com\/funfettiforever\/"]}]}},"jetpack_publicize_connections":[],"jetpack_sharing_enabled":true,"_links":{"self":[{"href":"https:\/\/www.funfetti.shop\/fr\/wp-json\/wp\/v2\/product\/4140","targetHints":{"allow":["GET"]}}],"collection":[{"href":"https:\/\/www.funfetti.shop\/fr\/wp-json\/wp\/v2\/product"}],"about":[{"href":"https:\/\/www.funfetti.shop\/fr\/wp-json\/wp\/v2\/types\/product"}],"wp:featuredmedia":[{"embeddable":true,"href":"https:\/\/www.funfetti.shop\/fr\/wp-json\/wp\/v2\/media\/9896"}],"wp:attachment":[{"href":"https:\/\/www.funfetti.shop\/fr\/wp-json\/wp\/v2\/media?parent=4140"}],"wp:term":[{"taxonomy":"product_brand","embeddable":true,"href":"https:\/\/www.funfetti.shop\/fr\/wp-json\/wp\/v2\/product_brand?post=4140"},{"taxonomy":"product_cat","embeddable":true,"href":"https:\/\/www.funfetti.shop\/fr\/wp-json\/wp\/v2\/product_cat?post=4140"},{"taxonomy":"product_tag","embeddable":true,"href":"https:\/\/www.funfetti.shop\/fr\/wp-json\/wp\/v2\/product_tag?post=4140"}],"curies":[{"name":"wp","href":"https:\/\/api.w.org\/{rel}","templated":true}]}}