{"id":4174,"date":"2021-01-13T14:03:28","date_gmt":"2021-01-13T14:03:28","guid":{"rendered":"https:\/\/www.funfetti.shop\/?post_type=product&#038;p=4174"},"modified":"2026-02-18T12:00:31","modified_gmt":"2026-02-18T12:00:31","slug":"lego-storage-4x4-noir","status":"publish","type":"product","link":"https:\/\/www.funfetti.shop\/fr\/product\/lego-storage-4x4-zwart\/","title":{"rendered":"Rangement Lego 4\u00d74 noir"},"content":{"rendered":"<p>Les bo\u00eetes de rangement Lego 4\u00d74 noires peuvent \u00eatre utilis\u00e9es pour ranger des objets et sont \u00e9galement tr\u00e8s esth\u00e9tiques. Les diff\u00e9rentes bo\u00eetes de rangement Lego sont empilables les unes sur les autres.<\/p>\n<p><strong>Sp\u00e9cifications :<\/strong><\/p>\n<ul>\n<li><strong><em>mat\u00e9riel :\u00a0<\/em><i>Polypropyl\u00e8ne<\/i><\/strong><\/li>\n<li><strong><em>dimensions : 25 x 25 cm<\/em><\/strong><\/li>\n<li><strong><em>hauteur : 18 cm<\/em><\/strong><\/li>\n<li><strong><em>couleur : noir<\/em><\/strong><\/li>\n<li><em><strong>ean : 5706773400331<\/strong><\/em><\/li>\n<li><strong><em>la marque : <a href=\"https:\/\/www.funfetti.shop\/fr\/categorie-produit-2\/marques-2\/lego\/\">Lego<\/a><\/em><\/strong><\/li>\n<\/ul>","protected":false},"excerpt":{"rendered":"<p>Les bo\u00eetes de rangement Lego 4\u00d74 noires peuvent \u00eatre utilis\u00e9es pour ranger des objets et sont \u00e9galement tr\u00e8s esth\u00e9tiques. Les diff\u00e9rentes bo\u00eetes de rangement Lego sont empilables les unes sur les autres.<\/p>","protected":false},"featured_media":9869,"template":"","meta":{"neve_meta_sidebar":"","neve_meta_container":"","neve_meta_enable_content_width":"off","neve_meta_content_width":100,"neve_meta_title_alignment":"","neve_meta_author_avatar":"","neve_post_elements_order":"","neve_meta_disable_header":"","neve_meta_disable_footer":"","neve_meta_disable_title":"","neve_meta_reading_time":"","jetpack_publicize_message":"","jetpack_publicize_feature_enabled":true,"jetpack_social_post_already_shared":false,"jetpack_social_options":{"image_generator_settings":{"template":"highway","default_image_id":0,"font":"","enabled":false},"version":2}},"product_brand":[],"product_cat":[15,22,37,682,528,31,686,684],"product_tag":[536,256,529,128,531,165],"class_list":{"0":"post-4174","1":"product","2":"type-product","3":"status-publish","4":"has-post-thumbnail","6":"product_cat-allefun","7":"product_cat-funliving","8":"product_cat-kids","9":"product_cat-lego-fun-living","10":"product_cat-lego","11":"product_cat-opbergen","12":"product_cat-voor-fun-prijzen","13":"product_cat-voor-hem","14":"product_tag-brick","15":"product_tag-kids","16":"product_tag-lego","17":"product_tag-opbergen","18":"product_tag-storage","19":"product_tag-zwart","20":"product_shipping_class-pakket-met-track-en-trace","22":"first","23":"instock","24":"taxable","25":"shipping-taxable","26":"purchasable","27":"product-type-simple"},"yoast_head":"<!-- This site is optimized with the Yoast SEO plugin v27.4 - https:\/\/yoast.com\/product\/yoast-seo-wordpress\/ -->\n<title>Lego storage 4x4 zwart, makkelijk en leuk opbergen<\/title>\n<meta name=\"description\" content=\"Lego storage 4x4 zwart kan je dingen in op te bergen en het staat heel leuk in huis. alle Lego opbergboxen zijn onderling stapelbaar.\" \/>\n<meta name=\"robots\" content=\"index, follow, max-snippet:-1, max-image-preview:large, max-video-preview:-1\" \/>\n<link rel=\"canonical\" href=\"https:\/\/www.funfetti.shop\/fr\/produit\/lego-storage-4x4-noir\/\" \/>\n<meta property=\"og:locale\" content=\"fr_FR\" \/>\n<meta property=\"og:type\" content=\"article\" \/>\n<meta property=\"og:title\" content=\"Lego storage 4x4 zwart, makkelijk en leuk opbergen\" \/>\n<meta property=\"og:description\" content=\"Lego storage 4x4 zwart kan je dingen in op te bergen en het staat heel leuk in huis. alle Lego opbergboxen zijn onderling stapelbaar.\" \/>\n<meta property=\"og:url\" content=\"https:\/\/www.funfetti.shop\/fr\/produit\/lego-storage-4x4-noir\/\" \/>\n<meta property=\"og:site_name\" content=\"FunFetti\" \/>\n<meta property=\"article:publisher\" content=\"https:\/\/www.facebook.com\/funfetti.shop\" \/>\n<meta property=\"article:modified_time\" content=\"2026-02-18T12:00:31+00:00\" \/>\n<meta property=\"og:image\" content=\"https:\/\/www.funfetti.shop\/wp-content\/uploads\/2021\/01\/lego-storage-4x4-zwart-4.jpg\" \/>\n\t<meta property=\"og:image:width\" content=\"600\" \/>\n\t<meta property=\"og:image:height\" content=\"1067\" \/>\n\t<meta property=\"og:image:type\" content=\"image\/jpeg\" \/>\n<meta name=\"twitter:card\" content=\"summary_large_image\" \/>\n<meta name=\"twitter:label1\" content=\"Dur\u00e9e de lecture estim\u00e9e\" \/>\n\t<meta name=\"twitter:data1\" content=\"1 minute\" \/>\n<script type=\"application\/ld+json\" class=\"yoast-schema-graph\">{\"@context\":\"https:\\\/\\\/schema.org\",\"@graph\":[{\"@type\":\"WebPage\",\"@id\":\"https:\\\/\\\/www.funfetti.shop\\\/product\\\/lego-storage-4x4-zwart\\\/\",\"url\":\"https:\\\/\\\/www.funfetti.shop\\\/product\\\/lego-storage-4x4-zwart\\\/\",\"name\":\"Lego storage 4x4 zwart, makkelijk en leuk opbergen\",\"isPartOf\":{\"@id\":\"https:\\\/\\\/www.funfetti.shop\\\/#website\"},\"primaryImageOfPage\":{\"@id\":\"https:\\\/\\\/www.funfetti.shop\\\/product\\\/lego-storage-4x4-zwart\\\/#primaryimage\"},\"image\":{\"@id\":\"https:\\\/\\\/www.funfetti.shop\\\/product\\\/lego-storage-4x4-zwart\\\/#primaryimage\"},\"thumbnailUrl\":\"https:\\\/\\\/www.funfetti.shop\\\/wp-content\\\/uploads\\\/2021\\\/01\\\/lego-storage-4x4-zwart-4.jpg\",\"datePublished\":\"2021-01-13T14:03:28+00:00\",\"dateModified\":\"2026-02-18T12:00:31+00:00\",\"description\":\"Lego storage 4x4 zwart kan je dingen in op te bergen en het staat heel leuk in huis. alle Lego opbergboxen zijn onderling stapelbaar.\",\"breadcrumb\":{\"@id\":\"https:\\\/\\\/www.funfetti.shop\\\/product\\\/lego-storage-4x4-zwart\\\/#breadcrumb\"},\"inLanguage\":\"fr-FR\",\"potentialAction\":[{\"@type\":\"ReadAction\",\"target\":[\"https:\\\/\\\/www.funfetti.shop\\\/product\\\/lego-storage-4x4-zwart\\\/\"]}]},{\"@type\":\"ImageObject\",\"inLanguage\":\"fr-FR\",\"@id\":\"https:\\\/\\\/www.funfetti.shop\\\/product\\\/lego-storage-4x4-zwart\\\/#primaryimage\",\"url\":\"https:\\\/\\\/www.funfetti.shop\\\/wp-content\\\/uploads\\\/2021\\\/01\\\/lego-storage-4x4-zwart-4.jpg\",\"contentUrl\":\"https:\\\/\\\/www.funfetti.shop\\\/wp-content\\\/uploads\\\/2021\\\/01\\\/lego-storage-4x4-zwart-4.jpg\",\"width\":600,\"height\":1067,\"caption\":\"Lego storage;FunFetti.shop\"},{\"@type\":\"BreadcrumbList\",\"@id\":\"https:\\\/\\\/www.funfetti.shop\\\/product\\\/lego-storage-4x4-zwart\\\/#breadcrumb\",\"itemListElement\":[{\"@type\":\"ListItem\",\"position\":1,\"name\":\"Home\",\"item\":\"https:\\\/\\\/www.funfetti.shop\\\/\"},{\"@type\":\"ListItem\",\"position\":2,\"name\":\"Winkel\",\"item\":\"https:\\\/\\\/www.funfetti.shop\\\/winkel\\\/\"},{\"@type\":\"ListItem\",\"position\":3,\"name\":\"Lego storage 4&#215;4 zwart\"}]},{\"@type\":\"WebSite\",\"@id\":\"https:\\\/\\\/www.funfetti.shop\\\/#website\",\"url\":\"https:\\\/\\\/www.funfetti.shop\\\/\",\"name\":\"FunFetti\",\"description\":\"a curated mix of gifts, home d\u00e9cor and design\",\"publisher\":{\"@id\":\"https:\\\/\\\/www.funfetti.shop\\\/#organization\"},\"potentialAction\":[{\"@type\":\"SearchAction\",\"target\":{\"@type\":\"EntryPoint\",\"urlTemplate\":\"https:\\\/\\\/www.funfetti.shop\\\/?s={search_term_string}\"},\"query-input\":{\"@type\":\"PropertyValueSpecification\",\"valueRequired\":true,\"valueName\":\"search_term_string\"}}],\"inLanguage\":\"fr-FR\"},{\"@type\":\"Organization\",\"@id\":\"https:\\\/\\\/www.funfetti.shop\\\/#organization\",\"name\":\"FunFetti\",\"url\":\"https:\\\/\\\/www.funfetti.shop\\\/\",\"logo\":{\"@type\":\"ImageObject\",\"inLanguage\":\"fr-FR\",\"@id\":\"https:\\\/\\\/www.funfetti.shop\\\/#\\\/schema\\\/logo\\\/image\\\/\",\"url\":\"https:\\\/\\\/i0.wp.com\\\/www.funfetti.shop\\\/wp-content\\\/uploads\\\/2021\\\/11\\\/cropped-LOGO-WP-2021.png?fit=2000%2C171&ssl=1\",\"contentUrl\":\"https:\\\/\\\/i0.wp.com\\\/www.funfetti.shop\\\/wp-content\\\/uploads\\\/2021\\\/11\\\/cropped-LOGO-WP-2021.png?fit=2000%2C171&ssl=1\",\"width\":2000,\"height\":171,\"caption\":\"FunFetti\"},\"image\":{\"@id\":\"https:\\\/\\\/www.funfetti.shop\\\/#\\\/schema\\\/logo\\\/image\\\/\"},\"sameAs\":[\"https:\\\/\\\/www.facebook.com\\\/funfetti.shop\",\"https:\\\/\\\/www.instagram.com\\\/funfetti.shop\\\/\",\"https:\\\/\\\/nl.pinterest.com\\\/funfettiforever\\\/\"]}]}<\/script>\n<!-- \/ Yoast SEO plugin. -->","yoast_head_json":{"title":"Rangement Lego 4x4 noir, rangement facile et amusant","description":"Les bo\u00eetes de rangement Lego 4x4 noir permettent de ranger des objets et sont tr\u00e8s esth\u00e9tiques dans la maison. Toutes les bo\u00eetes de rangement Lego sont empilables les unes avec les autres.","robots":{"index":"index","follow":"follow","max-snippet":"max-snippet:-1","max-image-preview":"max-image-preview:large","max-video-preview":"max-video-preview:-1"},"canonical":"https:\/\/www.funfetti.shop\/fr\/produit\/lego-storage-4x4-noir\/","og_locale":"fr_FR","og_type":"article","og_title":"Lego storage 4x4 zwart, makkelijk en leuk opbergen","og_description":"Lego storage 4x4 zwart kan je dingen in op te bergen en het staat heel leuk in huis. alle Lego opbergboxen zijn onderling stapelbaar.","og_url":"https:\/\/www.funfetti.shop\/fr\/produit\/lego-storage-4x4-noir\/","og_site_name":"FunFetti","article_publisher":"https:\/\/www.facebook.com\/funfetti.shop","article_modified_time":"2026-02-18T12:00:31+00:00","og_image":[{"width":600,"height":1067,"url":"https:\/\/www.funfetti.shop\/wp-content\/uploads\/2021\/01\/lego-storage-4x4-zwart-4.jpg","type":"image\/jpeg"}],"twitter_card":"summary_large_image","twitter_misc":{"Dur\u00e9e de lecture estim\u00e9e":"1 minute"},"schema":{"@context":"https:\/\/schema.org","@graph":[{"@type":"WebPage","@id":"https:\/\/www.funfetti.shop\/product\/lego-storage-4x4-zwart\/","url":"https:\/\/www.funfetti.shop\/product\/lego-storage-4x4-zwart\/","name":"Rangement Lego 4x4 noir, rangement facile et amusant","isPartOf":{"@id":"https:\/\/www.funfetti.shop\/#website"},"primaryImageOfPage":{"@id":"https:\/\/www.funfetti.shop\/product\/lego-storage-4x4-zwart\/#primaryimage"},"image":{"@id":"https:\/\/www.funfetti.shop\/product\/lego-storage-4x4-zwart\/#primaryimage"},"thumbnailUrl":"https:\/\/www.funfetti.shop\/wp-content\/uploads\/2021\/01\/lego-storage-4x4-zwart-4.jpg","datePublished":"2021-01-13T14:03:28+00:00","dateModified":"2026-02-18T12:00:31+00:00","description":"Les bo\u00eetes de rangement Lego 4x4 noir permettent de ranger des objets et sont tr\u00e8s esth\u00e9tiques dans la maison. Toutes les bo\u00eetes de rangement Lego sont empilables les unes avec les autres.","breadcrumb":{"@id":"https:\/\/www.funfetti.shop\/product\/lego-storage-4x4-zwart\/#breadcrumb"},"inLanguage":"fr-FR","potentialAction":[{"@type":"ReadAction","target":["https:\/\/www.funfetti.shop\/product\/lego-storage-4x4-zwart\/"]}]},{"@type":"ImageObject","inLanguage":"fr-FR","@id":"https:\/\/www.funfetti.shop\/product\/lego-storage-4x4-zwart\/#primaryimage","url":"https:\/\/www.funfetti.shop\/wp-content\/uploads\/2021\/01\/lego-storage-4x4-zwart-4.jpg","contentUrl":"https:\/\/www.funfetti.shop\/wp-content\/uploads\/2021\/01\/lego-storage-4x4-zwart-4.jpg","width":600,"height":1067,"caption":"Lego storage;FunFetti.shop"},{"@type":"BreadcrumbList","@id":"https:\/\/www.funfetti.shop\/product\/lego-storage-4x4-zwart\/#breadcrumb","itemListElement":[{"@type":"ListItem","position":1,"name":"Home","item":"https:\/\/www.funfetti.shop\/"},{"@type":"ListItem","position":2,"name":"Winkel","item":"https:\/\/www.funfetti.shop\/winkel\/"},{"@type":"ListItem","position":3,"name":"Lego storage 4&#215;4 zwart"}]},{"@type":"WebSite","@id":"https:\/\/www.funfetti.shop\/#website","url":"https:\/\/www.funfetti.shop\/","name":"FunFetti","description":"un m\u00e9lange de cadeaux, de d\u00e9coration d'int\u00e9rieur et de design","publisher":{"@id":"https:\/\/www.funfetti.shop\/#organization"},"potentialAction":[{"@type":"SearchAction","target":{"@type":"EntryPoint","urlTemplate":"https:\/\/www.funfetti.shop\/?s={search_term_string}"},"query-input":{"@type":"PropertyValueSpecification","valueRequired":true,"valueName":"search_term_string"}}],"inLanguage":"fr-FR"},{"@type":"Organization","@id":"https:\/\/www.funfetti.shop\/#organization","name":"FunFetti","url":"https:\/\/www.funfetti.shop\/","logo":{"@type":"ImageObject","inLanguage":"fr-FR","@id":"https:\/\/www.funfetti.shop\/#\/schema\/logo\/image\/","url":"https:\/\/i0.wp.com\/www.funfetti.shop\/wp-content\/uploads\/2021\/11\/cropped-LOGO-WP-2021.png?fit=2000%2C171&ssl=1","contentUrl":"https:\/\/i0.wp.com\/www.funfetti.shop\/wp-content\/uploads\/2021\/11\/cropped-LOGO-WP-2021.png?fit=2000%2C171&ssl=1","width":2000,"height":171,"caption":"FunFetti"},"image":{"@id":"https:\/\/www.funfetti.shop\/#\/schema\/logo\/image\/"},"sameAs":["https:\/\/www.facebook.com\/funfetti.shop","https:\/\/www.instagram.com\/funfetti.shop\/","https:\/\/nl.pinterest.com\/funfettiforever\/"]}]}},"jetpack_publicize_connections":[],"jetpack_sharing_enabled":true,"_links":{"self":[{"href":"https:\/\/www.funfetti.shop\/fr\/wp-json\/wp\/v2\/product\/4174","targetHints":{"allow":["GET"]}}],"collection":[{"href":"https:\/\/www.funfetti.shop\/fr\/wp-json\/wp\/v2\/product"}],"about":[{"href":"https:\/\/www.funfetti.shop\/fr\/wp-json\/wp\/v2\/types\/product"}],"wp:featuredmedia":[{"embeddable":true,"href":"https:\/\/www.funfetti.shop\/fr\/wp-json\/wp\/v2\/media\/9869"}],"wp:attachment":[{"href":"https:\/\/www.funfetti.shop\/fr\/wp-json\/wp\/v2\/media?parent=4174"}],"wp:term":[{"taxonomy":"product_brand","embeddable":true,"href":"https:\/\/www.funfetti.shop\/fr\/wp-json\/wp\/v2\/product_brand?post=4174"},{"taxonomy":"product_cat","embeddable":true,"href":"https:\/\/www.funfetti.shop\/fr\/wp-json\/wp\/v2\/product_cat?post=4174"},{"taxonomy":"product_tag","embeddable":true,"href":"https:\/\/www.funfetti.shop\/fr\/wp-json\/wp\/v2\/product_tag?post=4174"}],"curies":[{"name":"wp","href":"https:\/\/api.w.org\/{rel}","templated":true}]}}