{"id":4229,"date":"2021-01-20T13:03:00","date_gmt":"2021-01-20T13:03:00","guid":{"rendered":"https:\/\/www.funfetti.shop\/?post_type=product&#038;p=4229"},"modified":"2026-02-17T18:09:47","modified_gmt":"2026-02-17T18:09:47","slug":"anneau-lego-rouge","status":"publish","type":"product","link":"https:\/\/www.funfetti.shop\/fr\/product\/lego-ring-rood\/","title":{"rendered":"Bague avec pierre LEGO\u00ae rouge"},"content":{"rendered":"<h1 data-start=\"198\" data-end=\"257\">Bague avec pierre LEGO\u00ae rouge<\/h1>\n<p data-start=\"259\" data-end=\"296\">Ludique. Color\u00e9. Irr\u00e9sistible<\/p>\n<p data-start=\"298\" data-end=\"468\">Cette bague est compos\u00e9e d'une pierre LEGO\u00ae originale qui attire le regard. Le design \u00e9pur\u00e9 du bloc, combin\u00e9 \u00e0 la couleur rouge vif, cr\u00e9e une d\u00e9claration qui se d\u00e9marque imm\u00e9diatement.<\/p>\n<p data-start=\"470\" data-end=\"622\">La bague est r\u00e9glable, ce qui la rend confortable et facile \u00e0 porter. Parfaite pour celles qui aiment la couleur, la nostalgie et une touche de fantaisie.<\/p>\n<p data-start=\"624\" data-end=\"715\">Disponible en diff\u00e9rentes couleurs, il y a donc toujours une variante pour s'adapter \u00e0 votre humeur.<\/p>\n<p data-start=\"897\" data-end=\"1062\"><strong>Sp\u00e9cifications :<\/strong><\/p>\n<ul>\n<li data-start=\"897\" data-end=\"1062\"><strong><em>\u00c9l\u00e9ment : brique LEGO<\/em><\/strong><\/li>\n<li data-start=\"897\" data-end=\"1062\"><strong><em>Forme : Taille unique, ajustable<\/em><\/strong><\/li>\n<li data-start=\"897\" data-end=\"1062\"><strong><em>Couleur : rouge<\/em><\/strong><\/li>\n<li data-start=\"897\" data-end=\"1062\"><strong><em>Diff\u00e9rentes variantes de couleurs disponibles<\/em><\/strong><\/li>\n<\/ul>\n<hr data-start=\"1181\" data-end=\"1184\" \/>\n<p data-start=\"1186\" data-end=\"1334\"><strong data-start=\"1186\" data-end=\"1201\">Avis de non-responsabilit\u00e9 : <\/strong>Ce produit n'est pas officiellement autoris\u00e9 par ou affili\u00e9 \u00e0 LEGO\u00ae. LEGO\u00ae est une marque d\u00e9pos\u00e9e du groupe LEGO.<\/p>\n<hr \/>\n<p><a href=\"https:\/\/www.funfetti.shop\/fr\/categorie-produit-2\/marques-2\/lego\/\"><em>Cliquez ici pour tous les produits Lego\u00ae<\/em><\/a><\/p>","protected":false},"excerpt":{"rendered":"<p data-start=\"198\" data-end=\"257\">La bague avec pierre LEGO\u00ae rouge est joyeuse et constitue l'accessoire parfait pour celles qui aiment les bagues avec une grosse pierre.<\/p>","protected":false},"featured_media":5399,"template":"","meta":{"neve_meta_sidebar":"","neve_meta_container":"","neve_meta_enable_content_width":"off","neve_meta_content_width":100,"neve_meta_title_alignment":"","neve_meta_author_avatar":"","neve_post_elements_order":"","neve_meta_disable_header":"","neve_meta_disable_footer":"","neve_meta_disable_title":"","neve_meta_reading_time":"","jetpack_publicize_message":"","jetpack_publicize_feature_enabled":true,"jetpack_social_post_already_shared":false,"jetpack_social_options":{"image_generator_settings":{"template":"highway","default_image_id":0,"font":"","enabled":false},"version":2}},"product_brand":[],"product_cat":[15,682,528,41,38],"product_tag":[529,105,347,99],"class_list":{"0":"post-4229","1":"product","2":"type-product","3":"status-publish","4":"has-post-thumbnail","6":"product_cat-allefun","7":"product_cat-lego-fun-living","8":"product_cat-lego","9":"product_cat-ringen","10":"product_cat-sieraden","11":"product_tag-lego","12":"product_tag-ring","13":"product_tag-rood","14":"product_tag-sieraden","15":"product_shipping_class-brievenbus-pakket-met-track-en-trace","17":"first","18":"instock","19":"taxable","20":"shipping-taxable","21":"purchasable","22":"product-type-simple"},"yoast_head":"<!-- This site is optimized with the Yoast SEO plugin v27.5 - https:\/\/yoast.com\/product\/yoast-seo-wordpress\/ -->\n<title>Ring met LEGO\u00ae steentje rood<\/title>\n<meta name=\"description\" content=\"Ring met LEGO\u00ae steentje rood is fun, fashion en het perfecte accessoire voor diegene die houdt van het maken van een statement.\" \/>\n<meta name=\"robots\" content=\"index, follow, max-snippet:-1, max-image-preview:large, max-video-preview:-1\" \/>\n<link rel=\"canonical\" href=\"https:\/\/www.funfetti.shop\/fr\/produit\/anneau-lego-rouge\/\" \/>\n<meta property=\"og:locale\" content=\"fr_FR\" \/>\n<meta property=\"og:type\" content=\"article\" \/>\n<meta property=\"og:title\" content=\"Ring met LEGO\u00ae steentje rood\" \/>\n<meta property=\"og:description\" content=\"Ring met LEGO\u00ae steentje rood is fun, fashion en het perfecte accessoire voor diegene die houdt van het maken van een statement.\" \/>\n<meta property=\"og:url\" content=\"https:\/\/www.funfetti.shop\/fr\/produit\/anneau-lego-rouge\/\" \/>\n<meta property=\"og:site_name\" content=\"FunFetti\" \/>\n<meta property=\"article:publisher\" content=\"https:\/\/www.facebook.com\/funfetti.shop\" \/>\n<meta property=\"article:modified_time\" content=\"2026-02-17T18:09:47+00:00\" \/>\n<meta property=\"og:image\" content=\"https:\/\/www.funfetti.shop\/wp-content\/uploads\/2021\/01\/LEGO-ring-4-rood-1.jpg\" \/>\n\t<meta property=\"og:image:width\" content=\"600\" \/>\n\t<meta property=\"og:image:height\" content=\"600\" \/>\n\t<meta property=\"og:image:type\" content=\"image\/jpeg\" \/>\n<meta name=\"twitter:card\" content=\"summary_large_image\" \/>\n<meta name=\"twitter:label1\" content=\"Dur\u00e9e de lecture estim\u00e9e\" \/>\n\t<meta name=\"twitter:data1\" content=\"1 minute\" \/>\n<script type=\"application\/ld+json\" class=\"yoast-schema-graph\">{\"@context\":\"https:\\\/\\\/schema.org\",\"@graph\":[{\"@type\":\"WebPage\",\"@id\":\"https:\\\/\\\/www.funfetti.shop\\\/product\\\/lego-ring-rood\\\/\",\"url\":\"https:\\\/\\\/www.funfetti.shop\\\/product\\\/lego-ring-rood\\\/\",\"name\":\"Ring met LEGO\u00ae steentje rood\",\"isPartOf\":{\"@id\":\"https:\\\/\\\/www.funfetti.shop\\\/#website\"},\"primaryImageOfPage\":{\"@id\":\"https:\\\/\\\/www.funfetti.shop\\\/product\\\/lego-ring-rood\\\/#primaryimage\"},\"image\":{\"@id\":\"https:\\\/\\\/www.funfetti.shop\\\/product\\\/lego-ring-rood\\\/#primaryimage\"},\"thumbnailUrl\":\"https:\\\/\\\/www.funfetti.shop\\\/wp-content\\\/uploads\\\/2021\\\/01\\\/LEGO-ring-4-rood-1.jpg\",\"datePublished\":\"2021-01-20T13:03:00+00:00\",\"dateModified\":\"2026-02-17T18:09:47+00:00\",\"description\":\"Ring met LEGO\u00ae steentje rood is fun, fashion en het perfecte accessoire voor diegene die houdt van het maken van een statement.\",\"breadcrumb\":{\"@id\":\"https:\\\/\\\/www.funfetti.shop\\\/product\\\/lego-ring-rood\\\/#breadcrumb\"},\"inLanguage\":\"fr-FR\",\"potentialAction\":[{\"@type\":\"ReadAction\",\"target\":[\"https:\\\/\\\/www.funfetti.shop\\\/product\\\/lego-ring-rood\\\/\"]}]},{\"@type\":\"ImageObject\",\"inLanguage\":\"fr-FR\",\"@id\":\"https:\\\/\\\/www.funfetti.shop\\\/product\\\/lego-ring-rood\\\/#primaryimage\",\"url\":\"https:\\\/\\\/www.funfetti.shop\\\/wp-content\\\/uploads\\\/2021\\\/01\\\/LEGO-ring-4-rood-1.jpg\",\"contentUrl\":\"https:\\\/\\\/www.funfetti.shop\\\/wp-content\\\/uploads\\\/2021\\\/01\\\/LEGO-ring-4-rood-1.jpg\",\"width\":600,\"height\":600,\"caption\":\"lego ring xl rood\"},{\"@type\":\"BreadcrumbList\",\"@id\":\"https:\\\/\\\/www.funfetti.shop\\\/product\\\/lego-ring-rood\\\/#breadcrumb\",\"itemListElement\":[{\"@type\":\"ListItem\",\"position\":1,\"name\":\"Home\",\"item\":\"https:\\\/\\\/www.funfetti.shop\\\/\"},{\"@type\":\"ListItem\",\"position\":2,\"name\":\"Winkel\",\"item\":\"https:\\\/\\\/www.funfetti.shop\\\/winkel\\\/\"},{\"@type\":\"ListItem\",\"position\":3,\"name\":\"Ring met LEGO\u00ae steentje rood\"}]},{\"@type\":\"WebSite\",\"@id\":\"https:\\\/\\\/www.funfetti.shop\\\/#website\",\"url\":\"https:\\\/\\\/www.funfetti.shop\\\/\",\"name\":\"FunFetti\",\"description\":\"a curated mix of gifts, home d\u00e9cor and design\",\"publisher\":{\"@id\":\"https:\\\/\\\/www.funfetti.shop\\\/#organization\"},\"potentialAction\":[{\"@type\":\"SearchAction\",\"target\":{\"@type\":\"EntryPoint\",\"urlTemplate\":\"https:\\\/\\\/www.funfetti.shop\\\/?s={search_term_string}\"},\"query-input\":{\"@type\":\"PropertyValueSpecification\",\"valueRequired\":true,\"valueName\":\"search_term_string\"}}],\"inLanguage\":\"fr-FR\"},{\"@type\":\"Organization\",\"@id\":\"https:\\\/\\\/www.funfetti.shop\\\/#organization\",\"name\":\"FunFetti\",\"url\":\"https:\\\/\\\/www.funfetti.shop\\\/\",\"logo\":{\"@type\":\"ImageObject\",\"inLanguage\":\"fr-FR\",\"@id\":\"https:\\\/\\\/www.funfetti.shop\\\/#\\\/schema\\\/logo\\\/image\\\/\",\"url\":\"https:\\\/\\\/i0.wp.com\\\/www.funfetti.shop\\\/wp-content\\\/uploads\\\/2021\\\/11\\\/cropped-LOGO-WP-2021.png?fit=2000%2C171&ssl=1\",\"contentUrl\":\"https:\\\/\\\/i0.wp.com\\\/www.funfetti.shop\\\/wp-content\\\/uploads\\\/2021\\\/11\\\/cropped-LOGO-WP-2021.png?fit=2000%2C171&ssl=1\",\"width\":2000,\"height\":171,\"caption\":\"FunFetti\"},\"image\":{\"@id\":\"https:\\\/\\\/www.funfetti.shop\\\/#\\\/schema\\\/logo\\\/image\\\/\"},\"sameAs\":[\"https:\\\/\\\/www.facebook.com\\\/funfetti.shop\",\"https:\\\/\\\/www.instagram.com\\\/funfetti.shop\\\/\",\"https:\\\/\\\/nl.pinterest.com\\\/funfettiforever\\\/\"]}]}<\/script>\n<!-- \/ Yoast SEO plugin. -->","yoast_head_json":{"title":"Bague avec pierre LEGO\u00ae rouge","description":"La bague avec pierre LEGO\u00ae rouge est amusante, \u00e0 la mode et l'accessoire parfait pour celles qui aiment s'affirmer.","robots":{"index":"index","follow":"follow","max-snippet":"max-snippet:-1","max-image-preview":"max-image-preview:large","max-video-preview":"max-video-preview:-1"},"canonical":"https:\/\/www.funfetti.shop\/fr\/produit\/anneau-lego-rouge\/","og_locale":"fr_FR","og_type":"article","og_title":"Ring met LEGO\u00ae steentje rood","og_description":"Ring met LEGO\u00ae steentje rood is fun, fashion en het perfecte accessoire voor diegene die houdt van het maken van een statement.","og_url":"https:\/\/www.funfetti.shop\/fr\/produit\/anneau-lego-rouge\/","og_site_name":"FunFetti","article_publisher":"https:\/\/www.facebook.com\/funfetti.shop","article_modified_time":"2026-02-17T18:09:47+00:00","og_image":[{"width":600,"height":600,"url":"https:\/\/www.funfetti.shop\/wp-content\/uploads\/2021\/01\/LEGO-ring-4-rood-1.jpg","type":"image\/jpeg"}],"twitter_card":"summary_large_image","twitter_misc":{"Dur\u00e9e de lecture estim\u00e9e":"1 minute"},"schema":{"@context":"https:\/\/schema.org","@graph":[{"@type":"WebPage","@id":"https:\/\/www.funfetti.shop\/product\/lego-ring-rood\/","url":"https:\/\/www.funfetti.shop\/product\/lego-ring-rood\/","name":"Bague avec pierre LEGO\u00ae rouge","isPartOf":{"@id":"https:\/\/www.funfetti.shop\/#website"},"primaryImageOfPage":{"@id":"https:\/\/www.funfetti.shop\/product\/lego-ring-rood\/#primaryimage"},"image":{"@id":"https:\/\/www.funfetti.shop\/product\/lego-ring-rood\/#primaryimage"},"thumbnailUrl":"https:\/\/www.funfetti.shop\/wp-content\/uploads\/2021\/01\/LEGO-ring-4-rood-1.jpg","datePublished":"2021-01-20T13:03:00+00:00","dateModified":"2026-02-17T18:09:47+00:00","description":"La bague avec pierre LEGO\u00ae rouge est amusante, \u00e0 la mode et l'accessoire parfait pour celles qui aiment s'affirmer.","breadcrumb":{"@id":"https:\/\/www.funfetti.shop\/product\/lego-ring-rood\/#breadcrumb"},"inLanguage":"fr-FR","potentialAction":[{"@type":"ReadAction","target":["https:\/\/www.funfetti.shop\/product\/lego-ring-rood\/"]}]},{"@type":"ImageObject","inLanguage":"fr-FR","@id":"https:\/\/www.funfetti.shop\/product\/lego-ring-rood\/#primaryimage","url":"https:\/\/www.funfetti.shop\/wp-content\/uploads\/2021\/01\/LEGO-ring-4-rood-1.jpg","contentUrl":"https:\/\/www.funfetti.shop\/wp-content\/uploads\/2021\/01\/LEGO-ring-4-rood-1.jpg","width":600,"height":600,"caption":"lego ring xl rood"},{"@type":"BreadcrumbList","@id":"https:\/\/www.funfetti.shop\/product\/lego-ring-rood\/#breadcrumb","itemListElement":[{"@type":"ListItem","position":1,"name":"Home","item":"https:\/\/www.funfetti.shop\/"},{"@type":"ListItem","position":2,"name":"Winkel","item":"https:\/\/www.funfetti.shop\/winkel\/"},{"@type":"ListItem","position":3,"name":"Ring met LEGO\u00ae steentje rood"}]},{"@type":"WebSite","@id":"https:\/\/www.funfetti.shop\/#website","url":"https:\/\/www.funfetti.shop\/","name":"FunFetti","description":"un m\u00e9lange de cadeaux, de d\u00e9coration d'int\u00e9rieur et de design","publisher":{"@id":"https:\/\/www.funfetti.shop\/#organization"},"potentialAction":[{"@type":"SearchAction","target":{"@type":"EntryPoint","urlTemplate":"https:\/\/www.funfetti.shop\/?s={search_term_string}"},"query-input":{"@type":"PropertyValueSpecification","valueRequired":true,"valueName":"search_term_string"}}],"inLanguage":"fr-FR"},{"@type":"Organization","@id":"https:\/\/www.funfetti.shop\/#organization","name":"FunFetti","url":"https:\/\/www.funfetti.shop\/","logo":{"@type":"ImageObject","inLanguage":"fr-FR","@id":"https:\/\/www.funfetti.shop\/#\/schema\/logo\/image\/","url":"https:\/\/i0.wp.com\/www.funfetti.shop\/wp-content\/uploads\/2021\/11\/cropped-LOGO-WP-2021.png?fit=2000%2C171&ssl=1","contentUrl":"https:\/\/i0.wp.com\/www.funfetti.shop\/wp-content\/uploads\/2021\/11\/cropped-LOGO-WP-2021.png?fit=2000%2C171&ssl=1","width":2000,"height":171,"caption":"FunFetti"},"image":{"@id":"https:\/\/www.funfetti.shop\/#\/schema\/logo\/image\/"},"sameAs":["https:\/\/www.facebook.com\/funfetti.shop","https:\/\/www.instagram.com\/funfetti.shop\/","https:\/\/nl.pinterest.com\/funfettiforever\/"]}]}},"jetpack_publicize_connections":[],"jetpack_sharing_enabled":true,"_links":{"self":[{"href":"https:\/\/www.funfetti.shop\/fr\/wp-json\/wp\/v2\/product\/4229","targetHints":{"allow":["GET"]}}],"collection":[{"href":"https:\/\/www.funfetti.shop\/fr\/wp-json\/wp\/v2\/product"}],"about":[{"href":"https:\/\/www.funfetti.shop\/fr\/wp-json\/wp\/v2\/types\/product"}],"wp:featuredmedia":[{"embeddable":true,"href":"https:\/\/www.funfetti.shop\/fr\/wp-json\/wp\/v2\/media\/5399"}],"wp:attachment":[{"href":"https:\/\/www.funfetti.shop\/fr\/wp-json\/wp\/v2\/media?parent=4229"}],"wp:term":[{"taxonomy":"product_brand","embeddable":true,"href":"https:\/\/www.funfetti.shop\/fr\/wp-json\/wp\/v2\/product_brand?post=4229"},{"taxonomy":"product_cat","embeddable":true,"href":"https:\/\/www.funfetti.shop\/fr\/wp-json\/wp\/v2\/product_cat?post=4229"},{"taxonomy":"product_tag","embeddable":true,"href":"https:\/\/www.funfetti.shop\/fr\/wp-json\/wp\/v2\/product_tag?post=4229"}],"curies":[{"name":"wp","href":"https:\/\/api.w.org\/{rel}","templated":true}]}}