{"id":5641,"date":"2023-02-14T15:27:37","date_gmt":"2023-02-14T15:27:37","guid":{"rendered":"https:\/\/www.funfetti.shop\/?post_type=product&#038;p=5641"},"modified":"2026-02-12T12:05:00","modified_gmt":"2026-02-12T12:05:00","slug":"epingle-a-collier-avec-coeurs-rouges","status":"publish","type":"product","link":"https:\/\/www.funfetti.shop\/fr\/product\/kraagspeld-met-rode-hartjes\/","title":{"rendered":"\u00c9pingle de collier avec c\u0153urs rouges"},"content":{"rendered":"<h1 data-start=\"315\" data-end=\"373\">\u00c9pingle de collier avec c\u0153urs rouges et cha\u00eene<\/h1>\n<p data-start=\"375\" data-end=\"623\">Un chemisier blanc devient soudain une pi\u00e8ce de choix gr\u00e2ce \u00e0 cette pi\u00e8ce ludique. <strong data-start=\"442\" data-end=\"473\">\u00e9pingle \u00e0 collier avec c\u0153urs rouges<\/strong>. Deux c\u0153urs en acrylique brillant ornent votre collier, reli\u00e9s par une double cha\u00eene en argent. Doux, cool et un peu arrogant \u00e0 la fois.<\/p>\n<p data-start=\"625\" data-end=\"852\">Les c\u0153urs sont en acrylique rouge et ont cette couleur vive reconnaissable qui vous rend instantan\u00e9ment heureux. Les cha\u00eenes pendent subtilement entre les pointes de col, donnant \u00e0 votre tenue un air vintage avec une touche de modernit\u00e9 gr\u00e2ce \u00e0 ces pointes de col. Ils sont parfaits pour un chemisier, une chemise ou une robe \u00e0 col. Ainsi, vous passez instantan\u00e9ment d'une tenue basique \u00e0 une tenue sp\u00e9ciale.<\/p>\n<p data-start=\"1186\" data-end=\"1368\"><strong>Sp\u00e9cifications<\/strong><\/p>\n<ul>\n<li data-start=\"1186\" data-end=\"1368\"><em><strong>Mat\u00e9riau des c\u0153urs : Plastique acrylique<\/strong><\/em><\/li>\n<li data-start=\"1186\" data-end=\"1368\"><em><strong>Couleur : rouge<\/strong><\/em><\/li>\n<li data-start=\"1186\" data-end=\"1368\"><em><strong>Cha\u00eene : m\u00e9tal argent\u00e9<\/strong><\/em><\/li>\n<li data-start=\"1186\" data-end=\"1368\"><em><strong>Fermeture : \u00e9pingle des deux c\u00f4t\u00e9s<\/strong><\/em><\/li>\n<li data-start=\"1532\" data-end=\"1715\"><em><strong>Fabriqu\u00e9 aux Pays-Bas<\/strong><\/em><\/li>\n<li data-start=\"1532\" data-end=\"1715\"><em><strong>Marque : <a href=\"https:\/\/www.funfetti.shop\/fr\/categorie-produit-2\/marques\/funfetti\/\">FunFetti<\/a><\/strong><\/em><\/li>\n<\/ul>\n<hr \/>\n<p data-start=\"1370\" data-end=\"1493\"><strong>Astuce FunFetti :<\/strong> Associez-le \u00e0 un chemisier blanc \u00e9l\u00e9gant pour le contraste ou \u00e0 une couleur pour un look plus prononc\u00e9.<\/p>\n<hr \/>\n<p data-start=\"1370\" data-end=\"1493\">","protected":false},"excerpt":{"rendered":"<p><span class=\"Y2IQFc\" lang=\"nl\"><strong>\u2764\ufe0f Pourquoi voulez-vous le porter ?<\/strong><br data-start=\"977\" data-end=\"980\" \/>- Conception et production propres<br data-start=\"1008\" data-end=\"1011\" \/>- Une couleur vive qui donne imm\u00e9diatement le sourire<br data-start=\"1101\" data-end=\"1104\" \/>- Donne du caract\u00e8re \u00e0 n'importe quel chemisier<br data-start=\"1140\" data-end=\"1143\" \/>- Ludique, romantique et l\u00e9g\u00e8rement diff\u00e9rent<\/span><\/p>","protected":false},"featured_media":9811,"template":"","meta":{"neve_meta_sidebar":"","neve_meta_container":"","neve_meta_enable_content_width":"off","neve_meta_content_width":100,"neve_meta_title_alignment":"","neve_meta_author_avatar":"","neve_post_elements_order":"","neve_meta_disable_header":"","neve_meta_disable_footer":"","neve_meta_disable_title":"","neve_meta_reading_time":"","advanced_seo_description":"","jetpack_seo_html_title":"","jetpack_seo_noindex":false,"jetpack_publicize_message":"","jetpack_publicize_feature_enabled":true,"jetpack_social_post_already_shared":true,"jetpack_social_options":{"image_generator_settings":{"template":"highway","default_image_id":0,"font":"","enabled":false},"version":2}},"product_brand":[825],"product_cat":[15,468,680,39,38,686,685],"product_tag":[828,826,347,99],"class_list":{"0":"post-5641","1":"product","2":"type-product","3":"status-publish","4":"has-post-thumbnail","6":"product_brand-funfetti","7":"product_cat-allefun","8":"product_cat-funfetti","9":"product_cat-fungifts","10":"product_cat-kettingen","11":"product_cat-sieraden","12":"product_cat-voor-fun-prijzen","13":"product_cat-voor-haar","14":"product_tag-collar-tip","15":"product_tag-hartje","16":"product_tag-rood","17":"product_tag-sieraden","18":"product_shipping_class-brievenbus-pakket-met-track-en-trace","20":"first","21":"instock","22":"taxable","23":"shipping-taxable","24":"purchasable","25":"product-type-simple"},"jetpack_publicize_connections":[],"jetpack_sharing_enabled":true,"_links":{"self":[{"href":"https:\/\/www.funfetti.shop\/fr\/wp-json\/wp\/v2\/product\/5641","targetHints":{"allow":["GET"]}}],"collection":[{"href":"https:\/\/www.funfetti.shop\/fr\/wp-json\/wp\/v2\/product"}],"about":[{"href":"https:\/\/www.funfetti.shop\/fr\/wp-json\/wp\/v2\/types\/product"}],"wp:featuredmedia":[{"embeddable":true,"href":"https:\/\/www.funfetti.shop\/fr\/wp-json\/wp\/v2\/media\/9811"}],"wp:attachment":[{"href":"https:\/\/www.funfetti.shop\/fr\/wp-json\/wp\/v2\/media?parent=5641"}],"wp:term":[{"taxonomy":"product_brand","embeddable":true,"href":"https:\/\/www.funfetti.shop\/fr\/wp-json\/wp\/v2\/product_brand?post=5641"},{"taxonomy":"product_cat","embeddable":true,"href":"https:\/\/www.funfetti.shop\/fr\/wp-json\/wp\/v2\/product_cat?post=5641"},{"taxonomy":"product_tag","embeddable":true,"href":"https:\/\/www.funfetti.shop\/fr\/wp-json\/wp\/v2\/product_tag?post=5641"}],"curies":[{"name":"wp","href":"https:\/\/api.w.org\/{rel}","templated":true}]}}