{"id":5658,"date":"2023-02-15T11:40:15","date_gmt":"2023-02-15T11:40:15","guid":{"rendered":"https:\/\/www.funfetti.shop\/?post_type=product&#038;p=5658"},"modified":"2026-01-16T13:52:45","modified_gmt":"2026-01-16T13:52:45","slug":"statue-de-la-madone-or","status":"publish","type":"product","link":"https:\/\/www.funfetti.shop\/fr\/product\/madonna-beeldje-goud\/","title":{"rendered":"Statue de la Madone en or"},"content":{"rendered":"<div class=\"text-collapse mb-3 mb-md-4 has-no-overflow\" data-controller=\"text-collapse\">\n<h3 data-start=\"223\" data-end=\"279\"><strong data-start=\"227\" data-end=\"279\">Statue de la Madone en or - Heinen Delftware<\/strong><\/h3>\n<p data-start=\"281\" data-end=\"658\">Cette figurine de Madone dor\u00e9e de Heinen Delft Blue apporte une lueur de beaut\u00e9 sereine dans n'importe quelle pi\u00e8ce. Petite par la taille mais grande par l'apparence. La figurine a une forme douce et \u00e9l\u00e9gante et une finition dor\u00e9e brillante qui attire imm\u00e9diatement l'attention. Elle est parfaite comme accessoire de luxe pour la maison, comme accent spirituel subtil ou simplement pour attirer l'attention dans votre joyeux int\u00e9rieur Fun(Fetti).<\/p>\n<p data-start=\"660\" data-end=\"885\">La finition faite \u00e0 la main conf\u00e8re \u00e0 chaque figurine son propre caract\u00e8re. Cette figurine de la Madone n'est donc pas seulement un ajout \u00e9l\u00e9gant \u00e0 votre d\u00e9cor, mais aussi une mini-\u0153uvre d'art sp\u00e9ciale \u00e0 l'aspect chaleureux et moderne.<\/p>\n<p data-start=\"887\" data-end=\"1056\"><strong data-start=\"887\" data-end=\"904\">Sp\u00e9cifications :<\/strong><\/p>\n<\/div>\n<div class=\"mb-3 mb-md-4\">\n<ul>\n<li><em>mat\u00e9riau : c\u00e9ramique<\/em><\/li>\n<li><em>couleur : or brillant<\/em><\/li>\n<li><em>dimensions : 5 x 7 x 21 cm<\/em><\/li>\n<li><em>image : Madonna<\/em><\/li>\n<li><em>fait \u00e0 la main et unique<\/em><\/li>\n<li><em>\u00e9galement disponible en <a href=\"https:\/\/www.funfetti.shop\/fr\/produit\/statue-de-madone-or-xl\/\">taille xl<\/a><\/em><\/li>\n<li><em>la marque : <a href=\"https:\/\/www.funfetti.shop\/fr\/categorie-produit-2\/marques-2\/heinen_delfts_blue\/\">Heinen Delft Blue<\/a><\/em><\/li>\n<\/ul>\n<\/div>","protected":false},"excerpt":{"rendered":"<p>Ajoutez une touche de luxe avec la figurine de la Madone en or de Heinen Delfts Blauw. Fabriqu\u00e9e \u00e0 la main, brillante et parfaite pour un int\u00e9rieur joyeux.<\/p>","protected":false},"featured_media":9350,"template":"","meta":{"neve_meta_sidebar":"","neve_meta_container":"","neve_meta_enable_content_width":"off","neve_meta_content_width":100,"neve_meta_title_alignment":"","neve_meta_author_avatar":"","neve_post_elements_order":"","neve_meta_disable_header":"","neve_meta_disable_footer":"","neve_meta_disable_title":"","neve_meta_reading_time":"","jetpack_publicize_message":"","jetpack_publicize_feature_enabled":true,"jetpack_social_post_already_shared":false,"jetpack_social_options":{"image_generator_settings":{"template":"highway","default_image_id":0,"font":"","enabled":false},"version":2}},"product_brand":[],"product_cat":[15,22,576,30,29,686,685,23],"product_tag":[628,577,87,646],"class_list":{"0":"post-5658","1":"product","2":"type-product","3":"status-publish","4":"has-post-thumbnail","6":"product_cat-allefun","7":"product_cat-funliving","8":"product_cat-heinen_delfts_blauw","9":"product_cat-keramiek","10":"product_cat-keuken","11":"product_cat-voor-fun-prijzen","12":"product_cat-voor-haar","13":"product_cat-woondecoratie","14":"product_tag-beeldje","15":"product_tag-delfts-blauw","16":"product_tag-goud","17":"product_tag-madonna","18":"product_shipping_class-pakket-met-track-en-trace","20":"first","21":"instock","22":"taxable","23":"shipping-taxable","24":"purchasable","25":"product-type-simple"},"yoast_head":"<!-- This site is optimized with the Yoast SEO plugin v27.4 - https:\/\/yoast.com\/product\/yoast-seo-wordpress\/ -->\n<title>Madonna beeldje goud - Heinen Delfts Blauw<\/title>\n<meta name=\"description\" content=\"Voeg een sprankje luxe toe met het Madonna beeldje goud van Heinen Delfts Blauw. Shop dit gouden kunstwerkje nu bij FunFetti.shop\" \/>\n<meta name=\"robots\" content=\"index, follow, max-snippet:-1, max-image-preview:large, max-video-preview:-1\" \/>\n<link rel=\"canonical\" href=\"https:\/\/www.funfetti.shop\/fr\/produit\/statue-de-la-madone-or\/\" \/>\n<meta property=\"og:locale\" content=\"fr_FR\" \/>\n<meta property=\"og:type\" content=\"article\" \/>\n<meta property=\"og:title\" content=\"Madonna beeldje goud - Heinen Delfts Blauw\" \/>\n<meta property=\"og:description\" content=\"Voeg een sprankje luxe toe met het Madonna beeldje goud van Heinen Delfts Blauw. Shop dit gouden kunstwerkje nu bij FunFetti.shop\" \/>\n<meta property=\"og:url\" content=\"https:\/\/www.funfetti.shop\/fr\/produit\/statue-de-la-madone-or\/\" \/>\n<meta property=\"og:site_name\" content=\"FunFetti\" \/>\n<meta property=\"article:publisher\" content=\"https:\/\/www.facebook.com\/funfetti.shop\" \/>\n<meta property=\"article:modified_time\" content=\"2026-01-16T13:52:45+00:00\" \/>\n<meta property=\"og:image\" content=\"https:\/\/www.funfetti.shop\/wp-content\/uploads\/2023\/02\/Madonna-decoratiebeeld-goud-Heinen-Delfts-Blauw-FunFetti.jpg\" \/>\n\t<meta property=\"og:image:width\" content=\"600\" \/>\n\t<meta property=\"og:image:height\" content=\"1067\" \/>\n\t<meta property=\"og:image:type\" content=\"image\/jpeg\" \/>\n<meta name=\"twitter:card\" content=\"summary_large_image\" \/>\n<meta name=\"twitter:label1\" content=\"Dur\u00e9e de lecture estim\u00e9e\" \/>\n\t<meta name=\"twitter:data1\" content=\"1 minute\" \/>\n<script type=\"application\/ld+json\" class=\"yoast-schema-graph\">{\"@context\":\"https:\\\/\\\/schema.org\",\"@graph\":[{\"@type\":\"WebPage\",\"@id\":\"https:\\\/\\\/www.funfetti.shop\\\/product\\\/madonna-beeldje-goud\\\/\",\"url\":\"https:\\\/\\\/www.funfetti.shop\\\/product\\\/madonna-beeldje-goud\\\/\",\"name\":\"Madonna beeldje goud - Heinen Delfts Blauw\",\"isPartOf\":{\"@id\":\"https:\\\/\\\/www.funfetti.shop\\\/#website\"},\"primaryImageOfPage\":{\"@id\":\"https:\\\/\\\/www.funfetti.shop\\\/product\\\/madonna-beeldje-goud\\\/#primaryimage\"},\"image\":{\"@id\":\"https:\\\/\\\/www.funfetti.shop\\\/product\\\/madonna-beeldje-goud\\\/#primaryimage\"},\"thumbnailUrl\":\"https:\\\/\\\/www.funfetti.shop\\\/wp-content\\\/uploads\\\/2023\\\/02\\\/Madonna-decoratiebeeld-goud-Heinen-Delfts-Blauw-FunFetti.jpg\",\"datePublished\":\"2023-02-15T11:40:15+00:00\",\"dateModified\":\"2026-01-16T13:52:45+00:00\",\"description\":\"Voeg een sprankje luxe toe met het Madonna beeldje goud van Heinen Delfts Blauw. Shop dit gouden kunstwerkje nu bij FunFetti.shop\",\"breadcrumb\":{\"@id\":\"https:\\\/\\\/www.funfetti.shop\\\/product\\\/madonna-beeldje-goud\\\/#breadcrumb\"},\"inLanguage\":\"fr-FR\",\"potentialAction\":[{\"@type\":\"ReadAction\",\"target\":[\"https:\\\/\\\/www.funfetti.shop\\\/product\\\/madonna-beeldje-goud\\\/\"]}]},{\"@type\":\"ImageObject\",\"inLanguage\":\"fr-FR\",\"@id\":\"https:\\\/\\\/www.funfetti.shop\\\/product\\\/madonna-beeldje-goud\\\/#primaryimage\",\"url\":\"https:\\\/\\\/www.funfetti.shop\\\/wp-content\\\/uploads\\\/2023\\\/02\\\/Madonna-decoratiebeeld-goud-Heinen-Delfts-Blauw-FunFetti.jpg\",\"contentUrl\":\"https:\\\/\\\/www.funfetti.shop\\\/wp-content\\\/uploads\\\/2023\\\/02\\\/Madonna-decoratiebeeld-goud-Heinen-Delfts-Blauw-FunFetti.jpg\",\"width\":600,\"height\":1067,\"caption\":\"Madonna decoratiebeeld goud - Heinen Delfts Blauw - FunFetti\"},{\"@type\":\"BreadcrumbList\",\"@id\":\"https:\\\/\\\/www.funfetti.shop\\\/product\\\/madonna-beeldje-goud\\\/#breadcrumb\",\"itemListElement\":[{\"@type\":\"ListItem\",\"position\":1,\"name\":\"Home\",\"item\":\"https:\\\/\\\/www.funfetti.shop\\\/\"},{\"@type\":\"ListItem\",\"position\":2,\"name\":\"Winkel\",\"item\":\"https:\\\/\\\/www.funfetti.shop\\\/winkel\\\/\"},{\"@type\":\"ListItem\",\"position\":3,\"name\":\"Madonna Beeldje Goud\"}]},{\"@type\":\"WebSite\",\"@id\":\"https:\\\/\\\/www.funfetti.shop\\\/#website\",\"url\":\"https:\\\/\\\/www.funfetti.shop\\\/\",\"name\":\"FunFetti\",\"description\":\"a curated mix of gifts, home d\u00e9cor and design\",\"publisher\":{\"@id\":\"https:\\\/\\\/www.funfetti.shop\\\/#organization\"},\"potentialAction\":[{\"@type\":\"SearchAction\",\"target\":{\"@type\":\"EntryPoint\",\"urlTemplate\":\"https:\\\/\\\/www.funfetti.shop\\\/?s={search_term_string}\"},\"query-input\":{\"@type\":\"PropertyValueSpecification\",\"valueRequired\":true,\"valueName\":\"search_term_string\"}}],\"inLanguage\":\"fr-FR\"},{\"@type\":\"Organization\",\"@id\":\"https:\\\/\\\/www.funfetti.shop\\\/#organization\",\"name\":\"FunFetti\",\"url\":\"https:\\\/\\\/www.funfetti.shop\\\/\",\"logo\":{\"@type\":\"ImageObject\",\"inLanguage\":\"fr-FR\",\"@id\":\"https:\\\/\\\/www.funfetti.shop\\\/#\\\/schema\\\/logo\\\/image\\\/\",\"url\":\"https:\\\/\\\/i0.wp.com\\\/www.funfetti.shop\\\/wp-content\\\/uploads\\\/2021\\\/11\\\/cropped-LOGO-WP-2021.png?fit=2000%2C171&ssl=1\",\"contentUrl\":\"https:\\\/\\\/i0.wp.com\\\/www.funfetti.shop\\\/wp-content\\\/uploads\\\/2021\\\/11\\\/cropped-LOGO-WP-2021.png?fit=2000%2C171&ssl=1\",\"width\":2000,\"height\":171,\"caption\":\"FunFetti\"},\"image\":{\"@id\":\"https:\\\/\\\/www.funfetti.shop\\\/#\\\/schema\\\/logo\\\/image\\\/\"},\"sameAs\":[\"https:\\\/\\\/www.facebook.com\\\/funfetti.shop\",\"https:\\\/\\\/www.instagram.com\\\/funfetti.shop\\\/\",\"https:\\\/\\\/nl.pinterest.com\\\/funfettiforever\\\/\"]}]}<\/script>\n<!-- \/ Yoast SEO plugin. -->","yoast_head_json":{"title":"Statue de la Madone or - Heinen Delfts Blauw","description":"Ajoutez une \u00e9tincelle de luxe avec la figurine Madonna or de Heinen Delfts Blauw. Achetez cette \u0153uvre d'art dor\u00e9e d\u00e8s maintenant sur FunFetti.shop","robots":{"index":"index","follow":"follow","max-snippet":"max-snippet:-1","max-image-preview":"max-image-preview:large","max-video-preview":"max-video-preview:-1"},"canonical":"https:\/\/www.funfetti.shop\/fr\/produit\/statue-de-la-madone-or\/","og_locale":"fr_FR","og_type":"article","og_title":"Madonna beeldje goud - Heinen Delfts Blauw","og_description":"Voeg een sprankje luxe toe met het Madonna beeldje goud van Heinen Delfts Blauw. Shop dit gouden kunstwerkje nu bij FunFetti.shop","og_url":"https:\/\/www.funfetti.shop\/fr\/produit\/statue-de-la-madone-or\/","og_site_name":"FunFetti","article_publisher":"https:\/\/www.facebook.com\/funfetti.shop","article_modified_time":"2026-01-16T13:52:45+00:00","og_image":[{"width":600,"height":1067,"url":"https:\/\/www.funfetti.shop\/wp-content\/uploads\/2023\/02\/Madonna-decoratiebeeld-goud-Heinen-Delfts-Blauw-FunFetti.jpg","type":"image\/jpeg"}],"twitter_card":"summary_large_image","twitter_misc":{"Dur\u00e9e de lecture estim\u00e9e":"1 minute"},"schema":{"@context":"https:\/\/schema.org","@graph":[{"@type":"WebPage","@id":"https:\/\/www.funfetti.shop\/product\/madonna-beeldje-goud\/","url":"https:\/\/www.funfetti.shop\/product\/madonna-beeldje-goud\/","name":"Statue de la Madone or - Heinen Delfts Blauw","isPartOf":{"@id":"https:\/\/www.funfetti.shop\/#website"},"primaryImageOfPage":{"@id":"https:\/\/www.funfetti.shop\/product\/madonna-beeldje-goud\/#primaryimage"},"image":{"@id":"https:\/\/www.funfetti.shop\/product\/madonna-beeldje-goud\/#primaryimage"},"thumbnailUrl":"https:\/\/www.funfetti.shop\/wp-content\/uploads\/2023\/02\/Madonna-decoratiebeeld-goud-Heinen-Delfts-Blauw-FunFetti.jpg","datePublished":"2023-02-15T11:40:15+00:00","dateModified":"2026-01-16T13:52:45+00:00","description":"Ajoutez une \u00e9tincelle de luxe avec la figurine Madonna or de Heinen Delfts Blauw. Achetez cette \u0153uvre d'art dor\u00e9e d\u00e8s maintenant sur FunFetti.shop","breadcrumb":{"@id":"https:\/\/www.funfetti.shop\/product\/madonna-beeldje-goud\/#breadcrumb"},"inLanguage":"fr-FR","potentialAction":[{"@type":"ReadAction","target":["https:\/\/www.funfetti.shop\/product\/madonna-beeldje-goud\/"]}]},{"@type":"ImageObject","inLanguage":"fr-FR","@id":"https:\/\/www.funfetti.shop\/product\/madonna-beeldje-goud\/#primaryimage","url":"https:\/\/www.funfetti.shop\/wp-content\/uploads\/2023\/02\/Madonna-decoratiebeeld-goud-Heinen-Delfts-Blauw-FunFetti.jpg","contentUrl":"https:\/\/www.funfetti.shop\/wp-content\/uploads\/2023\/02\/Madonna-decoratiebeeld-goud-Heinen-Delfts-Blauw-FunFetti.jpg","width":600,"height":1067,"caption":"Madonna decoratiebeeld goud - Heinen Delfts Blauw - FunFetti"},{"@type":"BreadcrumbList","@id":"https:\/\/www.funfetti.shop\/product\/madonna-beeldje-goud\/#breadcrumb","itemListElement":[{"@type":"ListItem","position":1,"name":"Home","item":"https:\/\/www.funfetti.shop\/"},{"@type":"ListItem","position":2,"name":"Winkel","item":"https:\/\/www.funfetti.shop\/winkel\/"},{"@type":"ListItem","position":3,"name":"Madonna Beeldje Goud"}]},{"@type":"WebSite","@id":"https:\/\/www.funfetti.shop\/#website","url":"https:\/\/www.funfetti.shop\/","name":"FunFetti","description":"un m\u00e9lange de cadeaux, de d\u00e9coration d'int\u00e9rieur et de design","publisher":{"@id":"https:\/\/www.funfetti.shop\/#organization"},"potentialAction":[{"@type":"SearchAction","target":{"@type":"EntryPoint","urlTemplate":"https:\/\/www.funfetti.shop\/?s={search_term_string}"},"query-input":{"@type":"PropertyValueSpecification","valueRequired":true,"valueName":"search_term_string"}}],"inLanguage":"fr-FR"},{"@type":"Organization","@id":"https:\/\/www.funfetti.shop\/#organization","name":"FunFetti","url":"https:\/\/www.funfetti.shop\/","logo":{"@type":"ImageObject","inLanguage":"fr-FR","@id":"https:\/\/www.funfetti.shop\/#\/schema\/logo\/image\/","url":"https:\/\/i0.wp.com\/www.funfetti.shop\/wp-content\/uploads\/2021\/11\/cropped-LOGO-WP-2021.png?fit=2000%2C171&ssl=1","contentUrl":"https:\/\/i0.wp.com\/www.funfetti.shop\/wp-content\/uploads\/2021\/11\/cropped-LOGO-WP-2021.png?fit=2000%2C171&ssl=1","width":2000,"height":171,"caption":"FunFetti"},"image":{"@id":"https:\/\/www.funfetti.shop\/#\/schema\/logo\/image\/"},"sameAs":["https:\/\/www.facebook.com\/funfetti.shop","https:\/\/www.instagram.com\/funfetti.shop\/","https:\/\/nl.pinterest.com\/funfettiforever\/"]}]}},"jetpack_publicize_connections":[],"jetpack_sharing_enabled":true,"_links":{"self":[{"href":"https:\/\/www.funfetti.shop\/fr\/wp-json\/wp\/v2\/product\/5658","targetHints":{"allow":["GET"]}}],"collection":[{"href":"https:\/\/www.funfetti.shop\/fr\/wp-json\/wp\/v2\/product"}],"about":[{"href":"https:\/\/www.funfetti.shop\/fr\/wp-json\/wp\/v2\/types\/product"}],"wp:featuredmedia":[{"embeddable":true,"href":"https:\/\/www.funfetti.shop\/fr\/wp-json\/wp\/v2\/media\/9350"}],"wp:attachment":[{"href":"https:\/\/www.funfetti.shop\/fr\/wp-json\/wp\/v2\/media?parent=5658"}],"wp:term":[{"taxonomy":"product_brand","embeddable":true,"href":"https:\/\/www.funfetti.shop\/fr\/wp-json\/wp\/v2\/product_brand?post=5658"},{"taxonomy":"product_cat","embeddable":true,"href":"https:\/\/www.funfetti.shop\/fr\/wp-json\/wp\/v2\/product_cat?post=5658"},{"taxonomy":"product_tag","embeddable":true,"href":"https:\/\/www.funfetti.shop\/fr\/wp-json\/wp\/v2\/product_tag?post=5658"}],"curies":[{"name":"wp","href":"https:\/\/api.w.org\/{rel}","templated":true}]}}