{"id":5950,"date":"2023-03-02T18:39:52","date_gmt":"2023-03-02T18:39:52","guid":{"rendered":"https:\/\/www.funfetti.shop\/?post_type=product&#038;p=5950"},"modified":"2025-10-29T14:53:43","modified_gmt":"2025-10-29T14:53:43","slug":"essuie-tout-matou","status":"publish","type":"product","link":"https:\/\/www.funfetti.shop\/fr\/product\/keukenhanddoek-tom-poes\/","title":{"rendered":"Essuie-tout Tom Puss"},"content":{"rendered":"<p>L'essuie-tout Tom Poes est un essuie-tout avec un dessin original de Marten Toonder.<\/p>\n<p>Ce h\u00e9ros d'antan, qui a v\u00e9cu de nombreuses aventures avec M. Olivier B. Bommel, est d\u00e9sormais tiss\u00e9 comme un \u00e9l\u00e9ment du patrimoine sur ce torchon de cuisine.<\/p>\n<ul>\n<li><em>mati\u00e8re : coton 100%<\/em><\/li>\n<li><em> \u00e9ponge tiss\u00e9e<\/em><\/li>\n<li><em>Couleur : noir, blanc<\/em><\/li>\n<li><em><span class=\"Y2IQFc\" lang=\"nl\">taille : 60 x 60 cm<\/span><\/em><\/li>\n<li><em>diff\u00e9rents mod\u00e8les sont disponibles<\/em><\/li>\n<li><em>la marque : <a href=\"https:\/\/www.funfetti.shop\/fr\/categorie-produit-2\/marques-2\/produits-hollandais\/\">La ville de Hollandsche Waaren<\/a><\/em><\/li>\n<\/ul>","protected":false},"excerpt":{"rendered":"<p>L'essuie-tout Tom Poes est un essuie-tout avec un dessin original de Marten Toonder.<\/p>","protected":false},"featured_media":8693,"template":"","meta":{"neve_meta_sidebar":"","neve_meta_container":"","neve_meta_enable_content_width":"off","neve_meta_content_width":100,"neve_meta_title_alignment":"","neve_meta_author_avatar":"","neve_post_elements_order":"","neve_meta_disable_header":"","neve_meta_disable_footer":"","neve_meta_disable_title":"","neve_meta_reading_time":"","jetpack_publicize_message":"","jetpack_publicize_feature_enabled":true,"jetpack_social_post_already_shared":false,"jetpack_social_options":{"image_generator_settings":{"template":"highway","default_image_id":0,"font":"","enabled":false},"version":2}},"product_brand":[],"product_cat":[15,678,677,22,565,29,37,710,686,23],"product_tag":[438,657,656,566],"class_list":{"0":"post-5950","1":"product","2":"type-product","3":"status-publish","4":"has-post-thumbnail","6":"product_cat-allefun","7":"product_cat-dutch-design","8":"product_cat-fundesign","9":"product_cat-funliving","10":"product_cat-hollandsche-waaren","11":"product_cat-keuken","12":"product_cat-kids","13":"product_cat-verantwoord-design","14":"product_cat-voor-fun-prijzen","15":"product_cat-woondecoratie","16":"product_tag-blauw","17":"product_tag-fiep-westendorp","18":"product_tag-handdoek","19":"product_tag-hollandsche-waaren","20":"product_shipping_class-brievenbus-pakket-met-track-en-trace","22":"first","23":"outofstock","24":"taxable","25":"shipping-taxable","26":"purchasable","27":"product-type-simple"},"yoast_head":"<!-- This site is optimized with the Yoast SEO plugin v27.5 - https:\/\/yoast.com\/product\/yoast-seo-wordpress\/ -->\n<title>Keukenhanddoek Tom Poes , Marten Toonder<\/title>\n<meta name=\"description\" content=\"Keukenhanddoek Tom Poes is een handdoek met een\u00a0originele tekening van Marten Toonder.\" \/>\n<meta name=\"robots\" content=\"index, follow, max-snippet:-1, max-image-preview:large, max-video-preview:-1\" \/>\n<link rel=\"canonical\" href=\"https:\/\/www.funfetti.shop\/fr\/produit\/essuie-tout-matou\/\" \/>\n<meta property=\"og:locale\" content=\"fr_FR\" \/>\n<meta property=\"og:type\" content=\"article\" \/>\n<meta property=\"og:title\" content=\"Keukenhanddoek Tom Poes , Marten Toonder\" \/>\n<meta property=\"og:description\" content=\"Keukenhanddoek Tom Poes is een handdoek met een\u00a0originele tekening van Marten Toonder.\" \/>\n<meta property=\"og:url\" content=\"https:\/\/www.funfetti.shop\/fr\/produit\/essuie-tout-matou\/\" \/>\n<meta property=\"og:site_name\" content=\"FunFetti\" \/>\n<meta property=\"article:publisher\" content=\"https:\/\/www.facebook.com\/funfetti.shop\" \/>\n<meta property=\"article:modified_time\" content=\"2025-10-29T14:53:43+00:00\" \/>\n<meta property=\"og:image\" content=\"https:\/\/www.funfetti.shop\/wp-content\/uploads\/2023\/03\/Tom-Poes-Theedoek-Hollandse-Waaren.webp\" \/>\n\t<meta property=\"og:image:width\" content=\"400\" \/>\n\t<meta property=\"og:image:height\" content=\"711\" \/>\n\t<meta property=\"og:image:type\" content=\"image\/webp\" \/>\n<meta name=\"twitter:card\" content=\"summary_large_image\" \/>\n<meta name=\"twitter:label1\" content=\"Dur\u00e9e de lecture estim\u00e9e\" \/>\n\t<meta name=\"twitter:data1\" content=\"1 minute\" \/>\n<script type=\"application\/ld+json\" class=\"yoast-schema-graph\">{\"@context\":\"https:\\\/\\\/schema.org\",\"@graph\":[{\"@type\":\"WebPage\",\"@id\":\"https:\\\/\\\/www.funfetti.shop\\\/product\\\/keukenhanddoek-tom-poes\\\/\",\"url\":\"https:\\\/\\\/www.funfetti.shop\\\/product\\\/keukenhanddoek-tom-poes\\\/\",\"name\":\"Keukenhanddoek Tom Poes , Marten Toonder\",\"isPartOf\":{\"@id\":\"https:\\\/\\\/www.funfetti.shop\\\/#website\"},\"primaryImageOfPage\":{\"@id\":\"https:\\\/\\\/www.funfetti.shop\\\/product\\\/keukenhanddoek-tom-poes\\\/#primaryimage\"},\"image\":{\"@id\":\"https:\\\/\\\/www.funfetti.shop\\\/product\\\/keukenhanddoek-tom-poes\\\/#primaryimage\"},\"thumbnailUrl\":\"https:\\\/\\\/www.funfetti.shop\\\/wp-content\\\/uploads\\\/2023\\\/03\\\/Tom-Poes-Theedoek-Hollandse-Waaren.webp\",\"datePublished\":\"2023-03-02T18:39:52+00:00\",\"dateModified\":\"2025-10-29T14:53:43+00:00\",\"description\":\"Keukenhanddoek Tom Poes is een handdoek met een\u00a0originele tekening van Marten Toonder.\",\"breadcrumb\":{\"@id\":\"https:\\\/\\\/www.funfetti.shop\\\/product\\\/keukenhanddoek-tom-poes\\\/#breadcrumb\"},\"inLanguage\":\"fr-FR\",\"potentialAction\":[{\"@type\":\"ReadAction\",\"target\":[\"https:\\\/\\\/www.funfetti.shop\\\/product\\\/keukenhanddoek-tom-poes\\\/\"]}]},{\"@type\":\"ImageObject\",\"inLanguage\":\"fr-FR\",\"@id\":\"https:\\\/\\\/www.funfetti.shop\\\/product\\\/keukenhanddoek-tom-poes\\\/#primaryimage\",\"url\":\"https:\\\/\\\/www.funfetti.shop\\\/wp-content\\\/uploads\\\/2023\\\/03\\\/Tom-Poes-Theedoek-Hollandse-Waaren.webp\",\"contentUrl\":\"https:\\\/\\\/www.funfetti.shop\\\/wp-content\\\/uploads\\\/2023\\\/03\\\/Tom-Poes-Theedoek-Hollandse-Waaren.webp\",\"width\":400,\"height\":711,\"caption\":\"Tom Poes keukenhanddoek\"},{\"@type\":\"BreadcrumbList\",\"@id\":\"https:\\\/\\\/www.funfetti.shop\\\/product\\\/keukenhanddoek-tom-poes\\\/#breadcrumb\",\"itemListElement\":[{\"@type\":\"ListItem\",\"position\":1,\"name\":\"Home\",\"item\":\"https:\\\/\\\/www.funfetti.shop\\\/\"},{\"@type\":\"ListItem\",\"position\":2,\"name\":\"Winkel\",\"item\":\"https:\\\/\\\/www.funfetti.shop\\\/winkel\\\/\"},{\"@type\":\"ListItem\",\"position\":3,\"name\":\"Keukenhanddoek Tom Poes\"}]},{\"@type\":\"WebSite\",\"@id\":\"https:\\\/\\\/www.funfetti.shop\\\/#website\",\"url\":\"https:\\\/\\\/www.funfetti.shop\\\/\",\"name\":\"FunFetti\",\"description\":\"a curated mix of gifts, home d\u00e9cor and design\",\"publisher\":{\"@id\":\"https:\\\/\\\/www.funfetti.shop\\\/#organization\"},\"potentialAction\":[{\"@type\":\"SearchAction\",\"target\":{\"@type\":\"EntryPoint\",\"urlTemplate\":\"https:\\\/\\\/www.funfetti.shop\\\/?s={search_term_string}\"},\"query-input\":{\"@type\":\"PropertyValueSpecification\",\"valueRequired\":true,\"valueName\":\"search_term_string\"}}],\"inLanguage\":\"fr-FR\"},{\"@type\":\"Organization\",\"@id\":\"https:\\\/\\\/www.funfetti.shop\\\/#organization\",\"name\":\"FunFetti\",\"url\":\"https:\\\/\\\/www.funfetti.shop\\\/\",\"logo\":{\"@type\":\"ImageObject\",\"inLanguage\":\"fr-FR\",\"@id\":\"https:\\\/\\\/www.funfetti.shop\\\/#\\\/schema\\\/logo\\\/image\\\/\",\"url\":\"https:\\\/\\\/i0.wp.com\\\/www.funfetti.shop\\\/wp-content\\\/uploads\\\/2021\\\/11\\\/cropped-LOGO-WP-2021.png?fit=2000%2C171&ssl=1\",\"contentUrl\":\"https:\\\/\\\/i0.wp.com\\\/www.funfetti.shop\\\/wp-content\\\/uploads\\\/2021\\\/11\\\/cropped-LOGO-WP-2021.png?fit=2000%2C171&ssl=1\",\"width\":2000,\"height\":171,\"caption\":\"FunFetti\"},\"image\":{\"@id\":\"https:\\\/\\\/www.funfetti.shop\\\/#\\\/schema\\\/logo\\\/image\\\/\"},\"sameAs\":[\"https:\\\/\\\/www.facebook.com\\\/funfetti.shop\",\"https:\\\/\\\/www.instagram.com\\\/funfetti.shop\\\/\",\"https:\\\/\\\/nl.pinterest.com\\\/funfettiforever\\\/\"]}]}<\/script>\n<!-- \/ Yoast SEO plugin. -->","yoast_head_json":{"title":"Torchon Tom Puss , Marten Toonder","description":"L'essuie-tout Tom Poes est un essuie-tout avec un dessin original de Marten Toonder.","robots":{"index":"index","follow":"follow","max-snippet":"max-snippet:-1","max-image-preview":"max-image-preview:large","max-video-preview":"max-video-preview:-1"},"canonical":"https:\/\/www.funfetti.shop\/fr\/produit\/essuie-tout-matou\/","og_locale":"fr_FR","og_type":"article","og_title":"Keukenhanddoek Tom Poes , Marten Toonder","og_description":"Keukenhanddoek Tom Poes is een handdoek met een\u00a0originele tekening van Marten Toonder.","og_url":"https:\/\/www.funfetti.shop\/fr\/produit\/essuie-tout-matou\/","og_site_name":"FunFetti","article_publisher":"https:\/\/www.facebook.com\/funfetti.shop","article_modified_time":"2025-10-29T14:53:43+00:00","og_image":[{"width":400,"height":711,"url":"https:\/\/www.funfetti.shop\/wp-content\/uploads\/2023\/03\/Tom-Poes-Theedoek-Hollandse-Waaren.webp","type":"image\/webp"}],"twitter_card":"summary_large_image","twitter_misc":{"Dur\u00e9e de lecture estim\u00e9e":"1 minute"},"schema":{"@context":"https:\/\/schema.org","@graph":[{"@type":"WebPage","@id":"https:\/\/www.funfetti.shop\/product\/keukenhanddoek-tom-poes\/","url":"https:\/\/www.funfetti.shop\/product\/keukenhanddoek-tom-poes\/","name":"Torchon Tom Puss , Marten Toonder","isPartOf":{"@id":"https:\/\/www.funfetti.shop\/#website"},"primaryImageOfPage":{"@id":"https:\/\/www.funfetti.shop\/product\/keukenhanddoek-tom-poes\/#primaryimage"},"image":{"@id":"https:\/\/www.funfetti.shop\/product\/keukenhanddoek-tom-poes\/#primaryimage"},"thumbnailUrl":"https:\/\/www.funfetti.shop\/wp-content\/uploads\/2023\/03\/Tom-Poes-Theedoek-Hollandse-Waaren.webp","datePublished":"2023-03-02T18:39:52+00:00","dateModified":"2025-10-29T14:53:43+00:00","description":"L'essuie-tout Tom Poes est un essuie-tout avec un dessin original de Marten Toonder.","breadcrumb":{"@id":"https:\/\/www.funfetti.shop\/product\/keukenhanddoek-tom-poes\/#breadcrumb"},"inLanguage":"fr-FR","potentialAction":[{"@type":"ReadAction","target":["https:\/\/www.funfetti.shop\/product\/keukenhanddoek-tom-poes\/"]}]},{"@type":"ImageObject","inLanguage":"fr-FR","@id":"https:\/\/www.funfetti.shop\/product\/keukenhanddoek-tom-poes\/#primaryimage","url":"https:\/\/www.funfetti.shop\/wp-content\/uploads\/2023\/03\/Tom-Poes-Theedoek-Hollandse-Waaren.webp","contentUrl":"https:\/\/www.funfetti.shop\/wp-content\/uploads\/2023\/03\/Tom-Poes-Theedoek-Hollandse-Waaren.webp","width":400,"height":711,"caption":"Tom Poes keukenhanddoek"},{"@type":"BreadcrumbList","@id":"https:\/\/www.funfetti.shop\/product\/keukenhanddoek-tom-poes\/#breadcrumb","itemListElement":[{"@type":"ListItem","position":1,"name":"Home","item":"https:\/\/www.funfetti.shop\/"},{"@type":"ListItem","position":2,"name":"Winkel","item":"https:\/\/www.funfetti.shop\/winkel\/"},{"@type":"ListItem","position":3,"name":"Keukenhanddoek Tom Poes"}]},{"@type":"WebSite","@id":"https:\/\/www.funfetti.shop\/#website","url":"https:\/\/www.funfetti.shop\/","name":"FunFetti","description":"un m\u00e9lange de cadeaux, de d\u00e9coration d'int\u00e9rieur et de design","publisher":{"@id":"https:\/\/www.funfetti.shop\/#organization"},"potentialAction":[{"@type":"SearchAction","target":{"@type":"EntryPoint","urlTemplate":"https:\/\/www.funfetti.shop\/?s={search_term_string}"},"query-input":{"@type":"PropertyValueSpecification","valueRequired":true,"valueName":"search_term_string"}}],"inLanguage":"fr-FR"},{"@type":"Organization","@id":"https:\/\/www.funfetti.shop\/#organization","name":"FunFetti","url":"https:\/\/www.funfetti.shop\/","logo":{"@type":"ImageObject","inLanguage":"fr-FR","@id":"https:\/\/www.funfetti.shop\/#\/schema\/logo\/image\/","url":"https:\/\/i0.wp.com\/www.funfetti.shop\/wp-content\/uploads\/2021\/11\/cropped-LOGO-WP-2021.png?fit=2000%2C171&ssl=1","contentUrl":"https:\/\/i0.wp.com\/www.funfetti.shop\/wp-content\/uploads\/2021\/11\/cropped-LOGO-WP-2021.png?fit=2000%2C171&ssl=1","width":2000,"height":171,"caption":"FunFetti"},"image":{"@id":"https:\/\/www.funfetti.shop\/#\/schema\/logo\/image\/"},"sameAs":["https:\/\/www.facebook.com\/funfetti.shop","https:\/\/www.instagram.com\/funfetti.shop\/","https:\/\/nl.pinterest.com\/funfettiforever\/"]}]}},"jetpack_publicize_connections":[],"jetpack_sharing_enabled":true,"_links":{"self":[{"href":"https:\/\/www.funfetti.shop\/fr\/wp-json\/wp\/v2\/product\/5950","targetHints":{"allow":["GET"]}}],"collection":[{"href":"https:\/\/www.funfetti.shop\/fr\/wp-json\/wp\/v2\/product"}],"about":[{"href":"https:\/\/www.funfetti.shop\/fr\/wp-json\/wp\/v2\/types\/product"}],"wp:featuredmedia":[{"embeddable":true,"href":"https:\/\/www.funfetti.shop\/fr\/wp-json\/wp\/v2\/media\/8693"}],"wp:attachment":[{"href":"https:\/\/www.funfetti.shop\/fr\/wp-json\/wp\/v2\/media?parent=5950"}],"wp:term":[{"taxonomy":"product_brand","embeddable":true,"href":"https:\/\/www.funfetti.shop\/fr\/wp-json\/wp\/v2\/product_brand?post=5950"},{"taxonomy":"product_cat","embeddable":true,"href":"https:\/\/www.funfetti.shop\/fr\/wp-json\/wp\/v2\/product_cat?post=5950"},{"taxonomy":"product_tag","embeddable":true,"href":"https:\/\/www.funfetti.shop\/fr\/wp-json\/wp\/v2\/product_tag?post=5950"}],"curies":[{"name":"wp","href":"https:\/\/api.w.org\/{rel}","templated":true}]}}