{"id":5952,"date":"2023-03-03T15:59:58","date_gmt":"2023-03-03T15:59:58","guid":{"rendered":"https:\/\/www.funfetti.shop\/?post_type=product&#038;p=5952"},"modified":"2026-03-12T16:56:13","modified_gmt":"2026-03-12T16:56:13","slug":"vase-voleur-de-fleurs-delft-bleu","status":"publish","type":"product","link":"https:\/\/www.funfetti.shop\/fr\/product\/flower-thief-vaasje-delfts-blauw\/","title":{"rendered":"Vase Voleur de fleurs Bleu de Delft"},"content":{"rendered":"<div class=\"page\" title=\"Page 24\">\n<div class=\"layoutArea\">\n<div>\n<article class=\"text-token-text-primary w-full focus:outline-none [--shadow-height:45px] has-data-writing-block:pointer-events-none has-data-writing-block:-mt-(--shadow-height) has-data-writing-block:pt-(--shadow-height) [&amp;:has([data-writing-block])&gt;*]:pointer-events-auto [content-visibility:auto] supports-[content-visibility:auto]:[contain-intrinsic-size:auto_100lvh] scroll-mt-[calc(var(--header-height)+min(200px,max(70px,20svh)))]\" dir=\"auto\" tabindex=\"-1\" data-turn-id=\"request-67f4da31-7bec-8011-8c47-d4f62a85e2ce-5\" data-testid=\"conversation-turn-122\" data-scroll-anchor=\"true\" data-turn=\"assistant\">\n<div class=\"text-base my-auto mx-auto pb-10 [--thread-content-margin:--spacing(4)] thread-sm:[--thread-content-margin:--spacing(6)] thread-lg:[--thread-content-margin:--spacing(16)] px-(--thread-content-margin)\">\n<div class=\"[--thread-content-max-width:40rem] thread-lg:[--thread-content-max-width:48rem] mx-auto max-w-(--thread-content-max-width) flex-1 group\/turn-messages focus-visible:outline-hidden relative flex w-full min-w-0 flex-col agent-turn\" tabindex=\"-1\">\n<div class=\"flex max-w-full flex-col grow\">\n<div class=\"min-h-8 text-message relative flex w-full flex-col items-end gap-2 text-start break-words whitespace-normal [.text-message+&amp;]:mt-1\" dir=\"auto\" data-message-author-role=\"assistant\" data-message-id=\"404a3b2c-b10d-485c-815a-d626786597e9\" data-message-model-slug=\"gpt-5\">\n<div class=\"flex w-full flex-col gap-1 empty:hidden first:pt-[1px]\">\n<div class=\"markdown prose dark:prose-invert w-full break-words light markdown-new-styling\">\n<h3 data-start=\"162\" data-end=\"220\">Flower Thief Vaasje Delfts Blauw van Jasmin Djerzic<\/h3>\n<p data-start=\"222\" data-end=\"292\"><strong data-start=\"222\" data-end=\"292\">Een kunstwerk met een knipoog voor jouw bloemen \u00e9n je interieur.<\/strong><\/p>\n<p data-start=\"294\" data-end=\"588\">Laat je verrassen door het speelse en stijlvolle vaasje van ontwerper Jasmin Djerzic in de bijzonder uitvoering Delfts Blauw. Het \u201cFlower Thief\u201d vaasje daagt de traditionele vaasvorm uit: in plaats van omhoog reikt hij breed, waardoor hij perfect is voor een geplukte bloem of een geknakte bloem of die ene bloem in dat oude boeket dat nog wel goed is. Maar ook zonder bloem is dit vaasje een Fun design stuk.<\/p>\n<p data-start=\"590\" data-end=\"866\">Handgemaakt van keramiek, waterdicht en subtiel in afmeting. De iconische Delfts Blauwe kleur geeft hem een klassiek Nederlandse twist, terwijl het ontwerp fris, modern en vol karakter blijft.<\/p>\n<p data-start=\"1549\" data-end=\"1570\"><strong data-start=\"1549\" data-end=\"1570\"> Specificaties:<\/strong><\/p>\n<ul>\n<li data-start=\"1573\" data-end=\"1594\"><strong><em>Materiaal: Keramiek<\/em><\/strong><\/li>\n<li data-start=\"1597\" data-end=\"1618\"><strong><em>Kleur: Delfts Blauw<\/em><\/strong><\/li>\n<li data-start=\"1621\" data-end=\"1660\"><strong><em>Afmetingen: 7.5 x 14 x 3.5 cm<\/em><\/strong><\/li>\n<li data-start=\"1663\" data-end=\"1690\"><strong><em>Handgemaakt en waterdicht<\/em><\/strong><\/li>\n<li><strong><em>ontwerper: <a href=\"https:\/\/www.funfetti.shop\/product-categorie\/merken\/jasmin-djerzic\/\">Jasmin Djerzic<\/a><\/em><\/strong><\/li>\n<\/ul>\n<\/div>\n<\/div>\n<\/div>\n<\/div>\n<\/div>\n<\/div>\n<\/article>\n<\/div>\n<\/div>\n<\/div>\n<hr \/>\n<p>&nbsp;<\/p>\n","protected":false},"excerpt":{"rendered":"<p>Le Vase Voleur de Fleurs Bleu Delft trouvera sa place sur votre \u00e9tag\u00e8re, votre table de chevet ou m\u00eame sur votre bureau ; petit par la taille mais grand par le Design amusant.<\/p>","protected":false},"featured_media":10080,"template":"","meta":{"neve_meta_sidebar":"","neve_meta_container":"","neve_meta_enable_content_width":"off","neve_meta_content_width":100,"neve_meta_title_alignment":"","neve_meta_author_avatar":"","neve_post_elements_order":"","neve_meta_disable_header":"","neve_meta_disable_footer":"","neve_meta_disable_title":"","neve_meta_reading_time":"","jetpack_publicize_message":"","jetpack_publicize_feature_enabled":true,"jetpack_social_post_already_shared":false,"jetpack_social_options":{"image_generator_settings":{"template":"highway","default_image_id":0,"font":"","enabled":false},"version":2}},"product_brand":[],"product_cat":[15,678,677,22,651,30,37,316,686,685,23],"product_tag":[655,653,652],"class_list":{"0":"post-5952","1":"product","2":"type-product","3":"status-publish","4":"has-post-thumbnail","6":"product_cat-allefun","7":"product_cat-dutch-design","8":"product_cat-fundesign","9":"product_cat-funliving","10":"product_cat-jasmin-djerzic","11":"product_cat-keramiek","12":"product_cat-kids","13":"product_cat-vazen","14":"product_cat-voor-fun-prijzen","15":"product_cat-voor-haar","16":"product_cat-woondecoratie","17":"product_tag-delftsblauw","18":"product_tag-design","19":"product_tag-jasmin-djerzic","20":"product_shipping_class-pakket-met-track-en-trace","22":"first","23":"instock","24":"taxable","25":"shipping-taxable","26":"purchasable","27":"product-type-simple"},"yoast_head":"<!-- This site is optimized with the Yoast SEO plugin v27.4 - https:\/\/yoast.com\/product\/yoast-seo-wordpress\/ -->\n<title>Flower Thief Vaasje Delfts Blauw<\/title>\n<meta name=\"description\" content=\"Breng stijl \u00e9n plezier in je interieur met dit Flower Thief Vaasje Delfts Blauw. Bestel hem nu bij Funfetti.shop en geef jouw bloemetjes een podium dat past bij design \u00e9n durf.\" \/>\n<meta name=\"robots\" content=\"index, follow, max-snippet:-1, max-image-preview:large, max-video-preview:-1\" \/>\n<link rel=\"canonical\" href=\"https:\/\/www.funfetti.shop\/fr\/produit\/vase-voleur-de-fleurs-delft-bleu\/\" \/>\n<meta property=\"og:locale\" content=\"fr_FR\" \/>\n<meta property=\"og:type\" content=\"article\" \/>\n<meta property=\"og:title\" content=\"Flower Thief Vaasje Delfts Blauw\" \/>\n<meta property=\"og:description\" content=\"Breng stijl \u00e9n plezier in je interieur met dit Flower Thief Vaasje Delfts Blauw. Bestel hem nu bij Funfetti.shop en geef jouw bloemetjes een podium dat past bij design \u00e9n durf.\" \/>\n<meta property=\"og:url\" content=\"https:\/\/www.funfetti.shop\/fr\/produit\/vase-voleur-de-fleurs-delft-bleu\/\" \/>\n<meta property=\"og:site_name\" content=\"FunFetti\" \/>\n<meta property=\"article:publisher\" content=\"https:\/\/www.facebook.com\/funfetti.shop\" \/>\n<meta property=\"article:modified_time\" content=\"2026-03-12T16:56:13+00:00\" \/>\n<meta property=\"og:image\" content=\"https:\/\/www.funfetti.shop\/wp-content\/uploads\/2023\/03\/Flower-thief-delfts-blauw-9.jpg\" \/>\n\t<meta property=\"og:image:width\" content=\"600\" \/>\n\t<meta property=\"og:image:height\" content=\"1067\" \/>\n\t<meta property=\"og:image:type\" content=\"image\/jpeg\" \/>\n<meta name=\"twitter:card\" content=\"summary_large_image\" \/>\n<meta name=\"twitter:label1\" content=\"Dur\u00e9e de lecture estim\u00e9e\" \/>\n\t<meta name=\"twitter:data1\" content=\"1 minute\" \/>\n<script type=\"application\/ld+json\" class=\"yoast-schema-graph\">{\"@context\":\"https:\\\/\\\/schema.org\",\"@graph\":[{\"@type\":\"WebPage\",\"@id\":\"https:\\\/\\\/www.funfetti.shop\\\/product\\\/flower-thief-vaasje-delfts-blauw\\\/\",\"url\":\"https:\\\/\\\/www.funfetti.shop\\\/product\\\/flower-thief-vaasje-delfts-blauw\\\/\",\"name\":\"Flower Thief Vaasje Delfts Blauw\",\"isPartOf\":{\"@id\":\"https:\\\/\\\/www.funfetti.shop\\\/#website\"},\"primaryImageOfPage\":{\"@id\":\"https:\\\/\\\/www.funfetti.shop\\\/product\\\/flower-thief-vaasje-delfts-blauw\\\/#primaryimage\"},\"image\":{\"@id\":\"https:\\\/\\\/www.funfetti.shop\\\/product\\\/flower-thief-vaasje-delfts-blauw\\\/#primaryimage\"},\"thumbnailUrl\":\"https:\\\/\\\/www.funfetti.shop\\\/wp-content\\\/uploads\\\/2023\\\/03\\\/Flower-thief-delfts-blauw-9.jpg\",\"datePublished\":\"2023-03-03T15:59:58+00:00\",\"dateModified\":\"2026-03-12T16:56:13+00:00\",\"description\":\"Breng stijl \u00e9n plezier in je interieur met dit Flower Thief Vaasje Delfts Blauw. Bestel hem nu bij Funfetti.shop en geef jouw bloemetjes een podium dat past bij design \u00e9n durf.\",\"breadcrumb\":{\"@id\":\"https:\\\/\\\/www.funfetti.shop\\\/product\\\/flower-thief-vaasje-delfts-blauw\\\/#breadcrumb\"},\"inLanguage\":\"fr-FR\",\"potentialAction\":[{\"@type\":\"ReadAction\",\"target\":[\"https:\\\/\\\/www.funfetti.shop\\\/product\\\/flower-thief-vaasje-delfts-blauw\\\/\"]}]},{\"@type\":\"ImageObject\",\"inLanguage\":\"fr-FR\",\"@id\":\"https:\\\/\\\/www.funfetti.shop\\\/product\\\/flower-thief-vaasje-delfts-blauw\\\/#primaryimage\",\"url\":\"https:\\\/\\\/www.funfetti.shop\\\/wp-content\\\/uploads\\\/2023\\\/03\\\/Flower-thief-delfts-blauw-9.jpg\",\"contentUrl\":\"https:\\\/\\\/www.funfetti.shop\\\/wp-content\\\/uploads\\\/2023\\\/03\\\/Flower-thief-delfts-blauw-9.jpg\",\"width\":600,\"height\":1067,\"caption\":\"Flower Thief - Delft Blue - Jasmin Djerzic\"},{\"@type\":\"BreadcrumbList\",\"@id\":\"https:\\\/\\\/www.funfetti.shop\\\/product\\\/flower-thief-vaasje-delfts-blauw\\\/#breadcrumb\",\"itemListElement\":[{\"@type\":\"ListItem\",\"position\":1,\"name\":\"Home\",\"item\":\"https:\\\/\\\/www.funfetti.shop\\\/\"},{\"@type\":\"ListItem\",\"position\":2,\"name\":\"Winkel\",\"item\":\"https:\\\/\\\/www.funfetti.shop\\\/winkel\\\/\"},{\"@type\":\"ListItem\",\"position\":3,\"name\":\"Flower Thief Vaasje Delfts Blauw\"}]},{\"@type\":\"WebSite\",\"@id\":\"https:\\\/\\\/www.funfetti.shop\\\/#website\",\"url\":\"https:\\\/\\\/www.funfetti.shop\\\/\",\"name\":\"FunFetti\",\"description\":\"a curated mix of gifts, home d\u00e9cor and design\",\"publisher\":{\"@id\":\"https:\\\/\\\/www.funfetti.shop\\\/#organization\"},\"potentialAction\":[{\"@type\":\"SearchAction\",\"target\":{\"@type\":\"EntryPoint\",\"urlTemplate\":\"https:\\\/\\\/www.funfetti.shop\\\/?s={search_term_string}\"},\"query-input\":{\"@type\":\"PropertyValueSpecification\",\"valueRequired\":true,\"valueName\":\"search_term_string\"}}],\"inLanguage\":\"fr-FR\"},{\"@type\":\"Organization\",\"@id\":\"https:\\\/\\\/www.funfetti.shop\\\/#organization\",\"name\":\"FunFetti\",\"url\":\"https:\\\/\\\/www.funfetti.shop\\\/\",\"logo\":{\"@type\":\"ImageObject\",\"inLanguage\":\"fr-FR\",\"@id\":\"https:\\\/\\\/www.funfetti.shop\\\/#\\\/schema\\\/logo\\\/image\\\/\",\"url\":\"https:\\\/\\\/i0.wp.com\\\/www.funfetti.shop\\\/wp-content\\\/uploads\\\/2021\\\/11\\\/cropped-LOGO-WP-2021.png?fit=2000%2C171&ssl=1\",\"contentUrl\":\"https:\\\/\\\/i0.wp.com\\\/www.funfetti.shop\\\/wp-content\\\/uploads\\\/2021\\\/11\\\/cropped-LOGO-WP-2021.png?fit=2000%2C171&ssl=1\",\"width\":2000,\"height\":171,\"caption\":\"FunFetti\"},\"image\":{\"@id\":\"https:\\\/\\\/www.funfetti.shop\\\/#\\\/schema\\\/logo\\\/image\\\/\"},\"sameAs\":[\"https:\\\/\\\/www.facebook.com\\\/funfetti.shop\",\"https:\\\/\\\/www.instagram.com\\\/funfetti.shop\\\/\",\"https:\\\/\\\/nl.pinterest.com\\\/funfettiforever\\\/\"]}]}<\/script>\n<!-- \/ Yoast SEO plugin. -->","yoast_head_json":{"title":"Vase Voleur de fleurs Bleu de Delft","description":"Apportez du style et de la fantaisie \u00e0 votre int\u00e9rieur avec ce Vase Voleur de Fleurs Delft Blue. Commandez-le d\u00e8s maintenant sur Funfetti.shop et offrez \u00e0 vos fleurs une sc\u00e8ne \u00e0 la hauteur du design et de l'audace.","robots":{"index":"index","follow":"follow","max-snippet":"max-snippet:-1","max-image-preview":"max-image-preview:large","max-video-preview":"max-video-preview:-1"},"canonical":"https:\/\/www.funfetti.shop\/fr\/produit\/vase-voleur-de-fleurs-delft-bleu\/","og_locale":"fr_FR","og_type":"article","og_title":"Flower Thief Vaasje Delfts Blauw","og_description":"Breng stijl \u00e9n plezier in je interieur met dit Flower Thief Vaasje Delfts Blauw. Bestel hem nu bij Funfetti.shop en geef jouw bloemetjes een podium dat past bij design \u00e9n durf.","og_url":"https:\/\/www.funfetti.shop\/fr\/produit\/vase-voleur-de-fleurs-delft-bleu\/","og_site_name":"FunFetti","article_publisher":"https:\/\/www.facebook.com\/funfetti.shop","article_modified_time":"2026-03-12T16:56:13+00:00","og_image":[{"width":600,"height":1067,"url":"https:\/\/www.funfetti.shop\/wp-content\/uploads\/2023\/03\/Flower-thief-delfts-blauw-9.jpg","type":"image\/jpeg"}],"twitter_card":"summary_large_image","twitter_misc":{"Dur\u00e9e de lecture estim\u00e9e":"1 minute"},"schema":{"@context":"https:\/\/schema.org","@graph":[{"@type":"WebPage","@id":"https:\/\/www.funfetti.shop\/product\/flower-thief-vaasje-delfts-blauw\/","url":"https:\/\/www.funfetti.shop\/product\/flower-thief-vaasje-delfts-blauw\/","name":"Vase Voleur de fleurs Bleu de Delft","isPartOf":{"@id":"https:\/\/www.funfetti.shop\/#website"},"primaryImageOfPage":{"@id":"https:\/\/www.funfetti.shop\/product\/flower-thief-vaasje-delfts-blauw\/#primaryimage"},"image":{"@id":"https:\/\/www.funfetti.shop\/product\/flower-thief-vaasje-delfts-blauw\/#primaryimage"},"thumbnailUrl":"https:\/\/www.funfetti.shop\/wp-content\/uploads\/2023\/03\/Flower-thief-delfts-blauw-9.jpg","datePublished":"2023-03-03T15:59:58+00:00","dateModified":"2026-03-12T16:56:13+00:00","description":"Apportez du style et de la fantaisie \u00e0 votre int\u00e9rieur avec ce Vase Voleur de Fleurs Delft Blue. Commandez-le d\u00e8s maintenant sur Funfetti.shop et offrez \u00e0 vos fleurs une sc\u00e8ne \u00e0 la hauteur du design et de l'audace.","breadcrumb":{"@id":"https:\/\/www.funfetti.shop\/product\/flower-thief-vaasje-delfts-blauw\/#breadcrumb"},"inLanguage":"fr-FR","potentialAction":[{"@type":"ReadAction","target":["https:\/\/www.funfetti.shop\/product\/flower-thief-vaasje-delfts-blauw\/"]}]},{"@type":"ImageObject","inLanguage":"fr-FR","@id":"https:\/\/www.funfetti.shop\/product\/flower-thief-vaasje-delfts-blauw\/#primaryimage","url":"https:\/\/www.funfetti.shop\/wp-content\/uploads\/2023\/03\/Flower-thief-delfts-blauw-9.jpg","contentUrl":"https:\/\/www.funfetti.shop\/wp-content\/uploads\/2023\/03\/Flower-thief-delfts-blauw-9.jpg","width":600,"height":1067,"caption":"Flower Thief - Delft Blue - Jasmin Djerzic"},{"@type":"BreadcrumbList","@id":"https:\/\/www.funfetti.shop\/product\/flower-thief-vaasje-delfts-blauw\/#breadcrumb","itemListElement":[{"@type":"ListItem","position":1,"name":"Home","item":"https:\/\/www.funfetti.shop\/"},{"@type":"ListItem","position":2,"name":"Winkel","item":"https:\/\/www.funfetti.shop\/winkel\/"},{"@type":"ListItem","position":3,"name":"Flower Thief Vaasje Delfts Blauw"}]},{"@type":"WebSite","@id":"https:\/\/www.funfetti.shop\/#website","url":"https:\/\/www.funfetti.shop\/","name":"FunFetti","description":"un m\u00e9lange de cadeaux, de d\u00e9coration d'int\u00e9rieur et de design","publisher":{"@id":"https:\/\/www.funfetti.shop\/#organization"},"potentialAction":[{"@type":"SearchAction","target":{"@type":"EntryPoint","urlTemplate":"https:\/\/www.funfetti.shop\/?s={search_term_string}"},"query-input":{"@type":"PropertyValueSpecification","valueRequired":true,"valueName":"search_term_string"}}],"inLanguage":"fr-FR"},{"@type":"Organization","@id":"https:\/\/www.funfetti.shop\/#organization","name":"FunFetti","url":"https:\/\/www.funfetti.shop\/","logo":{"@type":"ImageObject","inLanguage":"fr-FR","@id":"https:\/\/www.funfetti.shop\/#\/schema\/logo\/image\/","url":"https:\/\/i0.wp.com\/www.funfetti.shop\/wp-content\/uploads\/2021\/11\/cropped-LOGO-WP-2021.png?fit=2000%2C171&ssl=1","contentUrl":"https:\/\/i0.wp.com\/www.funfetti.shop\/wp-content\/uploads\/2021\/11\/cropped-LOGO-WP-2021.png?fit=2000%2C171&ssl=1","width":2000,"height":171,"caption":"FunFetti"},"image":{"@id":"https:\/\/www.funfetti.shop\/#\/schema\/logo\/image\/"},"sameAs":["https:\/\/www.facebook.com\/funfetti.shop","https:\/\/www.instagram.com\/funfetti.shop\/","https:\/\/nl.pinterest.com\/funfettiforever\/"]}]}},"jetpack_publicize_connections":[],"jetpack_sharing_enabled":true,"_links":{"self":[{"href":"https:\/\/www.funfetti.shop\/fr\/wp-json\/wp\/v2\/product\/5952","targetHints":{"allow":["GET"]}}],"collection":[{"href":"https:\/\/www.funfetti.shop\/fr\/wp-json\/wp\/v2\/product"}],"about":[{"href":"https:\/\/www.funfetti.shop\/fr\/wp-json\/wp\/v2\/types\/product"}],"wp:featuredmedia":[{"embeddable":true,"href":"https:\/\/www.funfetti.shop\/fr\/wp-json\/wp\/v2\/media\/10080"}],"wp:attachment":[{"href":"https:\/\/www.funfetti.shop\/fr\/wp-json\/wp\/v2\/media?parent=5952"}],"wp:term":[{"taxonomy":"product_brand","embeddable":true,"href":"https:\/\/www.funfetti.shop\/fr\/wp-json\/wp\/v2\/product_brand?post=5952"},{"taxonomy":"product_cat","embeddable":true,"href":"https:\/\/www.funfetti.shop\/fr\/wp-json\/wp\/v2\/product_cat?post=5952"},{"taxonomy":"product_tag","embeddable":true,"href":"https:\/\/www.funfetti.shop\/fr\/wp-json\/wp\/v2\/product_tag?post=5952"}],"curies":[{"name":"wp","href":"https:\/\/api.w.org\/{rel}","templated":true}]}}