{"id":6057,"date":"2023-03-24T15:35:08","date_gmt":"2023-03-24T15:35:08","guid":{"rendered":"https:\/\/www.funfetti.shop\/?post_type=product&#038;p=6057"},"modified":"2026-04-01T15:06:44","modified_gmt":"2026-04-01T15:06:44","slug":"plinthe-dangle","status":"publish","type":"product","link":"https:\/\/www.funfetti.shop\/fr\/product\/roomplank-corner\/","title":{"rendered":"\u00c9tag\u00e8re murale Boschroom d'angle blanche"},"content":{"rendered":"<h3 data-section-id=\"3fjp07\" data-start=\"1695\" data-end=\"1748\">\u00c9tag\u00e8re murale Boschroom d'angle blanche<\/h3>\n<p data-start=\"1750\" data-end=\"1809\"><strong data-start=\"1750\" data-end=\"1809\">Comme si une petite \u0153uvre d'art poussait soudainement de votre mur.<\/strong><\/p>\n<p data-start=\"1811\" data-end=\"2109\">L'\u00e9tag\u00e8re murale d'angle De Boschroom blanche donne une touche ludique et sculpturale \u00e0 un objet aussi banal qu'une \u00e9tag\u00e8re murale. Pas de forme droite et pr\u00e9visible, mais un objet qui procure une agr\u00e9able surprise dans la maison. Comme si le design et l'imagination s'\u00e9taient rencontr\u00e9s dans le coin de votre mur.<\/p>\n<p data-start=\"2111\" data-end=\"2420\">La forme organique s'inspire des champignons et des moisissures de la nature, avec un clin d'\u0153il subtil au monde merveilleux de J\u00e9r\u00f4me Bosch. Cela donne \u00e0 cette \u00e9tag\u00e8re une sensation douce, particuli\u00e8re et surprenante \u00e0 la fois. Vous l'utilisez comme une \u00e9tag\u00e8re, mais c'est en r\u00e9alit\u00e9 tout autant un objet design en soi.<\/p>\n<p data-start=\"2422\" data-end=\"2648\">Parfait pour un petit vase, un objet de caract\u00e8re ou une jolie chose qui m\u00e9rite d'\u00eatre vue.<\/p>\n<p data-section-id=\"1dhqvak\" data-start=\"2650\" data-end=\"2667\"><strong><em>Sp\u00e9cifications :<\/em><\/strong><\/p>\n<ul data-start=\"2669\" data-end=\"3252\">\n<li data-section-id=\"jgdmgw\" data-start=\"2669\" data-end=\"2704\"><strong><em>\u00c9tag\u00e8re d'angle Boschroom<\/em><\/strong><\/li>\n<li data-section-id=\"10se7r9\" data-start=\"2705\" data-end=\"2776\"><strong><em>Mat\u00e9riaux : C\u00e9ramique \/ Poterie<\/em><\/strong><\/li>\n<li data-section-id=\"e2eb4d\" data-start=\"2777\" data-end=\"2844\"><strong><em>Couleur : blanc<\/em><\/strong><\/li>\n<li data-section-id=\"15cm4ra\" data-start=\"2845\" data-end=\"2914\"><strong><em>Dimensions : 34 x 15 x 15 cm<\/em><\/strong><\/li>\n<li data-section-id=\"19ak8f3\" data-start=\"2915\" data-end=\"3027\"><strong><em>Fabriqu\u00e9 \u00e0 la main: peut contenir de l\u00e9g\u00e8res imperfections<\/em><\/strong><\/li>\n<li><strong><em>Fabriqu\u00e9 \u00e0 Bois-le-Duc<\/em><\/strong><\/li>\n<li data-section-id=\"8z31y9\" data-start=\"3028\" data-end=\"3130\"><strong><em>Facile \u00e0 accrocher gr\u00e2ce aux ouvertures \u00e0 l'arri\u00e8re<\/em><\/strong><\/li>\n<li data-section-id=\"xn0huc\" data-start=\"3131\" data-end=\"3195\"><strong><em>Conception : David Derksen<\/em><\/strong><\/li>\n<li data-section-id=\"q9cf37\" data-start=\"3196\" data-end=\"3252\"><strong><em>Marque : <a href=\"https:\/\/www.funfetti.shop\/fr\/categorie-produit-2\/marques-2\/cor-unum\/\">Cor Unum<\/a><\/em><\/strong><\/li>\n<\/ul>\n<hr \/>\n<p data-start=\"3254\" data-end=\"3383\"><strong data-start=\"3254\" data-end=\"3271\">Astuce FunFetti :<\/strong> Ne la surchargez pas. C'est pr\u00e9cis\u00e9ment avec un bel objet dessus que la forme sculpturale ressort le mieux.<\/p>\n<hr \/>\n<p>&nbsp;<\/p>","protected":false},"excerpt":{"rendered":"<p data-start=\"1449\" data-end=\"1471\"><strong data-start=\"1449\" data-end=\"1471\">Pourquoi vous voulez \u00e7a<\/strong><\/p>\n<ul data-start=\"1473\" data-end=\"1688\">\n<li data-section-id=\"1qm7we8\" data-start=\"1473\" data-end=\"1513\">Parce que c'est bien plus qu'une \u00e9tag\u00e8re<\/li>\n<li data-section-id=\"15pb93z\" data-start=\"1514\" data-end=\"1573\">Parce que l'art et la fonctionnalit\u00e9 se marient \u00e0 merveille ici<\/li>\n<li data-section-id=\"wu6gvf\" data-start=\"1574\" data-end=\"1628\">Parce qu'un coin oubli\u00e9 devient soudain une d\u00e9claration<\/li>\n<li data-section-id=\"fmnsb\" data-start=\"1629\" data-end=\"1688\">Parce que votre maison m\u00e9rite parfois juste un objet particulier<\/li>\n<\/ul>","protected":false},"featured_media":10131,"template":"","meta":{"neve_meta_sidebar":"","neve_meta_container":"","neve_meta_enable_content_width":"off","neve_meta_content_width":100,"neve_meta_title_alignment":"","neve_meta_author_avatar":"","neve_post_elements_order":"","neve_meta_disable_header":"","neve_meta_disable_footer":"","neve_meta_disable_title":"","neve_meta_reading_time":"","jetpack_publicize_message":"","jetpack_publicize_feature_enabled":true,"jetpack_social_post_already_shared":false,"jetpack_social_options":{"image_generator_settings":{"template":"highway","default_image_id":0,"font":"","enabled":false},"version":2}},"product_brand":[],"product_cat":[15,779,466,678,677,22,30,37,31,710,23],"product_tag":[441,661,134,662,103],"class_list":{"0":"post-6057","1":"product","2":"type-product","3":"status-publish","4":"has-post-thumbnail","6":"product_cat-allefun","7":"product_cat-art-wall","8":"product_cat-cor-unum","9":"product_cat-dutch-design","10":"product_cat-fundesign","11":"product_cat-funliving","12":"product_cat-keramiek","13":"product_cat-kids","14":"product_cat-opbergen","15":"product_cat-verantwoord-design","16":"product_cat-woondecoratie","17":"product_tag-cor-unum","18":"product_tag-david-derksen","19":"product_tag-keramiek","20":"product_tag-wandplank","21":"product_tag-wit","22":"product_shipping_class-pakket-met-track-en-trace","24":"first","25":"instock","26":"taxable","27":"shipping-taxable","28":"purchasable","29":"product-type-simple"},"yoast_head":"<!-- This site is optimized with the Yoast SEO plugin v27.4 - https:\/\/yoast.com\/product\/yoast-seo-wordpress\/ -->\n<title>Boschroom wandplank corner wit van David Derksen<\/title>\n<meta name=\"description\" content=\"De Boschroom wandplank corner wit geeft een speelse en sculpturale draai aan iets alledaags als een wandplank. Perfect voor een kleine vaas, een bijzonder object of iets moois dat gezien mag worden.\" \/>\n<meta name=\"robots\" content=\"index, follow, max-snippet:-1, max-image-preview:large, max-video-preview:-1\" \/>\n<link rel=\"canonical\" href=\"https:\/\/www.funfetti.shop\/fr\/produit\/plinthe-dangle\/\" \/>\n<meta property=\"og:locale\" content=\"fr_FR\" \/>\n<meta property=\"og:type\" content=\"article\" \/>\n<meta property=\"og:title\" content=\"Boschroom wandplank corner wit van David Derksen\" \/>\n<meta property=\"og:description\" content=\"De Boschroom wandplank corner wit geeft een speelse en sculpturale draai aan iets alledaags als een wandplank. Perfect voor een kleine vaas, een bijzonder object of iets moois dat gezien mag worden.\" \/>\n<meta property=\"og:url\" content=\"https:\/\/www.funfetti.shop\/fr\/produit\/plinthe-dangle\/\" \/>\n<meta property=\"og:site_name\" content=\"FunFetti\" \/>\n<meta property=\"article:publisher\" content=\"https:\/\/www.facebook.com\/funfetti.shop\" \/>\n<meta property=\"article:modified_time\" content=\"2026-04-01T15:06:44+00:00\" \/>\n<meta property=\"og:image\" content=\"https:\/\/www.funfetti.shop\/wp-content\/uploads\/2023\/03\/Roomplank-rond-6.jpg\" \/>\n\t<meta property=\"og:image:width\" content=\"600\" \/>\n\t<meta property=\"og:image:height\" content=\"1067\" \/>\n\t<meta property=\"og:image:type\" content=\"image\/jpeg\" \/>\n<meta name=\"twitter:card\" content=\"summary_large_image\" \/>\n<meta name=\"twitter:label1\" content=\"Dur\u00e9e de lecture estim\u00e9e\" \/>\n\t<meta name=\"twitter:data1\" content=\"2 minutes\" \/>\n<script type=\"application\/ld+json\" class=\"yoast-schema-graph\">{\"@context\":\"https:\\\/\\\/schema.org\",\"@graph\":[{\"@type\":\"WebPage\",\"@id\":\"https:\\\/\\\/www.funfetti.shop\\\/product\\\/roomplank-corner\\\/\",\"url\":\"https:\\\/\\\/www.funfetti.shop\\\/product\\\/roomplank-corner\\\/\",\"name\":\"Boschroom wandplank corner wit van David Derksen\",\"isPartOf\":{\"@id\":\"https:\\\/\\\/www.funfetti.shop\\\/#website\"},\"primaryImageOfPage\":{\"@id\":\"https:\\\/\\\/www.funfetti.shop\\\/product\\\/roomplank-corner\\\/#primaryimage\"},\"image\":{\"@id\":\"https:\\\/\\\/www.funfetti.shop\\\/product\\\/roomplank-corner\\\/#primaryimage\"},\"thumbnailUrl\":\"https:\\\/\\\/www.funfetti.shop\\\/wp-content\\\/uploads\\\/2023\\\/03\\\/Roomplank-rond-6.jpg\",\"datePublished\":\"2023-03-24T15:35:08+00:00\",\"dateModified\":\"2026-04-01T15:06:44+00:00\",\"description\":\"De Boschroom wandplank corner wit geeft een speelse en sculpturale draai aan iets alledaags als een wandplank. Perfect voor een kleine vaas, een bijzonder object of iets moois dat gezien mag worden.\",\"breadcrumb\":{\"@id\":\"https:\\\/\\\/www.funfetti.shop\\\/product\\\/roomplank-corner\\\/#breadcrumb\"},\"inLanguage\":\"fr-FR\",\"potentialAction\":[{\"@type\":\"ReadAction\",\"target\":[\"https:\\\/\\\/www.funfetti.shop\\\/product\\\/roomplank-corner\\\/\"]}]},{\"@type\":\"ImageObject\",\"inLanguage\":\"fr-FR\",\"@id\":\"https:\\\/\\\/www.funfetti.shop\\\/product\\\/roomplank-corner\\\/#primaryimage\",\"url\":\"https:\\\/\\\/www.funfetti.shop\\\/wp-content\\\/uploads\\\/2023\\\/03\\\/Roomplank-rond-6.jpg\",\"contentUrl\":\"https:\\\/\\\/www.funfetti.shop\\\/wp-content\\\/uploads\\\/2023\\\/03\\\/Roomplank-rond-6.jpg\",\"width\":600,\"height\":1067,\"caption\":\"Boschroom - David Derksen - Cor Unum\"},{\"@type\":\"BreadcrumbList\",\"@id\":\"https:\\\/\\\/www.funfetti.shop\\\/product\\\/roomplank-corner\\\/#breadcrumb\",\"itemListElement\":[{\"@type\":\"ListItem\",\"position\":1,\"name\":\"Home\",\"item\":\"https:\\\/\\\/www.funfetti.shop\\\/\"},{\"@type\":\"ListItem\",\"position\":2,\"name\":\"Winkel\",\"item\":\"https:\\\/\\\/www.funfetti.shop\\\/winkel\\\/\"},{\"@type\":\"ListItem\",\"position\":3,\"name\":\"Boschroom wandplank corner wit\"}]},{\"@type\":\"WebSite\",\"@id\":\"https:\\\/\\\/www.funfetti.shop\\\/#website\",\"url\":\"https:\\\/\\\/www.funfetti.shop\\\/\",\"name\":\"FunFetti\",\"description\":\"a curated mix of gifts, home d\u00e9cor and design\",\"publisher\":{\"@id\":\"https:\\\/\\\/www.funfetti.shop\\\/#organization\"},\"potentialAction\":[{\"@type\":\"SearchAction\",\"target\":{\"@type\":\"EntryPoint\",\"urlTemplate\":\"https:\\\/\\\/www.funfetti.shop\\\/?s={search_term_string}\"},\"query-input\":{\"@type\":\"PropertyValueSpecification\",\"valueRequired\":true,\"valueName\":\"search_term_string\"}}],\"inLanguage\":\"fr-FR\"},{\"@type\":\"Organization\",\"@id\":\"https:\\\/\\\/www.funfetti.shop\\\/#organization\",\"name\":\"FunFetti\",\"url\":\"https:\\\/\\\/www.funfetti.shop\\\/\",\"logo\":{\"@type\":\"ImageObject\",\"inLanguage\":\"fr-FR\",\"@id\":\"https:\\\/\\\/www.funfetti.shop\\\/#\\\/schema\\\/logo\\\/image\\\/\",\"url\":\"https:\\\/\\\/i0.wp.com\\\/www.funfetti.shop\\\/wp-content\\\/uploads\\\/2021\\\/11\\\/cropped-LOGO-WP-2021.png?fit=2000%2C171&ssl=1\",\"contentUrl\":\"https:\\\/\\\/i0.wp.com\\\/www.funfetti.shop\\\/wp-content\\\/uploads\\\/2021\\\/11\\\/cropped-LOGO-WP-2021.png?fit=2000%2C171&ssl=1\",\"width\":2000,\"height\":171,\"caption\":\"FunFetti\"},\"image\":{\"@id\":\"https:\\\/\\\/www.funfetti.shop\\\/#\\\/schema\\\/logo\\\/image\\\/\"},\"sameAs\":[\"https:\\\/\\\/www.facebook.com\\\/funfetti.shop\",\"https:\\\/\\\/www.instagram.com\\\/funfetti.shop\\\/\",\"https:\\\/\\\/nl.pinterest.com\\\/funfettiforever\\\/\"]}]}<\/script>\n<!-- \/ Yoast SEO plugin. -->","yoast_head_json":{"title":"\u00c9tag\u00e8re d'angle Boschroom blanche par David Derksen","description":"L'\u00e9tag\u00e8re murale d'angle blanche De Boschroom apporte une touche ludique et sculpturale \u00e0 un objet aussi banal qu'une \u00e9tag\u00e8re. Parfaite pour un petit vase, un objet particulier ou quelque chose de beau qui m\u00e9rite d'\u00eatre vu.","robots":{"index":"index","follow":"follow","max-snippet":"max-snippet:-1","max-image-preview":"max-image-preview:large","max-video-preview":"max-video-preview:-1"},"canonical":"https:\/\/www.funfetti.shop\/fr\/produit\/plinthe-dangle\/","og_locale":"fr_FR","og_type":"article","og_title":"Boschroom wandplank corner wit van David Derksen","og_description":"De Boschroom wandplank corner wit geeft een speelse en sculpturale draai aan iets alledaags als een wandplank. Perfect voor een kleine vaas, een bijzonder object of iets moois dat gezien mag worden.","og_url":"https:\/\/www.funfetti.shop\/fr\/produit\/plinthe-dangle\/","og_site_name":"FunFetti","article_publisher":"https:\/\/www.facebook.com\/funfetti.shop","article_modified_time":"2026-04-01T15:06:44+00:00","og_image":[{"width":600,"height":1067,"url":"https:\/\/www.funfetti.shop\/wp-content\/uploads\/2023\/03\/Roomplank-rond-6.jpg","type":"image\/jpeg"}],"twitter_card":"summary_large_image","twitter_misc":{"Dur\u00e9e de lecture estim\u00e9e":"2 minutes"},"schema":{"@context":"https:\/\/schema.org","@graph":[{"@type":"WebPage","@id":"https:\/\/www.funfetti.shop\/product\/roomplank-corner\/","url":"https:\/\/www.funfetti.shop\/product\/roomplank-corner\/","name":"\u00c9tag\u00e8re d'angle Boschroom blanche par David Derksen","isPartOf":{"@id":"https:\/\/www.funfetti.shop\/#website"},"primaryImageOfPage":{"@id":"https:\/\/www.funfetti.shop\/product\/roomplank-corner\/#primaryimage"},"image":{"@id":"https:\/\/www.funfetti.shop\/product\/roomplank-corner\/#primaryimage"},"thumbnailUrl":"https:\/\/www.funfetti.shop\/wp-content\/uploads\/2023\/03\/Roomplank-rond-6.jpg","datePublished":"2023-03-24T15:35:08+00:00","dateModified":"2026-04-01T15:06:44+00:00","description":"L'\u00e9tag\u00e8re murale d'angle blanche De Boschroom apporte une touche ludique et sculpturale \u00e0 un objet aussi banal qu'une \u00e9tag\u00e8re. Parfaite pour un petit vase, un objet particulier ou quelque chose de beau qui m\u00e9rite d'\u00eatre vu.","breadcrumb":{"@id":"https:\/\/www.funfetti.shop\/product\/roomplank-corner\/#breadcrumb"},"inLanguage":"fr-FR","potentialAction":[{"@type":"ReadAction","target":["https:\/\/www.funfetti.shop\/product\/roomplank-corner\/"]}]},{"@type":"ImageObject","inLanguage":"fr-FR","@id":"https:\/\/www.funfetti.shop\/product\/roomplank-corner\/#primaryimage","url":"https:\/\/www.funfetti.shop\/wp-content\/uploads\/2023\/03\/Roomplank-rond-6.jpg","contentUrl":"https:\/\/www.funfetti.shop\/wp-content\/uploads\/2023\/03\/Roomplank-rond-6.jpg","width":600,"height":1067,"caption":"Boschroom - David Derksen - Cor Unum"},{"@type":"BreadcrumbList","@id":"https:\/\/www.funfetti.shop\/product\/roomplank-corner\/#breadcrumb","itemListElement":[{"@type":"ListItem","position":1,"name":"Home","item":"https:\/\/www.funfetti.shop\/"},{"@type":"ListItem","position":2,"name":"Winkel","item":"https:\/\/www.funfetti.shop\/winkel\/"},{"@type":"ListItem","position":3,"name":"Boschroom wandplank corner wit"}]},{"@type":"WebSite","@id":"https:\/\/www.funfetti.shop\/#website","url":"https:\/\/www.funfetti.shop\/","name":"FunFetti","description":"un m\u00e9lange de cadeaux, de d\u00e9coration d'int\u00e9rieur et de design","publisher":{"@id":"https:\/\/www.funfetti.shop\/#organization"},"potentialAction":[{"@type":"SearchAction","target":{"@type":"EntryPoint","urlTemplate":"https:\/\/www.funfetti.shop\/?s={search_term_string}"},"query-input":{"@type":"PropertyValueSpecification","valueRequired":true,"valueName":"search_term_string"}}],"inLanguage":"fr-FR"},{"@type":"Organization","@id":"https:\/\/www.funfetti.shop\/#organization","name":"FunFetti","url":"https:\/\/www.funfetti.shop\/","logo":{"@type":"ImageObject","inLanguage":"fr-FR","@id":"https:\/\/www.funfetti.shop\/#\/schema\/logo\/image\/","url":"https:\/\/i0.wp.com\/www.funfetti.shop\/wp-content\/uploads\/2021\/11\/cropped-LOGO-WP-2021.png?fit=2000%2C171&ssl=1","contentUrl":"https:\/\/i0.wp.com\/www.funfetti.shop\/wp-content\/uploads\/2021\/11\/cropped-LOGO-WP-2021.png?fit=2000%2C171&ssl=1","width":2000,"height":171,"caption":"FunFetti"},"image":{"@id":"https:\/\/www.funfetti.shop\/#\/schema\/logo\/image\/"},"sameAs":["https:\/\/www.facebook.com\/funfetti.shop","https:\/\/www.instagram.com\/funfetti.shop\/","https:\/\/nl.pinterest.com\/funfettiforever\/"]}]}},"jetpack_publicize_connections":[],"jetpack_sharing_enabled":true,"_links":{"self":[{"href":"https:\/\/www.funfetti.shop\/fr\/wp-json\/wp\/v2\/product\/6057","targetHints":{"allow":["GET"]}}],"collection":[{"href":"https:\/\/www.funfetti.shop\/fr\/wp-json\/wp\/v2\/product"}],"about":[{"href":"https:\/\/www.funfetti.shop\/fr\/wp-json\/wp\/v2\/types\/product"}],"wp:featuredmedia":[{"embeddable":true,"href":"https:\/\/www.funfetti.shop\/fr\/wp-json\/wp\/v2\/media\/10131"}],"wp:attachment":[{"href":"https:\/\/www.funfetti.shop\/fr\/wp-json\/wp\/v2\/media?parent=6057"}],"wp:term":[{"taxonomy":"product_brand","embeddable":true,"href":"https:\/\/www.funfetti.shop\/fr\/wp-json\/wp\/v2\/product_brand?post=6057"},{"taxonomy":"product_cat","embeddable":true,"href":"https:\/\/www.funfetti.shop\/fr\/wp-json\/wp\/v2\/product_cat?post=6057"},{"taxonomy":"product_tag","embeddable":true,"href":"https:\/\/www.funfetti.shop\/fr\/wp-json\/wp\/v2\/product_tag?post=6057"}],"curies":[{"name":"wp","href":"https:\/\/api.w.org\/{rel}","templated":true}]}}